{"id":9925,"date":"1970-01-01T00:00:00","date_gmt":"1970-01-01T00:00:00","guid":{"rendered":"https:\/\/elfsight.com\/fr\/?page_id=9925"},"modified":"2025-07-10T13:09:26","modified_gmt":"2025-07-10T13:09:26","slug":"woocommerce","status":"publish","type":"page","link":"https:\/\/elfsight.com\/fr\/qr-code-widget\/woocommerce\/","title":{"rendered":"QR Code &#8211; WooCommerce"},"content":{"rendered":"<div class=\"application-platform-content-item-description application-platform-content-item\" id=\"description\" data-nav-section=\"description\"> <h2>Description<\/h2> <p>Elfsight QR Code est un plugin remarquable pour WooCommerce vous permettant de rediriger instantan\u00e9ment vos visiteurs vers n&rsquo;importe quelle page Web, de partager un lien, votre emplacement, votre e-mail, n&rsquo;importe quel fichier et plus encore. Le plugin est hautement r\u00e9glable\u00a0: vous pouvez ajouter un titre, une l\u00e9gende, choisir l&rsquo;ic\u00f4ne et le type de logo les plus appropri\u00e9s \u00e0 l&rsquo;aide de notre biblioth\u00e8que ou prendre le v\u00f4tre, recolorer le texte, l&rsquo;arri\u00e8re-plan, le cadre et modifier la taille en fonction de votre site Web. Il ne reste plus qu&rsquo;\u00e0 commencer \u00e0 cr\u00e9er l&rsquo;outil &#8211; l&rsquo;installation est simple et ne n\u00e9cessitera aucune comp\u00e9tence en codage de votre part. <\/p> <p><b>Int\u00e9grez le plugin g\u00e9n\u00e9rateur de code QR dans votre page Web WooCommerce et redirigez les visiteurs directement l\u00e0 o\u00f9 vous le souhaitez et rationalisez l&rsquo;utilisation du contenu<\/b><\/p> <\/div> <div class=\"application-platform-content-item-features application-platform-content-item\" id=\"features\" data-nav-section=\"features\"> <h2>Voici quelques-unes des puissantes fonctionnalit\u00e9s du plugin\u00a0: <\/h2> <ul><li>Acc\u00e8s instantan\u00e9 \u00e0 votre contenu<\/li><li>Joindre n&rsquo;importe quel texte<\/li><li>Huit logos \u00e9changeables<\/li><li>Quinze ic\u00f4nes commutables disponibles<\/li><li>Repeignez toutes les parties du widget<\/li><\/ul><p><a href=\"#demo\">Vous pouvez v\u00e9rifier si le plugin est fait pour vous, essayez la d\u00e9mo<\/a><\/p> <\/div> <div class=\"application-platform-content-item-installation application-platform-content-item\" id=\"installation\" data-nav-section=\"installation\"> <h2>Comment int\u00e9grer le QR Code sur mon site WooCommerce\u00a0?<\/h2> <p> Suivez simplement les instructions ci-dessous pour int\u00e9grer le plugin. <\/p> <ol><li><b>Utilisez notre d\u00e9mo gratuite et commencez \u00e0 construire votre instrument unique. <\/b><br> Choisissez l&rsquo;apparence personnalis\u00e9e et les caract\u00e9ristiques fonctionnelles du plugin et appliquez les corrections. <\/li> <li><b>Acqu\u00e9rir le code personnel qui appara\u00eet dans la bo\u00eete sur les applications Elfsight. <\/b><br> Une fois la cr\u00e9ation de votre plugin termin\u00e9e, copiez le code exclusif dans la fen\u00eatre qui appara\u00eet et conservez-le pour un besoin ult\u00e9rieur. <\/li> <li><b>Entrez sur l&rsquo;utilisation du widget sur votre page d&rsquo;accueil WooCommerce. <\/b><br> Int\u00e9grez le code copi\u00e9 auparavant dans votre page et enregistrez les ajustements. <\/li> <li><b>Fait\u00a0! L&rsquo;int\u00e9gration est r\u00e9ussie. <\/b><br> Visitez votre page pour voir le travail de l&rsquo;outil. <\/li><\/ol> <p>Si vous rencontrez des probl\u00e8mes, n&rsquo;h\u00e9sitez pas \u00e0 faire appel \u00e0 notre \u00e9quipe d&rsquo;assistance. Nos consultants seront ravis de vous aider avec toutes les questions que vous pourriez avoir avec le produit. <\/p> <div class=\"faq\" data-component=\"FAQ\"><div class=\"faq-item\">\r\n\t\t\t\t\t<div class=\"faq-item-question\">\r\n\t\t\t\t\t\t<h3 class=\"faq-item-question-text\">De quelle mani\u00e8re puis-je int\u00e9grer un QR Code sur mon site WooCommerce sans exp\u00e9rience en codage ?<\/h3>\r\n\r\n\t\t\t\t\t\t<div class=\"faq-item-question-icon\"><\/div>\r\n\t\t\t\t\t<\/div>\r\n\r\n\t\t\t\t\t<div class=\"faq-item-answer\">\r\n\t\t\t\t\t\t<div class=\"faq-item-answer-text\"> <p>Elfsight propose une solution Cloud qui permet aux utilisateurs d&rsquo;\u00e9tablir vous-m\u00eame un plugin QR Code, voir le guide simple\u00a0: travaillez directement dans l&rsquo;\u00e9diteur en ligne pour cr\u00e9er une section de code QR que vous souhaitez inclure sur votre site WooCommerce. Choisissez l&rsquo;un des mod\u00e8les pr\u00e9d\u00e9finis et modifiez les param\u00e8tres du code QR, ajoutez votre contenu, modifiez la mise en page et les couleurs sans aucune comp\u00e9tence en codage. Cliquez pour enregistrer les param\u00e8tres que vous avez d\u00e9finis dans QR Code et copiez le code d&rsquo;installation qui peut \u00eatre inclus dans la page d&rsquo;accueil de WooCommerce sans acheter de version payante. En travaillant dans le configurateur convivial, tout utilisateur Web peut cr\u00e9er une section de code QR en ligne et la coller sur n&rsquo;importe quelle page d&rsquo;accueil de WooCommerce. Il n&rsquo;est pas n\u00e9cessaire de payer ou de divulguer les informations d&rsquo;identification de votre carte pour acc\u00e9der au service. Si vous rencontrez des probl\u00e8mes \u00e0 n&rsquo;importe quelle \u00e9tape, n&rsquo;h\u00e9sitez pas \u00e0 contacter notre \u00e9quipe d&rsquo;assistance.<\/p> <\/div>\r\n\t\t\t\t\t<\/div>\r\n\t\t\t\t<\/div> <\/div><\/div><!-- \/wp:html - &gt; \/wp:html -->","protected":false},"excerpt":{"rendered":"","protected":false},"author":9,"featured_media":0,"parent":2881,"menu_order":0,"comment_status":"closed","ping_status":"closed","template":"templates\/template-application-platform.php","meta":{"publish_to_discourse":"","publish_post_category":"","wpdc_auto_publish_overridden":"","wpdc_topic_tags":"","wpdc_pin_topic":"","wpdc_pin_until":"","discourse_post_id":"","discourse_permalink":"","wpdc_publishing_response":"","wpdc_publishing_error":"","footnotes":""},"class_list":["post-9925","page","type-page","status-publish","hentry"],"yoast_head":"<!-- This site is optimized with the Yoast SEO plugin v25.3.1 - https:\/\/yoast.com\/wordpress\/plugins\/seo\/ -->\n<title>QR Code \u2014 Ajoutez un g\u00e9n\u00e9rateur de code QR \u00e0 WooCommerce (gratuit et rapide)<\/title>\n<meta name=\"description\" content=\"Cr\u00e9ez facilement votre g\u00e9n\u00e9rateur de code QR personnalis\u00e9 pour la page Web WooCommerce. Utilisez simplement notre d\u00e9mo pratique et votre plugin sera cr\u00e9\u00e9 en moins de deux minutes.\" \/>\n<meta name=\"robots\" content=\"index, follow, max-snippet:-1, max-image-preview:large, max-video-preview:-1\" \/>\n<link rel=\"canonical\" href=\"https:\/\/elfsight.com\/fr\/qr-code-widget\/woocommerce\/\" \/>\n<meta property=\"og:locale\" content=\"fr_FR\" \/>\n<meta property=\"og:type\" content=\"article\" \/>\n<meta property=\"og:title\" content=\"QR Code \u2014 Ajoutez un g\u00e9n\u00e9rateur de code QR \u00e0 WooCommerce (gratuit et rapide)\" \/>\n<meta property=\"og:description\" content=\"Cr\u00e9ez facilement votre g\u00e9n\u00e9rateur de code QR personnalis\u00e9 pour la page Web WooCommerce. Utilisez simplement notre d\u00e9mo pratique et votre plugin sera cr\u00e9\u00e9 en moins de deux minutes.\" \/>\n<meta property=\"og:url\" content=\"https:\/\/elfsight.com\/fr\/qr-code-widget\/woocommerce\/\" \/>\n<meta property=\"og:site_name\" content=\"Elfsight FR\" \/>\n<meta property=\"article:modified_time\" content=\"2025-07-10T13:09:26+00:00\" \/>\n<meta name=\"twitter:card\" content=\"summary_large_image\" \/>\n<meta name=\"twitter:label1\" content=\"Dur\u00e9e de lecture estim\u00e9e\" \/>\n\t<meta name=\"twitter:data1\" content=\"3 minutes\" \/>\n<!-- \/ Yoast SEO plugin. -->","yoast_head_json":{"title":"QR Code \u2014 Ajoutez un g\u00e9n\u00e9rateur de code QR \u00e0 WooCommerce (gratuit et rapide)","description":"Cr\u00e9ez facilement votre g\u00e9n\u00e9rateur de code QR personnalis\u00e9 pour la page Web WooCommerce. Utilisez simplement notre d\u00e9mo pratique et votre plugin sera cr\u00e9\u00e9 en moins de deux minutes.","robots":{"index":"index","follow":"follow","max-snippet":"max-snippet:-1","max-image-preview":"max-image-preview:large","max-video-preview":"max-video-preview:-1"},"canonical":"https:\/\/elfsight.com\/fr\/qr-code-widget\/woocommerce\/","og_locale":"fr_FR","og_type":"article","og_title":"QR Code \u2014 Ajoutez un g\u00e9n\u00e9rateur de code QR \u00e0 WooCommerce (gratuit et rapide)","og_description":"Cr\u00e9ez facilement votre g\u00e9n\u00e9rateur de code QR personnalis\u00e9 pour la page Web WooCommerce. Utilisez simplement notre d\u00e9mo pratique et votre plugin sera cr\u00e9\u00e9 en moins de deux minutes.","og_url":"https:\/\/elfsight.com\/fr\/qr-code-widget\/woocommerce\/","og_site_name":"Elfsight FR","article_modified_time":"2025-07-10T13:09:26+00:00","twitter_card":"summary_large_image","twitter_misc":{"Dur\u00e9e de lecture estim\u00e9e":"3 minutes"},"schema":{"@context":"https:\/\/schema.org","@graph":[{"@type":"WebPage","@id":"https:\/\/elfsight.com\/fr\/qr-code-widget\/woocommerce\/","url":"https:\/\/elfsight.com\/fr\/qr-code-widget\/woocommerce\/","name":"QR Code \u2014 Ajoutez un g\u00e9n\u00e9rateur de code QR \u00e0 WooCommerce (gratuit et rapide)","isPartOf":{"@id":"https:\/\/elfsight.com\/fr\/#website"},"datePublished":"1970-01-01T00:00:00+00:00","dateModified":"2025-07-10T13:09:26+00:00","description":"Cr\u00e9ez facilement votre g\u00e9n\u00e9rateur de code QR personnalis\u00e9 pour la page Web WooCommerce. Utilisez simplement notre d\u00e9mo pratique et votre plugin sera cr\u00e9\u00e9 en moins de deux minutes.","breadcrumb":{"@id":"https:\/\/elfsight.com\/fr\/qr-code-widget\/woocommerce\/#breadcrumb"},"inLanguage":"fr-FR","potentialAction":[{"@type":"ReadAction","target":["https:\/\/elfsight.com\/fr\/qr-code-widget\/woocommerce\/"]}]},{"@type":"BreadcrumbList","@id":"https:\/\/elfsight.com\/fr\/qr-code-widget\/woocommerce\/#breadcrumb","itemListElement":[{"@type":"ListItem","position":1,"name":"Home","item":"https:\/\/elfsight.com\/fr\/"},{"@type":"ListItem","position":2,"name":"QR Code","item":"https:\/\/elfsight.com\/fr\/qr-code-widget\/"},{"@type":"ListItem","position":3,"name":"QR Code &#8211; WooCommerce"}]},{"@type":"WebSite","@id":"https:\/\/elfsight.com\/fr\/#website","url":"https:\/\/elfsight.com\/fr\/","name":"Elfsight FR","description":"","potentialAction":[{"@type":"SearchAction","target":{"@type":"EntryPoint","urlTemplate":"https:\/\/elfsight.com\/fr\/?s={search_term_string}"},"query-input":{"@type":"PropertyValueSpecification","valueRequired":true,"valueName":"search_term_string"}}],"inLanguage":"fr-FR"}]}},"meta_box":{"industry":"","seo_heading":"","heading":"","description":"","cta_heading":"","cta_description":"","application":"2880","h1":"G\u00e9n\u00e9rateur de codes QR WooCommerce","h1_caption":"G\u00e9n\u00e9rez et affichez un code QR pour un acc\u00e8s facile aux URL, au Wi-Fi, aux cartes de visite et plus encore sur votre site Web WooCommerce sans effort.","application_category":[],"applications_title":"","applications_request_title":"","applications_request_button_text":"","hero_text":"","hero_video":"","hero_video_schema_markup":"","selling_points_title":"","selling_points_caption":"","selling_points":[],"selling_points_cta_text":"","features_title":"","features":"","ed_cta_examples_text":"","ed_cta_examples_hidden":"","ed_cta_demo_text":"","ed_cta_demo_hidden":"","why_caption":"","why_editor_title":"","why_editor_text":"","why_team_title":"","why_team_text":"","why_service_title":"","why_service_text":"","template_catalog_visible":"","template_catalog_title":"","template_catalog_text":"","template_catalog_categories_visible":"","demo_title":"Cr\u00e9ez votre application QR Code","demo_caption":"Configurez votre QR Code et ajoutez-le \u00e0 votre site WooCommerce gratuitement !","default_faq_hidden":"","app_template_category":[],"platform":"397","template_public_id":"","codecanyon_url":"","codecanyon_item_id":"","codecanyon_price":"","pricing_caption":"","pricing_elfsight_apps_hide_column":"","pricing_elfsight_apps_url":"","pricing_codecanyon_price_caption":"","integration_category":[],"integration_request_title":"","integration_request_cta":"","integration_platform":"","integrations":[],"platform_category":[],"video_schema_markup":"","price":"\u00e0 partir de 0$ \/ mois","trial":"","benefits":[{"text":"Service d'installation gratuit"},{"text":"Assistance premium"},{"text":"Garantie de remboursement de 14 jours"},{"text":"Mises \u00e0 jour gratuites en continu"}],"button_url":"","button_target_blank":"","button_nofollow":"","attributes":[{"name":"Installations","content":"10,000 - 100,000"},{"name":"Sensible","content":"Oui"},{"name":"Navigateurs compatibles","content":"Firefox, Safari, Opera, Chrome, Edge"}],"tags":[],"tags_disable_links":"","hide_more_platforms":"","video_object":"","demo_hide_cta":"","demo_hide_cloud_options":"","pricing_title":"","pricing":[{"pricing_icon":"platform","pricing_title":"Elfsight Apps","pricing_title_caption":"Logiciel multiplateforme","pricing_price":"from $0 \/ month","pricing_price_caption":"commencez avec un forfait gratuit","pricing_benefits":[{"text":"Sites Web illimit\u00e9s"},{"text":"Assistance gratuite et ponctuelle"},{"text":"Service d'installation gratuit"},{"text":"Enti\u00e8rement personnalisable"}],"pricing_button_text":"Ajouter au site Web","pricing_button_url":"#demo"}],"related_apps_title":"","related_apps_hidden":"","author":"","image":[],"title":"","job":"","social_networks":[]},"_links":{"self":[{"href":"https:\/\/elfsight.com\/fr\/wp-json\/wp\/v2\/pages\/9925","targetHints":{"allow":["GET"]}}],"collection":[{"href":"https:\/\/elfsight.com\/fr\/wp-json\/wp\/v2\/pages"}],"about":[{"href":"https:\/\/elfsight.com\/fr\/wp-json\/wp\/v2\/types\/page"}],"author":[{"embeddable":true,"href":"https:\/\/elfsight.com\/fr\/wp-json\/wp\/v2\/users\/9"}],"replies":[{"embeddable":true,"href":"https:\/\/elfsight.com\/fr\/wp-json\/wp\/v2\/comments?post=9925"}],"version-history":[{"count":1,"href":"https:\/\/elfsight.com\/fr\/wp-json\/wp\/v2\/pages\/9925\/revisions"}],"predecessor-version":[{"id":9929,"href":"https:\/\/elfsight.com\/fr\/wp-json\/wp\/v2\/pages\/9925\/revisions\/9929"}],"up":[{"embeddable":true,"href":"https:\/\/elfsight.com\/fr\/wp-json\/wp\/v2\/pages\/2881"}],"wp:attachment":[{"href":"https:\/\/elfsight.com\/fr\/wp-json\/wp\/v2\/media?parent=9925"}],"curies":[{"name":"wp","href":"https:\/\/api.w.org\/{rel}","templated":true}]}}