{"id":9924,"date":"1970-01-01T00:00:00","date_gmt":"1970-01-01T00:00:00","guid":{"rendered":"https:\/\/elfsight.com\/fr\/?page_id=9924"},"modified":"2025-07-10T12:45:34","modified_gmt":"2025-07-10T12:45:34","slug":"google-sites","status":"publish","type":"page","link":"https:\/\/elfsight.com\/fr\/qr-code-widget\/google-sites\/","title":{"rendered":"QR Code &#8211; Google Sites"},"content":{"rendered":"<div class=\"application-platform-content-item-description application-platform-content-item\" id=\"description\" data-nav-section=\"description\"> <h2>Int\u00e9grez le code QR sur Google Sites avec le widget Elfsight<\/h2> <p>Elfsight QR Code est un outil remarquable pour Google Sites vous permettant redirigez instantan\u00e9ment les utilisateurs vers n&rsquo;importe quel site Web, partagez un lien, un emplacement, un e-mail, n&rsquo;importe quel fichier et bien d&rsquo;autres. L&rsquo;outil est extr\u00eamement r\u00e9glable\u00a0: vous \u00eates libre d&rsquo;ajouter un titre, une l\u00e9gende, de s\u00e9lectionner le type d&rsquo;ic\u00f4ne et de logo &#8211; dans notre biblioth\u00e8que ou de prendre le v\u00f4tre, de recolorer le texte, l&rsquo;arri\u00e8re-plan, le cadre et d&rsquo;ajuster la taille selon vos besoins. Il ne reste plus qu&rsquo;\u00e0 commencer \u00e0 cr\u00e9er le widget &#8211; l&rsquo;installation est un jeu d&rsquo;enfant et ne n\u00e9cessitera aucune comp\u00e9tence en codage. <\/p> <p><b>Int\u00e9grez le code QR Elfsight dans votre page Web et redirigez les visiteurs directement l\u00e0 o\u00f9 vous souhaitez qu&rsquo;ils soient et rationalisez la consommation de contenu<\/b><\/p> <\/div> <div class=\"application-platform-content-item- fonctionnalit\u00e9s application-platform-content-item\" id=\" fonctionnalit\u00e9s\" data-nav-section=\" fonctionnalit\u00e9s\"> <h2>Consultez la liste des fonctionnalit\u00e9s les plus utiles\u00a0: <\/h2> <ul><li>Acc\u00e8s imm\u00e9diat au contenu que vous avez t\u00e9l\u00e9charg\u00e9<\/li><li>Ajoutez n&rsquo;importe quel texte<\/li><li>Huit logos \u00e9changeables<\/li><li>Quinze ic\u00f4nes commutables \u00e0 choisir<\/li><li>Repeignez tous les \u00e9l\u00e9ments<\/li><\/ul><p><a href=\"#demo\">Essayez tous les param\u00e8tres dans la d\u00e9mo compl\u00e8te<\/a><\/p> <\/div> <div class=\"application-platform-content-item-installation application-platform-content-item\" id=\"installation\" data-nav-section=\"installation\"> <h2>Comment puis-je ajouter un code QR sur mon site Web Google\u00a0Sites\u00a0? <\/h2> <p>Suivez simplement quelques \u00e9tapes ci-dessous pour ajouter l&rsquo;outil. <\/p> <ol><li><b>Lancez notre d\u00e9mo gratuite et commencez \u00e0 cr\u00e9er votre propre widget. <\/b><br> Choisissez le design et les fonctionnalit\u00e9s appropri\u00e9s du plugin et enregistrez les modifications. <\/li> <li><b>Copiez le code individuel affich\u00e9 dans la fen\u00eatre sur Elfsight Apps. <\/b><br> Une fois la cr\u00e9ation de votre widget termin\u00e9e, copiez le code individuel dans la fen\u00eatre qui appara\u00eet et conservez-le pour une utilisation ult\u00e9rieure. <\/li> <li><b>Entrez sur l&rsquo;utilisation de l&rsquo;outil sur le site Web de Google\u00a0Sites. <\/b><br> Collez le code enregistr\u00e9 pr\u00e9c\u00e9demment dans votre page et enregistrez les corrections. <\/li> <li><b>L&rsquo;installation est enti\u00e8rement termin\u00e9e. <\/b><br> Acc\u00e9dez \u00e0 votre site pour voir en action le travail du widget. <\/li><\/ol> <div class=\"tip-yellow tip\"><b>En raison des particularit\u00e9s du fonctionnement de Google Sites, le widget peut \u00eatre diff\u00e9rent de la d\u00e9mo en ligne. Nous nous excusons pour tout inconv\u00e9nient caus\u00e9.<\/b><\/div><p>\u00c0 condition de r\u00e9pondre \u00e0 des questions ou de faire face \u00e0 des obstacles, n&rsquo;h\u00e9sitez pas \u00e0 contacter notre \u00e9quipe de service client. Nos collaborateurs sont impatients de vous aider \u00e0 r\u00e9soudre tous les probl\u00e8mes que vous pourriez rencontrer avec le widget. <\/p> <div class=\"faq\" data-component=\"FAQ\"><div class=\"faq-item\">\r\n\t\t\t\t\t<div class=\"faq-item-question\">\r\n\t\t\t\t\t\t<h3 class=\"faq-item-question-text\">De quelle mani\u00e8re puis-je int\u00e9grer un QR Code sur mon site Google Sites sans aucune connaissance en codage ?<\/h3>\r\n\r\n\t\t\t\t\t\t<div class=\"faq-item-question-icon\"><\/div>\r\n\t\t\t\t\t<\/div>\r\n\r\n\t\t\t\t\t<div class=\"faq-item-answer\">\r\n\t\t\t\t\t\t<div class=\"faq-item-answer-text\"> <p>Elfsight propose une solution qui vous permet d&rsquo;\u00e9tablir vous-m\u00eame un widget QR Code, d\u00e9couvrez \u00e0 quel point le processus est simple\u00a0: travaillez directement dans la d\u00e9mo en direct pour cr\u00e9er un widget QR Code que vous souhaitez voir appara\u00eetre sur votre site Web Google\u00a0Sites. Cliquez sur l&rsquo;un des nombreux mod\u00e8les pr\u00e9con\u00e7us et modifiez les param\u00e8tres du QR Code, ajoutez votre contenu, transformez la mise en page et la couleur des \u00e9l\u00e9ments sans codage. Enregistrez le code QR et obtenez le code \u00e0 int\u00e9grer, que vous pouvez simplement inclure sur le site Web de Google Sites \u00e0 l&rsquo;aide d&rsquo;un forfait gratuit. En travaillant dans notre \u00e9diteur simple, chaque internaute peut cr\u00e9er une application QR Code en ligne et l&rsquo;int\u00e9grer facilement \u00e0 n&rsquo;importe quelle page Web de Google Sites. Il n&rsquo;est pas n\u00e9cessaire de payer ou de saisir les informations d&rsquo;identification de votre carte pour acc\u00e9der au service. Si vous rencontrez des obstacles de quelque nature que ce soit, n&rsquo;h\u00e9sitez pas \u00e0 contacter notre support technique client.<\/p> <\/div>\r\n\t\t\t\t\t<\/div>\r\n\t\t\t\t<\/div> <\/div><\/div>","protected":false},"excerpt":{"rendered":"","protected":false},"author":9,"featured_media":0,"parent":2881,"menu_order":0,"comment_status":"closed","ping_status":"closed","template":"templates\/template-application-platform.php","meta":{"publish_to_discourse":"","publish_post_category":"","wpdc_auto_publish_overridden":"","wpdc_topic_tags":"","wpdc_pin_topic":"","wpdc_pin_until":"","discourse_post_id":"","discourse_permalink":"","wpdc_publishing_response":"","wpdc_publishing_error":"","footnotes":""},"class_list":["post-9924","page","type-page","status-publish","hentry"],"yoast_head":"<!-- This site is optimized with the Yoast SEO plugin v25.3.1 - https:\/\/yoast.com\/wordpress\/plugins\/seo\/ -->\n<title>Code QR - Ajouter un widget de code QR \u00e0 Google Sites (2025)<\/title>\n<meta name=\"description\" content=\"Cr\u00e9ez rapidement votre code QR personnalis\u00e9 pour le site Google Sites. Utilisez simplement notre d\u00e9mo pratique et votre application sera cr\u00e9\u00e9e en moins de deux minutes.\" \/>\n<meta name=\"robots\" content=\"index, follow, max-snippet:-1, max-image-preview:large, max-video-preview:-1\" \/>\n<link rel=\"canonical\" href=\"https:\/\/elfsight.com\/fr\/qr-code-widget\/google-sites\/\" \/>\n<meta property=\"og:locale\" content=\"fr_FR\" \/>\n<meta property=\"og:type\" content=\"article\" \/>\n<meta property=\"og:title\" content=\"Code QR - Ajouter un widget de code QR \u00e0 Google Sites (2025)\" \/>\n<meta property=\"og:description\" content=\"Cr\u00e9ez rapidement votre code QR personnalis\u00e9 pour le site Google Sites. Utilisez simplement notre d\u00e9mo pratique et votre application sera cr\u00e9\u00e9e en moins de deux minutes.\" \/>\n<meta property=\"og:url\" content=\"https:\/\/elfsight.com\/fr\/qr-code-widget\/google-sites\/\" \/>\n<meta property=\"og:site_name\" content=\"Elfsight FR\" \/>\n<meta property=\"article:modified_time\" content=\"2025-07-10T12:45:34+00:00\" \/>\n<meta name=\"twitter:card\" content=\"summary_large_image\" \/>\n<meta name=\"twitter:label1\" content=\"Dur\u00e9e de lecture estim\u00e9e\" \/>\n\t<meta name=\"twitter:data1\" content=\"3 minutes\" \/>\n<!-- \/ Yoast SEO plugin. -->","yoast_head_json":{"title":"Code QR - Ajouter un widget de code QR \u00e0 Google Sites (2025)","description":"Cr\u00e9ez rapidement votre code QR personnalis\u00e9 pour le site Google Sites. Utilisez simplement notre d\u00e9mo pratique et votre application sera cr\u00e9\u00e9e en moins de deux minutes.","robots":{"index":"index","follow":"follow","max-snippet":"max-snippet:-1","max-image-preview":"max-image-preview:large","max-video-preview":"max-video-preview:-1"},"canonical":"https:\/\/elfsight.com\/fr\/qr-code-widget\/google-sites\/","og_locale":"fr_FR","og_type":"article","og_title":"Code QR - Ajouter un widget de code QR \u00e0 Google Sites (2025)","og_description":"Cr\u00e9ez rapidement votre code QR personnalis\u00e9 pour le site Google Sites. Utilisez simplement notre d\u00e9mo pratique et votre application sera cr\u00e9\u00e9e en moins de deux minutes.","og_url":"https:\/\/elfsight.com\/fr\/qr-code-widget\/google-sites\/","og_site_name":"Elfsight FR","article_modified_time":"2025-07-10T12:45:34+00:00","twitter_card":"summary_large_image","twitter_misc":{"Dur\u00e9e de lecture estim\u00e9e":"3 minutes"},"schema":{"@context":"https:\/\/schema.org","@graph":[{"@type":"WebPage","@id":"https:\/\/elfsight.com\/fr\/qr-code-widget\/google-sites\/","url":"https:\/\/elfsight.com\/fr\/qr-code-widget\/google-sites\/","name":"Code QR - Ajouter un widget de code QR \u00e0 Google Sites (2025)","isPartOf":{"@id":"https:\/\/elfsight.com\/fr\/#website"},"datePublished":"1970-01-01T00:00:00+00:00","dateModified":"2025-07-10T12:45:34+00:00","description":"Cr\u00e9ez rapidement votre code QR personnalis\u00e9 pour le site Google Sites. Utilisez simplement notre d\u00e9mo pratique et votre application sera cr\u00e9\u00e9e en moins de deux minutes.","breadcrumb":{"@id":"https:\/\/elfsight.com\/fr\/qr-code-widget\/google-sites\/#breadcrumb"},"inLanguage":"fr-FR","potentialAction":[{"@type":"ReadAction","target":["https:\/\/elfsight.com\/fr\/qr-code-widget\/google-sites\/"]}]},{"@type":"BreadcrumbList","@id":"https:\/\/elfsight.com\/fr\/qr-code-widget\/google-sites\/#breadcrumb","itemListElement":[{"@type":"ListItem","position":1,"name":"Home","item":"https:\/\/elfsight.com\/fr\/"},{"@type":"ListItem","position":2,"name":"QR Code","item":"https:\/\/elfsight.com\/fr\/qr-code-widget\/"},{"@type":"ListItem","position":3,"name":"QR Code &#8211; Google Sites"}]},{"@type":"WebSite","@id":"https:\/\/elfsight.com\/fr\/#website","url":"https:\/\/elfsight.com\/fr\/","name":"Elfsight FR","description":"","potentialAction":[{"@type":"SearchAction","target":{"@type":"EntryPoint","urlTemplate":"https:\/\/elfsight.com\/fr\/?s={search_term_string}"},"query-input":{"@type":"PropertyValueSpecification","valueRequired":true,"valueName":"search_term_string"}}],"inLanguage":"fr-FR"}]}},"meta_box":{"industry":"","seo_heading":"","heading":"","description":"","cta_heading":"","cta_description":"","application":"2880","h1":"Widget de code QR Google Sites","h1_caption":"G\u00e9n\u00e9rez et affichez un code QR pour acc\u00e9der facilement aux URL, au Wi-Fi, aux cartes de visite et bien plus encore sur vos sites Google.","application_category":[],"applications_title":"","applications_request_title":"","applications_request_button_text":"","hero_text":"","hero_video":"","hero_video_schema_markup":"","selling_points_title":"","selling_points_caption":"","selling_points":[],"selling_points_cta_text":"","features_title":"","features":"","ed_cta_examples_text":"","ed_cta_examples_hidden":"","ed_cta_demo_text":"","ed_cta_demo_hidden":"","why_caption":"","why_editor_title":"","why_editor_text":"","why_team_title":"","why_team_text":"","why_service_title":"","why_service_text":"","template_catalog_visible":"","template_catalog_title":"","template_catalog_text":"","template_catalog_categories_visible":"","demo_title":"Cr\u00e9ez votre widget QR Code","demo_caption":"Configurez votre QR Code et ajoutez-le gratuitement \u00e0 votre site Google Sites !","default_faq_hidden":"","app_template_category":[],"platform":"423","template_public_id":"","codecanyon_url":"","codecanyon_item_id":"","codecanyon_price":"","pricing_caption":"","pricing_elfsight_apps_hide_column":"","pricing_elfsight_apps_url":"","pricing_codecanyon_price_caption":"","integration_category":[],"integration_request_title":"","integration_request_cta":"","integration_platform":"","integrations":[],"platform_category":[],"video_schema_markup":"","price":"\u00e0 partir de 0$ \/ mois","trial":"","benefits":[{"text":"Aide \u00e0 l'installation gratuite"},{"text":"Support client exp\u00e9riment\u00e9"},{"text":"Garantie de remboursement de 14 jours"},{"text":"Mise \u00e0 jour constante"}],"button_url":"","button_target_blank":"","button_nofollow":"","attributes":[{"name":"Installations","content":"10,000 - 100,000"},{"name":"Sensible","content":"Id\u00e9al pour les mobiles"},{"name":"Navigateurs compatibles","content":"Chrome, Safari, Firefox, Edge, Opera"}],"tags":[],"tags_disable_links":"","hide_more_platforms":"","video_object":"","demo_hide_cta":"","demo_hide_cloud_options":"","pricing_title":"","pricing":[{"pricing_icon":"platform","pricing_title":"Elfsight Apps","pricing_title_caption":"Version ind\u00e9pendante de la plateforme","pricing_price":"from $0 \/ month","pricing_price_caption":"commencez avec un forfait gratuit","pricing_benefits":[{"text":"Sites Web illimit\u00e9s"},{"text":"Assistance rapide et ponctuelle"},{"text":"Aide \u00e0 l'installation gratuite"},{"text":"Offre sp\u00e9ciale pour plusieurs applications"}],"pricing_button_text":"Ajouter au site Web","pricing_button_url":"#demo"}],"related_apps_title":"","related_apps_hidden":"","author":"","image":[],"title":"","job":"","social_networks":[]},"_links":{"self":[{"href":"https:\/\/elfsight.com\/fr\/wp-json\/wp\/v2\/pages\/9924","targetHints":{"allow":["GET"]}}],"collection":[{"href":"https:\/\/elfsight.com\/fr\/wp-json\/wp\/v2\/pages"}],"about":[{"href":"https:\/\/elfsight.com\/fr\/wp-json\/wp\/v2\/types\/page"}],"author":[{"embeddable":true,"href":"https:\/\/elfsight.com\/fr\/wp-json\/wp\/v2\/users\/9"}],"replies":[{"embeddable":true,"href":"https:\/\/elfsight.com\/fr\/wp-json\/wp\/v2\/comments?post=9924"}],"version-history":[{"count":1,"href":"https:\/\/elfsight.com\/fr\/wp-json\/wp\/v2\/pages\/9924\/revisions"}],"predecessor-version":[{"id":9928,"href":"https:\/\/elfsight.com\/fr\/wp-json\/wp\/v2\/pages\/9924\/revisions\/9928"}],"up":[{"embeddable":true,"href":"https:\/\/elfsight.com\/fr\/wp-json\/wp\/v2\/pages\/2881"}],"wp:attachment":[{"href":"https:\/\/elfsight.com\/fr\/wp-json\/wp\/v2\/media?parent=9924"}],"curies":[{"name":"wp","href":"https:\/\/api.w.org\/{rel}","templated":true}]}}