{"id":9923,"date":"1970-01-01T00:00:00","date_gmt":"1970-01-01T00:00:00","guid":{"rendered":"https:\/\/elfsight.com\/fr\/?page_id=9923"},"modified":"2025-07-10T12:45:29","modified_gmt":"2025-07-10T12:45:29","slug":"godaddy","status":"publish","type":"page","link":"https:\/\/elfsight.com\/fr\/qr-code-widget\/godaddy\/","title":{"rendered":"QR Code &#8211; GoDaddy"},"content":{"rendered":"<div class=\"application-platform-content-item-description application-platform-content-item\" id=\"description\" data-nav-section=\"description\"> <h2>Int\u00e9grer le code QR sur GoDaddy avec le widget Elfsight<\/h2> <p>Le code QR Elfsight est une option impressionnante vous permettant de rediriger instantan\u00e9ment les utilisateurs sur n&rsquo;importe quel site, partagez une URL, un emplacement, un e-mail, n&rsquo;importe quel fichier et bien d&rsquo;autres. L&rsquo;outil est hautement personnalisable : vous pouvez joindre un titre, une l\u00e9gende explicative, s\u00e9lectionner l&rsquo;ic\u00f4ne et le logo \u00e0 l&rsquo;aide de notre biblioth\u00e8que ou prendre les v\u00f4tres, recolorer le texte, l&rsquo;arri\u00e8re-plan, encadrer et ajuster la taille du plugin en fonction de votre site Web. Tout ce que vous avez \u00e0 faire est de commencer \u00e0 cr\u00e9er votre fonctionnalit\u00e9 personnalis\u00e9e : l\u2019installation est un jeu d\u2019enfant et ne n\u00e9cessitera aucune comp\u00e9tence en codage de votre part. <\/p> <p><b>Int\u00e9grez le code QR dans votre site Web et amenez les utilisateurs directement l\u00e0 o\u00f9 vous souhaitez qu&rsquo;ils soient et rationalisez l&rsquo;utilisation du contenu<\/b><\/p> <\/div> <div class=\"application-platform-content-item-features  application-platform-content-item\" id=\"features \" data-nav-section=\"features \"> <h2>Voici quelques-unes des fonctionnalit\u00e9s utiles du plugin\u00a0: <\/h2> <ul><li>Acc\u00e8s imm\u00e9diat \u00e0 votre contenu<\/li><li>Joindre n&rsquo;importe quel texte<\/li><li>Huit logos \u00e9changeables <\/li><li>Quinze ic\u00f4nes \u00e9changeables \u00e0 choisir<\/li><li>Repeignez tous les \u00e9l\u00e9ments<\/li><\/ul><p><a href=\"#demo\">Essayez simplement cette d\u00e9mo pour comprendre les fonctionnalit\u00e9s du plugin<\/a><\/p> <\/div> <div class=\"application-platform-content-item-installation application-platform-content-item\" id=\"installation\" data-nav-section=\"installation\"> <h2>Comment ajouter un code QR \u00e0 mon site GoDaddy\u00a0? <\/h2> <p>Suivez simplement les \u00e9tapes d\u00e9crites ci-dessous pour commencer \u00e0 travailler avec le plugin. <\/p> <ol><li><b>Utilisez notre \u00e9diteur gratuit et commencez \u00e0 fa\u00e7onner votre instrument sur mesure. <\/b><br> Trouvez la forme et les fonctionnalit\u00e9s pr\u00e9f\u00e9rables du plugin et enregistrez les corrections. <\/li> <li><b>Recevez votre code personnel qui appara\u00eet dans la fen\u00eatre sur Elfsight Apps. <\/b><br> Une fois la configuration de votre plugin personnel termin\u00e9e, copiez le code exclusif dans la fen\u00eatre contextuelle apparue et enregistrez-le pour une utilisation ult\u00e9rieure. <\/li> <li><b>Commencez \u00e0 utiliser le plugin sur le site GoDaddy. <\/b><br> Int\u00e9grez le code copi\u00e9 auparavant dans votre site Web et appliquez les modifications. <\/li> <li><b>Vous avez termin\u00e9\u00a0! L&rsquo;int\u00e9gration est pleinement r\u00e9alis\u00e9e. <\/b><br> Visitez votre site pour jeter un \u0153il aux performances du plugin. <\/li><\/ol> <p>En cas de traitement de demandes de renseignements ou de difficult\u00e9s, veuillez contacter notre \u00e9quipe d&rsquo;assistance. Nos consultants seront ravis de r\u00e9soudre toutes les difficult\u00e9s que vous pourriez rencontrer avec le produit. <\/p> <div class=\"faq\" data-component=\"FAQ\"><div class=\"faq-item\">\r\n\t\t\t\t\t<div class=\"faq-item-question\">\r\n\t\t\t\t\t\t<h3 class=\"faq-item-question-text\">Existe-t-il un moyen d'int\u00e9grer un code QR \u00e0 ma page d'accueil GoDaddy sans coder ?<\/h3>\r\n\r\n\t\t\t\t\t\t<div class=\"faq-item-question-icon\"><\/div>\r\n\t\t\t\t\t<\/div>\r\n\r\n\t\t\t\t\t<div class=\"faq-item-answer\">\r\n\t\t\t\t\t\t<div class=\"faq-item-answer-text\"> <p>La soci\u00e9t\u00e9 Elfsight pr\u00e9sente une solution SaaS qui permet aux utilisateurs de cr\u00e9er eux-m\u00eames une section de code QR, d\u00e9couvrez le \u00e9tapes simples\u00a0: acc\u00e9dez \u00e0 l&rsquo;\u00e9diteur en ligne pour cr\u00e9er une section de code QR que vous souhaitez voir appara\u00eetre sur le site Web de GoDaddy. Choisissez l&rsquo;un des nombreux mod\u00e8les pr\u00e9d\u00e9finis et ajustez les param\u00e8tres du code QR, changez la mise en page et la palette de couleurs, ajoutez votre contenu, sans aucune exp\u00e9rience de codage. Cliquez pour enregistrer le code QR et copier le code \u00e0 int\u00e9grer, que vous pouvez facilement inclure dans n&rsquo;importe quel site GoDaddy sans avoir besoin d&rsquo;acheter une version payante. \u00c0 l&rsquo;aide de notre \u00e9diteur simple, tout utilisateur Web peut cr\u00e9er une application QR Code et l&rsquo;inclure facilement sur n&rsquo;importe quel site GoDaddy. Il n&rsquo;est pas n\u00e9cessaire d&rsquo;obtenir un abonnement payant ou de divulguer les informations d&rsquo;identification de votre carte pour acc\u00e9der au service. Si vous rencontrez des probl\u00e8mes \u00e0 n&rsquo;importe quelle \u00e9tape, n&rsquo;h\u00e9sitez pas \u00e0 en parler \u00e0 notre \u00e9quipe d&rsquo;assistance.<\/p> <\/div>\r\n\t\t\t\t\t<\/div>\r\n\t\t\t\t<\/div> <\/div><\/div>","protected":false},"excerpt":{"rendered":"","protected":false},"author":9,"featured_media":0,"parent":2881,"menu_order":0,"comment_status":"closed","ping_status":"closed","template":"templates\/template-application-platform.php","meta":{"publish_to_discourse":"","publish_post_category":"","wpdc_auto_publish_overridden":"","wpdc_topic_tags":"","wpdc_pin_topic":"","wpdc_pin_until":"","discourse_post_id":"","discourse_permalink":"","wpdc_publishing_response":"","wpdc_publishing_error":"","footnotes":""},"class_list":["post-9923","page","type-page","status-publish","hentry"],"yoast_head":"<!-- This site is optimized with the Yoast SEO plugin v25.3.1 - https:\/\/yoast.com\/wordpress\/plugins\/seo\/ -->\n<title>Code QR - Ajoutez le plugin de code QR au site Web GoDaddy\u00a0!<\/title>\n<meta name=\"description\" content=\"Cr\u00e9ez rapidement votre code QR unique pour le site GoDaddy. Appliquez simplement notre d\u00e9mo et votre application sera cr\u00e9\u00e9e en moins d\u2019une minute.\" \/>\n<meta name=\"robots\" content=\"index, follow, max-snippet:-1, max-image-preview:large, max-video-preview:-1\" \/>\n<link rel=\"canonical\" href=\"https:\/\/elfsight.com\/fr\/qr-code-widget\/godaddy\/\" \/>\n<meta property=\"og:locale\" content=\"fr_FR\" \/>\n<meta property=\"og:type\" content=\"article\" \/>\n<meta property=\"og:title\" content=\"Code QR - Ajoutez le plugin de code QR au site Web GoDaddy\u00a0!\" \/>\n<meta property=\"og:description\" content=\"Cr\u00e9ez rapidement votre code QR unique pour le site GoDaddy. Appliquez simplement notre d\u00e9mo et votre application sera cr\u00e9\u00e9e en moins d\u2019une minute.\" \/>\n<meta property=\"og:url\" content=\"https:\/\/elfsight.com\/fr\/qr-code-widget\/godaddy\/\" \/>\n<meta property=\"og:site_name\" content=\"Elfsight FR\" \/>\n<meta property=\"article:modified_time\" content=\"2025-07-10T12:45:29+00:00\" \/>\n<meta name=\"twitter:card\" content=\"summary_large_image\" \/>\n<meta name=\"twitter:label1\" content=\"Dur\u00e9e de lecture estim\u00e9e\" \/>\n\t<meta name=\"twitter:data1\" content=\"3 minutes\" \/>\n<!-- \/ Yoast SEO plugin. -->","yoast_head_json":{"title":"Code QR - Ajoutez le plugin de code QR au site Web GoDaddy\u00a0!","description":"Cr\u00e9ez rapidement votre code QR unique pour le site GoDaddy. Appliquez simplement notre d\u00e9mo et votre application sera cr\u00e9\u00e9e en moins d\u2019une minute.","robots":{"index":"index","follow":"follow","max-snippet":"max-snippet:-1","max-image-preview":"max-image-preview:large","max-video-preview":"max-video-preview:-1"},"canonical":"https:\/\/elfsight.com\/fr\/qr-code-widget\/godaddy\/","og_locale":"fr_FR","og_type":"article","og_title":"Code QR - Ajoutez le plugin de code QR au site Web GoDaddy\u00a0!","og_description":"Cr\u00e9ez rapidement votre code QR unique pour le site GoDaddy. Appliquez simplement notre d\u00e9mo et votre application sera cr\u00e9\u00e9e en moins d\u2019une minute.","og_url":"https:\/\/elfsight.com\/fr\/qr-code-widget\/godaddy\/","og_site_name":"Elfsight FR","article_modified_time":"2025-07-10T12:45:29+00:00","twitter_card":"summary_large_image","twitter_misc":{"Dur\u00e9e de lecture estim\u00e9e":"3 minutes"},"schema":{"@context":"https:\/\/schema.org","@graph":[{"@type":"WebPage","@id":"https:\/\/elfsight.com\/fr\/qr-code-widget\/godaddy\/","url":"https:\/\/elfsight.com\/fr\/qr-code-widget\/godaddy\/","name":"Code QR - Ajoutez le plugin de code QR au site Web GoDaddy\u00a0!","isPartOf":{"@id":"https:\/\/elfsight.com\/fr\/#website"},"datePublished":"1970-01-01T00:00:00+00:00","dateModified":"2025-07-10T12:45:29+00:00","description":"Cr\u00e9ez rapidement votre code QR unique pour le site GoDaddy. Appliquez simplement notre d\u00e9mo et votre application sera cr\u00e9\u00e9e en moins d\u2019une minute.","breadcrumb":{"@id":"https:\/\/elfsight.com\/fr\/qr-code-widget\/godaddy\/#breadcrumb"},"inLanguage":"fr-FR","potentialAction":[{"@type":"ReadAction","target":["https:\/\/elfsight.com\/fr\/qr-code-widget\/godaddy\/"]}]},{"@type":"BreadcrumbList","@id":"https:\/\/elfsight.com\/fr\/qr-code-widget\/godaddy\/#breadcrumb","itemListElement":[{"@type":"ListItem","position":1,"name":"Home","item":"https:\/\/elfsight.com\/fr\/"},{"@type":"ListItem","position":2,"name":"QR Code","item":"https:\/\/elfsight.com\/fr\/qr-code-widget\/"},{"@type":"ListItem","position":3,"name":"QR Code &#8211; GoDaddy"}]},{"@type":"WebSite","@id":"https:\/\/elfsight.com\/fr\/#website","url":"https:\/\/elfsight.com\/fr\/","name":"Elfsight FR","description":"","potentialAction":[{"@type":"SearchAction","target":{"@type":"EntryPoint","urlTemplate":"https:\/\/elfsight.com\/fr\/?s={search_term_string}"},"query-input":{"@type":"PropertyValueSpecification","valueRequired":true,"valueName":"search_term_string"}}],"inLanguage":"fr-FR"}]}},"meta_box":{"industry":"","seo_heading":"","heading":"","description":"","cta_heading":"","cta_description":"","application":"2880","h1":"Plugin GoDaddy QRCode","h1_caption":"G\u00e9n\u00e9rez et affichez un code QR pour acc\u00e9der facilement aux URL, au Wi-Fi, aux cartes de visite et bien plus encore sur votre site Web GoDaddy.","application_category":[],"applications_title":"","applications_request_title":"","applications_request_button_text":"","hero_text":"","hero_video":"","hero_video_schema_markup":"","selling_points_title":"","selling_points_caption":"","selling_points":[],"selling_points_cta_text":"","features_title":"","features":"","ed_cta_examples_text":"","ed_cta_examples_hidden":"","ed_cta_demo_text":"","ed_cta_demo_hidden":"","why_caption":"","why_editor_title":"","why_editor_text":"","why_team_title":"","why_team_text":"","why_service_title":"","why_service_text":"","template_catalog_visible":"","template_catalog_title":"","template_catalog_text":"","template_catalog_categories_visible":"","demo_title":"Cr\u00e9ez votre plugin QR Code","demo_caption":"Configurez votre QR Code et ajoutez-le gratuitement \u00e0 votre site Web GoDaddy\u00a0!","default_faq_hidden":"","app_template_category":[],"platform":"370","template_public_id":"","codecanyon_url":"","codecanyon_item_id":"","codecanyon_price":"","pricing_caption":"","pricing_elfsight_apps_hide_column":"","pricing_elfsight_apps_url":"","pricing_codecanyon_price_caption":"","integration_category":[],"integration_request_title":"","integration_request_cta":"","integration_platform":"","integrations":[],"platform_category":[],"video_schema_markup":"","price":"\u00e0 partir de 0$ \/ mois","trial":"","benefits":[{"text":"Service d'installation gratuit"},{"text":"Service client efficace"},{"text":"Garantie de remboursement de 14 jours"},{"text":"Mise \u00e0 jour constante"}],"button_url":"","button_target_blank":"","button_nofollow":"","attributes":[{"name":"Installations","content":"10,000 - 100,000"},{"name":"Sensible","content":"Oui"},{"name":"Navigateurs compatibles","content":"IE11, Firefox, Safari, Opera, Chrome, Edge"}],"tags":[],"tags_disable_links":"","hide_more_platforms":"","video_object":"","demo_hide_cta":"","demo_hide_cloud_options":"","pricing_title":"","pricing":[{"pricing_icon":"platform","pricing_title":"Elfsight Apps","pricing_title_caption":"Solution num\u00e9rique multiplateforme adapt\u00e9e \u00e0 tous les sites","pricing_price":"from $0 \/ month","pricing_price_caption":"commencez avec un forfait gratuit","pricing_benefits":[{"text":"Domaines illimit\u00e9s"},{"text":"Assistance 24h\/24 et 7j\/7, ponctuelle et bien document\u00e9e"},{"text":"Aide \u00e0 l'installation gratuite"},{"text":"Conception flexible"}],"pricing_button_text":"Ajouter au site Web","pricing_button_url":"#demo"}],"related_apps_title":"","related_apps_hidden":"","author":"","image":[],"title":"","job":"","social_networks":[]},"_links":{"self":[{"href":"https:\/\/elfsight.com\/fr\/wp-json\/wp\/v2\/pages\/9923","targetHints":{"allow":["GET"]}}],"collection":[{"href":"https:\/\/elfsight.com\/fr\/wp-json\/wp\/v2\/pages"}],"about":[{"href":"https:\/\/elfsight.com\/fr\/wp-json\/wp\/v2\/types\/page"}],"author":[{"embeddable":true,"href":"https:\/\/elfsight.com\/fr\/wp-json\/wp\/v2\/users\/9"}],"replies":[{"embeddable":true,"href":"https:\/\/elfsight.com\/fr\/wp-json\/wp\/v2\/comments?post=9923"}],"version-history":[{"count":1,"href":"https:\/\/elfsight.com\/fr\/wp-json\/wp\/v2\/pages\/9923\/revisions"}],"predecessor-version":[{"id":9927,"href":"https:\/\/elfsight.com\/fr\/wp-json\/wp\/v2\/pages\/9923\/revisions\/9927"}],"up":[{"embeddable":true,"href":"https:\/\/elfsight.com\/fr\/wp-json\/wp\/v2\/pages\/2881"}],"wp:attachment":[{"href":"https:\/\/elfsight.com\/fr\/wp-json\/wp\/v2\/media?parent=9923"}],"curies":[{"name":"wp","href":"https:\/\/api.w.org\/{rel}","templated":true}]}}