{"id":9922,"date":"1970-01-01T00:00:00","date_gmt":"1970-01-01T00:00:00","guid":{"rendered":"https:\/\/elfsight.com\/fr\/?page_id=9922"},"modified":"2025-07-10T12:46:08","modified_gmt":"2025-07-10T12:46:08","slug":"prestashop","status":"publish","type":"page","link":"https:\/\/elfsight.com\/fr\/qr-code-widget\/prestashop\/","title":{"rendered":"QR Code &#8211; PrestaShop"},"content":{"rendered":"<div class=\"application-platform-content-item-description application-platform-content-item\" id=\"description\" data-nav-section=\"description\"> <h2>Description<\/h2> <p>Le QR Code est un outil remarquable vous permettant de rediriger rapidement vos visiteurs vers n&rsquo;importe quel site internet, de partager un lien , votre emplacement, votre e-mail, votre fichier et bien d&rsquo;autres encore. L&rsquo;outil est extr\u00eamement personnalisable\u00a0: vous pouvez ajouter un titre, une l\u00e9gende, s\u00e9lectionner l&rsquo;ic\u00f4ne et le type de logo les plus appropri\u00e9s \u00e0 l&rsquo;aide de notre biblioth\u00e8que ou t\u00e9l\u00e9charger les v\u00f4tres, repeindre le texte, l&rsquo;arri\u00e8re-plan, le cadre et modifier la taille du widget en fonction de votre site Web. Tout ce que vous avez \u00e0 faire est simplement de commencer \u00e0 cr\u00e9er l\u2019outil \u2013 l\u2019installation est simple et ne n\u00e9cessitera aucune comp\u00e9tence en codage de votre part. <\/p> <p><b>Am\u00e9liorez le succ\u00e8s de votre site \u00e0 des fins de commerce \u00e9lectronique \u00e0 l&rsquo;aide du code QR<\/b><\/p> <\/div> <div class=\"application-platform-content-item-features application-platform-content-item\" id=\"features\" data-nav-section=\"features\"> <h2>Ces ne sont que quelques-unes des nombreuses fonctionnalit\u00e9s du widget\u00a0: <\/h2> <ul><li>Un acc\u00e8s instantan\u00e9 \u00e0 votre contenu<\/li><li>Une possibilit\u00e9 de partager des URL, des emplacements, des fichiers, des profils de r\u00e9seaux sociaux et bien plus encore<\/li><li>Ajoutez n&rsquo;importe quel texte<\/li><li>8 logos commutables<\/li><li>Une possibilit\u00e9 de t\u00e9l\u00e9charger votre logo personnalis\u00e9<\/li><li>15 ic\u00f4nes \u00e9changeables disponibles<\/li><li> Cadres pour pr\u00e9senter le code de la mani\u00e8re la plus parlante<\/li><li>Changer la taille du code<\/li><li>Modifier la taille du texte<\/li><li>Joindre une l\u00e9gende<\/li><\/ul><p><a href=\"#demo\">Cochez simplement cette d\u00e9mo pour avoir une id\u00e9e compl\u00e8te<\/a><\/p> <\/div> <div class=\"application-platform-content-item-installation application-platform-content-item\" id=\"installation\" data-nav-section=\"installation\"> <h2>Comment ajouter un code QR sur mon site PrestaShop ? <\/h2> <p>Suivez simplement les instructions ci-dessous pour int\u00e9grer le widget. <\/p> <ol><li><b>Ouvrez notre d\u00e9mo gratuite et commencez \u00e0 fa\u00e7onner votre widget personnalis\u00e9. <\/b><br> D\u00e9terminez la forme et les options appropri\u00e9es du widget et enregistrez les corrections. <\/li> <li><b>Obtenez le code personnel qui appara\u00eet dans le formulaire sp\u00e9cial sur les applications Elfsight. <\/b><br> Une fois la personnalisation de votre module compl\u00e9mentaire termin\u00e9e, copiez le code personnel dans la fen\u00eatre contextuelle qui appara\u00eet et conservez-le pour une utilisation ult\u00e9rieure. <\/li> <li><b>Initiez l&rsquo;utilisation du widget sur votre site PrestaShop. <\/b><br> Impl\u00e9mentez le code que vous avez copi\u00e9 auparavant dans votre site Web et enregistrez les corrections. <\/li> <li><b>Vous avez termin\u00e9\u00a0! L&rsquo;int\u00e9gration est r\u00e9ussie. <\/b><br> Acc\u00e9dez \u00e0 votre site Web pour v\u00e9rifier le fonctionnement du widget. <\/li><\/ol> <p>Si vous avez des questions ou rencontrez des complications, veuillez contacter notre service client. Nos consultants se feront un plaisir de r\u00e9soudre toutes les difficult\u00e9s que vous pourriez rencontrer avec l&rsquo;outil. <\/p> <div class=\"faq\" data-component=\"FAQ\"><div class=\"faq-item\">\r\n\t\t\t\t\t<div class=\"faq-item-question\">\r\n\t\t\t\t\t\t<h3 class=\"faq-item-question-text\">Existe-t-il une option pour int\u00e9grer le QR Code sur mon site PrestaShop sans comp\u00e9tences en codage ?<\/h3>\r\n\r\n\t\t\t\t\t\t<div class=\"faq-item-question-icon\"><\/div>\r\n\t\t\t\t\t<\/div>\r\n\r\n\t\t\t\t\t<div class=\"faq-item-answer\">\r\n\t\t\t\t\t\t<div class=\"faq-item-answer-text\"> <p>Elfsight fournit une solution qui permet \u00e0 un large public de g\u00e9n\u00e9rer vous-m\u00eame un plugin QR Code, v\u00e9rifiez \u00e0 quel point le processus est simple\u00a0: travaillez dans l&rsquo;\u00e9diteur en ligne pour former une section de code QR que vous souhaitez int\u00e9grer sur le site PrestaShop. Choisissez l&rsquo;un des mod\u00e8les pr\u00e9d\u00e9finis et ajustez les param\u00e8tres du code QR, ajoutez votre contenu, modifiez la disposition et la couleur des \u00e9l\u00e9ments sans aucune comp\u00e9tence en codage. Cliquez pour enregistrer les param\u00e8tres que vous avez d\u00e9finis dans le code QR et copiez le code du widget pour l&rsquo;installation, qui peut \u00eatre coll\u00e9 gratuitement dans n&rsquo;importe quelle page d&rsquo;accueil de PrestaShop. Avec notre configurateur convivial, tout utilisateur Web peut g\u00e9n\u00e9rer une section QR Code et l&rsquo;inclure facilement \u00e0 n&rsquo;importe quelle page d&rsquo;accueil PrestaShop. Vous ne devez pas payer ni divulguer les donn\u00e9es de votre carte pour acc\u00e9der \u00e0 notre \u00e9diteur. Si vous rencontrez des probl\u00e8mes de quelque nature que ce soit, n&rsquo;h\u00e9sitez pas \u00e0 contacter notre \u00e9quipe d&rsquo;assistance technique.<\/p> <\/div>\r\n\t\t\t\t\t<\/div>\r\n\t\t\t\t<\/div> <\/div><\/div>","protected":false},"excerpt":{"rendered":"","protected":false},"author":9,"featured_media":0,"parent":2881,"menu_order":0,"comment_status":"closed","ping_status":"closed","template":"templates\/template-application-platform.php","meta":{"publish_to_discourse":"","publish_post_category":"","wpdc_auto_publish_overridden":"","wpdc_topic_tags":"","wpdc_pin_topic":"","wpdc_pin_until":"","discourse_post_id":"","discourse_permalink":"","wpdc_publishing_response":"","wpdc_publishing_error":"","footnotes":""},"class_list":["post-9922","page","type-page","status-publish","hentry"],"yoast_head":"<!-- This site is optimized with the Yoast SEO plugin v25.3.1 - https:\/\/yoast.com\/wordpress\/plugins\/seo\/ -->\n<title>G\u00e9n\u00e9rateur de code QR - Ajouter un plugin de code QR \u00e0 PrestaShop [2026]<\/title>\n<meta name=\"description\" content=\"Cr\u00e9ez rapidement votre g\u00e9n\u00e9rateur de code QR personnalis\u00e9 pour le site Web PrestaShop. Appliquez simplement notre d\u00e9mo et votre plugin sera construit en deux minutes.\" \/>\n<meta name=\"robots\" content=\"index, follow, max-snippet:-1, max-image-preview:large, max-video-preview:-1\" \/>\n<link rel=\"canonical\" href=\"https:\/\/elfsight.com\/fr\/qr-code-widget\/prestashop\/\" \/>\n<meta property=\"og:locale\" content=\"fr_FR\" \/>\n<meta property=\"og:type\" content=\"article\" \/>\n<meta property=\"og:title\" content=\"G\u00e9n\u00e9rateur de code QR - Ajouter un plugin de code QR \u00e0 PrestaShop [2026]\" \/>\n<meta property=\"og:description\" content=\"Cr\u00e9ez rapidement votre g\u00e9n\u00e9rateur de code QR personnalis\u00e9 pour le site Web PrestaShop. Appliquez simplement notre d\u00e9mo et votre plugin sera construit en deux minutes.\" \/>\n<meta property=\"og:url\" content=\"https:\/\/elfsight.com\/fr\/qr-code-widget\/prestashop\/\" \/>\n<meta property=\"og:site_name\" content=\"Elfsight FR\" \/>\n<meta property=\"article:modified_time\" content=\"2025-07-10T12:46:08+00:00\" \/>\n<meta name=\"twitter:card\" content=\"summary_large_image\" \/>\n<meta name=\"twitter:label1\" content=\"Dur\u00e9e de lecture estim\u00e9e\" \/>\n\t<meta name=\"twitter:data1\" content=\"3 minutes\" \/>\n<!-- \/ Yoast SEO plugin. -->","yoast_head_json":{"title":"G\u00e9n\u00e9rateur de code QR - Ajouter un plugin de code QR \u00e0 PrestaShop [2026]","description":"Cr\u00e9ez rapidement votre g\u00e9n\u00e9rateur de code QR personnalis\u00e9 pour le site Web PrestaShop. Appliquez simplement notre d\u00e9mo et votre plugin sera construit en deux minutes.","robots":{"index":"index","follow":"follow","max-snippet":"max-snippet:-1","max-image-preview":"max-image-preview:large","max-video-preview":"max-video-preview:-1"},"canonical":"https:\/\/elfsight.com\/fr\/qr-code-widget\/prestashop\/","og_locale":"fr_FR","og_type":"article","og_title":"G\u00e9n\u00e9rateur de code QR - Ajouter un plugin de code QR \u00e0 PrestaShop [2026]","og_description":"Cr\u00e9ez rapidement votre g\u00e9n\u00e9rateur de code QR personnalis\u00e9 pour le site Web PrestaShop. Appliquez simplement notre d\u00e9mo et votre plugin sera construit en deux minutes.","og_url":"https:\/\/elfsight.com\/fr\/qr-code-widget\/prestashop\/","og_site_name":"Elfsight FR","article_modified_time":"2025-07-10T12:46:08+00:00","twitter_card":"summary_large_image","twitter_misc":{"Dur\u00e9e de lecture estim\u00e9e":"3 minutes"},"schema":{"@context":"https:\/\/schema.org","@graph":[{"@type":"WebPage","@id":"https:\/\/elfsight.com\/fr\/qr-code-widget\/prestashop\/","url":"https:\/\/elfsight.com\/fr\/qr-code-widget\/prestashop\/","name":"G\u00e9n\u00e9rateur de code QR - Ajouter un plugin de code QR \u00e0 PrestaShop [2026]","isPartOf":{"@id":"https:\/\/elfsight.com\/fr\/#website"},"datePublished":"1970-01-01T00:00:00+00:00","dateModified":"2025-07-10T12:46:08+00:00","description":"Cr\u00e9ez rapidement votre g\u00e9n\u00e9rateur de code QR personnalis\u00e9 pour le site Web PrestaShop. Appliquez simplement notre d\u00e9mo et votre plugin sera construit en deux minutes.","breadcrumb":{"@id":"https:\/\/elfsight.com\/fr\/qr-code-widget\/prestashop\/#breadcrumb"},"inLanguage":"fr-FR","potentialAction":[{"@type":"ReadAction","target":["https:\/\/elfsight.com\/fr\/qr-code-widget\/prestashop\/"]}]},{"@type":"BreadcrumbList","@id":"https:\/\/elfsight.com\/fr\/qr-code-widget\/prestashop\/#breadcrumb","itemListElement":[{"@type":"ListItem","position":1,"name":"Home","item":"https:\/\/elfsight.com\/fr\/"},{"@type":"ListItem","position":2,"name":"QR Code","item":"https:\/\/elfsight.com\/fr\/qr-code-widget\/"},{"@type":"ListItem","position":3,"name":"QR Code &#8211; PrestaShop"}]},{"@type":"WebSite","@id":"https:\/\/elfsight.com\/fr\/#website","url":"https:\/\/elfsight.com\/fr\/","name":"Elfsight FR","description":"","potentialAction":[{"@type":"SearchAction","target":{"@type":"EntryPoint","urlTemplate":"https:\/\/elfsight.com\/fr\/?s={search_term_string}"},"query-input":{"@type":"PropertyValueSpecification","valueRequired":true,"valueName":"search_term_string"}}],"inLanguage":"fr-FR"}]}},"meta_box":{"industry":"","seo_heading":"","heading":"","description":"","cta_heading":"","cta_description":"","application":"2880","h1":"G\u00e9n\u00e9rateur de QR Code PrestaShop","h1_caption":"G\u00e9n\u00e9rez et affichez un code QR pour acc\u00e9der facilement aux URL, au Wi-Fi, aux cartes de visite et bien plus encore sur votre site Web Prestashop.","application_category":[],"applications_title":"","applications_request_title":"","applications_request_button_text":"","hero_text":"","hero_video":"","hero_video_schema_markup":"","selling_points_title":"","selling_points_caption":"","selling_points":[],"selling_points_cta_text":"","features_title":"","features":"","ed_cta_examples_text":"","ed_cta_examples_hidden":"","ed_cta_demo_text":"","ed_cta_demo_hidden":"","why_caption":"","why_editor_title":"","why_editor_text":"","why_team_title":"","why_team_text":"","why_service_title":"","why_service_text":"","template_catalog_visible":"","template_catalog_title":"","template_catalog_text":"","template_catalog_categories_visible":"","demo_title":"Cr\u00e9ez votre module QR Code","demo_caption":"Configurez votre QR Code et ajoutez-le gratuitement \u00e0 votre site PrestaShop !","default_faq_hidden":"","app_template_category":[],"platform":"3190","template_public_id":"","codecanyon_url":"","codecanyon_item_id":"","codecanyon_price":"","pricing_caption":"","pricing_elfsight_apps_hide_column":"","pricing_elfsight_apps_url":"","pricing_codecanyon_price_caption":"","integration_category":[],"integration_request_title":"","integration_request_cta":"","integration_platform":"","integrations":[],"platform_category":[],"video_schema_markup":"","price":"\u00e0 partir de 0$ \/ mois","trial":"","benefits":[{"text":"Assistance \u00e0 l'installation gratuite"},{"text":"Support client exp\u00e9riment\u00e9"},{"text":"Garantie de remboursement de 14 jours"},{"text":"Mise \u00e0 jour constante"}],"button_url":"","button_target_blank":"","button_nofollow":"","attributes":[{"name":"Installations","content":"10,000 - 100,000"},{"name":"Sensible","content":"Oui"},{"name":"Navigateurs compatibles","content":"Firefox, Safari, Opera, Chrome, Edge"}],"tags":[],"tags_disable_links":"","hide_more_platforms":"","video_object":"","demo_hide_cta":"","demo_hide_cloud_options":"","pricing_title":"","pricing":[{"pricing_icon":"platform","pricing_title":"Elfsight Apps","pricing_title_caption":"Logiciel ind\u00e9pendant de la plate-forme","pricing_price":"from $0 \/ month","pricing_price_caption":"commencez avec un forfait gratuit","pricing_benefits":[{"text":"Sites Web illimit\u00e9s"},{"text":"Assistance client 24h\/24 et 7j\/7"},{"text":"Assistance \u00e0 l'installation gratuite"},{"text":"100% personnalisable"}],"pricing_button_text":"Ajouter au site Web","pricing_button_url":"#demo"}],"related_apps_title":"","related_apps_hidden":"","author":"","image":[],"title":"","job":"","social_networks":[]},"_links":{"self":[{"href":"https:\/\/elfsight.com\/fr\/wp-json\/wp\/v2\/pages\/9922","targetHints":{"allow":["GET"]}}],"collection":[{"href":"https:\/\/elfsight.com\/fr\/wp-json\/wp\/v2\/pages"}],"about":[{"href":"https:\/\/elfsight.com\/fr\/wp-json\/wp\/v2\/types\/page"}],"author":[{"embeddable":true,"href":"https:\/\/elfsight.com\/fr\/wp-json\/wp\/v2\/users\/9"}],"replies":[{"embeddable":true,"href":"https:\/\/elfsight.com\/fr\/wp-json\/wp\/v2\/comments?post=9922"}],"version-history":[{"count":1,"href":"https:\/\/elfsight.com\/fr\/wp-json\/wp\/v2\/pages\/9922\/revisions"}],"predecessor-version":[{"id":9926,"href":"https:\/\/elfsight.com\/fr\/wp-json\/wp\/v2\/pages\/9922\/revisions\/9926"}],"up":[{"embeddable":true,"href":"https:\/\/elfsight.com\/fr\/wp-json\/wp\/v2\/pages\/2881"}],"wp:attachment":[{"href":"https:\/\/elfsight.com\/fr\/wp-json\/wp\/v2\/media?parent=9922"}],"curies":[{"name":"wp","href":"https:\/\/api.w.org\/{rel}","templated":true}]}}