{"id":9917,"date":"1970-01-01T00:00:00","date_gmt":"1970-01-01T00:00:00","guid":{"rendered":"https:\/\/elfsight.com\/fr\/?page_id=9917"},"modified":"2025-07-10T12:45:43","modified_gmt":"2025-07-10T12:45:43","slug":"jimdo","status":"publish","type":"page","link":"https:\/\/elfsight.com\/fr\/qr-code-widget\/jimdo\/","title":{"rendered":"QR Code &#8211; Jimdo"},"content":{"rendered":"<div class=\"application-platform-content-item-description application-platform-content-item\" id=\"description\" data-nav-section=\"description\"><h2>Description<\/h2> <p>Elfsight QR Code est un outil remarquable vous permettant de rediriger imm\u00e9diatement les utilisateurs vers n&rsquo;importe quelle page Web, de partager une URL , votre emplacement, votre e-mail, n&rsquo;importe quel fichier et plus encore. L&rsquo;outil est extr\u00eamement modulable\u00a0: vous pouvez ajouter un titre, une l\u00e9gende explicative, choisir l&rsquo;ic\u00f4ne et le logo les plus adapt\u00e9s \u00e0 l&rsquo;aide de notre biblioth\u00e8que ou cr\u00e9er les v\u00f4tres, recolorer le texte, l&rsquo;arri\u00e8re-plan, le cadre et modifier la taille du widget selon vos besoins. Il ne vous reste plus qu&rsquo;\u00e0 commencer \u00e0 cr\u00e9er votre fonctionnalit\u00e9 personnalis\u00e9e : l&rsquo;installation est un jeu d&rsquo;enfant et ne n\u00e9cessite aucune comp\u00e9tence en codage. <\/p> <p><b>Rendez votre site Web plus efficace pour les t\u00e2ches professionnelles \u00e0 l&rsquo;aide du code QR.<\/b><\/p> <\/div> <div class=\"application-platform-content-item-features application-platform-content-item\" id=\"features\" data-nav-section=\"features\"> <h2>Le plus de pr\u00e9cieuses fonctionnalit\u00e9s de widget offrent<\/h2> <ul><li>Un acc\u00e8s instantan\u00e9 \u00e0 votre contenu<\/li><li>Une possibilit\u00e9 de partager des URL, des emplacements, des fichiers, des profils de r\u00e9seaux sociaux et bien plus encore<\/li><li> Ajoutez n&rsquo;importe quel texte<\/li><li>8 logos commutables<\/li><li>Une possibilit\u00e9 de t\u00e9l\u00e9charger votre logo personnalis\u00e9<\/li><li>15 ic\u00f4nes \u00e9changeables disponibles<\/li><li>Cadres pour pr\u00e9senter le code la mani\u00e8re la plus efficace<\/li><li>Changer la taille du code<\/li><li>Modifier la taille du texte<\/li><li>Joindre une l\u00e9gende<\/li><\/ul><p><a href=\"#demo\">Explorez toutes les options de personnalisation dans une d\u00e9mo 100% fonctionnelle<\/a><\/p> <\/div> <div class=\"application-platform-content-item-installation application-platform-content-item\" id=\"installation\" data-nav-section=\"installation\"> <h2>Comment ajouter un QR Code \u00e0 la page Web Jimdo ? <\/h2> <p>Suivez simplement les instructions ci-dessous pour commencer \u00e0 travailler avec le widget. <\/p> <ol><li><b>Utilisez notre \u00e9diteur gratuit et commencez \u00e0 fa\u00e7onner votre instrument sur mesure. <\/b><br> Choisissez le formulaire personnalis\u00e9 et les options du widget et appliquez les corrections. <\/li> <li><b>Recevez le code individuel qui est affich\u00e9 dans le formulaire sp\u00e9cial sur les applications Elfsight. <\/b><br> D\u00e8s que la personnalisation de votre widget personnel est termin\u00e9e, copiez le code personnel dans la case apparue et conservez-le pour une utilisation ult\u00e9rieure. <\/li> <li><b>Commencez \u00e0 utiliser le widget sur le site Jimdo. <\/b><br> Ajoutez le code que vous avez copi\u00e9 auparavant dans votre page Web et enregistrez les ajustements. <\/li> <li><b>La configuration est enti\u00e8rement effectu\u00e9e. <\/b><br> Visitez votre page Web pour voir comment le widget fonctionne. <\/li><\/ol> <p>En cas de probl\u00e8mes, n&rsquo;h\u00e9sitez pas \u00e0 faire appel \u00e0 notre \u00e9quipe d&rsquo;assistance. Nos collaborateurs sont impatients de vous aider avec toutes les questions que vous pourriez avoir concernant le produit. <\/p> <div class=\"faq\" data-component=\"FAQ\"><div class=\"faq-item\">\r\n\t\t\t\t\t<div class=\"faq-item-question\">\r\n\t\t\t\t\t\t<h3 class=\"faq-item-question-text\">Existe-t-il une m\u00e9thode pour ajouter un QR Code \u00e0 mon site Jimdo sans exp\u00e9rience en codage ?<\/h3>\r\n\r\n\t\t\t\t\t\t<div class=\"faq-item-question-icon\"><\/div>\r\n\t\t\t\t\t<\/div>\r\n\r\n\t\t\t\t\t<div class=\"faq-item-answer\">\r\n\t\t\t\t\t\t<div class=\"faq-item-answer-text\"> <p>Elfsight propose une solution qui permet aux utilisateurs de cr\u00e9er eux-m\u00eames un plugin QR Code, d\u00e9couvrez comment C&rsquo;est simple\u00a0: commencez \u00e0 travailler directement dans la d\u00e9mo en ligne pour cr\u00e9er une section de code QR que vous aimeriez voir sur la page d&rsquo;accueil de Jimdo. Choisissez l&rsquo;un de nos mod\u00e8les pr\u00e9d\u00e9finis et ajustez les param\u00e8tres du code QR, modifiez la mise en page et la palette de couleurs, ajoutez votre contenu, sans aucune exp\u00e9rience de codage. Enregistrez le code QR et obtenez le code d&rsquo;installation du widget, que vous pouvez facilement int\u00e9grer dans n&rsquo;importe quel site Jimdo en utilisant un forfait gratuit. Avec le configurateur simple, tout internaute peut cr\u00e9er un plugin QR Code et le coller sans effort sur le site Jimdo. Vous ne devez pas payer ni divulguer les donn\u00e9es de votre carte pour acc\u00e9der \u00e0 notre \u00e9diteur. Si vous rencontrez des probl\u00e8mes \u00e0 n&rsquo;importe quelle \u00e9tape, n&rsquo;h\u00e9sitez pas \u00e0 contacter notre \u00e9quipe d&rsquo;assistance.<\/p> <\/div>\r\n\t\t\t\t\t<\/div>\r\n\t\t\t\t<\/div> <\/div><\/div>","protected":false},"excerpt":{"rendered":"","protected":false},"author":9,"featured_media":0,"parent":2881,"menu_order":0,"comment_status":"closed","ping_status":"closed","template":"templates\/template-application-platform.php","meta":{"publish_to_discourse":"","publish_post_category":"","wpdc_auto_publish_overridden":"","wpdc_topic_tags":"","wpdc_pin_topic":"","wpdc_pin_until":"","discourse_post_id":"","discourse_permalink":"","wpdc_publishing_response":"","wpdc_publishing_error":"","footnotes":""},"class_list":["post-9917","page","type-page","status-publish","hentry"],"yoast_head":"<!-- This site is optimized with the Yoast SEO plugin v25.3.1 - https:\/\/yoast.com\/wordpress\/plugins\/seo\/ -->\n<title>G\u00e9n\u00e9rateur de code QR - Ajouter un plugin de code QR \u00e0 Jimdo [2025]<\/title>\n<meta name=\"description\" content=\"Cr\u00e9ez rapidement votre g\u00e9n\u00e9rateur de code QR personnalis\u00e9 pour le site Web Jimdo. Appliquez simplement notre d\u00e9mo et votre plugin sera construit en moins de deux minutes.\" \/>\n<meta name=\"robots\" content=\"index, follow, max-snippet:-1, max-image-preview:large, max-video-preview:-1\" \/>\n<link rel=\"canonical\" href=\"https:\/\/elfsight.com\/fr\/qr-code-widget\/jimdo\/\" \/>\n<meta property=\"og:locale\" content=\"fr_FR\" \/>\n<meta property=\"og:type\" content=\"article\" \/>\n<meta property=\"og:title\" content=\"G\u00e9n\u00e9rateur de code QR - Ajouter un plugin de code QR \u00e0 Jimdo [2025]\" \/>\n<meta property=\"og:description\" content=\"Cr\u00e9ez rapidement votre g\u00e9n\u00e9rateur de code QR personnalis\u00e9 pour le site Web Jimdo. Appliquez simplement notre d\u00e9mo et votre plugin sera construit en moins de deux minutes.\" \/>\n<meta property=\"og:url\" content=\"https:\/\/elfsight.com\/fr\/qr-code-widget\/jimdo\/\" \/>\n<meta property=\"og:site_name\" content=\"Elfsight FR\" \/>\n<meta property=\"article:modified_time\" content=\"2025-07-10T12:45:43+00:00\" \/>\n<meta name=\"twitter:card\" content=\"summary_large_image\" \/>\n<meta name=\"twitter:label1\" content=\"Dur\u00e9e de lecture estim\u00e9e\" \/>\n\t<meta name=\"twitter:data1\" content=\"3 minutes\" \/>\n<!-- \/ Yoast SEO plugin. -->","yoast_head_json":{"title":"G\u00e9n\u00e9rateur de code QR - Ajouter un plugin de code QR \u00e0 Jimdo [2025]","description":"Cr\u00e9ez rapidement votre g\u00e9n\u00e9rateur de code QR personnalis\u00e9 pour le site Web Jimdo. Appliquez simplement notre d\u00e9mo et votre plugin sera construit en moins de deux minutes.","robots":{"index":"index","follow":"follow","max-snippet":"max-snippet:-1","max-image-preview":"max-image-preview:large","max-video-preview":"max-video-preview:-1"},"canonical":"https:\/\/elfsight.com\/fr\/qr-code-widget\/jimdo\/","og_locale":"fr_FR","og_type":"article","og_title":"G\u00e9n\u00e9rateur de code QR - Ajouter un plugin de code QR \u00e0 Jimdo [2025]","og_description":"Cr\u00e9ez rapidement votre g\u00e9n\u00e9rateur de code QR personnalis\u00e9 pour le site Web Jimdo. Appliquez simplement notre d\u00e9mo et votre plugin sera construit en moins de deux minutes.","og_url":"https:\/\/elfsight.com\/fr\/qr-code-widget\/jimdo\/","og_site_name":"Elfsight FR","article_modified_time":"2025-07-10T12:45:43+00:00","twitter_card":"summary_large_image","twitter_misc":{"Dur\u00e9e de lecture estim\u00e9e":"3 minutes"},"schema":{"@context":"https:\/\/schema.org","@graph":[{"@type":"WebPage","@id":"https:\/\/elfsight.com\/fr\/qr-code-widget\/jimdo\/","url":"https:\/\/elfsight.com\/fr\/qr-code-widget\/jimdo\/","name":"G\u00e9n\u00e9rateur de code QR - Ajouter un plugin de code QR \u00e0 Jimdo [2025]","isPartOf":{"@id":"https:\/\/elfsight.com\/fr\/#website"},"datePublished":"1970-01-01T00:00:00+00:00","dateModified":"2025-07-10T12:45:43+00:00","description":"Cr\u00e9ez rapidement votre g\u00e9n\u00e9rateur de code QR personnalis\u00e9 pour le site Web Jimdo. Appliquez simplement notre d\u00e9mo et votre plugin sera construit en moins de deux minutes.","breadcrumb":{"@id":"https:\/\/elfsight.com\/fr\/qr-code-widget\/jimdo\/#breadcrumb"},"inLanguage":"fr-FR","potentialAction":[{"@type":"ReadAction","target":["https:\/\/elfsight.com\/fr\/qr-code-widget\/jimdo\/"]}]},{"@type":"BreadcrumbList","@id":"https:\/\/elfsight.com\/fr\/qr-code-widget\/jimdo\/#breadcrumb","itemListElement":[{"@type":"ListItem","position":1,"name":"Home","item":"https:\/\/elfsight.com\/fr\/"},{"@type":"ListItem","position":2,"name":"QR Code","item":"https:\/\/elfsight.com\/fr\/qr-code-widget\/"},{"@type":"ListItem","position":3,"name":"QR Code &#8211; Jimdo"}]},{"@type":"WebSite","@id":"https:\/\/elfsight.com\/fr\/#website","url":"https:\/\/elfsight.com\/fr\/","name":"Elfsight FR","description":"","potentialAction":[{"@type":"SearchAction","target":{"@type":"EntryPoint","urlTemplate":"https:\/\/elfsight.com\/fr\/?s={search_term_string}"},"query-input":{"@type":"PropertyValueSpecification","valueRequired":true,"valueName":"search_term_string"}}],"inLanguage":"fr-FR"}]}},"meta_box":{"industry":"","seo_heading":"","heading":"","description":"","cta_heading":"","cta_description":"","application":"2880","h1":"Widget g\u00e9n\u00e9rateur de QR Code Jimdo","h1_caption":"G\u00e9n\u00e9rez et affichez un code QR pour acc\u00e9der facilement aux URL, au Wi-Fi, aux cartes de visite et bien plus encore sur votre site Web Jimdo.","application_category":[],"applications_title":"","applications_request_title":"","applications_request_button_text":"","hero_text":"","hero_video":"","hero_video_schema_markup":"","selling_points_title":"","selling_points_caption":"","selling_points":[],"selling_points_cta_text":"","features_title":"","features":"","ed_cta_examples_text":"","ed_cta_examples_hidden":"","ed_cta_demo_text":"","ed_cta_demo_hidden":"","why_caption":"","why_editor_title":"","why_editor_text":"","why_team_title":"","why_team_text":"","why_service_title":"","why_service_text":"","template_catalog_visible":"","template_catalog_title":"","template_catalog_text":"","template_catalog_categories_visible":"","demo_title":"Cr\u00e9ez votre widget QR Code","demo_caption":"Configurez votre QR Code et ajoutez-le gratuitement \u00e0 votre site Jimdo !","default_faq_hidden":"","app_template_category":[],"platform":"372","template_public_id":"","codecanyon_url":"","codecanyon_item_id":"","codecanyon_price":"","pricing_caption":"","pricing_elfsight_apps_hide_column":"","pricing_elfsight_apps_url":"","pricing_codecanyon_price_caption":"","integration_category":[],"integration_request_title":"","integration_request_cta":"","integration_platform":"","integrations":[],"platform_category":[],"video_schema_markup":"","price":"25\u00a0$","trial":"","benefits":[{"text":"Aide \u00e0 l'installation gratuite"},{"text":"Assistance premium"},{"text":"Garantie de remboursement de 14 jours"},{"text":"Mises \u00e0 jour r\u00e9guli\u00e8res"}],"button_url":"","button_target_blank":"","button_nofollow":"","attributes":[{"name":"Installations","content":"10,000 - 100,000"},{"name":"Sensible","content":"Oui"},{"name":"Navigateurs compatibles","content":"Firefox, Safari, Opera, Chrome, Edge"}],"tags":[],"tags_disable_links":"","hide_more_platforms":"","video_object":"","demo_hide_cta":"","demo_hide_cloud_options":"","pricing_title":"","pricing":[{"pricing_icon":"platform","pricing_title":"Elfsight Apps","pricing_title_caption":"Solution num\u00e9rique multiplateforme adapt\u00e9e \u00e0 n'importe quel site Web","pricing_price":"from $0 \/ month","pricing_price_caption":"commencez avec un forfait gratuit","pricing_benefits":[{"text":"Nombre de domaines illimit\u00e9"},{"text":"Support client professionnel"},{"text":"Service d'installation gratuit"},{"text":"100% personnalisable"}],"pricing_button_text":"Ajouter au site Web","pricing_button_url":"#demo"}],"related_apps_title":"","related_apps_hidden":"","author":"","image":[],"title":"","job":"","social_networks":[]},"_links":{"self":[{"href":"https:\/\/elfsight.com\/fr\/wp-json\/wp\/v2\/pages\/9917","targetHints":{"allow":["GET"]}}],"collection":[{"href":"https:\/\/elfsight.com\/fr\/wp-json\/wp\/v2\/pages"}],"about":[{"href":"https:\/\/elfsight.com\/fr\/wp-json\/wp\/v2\/types\/page"}],"author":[{"embeddable":true,"href":"https:\/\/elfsight.com\/fr\/wp-json\/wp\/v2\/users\/9"}],"replies":[{"embeddable":true,"href":"https:\/\/elfsight.com\/fr\/wp-json\/wp\/v2\/comments?post=9917"}],"version-history":[{"count":1,"href":"https:\/\/elfsight.com\/fr\/wp-json\/wp\/v2\/pages\/9917\/revisions"}],"predecessor-version":[{"id":9921,"href":"https:\/\/elfsight.com\/fr\/wp-json\/wp\/v2\/pages\/9917\/revisions\/9921"}],"up":[{"embeddable":true,"href":"https:\/\/elfsight.com\/fr\/wp-json\/wp\/v2\/pages\/2881"}],"wp:attachment":[{"href":"https:\/\/elfsight.com\/fr\/wp-json\/wp\/v2\/media?parent=9917"}],"curies":[{"name":"wp","href":"https:\/\/api.w.org\/{rel}","templated":true}]}}