{"id":9858,"date":"1970-01-01T00:00:00","date_gmt":"1970-01-01T00:00:00","guid":{"rendered":"https:\/\/elfsight.com\/fr\/?page_id=9858"},"modified":"2025-01-10T12:35:17","modified_gmt":"2025-01-10T12:35:17","slug":"elementor","status":"publish","type":"page","link":"https:\/\/elfsight.com\/fr\/portfolio-widget\/elementor\/","title":{"rendered":"Portfolio &#8211; Elementor"},"content":{"rendered":"\n<div class=\"application-platform-content-item-description application-platform-content-item\" id=\"description\" data-nav-section=\"description\"><h2>Int\u00e9grer Portfolio sur Elementor avec le widget Elfsight<\/h2><p>Le widget Elfsight Portfolio aidera tous ceux qui souhaitent int\u00e9grer leur collection de travaux sur le site et attirer de nouvelles ventes. Avec notre outil, vous pouvez afficher des collections d&rsquo;images, de vid\u00e9os, de dessins et d&rsquo;autres mat\u00e9riaux. Chaque \u00e9l\u00e9ment de contenu peut avoir une description d\u00e9taill\u00e9e et une date. Vous avez la possibilit\u00e9 de lier des projets \u00e0 leurs sites Web et de diviser les projets en cat\u00e9gories. Les utilisateurs verront votre portefeuille de projets, cliqueront sur un projet et afficheront son contenu directement sur votre site. L&rsquo;en-t\u00eate du widget affiche votre nom complet, votre photo et vos coordonn\u00e9es, qui permettent de communiquer avec vous. Le bouton d&rsquo;appel \u00e0 l&rsquo;action am\u00e8nera les utilisateurs \u00e0 la page de passation de commande et vous aidera \u00e0 augmenter le montant des ventes.<\/p><div class=\"faq\" data-component=\"FAQ\"> <div class=\"faq-item\">\r\n\t\t\t\t\t<div class=\"faq-item-question\">\r\n\t\t\t\t\t\t<h3 class=\"faq-item-question-text\">O\u00f9 sur mon site Web puis-je int\u00e9grer le widget<\/h3>\r\n\r\n\t\t\t\t\t\t<div class=\"faq-item-question-icon\"><\/div>\r\n\t\t\t\t\t<\/div>\r\n\r\n\t\t\t\t\t<div class=\"faq-item-answer\">\r\n\t\t\t\t\t\t<div class=\"faq-item-answer-text\"><p>Vous peut l&rsquo;int\u00e9grer dans n&rsquo;importe quelle page de votre site ainsi que sur toutes les pages web. Votre mod\u00e8le de portfolio fascinant attirera toute l&rsquo;attention sur la page principale du site Web et pourra visualiser vos services sur les pages Portfolio.<\/p><\/div>\r\n\t\t\t\t\t<\/div>\r\n\t\t\t\t<\/div><div class=\"faq-item\">\r\n\t\t\t\t\t<div class=\"faq-item-question\">\r\n\t\t\t\t\t\t<h3 class=\"faq-item-question-text\">Quels sont les avantages de l'int\u00e9gration de Portfolio pour moi ?<\/h3>\r\n\r\n\t\t\t\t\t\t<div class=\"faq-item-question-icon\"><\/div>\r\n\t\t\t\t\t<\/div>\r\n\r\n\t\t\t\t\t<div class=\"faq-item-answer\">\r\n\t\t\t\t\t\t<div class=\"faq-item-answer-text\"><p>Une belle collection de vos \u0153uvres r\u00e9v\u00e9lera toutes vos hautes comp\u00e9tences et talents \u00e0 vos visiteurs. Cela les incitera \u00e9galement \u00e0 commander vos services et vous obtiendrez de nouveaux achats. De plus, gr\u00e2ce aux moyens pratiques d&rsquo;entrer en contact avec vous, vous augmenterez le nombre de leads.<\/p><\/div>\r\n\t\t\t\t\t<\/div>\r\n\t\t\t\t<\/div><div class=\"faq-item\">\r\n\t\t\t\t\t<div class=\"faq-item-question\">\r\n\t\t\t\t\t\t<h3 class=\"faq-item-question-text\">De quoi ai-je besoin pour ajouter Portfolio Gallery \u00e0 mon site Elementor ?<\/h3>\r\n\r\n\t\t\t\t\t\t<div class=\"faq-item-question-icon\"><\/div>\r\n\t\t\t\t\t<\/div>\r\n\r\n\t\t\t\t\t<div class=\"faq-item-answer\">\r\n\t\t\t\t\t\t<div class=\"faq-item-answer-text\"><p>Cela ne prend qu&rsquo;une minute de votre temps pour le configurer. L&rsquo;installation est tr\u00e8s rapide, gratuite et ne n\u00e9cessite aucun codage.<\/p><p>Vous pouvez placer le mod\u00e8le Portfolio sur le site Web via notre service. Pour cela, utilisez une br\u00e8ve description sur cette page.<\/p><\/div>\r\n\t\t\t\t\t<\/div>\r\n\t\t\t\t<\/div><\/div><\/div><div class=\"application-platform-content-item-features application-platform-content-item\" id=\"features\" data-nav-section=\"features\"><h2>Principales fonctionnalit\u00e9s du widget Portfolio<\/h2><p>Pour fa\u00e7onner une perception compl\u00e8te d\u2019Elementor Photo &amp; Portfolio vid\u00e9o, examinez la liste de ses fonctionnalit\u00e9s essentielles. Ils rendent le widget extr\u00eamement b\u00e9n\u00e9fique pour votre entreprise\u00a0:<\/p><ul><li>Affichez plusieurs projets et ajoutez des titres de projets\u00a0;<\/li><li>D\u00e9finissez des cat\u00e9gories et r\u00e9unissez-y des projets\u00a0;<\/li><li> Choisissez les types de donn\u00e9es \u00e0 afficher dans la fen\u00eatre contextuelle et survolez\u00a0;<\/li><li>L&rsquo;option pour ajouter des descriptions et attribuer des dates aux fichiers du projet\u00a0;<\/li><li>Bouton d&rsquo;appel \u00e0 l&rsquo;action sur le widget en-t\u00eate et dans la fen\u00eatre contextuelle redirige les clients vers n&rsquo;importe quelle page.<\/li><\/ul><p><a href=\"#demo\">La d\u00e9mo en direct vous montrera toutes les fonctionnalit\u00e9s<\/a><\/p><\/div><div class=\"application-platform-content-item-installation application-platform-content-item\" id=\"installation\" data-nav-section=\"installation\"><h2>Comment cr\u00e9er le widget Portfolio sur votre site Elementor<\/h2><div class=\"video-container\"><iframe width=\"720\" height=\"405\" src=\"https:\/\/www.youtube.com\/embed\/H_3LicRtHrY\" frameborder=\"0\" allowfullscreen=\"\"><\/iframe><\/div><p>Ces diff\u00e9rentes actions sont la seule chose dont vous avez besoin pour configurer le plugin sur votre site Web. Cela prendra quelques minutes de votre temps et ne n\u00e9cessite pas de codage.<\/p><ol><li><b>Cr\u00e9ez votre plugin Elementor Portfolio personnalis\u00e9<\/b><br> Dans notre configurateur gratuit, d\u00e9finissez cr\u00e9er un widget avec un mod\u00e8le personnalis\u00e9 et des caract\u00e9ristiques fonctionnelles.<\/li><li><b>Obtenir le code personnel pour int\u00e9grer le plugin<\/b><br> Apr\u00e8s avoir cr\u00e9\u00e9 votre widget, vous acquerrez le code unique de la fen\u00eatre qui appara\u00eet sur Elfsight Apps. Copiez ce code pour une utilisation ult\u00e9rieure.<\/li> <li><b>Int\u00e9grez le plugin sur votre site Web Elementor<\/b><br> Acc\u00e9dez \u00e0 la zone o\u00f9 vous souhaitez ajouter le widget et collez-y le code copi\u00e9. Publiez les r\u00e9sultats.<\/li> <li><b>Vous avez enti\u00e8rement effectu\u00e9 l&rsquo;installation<\/b><br> Visitez le site pour jeter un \u0153il \u00e0 votre portfolio.<\/li> <\/ol><p>Toujours douter de quelque chose ? Ou vous \u00eates tomb\u00e9 sur quelque chose ? Une simple demande \u00e0 notre service client vous aidera \u00e0 r\u00e9soudre n&rsquo;importe quel probl\u00e8me.<\/p><\/div>\n","protected":false},"excerpt":{"rendered":"","protected":false},"author":9,"featured_media":0,"parent":2589,"menu_order":0,"comment_status":"closed","ping_status":"closed","template":"templates\/template-application-platform.php","meta":{"publish_to_discourse":"","publish_post_category":"","wpdc_auto_publish_overridden":"","wpdc_topic_tags":"","wpdc_pin_topic":"","wpdc_pin_until":"","discourse_post_id":"","discourse_permalink":"","wpdc_publishing_response":"","wpdc_publishing_error":"","footnotes":""},"class_list":["post-9858","page","type-page","status-publish","hentry"],"yoast_head":"<!-- This site is optimized with the Yoast SEO plugin v25.3.1 - https:\/\/yoast.com\/wordpress\/plugins\/seo\/ -->\n<title>Le meilleur widget Portfolio pour le site Web Elementor (gratuit et rapide)<\/title>\n<meta name=\"description\" content=\"Il est tr\u00e8s simple de cr\u00e9er votre mod\u00e8le de widget Portfolio et de l\u2019ajouter \u00e0 votre site Web Elementor. Le service client Elfsight est gratuit et rapide.\" \/>\n<meta name=\"robots\" content=\"index, follow, max-snippet:-1, max-image-preview:large, max-video-preview:-1\" \/>\n<link rel=\"canonical\" href=\"https:\/\/elfsight.com\/fr\/portfolio-widget\/elementor\/\" \/>\n<meta property=\"og:locale\" content=\"fr_FR\" \/>\n<meta property=\"og:type\" content=\"article\" \/>\n<meta property=\"og:title\" content=\"Le meilleur widget Portfolio pour le site Web Elementor (gratuit et rapide)\" \/>\n<meta property=\"og:description\" content=\"Il est tr\u00e8s simple de cr\u00e9er votre mod\u00e8le de widget Portfolio et de l\u2019ajouter \u00e0 votre site Web Elementor. Le service client Elfsight est gratuit et rapide.\" \/>\n<meta property=\"og:url\" content=\"https:\/\/elfsight.com\/fr\/portfolio-widget\/elementor\/\" \/>\n<meta property=\"og:site_name\" content=\"Elfsight FR\" \/>\n<meta property=\"article:modified_time\" content=\"2025-01-10T12:35:17+00:00\" \/>\n<meta name=\"twitter:card\" content=\"summary_large_image\" \/>\n<meta name=\"twitter:label1\" content=\"Dur\u00e9e de lecture estim\u00e9e\" \/>\n\t<meta name=\"twitter:data1\" content=\"3 minutes\" \/>\n<!-- \/ Yoast SEO plugin. -->","yoast_head_json":{"title":"Le meilleur widget Portfolio pour le site Web Elementor (gratuit et rapide)","description":"Il est tr\u00e8s simple de cr\u00e9er votre mod\u00e8le de widget Portfolio et de l\u2019ajouter \u00e0 votre site Web Elementor. Le service client Elfsight est gratuit et rapide.","robots":{"index":"index","follow":"follow","max-snippet":"max-snippet:-1","max-image-preview":"max-image-preview:large","max-video-preview":"max-video-preview:-1"},"canonical":"https:\/\/elfsight.com\/fr\/portfolio-widget\/elementor\/","og_locale":"fr_FR","og_type":"article","og_title":"Le meilleur widget Portfolio pour le site Web Elementor (gratuit et rapide)","og_description":"Il est tr\u00e8s simple de cr\u00e9er votre mod\u00e8le de widget Portfolio et de l\u2019ajouter \u00e0 votre site Web Elementor. Le service client Elfsight est gratuit et rapide.","og_url":"https:\/\/elfsight.com\/fr\/portfolio-widget\/elementor\/","og_site_name":"Elfsight FR","article_modified_time":"2025-01-10T12:35:17+00:00","twitter_card":"summary_large_image","twitter_misc":{"Dur\u00e9e de lecture estim\u00e9e":"3 minutes"},"schema":{"@context":"https:\/\/schema.org","@graph":[{"@type":"WebPage","@id":"https:\/\/elfsight.com\/fr\/portfolio-widget\/elementor\/","url":"https:\/\/elfsight.com\/fr\/portfolio-widget\/elementor\/","name":"Le meilleur widget Portfolio pour le site Web Elementor (gratuit et rapide)","isPartOf":{"@id":"https:\/\/elfsight.com\/fr\/#website"},"datePublished":"1970-01-01T00:00:00+00:00","dateModified":"2025-01-10T12:35:17+00:00","description":"Il est tr\u00e8s simple de cr\u00e9er votre mod\u00e8le de widget Portfolio et de l\u2019ajouter \u00e0 votre site Web Elementor. Le service client Elfsight est gratuit et rapide.","breadcrumb":{"@id":"https:\/\/elfsight.com\/fr\/portfolio-widget\/elementor\/#breadcrumb"},"inLanguage":"fr-FR","potentialAction":[{"@type":"ReadAction","target":["https:\/\/elfsight.com\/fr\/portfolio-widget\/elementor\/"]}]},{"@type":"BreadcrumbList","@id":"https:\/\/elfsight.com\/fr\/portfolio-widget\/elementor\/#breadcrumb","itemListElement":[{"@type":"ListItem","position":1,"name":"Home","item":"https:\/\/elfsight.com\/fr\/"},{"@type":"ListItem","position":2,"name":"Portfolio","item":"https:\/\/elfsight.com\/fr\/portfolio-widget\/"},{"@type":"ListItem","position":3,"name":"Portfolio &#8211; Elementor"}]},{"@type":"WebSite","@id":"https:\/\/elfsight.com\/fr\/#website","url":"https:\/\/elfsight.com\/fr\/","name":"Elfsight FR","description":"","potentialAction":[{"@type":"SearchAction","target":{"@type":"EntryPoint","urlTemplate":"https:\/\/elfsight.com\/fr\/?s={search_term_string}"},"query-input":{"@type":"PropertyValueSpecification","valueRequired":true,"valueName":"search_term_string"}}],"inLanguage":"fr-FR"}]}},"meta_box":{"industry":"","seo_heading":"","heading":"","description":"","cta_heading":"","cta_description":"","application":"2588","h1":"Le meilleur widget de portefeuille Elementor","h1_caption":"Affichez votre travail dans un portfolio personnalisable, ce qui facilite la pr\u00e9sentation de vos projets et r\u00e9alisations sur votre site Web Elementor sans effort.","application_category":[],"applications_title":"","applications_request_title":"","applications_request_button_text":"","hero_text":"","hero_video":"","hero_video_schema_markup":"","selling_points_title":"","selling_points_caption":"","selling_points":[],"selling_points_cta_text":"","features_title":"","features":"","ed_cta_examples_text":"","ed_cta_examples_hidden":"","ed_cta_demo_text":"","ed_cta_demo_hidden":"","why_caption":"","why_editor_title":"","why_editor_text":"","why_team_title":"","why_team_text":"","why_service_title":"","why_service_text":"","template_catalog_visible":"0","template_catalog_title":"","template_catalog_text":"","template_catalog_categories_visible":"","demo_title":"Cr\u00e9ez votre widget Portefeuille","demo_caption":"Configurez votre portfolio et ajoutez-le \u00e0 votre site Web Elementor gratuitement\u00a0!","default_faq_hidden":"","app_template_category":[],"platform":"385","template_public_id":"","codecanyon_url":"","codecanyon_item_id":"","codecanyon_price":"","pricing_caption":"","pricing_elfsight_apps_hide_column":"","pricing_elfsight_apps_url":"","pricing_codecanyon_price_caption":"","integration_category":[],"integration_request_title":"","integration_request_cta":"","integration_platform":"","integrations":[],"platform_category":[],"video_schema_markup":"","price":"\u00e0 partir de 0$ \/ mois","trial":"","benefits":[{"text":"Aide \u00e0 l'installation gratuite"},{"text":"Assistance premium"},{"text":"Garantie de remboursement de 14 jours"},{"text":"Mises \u00e0 jour gratuites r\u00e9guli\u00e8res"}],"button_url":"","button_target_blank":"0","button_nofollow":"0","attributes":[{"name":"Installations","content":"10,000 - 100,000"},{"name":"Sensible","content":"Oui"},{"name":"Navigateurs compatibles","content":"Firefox, Safari, Opera, Chrome, Edge"}],"tags":[],"tags_disable_links":"0","hide_more_platforms":"","video_object":"","demo_hide_cta":"0","demo_hide_cloud_options":"0","pricing_title":"","pricing":[{"pricing_icon":"platform","pricing_title":"Elfsight Apps","pricing_title_caption":"Logiciel multiplateforme adapt\u00e9 \u00e0 n'importe quel site Web","pricing_price":"from $0 \/ month","pricing_price_caption":"commencez avec un forfait gratuit","pricing_benefits":[{"text":"Sites Web illimit\u00e9s"},{"text":"Support d\u2019entreprise d\u00e9di\u00e9 et bien document\u00e9"},{"text":"Service d'installation gratuit"},{"text":"Prix \u200b\u200b\u00e0 attraper pour plusieurs applications"}],"pricing_button_text":"Ajouter au site Web","pricing_button_url":"#demo"}],"related_apps_title":"","related_apps_hidden":"0","author":"","image":[],"title":"","job":"","social_networks":[]},"_links":{"self":[{"href":"https:\/\/elfsight.com\/fr\/wp-json\/wp\/v2\/pages\/9858","targetHints":{"allow":["GET"]}}],"collection":[{"href":"https:\/\/elfsight.com\/fr\/wp-json\/wp\/v2\/pages"}],"about":[{"href":"https:\/\/elfsight.com\/fr\/wp-json\/wp\/v2\/types\/page"}],"author":[{"embeddable":true,"href":"https:\/\/elfsight.com\/fr\/wp-json\/wp\/v2\/users\/9"}],"replies":[{"embeddable":true,"href":"https:\/\/elfsight.com\/fr\/wp-json\/wp\/v2\/comments?post=9858"}],"version-history":[{"count":2,"href":"https:\/\/elfsight.com\/fr\/wp-json\/wp\/v2\/pages\/9858\/revisions"}],"predecessor-version":[{"id":16118,"href":"https:\/\/elfsight.com\/fr\/wp-json\/wp\/v2\/pages\/9858\/revisions\/16118"}],"up":[{"embeddable":true,"href":"https:\/\/elfsight.com\/fr\/wp-json\/wp\/v2\/pages\/2589"}],"wp:attachment":[{"href":"https:\/\/elfsight.com\/fr\/wp-json\/wp\/v2\/media?parent=9858"}],"curies":[{"name":"wp","href":"https:\/\/api.w.org\/{rel}","templated":true}]}}