{"id":9851,"date":"1970-01-01T00:00:00","date_gmt":"1970-01-01T00:00:00","guid":{"rendered":"https:\/\/elfsight.com\/fr\/?page_id=9851"},"modified":"2025-07-10T12:41:33","modified_gmt":"2025-07-10T12:41:33","slug":"magento","status":"publish","type":"page","link":"https:\/\/elfsight.com\/fr\/portfolio-widget\/magento\/","title":{"rendered":"Portfolio &#8211; Magento"},"content":{"rendered":"<div class=\"application-platform-content-item-description application-platform-content-item\" id=\"description\" data-nav-section=\"description\"><h2>Description<\/h2><p>L&rsquo;extension Elfsight Portfolio est destin\u00e9e \u00e0 aider chaque utilisateur destin\u00e9 \u00e0 d\u00e9montrer son portefeuille de projets sur le site et \u00e0 obtenir de nouveaux clients. Avec cet outil, vous aurez la possibilit\u00e9 d&rsquo;exposer des images, du contenu vid\u00e9o, des sch\u00e9mas et d&rsquo;autres mat\u00e9riaux. Chaque dossier peut \u00eatre accompagn\u00e9 d&rsquo;une description compl\u00e8te et d&rsquo;une date. Vous pouvez lier des projets \u00e0 leurs sites et \u00e9tablir des cat\u00e9gories de projets. Les utilisateurs du site Web v\u00e9rifieront votre portfolio, ouvriront chaque projet et consulteront son contenu directement sur le site Web. L&rsquo;en-t\u00eate de l&rsquo;extension pr\u00e9sente votre nom, votre photo et vos coordonn\u00e9es, qui permettent de vous contacter. Le bouton actif redirigera les utilisateurs vers la page d&rsquo;achat et vous aidera \u00e0 augmenter le montant des ventes.<\/p><div class=\"faq\" data-component=\"FAQ\"> <div class=\"faq-item\">\r\n\t\t\t\t\t<div class=\"faq-item-question\">\r\n\t\t\t\t\t\t<h3 class=\"faq-item-question-text\">O\u00f9 puis-je l'ajouter sur mon site<\/h3>\r\n\r\n\t\t\t\t\t\t<div class=\"faq-item-question-icon\"><\/div>\r\n\t\t\t\t\t<\/div>\r\n\r\n\t\t\t\t\t<div class=\"faq-item-answer\">\r\n\t\t\t\t\t\t<div class=\"faq-item-answer-text\"><p> L&rsquo;extension peut appara\u00eetre sur n&rsquo;importe quelle page. de votre site internet ou sur toutes les pages web. Vos \u0153uvres accrocheuses attireront un maximum d&rsquo;attention lorsqu&rsquo;elles seront plac\u00e9es sur la page principale du site Web et pourront fournir un support visuel de vos services sur les pages Portfolio.<\/p><\/div>\r\n\t\t\t\t\t<\/div>\r\n\t\t\t\t<\/div><div class=\"faq-item\">\r\n\t\t\t\t\t<div class=\"faq-item-question\">\r\n\t\t\t\t\t\t<h3 class=\"faq-item-question-text\">Comment vais-je b\u00e9n\u00e9ficier de l'extension ? <\/h3>\r\n\r\n\t\t\t\t\t\t<div class=\"faq-item-question-icon\"><\/div>\r\n\t\t\t\t\t<\/div>\r\n\r\n\t\t\t\t\t<div class=\"faq-item-answer\">\r\n\t\t\t\t\t\t<div class=\"faq-item-answer-text\"><p>Un portfolio impressionnant avec vos projets d\u00e9montrera toutes vos grandes comp\u00e9tences et talents \u00e0 votre public. Ils auront h\u00e2te d&rsquo;avoir la m\u00eame chose et vous recevrez de nouveaux clients. De plus, en disposant de moyens rapides pour entrer en contact avec vous, vous aurez plus de prospects.<\/p><\/div>\r\n\t\t\t\t\t<\/div>\r\n\t\t\t\t<\/div><div class=\"faq-item\">\r\n\t\t\t\t\t<div class=\"faq-item-question\">\r\n\t\t\t\t\t\t<h3 class=\"faq-item-question-text\">Comment ajouter Portfolio \u00e0 mon site Web Magento ?<\/h3>\r\n\r\n\t\t\t\t\t\t<div class=\"faq-item-question-icon\"><\/div>\r\n\t\t\t\t\t<\/div>\r\n\r\n\t\t\t\t\t<div class=\"faq-item-answer\">\r\n\t\t\t\t\t\t<div class=\"faq-item-answer-text\"><p>Vous n\u2019avez besoin que d\u2019une minute pour int\u00e9grer l\u2019extension sur votre site. C&rsquo;est vraiment rapide, gratuit et sans codage.<\/p><p>Il existe une option pour int\u00e9grer le widget \u00e0 votre site dans notre service. Consultez simplement les instructions ci-dessous sur cette page.<\/p><\/div>\r\n\t\t\t\t\t<\/div>\r\n\t\t\t\t<\/div><\/div><\/div><div class=\"application-platform-content-item-features application-platform-content-item\" id=\"features\" data-nav-section=\"features\"><h2>Fonctionnalit\u00e9s<\/h2><p>Afin de fa\u00e7onner un connaissance du Portfolio Magento, consultez la liste des fonctions essentielles. Ils rendent l&rsquo;extension extr\u00eamement b\u00e9n\u00e9fique pour vous\u00a0:<\/p><ul><li>Ajoutez plusieurs projets avec des titres de projet\u00a0;<\/li><li>D\u00e9finissez des cat\u00e9gories et divisez-les en projets\u00a0;<\/li><li>D\u00e9finissez quoi informations \u00e0 afficher dans une fen\u00eatre contextuelle et au survol\u00a0;<\/li><li>La possibilit\u00e9 d&rsquo;\u00e9crire des textes et d&rsquo;attribuer des dates \u00e0 tous les fichiers du projet\u00a0;<\/li><li>Le bouton actif sur l&rsquo;en-t\u00eate et dans la fen\u00eatre contextuelle am\u00e8ne les clients vers n&rsquo;importe quel site Web.<\/li><\/ul><p><a href=\"#demo\">D\u00e9couvrez plus de fonctionnalit\u00e9s dans notre d\u00e9mo en direct<\/a><\/p><\/div><div class=\"application-platform-content-item-installation application-platform-content-item\" id=\"installation\" data-nav-section=\"installation\"><\/div><h2>Comment int\u00e9grer l&rsquo;extension Portfolio \u00e0 votre page Magento<\/h2><p>Suivez simplement plusieurs \u00e9tapes pr\u00e9sent\u00e9es ci-dessous pour ajouter l&rsquo;extension sur Magento.<\/p> <ol><li><b>Ouvrez notre page gratuite d\u00e9mo et commencez \u00e0 cr\u00e9er votre widget personnalis\u00e9. <\/b><br> D\u00e9terminez l&rsquo;apparence et les caract\u00e9ristiques souhaitables du widget et enregistrez les modifications. <\/li> <li><b>Acqu\u00e9rir le code unique apparaissant dans la fen\u00eatre sur Elfsight Apps. <\/b><br> Une fois la personnalisation de votre extension Portfolio termin\u00e9e, copiez le code personnel dans la fen\u00eatre qui appara\u00eet et enregistrez-le pour une utilisation ult\u00e9rieure. <\/li> <li><b>Entrez sur l&rsquo;utilisation de l&rsquo;extension sur votre page d&rsquo;accueil Magento. <\/b><br> Placez le code enregistr\u00e9 pr\u00e9c\u00e9demment dans votre site Web et enregistrez les corrections. <\/li> <li><b>Vous avez termin\u00e9\u00a0! L&rsquo;int\u00e9gration est termin\u00e9e avec succ\u00e8s. <\/b><br> Acc\u00e9dez \u00e0 votre site Web pour observer les performances de l&rsquo;outil. <\/li><\/ol><p>Toujours instable\u00a0? Ou vous avez des probl\u00e8mes ? Une simple demande \u00e0 notre service client vous aidera \u00e0 r\u00e9soudre tous vos probl\u00e8mes.<\/p>","protected":false},"excerpt":{"rendered":"Comment int\u00e9grer l&rsquo;extension Portfolio \u00e0 votre page MagentoSuivez simplement plusieurs \u00e9tapes pr\u00e9sent\u00e9es ci-dessous pour ajouter l&rsquo;extension sur Magento. Ouvrez notre page gratuite d\u00e9mo et commencez \u00e0 cr\u00e9er votre widget personnalis\u00e9. D\u00e9terminez l&rsquo;apparence et les caract\u00e9ristiques souhaitables du widget et enregistrez les modifications. Acqu\u00e9rir le code unique apparaissant dans la fen\u00eatre&#8230;","protected":false},"author":9,"featured_media":0,"parent":2589,"menu_order":0,"comment_status":"closed","ping_status":"closed","template":"templates\/template-application-platform.php","meta":{"publish_to_discourse":"","publish_post_category":"","wpdc_auto_publish_overridden":"","wpdc_topic_tags":"","wpdc_pin_topic":"","wpdc_pin_until":"","discourse_post_id":"","discourse_permalink":"","wpdc_publishing_response":"","wpdc_publishing_error":"","footnotes":""},"class_list":["post-9851","page","type-page","status-publish","hentry"],"yoast_head":"<!-- This site is optimized with the Yoast SEO plugin v25.3.1 - https:\/\/yoast.com\/wordpress\/plugins\/seo\/ -->\n<title>Portefeuille Magento | Ajouter l&#039;extension Portfolio Gallery pour le site Web Magento<\/title>\n<meta name=\"description\" content=\"Avec Elfsight, produisez votre extension Portfolio et ajoutez-la \u00e0 votre site Magento en un rien de temps. Nous offrons un support client gratuit et d&#039;autres bonus.\" \/>\n<meta name=\"robots\" content=\"index, follow, max-snippet:-1, max-image-preview:large, max-video-preview:-1\" \/>\n<link rel=\"canonical\" href=\"https:\/\/elfsight.com\/fr\/portfolio-widget\/magento\/\" \/>\n<meta property=\"og:locale\" content=\"fr_FR\" \/>\n<meta property=\"og:type\" content=\"article\" \/>\n<meta property=\"og:title\" content=\"Portefeuille Magento | Ajouter l&#039;extension Portfolio Gallery pour le site Web Magento\" \/>\n<meta property=\"og:description\" content=\"Avec Elfsight, produisez votre extension Portfolio et ajoutez-la \u00e0 votre site Magento en un rien de temps. Nous offrons un support client gratuit et d&#039;autres bonus.\" \/>\n<meta property=\"og:url\" content=\"https:\/\/elfsight.com\/fr\/portfolio-widget\/magento\/\" \/>\n<meta property=\"og:site_name\" content=\"Elfsight FR\" \/>\n<meta property=\"article:modified_time\" content=\"2025-07-10T12:41:33+00:00\" \/>\n<meta name=\"twitter:card\" content=\"summary_large_image\" \/>\n<meta name=\"twitter:label1\" content=\"Dur\u00e9e de lecture estim\u00e9e\" \/>\n\t<meta name=\"twitter:data1\" content=\"3 minutes\" \/>\n<!-- \/ Yoast SEO plugin. -->","yoast_head_json":{"title":"Portefeuille Magento | Ajouter l'extension Portfolio Gallery pour le site Web Magento","description":"Avec Elfsight, produisez votre extension Portfolio et ajoutez-la \u00e0 votre site Magento en un rien de temps. Nous offrons un support client gratuit et d'autres bonus.","robots":{"index":"index","follow":"follow","max-snippet":"max-snippet:-1","max-image-preview":"max-image-preview:large","max-video-preview":"max-video-preview:-1"},"canonical":"https:\/\/elfsight.com\/fr\/portfolio-widget\/magento\/","og_locale":"fr_FR","og_type":"article","og_title":"Portefeuille Magento | Ajouter l'extension Portfolio Gallery pour le site Web Magento","og_description":"Avec Elfsight, produisez votre extension Portfolio et ajoutez-la \u00e0 votre site Magento en un rien de temps. Nous offrons un support client gratuit et d'autres bonus.","og_url":"https:\/\/elfsight.com\/fr\/portfolio-widget\/magento\/","og_site_name":"Elfsight FR","article_modified_time":"2025-07-10T12:41:33+00:00","twitter_card":"summary_large_image","twitter_misc":{"Dur\u00e9e de lecture estim\u00e9e":"3 minutes"},"schema":{"@context":"https:\/\/schema.org","@graph":[{"@type":"WebPage","@id":"https:\/\/elfsight.com\/fr\/portfolio-widget\/magento\/","url":"https:\/\/elfsight.com\/fr\/portfolio-widget\/magento\/","name":"Portefeuille Magento | Ajouter l'extension Portfolio Gallery pour le site Web Magento","isPartOf":{"@id":"https:\/\/elfsight.com\/fr\/#website"},"datePublished":"1970-01-01T00:00:00+00:00","dateModified":"2025-07-10T12:41:33+00:00","description":"Avec Elfsight, produisez votre extension Portfolio et ajoutez-la \u00e0 votre site Magento en un rien de temps. Nous offrons un support client gratuit et d'autres bonus.","breadcrumb":{"@id":"https:\/\/elfsight.com\/fr\/portfolio-widget\/magento\/#breadcrumb"},"inLanguage":"fr-FR","potentialAction":[{"@type":"ReadAction","target":["https:\/\/elfsight.com\/fr\/portfolio-widget\/magento\/"]}]},{"@type":"BreadcrumbList","@id":"https:\/\/elfsight.com\/fr\/portfolio-widget\/magento\/#breadcrumb","itemListElement":[{"@type":"ListItem","position":1,"name":"Home","item":"https:\/\/elfsight.com\/fr\/"},{"@type":"ListItem","position":2,"name":"Portfolio","item":"https:\/\/elfsight.com\/fr\/portfolio-widget\/"},{"@type":"ListItem","position":3,"name":"Portfolio &#8211; Magento"}]},{"@type":"WebSite","@id":"https:\/\/elfsight.com\/fr\/#website","url":"https:\/\/elfsight.com\/fr\/","name":"Elfsight FR","description":"","potentialAction":[{"@type":"SearchAction","target":{"@type":"EntryPoint","urlTemplate":"https:\/\/elfsight.com\/fr\/?s={search_term_string}"},"query-input":{"@type":"PropertyValueSpecification","valueRequired":true,"valueName":"search_term_string"}}],"inLanguage":"fr-FR"}]}},"meta_box":{"industry":"","seo_heading":"","heading":"","description":"","cta_heading":"","cta_description":"","application":"2588","h1":"Extension du portefeuille Magento","h1_caption":"Affichez votre travail dans un portfolio personnalisable, ce qui facilite la pr\u00e9sentation de vos projets et r\u00e9alisations sur votre site Web Magento, sans effort.","application_category":[],"applications_title":"","applications_request_title":"","applications_request_button_text":"","hero_text":"","hero_video":"","hero_video_schema_markup":"","selling_points_title":"","selling_points_caption":"","selling_points":[],"selling_points_cta_text":"","features_title":"","features":"","ed_cta_examples_text":"","ed_cta_examples_hidden":"","ed_cta_demo_text":"","ed_cta_demo_hidden":"","why_caption":"","why_editor_title":"","why_editor_text":"","why_team_title":"","why_team_text":"","why_service_title":"","why_service_text":"","template_catalog_visible":"","template_catalog_title":"","template_catalog_text":"","template_catalog_categories_visible":"","demo_title":"Cr\u00e9ez votre extension de portefeuille","demo_caption":"Configurez votre Portfolio et ajoutez-le \u00e0 votre site Web Magento gratuitement\u00a0!","default_faq_hidden":"","app_template_category":[],"platform":"357","template_public_id":"","codecanyon_url":"","codecanyon_item_id":"","codecanyon_price":"","pricing_caption":"","pricing_elfsight_apps_hide_column":"","pricing_elfsight_apps_url":"","pricing_codecanyon_price_caption":"","integration_category":[],"integration_request_title":"","integration_request_cta":"","integration_platform":"","integrations":[],"platform_category":[],"video_schema_markup":"","price":"\u00e0 partir de 0$ \/ mois","trial":"","benefits":[{"text":"Service d'installation gratuit"},{"text":"Service client comp\u00e9tent"},{"text":"Garantie de remboursement de 14 jours"},{"text":"Mise \u00e0 jour constante"}],"button_url":"","button_target_blank":"","button_nofollow":"","attributes":[{"name":"Installations","content":"10,000 - 100,000"},{"name":"Sensible","content":"Oui"},{"name":"Navigateurs compatibles","content":"Firefox, Safari, Opera, Chrome, Edge"}],"tags":[],"tags_disable_links":"","hide_more_platforms":"","video_object":"","demo_hide_cta":"","demo_hide_cloud_options":"","pricing_title":"","pricing":[{"pricing_icon":"platform","pricing_title":"Elfsight Apps","pricing_title_caption":"Solution ind\u00e9pendante de la plate-forme qui fonctionne sur n'importe quel site Web","pricing_price":"from $0 \/ month","pricing_price_caption":"commencez avec un forfait gratuit","pricing_benefits":[{"text":"Domaines illimit\u00e9s"},{"text":"Support professionnel de l\u2019entreprise et bien document\u00e9"},{"text":"Aide \u00e0 l'installation gratuite"},{"text":"Enti\u00e8rement personnalisable"}],"pricing_button_text":"Ajouter au site Web","pricing_button_url":"#demo"}],"related_apps_title":"","related_apps_hidden":"","author":"","image":[],"title":"","job":"","social_networks":[]},"_links":{"self":[{"href":"https:\/\/elfsight.com\/fr\/wp-json\/wp\/v2\/pages\/9851","targetHints":{"allow":["GET"]}}],"collection":[{"href":"https:\/\/elfsight.com\/fr\/wp-json\/wp\/v2\/pages"}],"about":[{"href":"https:\/\/elfsight.com\/fr\/wp-json\/wp\/v2\/types\/page"}],"author":[{"embeddable":true,"href":"https:\/\/elfsight.com\/fr\/wp-json\/wp\/v2\/users\/9"}],"replies":[{"embeddable":true,"href":"https:\/\/elfsight.com\/fr\/wp-json\/wp\/v2\/comments?post=9851"}],"version-history":[{"count":1,"href":"https:\/\/elfsight.com\/fr\/wp-json\/wp\/v2\/pages\/9851\/revisions"}],"predecessor-version":[{"id":9855,"href":"https:\/\/elfsight.com\/fr\/wp-json\/wp\/v2\/pages\/9851\/revisions\/9855"}],"up":[{"embeddable":true,"href":"https:\/\/elfsight.com\/fr\/wp-json\/wp\/v2\/pages\/2589"}],"wp:attachment":[{"href":"https:\/\/elfsight.com\/fr\/wp-json\/wp\/v2\/media?parent=9851"}],"curies":[{"name":"wp","href":"https:\/\/api.w.org\/{rel}","templated":true}]}}