{"id":9850,"date":"1970-01-01T00:00:00","date_gmt":"1970-01-01T00:00:00","guid":{"rendered":"https:\/\/elfsight.com\/fr\/?page_id=9850"},"modified":"2025-07-10T12:41:08","modified_gmt":"2025-07-10T12:41:08","slug":"html","status":"publish","type":"page","link":"https:\/\/elfsight.com\/fr\/portfolio-widget\/html\/","title":{"rendered":"Portfolio &#8211; HTML"},"content":{"rendered":"<div class=\"application-platform-content-item-description application-platform-content-item\" id=\"description\" data-nav-section=\"description\"><h2>Description<\/h2><p>Le widget Elfsight est destin\u00e9 \u00e0 aider chaque personne ayant pour t\u00e2che de publier son portfolio actif sur le site Web et d&rsquo;attirer de nouveaux clients. Gr\u00e2ce \u00e0 cet outil, vous pourrez exposer des projets avec des photos, du contenu vid\u00e9o, des maquettes et d&rsquo;autres mat\u00e9riaux. Chaque \u00e9l\u00e9ment de contenu peut \u00eatre accompagn\u00e9 d&rsquo;une description d\u00e9taill\u00e9e et d&rsquo;une date. Vous pouvez lier des projets \u00e0 leurs sites Web et cr\u00e9er des cat\u00e9gories de projets. Votre public verra votre portefeuille de projets, cliquera sur chaque projet et visualisera toutes les \u0153uvres directement sur le site. L&rsquo;en-t\u00eate affichera votre nom complet, votre photo et vos coordonn\u00e9es, ce qui permettra de vous joindre facilement. Le bouton d&rsquo;appel \u00e0 l&rsquo;action am\u00e8nera les visiteurs vers la page d&rsquo;achat et vous aidera \u00e0 augmenter le nombre de ventes.<\/p><div class=\"faq\" data-component=\"FAQ\"> <div class=\"faq-item\">\r\n\t\t\t\t\t<div class=\"faq-item-question\">\r\n\t\t\t\t\t\t<h3 class=\"faq-item-question-text\">O\u00f9 puis-je l'afficher<\/h3>\r\n\r\n\t\t\t\t\t\t<div class=\"faq-item-question-icon\"><\/div>\r\n\t\t\t\t\t<\/div>\r\n\r\n\t\t\t\t\t<div class=\"faq-item-answer\">\r\n\t\t\t\t\t\t<div class=\"faq-item-answer-text\"><p> Le widget peut faire son travail sur n&rsquo;importe quelle page de votre site ainsi que sur toutes les pages. Votre merveilleuse galerie de portfolio simple attirera l&rsquo;attention des visiteurs en la publiant sur la page principale du site Web et pourra fournir un support visuel de vos services sur les pages Portfolio.<\/p><\/div>\r\n\t\t\t\t\t<\/div>\r\n\t\t\t\t<\/div><div class=\"faq-item\">\r\n\t\t\t\t\t<div class=\"faq-item-question\">\r\n\t\t\t\t\t\t<h3 class=\"faq-item-question-text\">Quels avantages cela peut-il m'apporter ?<\/h3>\r\n\r\n\t\t\t\t\t\t<div class=\"faq-item-question-icon\"><\/div>\r\n\t\t\t\t\t<\/div>\r\n\r\n\t\t\t\t\t<div class=\"faq-item-answer\">\r\n\t\t\t\t\t\t<div class=\"faq-item-answer-text\"> <p>Une collection impressionnante de vos \u0153uvres prouvera aux utilisateurs toutes vos comp\u00e9tences et vos talents. Cela incitera les utilisateurs \u00e0 commander la m\u00eame chose et vous aurez de nouveaux clients. De plus, gr\u00e2ce aux moyens simples de vous contacter, vous aurez plus de prospects.<\/p><\/div>\r\n\t\t\t\t\t<\/div>\r\n\t\t\t\t<\/div><div class=\"faq-item\">\r\n\t\t\t\t\t<div class=\"faq-item-question\">\r\n\t\t\t\t\t\t<h3 class=\"faq-item-question-text\">Comment puis-je int\u00e9grer le mod\u00e8le Portfolio dans le code HTML de mon site Web ?<\/h3>\r\n\r\n\t\t\t\t\t\t<div class=\"faq-item-question-icon\"><\/div>\r\n\t\t\t\t\t<\/div>\r\n\r\n\t\t\t\t\t<div class=\"faq-item-answer\">\r\n\t\t\t\t\t\t<div class=\"faq-item-answer-text\"><p>Vous n&rsquo;avez besoin que de quelques minutes pour le faire. L&rsquo;ajout est tr\u00e8s rapide, gratuit et sans codage.<\/p><p>Il existe une option pour ins\u00e9rer le widget sur le site Web directement via notre service. Pour cela, suivez le guide ci-dessous sur cette page.<\/p><\/div>\r\n\t\t\t\t\t<\/div>\r\n\t\t\t\t<\/div><\/div><\/div><div class=\"application-platform-content-item-features application-platform-content-item\" id=\"features\" data-nav-section=\"features\"><h2>Fonctionnalit\u00e9s<\/h2><p>Pour fa\u00e7onner une connaissance compl\u00e8te de HTML Portfolio, voici la liste des principales fonctions. Ils rendent notre widget plus efficace pour votre site Web\u00a0:<\/p><ul><li>Affichez plusieurs projets avec des titres de projet\u00a0;<\/li><li>D\u00e9finissez des groupes et divisez les projets entre eux\u00a0;<\/li><li>D\u00e9finissez quelles informations afficher dans une fen\u00eatre contextuelle et en survol\u00a0;<\/li><li>Ajouter des textes et attribuer des dates aux travaux du projet\u00a0;<\/li><li>Conception enti\u00e8rement r\u00e9active\u00a0;<\/li><li>Appel \u00e0 -Le bouton d&rsquo;action sur l&rsquo;en-t\u00eate du widget et dans la fen\u00eatre contextuelle am\u00e8ne les clients vers n&rsquo;importe quelle page.<\/li><\/ul><p><a href=\"#demo\">La d\u00e9mo en direct vous r\u00e9v\u00e9lera une liste compl\u00e8te des fonctionnalit\u00e9s<\/a><\/p><\/div><div class=\"application-platform-content-item-installation application-platform-content-item\" id=\"installation\" data-nav-section=\"installation\"><h2>Comment ajouter le mod\u00e8le Portfolio Gallery au site Web HTML<\/h2><div class=\"video-container\"><iframe width=\"720\" height=\"405\" src=\"https:\/\/www.youtube.com\/embed\/7D7yK7aPl3Q\" frameborder=\"0\" allowfullscreen=\"\"><\/iframe><\/div><p>Quelques actions simples sont la seule chose que vous devez faire.<\/p><ol><li><b>Cr\u00e9ez votre mod\u00e8le de portfolio r\u00e9actif personnel<\/b><br> Dans notre d\u00e9mo gratuite, cr\u00e9ez un widget avec une mise en page et des fonctionnalit\u00e9s pr\u00e9f\u00e9r\u00e9es.<\/li><li><b>Obtenir le code personnel pour afficher le widget<\/b><br> Apr\u00e8s avoir cr\u00e9\u00e9 votre plugin, vous obtiendrez le code unique dans la fen\u00eatre qui appara\u00eet sur Elfsight Apps. Copiez le code.<\/li> <li><b>Publiez le widget sur votre site Web HTML<\/b><br> Choisissez la zone \u00e0 laquelle vous souhaitez ajouter le plugin et ajoutez-y le code du portefeuille copi\u00e9. Publiez les r\u00e9sultats.<\/li> <li><b>Vous avez termin\u00e9\u00a0!<\/b><br> Visitez le site Web pour voir votre widget.<\/li> <\/ol><p>Vous avez encore des doutes sur quelque chose\u00a0? Ou vous avez des probl\u00e8mes ? Une simple demande \u00e0 notre \u00e9quipe de support client r\u00e9soudra chaque probl\u00e8me.<\/p><\/div>","protected":false},"excerpt":{"rendered":"","protected":false},"author":9,"featured_media":0,"parent":2589,"menu_order":0,"comment_status":"closed","ping_status":"closed","template":"templates\/template-application-platform.php","meta":{"publish_to_discourse":"","publish_post_category":"","wpdc_auto_publish_overridden":"","wpdc_topic_tags":"","wpdc_pin_topic":"","wpdc_pin_until":"","discourse_post_id":"","discourse_permalink":"","wpdc_publishing_response":"","wpdc_publishing_error":"","footnotes":""},"class_list":["post-9850","page","type-page","status-publish","hentry"],"yoast_head":"<!-- This site is optimized with the Yoast SEO plugin v25.3.1 - https:\/\/yoast.com\/wordpress\/plugins\/seo\/ -->\n<title>Portefeuille HTML \u2014 Ajoutez une galerie Portfolio \u00e0 votre site Web HTML [2025]<\/title>\n<meta name=\"description\" content=\"Cr\u00e9ez un mod\u00e8le simple de galerie Portfolio et ajoutez-le \u00e0 votre site Web HTML. Vous b\u00e9n\u00e9ficierez d\u2019un service client gratuit et d\u2019autres bonus.\" \/>\n<meta name=\"robots\" content=\"index, follow, max-snippet:-1, max-image-preview:large, max-video-preview:-1\" \/>\n<link rel=\"canonical\" href=\"https:\/\/elfsight.com\/fr\/portfolio-widget\/html\/\" \/>\n<meta property=\"og:locale\" content=\"fr_FR\" \/>\n<meta property=\"og:type\" content=\"article\" \/>\n<meta property=\"og:title\" content=\"Portefeuille HTML \u2014 Ajoutez une galerie Portfolio \u00e0 votre site Web HTML [2025]\" \/>\n<meta property=\"og:description\" content=\"Cr\u00e9ez un mod\u00e8le simple de galerie Portfolio et ajoutez-le \u00e0 votre site Web HTML. Vous b\u00e9n\u00e9ficierez d\u2019un service client gratuit et d\u2019autres bonus.\" \/>\n<meta property=\"og:url\" content=\"https:\/\/elfsight.com\/fr\/portfolio-widget\/html\/\" \/>\n<meta property=\"og:site_name\" content=\"Elfsight FR\" \/>\n<meta property=\"article:modified_time\" content=\"2025-07-10T12:41:08+00:00\" \/>\n<meta name=\"twitter:card\" content=\"summary_large_image\" \/>\n<meta name=\"twitter:label1\" content=\"Dur\u00e9e de lecture estim\u00e9e\" \/>\n\t<meta name=\"twitter:data1\" content=\"3 minutes\" \/>\n<!-- \/ Yoast SEO plugin. -->","yoast_head_json":{"title":"Portefeuille HTML \u2014 Ajoutez une galerie Portfolio \u00e0 votre site Web HTML [2025]","description":"Cr\u00e9ez un mod\u00e8le simple de galerie Portfolio et ajoutez-le \u00e0 votre site Web HTML. Vous b\u00e9n\u00e9ficierez d\u2019un service client gratuit et d\u2019autres bonus.","robots":{"index":"index","follow":"follow","max-snippet":"max-snippet:-1","max-image-preview":"max-image-preview:large","max-video-preview":"max-video-preview:-1"},"canonical":"https:\/\/elfsight.com\/fr\/portfolio-widget\/html\/","og_locale":"fr_FR","og_type":"article","og_title":"Portefeuille HTML \u2014 Ajoutez une galerie Portfolio \u00e0 votre site Web HTML [2025]","og_description":"Cr\u00e9ez un mod\u00e8le simple de galerie Portfolio et ajoutez-le \u00e0 votre site Web HTML. Vous b\u00e9n\u00e9ficierez d\u2019un service client gratuit et d\u2019autres bonus.","og_url":"https:\/\/elfsight.com\/fr\/portfolio-widget\/html\/","og_site_name":"Elfsight FR","article_modified_time":"2025-07-10T12:41:08+00:00","twitter_card":"summary_large_image","twitter_misc":{"Dur\u00e9e de lecture estim\u00e9e":"3 minutes"},"schema":{"@context":"https:\/\/schema.org","@graph":[{"@type":"WebPage","@id":"https:\/\/elfsight.com\/fr\/portfolio-widget\/html\/","url":"https:\/\/elfsight.com\/fr\/portfolio-widget\/html\/","name":"Portefeuille HTML \u2014 Ajoutez une galerie Portfolio \u00e0 votre site Web HTML [2025]","isPartOf":{"@id":"https:\/\/elfsight.com\/fr\/#website"},"datePublished":"1970-01-01T00:00:00+00:00","dateModified":"2025-07-10T12:41:08+00:00","description":"Cr\u00e9ez un mod\u00e8le simple de galerie Portfolio et ajoutez-le \u00e0 votre site Web HTML. Vous b\u00e9n\u00e9ficierez d\u2019un service client gratuit et d\u2019autres bonus.","breadcrumb":{"@id":"https:\/\/elfsight.com\/fr\/portfolio-widget\/html\/#breadcrumb"},"inLanguage":"fr-FR","potentialAction":[{"@type":"ReadAction","target":["https:\/\/elfsight.com\/fr\/portfolio-widget\/html\/"]}]},{"@type":"BreadcrumbList","@id":"https:\/\/elfsight.com\/fr\/portfolio-widget\/html\/#breadcrumb","itemListElement":[{"@type":"ListItem","position":1,"name":"Home","item":"https:\/\/elfsight.com\/fr\/"},{"@type":"ListItem","position":2,"name":"Portfolio","item":"https:\/\/elfsight.com\/fr\/portfolio-widget\/"},{"@type":"ListItem","position":3,"name":"Portfolio &#8211; HTML"}]},{"@type":"WebSite","@id":"https:\/\/elfsight.com\/fr\/#website","url":"https:\/\/elfsight.com\/fr\/","name":"Elfsight FR","description":"","potentialAction":[{"@type":"SearchAction","target":{"@type":"EntryPoint","urlTemplate":"https:\/\/elfsight.com\/fr\/?s={search_term_string}"},"query-input":{"@type":"PropertyValueSpecification","valueRequired":true,"valueName":"search_term_string"}}],"inLanguage":"fr-FR"}]}},"meta_box":{"industry":"","seo_heading":"","heading":"","description":"","cta_heading":"","cta_description":"","application":"2588","h1":"Mod\u00e8le de galerie de portfolio HTML","h1_caption":"Affichez votre travail dans un portfolio personnalisable, ce qui facilite la pr\u00e9sentation de vos projets et r\u00e9alisations sur votre site Web HTML, sans effort.","application_category":[],"applications_title":"","applications_request_title":"","applications_request_button_text":"","hero_text":"","hero_video":"","hero_video_schema_markup":"","selling_points_title":"","selling_points_caption":"","selling_points":[],"selling_points_cta_text":"","features_title":"","features":"","ed_cta_examples_text":"","ed_cta_examples_hidden":"","ed_cta_demo_text":"","ed_cta_demo_hidden":"","why_caption":"","why_editor_title":"","why_editor_text":"","why_team_title":"","why_team_text":"","why_service_title":"","why_service_text":"","template_catalog_visible":"","template_catalog_title":"","template_catalog_text":"","template_catalog_categories_visible":"","demo_title":"Cr\u00e9ez votre widget Portefeuille","demo_caption":"Configurez votre Portfolio et ajoutez-le \u00e0 votre site Web HTML gratuitement\u00a0!","default_faq_hidden":"","app_template_category":[],"platform":"352","template_public_id":"","codecanyon_url":"","codecanyon_item_id":"","codecanyon_price":"","pricing_caption":"","pricing_elfsight_apps_hide_column":"","pricing_elfsight_apps_url":"","pricing_codecanyon_price_caption":"","integration_category":[],"integration_request_title":"","integration_request_cta":"","integration_platform":"","integrations":[],"platform_category":[],"video_schema_markup":"","price":"\u00e0 partir de 0$ \/ mois","trial":"","benefits":[{"text":"Aide \u00e0 l'installation gratuite"},{"text":"Assistance premium"},{"text":"Garantie de remboursement de 14 jours"},{"text":"Mises \u00e0 jour gratuites \u00e0 vie"}],"button_url":"","button_target_blank":"","button_nofollow":"","attributes":[{"name":"Installations","content":"10,000 - 100,000"},{"name":"Sensible","content":"Oui"},{"name":"Navigateurs compatibles","content":"Firefox, Safari, Opera, Chrome, Edge"}],"tags":[],"tags_disable_links":"","hide_more_platforms":"","video_object":"","demo_hide_cta":"","demo_hide_cloud_options":"","pricing_title":"","pricing":[{"pricing_icon":"platform","pricing_title":"Elfsight Apps","pricing_title_caption":"Logiciel ind\u00e9pendant de la plate-forme","pricing_price":"from $0 \/ month","pricing_price_caption":"commencez avec un forfait gratuit","pricing_benefits":[{"text":"Sites Web illimit\u00e9s"},{"text":"Support client gratuit et bien document\u00e9"},{"text":"Service d'installation gratuit"},{"text":"Offre sp\u00e9ciale pour plusieurs applications"}],"pricing_button_text":"Ajouter au site Web","pricing_button_url":"#demo"}],"related_apps_title":"","related_apps_hidden":"","author":"","image":[],"title":"","job":"","social_networks":[]},"_links":{"self":[{"href":"https:\/\/elfsight.com\/fr\/wp-json\/wp\/v2\/pages\/9850","targetHints":{"allow":["GET"]}}],"collection":[{"href":"https:\/\/elfsight.com\/fr\/wp-json\/wp\/v2\/pages"}],"about":[{"href":"https:\/\/elfsight.com\/fr\/wp-json\/wp\/v2\/types\/page"}],"author":[{"embeddable":true,"href":"https:\/\/elfsight.com\/fr\/wp-json\/wp\/v2\/users\/9"}],"replies":[{"embeddable":true,"href":"https:\/\/elfsight.com\/fr\/wp-json\/wp\/v2\/comments?post=9850"}],"version-history":[{"count":2,"href":"https:\/\/elfsight.com\/fr\/wp-json\/wp\/v2\/pages\/9850\/revisions"}],"predecessor-version":[{"id":14935,"href":"https:\/\/elfsight.com\/fr\/wp-json\/wp\/v2\/pages\/9850\/revisions\/14935"}],"up":[{"embeddable":true,"href":"https:\/\/elfsight.com\/fr\/wp-json\/wp\/v2\/pages\/2589"}],"wp:attachment":[{"href":"https:\/\/elfsight.com\/fr\/wp-json\/wp\/v2\/media?parent=9850"}],"curies":[{"name":"wp","href":"https:\/\/api.w.org\/{rel}","templated":true}]}}