{"id":9844,"date":"1970-01-01T00:00:00","date_gmt":"1970-01-01T00:00:00","guid":{"rendered":"https:\/\/elfsight.com\/fr\/?page_id=9844"},"modified":"2025-07-10T12:41:45","modified_gmt":"2025-07-10T12:41:45","slug":"opencart","status":"publish","type":"page","link":"https:\/\/elfsight.com\/fr\/portfolio-widget\/opencart\/","title":{"rendered":"Portfolio &#8211; OpenCart"},"content":{"rendered":"<div class=\"application-platform-content-item-description application-platform-content-item\" id=\"description\" data-nav-section=\"description\"><h2>Description<\/h2><p>L&rsquo;extension Elfsight Portfolio est cr\u00e9\u00e9e pour aider chaque utilisateur qui souhaite publier sa biblioth\u00e8que de travail sur le site et attirer nouvelles ventes. Gr\u00e2ce \u00e0 l&rsquo;outil, vous aurez la possibilit\u00e9 de r\u00e9v\u00e9ler des images, du contenu vid\u00e9o, des maquettes et d&rsquo;autres contenus de projet. Chaque fichier de projet peut contenir une description compl\u00e8te et une date. Vous pouvez lier des projets \u00e0 des sites et diviser les projets en cat\u00e9gories. Les utilisateurs verront votre portfolio, saisiront chaque projet et \u00e9tudieront son contenu directement sur le site Web. L&rsquo;en-t\u00eate pr\u00e9sente votre nom complet, votre photo et vos coordonn\u00e9es, qui vous permettent de vous contacter. Le bouton d&rsquo;appel \u00e0 l&rsquo;action redirigera les internautes vers la page de passation de commande et vous aidera \u00e0 augmenter le montant des ventes.<\/p><div class=\"faq\" data-component=\"FAQ\"> <div class=\"faq-item\">\r\n\t\t\t\t\t<div class=\"faq-item-question\">\r\n\t\t\t\t\t\t<h3 class=\"faq-item-question-text\">O\u00f9 puis-je l'installer<\/h3>\r\n\r\n\t\t\t\t\t\t<div class=\"faq-item-question-icon\"><\/div>\r\n\t\t\t\t\t<\/div>\r\n\r\n\t\t\t\t\t<div class=\"faq-item-answer\">\r\n\t\t\t\t\t\t<div class=\"faq-item-answer-text\"><p>Vous pouvez l&rsquo;int\u00e9grer dans n&rsquo;importe quelle page du site ou sur toutes les pages Web. Votre merveilleux portfolio r\u00e9actif attirera l&rsquo;attention des visiteurs sur la page principale du site Web et pourra fournir un support visuel de vos offres sur les pages Portfolio.<\/p><\/div>\r\n\t\t\t\t\t<\/div>\r\n\t\t\t\t<\/div><div class=\"faq-item\">\r\n\t\t\t\t\t<div class=\"faq-item-question\">\r\n\t\t\t\t\t\t<h3 class=\"faq-item-question-text\">Quels avantages cela m'apportera-t-il ?<\/h3>\r\n\r\n\t\t\t\t\t\t<div class=\"faq-item-question-icon\"><\/div>\r\n\t\t\t\t\t<\/div>\r\n\r\n\t\t\t\t\t<div class=\"faq-item-answer\">\r\n\t\t\t\t\t\t<div class=\"faq-item-answer-text\"><p>Une merveilleuse collection de vos \u0153uvres prouvera toutes vos hautes comp\u00e9tences et votre cr\u00e9ativit\u00e9 \u00e0 vos utilisateurs. Ils auront h\u00e2te d\u2019avoir la m\u00eame chose et vous aurez de nouveaux clients. De plus, gr\u00e2ce aux moyens pratiques d&rsquo;entrer en contact avec vous, vous aurez plus de prospects.<\/p><\/div>\r\n\t\t\t\t\t<\/div>\r\n\t\t\t\t<\/div><div class=\"faq-item\">\r\n\t\t\t\t\t<div class=\"faq-item-question\">\r\n\t\t\t\t\t\t<h3 class=\"faq-item-question-text\">De quoi ai-je besoin pour installer Portfolio sur mon site Web OpenCart ?<\/h3>\r\n\r\n\t\t\t\t\t\t<div class=\"faq-item-question-icon\"><\/div>\r\n\t\t\t\t\t<\/div>\r\n\r\n\t\t\t\t\t<div class=\"faq-item-answer\">\r\n\t\t\t\t\t\t<div class=\"faq-item-answer-text\"><p>Cela ne prendra que deux minutes de votre temps pour que l&rsquo;extension soit op\u00e9rationnelle. Le processus d&rsquo;int\u00e9gration est ultra rapide, gratuit et sans codage.<\/p><p>Le module peut \u00eatre int\u00e9gr\u00e9 dans notre service ou sur la place de march\u00e9. Vous pouvez comparer les avantages des deux options et choisir la plus adapt\u00e9e.<\/p><\/div>\r\n\t\t\t\t\t<\/div>\r\n\t\t\t\t<\/div><\/div><\/div><div class=\"application-platform-content-item-features application-platform-content-item\" id=\"features\" data-nav-section=\"features\"><h2>Fonctionnalit\u00e9s<\/h2><p>Avoir Une compr\u00e9hension claire de l&rsquo;extension OpenCart Portfolio, d\u00e9couvrez la liste de ses caract\u00e9ristiques essentielles. Ils rendent le module incroyablement b\u00e9n\u00e9fique pour votre site Web\u00a0:<\/p><ul><li>Ajoutez plusieurs projets et ajoutez des titres de projets\u00a0;<\/li><li>\u00c9tablissez des groupes et unissez-y des projets\u00a0;<\/li><li> D\u00e9finir les types de donn\u00e9es \u00e0 afficher dans le popup et le survol\u00a0;<\/li><li>L&rsquo;option pour r\u00e9diger des descriptions et attribuer des dates aux fichiers du projet\u00a0;<\/li><li>Le bouton actif sur l&rsquo;en-t\u00eate et dans le popup prend clients vers n&rsquo;importe quel site Web.<\/li><\/ul><p><a href=\"#demo\">Consultez la liste compl\u00e8te des fonctionnalit\u00e9s dans notre d\u00e9mo en direct<\/a><\/p><\/div><div class=\"application-platform-content-item-installation application-platform-content-item\" id=\"installation\" data-nav-section=\"installation\"><h2>Comment ajouter l&rsquo;extension Portfolio \u00e0 votre site Web OpenCart<\/h2><p>Suivez simplement plusieurs \u00e9tapes d\u00e9crites ci-dessous pour ajouter le widget sur OpenCart.<\/p> <ol><li><b>Lancez notre d\u00e9mo gratuite et commencez \u00e0 cr\u00e9er votre extension unique. <\/b><br> Sp\u00e9cifiez l&rsquo;apparence et les sp\u00e9cifications souhait\u00e9es de l&rsquo;extension et appliquez les modifications. <\/li> <li><b>Acqu\u00e9rir le code unique apparaissant dans la case sur Elfsight Apps. <\/b><br> D\u00e8s que la cr\u00e9ation de votre extension Portfolio personnelle est termin\u00e9e, copiez le code exclusif dans la fen\u00eatre contextuelle qui appara\u00eet et conservez-le pour vos besoins futurs. <\/li> <li><b>Lancez l&rsquo;application de l&rsquo;outil sur votre site Web OpenCart. <\/b><br> Placez le code que vous avez enregistr\u00e9 r\u00e9cemment sur votre site Web et appliquez les ajustements. <\/li> <li><b>Vous avez termin\u00e9\u00a0! L&rsquo;int\u00e9gration est pleinement r\u00e9alis\u00e9e. <\/b><br> Acc\u00e9dez \u00e0 votre site Web pour examiner le travail du widget. <\/li><\/ol> <p>Toujours pas encore d\u00e9cid\u00e9\u00a0? Ou avez-vous des questions \u00e0 poser ? Une simple demande \u00e0 notre \u00e9quipe de support client r\u00e9soudra chaque probl\u00e8me.<\/p><\/div>","protected":false},"excerpt":{"rendered":"","protected":false},"author":9,"featured_media":0,"parent":2589,"menu_order":0,"comment_status":"closed","ping_status":"closed","template":"templates\/template-application-platform.php","meta":{"publish_to_discourse":"","publish_post_category":"","wpdc_auto_publish_overridden":"","wpdc_topic_tags":"","wpdc_pin_topic":"","wpdc_pin_until":"","discourse_post_id":"","discourse_permalink":"","wpdc_publishing_response":"","wpdc_publishing_error":"","footnotes":""},"class_list":["post-9844","page","type-page","status-publish","hentry"],"yoast_head":"<!-- This site is optimized with the Yoast SEO plugin v25.3.1 - https:\/\/yoast.com\/wordpress\/plugins\/seo\/ -->\n<title>La meilleure extension Portfolio pour le site Web OpenCart (gratuite et rapide)<\/title>\n<meta name=\"description\" content=\"Cr\u00e9ez une extension Portfolio et ajoutez-la \u00e0 votre site Web OpenCart. B\u00e9n\u00e9ficiez d&#039;une assistance client gratuite et d&#039;autres avantages d&#039;Elfsight.\" \/>\n<meta name=\"robots\" content=\"index, follow, max-snippet:-1, max-image-preview:large, max-video-preview:-1\" \/>\n<link rel=\"canonical\" href=\"https:\/\/elfsight.com\/fr\/portfolio-widget\/opencart\/\" \/>\n<meta property=\"og:locale\" content=\"fr_FR\" \/>\n<meta property=\"og:type\" content=\"article\" \/>\n<meta property=\"og:title\" content=\"La meilleure extension Portfolio pour le site Web OpenCart (gratuite et rapide)\" \/>\n<meta property=\"og:description\" content=\"Cr\u00e9ez une extension Portfolio et ajoutez-la \u00e0 votre site Web OpenCart. B\u00e9n\u00e9ficiez d&#039;une assistance client gratuite et d&#039;autres avantages d&#039;Elfsight.\" \/>\n<meta property=\"og:url\" content=\"https:\/\/elfsight.com\/fr\/portfolio-widget\/opencart\/\" \/>\n<meta property=\"og:site_name\" content=\"Elfsight FR\" \/>\n<meta property=\"article:modified_time\" content=\"2025-07-10T12:41:45+00:00\" \/>\n<meta name=\"twitter:card\" content=\"summary_large_image\" \/>\n<meta name=\"twitter:label1\" content=\"Dur\u00e9e de lecture estim\u00e9e\" \/>\n\t<meta name=\"twitter:data1\" content=\"3 minutes\" \/>\n<!-- \/ Yoast SEO plugin. -->","yoast_head_json":{"title":"La meilleure extension Portfolio pour le site Web OpenCart (gratuite et rapide)","description":"Cr\u00e9ez une extension Portfolio et ajoutez-la \u00e0 votre site Web OpenCart. B\u00e9n\u00e9ficiez d'une assistance client gratuite et d'autres avantages d'Elfsight.","robots":{"index":"index","follow":"follow","max-snippet":"max-snippet:-1","max-image-preview":"max-image-preview:large","max-video-preview":"max-video-preview:-1"},"canonical":"https:\/\/elfsight.com\/fr\/portfolio-widget\/opencart\/","og_locale":"fr_FR","og_type":"article","og_title":"La meilleure extension Portfolio pour le site Web OpenCart (gratuite et rapide)","og_description":"Cr\u00e9ez une extension Portfolio et ajoutez-la \u00e0 votre site Web OpenCart. B\u00e9n\u00e9ficiez d'une assistance client gratuite et d'autres avantages d'Elfsight.","og_url":"https:\/\/elfsight.com\/fr\/portfolio-widget\/opencart\/","og_site_name":"Elfsight FR","article_modified_time":"2025-07-10T12:41:45+00:00","twitter_card":"summary_large_image","twitter_misc":{"Dur\u00e9e de lecture estim\u00e9e":"3 minutes"},"schema":{"@context":"https:\/\/schema.org","@graph":[{"@type":"WebPage","@id":"https:\/\/elfsight.com\/fr\/portfolio-widget\/opencart\/","url":"https:\/\/elfsight.com\/fr\/portfolio-widget\/opencart\/","name":"La meilleure extension Portfolio pour le site Web OpenCart (gratuite et rapide)","isPartOf":{"@id":"https:\/\/elfsight.com\/fr\/#website"},"datePublished":"1970-01-01T00:00:00+00:00","dateModified":"2025-07-10T12:41:45+00:00","description":"Cr\u00e9ez une extension Portfolio et ajoutez-la \u00e0 votre site Web OpenCart. B\u00e9n\u00e9ficiez d'une assistance client gratuite et d'autres avantages d'Elfsight.","breadcrumb":{"@id":"https:\/\/elfsight.com\/fr\/portfolio-widget\/opencart\/#breadcrumb"},"inLanguage":"fr-FR","potentialAction":[{"@type":"ReadAction","target":["https:\/\/elfsight.com\/fr\/portfolio-widget\/opencart\/"]}]},{"@type":"BreadcrumbList","@id":"https:\/\/elfsight.com\/fr\/portfolio-widget\/opencart\/#breadcrumb","itemListElement":[{"@type":"ListItem","position":1,"name":"Home","item":"https:\/\/elfsight.com\/fr\/"},{"@type":"ListItem","position":2,"name":"Portfolio","item":"https:\/\/elfsight.com\/fr\/portfolio-widget\/"},{"@type":"ListItem","position":3,"name":"Portfolio &#8211; OpenCart"}]},{"@type":"WebSite","@id":"https:\/\/elfsight.com\/fr\/#website","url":"https:\/\/elfsight.com\/fr\/","name":"Elfsight FR","description":"","potentialAction":[{"@type":"SearchAction","target":{"@type":"EntryPoint","urlTemplate":"https:\/\/elfsight.com\/fr\/?s={search_term_string}"},"query-input":{"@type":"PropertyValueSpecification","valueRequired":true,"valueName":"search_term_string"}}],"inLanguage":"fr-FR"}]}},"meta_box":{"industry":"","seo_heading":"","heading":"","description":"","cta_heading":"","cta_description":"","application":"2588","h1":"Extension de portefeuille OpenCart","h1_caption":"Affichez votre travail dans un portfolio personnalisable, ce qui facilite la pr\u00e9sentation de vos projets et r\u00e9alisations sur votre site Web Opencart sans effort.","application_category":[],"applications_title":"","applications_request_title":"","applications_request_button_text":"","hero_text":"","hero_video":"","hero_video_schema_markup":"","selling_points_title":"","selling_points_caption":"","selling_points":[],"selling_points_cta_text":"","features_title":"","features":"","ed_cta_examples_text":"","ed_cta_examples_hidden":"","ed_cta_demo_text":"","ed_cta_demo_hidden":"","why_caption":"","why_editor_title":"","why_editor_text":"","why_team_title":"","why_team_text":"","why_service_title":"","why_service_text":"","template_catalog_visible":"","template_catalog_title":"","template_catalog_text":"","template_catalog_categories_visible":"","demo_title":"Cr\u00e9ez votre extension de portefeuille","demo_caption":"Configurez votre portfolio et ajoutez-le \u00e0 votre site Web OpenCart gratuitement\u00a0!","default_faq_hidden":"","app_template_category":[],"platform":"359","template_public_id":"","codecanyon_url":"","codecanyon_item_id":"","codecanyon_price":"","pricing_caption":"","pricing_elfsight_apps_hide_column":"","pricing_elfsight_apps_url":"","pricing_codecanyon_price_caption":"","integration_category":[],"integration_request_title":"","integration_request_cta":"","integration_platform":"","integrations":[],"platform_category":[],"video_schema_markup":"","price":"\u00e0 partir de 0$ \/ mois","trial":"","benefits":[{"text":"Aide \u00e0 l'installation gratuite"},{"text":"Service client professionnel"},{"text":"Garantie de remboursement de 14 jours"},{"text":"Am\u00e9liorations continues"}],"button_url":"","button_target_blank":"","button_nofollow":"","attributes":[{"name":"Installations","content":"10,000 - 100,000"},{"name":"Sensible","content":"Oui"},{"name":"Navigateurs compatibles","content":"Chrome, Firefox, Opera, Edge, Safari"}],"tags":[],"tags_disable_links":"","hide_more_platforms":"","video_object":"","demo_hide_cta":"","demo_hide_cloud_options":"","pricing_title":"","pricing":[{"pricing_icon":"platform","pricing_title":"Elfsight Apps","pricing_title_caption":"Solution multiplateforme qui fonctionne sur n'importe quel site Web","pricing_price":"from $0 \/ month","pricing_price_caption":"commencez avec un forfait gratuit","pricing_benefits":[{"text":"Sites Web illimit\u00e9s"},{"text":"Support client d\u00e9di\u00e9"},{"text":"Assistance \u00e0 l'installation gratuite"},{"text":"100% personnalisable"}],"pricing_button_text":"Ajouter au site Web","pricing_button_url":"#demo"}],"related_apps_title":"","related_apps_hidden":"","author":"","image":[],"title":"","job":"","social_networks":[]},"_links":{"self":[{"href":"https:\/\/elfsight.com\/fr\/wp-json\/wp\/v2\/pages\/9844","targetHints":{"allow":["GET"]}}],"collection":[{"href":"https:\/\/elfsight.com\/fr\/wp-json\/wp\/v2\/pages"}],"about":[{"href":"https:\/\/elfsight.com\/fr\/wp-json\/wp\/v2\/types\/page"}],"author":[{"embeddable":true,"href":"https:\/\/elfsight.com\/fr\/wp-json\/wp\/v2\/users\/9"}],"replies":[{"embeddable":true,"href":"https:\/\/elfsight.com\/fr\/wp-json\/wp\/v2\/comments?post=9844"}],"version-history":[{"count":1,"href":"https:\/\/elfsight.com\/fr\/wp-json\/wp\/v2\/pages\/9844\/revisions"}],"predecessor-version":[{"id":9848,"href":"https:\/\/elfsight.com\/fr\/wp-json\/wp\/v2\/pages\/9844\/revisions\/9848"}],"up":[{"embeddable":true,"href":"https:\/\/elfsight.com\/fr\/wp-json\/wp\/v2\/pages\/2589"}],"wp:attachment":[{"href":"https:\/\/elfsight.com\/fr\/wp-json\/wp\/v2\/media?parent=9844"}],"curies":[{"name":"wp","href":"https:\/\/api.w.org\/{rel}","templated":true}]}}