{"id":9843,"date":"1970-01-01T00:00:00","date_gmt":"1970-01-01T00:00:00","guid":{"rendered":"https:\/\/elfsight.com\/fr\/?page_id=9843"},"modified":"2025-07-10T12:41:55","modified_gmt":"2025-07-10T12:41:55","slug":"shopify","status":"publish","type":"page","link":"https:\/\/elfsight.com\/fr\/portfolio-widget\/shopify\/","title":{"rendered":"Portfolio &#8211; Shopify"},"content":{"rendered":"<div class=\"application-platform-content-item-description application-platform-content-item\" id=\"description\" data-nav-section=\"description\"><h2>Int\u00e9grer Portfolio sur Shopify avec le widget Elfsight<\/h2><p>Elfsight Portfolio est cr\u00e9\u00e9 pour chaque personne souhaitant afficher sa collection de travaux. sur le site Web et avoir plus de nouveaux clients. Gr\u00e2ce \u00e0 notre outil, vous pourrez renvoyer des s\u00e9lections d&rsquo;images, de vid\u00e9os, de croquis et d&rsquo;autres mat\u00e9riaux. Chaque fichier de projet peut contenir un texte complet et une date. Vous pouvez lier des projets \u00e0 leurs sites Web et diviser les projets en cat\u00e9gories. Les visiteurs du site Web verront votre portfolio, saisiront chaque projet et verront son contenu directement sur votre site. L&rsquo;en-t\u00eate affiche votre nom, votre photo et vos coordonn\u00e9es, qui vous aident \u00e0 communiquer avec vous. Le bouton d&rsquo;appel \u00e0 l&rsquo;action redirigera les utilisateurs vers la page de passation de commande et vous aidera \u00e0 augmenter le niveau des ventes.<\/p><div class=\"faq\" data-component=\"FAQ\"> <div class=\"faq-item\">\r\n\t\t\t\t\t<div class=\"faq-item-question\">\r\n\t\t\t\t\t\t<h3 class=\"faq-item-question-text\">O\u00f9 sur mon site Web puis-je installer l'application<\/h3>\r\n\r\n\t\t\t\t\t\t<div class=\"faq-item-question-icon\"><\/div>\r\n\t\t\t\t\t<\/div>\r\n\r\n\t\t\t\t\t<div class=\"faq-item-answer\">\r\n\t\t\t\t\t\t<div class=\"faq-item-answer-text\"><p>Le L&rsquo;application peut \u00eatre ins\u00e9r\u00e9e sur n&rsquo;importe quelle page du site Web ainsi que sur toutes les pages Web. Votre galerie de portfolio r\u00e9active et attrayante attirera l&rsquo;attention des visiteurs en la publiant sur la page principale du site et pourra fournir un support visuel de vos offres sur les pages Portfolio.<\/p><\/div>\r\n\t\t\t\t\t<\/div>\r\n\t\t\t\t<\/div><div class=\"faq-item\">\r\n\t\t\t\t\t<div class=\"faq-item-question\">\r\n\t\t\t\t\t\t<h3 class=\"faq-item-question-text\">Quels sont les avantages de l'utiliser pour moi ?<\/h3>\r\n\r\n\t\t\t\t\t\t<div class=\"faq-item-question-icon\"><\/div>\r\n\t\t\t\t\t<\/div>\r\n\r\n\t\t\t\t\t<div class=\"faq-item-answer\">\r\n\t\t\t\t\t\t<div class=\"faq-item-answer-text\"><p>Un merveilleux portfolio avec vos \u0153uvres prouvera aux visiteurs toutes vos grandes comp\u00e9tences et votre cr\u00e9ativit\u00e9. Ils seront impatients d\u2019acheter et vous obtiendrez de nouveaux clients. De plus, gr\u00e2ce aux moyens simples de vous contacter en un clic, vous aurez plus de prospects.<\/p><\/div>\r\n\t\t\t\t\t<\/div>\r\n\t\t\t\t<\/div><div class=\"faq-item\">\r\n\t\t\t\t\t<div class=\"faq-item-question\">\r\n\t\t\t\t\t\t<h3 class=\"faq-item-question-text\">Comment int\u00e9grer Portfolio sur mon site Web Shopify ?<\/h3>\r\n\r\n\t\t\t\t\t\t<div class=\"faq-item-question-icon\"><\/div>\r\n\t\t\t\t\t<\/div>\r\n\r\n\t\t\t\t\t<div class=\"faq-item-answer\">\r\n\t\t\t\t\t\t<div class=\"faq-item-answer-text\"><p>Il ne prend qu&rsquo;une minute de votre temps pour commencer \u00e0 utiliser l&rsquo;application. C&rsquo;est vraiment rapide, gratuit et sans codage.<\/p><p>Le widget peut \u00eatre int\u00e9gr\u00e9 directement via notre service ou via la place de march\u00e9. Vous pouvez comparer les avantages de ces options et choisir la v\u00f4tre.<\/p><\/div>\r\n\t\t\t\t\t<\/div>\r\n\t\t\t\t<\/div><\/div><\/div><div class=\"application-platform-content-item-features application-platform-content-item\" id=\"features\" data-nav-section=\"features\"><h2>Principales fonctionnalit\u00e9s du widget Portfolio<\/h2><p>Afin de fa\u00e7onner une perception plus claire de Shopify Portfolio, consultez la liste des caract\u00e9ristiques les plus importantes. Ils rendent cette application incroyablement efficace pour votre promotion\u00a0:<\/p><ul><li>Ajoutez plusieurs projets avec des titres\u00a0;<\/li><li>D\u00e9finissez des groupes et divisez-les en projets\u00a0;<\/li><li>Choisissez le types de donn\u00e9es \u00e0 afficher dans la popup et le survol\u00a0;<\/li><li>Ajouter des descriptions et ajouter des dates \u00e0 tous les travaux du projet\u00a0;<\/li><li>Le bouton actif sur l&rsquo;en-t\u00eate et dans la popup redirige les clients vers n&rsquo;importe quelle page. <\/li><\/ul><p><a href=\"#demo\">Explorez toutes les fonctionnalit\u00e9s dans la d\u00e9mo en direct<\/a><\/p><\/div><div class=\"application-platform-content-item-installation application-platform-content-item\" id=\"installation\" data-nav-section=\"installation\"><h2>Comment pour ajouter l&rsquo;application Portfolio \u00e0 votre boutique Shopify<\/h2><div class=\"video-container\"><iframe width=\"720\" height=\"405\" src=\"https:\/\/www.youtube.com\/embed\/XuJ0OIsxY2Y\" frameborder=\"0\" allowfullscreen=\"\"><\/iframe><\/div><p>Les actions ci-dessous sont tout ce que vous devez faire\u00a0: <\/p><ol><li><b>Employer notre \u00e9diteur gratuit et commencez \u00e0 cr\u00e9er votre propre application. <\/b><br> D\u00e9terminez le formulaire personnalis\u00e9 et les param\u00e8tres de l&rsquo;application et appliquez toutes les modifications. <\/li> <li><b>Recevez le code personnel affich\u00e9 dans la fen\u00eatre sur Elfsight Apps. <\/b><br> Juste une fois la configuration de votre application personnelle termin\u00e9e, copiez votre code dans la fen\u00eatre contextuelle qui appara\u00eet et enregistrez-le pour une utilisation ult\u00e9rieure. <\/li> <li><b>Lancez l&rsquo;utilisation de l&rsquo;application sur le site Web Shopify. <\/b><br> Placez le code que vous avez enregistr\u00e9 r\u00e9cemment dans votre page et appliquez les modifications. <\/li> <li><b>L&rsquo;installation est effectu\u00e9e avec succ\u00e8s. <\/b><br> Acc\u00e9dez \u00e0 votre site pour visualiser le fonctionnement de l&rsquo;application. <\/li><\/ol><p>Vous avez encore des doutes\u00a0? Ou vous \u00eates tomb\u00e9 sur quelque chose ? Une simple demande \u00e0 notre \u00e9quipe d&rsquo;assistance r\u00e9glera tout type de question.<\/p><\/div>","protected":false},"excerpt":{"rendered":"","protected":false},"author":9,"featured_media":0,"parent":2589,"menu_order":0,"comment_status":"closed","ping_status":"closed","template":"templates\/template-application-platform.php","meta":{"publish_to_discourse":"","publish_post_category":"","wpdc_auto_publish_overridden":"","wpdc_topic_tags":"","wpdc_pin_topic":"","wpdc_pin_until":"","discourse_post_id":"","discourse_permalink":"","wpdc_publishing_response":"","wpdc_publishing_error":"","footnotes":""},"class_list":["post-9843","page","type-page","status-publish","hentry"],"yoast_head":"<!-- This site is optimized with the Yoast SEO plugin v25.3.1 - https:\/\/yoast.com\/wordpress\/plugins\/seo\/ -->\n<title>Portefeuille Shopify | La meilleure application Portfolio pour le site Shopify (gratuite et rapide)<\/title>\n<meta name=\"description\" content=\"Il est tr\u00e8s simple de cr\u00e9er votre application Portfolio et de la placer sur le site Web Shopify. Le support client Elfsight est gratuit et rapide.\" \/>\n<meta name=\"robots\" content=\"index, follow, max-snippet:-1, max-image-preview:large, max-video-preview:-1\" \/>\n<link rel=\"canonical\" href=\"https:\/\/elfsight.com\/fr\/portfolio-widget\/shopify\/\" \/>\n<meta property=\"og:locale\" content=\"fr_FR\" \/>\n<meta property=\"og:type\" content=\"article\" \/>\n<meta property=\"og:title\" content=\"Portefeuille Shopify | La meilleure application Portfolio pour le site Shopify (gratuite et rapide)\" \/>\n<meta property=\"og:description\" content=\"Il est tr\u00e8s simple de cr\u00e9er votre application Portfolio et de la placer sur le site Web Shopify. Le support client Elfsight est gratuit et rapide.\" \/>\n<meta property=\"og:url\" content=\"https:\/\/elfsight.com\/fr\/portfolio-widget\/shopify\/\" \/>\n<meta property=\"og:site_name\" content=\"Elfsight FR\" \/>\n<meta property=\"article:modified_time\" content=\"2025-07-10T12:41:55+00:00\" \/>\n<meta name=\"twitter:card\" content=\"summary_large_image\" \/>\n<meta name=\"twitter:label1\" content=\"Dur\u00e9e de lecture estim\u00e9e\" \/>\n\t<meta name=\"twitter:data1\" content=\"3 minutes\" \/>\n<!-- \/ Yoast SEO plugin. -->","yoast_head_json":{"title":"Portefeuille Shopify | La meilleure application Portfolio pour le site Shopify (gratuite et rapide)","description":"Il est tr\u00e8s simple de cr\u00e9er votre application Portfolio et de la placer sur le site Web Shopify. Le support client Elfsight est gratuit et rapide.","robots":{"index":"index","follow":"follow","max-snippet":"max-snippet:-1","max-image-preview":"max-image-preview:large","max-video-preview":"max-video-preview:-1"},"canonical":"https:\/\/elfsight.com\/fr\/portfolio-widget\/shopify\/","og_locale":"fr_FR","og_type":"article","og_title":"Portefeuille Shopify | La meilleure application Portfolio pour le site Shopify (gratuite et rapide)","og_description":"Il est tr\u00e8s simple de cr\u00e9er votre application Portfolio et de la placer sur le site Web Shopify. Le support client Elfsight est gratuit et rapide.","og_url":"https:\/\/elfsight.com\/fr\/portfolio-widget\/shopify\/","og_site_name":"Elfsight FR","article_modified_time":"2025-07-10T12:41:55+00:00","twitter_card":"summary_large_image","twitter_misc":{"Dur\u00e9e de lecture estim\u00e9e":"3 minutes"},"schema":{"@context":"https:\/\/schema.org","@graph":[{"@type":"WebPage","@id":"https:\/\/elfsight.com\/fr\/portfolio-widget\/shopify\/","url":"https:\/\/elfsight.com\/fr\/portfolio-widget\/shopify\/","name":"Portefeuille Shopify | La meilleure application Portfolio pour le site Shopify (gratuite et rapide)","isPartOf":{"@id":"https:\/\/elfsight.com\/fr\/#website"},"datePublished":"1970-01-01T00:00:00+00:00","dateModified":"2025-07-10T12:41:55+00:00","description":"Il est tr\u00e8s simple de cr\u00e9er votre application Portfolio et de la placer sur le site Web Shopify. Le support client Elfsight est gratuit et rapide.","breadcrumb":{"@id":"https:\/\/elfsight.com\/fr\/portfolio-widget\/shopify\/#breadcrumb"},"inLanguage":"fr-FR","potentialAction":[{"@type":"ReadAction","target":["https:\/\/elfsight.com\/fr\/portfolio-widget\/shopify\/"]}]},{"@type":"BreadcrumbList","@id":"https:\/\/elfsight.com\/fr\/portfolio-widget\/shopify\/#breadcrumb","itemListElement":[{"@type":"ListItem","position":1,"name":"Home","item":"https:\/\/elfsight.com\/fr\/"},{"@type":"ListItem","position":2,"name":"Portfolio","item":"https:\/\/elfsight.com\/fr\/portfolio-widget\/"},{"@type":"ListItem","position":3,"name":"Portfolio &#8211; Shopify"}]},{"@type":"WebSite","@id":"https:\/\/elfsight.com\/fr\/#website","url":"https:\/\/elfsight.com\/fr\/","name":"Elfsight FR","description":"","potentialAction":[{"@type":"SearchAction","target":{"@type":"EntryPoint","urlTemplate":"https:\/\/elfsight.com\/fr\/?s={search_term_string}"},"query-input":{"@type":"PropertyValueSpecification","valueRequired":true,"valueName":"search_term_string"}}],"inLanguage":"fr-FR"}]}},"meta_box":{"industry":"","seo_heading":"","heading":"","description":"","cta_heading":"","cta_description":"","application":"2588","h1":"La meilleure application Shopify Portfolio","h1_caption":"Affichez votre travail dans un portfolio personnalisable, ce qui facilite la pr\u00e9sentation de vos projets et r\u00e9alisations sur votre site Web Shopify, sans effort.","application_category":[],"applications_title":"","applications_request_title":"","applications_request_button_text":"","hero_text":"","hero_video":"","hero_video_schema_markup":"","selling_points_title":"","selling_points_caption":"","selling_points":[],"selling_points_cta_text":"","features_title":"","features":"","ed_cta_examples_text":"","ed_cta_examples_hidden":"","ed_cta_demo_text":"","ed_cta_demo_hidden":"","why_caption":"","why_editor_title":"","why_editor_text":"","why_team_title":"","why_team_text":"","why_service_title":"","why_service_text":"","template_catalog_visible":"","template_catalog_title":"","template_catalog_text":"","template_catalog_categories_visible":"","demo_title":"Cr\u00e9ez votre application Portfolio","demo_caption":"Configurez votre portfolio et ajoutez-le \u00e0 votre site Web Shopify gratuitement\u00a0!","default_faq_hidden":"","app_template_category":[],"platform":"360","template_public_id":"","codecanyon_url":"","codecanyon_item_id":"","codecanyon_price":"","pricing_caption":"","pricing_elfsight_apps_hide_column":"","pricing_elfsight_apps_url":"","pricing_codecanyon_price_caption":"","integration_category":[],"integration_request_title":"","integration_request_cta":"","integration_platform":"","integrations":[],"platform_category":[],"video_schema_markup":"","price":"\u00e0 partir de 0$ \/ mois","trial":"","benefits":[{"text":"Service d'installation gratuit"},{"text":"Assistance premium"},{"text":"Garantie de remboursement de 14 jours"},{"text":"Mises \u00e0 jour gratuites et continues"}],"button_url":"","button_target_blank":"","button_nofollow":"","attributes":[{"name":"Installations","content":"10,000 - 100,000"},{"name":"Sensible","content":"Oui"},{"name":"Navigateurs compatibles","content":"Firefox, Safari, Opera, Chrome, Edge"}],"tags":[],"tags_disable_links":"","hide_more_platforms":"","video_object":"","demo_hide_cta":"","demo_hide_cloud_options":"","pricing_title":"","pricing":[{"pricing_icon":"cloud","pricing_title":"Elfsight Apps","pricing_title_caption":"Version multiplateforme qui fonctionne sur n'importe quel site Web","pricing_price":"from $0 \/ month","pricing_price_caption":"commencez avec un forfait gratuit","pricing_benefits":[{"text":"Sites Web illimit\u00e9s"},{"text":"Assistance premium"},{"text":"Service d'installation gratuit"},{"text":"Offre sp\u00e9ciale pour plusieurs applications"}],"pricing_button_text":"Ajouter au site Web","pricing_button_url":"#demo"}],"related_apps_title":"","related_apps_hidden":"","author":"","image":[],"title":"","job":"","social_networks":[]},"_links":{"self":[{"href":"https:\/\/elfsight.com\/fr\/wp-json\/wp\/v2\/pages\/9843","targetHints":{"allow":["GET"]}}],"collection":[{"href":"https:\/\/elfsight.com\/fr\/wp-json\/wp\/v2\/pages"}],"about":[{"href":"https:\/\/elfsight.com\/fr\/wp-json\/wp\/v2\/types\/page"}],"author":[{"embeddable":true,"href":"https:\/\/elfsight.com\/fr\/wp-json\/wp\/v2\/users\/9"}],"replies":[{"embeddable":true,"href":"https:\/\/elfsight.com\/fr\/wp-json\/wp\/v2\/comments?post=9843"}],"version-history":[{"count":2,"href":"https:\/\/elfsight.com\/fr\/wp-json\/wp\/v2\/pages\/9843\/revisions"}],"predecessor-version":[{"id":14934,"href":"https:\/\/elfsight.com\/fr\/wp-json\/wp\/v2\/pages\/9843\/revisions\/14934"}],"up":[{"embeddable":true,"href":"https:\/\/elfsight.com\/fr\/wp-json\/wp\/v2\/pages\/2589"}],"wp:attachment":[{"href":"https:\/\/elfsight.com\/fr\/wp-json\/wp\/v2\/media?parent=9843"}],"curies":[{"name":"wp","href":"https:\/\/api.w.org\/{rel}","templated":true}]}}