{"id":9842,"date":"1970-01-01T00:00:00","date_gmt":"1970-01-01T00:00:00","guid":{"rendered":"https:\/\/elfsight.com\/fr\/?page_id=9842"},"modified":"2025-07-10T12:42:04","modified_gmt":"2025-07-10T12:42:04","slug":"squarespace","status":"publish","type":"page","link":"https:\/\/elfsight.com\/fr\/portfolio-widget\/squarespace\/","title":{"rendered":"Portfolio &#8211; Squarespace"},"content":{"rendered":"<div class=\"application-platform-content-item-description application-platform-content-item\" id=\"description\" data-nav-section=\"description\"><h2>Int\u00e9grer Portfolio sur Squarespace avec le widget Elfsight<\/h2><p>Le plug-in Elfsight Portfolio est con\u00e7u pour chaque utilisateur souhaitant int\u00e9grer son compte professionnel. travailler sur le site Web et attirer de nouveaux clients. Avec l&rsquo;aide du widget Elfsight, vous aurez la possibilit\u00e9 d&rsquo;afficher des s\u00e9lections de plans, de contenu vid\u00e9o, de sch\u00e9mas et d&rsquo;autres supports visuels. Chaque dossier de projet peut \u00eatre accompagn\u00e9 d&rsquo;un descriptif complet et d&rsquo;une date. Vous avez la possibilit\u00e9 de lier des projets \u00e0 leurs sites Web et de diffuser les projets en groupes. Votre public v\u00e9rifiera votre portefeuille de projets, cliquera sur un projet et \u00e9tudiera son contenu directement sur la page d&rsquo;accueil. L&rsquo;en-t\u00eate du widget affichera votre nom, votre photo et vos coordonn\u00e9es, ce qui facilite le processus pour vous joindre. Le bouton d\u2019appel \u00e0 l\u2019action am\u00e8nera les gens vers la page d\u2019achat et vous aidera \u00e0 augmenter le montant des ventes. <\/p><div class=\"faq\" data-component=\"FAQ\"><div class=\"faq-item\">\r\n\t\t\t\t\t<div class=\"faq-item-question\">\r\n\t\t\t\t\t\t<h3 class=\"faq-item-question-text\">Comment puis-je int\u00e9grer un Portfolio au site Squarespace ? <\/h3>\r\n\r\n\t\t\t\t\t\t<div class=\"faq-item-question-icon\"><\/div>\r\n\t\t\t\t\t<\/div>\r\n\r\n\t\t\t\t\t<div class=\"faq-item-answer\">\r\n\t\t\t\t\t\t<div class=\"faq-item-answer-text\"><p>La construction du widget s&rsquo;effectue au sein du site Elfsight et vous pas besoin d&rsquo;apprendre le codage. Ouvrez notre d\u00e9mo en direct pour cr\u00e9er votre propre widget, obtenez le code et collez-le sur votre site Web. <\/p><\/div>\r\n\t\t\t\t\t<\/div>\r\n\t\t\t\t<\/div><div class=\"faq-item\">\r\n\t\t\t\t\t<div class=\"faq-item-question\">\r\n\t\t\t\t\t\t<h3 class=\"faq-item-question-text\">Les meilleures fa\u00e7ons d'utiliser l'int\u00e9gration de portefeuille en ligne<\/h3>\r\n\r\n\t\t\t\t\t\t<div class=\"faq-item-question-icon\"><\/div>\r\n\t\t\t\t\t<\/div>\r\n\r\n\t\t\t\t\t<div class=\"faq-item-answer\">\r\n\t\t\t\t\t\t<div class=\"faq-item-answer-text\"><p>Nous offrons de nombreuses possibilit\u00e9s d&rsquo;ajustement\u00a0: widgets complets \u00e0 int\u00e9grer dans la zone de contenu, widgets flottants avec fonction de d\u00e9filement, vignettes pour le pied de page, l&rsquo;en-t\u00eate et toutes sortes de possibilit\u00e9s verticales pour les barres lat\u00e9rales et les menus du site Web. <\/p><\/div>\r\n\t\t\t\t\t<\/div>\r\n\t\t\t\t<\/div><div class=\"faq-item\">\r\n\t\t\t\t\t<div class=\"faq-item-question\">\r\n\t\t\t\t\t\t<h3 class=\"faq-item-question-text\">Puis-je cr\u00e9er un portfolio de vid\u00e9os ou d'images au moyen de votre \u00e9diteur ? <\/h3>\r\n\r\n\t\t\t\t\t\t<div class=\"faq-item-question-icon\"><\/div>\r\n\t\t\t\t\t<\/div>\r\n\r\n\t\t\t\t\t<div class=\"faq-item-answer\">\r\n\t\t\t\t\t\t<div class=\"faq-item-answer-text\"><p>Vous \u00eates invit\u00e9s \u00e0 cr\u00e9er les modifications de n&rsquo;importe quel widget. Il existe de nombreuses mises en page applicables dans l&rsquo;\u00e9diteur, et toutes peuvent \u00eatre rapidement personnalis\u00e9es selon vos besoins. <\/p><\/div>\r\n\t\t\t\t\t<\/div>\r\n\t\t\t\t<\/div><\/div><\/div> <div class=\"application-platform-content-item-features application-platform-content-item\" id=\"features\" data-nav-section=\"features\"><h2>Principales fonctionnalit\u00e9s du widget Portfolio<\/h2><p>Afin d&rsquo;avoir une id\u00e9e claire de Portfolio, vous pouvez \u00e9tudier la liste des fonctionnalit\u00e9s les plus remarquables. Ils rendent le widget extr\u00eamement b\u00e9n\u00e9fique pour votre site Web\u00a0: <\/p><ul><li>Ajoutez plusieurs projets et ajoutez des titres de projets\u00a0; <\/li><li>D\u00e9finissez des cat\u00e9gories et divisez les projets en fonction de celles-ci.<\/li><li>Choisissez les types d&rsquo;informations \u00e0 afficher dans la fen\u00eatre contextuelle et survolez\u00a0; <\/li><li>Ajoutez des descriptions et attribuez des dates aux travaux du projet<\/li><li>Le bouton d&rsquo;appel \u00e0 l&rsquo;action dans l&rsquo;en-t\u00eate et dans la fen\u00eatre contextuelle am\u00e8ne les clients vers n&rsquo;importe quel site Web ou page<\/li><\/ul><p><a href=\"#demo\">Notre d\u00e9mo vous montrera une liste compl\u00e8te des fonctionnalit\u00e9s<\/a><\/p><\/div> <div class=\"application-platform-content-item-installation application-platform-content-item\" id=\"installation\" data-nav-section=\"installation\"><h2>Comment puis-je ajouter Portfolio sur mon site Web Squarespace ? <\/h2><div class=\"video-container\"><iframe width=\"720\" height=\"405\" src=\"https:\/\/www.youtube.com\/embed\/5txFGyv42DM\" frameborder=\"0\" allowfullscreen=\"\"><\/iframe><\/div><p>Suivez simplement les \u00e9tapes suivantes pr\u00e9sent\u00e9es ci-dessous pour ins\u00e9rer le plugin. <\/p><ol><li><b>Ouvrez notre d\u00e9mo gratuite et commencez \u00e0 construire votre instrument unique. <\/b><br>D\u00e9terminez la disposition et les options souhait\u00e9es du plugin et appliquez les corrections. <\/li><li><b>Copiez le code unique apparaissant dans la case sur Elfsight Apps. <\/b><br>Juste une fois la g\u00e9n\u00e9ration de votre plugin termin\u00e9e, copiez le code individuel dans la bo\u00eete qui appara\u00eet et enregistrez-le pour une occasion future. <\/li><li><b>Initiez l&rsquo;application de l&rsquo;outil sur une page Web Squarespace. <\/b><br>Impl\u00e9mentez le code que vous avez enregistr\u00e9 auparavant dans votre site Web et enregistrez les corrections. <\/li><li><b>Fait\u00a0! L&rsquo;int\u00e9gration s&rsquo;est termin\u00e9e avec succ\u00e8s. <\/b><br>Visitez votre page pour voir l&rsquo;inaction et le fonctionnement de l&rsquo;outil. <\/li><\/ol><p>Si vous avez des questions ou rencontrez des complications, n&rsquo;h\u00e9sitez pas \u00e0 contacter notre \u00e9quipe de service client. Nos consultants se feront un plaisir de r\u00e9soudre toutes les difficult\u00e9s que vous pourriez rencontrer avec le plugin<\/p><\/div>","protected":false},"excerpt":{"rendered":"","protected":false},"author":9,"featured_media":0,"parent":2589,"menu_order":0,"comment_status":"closed","ping_status":"closed","template":"templates\/template-application-platform.php","meta":{"publish_to_discourse":"","publish_post_category":"","wpdc_auto_publish_overridden":"","wpdc_topic_tags":"","wpdc_pin_topic":"","wpdc_pin_until":"","discourse_post_id":"","discourse_permalink":"","wpdc_publishing_response":"","wpdc_publishing_error":"","footnotes":""},"class_list":["post-9842","page","type-page","status-publish","hentry"],"yoast_head":"<!-- This site is optimized with the Yoast SEO plugin v25.3.1 - https:\/\/yoast.com\/wordpress\/plugins\/seo\/ -->\n<title>Mod\u00e8le de portfolio pour le site Web Squarespace (gratuit et rapide)<\/title>\n<meta name=\"description\" content=\"Voici une opportunit\u00e9 de cr\u00e9er un plugin Squarespace Portfolio et de l\u2019int\u00e9grer \u00e0 votre site Web. Vous b\u00e9n\u00e9ficierez d\u2019un service client gratuit \u00e0 vie.\" \/>\n<meta name=\"robots\" content=\"index, follow, max-snippet:-1, max-image-preview:large, max-video-preview:-1\" \/>\n<link rel=\"canonical\" href=\"https:\/\/elfsight.com\/fr\/portfolio-widget\/squarespace\/\" \/>\n<meta property=\"og:locale\" content=\"fr_FR\" \/>\n<meta property=\"og:type\" content=\"article\" \/>\n<meta property=\"og:title\" content=\"Mod\u00e8le de portfolio pour le site Web Squarespace (gratuit et rapide)\" \/>\n<meta property=\"og:description\" content=\"Voici une opportunit\u00e9 de cr\u00e9er un plugin Squarespace Portfolio et de l\u2019int\u00e9grer \u00e0 votre site Web. Vous b\u00e9n\u00e9ficierez d\u2019un service client gratuit \u00e0 vie.\" \/>\n<meta property=\"og:url\" content=\"https:\/\/elfsight.com\/fr\/portfolio-widget\/squarespace\/\" \/>\n<meta property=\"og:site_name\" content=\"Elfsight FR\" \/>\n<meta property=\"article:modified_time\" content=\"2025-07-10T12:42:04+00:00\" \/>\n<meta name=\"twitter:card\" content=\"summary_large_image\" \/>\n<meta name=\"twitter:label1\" content=\"Dur\u00e9e de lecture estim\u00e9e\" \/>\n\t<meta name=\"twitter:data1\" content=\"3 minutes\" \/>\n<!-- \/ Yoast SEO plugin. -->","yoast_head_json":{"title":"Mod\u00e8le de portfolio pour le site Web Squarespace (gratuit et rapide)","description":"Voici une opportunit\u00e9 de cr\u00e9er un plugin Squarespace Portfolio et de l\u2019int\u00e9grer \u00e0 votre site Web. Vous b\u00e9n\u00e9ficierez d\u2019un service client gratuit \u00e0 vie.","robots":{"index":"index","follow":"follow","max-snippet":"max-snippet:-1","max-image-preview":"max-image-preview:large","max-video-preview":"max-video-preview:-1"},"canonical":"https:\/\/elfsight.com\/fr\/portfolio-widget\/squarespace\/","og_locale":"fr_FR","og_type":"article","og_title":"Mod\u00e8le de portfolio pour le site Web Squarespace (gratuit et rapide)","og_description":"Voici une opportunit\u00e9 de cr\u00e9er un plugin Squarespace Portfolio et de l\u2019int\u00e9grer \u00e0 votre site Web. Vous b\u00e9n\u00e9ficierez d\u2019un service client gratuit \u00e0 vie.","og_url":"https:\/\/elfsight.com\/fr\/portfolio-widget\/squarespace\/","og_site_name":"Elfsight FR","article_modified_time":"2025-07-10T12:42:04+00:00","twitter_card":"summary_large_image","twitter_misc":{"Dur\u00e9e de lecture estim\u00e9e":"3 minutes"},"schema":{"@context":"https:\/\/schema.org","@graph":[{"@type":"WebPage","@id":"https:\/\/elfsight.com\/fr\/portfolio-widget\/squarespace\/","url":"https:\/\/elfsight.com\/fr\/portfolio-widget\/squarespace\/","name":"Mod\u00e8le de portfolio pour le site Web Squarespace (gratuit et rapide)","isPartOf":{"@id":"https:\/\/elfsight.com\/fr\/#website"},"datePublished":"1970-01-01T00:00:00+00:00","dateModified":"2025-07-10T12:42:04+00:00","description":"Voici une opportunit\u00e9 de cr\u00e9er un plugin Squarespace Portfolio et de l\u2019int\u00e9grer \u00e0 votre site Web. Vous b\u00e9n\u00e9ficierez d\u2019un service client gratuit \u00e0 vie.","breadcrumb":{"@id":"https:\/\/elfsight.com\/fr\/portfolio-widget\/squarespace\/#breadcrumb"},"inLanguage":"fr-FR","potentialAction":[{"@type":"ReadAction","target":["https:\/\/elfsight.com\/fr\/portfolio-widget\/squarespace\/"]}]},{"@type":"BreadcrumbList","@id":"https:\/\/elfsight.com\/fr\/portfolio-widget\/squarespace\/#breadcrumb","itemListElement":[{"@type":"ListItem","position":1,"name":"Home","item":"https:\/\/elfsight.com\/fr\/"},{"@type":"ListItem","position":2,"name":"Portfolio","item":"https:\/\/elfsight.com\/fr\/portfolio-widget\/"},{"@type":"ListItem","position":3,"name":"Portfolio &#8211; Squarespace"}]},{"@type":"WebSite","@id":"https:\/\/elfsight.com\/fr\/#website","url":"https:\/\/elfsight.com\/fr\/","name":"Elfsight FR","description":"","potentialAction":[{"@type":"SearchAction","target":{"@type":"EntryPoint","urlTemplate":"https:\/\/elfsight.com\/fr\/?s={search_term_string}"},"query-input":{"@type":"PropertyValueSpecification","valueRequired":true,"valueName":"search_term_string"}}],"inLanguage":"fr-FR"}]}},"meta_box":{"industry":"","seo_heading":"","heading":"","description":"","cta_heading":"","cta_description":"","application":"2588","h1":"Mod\u00e8le de portefeuille Squarespace","h1_caption":"Affichez votre travail dans un portfolio personnalisable, ce qui facilite la pr\u00e9sentation de vos projets et r\u00e9alisations sur votre site Web Squarespace, sans effort.","application_category":[],"applications_title":"","applications_request_title":"","applications_request_button_text":"","hero_text":"","hero_video":"","hero_video_schema_markup":"","selling_points_title":"","selling_points_caption":"","selling_points":[],"selling_points_cta_text":"","features_title":"","features":"","ed_cta_examples_text":"","ed_cta_examples_hidden":"","ed_cta_demo_text":"","ed_cta_demo_hidden":"","why_caption":"","why_editor_title":"","why_editor_text":"","why_team_title":"","why_team_text":"","why_service_title":"","why_service_text":"","template_catalog_visible":"","template_catalog_title":"","template_catalog_text":"","template_catalog_categories_visible":"","demo_title":"Cr\u00e9ez votre plugin Portfolio","demo_caption":"Configurez votre Portfolio et ajoutez-le \u00e0 votre site Web Squarespace gratuitement\u00a0!","default_faq_hidden":"","app_template_category":[],"platform":"361","template_public_id":"","codecanyon_url":"","codecanyon_item_id":"","codecanyon_price":"","pricing_caption":"","pricing_elfsight_apps_hide_column":"","pricing_elfsight_apps_url":"","pricing_codecanyon_price_caption":"","integration_category":[],"integration_request_title":"","integration_request_cta":"","integration_platform":"","integrations":[],"platform_category":[],"video_schema_markup":"","price":"\u00e0 partir de 0$ \/ mois","trial":"","benefits":[{"text":"Service d'installation gratuit"},{"text":"Service client efficace"},{"text":"Garantie de remboursement de 14 jours"},{"text":"Mises \u00e0 jour continues"}],"button_url":"","button_target_blank":"","button_nofollow":"","attributes":[{"name":"Installations","content":"10,000 - 100,000"},{"name":"Sensible","content":"Oui"},{"name":"Navigateurs compatibles","content":"Firefox, Safari, Opera, Chrome, Edge"}],"tags":[],"tags_disable_links":"","hide_more_platforms":"","video_object":"","demo_hide_cta":"","demo_hide_cloud_options":"","pricing_title":"","pricing":[{"pricing_icon":"platform","pricing_title":"Elfsight Apps","pricing_title_caption":"Version multiplateforme qui fonctionne sur n'importe quel site Web","pricing_price":"from $0 \/ month","pricing_price_caption":"commencez avec un forfait gratuit","pricing_benefits":[{"text":"Sites Web illimit\u00e9s"},{"text":"Support client rapide et bien document\u00e9"},{"text":"Aide \u00e0 l'installation gratuite"},{"text":"Enti\u00e8rement personnalisable"}],"pricing_button_text":"Ajouter au site Web","pricing_button_url":"#demo"}],"related_apps_title":"","related_apps_hidden":"","author":"","image":[],"title":"","job":"","social_networks":[]},"_links":{"self":[{"href":"https:\/\/elfsight.com\/fr\/wp-json\/wp\/v2\/pages\/9842","targetHints":{"allow":["GET"]}}],"collection":[{"href":"https:\/\/elfsight.com\/fr\/wp-json\/wp\/v2\/pages"}],"about":[{"href":"https:\/\/elfsight.com\/fr\/wp-json\/wp\/v2\/types\/page"}],"author":[{"embeddable":true,"href":"https:\/\/elfsight.com\/fr\/wp-json\/wp\/v2\/users\/9"}],"replies":[{"embeddable":true,"href":"https:\/\/elfsight.com\/fr\/wp-json\/wp\/v2\/comments?post=9842"}],"version-history":[{"count":1,"href":"https:\/\/elfsight.com\/fr\/wp-json\/wp\/v2\/pages\/9842\/revisions"}],"predecessor-version":[{"id":9846,"href":"https:\/\/elfsight.com\/fr\/wp-json\/wp\/v2\/pages\/9842\/revisions\/9846"}],"up":[{"embeddable":true,"href":"https:\/\/elfsight.com\/fr\/wp-json\/wp\/v2\/pages\/2589"}],"wp:attachment":[{"href":"https:\/\/elfsight.com\/fr\/wp-json\/wp\/v2\/media?parent=9842"}],"curies":[{"name":"wp","href":"https:\/\/api.w.org\/{rel}","templated":true}]}}