{"id":9837,"date":"1970-01-01T00:00:00","date_gmt":"1970-01-01T00:00:00","guid":{"rendered":"https:\/\/elfsight.com\/fr\/?page_id=9837"},"modified":"2025-07-10T12:42:11","modified_gmt":"2025-07-10T12:42:11","slug":"webflow","status":"publish","type":"page","link":"https:\/\/elfsight.com\/fr\/portfolio-widget\/webflow\/","title":{"rendered":"Portfolio &#8211; Webflow"},"content":{"rendered":"<div class=\"application-platform-content-item-description application-platform-content-item\" id=\"description\" data-nav-section=\"description\"><h2>Int\u00e9grer Portfolio sur Webflow avec le widget Elfsight<\/h2><p>L&rsquo;outil Elfsight Portfolio est destin\u00e9 \u00e0 tous ceux qui ont besoin d&rsquo;int\u00e9grer leurs projets sur Webflow. site et augmenter le nombre de nouveaux clients. Avec l&rsquo;aide de notre outil, vous pouvez afficher des s\u00e9lections d&rsquo;images, de vid\u00e9os, de croquis et d&rsquo;autres mat\u00e9riaux. Chaque fichier de projet peut avoir un texte complet et une date. Vous pouvez lier des projets \u00e0 des sites Web et \u00e9tablir des cat\u00e9gories de projets. Les utilisateurs du site Web verront votre portfolio, saisiront un projet et l&rsquo;\u00e9tudieront en d\u00e9tail directement sur votre site Web. L&rsquo;en-t\u00eate pr\u00e9sente votre nom complet, votre photo et vos coordonn\u00e9es, qui permettent de vous contacter. Le bouton actif am\u00e8nera les gens \u00e0 la page de passation de commande et vous aidera \u00e0 augmenter le niveau des ventes.<\/p><div class=\"faq\" data-component=\"FAQ\"> <div class=\"faq-item\">\r\n\t\t\t\t\t<div class=\"faq-item-question\">\r\n\t\t\t\t\t\t<h3 class=\"faq-item-question-text\">O\u00f9 puis-je ajouter un portfolio<\/h3>\r\n\r\n\t\t\t\t\t\t<div class=\"faq-item-question-icon\"><\/div>\r\n\t\t\t\t\t<\/div>\r\n\r\n\t\t\t\t\t<div class=\"faq-item-answer\">\r\n\t\t\t\t\t\t<div class=\"faq-item-answer-text\"><p> Il peut fonctionner sur n&rsquo;importe quelle page du site Web ou sur toutes les pages Web. Vos supports accrocheurs b\u00e9n\u00e9ficieront d&rsquo;une attention maximale sur la page principale du site et pourront visualiser vos offres sur les pages Portfolio.<\/p><\/div>\r\n\t\t\t\t\t<\/div>\r\n\t\t\t\t<\/div><div class=\"faq-item\">\r\n\t\t\t\t\t<div class=\"faq-item-question\">\r\n\t\t\t\t\t\t<h3 class=\"faq-item-question-text\">Comment b\u00e9n\u00e9ficier du widget ?<\/h3>\r\n\r\n\t\t\t\t\t\t<div class=\"faq-item-question-icon\"><\/div>\r\n\t\t\t\t\t<\/div>\r\n\r\n\t\t\t\t\t<div class=\"faq-item-answer\">\r\n\t\t\t\t\t\t<div class=\"faq-item-answer-text\"><p>A un beau portfolio r\u00e9actif avec vos projets r\u00e9v\u00e9lera toutes vos grandes comp\u00e9tences et votre cr\u00e9ativit\u00e9 \u00e0 votre public. Cela les incitera \u00e0 commander vos services et vous verrez de nouveaux clients. De plus, gr\u00e2ce aux moyens simples de vous contacter, vous pouvez augmenter le nombre de prospects.<\/p><\/div>\r\n\t\t\t\t\t<\/div>\r\n\t\t\t\t<\/div><div class=\"faq-item\">\r\n\t\t\t\t\t<div class=\"faq-item-question\">\r\n\t\t\t\t\t\t<h3 class=\"faq-item-question-text\">Comment int\u00e9grer Portfolio \u00e0 mon site Web Webflow ?<\/h3>\r\n\r\n\t\t\t\t\t\t<div class=\"faq-item-question-icon\"><\/div>\r\n\t\t\t\t\t<\/div>\r\n\r\n\t\t\t\t\t<div class=\"faq-item-answer\">\r\n\t\t\t\t\t\t<div class=\"faq-item-answer-text\"><p>Cela prend juste une minute pour que le widget soit op\u00e9rationnel. Ce processus est ultra rapide, gratuit et sans codage.<\/p><p>Vous pouvez int\u00e9grer le widget \u00e0 votre site directement via notre service. Consultez simplement la br\u00e8ve description ci-dessous sur cette page.<\/p><\/div>\r\n\t\t\t\t\t<\/div>\r\n\t\t\t\t<\/div><\/div><\/div><div class=\"application-platform-content-item-features application-platform-content-item\" id=\"features\" data-nav-section=\"features\"><h2>Principales fonctionnalit\u00e9s du widget Portfolio<\/h2><p> Pour avoir une meilleure id\u00e9e du Webflow Portfolio, vous pouvez \u00e9tudier la liste des fonctionnalit\u00e9s les plus remarquables. Ils rendent le plugin extr\u00eamement b\u00e9n\u00e9fique pour votre boutique\u00a0:<\/p><ul><li>Ajoutez plusieurs projets et ajoutez des titres\u00a0;<\/li><li>\u00c9tablissez des cat\u00e9gories et divisez-les en projets\u00a0;<\/li><li>S\u00e9lectionnez quelles informations afficher dans la fen\u00eatre contextuelle et survoler\u00a0;<\/li><li>Ajouter des textes et attribuer des dates \u00e0 tous les fichiers du projet\u00a0;<\/li><li>Le bouton actif sur l&rsquo;en-t\u00eate et dans la fen\u00eatre contextuelle am\u00e8ne les utilisateurs vers n&rsquo;importe quel site Web.<\/li><\/ul><p><a href=\"#demo\">Pour voir toutes les fonctionnalit\u00e9s, voir la d\u00e9mo en direct<\/a><\/p><\/div><div class=\"application-platform-content-item-installation application-platform-content-item\" id=\"installation\" data-nav-section=\"installation\"><h2> Comment cr\u00e9er le portfolio sur votre site Web Webflow<\/h2><div class=\"video-container\"><iframe width=\"720\" height=\"405\" src=\"https:\/\/www.youtube.com\/embed\/q4HOPpCvyig\" frameborder=\"0\" allowfullscreen=\"\"><\/iframe><\/div><p>Les actions ci-dessous sont la seule chose que vous devez faire pour l&rsquo;activation du widget.<\/p><ol><li><b>Cr\u00e9ez votre portfolio r\u00e9actif personnalis\u00e9<\/b><br> Dans notre configurateur gratuit, cr\u00e9ez un widget avec un design et des fonctions personnalis\u00e9s.<\/li><li><b>Obtenez le code individuel pour installer le widget<\/b> <br> Apr\u00e8s avoir personnalis\u00e9 votre widget, vous obtiendrez votre code d&rsquo;installation dans la fen\u00eatre contextuelle d&rsquo;Elfsight Apps. Copiez le code pour une utilisation ult\u00e9rieure. <\/li> <li><b>Ajoutez le widget sur votre site Webflow<\/b><br> Choisissez la zone dans laquelle vous devez placer le widget et collez-y le code copi\u00e9. Appliquez les modifications. <\/li> <li><b>La configuration est termin\u00e9e<\/b><br> Entrez dans la page pour jeter un \u0153il \u00e0 votre portefeuille. <\/li> <\/ol><p>Vous n&rsquo;arrivez toujours pas \u00e0 vous d\u00e9cider\u00a0? Ou rencontrez des probl\u00e8mes ? Adressez simplement une demande \u00e0 notre service client. Les sp\u00e9cialistes r\u00e9soudront toute question.<\/p><\/div>","protected":false},"excerpt":{"rendered":"","protected":false},"author":9,"featured_media":0,"parent":2589,"menu_order":0,"comment_status":"closed","ping_status":"closed","template":"templates\/template-application-platform.php","meta":{"publish_to_discourse":"","publish_post_category":"","wpdc_auto_publish_overridden":"","wpdc_topic_tags":"","wpdc_pin_topic":"","wpdc_pin_until":"","discourse_post_id":"","discourse_permalink":"","wpdc_publishing_response":"","wpdc_publishing_error":"","footnotes":""},"class_list":["post-9837","page","type-page","status-publish","hentry"],"yoast_head":"<!-- This site is optimized with the Yoast SEO plugin v25.3.1 - https:\/\/yoast.com\/wordpress\/plugins\/seo\/ -->\n<title>Webflow Portfolio \u2014 Ajouter le module Portfolio au site Web Webflow [2025]<\/title>\n<meta name=\"description\" content=\"Cr\u00e9ez un mod\u00e8le de widget Portfolio et ajoutez-le \u00e0 votre site Webflow. Vous b\u00e9n\u00e9ficierez d\u2019un support client gratuit et d\u2019autres avantages.\" \/>\n<meta name=\"robots\" content=\"index, follow, max-snippet:-1, max-image-preview:large, max-video-preview:-1\" \/>\n<link rel=\"canonical\" href=\"https:\/\/elfsight.com\/fr\/portfolio-widget\/webflow\/\" \/>\n<meta property=\"og:locale\" content=\"fr_FR\" \/>\n<meta property=\"og:type\" content=\"article\" \/>\n<meta property=\"og:title\" content=\"Webflow Portfolio \u2014 Ajouter le module Portfolio au site Web Webflow [2025]\" \/>\n<meta property=\"og:description\" content=\"Cr\u00e9ez un mod\u00e8le de widget Portfolio et ajoutez-le \u00e0 votre site Webflow. Vous b\u00e9n\u00e9ficierez d\u2019un support client gratuit et d\u2019autres avantages.\" \/>\n<meta property=\"og:url\" content=\"https:\/\/elfsight.com\/fr\/portfolio-widget\/webflow\/\" \/>\n<meta property=\"og:site_name\" content=\"Elfsight FR\" \/>\n<meta property=\"article:modified_time\" content=\"2025-07-10T12:42:11+00:00\" \/>\n<meta name=\"twitter:card\" content=\"summary_large_image\" \/>\n<meta name=\"twitter:label1\" content=\"Dur\u00e9e de lecture estim\u00e9e\" \/>\n\t<meta name=\"twitter:data1\" content=\"3 minutes\" \/>\n<!-- \/ Yoast SEO plugin. -->","yoast_head_json":{"title":"Webflow Portfolio \u2014 Ajouter le module Portfolio au site Web Webflow [2025]","description":"Cr\u00e9ez un mod\u00e8le de widget Portfolio et ajoutez-le \u00e0 votre site Webflow. Vous b\u00e9n\u00e9ficierez d\u2019un support client gratuit et d\u2019autres avantages.","robots":{"index":"index","follow":"follow","max-snippet":"max-snippet:-1","max-image-preview":"max-image-preview:large","max-video-preview":"max-video-preview:-1"},"canonical":"https:\/\/elfsight.com\/fr\/portfolio-widget\/webflow\/","og_locale":"fr_FR","og_type":"article","og_title":"Webflow Portfolio \u2014 Ajouter le module Portfolio au site Web Webflow [2025]","og_description":"Cr\u00e9ez un mod\u00e8le de widget Portfolio et ajoutez-le \u00e0 votre site Webflow. Vous b\u00e9n\u00e9ficierez d\u2019un support client gratuit et d\u2019autres avantages.","og_url":"https:\/\/elfsight.com\/fr\/portfolio-widget\/webflow\/","og_site_name":"Elfsight FR","article_modified_time":"2025-07-10T12:42:11+00:00","twitter_card":"summary_large_image","twitter_misc":{"Dur\u00e9e de lecture estim\u00e9e":"3 minutes"},"schema":{"@context":"https:\/\/schema.org","@graph":[{"@type":"WebPage","@id":"https:\/\/elfsight.com\/fr\/portfolio-widget\/webflow\/","url":"https:\/\/elfsight.com\/fr\/portfolio-widget\/webflow\/","name":"Webflow Portfolio \u2014 Ajouter le module Portfolio au site Web Webflow [2025]","isPartOf":{"@id":"https:\/\/elfsight.com\/fr\/#website"},"datePublished":"1970-01-01T00:00:00+00:00","dateModified":"2025-07-10T12:42:11+00:00","description":"Cr\u00e9ez un mod\u00e8le de widget Portfolio et ajoutez-le \u00e0 votre site Webflow. Vous b\u00e9n\u00e9ficierez d\u2019un support client gratuit et d\u2019autres avantages.","breadcrumb":{"@id":"https:\/\/elfsight.com\/fr\/portfolio-widget\/webflow\/#breadcrumb"},"inLanguage":"fr-FR","potentialAction":[{"@type":"ReadAction","target":["https:\/\/elfsight.com\/fr\/portfolio-widget\/webflow\/"]}]},{"@type":"BreadcrumbList","@id":"https:\/\/elfsight.com\/fr\/portfolio-widget\/webflow\/#breadcrumb","itemListElement":[{"@type":"ListItem","position":1,"name":"Home","item":"https:\/\/elfsight.com\/fr\/"},{"@type":"ListItem","position":2,"name":"Portfolio","item":"https:\/\/elfsight.com\/fr\/portfolio-widget\/"},{"@type":"ListItem","position":3,"name":"Portfolio &#8211; Webflow"}]},{"@type":"WebSite","@id":"https:\/\/elfsight.com\/fr\/#website","url":"https:\/\/elfsight.com\/fr\/","name":"Elfsight FR","description":"","potentialAction":[{"@type":"SearchAction","target":{"@type":"EntryPoint","urlTemplate":"https:\/\/elfsight.com\/fr\/?s={search_term_string}"},"query-input":{"@type":"PropertyValueSpecification","valueRequired":true,"valueName":"search_term_string"}}],"inLanguage":"fr-FR"}]}},"meta_box":{"industry":"","seo_heading":"","heading":"","description":"","cta_heading":"","cta_description":"","application":"2588","h1":"Widget de portefeuille Webflow","h1_caption":"Affichez vos travaux et projets complets pour collecter de nouveaux clients","application_category":[],"applications_title":"","applications_request_title":"","applications_request_button_text":"","hero_text":"","hero_video":"","hero_video_schema_markup":"","selling_points_title":"","selling_points_caption":"","selling_points":[],"selling_points_cta_text":"","features_title":"","features":"","ed_cta_examples_text":"","ed_cta_examples_hidden":"","ed_cta_demo_text":"","ed_cta_demo_hidden":"","why_caption":"","why_editor_title":"","why_editor_text":"","why_team_title":"","why_team_text":"","why_service_title":"","why_service_text":"","template_catalog_visible":"","template_catalog_title":"","template_catalog_text":"","template_catalog_categories_visible":"","demo_title":"Cr\u00e9ez votre widget Portefeuille","demo_caption":"Configurez votre Portfolio et ajoutez-le \u00e0 votre site Web Webflow gratuitement\u00a0!","default_faq_hidden":"","app_template_category":[],"platform":"362","template_public_id":"","codecanyon_url":"","codecanyon_item_id":"","codecanyon_price":"","pricing_caption":"","pricing_elfsight_apps_hide_column":"","pricing_elfsight_apps_url":"","pricing_codecanyon_price_caption":"","integration_category":[],"integration_request_title":"","integration_request_cta":"","integration_platform":"","integrations":[],"platform_category":[],"video_schema_markup":"","price":"\u00e0 partir de 0$ \/ mois","trial":"","benefits":[{"text":"Aide \u00e0 l'installation gratuite"},{"text":"Un support client efficace"},{"text":"Garantie de remboursement de 14 jours"},{"text":"Futures mises \u00e0 jour gratuites"}],"button_url":"","button_target_blank":"","button_nofollow":"","attributes":[{"name":"Installations","content":"10,000 - 100,000"},{"name":"Sensible","content":"Oui"},{"name":"Navigateurs compatibles","content":"Chrome, Edge, Firefox, Safari, Opera"}],"tags":[],"tags_disable_links":"","hide_more_platforms":"","video_object":"","demo_hide_cta":"","demo_hide_cloud_options":"","pricing_title":"","pricing":[{"pricing_icon":"platform","pricing_title":"Elfsight Apps","pricing_title_caption":"Version ind\u00e9pendante de la plate-forme qui convient \u00e0 n'importe quel site Web","pricing_price":"from $0 \/ month","pricing_price_caption":"commencez avec un forfait gratuit","pricing_benefits":[{"text":"Domaines illimit\u00e9s"},{"text":"Assistance gratuite et ponctuelle"},{"text":"Service d'installation gratuit"},{"text":"Offre sp\u00e9ciale pour plusieurs applications"}],"pricing_button_text":"Ajouter au site Web","pricing_button_url":"#demo"}],"related_apps_title":"","related_apps_hidden":"","author":"","image":[],"title":"","job":"","social_networks":[]},"_links":{"self":[{"href":"https:\/\/elfsight.com\/fr\/wp-json\/wp\/v2\/pages\/9837","targetHints":{"allow":["GET"]}}],"collection":[{"href":"https:\/\/elfsight.com\/fr\/wp-json\/wp\/v2\/pages"}],"about":[{"href":"https:\/\/elfsight.com\/fr\/wp-json\/wp\/v2\/types\/page"}],"author":[{"embeddable":true,"href":"https:\/\/elfsight.com\/fr\/wp-json\/wp\/v2\/users\/9"}],"replies":[{"embeddable":true,"href":"https:\/\/elfsight.com\/fr\/wp-json\/wp\/v2\/comments?post=9837"}],"version-history":[{"count":2,"href":"https:\/\/elfsight.com\/fr\/wp-json\/wp\/v2\/pages\/9837\/revisions"}],"predecessor-version":[{"id":15238,"href":"https:\/\/elfsight.com\/fr\/wp-json\/wp\/v2\/pages\/9837\/revisions\/15238"}],"up":[{"embeddable":true,"href":"https:\/\/elfsight.com\/fr\/wp-json\/wp\/v2\/pages\/2589"}],"wp:attachment":[{"href":"https:\/\/elfsight.com\/fr\/wp-json\/wp\/v2\/media?parent=9837"}],"curies":[{"name":"wp","href":"https:\/\/api.w.org\/{rel}","templated":true}]}}