{"id":9835,"date":"1970-01-01T00:00:00","date_gmt":"1970-01-01T00:00:00","guid":{"rendered":"https:\/\/elfsight.com\/fr\/?page_id=9835"},"modified":"2026-01-19T10:26:10","modified_gmt":"2026-01-19T10:26:10","slug":"wix","status":"publish","type":"page","link":"https:\/\/elfsight.com\/fr\/portfolio-widget\/wix\/","title":{"rendered":"Portfolio &#8211; Wix"},"content":{"rendered":"<div class=\"application-platform-content-item-description application-platform-content-item\" id=\"description\" data-nav-section=\"description\"><h2>Description<\/h2><p>L&rsquo;application Elfsight Portfolio est con\u00e7ue pour aider toute personne qui a besoin de d\u00e9montrer son superbe portfolio sur le site Web et d&rsquo;attirer clients. Ayant l&rsquo;outil, vous pourrez montrer des projets avec des photos, des vid\u00e9os, des designs et d&rsquo;autres mat\u00e9riaux. Chaque fichier peut avoir une description d\u00e9taill\u00e9e et une date. Vous \u00eates invit\u00e9s \u00e0 lier des projets \u00e0 leurs sites Web et \u00e0 cr\u00e9er des cat\u00e9gories de projets. Les visiteurs du site Web verront votre portefeuille de projets, cliqueront sur chaque projet et le visualiseront en d\u00e9tail directement sur votre page d&rsquo;accueil. L&rsquo;en-t\u00eate indique votre nom complet, votre photo et vos coordonn\u00e9es, ce qui facilite le processus de prise de contact. Le bouton actif redirigera les utilisateurs vers la page d\u2019achat et vous aidera \u00e0 augmenter le montant des ventes. <\/p><div class=\"faq\" data-component=\"FAQ\"><div class=\"faq-item\">\r\n\t\t\t\t\t<div class=\"faq-item-question\">\r\n\t\t\t\t\t\t<h3 class=\"faq-item-question-text\">Comment puis-je int\u00e9grer un portfolio sur le site Wix ?<\/h3>\r\n\r\n\t\t\t\t\t\t<div class=\"faq-item-question-icon\"><\/div>\r\n\t\t\t\t\t<\/div>\r\n\r\n\t\t\t\t\t<div class=\"faq-item-answer\">\r\n\t\t\t\t\t\t<div class=\"faq-item-answer-text\"><p>La construction de l&rsquo;outil s&rsquo;effectue sur les pages Elfsight et il n&rsquo;est pas n\u00e9cessaire de coder. Utilisez notre d\u00e9mo active pour fa\u00e7onner votre application personnelle, acqu\u00e9rir le code et l&rsquo;int\u00e9grer dans votre site. <\/p><\/div>\r\n\t\t\t\t\t<\/div>\r\n\t\t\t\t<\/div><div class=\"faq-item\">\r\n\t\t\t\t\t<div class=\"faq-item-question\">\r\n\t\t\t\t\t\t<h3 class=\"faq-item-question-text\">Les meilleurs exemples d'utilisation de l'int\u00e9gration de Portfolio Gallery<\/h3>\r\n\r\n\t\t\t\t\t\t<div class=\"faq-item-question-icon\"><\/div>\r\n\t\t\t\t\t<\/div>\r\n\r\n\t\t\t\t\t<div class=\"faq-item-answer\">\r\n\t\t\t\t\t\t<div class=\"faq-item-answer-text\"><p>Nous offrons un large \u00e9ventail de possibilit\u00e9s de personnalisation\u00a0: des widgets complets \u00e0 ajouter dans la zone de contenu, des plugins flottants pour la fonction de d\u00e9filement, des mises en page pour le pied de page de votre site Web, la section d&rsquo;en-t\u00eate et toutes sortes d&rsquo;options verticales pour les barres lat\u00e9rales et les menus du site Web. <\/p><\/div>\r\n\t\t\t\t\t<\/div>\r\n\t\t\t\t<\/div><div class=\"faq-item\">\r\n\t\t\t\t\t<div class=\"faq-item-question\">\r\n\t\t\t\t\t\t<h3 class=\"faq-item-question-text\">Comment cr\u00e9er un slider ou un carrousel portfolio par l'interm\u00e9diaire de votre \u00e9diteur ? <\/h3>\r\n\r\n\t\t\t\t\t\t<div class=\"faq-item-question-icon\"><\/div>\r\n\t\t\t\t\t<\/div>\r\n\r\n\t\t\t\t\t<div class=\"faq-item-answer\">\r\n\t\t\t\t\t\t<div class=\"faq-item-answer-text\"><p>Vous \u00eates invit\u00e9s \u00e0 fa\u00e7onner les modifications de n&rsquo;importe quel widget. Il existe une multitude de mises en page applicables dans l&rsquo;\u00e9diteur, et toutes peuvent \u00eatre rapidement personnalis\u00e9es selon vos besoins. <\/p><\/div>\r\n\t\t\t\t\t<\/div>\r\n\t\t\t\t<\/div><\/div><\/div> <div class=\"application-platform-content-item-features application-platform-content-item\" id=\"features\" data-nav-section=\"features\"><h2>Fonctionnalit\u00e9s<\/h2><p>Pour obtenir une meilleure perception du widget, regardez la liste des traits majeurs. Ils rendent le widget incroyablement avantageux pour vous\u00a0: <\/p><ul><li>D\u00e9finissez n&rsquo;importe quel nombre de projets et ajoutez des titres\u00a0; <\/li><li>Cr\u00e9ez des groupes et divisez-les en projets<\/li><li>S\u00e9lectionnez les types de donn\u00e9es \u00e0 afficher dans une fen\u00eatre contextuelle et survolez\u00a0; <\/li><li>Ajouter des descriptions et ajouter des dates \u00e0 tous les mat\u00e9riaux du projet<\/li><li>Le bouton actif sur l&rsquo;en-t\u00eate et dans la fen\u00eatre contextuelle am\u00e8ne les utilisateurs \u00e0 n&rsquo;importe quelle page<\/li><\/ul><p><a href=\"#demo\">Explorez une liste compl\u00e8te des fonctionnalit\u00e9s dans notre d\u00e9mo en direct<\/a><\/p><\/div> <div class=\"application-platform-content-item-installation application-platform-content-item\" id=\"installation\" data-nav-section=\"installation\"><h2>Comment ajouter Portfolio \u00e0 ma page Web Wix\u00a0? <\/h2><div class=\"video-container\"><iframe allowfullscreen=\"\" frameborder=\"0\" height=\"405\" src=\"https:\/\/www.youtube.com\/embed\/sqVlGIQOF1o?si=RAXGT6PiaHLvoRU6\" width=\"720\"><\/iframe><\/div><p>Suivez simplement quelques \u00e9tapes ci-dessous pour commencer \u00e0 travailler avec l&rsquo;outil. <\/p><ol><li><b>R\u00e9alisez notre d\u00e9mo gratuite et commencez \u00e0 cr\u00e9er votre plugin sur mesure. <\/b><br>Sp\u00e9cifiez la pr\u00e9sentation et les fonctionnalit\u00e9s appropri\u00e9es du plugin et enregistrez les modifications. <\/li><li><b>Copiez le code personnel expos\u00e9 dans la case sur Elfsight Apps. <\/b><br>D\u00e8s que la configuration de votre widget personnel est termin\u00e9e, copiez le code personnel dans la fen\u00eatre qui appara\u00eet et enregistrez-le pour une occasion ult\u00e9rieure. <\/li><li><b>Entrez sur l&rsquo;utilisation de l&rsquo;outil sur votre site Web Wix. <\/b><br>Ajoutez le code que vous avez enregistr\u00e9 auparavant dans votre page et enregistrez les ajustements. <\/li><li><b>Fait\u00a0! La configuration est enti\u00e8rement r\u00e9alis\u00e9e. <\/b><br>Acc\u00e9dez \u00e0 votre page Web pour voir les performances de l&rsquo;outil. <\/li><\/ol><p>\u00c0 condition de r\u00e9pondre \u00e0 des demandes de renseignements ou de faire face \u00e0 des difficult\u00e9s, veuillez demander l&rsquo;aide de notre personnel d&rsquo;assistance. Nos consultants seront ravis de vous aider avec tous les probl\u00e8mes que vous pourriez rencontrer avec l&rsquo;outil<\/p><\/div>","protected":false},"excerpt":{"rendered":"","protected":false},"author":9,"featured_media":0,"parent":2589,"menu_order":0,"comment_status":"closed","ping_status":"closed","template":"templates\/template-application-platform.php","meta":{"publish_to_discourse":"","publish_post_category":"","wpdc_auto_publish_overridden":"","wpdc_topic_tags":"","wpdc_pin_topic":"","wpdc_pin_until":"","discourse_post_id":"","discourse_permalink":"","wpdc_publishing_response":"","wpdc_publishing_error":"","footnotes":""},"class_list":["post-9835","page","type-page","status-publish","hentry"],"yoast_head":"<!-- This site is optimized with the Yoast SEO plugin v25.3.1 - https:\/\/yoast.com\/wordpress\/plugins\/seo\/ -->\n<title>Wix Portfolio \u2014 Ajouter un mod\u00e8le d&#039;application Portfolio pour le site Web Wix (gratuit et rapide)<\/title>\n<meta name=\"description\" content=\"Il est absolument simple de cr\u00e9er votre widget Portfolio et de le publier sur votre site Web Wix. Le support client Elfsight est gratuit.\" \/>\n<meta name=\"robots\" content=\"index, follow, max-snippet:-1, max-image-preview:large, max-video-preview:-1\" \/>\n<link rel=\"canonical\" href=\"https:\/\/elfsight.com\/fr\/portfolio-widget\/wix\/\" \/>\n<meta property=\"og:locale\" content=\"fr_FR\" \/>\n<meta property=\"og:type\" content=\"article\" \/>\n<meta property=\"og:title\" content=\"Wix Portfolio \u2014 Ajouter un mod\u00e8le d&#039;application Portfolio pour le site Web Wix (gratuit et rapide)\" \/>\n<meta property=\"og:description\" content=\"Il est absolument simple de cr\u00e9er votre widget Portfolio et de le publier sur votre site Web Wix. Le support client Elfsight est gratuit.\" \/>\n<meta property=\"og:url\" content=\"https:\/\/elfsight.com\/fr\/portfolio-widget\/wix\/\" \/>\n<meta property=\"og:site_name\" content=\"Elfsight FR\" \/>\n<meta property=\"article:modified_time\" content=\"2026-01-19T10:26:10+00:00\" \/>\n<meta name=\"twitter:card\" content=\"summary_large_image\" \/>\n<meta name=\"twitter:label1\" content=\"Dur\u00e9e de lecture estim\u00e9e\" \/>\n\t<meta name=\"twitter:data1\" content=\"3 minutes\" \/>\n<!-- \/ Yoast SEO plugin. -->","yoast_head_json":{"title":"Wix Portfolio \u2014 Ajouter un mod\u00e8le d'application Portfolio pour le site Web Wix (gratuit et rapide)","description":"Il est absolument simple de cr\u00e9er votre widget Portfolio et de le publier sur votre site Web Wix. Le support client Elfsight est gratuit.","robots":{"index":"index","follow":"follow","max-snippet":"max-snippet:-1","max-image-preview":"max-image-preview:large","max-video-preview":"max-video-preview:-1"},"canonical":"https:\/\/elfsight.com\/fr\/portfolio-widget\/wix\/","og_locale":"fr_FR","og_type":"article","og_title":"Wix Portfolio \u2014 Ajouter un mod\u00e8le d'application Portfolio pour le site Web Wix (gratuit et rapide)","og_description":"Il est absolument simple de cr\u00e9er votre widget Portfolio et de le publier sur votre site Web Wix. Le support client Elfsight est gratuit.","og_url":"https:\/\/elfsight.com\/fr\/portfolio-widget\/wix\/","og_site_name":"Elfsight FR","article_modified_time":"2026-01-19T10:26:10+00:00","twitter_card":"summary_large_image","twitter_misc":{"Dur\u00e9e de lecture estim\u00e9e":"3 minutes"},"schema":{"@context":"https:\/\/schema.org","@graph":[{"@type":"WebPage","@id":"https:\/\/elfsight.com\/fr\/portfolio-widget\/wix\/","url":"https:\/\/elfsight.com\/fr\/portfolio-widget\/wix\/","name":"Wix Portfolio \u2014 Ajouter un mod\u00e8le d'application Portfolio pour le site Web Wix (gratuit et rapide)","isPartOf":{"@id":"https:\/\/elfsight.com\/fr\/#website"},"datePublished":"1970-01-01T00:00:00+00:00","dateModified":"2026-01-19T10:26:10+00:00","description":"Il est absolument simple de cr\u00e9er votre widget Portfolio et de le publier sur votre site Web Wix. Le support client Elfsight est gratuit.","breadcrumb":{"@id":"https:\/\/elfsight.com\/fr\/portfolio-widget\/wix\/#breadcrumb"},"inLanguage":"fr-FR","potentialAction":[{"@type":"ReadAction","target":["https:\/\/elfsight.com\/fr\/portfolio-widget\/wix\/"]}]},{"@type":"BreadcrumbList","@id":"https:\/\/elfsight.com\/fr\/portfolio-widget\/wix\/#breadcrumb","itemListElement":[{"@type":"ListItem","position":1,"name":"Home","item":"https:\/\/elfsight.com\/fr\/"},{"@type":"ListItem","position":2,"name":"Portfolio","item":"https:\/\/elfsight.com\/fr\/portfolio-widget\/"},{"@type":"ListItem","position":3,"name":"Portfolio &#8211; Wix"}]},{"@type":"WebSite","@id":"https:\/\/elfsight.com\/fr\/#website","url":"https:\/\/elfsight.com\/fr\/","name":"Elfsight FR","description":"","potentialAction":[{"@type":"SearchAction","target":{"@type":"EntryPoint","urlTemplate":"https:\/\/elfsight.com\/fr\/?s={search_term_string}"},"query-input":{"@type":"PropertyValueSpecification","valueRequired":true,"valueName":"search_term_string"}}],"inLanguage":"fr-FR"}]}},"meta_box":{"industry":"","seo_heading":"","heading":"","description":"","cta_heading":"","cta_description":"","application":"2588","h1":"Application Wix Portefeuille","h1_caption":"Permettez \u00e0 votre public d'admirer plus en d\u00e9tail les \u0153uvres d'art et l'ensemble des projets et attirez de nouveaux clients.","application_category":[],"applications_title":"","applications_request_title":"","applications_request_button_text":"","hero_text":"","hero_video":"","hero_video_schema_markup":"","selling_points_title":"","selling_points_caption":"","selling_points":[],"selling_points_cta_text":"","features_title":"","features":"","ed_cta_examples_text":"","ed_cta_examples_hidden":"","ed_cta_demo_text":"","ed_cta_demo_hidden":"","why_caption":"","why_editor_title":"","why_editor_text":"","why_team_title":"","why_team_text":"","why_service_title":"","why_service_text":"","template_catalog_visible":"0","template_catalog_title":"","template_catalog_text":"","template_catalog_categories_visible":"","demo_title":"Cr\u00e9ez votre application Portfolio","demo_caption":"Configurez votre Portfolio et ajoutez-le \u00e0 votre site Web Wix gratuitement !","default_faq_hidden":"","app_template_category":[],"platform":"345","template_public_id":"","codecanyon_url":"","codecanyon_item_id":"","codecanyon_price":"","pricing_caption":"","pricing_elfsight_apps_hide_column":"","pricing_elfsight_apps_url":"","pricing_codecanyon_price_caption":"","integration_category":[],"integration_request_title":"","integration_request_cta":"","integration_platform":"","integrations":[],"platform_category":[],"video_schema_markup":"","price":"\u00e0 partir de 0$ \/ mois","trial":"","benefits":[{"text":"Aide \u00e0 l'installation gratuite"},{"text":"Assistance premium"},{"text":"Garantie de remboursement de 14 jours"},{"text":"D\u00e9veloppement continu"}],"button_url":"","button_target_blank":"0","button_nofollow":"0","attributes":[{"name":"Installations","content":"10,000 - 100,000"},{"name":"Sensible","content":"Oui"},{"name":"Navigateurs compatibles","content":"Opera, Chrome, Safari, Edge, Firefox"}],"tags":[],"tags_disable_links":"0","hide_more_platforms":"0","video_object":"","demo_hide_cta":"0","demo_hide_cloud_options":"0","pricing_title":"","pricing":[{"pricing_icon":"platform","pricing_title":"Elfsight Apps","pricing_title_caption":"Solution multiplateforme adapt\u00e9e \u00e0 n'importe quel site Web","pricing_price":"from $0 \/ month","pricing_price_caption":"commencez avec un forfait gratuit","pricing_benefits":[{"text":"Nombre illimit\u00e9 de sites Web"},{"text":"Support client professionnel"},{"text":"Service d'installation gratuit"},{"text":"Conception flexible"}],"pricing_button_text":"Ajouter au site Web","pricing_button_url":"#demo"}],"related_apps_title":"","related_apps_hidden":"0","author":"","image":[],"title":"","job":"","social_networks":[]},"_links":{"self":[{"href":"https:\/\/elfsight.com\/fr\/wp-json\/wp\/v2\/pages\/9835","targetHints":{"allow":["GET"]}}],"collection":[{"href":"https:\/\/elfsight.com\/fr\/wp-json\/wp\/v2\/pages"}],"about":[{"href":"https:\/\/elfsight.com\/fr\/wp-json\/wp\/v2\/types\/page"}],"author":[{"embeddable":true,"href":"https:\/\/elfsight.com\/fr\/wp-json\/wp\/v2\/users\/9"}],"replies":[{"embeddable":true,"href":"https:\/\/elfsight.com\/fr\/wp-json\/wp\/v2\/comments?post=9835"}],"version-history":[{"count":2,"href":"https:\/\/elfsight.com\/fr\/wp-json\/wp\/v2\/pages\/9835\/revisions"}],"predecessor-version":[{"id":16785,"href":"https:\/\/elfsight.com\/fr\/wp-json\/wp\/v2\/pages\/9835\/revisions\/16785"}],"up":[{"embeddable":true,"href":"https:\/\/elfsight.com\/fr\/wp-json\/wp\/v2\/pages\/2589"}],"wp:attachment":[{"href":"https:\/\/elfsight.com\/fr\/wp-json\/wp\/v2\/media?parent=9835"}],"curies":[{"name":"wp","href":"https:\/\/api.w.org\/{rel}","templated":true}]}}