{"id":9828,"date":"1970-01-01T00:00:00","date_gmt":"1970-01-01T00:00:00","guid":{"rendered":"https:\/\/elfsight.com\/fr\/?page_id=9828"},"modified":"2025-01-10T12:34:15","modified_gmt":"2025-01-10T12:34:15","slug":"iframe","status":"publish","type":"page","link":"https:\/\/elfsight.com\/fr\/portfolio-widget\/iframe\/","title":{"rendered":"Portfolio &#8211; iFrame"},"content":{"rendered":"\n<div class=\"application-platform-content-item-description application-platform-content-item\" id=\"description\" data-nav-section=\"description\"><h2>Int\u00e9grer Portfolio sur iFrame avec le widget Elfsight<\/h2><p>L&rsquo;outil Elfsight Portfolio est cr\u00e9\u00e9 pour aider chaque personne qui a besoin d&rsquo;exposer son portfolio sur le site et avoir plus de commandes. Avec l&rsquo;aide de l&rsquo;outil, vous aurez l&rsquo;occasion de pr\u00e9senter des projets avec des images, du contenu vid\u00e9o, des maquettes et d&rsquo;autres mat\u00e9riaux. Chaque dossier de projet peut \u00eatre accompagn\u00e9 d&rsquo;une description compl\u00e8te et d&rsquo;une date. Vous pouvez lier des projets \u00e0 des sites et \u00e9tablir des cat\u00e9gories de projets. Les visiteurs du site Web verront votre portefeuille de projets, saisiront chaque projet et le regarderont en d\u00e9tail directement sur votre site. L&rsquo;en-t\u00eate affichera votre nom, votre photo et vos coordonn\u00e9es, qui permettront de vous contacter. Le bouton d&rsquo;appel \u00e0 l&rsquo;action dirigera les gens vers la page de commande et vous aidera \u00e0 augmenter le nombre de ventes.<\/p><div class=\"faq\" data-component=\"FAQ\"> <div class=\"faq-item\">\r\n\t\t\t\t\t<div class=\"faq-item-question\">\r\n\t\t\t\t\t\t<h3 class=\"faq-item-question-text\">O\u00f9 puis-je publier Portfolio<\/h3>\r\n\r\n\t\t\t\t\t\t<div class=\"faq-item-question-icon\"><\/div>\r\n\t\t\t\t\t<\/div>\r\n\r\n\t\t\t\t\t<div class=\"faq-item-answer\">\r\n\t\t\t\t\t\t<div class=\"faq-item-answer-text\"><p> Il peut \u00eatre int\u00e9gr\u00e9 sur n&rsquo;importe quel page du site ainsi que sur toutes les pages web. Votre portfolio fascinant attirera l&rsquo;attention des visiteurs plac\u00e9s sur la page principale du site et pourra visualiser vos services sur les pages Portfolio.<\/p><\/div>\r\n\t\t\t\t\t<\/div>\r\n\t\t\t\t<\/div><div class=\"faq-item\">\r\n\t\t\t\t\t<div class=\"faq-item-question\">\r\n\t\t\t\t\t\t<h3 class=\"faq-item-question-text\">Quels avantages cela va-t-il m'apporter ?<\/h3>\r\n\r\n\t\t\t\t\t\t<div class=\"faq-item-question-icon\"><\/div>\r\n\t\t\t\t\t<\/div>\r\n\r\n\t\t\t\t\t<div class=\"faq-item-answer\">\r\n\t\t\t\t\t\t<div class=\"faq-item-answer-text\"><p> Une collection impressionnante de vos \u0153uvres r\u00e9v\u00e9lera toutes vos grandes comp\u00e9tences et votre cr\u00e9ativit\u00e9 aux utilisateurs. Ils seront \u00e9galement impatients de faire appel \u00e0 vos services et vous recevrez de nouvelles commandes. De plus, en restant facile \u00e0 contacter, vous augmenterez le nombre de leads.<\/p><\/div>\r\n\t\t\t\t\t<\/div>\r\n\t\t\t\t<\/div><div class=\"faq-item\">\r\n\t\t\t\t\t<div class=\"faq-item-question\">\r\n\t\t\t\t\t\t<h3 class=\"faq-item-question-text\">Comment installer Portfolio sur mon site iFrame ?<\/h3>\r\n\r\n\t\t\t\t\t\t<div class=\"faq-item-question-icon\"><\/div>\r\n\t\t\t\t\t<\/div>\r\n\r\n\t\t\t\t\t<div class=\"faq-item-answer\">\r\n\t\t\t\t\t\t<div class=\"faq-item-answer-text\"><p>Vous n&rsquo;aurez besoin que d&rsquo;un quelques minutes pour commencer \u00e0 utiliser le widget. C&rsquo;est extr\u00eamement rapide, gratuit et sans codage.<\/p><p>Vous pouvez placer Portfolio sur votre page Web via notre service. Consultez simplement le guide ci-dessous sur cette page.<\/p><\/div>\r\n\t\t\t\t\t<\/div>\r\n\t\t\t\t<\/div><\/div><\/div><div class=\"application-platform-content-item-features application-platform-content-item\" id=\"features\" data-nav-section=\"features\"><h2>Principales fonctionnalit\u00e9s du widget Portfolio<\/h2><p>Pour avoir une connaissance plus claire d&rsquo;iFrame Portfolio, regardez la liste de ses caract\u00e9ristiques essentielles. Ils rendent le widget vraiment efficace pour vous\u00a0:<\/p><ul><li>Affichez n&rsquo;importe quel nombre de projets et ajoutez des titres de projets\u00a0;<\/li><li>Cr\u00e9ez des cat\u00e9gories et divisez-les entre les projets\u00a0;<\/li><li>D\u00e9cidez les types d&rsquo;informations \u00e0 d\u00e9montrer dans la fen\u00eatre contextuelle et en survol\u00a0;<\/li><li>L&rsquo;option pour ajouter des textes et attribuer des dates \u00e0 tous les mat\u00e9riaux du projet\u00a0;<\/li><li>Bouton actif sur l&rsquo;en-t\u00eate et dans la fen\u00eatre contextuelle am\u00e8ne les clients \u00e0 n&rsquo;importe quelle adresse.<\/li><\/ul><p><a href=\"#demo\">Pour d\u00e9couvrir plus de fonctionnalit\u00e9s, voir la d\u00e9mo<\/a><\/p><\/div><div class=\"application-platform-content-item-installation application-platform-content-item\" id=\"installation\" data-nav-section=\"installation\"><h2>Comment ajouter le widget Portfolio sur votre site Web iFrame<\/h2><p>Quelques actions simples sont la seule chose que vous devez faire.<\/p><ol><li><b>Concevez votre plugin Portfolio unique<\/b><br> Dans notre d\u00e9mo gratuite, cr\u00e9ez un plugin avec une interface et des fonctions pr\u00e9f\u00e9r\u00e9es. <\/li><li><b>Copiez le code personnel pour installer le plugin<\/b><br> Apr\u00e8s avoir personnalis\u00e9 votre widget, vous obtiendrez le code unique de la notification apparaissant sur Elfsight Apps. Copiez le code pour une utilisation ult\u00e9rieure. <\/li> <li><b>Int\u00e9grez le plugin sur votre site Web iFrame<\/b><br> Acc\u00e9dez \u00e0 l&rsquo;endroit o\u00f9 vous pr\u00e9voyez de placer le plugin et ajoutez-y le code enregistr\u00e9. Appliquez les r\u00e9sultats. <\/li> <li><b>Vous avez termin\u00e9\u00a0! <\/b><br> Entrez dans le magasin pour voir votre travail. <\/li> <\/ol><p>Vous avez encore des doutes ou des questions ? Une seule demande \u00e0 notre service client r\u00e9soudra chaque probl\u00e8me.<\/p><div class=\"faq\" data-component=\"FAQ\"><div class=\"faq-item\">\r\n\t\t\t\t\t<div class=\"faq-item-question\">\r\n\t\t\t\t\t\t<h3 class=\"faq-item-question-text\">Comment puis-je int\u00e9grer un widget Portfolio dans mon site Web Squarespace sans comp\u00e9tences en codage ?<\/h3>\r\n\r\n\t\t\t\t\t\t<div class=\"faq-item-question-icon\"><\/div>\r\n\t\t\t\t\t<\/div>\r\n\r\n\t\t\t\t\t<div class=\"faq-item-answer\">\r\n\t\t\t\t\t\t<div class=\"faq-item-answer-text\"><p>Elfsight fournit un Cloud- solution bas\u00e9e sur laquelle les utilisateurs peuvent cr\u00e9er eux-m\u00eames un widget Portfolio. D\u00e9couvrez \u00e0 quel point le processus peut \u00eatre simple\u00a0:<\/p><ul><li>Acc\u00e9dez \u00e0 l&rsquo;\u00e9diteur en ligne pour g\u00e9n\u00e9rer une section de widget Portfolio que vous souhaitez inclure dans votre site Squarespace.<\/li><li>S\u00e9lectionnez l&rsquo;un de nos mod\u00e8les pr\u00e9d\u00e9finis et configurez les param\u00e8tres du widget Portfolio, ajustez la mise en page et la palette de couleurs, et int\u00e9grez votre contenu sans avoir besoin de codage.<\/li><li>Conservez les param\u00e8tres que vous avez configur\u00e9s pour le widget Portfolio et acqu\u00e9rez les code \u00e0 int\u00e9grer, qui peut \u00eatre ins\u00e9r\u00e9 sans effort et gratuitement dans votre site Squarespace.<\/li><\/ul><p>En travaillant dans l&rsquo;\u00e9diteur convivial, tout internaute peut cr\u00e9er une section de widget Portfolio et l&rsquo;ajouter \u00e0 leur site Web Squarespace. Il n&rsquo;est pas n\u00e9cessaire de payer ni de partager les informations de votre carte de cr\u00e9dit pour acc\u00e9der \u00e0 l&rsquo;\u00e9diteur Elfsight. Si vous rencontrez des difficult\u00e9s \u00e0 un moment donn\u00e9, n&rsquo;h\u00e9sitez pas \u00e0 contacter notre service client pour obtenir de l&rsquo;aide.<\/p><\/div>\r\n\t\t\t\t\t<\/div>\r\n\t\t\t\t<\/div><\/div><\/div><!-- \/wp:html - &gt; \/wp:html -->\n","protected":false},"excerpt":{"rendered":"","protected":false},"author":9,"featured_media":0,"parent":2589,"menu_order":0,"comment_status":"closed","ping_status":"closed","template":"templates\/template-application-platform.php","meta":{"publish_to_discourse":"","publish_post_category":"","wpdc_auto_publish_overridden":"","wpdc_topic_tags":"","wpdc_pin_topic":"","wpdc_pin_until":"","discourse_post_id":"","discourse_permalink":"","wpdc_publishing_response":"","wpdc_publishing_error":"","footnotes":""},"class_list":["post-9828","page","type-page","status-publish","hentry"],"yoast_head":"<!-- This site is optimized with the Yoast SEO plugin v25.3.1 - https:\/\/yoast.com\/wordpress\/plugins\/seo\/ -->\n<title>Widget iFrame Portfolio pour votre site Web (gratuit et rapide)<\/title>\n<meta name=\"description\" content=\"Avec Elfsight, cr\u00e9ez votre widget Portfolio et publiez-le rapidement sur votre site Web iFrame. Nous avons un support client gratuit et plus de bonus.\" \/>\n<meta name=\"robots\" content=\"index, follow, max-snippet:-1, max-image-preview:large, max-video-preview:-1\" \/>\n<link rel=\"canonical\" href=\"https:\/\/elfsight.com\/fr\/portfolio-widget\/iframe\/\" \/>\n<meta property=\"og:locale\" content=\"fr_FR\" \/>\n<meta property=\"og:type\" content=\"article\" \/>\n<meta property=\"og:title\" content=\"Widget iFrame Portfolio pour votre site Web (gratuit et rapide)\" \/>\n<meta property=\"og:description\" content=\"Avec Elfsight, cr\u00e9ez votre widget Portfolio et publiez-le rapidement sur votre site Web iFrame. Nous avons un support client gratuit et plus de bonus.\" \/>\n<meta property=\"og:url\" content=\"https:\/\/elfsight.com\/fr\/portfolio-widget\/iframe\/\" \/>\n<meta property=\"og:site_name\" content=\"Elfsight FR\" \/>\n<meta property=\"article:modified_time\" content=\"2025-01-10T12:34:15+00:00\" \/>\n<meta name=\"twitter:card\" content=\"summary_large_image\" \/>\n<meta name=\"twitter:label1\" content=\"Dur\u00e9e de lecture estim\u00e9e\" \/>\n\t<meta name=\"twitter:data1\" content=\"4 minutes\" \/>\n<!-- \/ Yoast SEO plugin. -->","yoast_head_json":{"title":"Widget iFrame Portfolio pour votre site Web (gratuit et rapide)","description":"Avec Elfsight, cr\u00e9ez votre widget Portfolio et publiez-le rapidement sur votre site Web iFrame. Nous avons un support client gratuit et plus de bonus.","robots":{"index":"index","follow":"follow","max-snippet":"max-snippet:-1","max-image-preview":"max-image-preview:large","max-video-preview":"max-video-preview:-1"},"canonical":"https:\/\/elfsight.com\/fr\/portfolio-widget\/iframe\/","og_locale":"fr_FR","og_type":"article","og_title":"Widget iFrame Portfolio pour votre site Web (gratuit et rapide)","og_description":"Avec Elfsight, cr\u00e9ez votre widget Portfolio et publiez-le rapidement sur votre site Web iFrame. Nous avons un support client gratuit et plus de bonus.","og_url":"https:\/\/elfsight.com\/fr\/portfolio-widget\/iframe\/","og_site_name":"Elfsight FR","article_modified_time":"2025-01-10T12:34:15+00:00","twitter_card":"summary_large_image","twitter_misc":{"Dur\u00e9e de lecture estim\u00e9e":"4 minutes"},"schema":{"@context":"https:\/\/schema.org","@graph":[{"@type":"WebPage","@id":"https:\/\/elfsight.com\/fr\/portfolio-widget\/iframe\/","url":"https:\/\/elfsight.com\/fr\/portfolio-widget\/iframe\/","name":"Widget iFrame Portfolio pour votre site Web (gratuit et rapide)","isPartOf":{"@id":"https:\/\/elfsight.com\/fr\/#website"},"datePublished":"1970-01-01T00:00:00+00:00","dateModified":"2025-01-10T12:34:15+00:00","description":"Avec Elfsight, cr\u00e9ez votre widget Portfolio et publiez-le rapidement sur votre site Web iFrame. Nous avons un support client gratuit et plus de bonus.","breadcrumb":{"@id":"https:\/\/elfsight.com\/fr\/portfolio-widget\/iframe\/#breadcrumb"},"inLanguage":"fr-FR","potentialAction":[{"@type":"ReadAction","target":["https:\/\/elfsight.com\/fr\/portfolio-widget\/iframe\/"]}]},{"@type":"BreadcrumbList","@id":"https:\/\/elfsight.com\/fr\/portfolio-widget\/iframe\/#breadcrumb","itemListElement":[{"@type":"ListItem","position":1,"name":"Home","item":"https:\/\/elfsight.com\/fr\/"},{"@type":"ListItem","position":2,"name":"Portfolio","item":"https:\/\/elfsight.com\/fr\/portfolio-widget\/"},{"@type":"ListItem","position":3,"name":"Portfolio &#8211; iFrame"}]},{"@type":"WebSite","@id":"https:\/\/elfsight.com\/fr\/#website","url":"https:\/\/elfsight.com\/fr\/","name":"Elfsight FR","description":"","potentialAction":[{"@type":"SearchAction","target":{"@type":"EntryPoint","urlTemplate":"https:\/\/elfsight.com\/fr\/?s={search_term_string}"},"query-input":{"@type":"PropertyValueSpecification","valueRequired":true,"valueName":"search_term_string"}}],"inLanguage":"fr-FR"}]}},"meta_box":{"industry":"","seo_heading":"","heading":"","description":"","cta_heading":"","cta_description":"","application":"2588","h1":"Widget Portefeuille iFrame","h1_caption":"Affichez votre travail dans un portfolio personnalisable, ce qui facilite la pr\u00e9sentation de vos projets et r\u00e9alisations sur votre site Web iFrame, sans effort.","application_category":[],"applications_title":"","applications_request_title":"","applications_request_button_text":"","hero_text":"","hero_video":"","hero_video_schema_markup":"","selling_points_title":"","selling_points_caption":"","selling_points":[],"selling_points_cta_text":"","features_title":"","features":"","ed_cta_examples_text":"","ed_cta_examples_hidden":"","ed_cta_demo_text":"","ed_cta_demo_hidden":"","why_caption":"","why_editor_title":"","why_editor_text":"","why_team_title":"","why_team_text":"","why_service_title":"","why_service_text":"","template_catalog_visible":"0","template_catalog_title":"","template_catalog_text":"","template_catalog_categories_visible":"","demo_title":"Cr\u00e9ez votre widget Portefeuille","demo_caption":"Configurez votre Portfolio et ajoutez-le \u00e0 votre site Web iFrame gratuitement\u00a0!","default_faq_hidden":"","app_template_category":[],"platform":"371","template_public_id":"","codecanyon_url":"","codecanyon_item_id":"","codecanyon_price":"","pricing_caption":"","pricing_elfsight_apps_hide_column":"","pricing_elfsight_apps_url":"","pricing_codecanyon_price_caption":"","integration_category":[],"integration_request_title":"","integration_request_cta":"","integration_platform":"","integrations":[],"platform_category":[],"video_schema_markup":"","price":"\u00e0 partir de 0$ \/ mois","trial":"","benefits":[{"text":"Service d'installation gratuit"},{"text":"Support client exp\u00e9riment\u00e9"},{"text":"Garantie de remboursement de 14 jours"},{"text":"Mises \u00e0 jour gratuites \u00e0 vie"}],"button_url":"","button_target_blank":"0","button_nofollow":"0","attributes":[{"name":"Installations","content":"10,000 - 100,000"},{"name":"Sensible","content":"Oui"},{"name":"Navigateurs compatibles","content":"Firefox, Safari, Edge, Chrome, Opera"}],"tags":[],"tags_disable_links":"0","hide_more_platforms":"","video_object":"","demo_hide_cta":"0","demo_hide_cloud_options":"0","pricing_title":"","pricing":[{"pricing_icon":"platform","pricing_title":"Elfsight Apps","pricing_title_caption":"Logiciel multiplateforme","pricing_price":"from $0 \/ month","pricing_price_caption":"commencez avec un forfait gratuit","pricing_benefits":[{"text":"Sites Web illimit\u00e9s"},{"text":"Assistance client gratuite"},{"text":"Service d'installation gratuit"},{"text":"Tr\u00e8s bonne affaire pour plusieurs applications"}],"pricing_button_text":"Ajouter au site Web","pricing_button_url":"#demo"}],"related_apps_title":"","related_apps_hidden":"0","author":"","image":[],"title":"","job":"","social_networks":[]},"_links":{"self":[{"href":"https:\/\/elfsight.com\/fr\/wp-json\/wp\/v2\/pages\/9828","targetHints":{"allow":["GET"]}}],"collection":[{"href":"https:\/\/elfsight.com\/fr\/wp-json\/wp\/v2\/pages"}],"about":[{"href":"https:\/\/elfsight.com\/fr\/wp-json\/wp\/v2\/types\/page"}],"author":[{"embeddable":true,"href":"https:\/\/elfsight.com\/fr\/wp-json\/wp\/v2\/users\/9"}],"replies":[{"embeddable":true,"href":"https:\/\/elfsight.com\/fr\/wp-json\/wp\/v2\/comments?post=9828"}],"version-history":[{"count":2,"href":"https:\/\/elfsight.com\/fr\/wp-json\/wp\/v2\/pages\/9828\/revisions"}],"predecessor-version":[{"id":16117,"href":"https:\/\/elfsight.com\/fr\/wp-json\/wp\/v2\/pages\/9828\/revisions\/16117"}],"up":[{"embeddable":true,"href":"https:\/\/elfsight.com\/fr\/wp-json\/wp\/v2\/pages\/2589"}],"wp:attachment":[{"href":"https:\/\/elfsight.com\/fr\/wp-json\/wp\/v2\/media?parent=9828"}],"curies":[{"name":"wp","href":"https:\/\/api.w.org\/{rel}","templated":true}]}}