{"id":9827,"date":"1970-01-01T00:00:00","date_gmt":"1970-01-01T00:00:00","guid":{"rendered":"https:\/\/elfsight.com\/fr\/?page_id=9827"},"modified":"2025-07-10T12:40:32","modified_gmt":"2025-07-10T12:40:32","slug":"facebook","status":"publish","type":"page","link":"https:\/\/elfsight.com\/fr\/portfolio-widget\/facebook\/","title":{"rendered":"Portfolio &#8211; Facebook Page"},"content":{"rendered":"<div class=\"application-platform-content-item-description application-platform-content-item\" id=\"description\" data-nav-section=\"description\"><h2>Description<\/h2><p>Le widget Elfsight Portfolio est cr\u00e9\u00e9 pour aider tous ceux qui souhaitent d\u00e9montrer leurs incroyables projets sur le site Web et obtenir ventes fra\u00eeches. Avec le widget Elfsight, vous pouvez afficher des collections de photos, de contenu vid\u00e9o, de dessins et d&rsquo;autres contenus de projet. Chaque fichier peut contenir un texte et une date d\u00e9taill\u00e9s. Vous avez la possibilit\u00e9 de lier des projets \u00e0 des sites Web et d&rsquo;\u00e9tablir des cat\u00e9gories de projets. Les utilisateurs du site Web consulteront votre portefeuille de projets, ouvriront chaque projet et regarderont tous les travaux directement sur votre page d&rsquo;accueil. L&rsquo;en-t\u00eate du widget affichera votre nom complet, votre photo et vos coordonn\u00e9es, ce qui vous aidera \u00e0 vous joindre. Le bouton d&rsquo;appel \u00e0 l&rsquo;action dirigera les clients vers la page de commande et vous aidera \u00e0 am\u00e9liorer le niveau des ventes. <\/p><div class=\"faq\" data-component=\"FAQ\"><div class=\"faq-item\">\r\n\t\t\t\t\t<div class=\"faq-item-question\">\r\n\t\t\t\t\t\t<h3 class=\"faq-item-question-text\">O\u00f9 puis-je ajouter ce plugin ? <\/h3>\r\n\r\n\t\t\t\t\t\t<div class=\"faq-item-question-icon\"><\/div>\r\n\t\t\t\t\t<\/div>\r\n\r\n\t\t\t\t\t<div class=\"faq-item-answer\">\r\n\t\t\t\t\t\t<div class=\"faq-item-answer-text\"><p>Elfsight Portfolio peut \u00eatre affich\u00e9 sur n&rsquo;importe quelle page de votre site Web ou sur toutes les pages. <\/p><\/div>\r\n\t\t\t\t\t<\/div>\r\n\t\t\t\t<\/div><div class=\"faq-item\">\r\n\t\t\t\t\t<div class=\"faq-item-question\">\r\n\t\t\t\t\t\t<h3 class=\"faq-item-question-text\">Comment pourrais-je b\u00e9n\u00e9ficier de l'utilisation du widget ?<\/h3>\r\n\r\n\t\t\t\t\t\t<div class=\"faq-item-question-icon\"><\/div>\r\n\t\t\t\t\t<\/div>\r\n\r\n\t\t\t\t\t<div class=\"faq-item-answer\">\r\n\t\t\t\t\t\t<div class=\"faq-item-answer-text\"> <p>Un beau portfolio avec vos \u0153uvres prouvera toutes vos comp\u00e9tences et talents \u00e0 vos visiteurs. Cela incitera les utilisateurs \u00e0 commander vos services et vous aurez de nouveaux achats. <\/p><\/div>\r\n\t\t\t\t\t<\/div>\r\n\t\t\t\t<\/div><div class=\"faq-item\">\r\n\t\t\t\t\t<div class=\"faq-item-question\">\r\n\t\t\t\t\t\t<h3 class=\"faq-item-question-text\">Comment introduire un widget Portfolio sur ma page Facebook ?<\/h3>\r\n\r\n\t\t\t\t\t\t<div class=\"faq-item-question-icon\"><\/div>\r\n\t\t\t\t\t<\/div>\r\n\r\n\t\t\t\t\t<div class=\"faq-item-answer\">\r\n\t\t\t\t\t\t<div class=\"faq-item-answer-text\"> <p>C&rsquo;est vraiment rapide, gratuit et ne n\u00e9cessite aucun codage. Vous pouvez placer le widget sur le site Web via notre service. Pour cela suivez le guide ci-apr\u00e8s sur cette page. <\/p><\/div>\r\n\t\t\t\t\t<\/div>\r\n\t\t\t\t<\/div><\/div> <\/div> <div class=\"application-platform-content-item-features application-platform-content-item\" id=\"features\" data-nav-section=\"features\"><h2>Fonctionnalit\u00e9s<\/h2><p>Pour une meilleure connaissance du widget, vous pouvez parcourir la liste des fonctions essentielles. Ils rendent le widget extr\u00eamement b\u00e9n\u00e9fique pour votre entreprise\u00a0: <\/p><ul><li>Ajoutez n&rsquo;importe quel nombre de projets avec des titres de projet\u00a0; <\/li><li>\u00c9tablissez des groupes et divisez-les en projets<\/li><li>S\u00e9lectionnez les types de donn\u00e9es \u00e0 d\u00e9montrer dans une fen\u00eatre contextuelle et en survol\u00a0; <\/li><li>La possibilit\u00e9 d&rsquo;\u00e9crire des descriptions et d&rsquo;ajouter des dates aux mat\u00e9riaux du projet<\/li><li>Le bouton actif sur l&rsquo;en-t\u00eate du widget et dans la fen\u00eatre contextuelle am\u00e8ne les clients \u00e0 n&rsquo;importe quelle adresse<\/li><\/ul><p><a href=\"#demo\">Pour voir la liste compl\u00e8te des fonctionnalit\u00e9s, consultez la d\u00e9mo en direct<\/a><\/p><\/div> <div class=\"application-platform-content-item-installation application-platform-content-item\" id=\"installation\" data-nav-section=\"installation\"><h2>Comment puis-je ajouter Portfolio sur mon site Facebook ? <\/h2><p>Remplissez simplement les instructions ci-dessous pour commencer \u00e0 travailler avec le plugin. <\/p><ol><li><b>Utilisez notre d\u00e9mo gratuite et commencez \u00e0 fa\u00e7onner votre plugin personnalis\u00e9. <\/b><br>D\u00e9terminez l&rsquo;apparence et les caract\u00e9ristiques pr\u00e9f\u00e9r\u00e9es de l&rsquo;outil et appliquez les corrections. <\/li><li><b>Obtenez votre code personnel affich\u00e9 dans le formulaire sp\u00e9cial sur Elfsight Apps. <\/b><br>Une fois la configuration de votre plugin personnel termin\u00e9e, copiez le code individuel de la fen\u00eatre qui appara\u00eet et enregistrez-le pour une occasion ult\u00e9rieure. <\/li><li><b>Commencez \u00e0 utiliser le widget sur le site Web de Facebook. <\/b><br>Impl\u00e9mentez le code copi\u00e9 r\u00e9cemment dans votre page Web et appliquez les modifications. <\/li><li><b>L&rsquo;installation est enti\u00e8rement termin\u00e9e. <\/b><br>Acc\u00e9dez \u00e0 votre page Web pour d\u00e9couvrir les performances de l&rsquo;outil. <\/li><\/ol><p>En cas de questions ou de complications, n&rsquo;h\u00e9sitez pas \u00e0 contacter notre \u00e9quipe d&rsquo;assistance. Nos collaborateurs sont impatients de vous aider avec toutes les questions que vous pourriez avoir avec le widget.<\/p><\/div>","protected":false},"excerpt":{"rendered":"","protected":false},"author":9,"featured_media":0,"parent":2589,"menu_order":0,"comment_status":"closed","ping_status":"closed","template":"templates\/template-application-platform.php","meta":{"publish_to_discourse":"","publish_post_category":"","wpdc_auto_publish_overridden":"","wpdc_topic_tags":"","wpdc_pin_topic":"","wpdc_pin_until":"","discourse_post_id":"","discourse_permalink":"","wpdc_publishing_response":"","wpdc_publishing_error":"","footnotes":""},"class_list":["post-9827","page","type-page","status-publish","hentry"],"yoast_head":"<!-- This site is optimized with the Yoast SEO plugin v25.3.1 - https:\/\/yoast.com\/wordpress\/plugins\/seo\/ -->\n<title>Page Portfolio Facebook \u2014 Ajouter un widget Portfolio \u00e0 la page Facebook [2025]<\/title>\n<meta name=\"description\" content=\"Concevez un widget Portfolio efficace et ajoutez-le \u00e0 votre onglet personnalis\u00e9 Facebook. B\u00e9n\u00e9ficiez d\u2019un support client gratuit et d\u2019autres avantages.\" \/>\n<meta name=\"robots\" content=\"index, follow, max-snippet:-1, max-image-preview:large, max-video-preview:-1\" \/>\n<link rel=\"canonical\" href=\"https:\/\/elfsight.com\/fr\/portfolio-widget\/facebook\/\" \/>\n<meta property=\"og:locale\" content=\"fr_FR\" \/>\n<meta property=\"og:type\" content=\"article\" \/>\n<meta property=\"og:title\" content=\"Page Portfolio Facebook \u2014 Ajouter un widget Portfolio \u00e0 la page Facebook [2025]\" \/>\n<meta property=\"og:description\" content=\"Concevez un widget Portfolio efficace et ajoutez-le \u00e0 votre onglet personnalis\u00e9 Facebook. B\u00e9n\u00e9ficiez d\u2019un support client gratuit et d\u2019autres avantages.\" \/>\n<meta property=\"og:url\" content=\"https:\/\/elfsight.com\/fr\/portfolio-widget\/facebook\/\" \/>\n<meta property=\"og:site_name\" content=\"Elfsight FR\" \/>\n<meta property=\"article:modified_time\" content=\"2025-07-10T12:40:32+00:00\" \/>\n<meta name=\"twitter:card\" content=\"summary_large_image\" \/>\n<meta name=\"twitter:label1\" content=\"Dur\u00e9e de lecture estim\u00e9e\" \/>\n\t<meta name=\"twitter:data1\" content=\"3 minutes\" \/>\n<!-- \/ Yoast SEO plugin. -->","yoast_head_json":{"title":"Page Portfolio Facebook \u2014 Ajouter un widget Portfolio \u00e0 la page Facebook [2025]","description":"Concevez un widget Portfolio efficace et ajoutez-le \u00e0 votre onglet personnalis\u00e9 Facebook. B\u00e9n\u00e9ficiez d\u2019un support client gratuit et d\u2019autres avantages.","robots":{"index":"index","follow":"follow","max-snippet":"max-snippet:-1","max-image-preview":"max-image-preview:large","max-video-preview":"max-video-preview:-1"},"canonical":"https:\/\/elfsight.com\/fr\/portfolio-widget\/facebook\/","og_locale":"fr_FR","og_type":"article","og_title":"Page Portfolio Facebook \u2014 Ajouter un widget Portfolio \u00e0 la page Facebook [2025]","og_description":"Concevez un widget Portfolio efficace et ajoutez-le \u00e0 votre onglet personnalis\u00e9 Facebook. B\u00e9n\u00e9ficiez d\u2019un support client gratuit et d\u2019autres avantages.","og_url":"https:\/\/elfsight.com\/fr\/portfolio-widget\/facebook\/","og_site_name":"Elfsight FR","article_modified_time":"2025-07-10T12:40:32+00:00","twitter_card":"summary_large_image","twitter_misc":{"Dur\u00e9e de lecture estim\u00e9e":"3 minutes"},"schema":{"@context":"https:\/\/schema.org","@graph":[{"@type":"WebPage","@id":"https:\/\/elfsight.com\/fr\/portfolio-widget\/facebook\/","url":"https:\/\/elfsight.com\/fr\/portfolio-widget\/facebook\/","name":"Page Portfolio Facebook \u2014 Ajouter un widget Portfolio \u00e0 la page Facebook [2025]","isPartOf":{"@id":"https:\/\/elfsight.com\/fr\/#website"},"datePublished":"1970-01-01T00:00:00+00:00","dateModified":"2025-07-10T12:40:32+00:00","description":"Concevez un widget Portfolio efficace et ajoutez-le \u00e0 votre onglet personnalis\u00e9 Facebook. B\u00e9n\u00e9ficiez d\u2019un support client gratuit et d\u2019autres avantages.","breadcrumb":{"@id":"https:\/\/elfsight.com\/fr\/portfolio-widget\/facebook\/#breadcrumb"},"inLanguage":"fr-FR","potentialAction":[{"@type":"ReadAction","target":["https:\/\/elfsight.com\/fr\/portfolio-widget\/facebook\/"]}]},{"@type":"BreadcrumbList","@id":"https:\/\/elfsight.com\/fr\/portfolio-widget\/facebook\/#breadcrumb","itemListElement":[{"@type":"ListItem","position":1,"name":"Home","item":"https:\/\/elfsight.com\/fr\/"},{"@type":"ListItem","position":2,"name":"Portfolio","item":"https:\/\/elfsight.com\/fr\/portfolio-widget\/"},{"@type":"ListItem","position":3,"name":"Portfolio &#8211; Facebook Page"}]},{"@type":"WebSite","@id":"https:\/\/elfsight.com\/fr\/#website","url":"https:\/\/elfsight.com\/fr\/","name":"Elfsight FR","description":"","potentialAction":[{"@type":"SearchAction","target":{"@type":"EntryPoint","urlTemplate":"https:\/\/elfsight.com\/fr\/?s={search_term_string}"},"query-input":{"@type":"PropertyValueSpecification","valueRequired":true,"valueName":"search_term_string"}}],"inLanguage":"fr-FR"}]}},"meta_box":{"industry":"","seo_heading":"","heading":"","description":"","cta_heading":"","cta_description":"","application":"2588","h1":"Page de portefeuille Facebook","h1_caption":"Affichez votre travail dans un portfolio personnalisable, ce qui facilite la pr\u00e9sentation de vos projets et de vos r\u00e9alisations sur votre site Web de page Facebook, sans effort.","application_category":[],"applications_title":"","applications_request_title":"","applications_request_button_text":"","hero_text":"","hero_video":"","hero_video_schema_markup":"","selling_points_title":"","selling_points_caption":"","selling_points":[],"selling_points_cta_text":"","features_title":"","features":"","ed_cta_examples_text":"","ed_cta_examples_hidden":"","ed_cta_demo_text":"","ed_cta_demo_hidden":"","why_caption":"","why_editor_title":"","why_editor_text":"","why_team_title":"","why_team_text":"","why_service_title":"","why_service_text":"","template_catalog_visible":"","template_catalog_title":"","template_catalog_text":"","template_catalog_categories_visible":"","demo_title":"Cr\u00e9ez votre widget Portefeuille","demo_caption":"Configurez votre portfolio et ajoutez-le gratuitement \u00e0 votre page Facebook\u00a0!","default_faq_hidden":"","app_template_category":[],"platform":"394","template_public_id":"","codecanyon_url":"","codecanyon_item_id":"","codecanyon_price":"","pricing_caption":"","pricing_elfsight_apps_hide_column":"","pricing_elfsight_apps_url":"","pricing_codecanyon_price_caption":"","integration_category":[],"integration_request_title":"","integration_request_cta":"","integration_platform":"","integrations":[],"platform_category":[],"video_schema_markup":"","price":"\u00e0 partir de 0$ \/ mois","trial":"","benefits":[{"text":"Aide \u00e0 l'installation gratuite"},{"text":"Service client comp\u00e9tent"},{"text":"Garantie de remboursement de 14 jours"},{"text":"Futures mises \u00e0 jour gratuites"}],"button_url":"","button_target_blank":"","button_nofollow":"","attributes":[{"name":"Installations","content":"10,000 - 100,000"},{"name":"Sensible","content":"Oui"},{"name":"Navigateurs compatibles","content":"Firefox, Edge, Opera, Safari, Chrome"}],"tags":[],"tags_disable_links":"","hide_more_platforms":"","video_object":"","demo_hide_cta":"","demo_hide_cloud_options":"","pricing_title":"","pricing":[{"pricing_icon":"platform","pricing_title":"Elfsight Apps","pricing_title_caption":"Version multiplateforme","pricing_price":"from $0 \/ month","pricing_price_caption":"commencez avec un forfait gratuit","pricing_benefits":[{"text":"Sites Web illimit\u00e9s"},{"text":"Assistance client haut de gamme"},{"text":"Aide \u00e0 l'installation gratuite"},{"text":"100% personnalisable"}],"pricing_button_text":"Ajouter au site Web","pricing_button_url":"#demo"}],"related_apps_title":"","related_apps_hidden":"","author":"","image":[],"title":"","job":"","social_networks":[]},"_links":{"self":[{"href":"https:\/\/elfsight.com\/fr\/wp-json\/wp\/v2\/pages\/9827","targetHints":{"allow":["GET"]}}],"collection":[{"href":"https:\/\/elfsight.com\/fr\/wp-json\/wp\/v2\/pages"}],"about":[{"href":"https:\/\/elfsight.com\/fr\/wp-json\/wp\/v2\/types\/page"}],"author":[{"embeddable":true,"href":"https:\/\/elfsight.com\/fr\/wp-json\/wp\/v2\/users\/9"}],"replies":[{"embeddable":true,"href":"https:\/\/elfsight.com\/fr\/wp-json\/wp\/v2\/comments?post=9827"}],"version-history":[{"count":1,"href":"https:\/\/elfsight.com\/fr\/wp-json\/wp\/v2\/pages\/9827\/revisions"}],"predecessor-version":[{"id":9831,"href":"https:\/\/elfsight.com\/fr\/wp-json\/wp\/v2\/pages\/9827\/revisions\/9831"}],"up":[{"embeddable":true,"href":"https:\/\/elfsight.com\/fr\/wp-json\/wp\/v2\/pages\/2589"}],"wp:attachment":[{"href":"https:\/\/elfsight.com\/fr\/wp-json\/wp\/v2\/media?parent=9827"}],"curies":[{"name":"wp","href":"https:\/\/api.w.org\/{rel}","templated":true}]}}