{"id":9826,"date":"1970-01-01T00:00:00","date_gmt":"1970-01-01T00:00:00","guid":{"rendered":"https:\/\/elfsight.com\/fr\/?page_id=9826"},"modified":"2025-07-10T12:42:31","modified_gmt":"2025-07-10T12:42:31","slug":"woocommerce","status":"publish","type":"page","link":"https:\/\/elfsight.com\/fr\/portfolio-widget\/woocommerce\/","title":{"rendered":"Portfolio &#8211; WooCommerce"},"content":{"rendered":"<div class=\"application-platform-content-item-description application-platform-content-item\" id=\"description\" data-nav-section=\"description\"><h2>Description<\/h2><p>Le widget Elfsight Portfolio est con\u00e7u pour aider tous les utilisateurs qui ont besoin de publier leur incroyable portfolio sur le site Web et d&rsquo;en avoir plus. nouveaux clients. Avec l&rsquo;aide du widget, vous pourrez afficher des collections de photos, de bandes vid\u00e9o, de dessins et d&rsquo;autres contenus de projet. Chaque dossier de projet peut \u00eatre accompagn\u00e9 d&rsquo;une description compl\u00e8te et d&rsquo;une date. Vous pouvez lier des projets \u00e0 des sites Web et diviser les projets en groupes. Les utilisateurs du site Web v\u00e9rifieront votre portfolio, cliqueront sur chaque projet et visualiseront toutes les images et bandes vid\u00e9o directement sur votre page d&rsquo;accueil. L&rsquo;en-t\u00eate du widget r\u00e9v\u00e8le votre nom, votre photo et vos coordonn\u00e9es, ce qui facilite votre contact. Le bouton actif dirigera les gens vers la page de commande et vous aidera \u00e0 augmenter le montant des ventes. <\/p><div class=\"faq\" data-component=\"FAQ\"><div class=\"faq-item\">\r\n\t\t\t\t\t<div class=\"faq-item-question\">\r\n\t\t\t\t\t\t<h3 class=\"faq-item-question-text\">De quelle mani\u00e8re puis-je int\u00e9grer un Portfolio \u00e0 mon WooCommerce ?<\/h3>\r\n\r\n\t\t\t\t\t\t<div class=\"faq-item-question-icon\"><\/div>\r\n\t\t\t\t\t<\/div>\r\n\r\n\t\t\t\t\t<div class=\"faq-item-answer\">\r\n\t\t\t\t\t\t<div class=\"faq-item-answer-text\"><p>La r\u00e9alisation de l&rsquo;outil s&rsquo;effectue sur les pages Elfsight et vous n&rsquo;avez pas besoin d&rsquo;apprendre le codage. Utilisez notre d\u00e9mo active pour cr\u00e9er votre propre outil, acqu\u00e9rir le code et l&rsquo;impl\u00e9menter sur votre site Web. <\/p><\/div>\r\n\t\t\t\t\t<\/div>\r\n\t\t\t\t<\/div><div class=\"faq-item\">\r\n\t\t\t\t\t<div class=\"faq-item-question\">\r\n\t\t\t\t\t\t<h3 class=\"faq-item-question-text\">Les meilleurs exemples d'utilisation de l'int\u00e9gration d'un portefeuille de sites Web d'images<\/h3>\r\n\r\n\t\t\t\t\t\t<div class=\"faq-item-question-icon\"><\/div>\r\n\t\t\t\t\t<\/div>\r\n\r\n\t\t\t\t\t<div class=\"faq-item-answer\">\r\n\t\t\t\t\t\t<div class=\"faq-item-answer-text\"><p>Nous disposons d&rsquo;une multitude d&rsquo;options de personnalisation\u00a0: des widgets pleine taille \u00e0 ins\u00e9rer dans la zone de contenu , des plugins flottants avec des possibilit\u00e9s de d\u00e9filement, des dispositions pour le pied de page, l&rsquo;en-t\u00eate et toutes les variantes d&rsquo;opportunit\u00e9s verticales pour les barres lat\u00e9rales et les menus du site Web. <\/p><\/div>\r\n\t\t\t\t\t<\/div>\r\n\t\t\t\t<\/div><div class=\"faq-item\">\r\n\t\t\t\t\t<div class=\"faq-item-question\">\r\n\t\t\t\t\t\t<h3 class=\"faq-item-question-text\">Existe-t-il une option pour cr\u00e9er une galerie ou un portfolio de sliders par l'interm\u00e9diaire de votre \u00e9diteur ? <\/h3>\r\n\r\n\t\t\t\t\t\t<div class=\"faq-item-question-icon\"><\/div>\r\n\t\t\t\t\t<\/div>\r\n\r\n\t\t\t\t\t<div class=\"faq-item-answer\">\r\n\t\t\t\t\t\t<div class=\"faq-item-answer-text\"><p>Vous pouvez cr\u00e9er les modifications de n&rsquo;importe quel widget. De nombreuses mises en page sont disponibles dans l&rsquo;\u00e9diteur, et toutes peuvent \u00eatre facilement ajust\u00e9es selon vos besoins. <\/p><\/div>\r\n\t\t\t\t\t<\/div>\r\n\t\t\t\t<\/div><\/div><\/div> <div class=\"application-platform-content-item-features application-platform-content-item\" id=\"features\" data-nav-section=\"features\"><h2>Fonctionnalit\u00e9s<\/h2><p>Pour fa\u00e7onner une connaissance claire du widget, d\u00e9couvrez la liste des principaux caract\u00e9ristiques. Ils rendent notre widget le plus efficace possible\u00a0: <\/p><ul><li>Affichez un nombre illimit\u00e9 de projets et ajoutez leurs titres\u00a0; <\/li><li>D\u00e9finissez des groupes et attribuez-leur des projets<\/li><li>D\u00e9finissez les donn\u00e9es \u00e0 afficher dans la fen\u00eatre contextuelle et survolez-les\u00a0; <\/li><li>L&rsquo;option permettant d&rsquo;ajouter des textes et des dates aux fichiers du projet<\/li><li>Le bouton d&rsquo;appel \u00e0 l&rsquo;action sur l&rsquo;en-t\u00eate du widget et dans la fen\u00eatre contextuelle redirige les clients vers n&rsquo;importe quel site Web<\/li> <\/ul><p><a href=\"#demo\">Pour consulter la liste compl\u00e8te des fonctionnalit\u00e9s, consultez notre d\u00e9mo<\/a><\/p><\/div> <div class=\"application-platform-content-item-installation application-platform-content-item\" id=\"installation\" data-nav-section=\"installation\"><h2> Comment puis-je ajouter Portfolio \u00e0 mon site Web WooCommerce ? <\/h2><p>Suivez simplement plusieurs \u00e9tapes indiqu\u00e9es ci-dessous pour activer l&rsquo;outil. <\/p><ol><li><b>Ouvrez notre configurateur gratuit et commencez \u00e0 cr\u00e9er votre propre widget. <\/b><br>Trouvez la conception et les caract\u00e9ristiques pr\u00e9f\u00e9rables de l&rsquo;outil et enregistrez les modifications. <\/li><li><b>Copiez votre code unique apparaissant dans le formulaire sp\u00e9cial sur Elfsight Apps. <\/b><br>Juste une fois la g\u00e9n\u00e9ration de votre plugin termin\u00e9e, copiez le code personnel dans la case qui appara\u00eet et conservez-le pour plus tard. <\/li><li><b>Commencez \u00e0 utiliser le widget sur votre site WooCommerce. <\/b><br>Ajoutez le code copi\u00e9 auparavant dans votre site Web et appliquez les am\u00e9liorations. <\/li><li><b>Fait\u00a0! L&rsquo;installation est enti\u00e8rement termin\u00e9e. <\/b><br>Acc\u00e9dez \u00e0 votre site Web pour v\u00e9rifier le fonctionnement du widget. <\/li><\/ol><p>Si vous \u00eates confront\u00e9 \u00e0 des questions ou \u00e0 des obstacles, n&rsquo;h\u00e9sitez pas \u00e0 contacter notre \u00e9quipe de service client. Nos collaborateurs seront ravis de r\u00e9soudre tous les probl\u00e8mes que vous pourriez rencontrer avec le widget.<\/p><\/div>","protected":false},"excerpt":{"rendered":"","protected":false},"author":9,"featured_media":0,"parent":2589,"menu_order":0,"comment_status":"closed","ping_status":"closed","template":"templates\/template-application-platform.php","meta":{"publish_to_discourse":"","publish_post_category":"","wpdc_auto_publish_overridden":"","wpdc_topic_tags":"","wpdc_pin_topic":"","wpdc_pin_until":"","discourse_post_id":"","discourse_permalink":"","wpdc_publishing_response":"","wpdc_publishing_error":"","footnotes":""},"class_list":["post-9826","page","type-page","status-publish","hentry"],"yoast_head":"<!-- This site is optimized with the Yoast SEO plugin v25.3.1 - https:\/\/yoast.com\/wordpress\/plugins\/seo\/ -->\n<title>WooCommerce Portfolio \u2013 Ajouter le plugin Portfolio au site Web WooCommerce<\/title>\n<meta name=\"description\" content=\"Simple \u00e0 construire votre plugin Portfolio et \u00e0 l\u2019ajouter au site Web WooCommerce. Elfsight offre un service client gratuit.\" \/>\n<meta name=\"robots\" content=\"index, follow, max-snippet:-1, max-image-preview:large, max-video-preview:-1\" \/>\n<link rel=\"canonical\" href=\"https:\/\/elfsight.com\/fr\/portfolio-widget\/woocommerce\/\" \/>\n<meta property=\"og:locale\" content=\"fr_FR\" \/>\n<meta property=\"og:type\" content=\"article\" \/>\n<meta property=\"og:title\" content=\"WooCommerce Portfolio \u2013 Ajouter le plugin Portfolio au site Web WooCommerce\" \/>\n<meta property=\"og:description\" content=\"Simple \u00e0 construire votre plugin Portfolio et \u00e0 l\u2019ajouter au site Web WooCommerce. Elfsight offre un service client gratuit.\" \/>\n<meta property=\"og:url\" content=\"https:\/\/elfsight.com\/fr\/portfolio-widget\/woocommerce\/\" \/>\n<meta property=\"og:site_name\" content=\"Elfsight FR\" \/>\n<meta property=\"article:modified_time\" content=\"2025-07-10T12:42:31+00:00\" \/>\n<meta name=\"twitter:card\" content=\"summary_large_image\" \/>\n<meta name=\"twitter:label1\" content=\"Dur\u00e9e de lecture estim\u00e9e\" \/>\n\t<meta name=\"twitter:data1\" content=\"3 minutes\" \/>\n<!-- \/ Yoast SEO plugin. -->","yoast_head_json":{"title":"WooCommerce Portfolio \u2013 Ajouter le plugin Portfolio au site Web WooCommerce","description":"Simple \u00e0 construire votre plugin Portfolio et \u00e0 l\u2019ajouter au site Web WooCommerce. Elfsight offre un service client gratuit.","robots":{"index":"index","follow":"follow","max-snippet":"max-snippet:-1","max-image-preview":"max-image-preview:large","max-video-preview":"max-video-preview:-1"},"canonical":"https:\/\/elfsight.com\/fr\/portfolio-widget\/woocommerce\/","og_locale":"fr_FR","og_type":"article","og_title":"WooCommerce Portfolio \u2013 Ajouter le plugin Portfolio au site Web WooCommerce","og_description":"Simple \u00e0 construire votre plugin Portfolio et \u00e0 l\u2019ajouter au site Web WooCommerce. Elfsight offre un service client gratuit.","og_url":"https:\/\/elfsight.com\/fr\/portfolio-widget\/woocommerce\/","og_site_name":"Elfsight FR","article_modified_time":"2025-07-10T12:42:31+00:00","twitter_card":"summary_large_image","twitter_misc":{"Dur\u00e9e de lecture estim\u00e9e":"3 minutes"},"schema":{"@context":"https:\/\/schema.org","@graph":[{"@type":"WebPage","@id":"https:\/\/elfsight.com\/fr\/portfolio-widget\/woocommerce\/","url":"https:\/\/elfsight.com\/fr\/portfolio-widget\/woocommerce\/","name":"WooCommerce Portfolio \u2013 Ajouter le plugin Portfolio au site Web WooCommerce","isPartOf":{"@id":"https:\/\/elfsight.com\/fr\/#website"},"datePublished":"1970-01-01T00:00:00+00:00","dateModified":"2025-07-10T12:42:31+00:00","description":"Simple \u00e0 construire votre plugin Portfolio et \u00e0 l\u2019ajouter au site Web WooCommerce. Elfsight offre un service client gratuit.","breadcrumb":{"@id":"https:\/\/elfsight.com\/fr\/portfolio-widget\/woocommerce\/#breadcrumb"},"inLanguage":"fr-FR","potentialAction":[{"@type":"ReadAction","target":["https:\/\/elfsight.com\/fr\/portfolio-widget\/woocommerce\/"]}]},{"@type":"BreadcrumbList","@id":"https:\/\/elfsight.com\/fr\/portfolio-widget\/woocommerce\/#breadcrumb","itemListElement":[{"@type":"ListItem","position":1,"name":"Home","item":"https:\/\/elfsight.com\/fr\/"},{"@type":"ListItem","position":2,"name":"Portfolio","item":"https:\/\/elfsight.com\/fr\/portfolio-widget\/"},{"@type":"ListItem","position":3,"name":"Portfolio &#8211; WooCommerce"}]},{"@type":"WebSite","@id":"https:\/\/elfsight.com\/fr\/#website","url":"https:\/\/elfsight.com\/fr\/","name":"Elfsight FR","description":"","potentialAction":[{"@type":"SearchAction","target":{"@type":"EntryPoint","urlTemplate":"https:\/\/elfsight.com\/fr\/?s={search_term_string}"},"query-input":{"@type":"PropertyValueSpecification","valueRequired":true,"valueName":"search_term_string"}}],"inLanguage":"fr-FR"}]}},"meta_box":{"industry":"","seo_heading":"","heading":"","description":"","cta_heading":"","cta_description":"","application":"2588","h1":"Plugin de portefeuille WooCommerce","h1_caption":"Affichez votre travail dans un portfolio personnalisable, ce qui facilite la pr\u00e9sentation de vos projets et r\u00e9alisations sur votre site Web WooCommerce sans effort.","application_category":[],"applications_title":"","applications_request_title":"","applications_request_button_text":"","hero_text":"","hero_video":"","hero_video_schema_markup":"","selling_points_title":"","selling_points_caption":"","selling_points":[],"selling_points_cta_text":"","features_title":"","features":"","ed_cta_examples_text":"","ed_cta_examples_hidden":"","ed_cta_demo_text":"","ed_cta_demo_hidden":"","why_caption":"","why_editor_title":"","why_editor_text":"","why_team_title":"","why_team_text":"","why_service_title":"","why_service_text":"","template_catalog_visible":"","template_catalog_title":"","template_catalog_text":"","template_catalog_categories_visible":"","demo_title":"Cr\u00e9ez votre application Portfolio","demo_caption":"Configurez votre portfolio et ajoutez-le \u00e0 votre site Web WooCommerce gratuitement !","default_faq_hidden":"","app_template_category":[],"platform":"397","template_public_id":"","codecanyon_url":"","codecanyon_item_id":"","codecanyon_price":"","pricing_caption":"","pricing_elfsight_apps_hide_column":"","pricing_elfsight_apps_url":"","pricing_codecanyon_price_caption":"","integration_category":[],"integration_request_title":"","integration_request_cta":"","integration_platform":"","integrations":[],"platform_category":[],"video_schema_markup":"","price":"\u00e0 partir de 0$ \/ mois","trial":"","benefits":[{"text":"Aide \u00e0 l'installation gratuite"},{"text":"Service client comp\u00e9tent"},{"text":"Garantie de remboursement de 14 jours"},{"text":"Am\u00e9liorations gratuites \u00e0 vie"}],"button_url":"","button_target_blank":"","button_nofollow":"","attributes":[{"name":"Installations","content":"10,000 - 100,000"},{"name":"Sensible","content":"Oui"},{"name":"Navigateurs compatibles","content":"Firefox, Safari, Opera, Chrome, Edge"}],"tags":[],"tags_disable_links":"","hide_more_platforms":"","video_object":"","demo_hide_cta":"","demo_hide_cloud_options":"","pricing_title":"","pricing":[{"pricing_icon":"platform","pricing_title":"Elfsight Apps","pricing_title_caption":"Version multiplateforme qui convient \u00e0 n'importe quel site","pricing_price":"from $0 \/ month","pricing_price_caption":"commencez avec un forfait gratuit","pricing_benefits":[{"text":"Domaines illimit\u00e9s"},{"text":"Assistance gratuite, ponctuelle et bien document\u00e9e"},{"text":"Service d'installation gratuit"},{"text":"100% personnalisable"}],"pricing_button_text":"Ajouter au site Web","pricing_button_url":"#demo"}],"related_apps_title":"","related_apps_hidden":"","author":"","image":[],"title":"","job":"","social_networks":[]},"_links":{"self":[{"href":"https:\/\/elfsight.com\/fr\/wp-json\/wp\/v2\/pages\/9826","targetHints":{"allow":["GET"]}}],"collection":[{"href":"https:\/\/elfsight.com\/fr\/wp-json\/wp\/v2\/pages"}],"about":[{"href":"https:\/\/elfsight.com\/fr\/wp-json\/wp\/v2\/types\/page"}],"author":[{"embeddable":true,"href":"https:\/\/elfsight.com\/fr\/wp-json\/wp\/v2\/users\/9"}],"replies":[{"embeddable":true,"href":"https:\/\/elfsight.com\/fr\/wp-json\/wp\/v2\/comments?post=9826"}],"version-history":[{"count":1,"href":"https:\/\/elfsight.com\/fr\/wp-json\/wp\/v2\/pages\/9826\/revisions"}],"predecessor-version":[{"id":9830,"href":"https:\/\/elfsight.com\/fr\/wp-json\/wp\/v2\/pages\/9826\/revisions\/9830"}],"up":[{"embeddable":true,"href":"https:\/\/elfsight.com\/fr\/wp-json\/wp\/v2\/pages\/2589"}],"wp:attachment":[{"href":"https:\/\/elfsight.com\/fr\/wp-json\/wp\/v2\/media?parent=9826"}],"curies":[{"name":"wp","href":"https:\/\/api.w.org\/{rel}","templated":true}]}}