{"id":9820,"date":"1970-01-01T00:00:00","date_gmt":"1970-01-01T00:00:00","guid":{"rendered":"https:\/\/elfsight.com\/fr\/?page_id=9820"},"modified":"2025-07-10T12:40:58","modified_gmt":"2025-07-10T12:40:58","slug":"google-sites","status":"publish","type":"page","link":"https:\/\/elfsight.com\/fr\/portfolio-widget\/google-sites\/","title":{"rendered":"Portfolio &#8211; Google Sites"},"content":{"rendered":"<div class=\"application-platform-content-item-description application-platform-content-item\" id=\"description\" data-nav-section=\"description\"><h2>Int\u00e9grer Portfolio sur Google Sites avec le widget Elfsight<\/h2><p>L&rsquo;outil Elfsight Portfolio est cr\u00e9\u00e9 pour aider tous ceux qui souhaitent afficher leurs projets professionnels sur le site et attirer des clients. En utilisant le widget Elfsight, vous aurez la possibilit\u00e9 d&rsquo;exposer des projets avec des tournages, du contenu vid\u00e9o, des dessins et d&rsquo;autres mat\u00e9riaux. Chaque fichier de projet peut avoir une description d\u00e9taill\u00e9e et une date. Vous pouvez lier des projets \u00e0 leurs sites Web et d\u00e9finir des cat\u00e9gories de projets. Les utilisateurs du site Web verront votre portefeuille de projets, cliqueront sur chaque projet et le visualiseront en d\u00e9tail directement sur le site Web. L&rsquo;en-t\u00eate affichera votre nom, votre photo et vos coordonn\u00e9es, ce qui vous aidera \u00e0 vous joindre. Le bouton d&rsquo;appel \u00e0 l&rsquo;action dirigera les utilisateurs vers la page de commande et vous aidera \u00e0 augmenter le nombre de ventes. <\/p><div class=\"faq\" data-component=\"FAQ\"><div class=\"faq-item\">\r\n\t\t\t\t\t<div class=\"faq-item-question\">\r\n\t\t\t\t\t\t<h3 class=\"faq-item-question-text\">Comment puis-je int\u00e9grer un portfolio \u00e0 mon site Web Google Sites ? <\/h3>\r\n\r\n\t\t\t\t\t\t<div class=\"faq-item-question-icon\"><\/div>\r\n\t\t\t\t\t<\/div>\r\n\r\n\t\t\t\t\t<div class=\"faq-item-answer\">\r\n\t\t\t\t\t\t<div class=\"faq-item-answer-text\"><p>La construction de l&rsquo;outil s&rsquo;effectue au sein du site Web Elfsight et vous n&rsquo;avez pas besoin d&rsquo;apprendre \u00e0 coder. Appliquez la d\u00e9mo en direct pour ajuster votre widget personnel, obtenez le code et ajoutez-le sur votre site Web. <\/p><\/div>\r\n\t\t\t\t\t<\/div>\r\n\t\t\t\t<\/div><div class=\"faq-item\">\r\n\t\t\t\t\t<div class=\"faq-item-question\">\r\n\t\t\t\t\t\t<h3 class=\"faq-item-question-text\">Les meilleures fa\u00e7ons d'utiliser l'int\u00e9gration de Portfolio Gallery<\/h3>\r\n\r\n\t\t\t\t\t\t<div class=\"faq-item-question-icon\"><\/div>\r\n\t\t\t\t\t<\/div>\r\n\r\n\t\t\t\t\t<div class=\"faq-item-answer\">\r\n\t\t\t\t\t\t<div class=\"faq-item-answer-text\"><p>Nous vous proposerons des tonnes de possibilit\u00e9s de personnalisation\u00a0: des widgets pleine taille \u00e0 ajouter au zone de contenu, plugins flottants pour les opportunit\u00e9s de d\u00e9filement, vignettes pour le pied de page, la section d&rsquo;en-t\u00eate et toutes sortes d&rsquo;opportunit\u00e9s verticales pour les barres lat\u00e9rales et les menus du site Web. <\/p><\/div>\r\n\t\t\t\t\t<\/div>\r\n\t\t\t\t<\/div><div class=\"faq-item\">\r\n\t\t\t\t\t<div class=\"faq-item-question\">\r\n\t\t\t\t\t\t<h3 class=\"faq-item-question-text\">Comment cr\u00e9er un blog de voyage ou un portfolio d'architecture par l'interm\u00e9diaire de l'\u00e9diteur ? <\/h3>\r\n\r\n\t\t\t\t\t\t<div class=\"faq-item-question-icon\"><\/div>\r\n\t\t\t\t\t<\/div>\r\n\r\n\t\t\t\t\t<div class=\"faq-item-answer\">\r\n\t\t\t\t\t\t<div class=\"faq-item-answer-text\"><p>Vous \u00eates libre de cr\u00e9er des variantes de n&rsquo;importe quel widget. Il existe des tonnes de mises en page disponibles dans l&rsquo;\u00e9diteur, et toutes peuvent \u00eatre facilement personnalis\u00e9es selon vos besoins. <\/p><\/div>\r\n\t\t\t\t\t<\/div>\r\n\t\t\t\t<\/div><\/div><\/div> <div class=\"application-platform-content-item-features application-platform-content-item\" id=\"features\" data-nav-section=\"features\"><h2>Principales fonctionnalit\u00e9s du widget Portfolio<\/h2><p>Pour avoir une perception claire de Portfolio, consultez le liste des principales fonctionnalit\u00e9s. Ils rendent notre widget incroyablement b\u00e9n\u00e9fique pour votre boutique\u00a0: <\/p><ul><li>Cr\u00e9ez plusieurs projets et ajoutez les titres\u00a0; <\/li><li>Cr\u00e9ez des cat\u00e9gories et attribuez-leur des projets<\/li><li>S\u00e9lectionnez les informations \u00e0 afficher dans la fen\u00eatre contextuelle et au survol\u00a0; <\/li><li>L&rsquo;option permettant d&rsquo;\u00e9crire des textes et d&rsquo;attribuer des dates \u00e0 tous les travaux du projet<\/li><li>Le bouton actif sur l&rsquo;en-t\u00eate du widget et dans la fen\u00eatre contextuelle redirige les utilisateurs vers n&rsquo;importe quelle adresse<\/li><\/ul><p><a href=\"#demo\">La d\u00e9mo en direct vous montrera toutes les fonctionnalit\u00e9s<\/a><\/p><\/div> <div class=\"application-platform-content-item-installation application-platform-content-item\" id=\"installation\" data-nav-section=\"installation\"><h2>Comment ajouter Portfolio dans mon site Google ? <\/h2><p>Appliquez simplement les instructions ci-dessous pour commencer \u00e0 utiliser le plugin. <\/p><ol><li><b>G\u00e9rez notre \u00e9diteur gratuit et commencez \u00e0 fa\u00e7onner votre widget unique. <\/b><br>Sp\u00e9cifiez l&rsquo;interface et les fonctionnalit\u00e9s pr\u00e9f\u00e9r\u00e9es du widget et enregistrez les modifications. <\/li><li><b>Recevez le code personnel expos\u00e9 dans la bo\u00eete sur Elfsight Apps. <\/b><br>Juste une fois la configuration de votre outil termin\u00e9e, copiez le code exclusif dans la fen\u00eatre contextuelle qui appara\u00eet et enregistrez-le pour une occasion future. <\/li><li><b>Commencez l&rsquo;utilisation du plugin sur votre page Web Google. <\/b><br>Placez le code que vous avez copi\u00e9 r\u00e9cemment sur votre page d&rsquo;accueil et enregistrez les modifications. <\/li><li><b>Fait\u00a0! L&rsquo;int\u00e9gration s&rsquo;est termin\u00e9e avec succ\u00e8s. <\/b><br>Visitez votre site Web pour v\u00e9rifier les performances de l&rsquo;outil. <\/li><\/ol><div class=\"tip-yellow tip\"><b>En raison des particularit\u00e9s du fonctionnement de Google Sites, le widget peut \u00eatre diff\u00e9rent de la d\u00e9mo en ligne. Nous nous excusons pour tout inconv\u00e9nient caus\u00e9.<\/b><\/div><p>Si vous rencontrez des questions ou rencontrez des difficult\u00e9s, n&rsquo;h\u00e9sitez pas \u00e0 faire appel \u00e0 notre service client. Nos consultants ont h\u00e2te de vous aider avec toutes les questions que vous pourriez avoir avec l&rsquo;outil.<\/p><\/div>","protected":false},"excerpt":{"rendered":"","protected":false},"author":9,"featured_media":0,"parent":2589,"menu_order":0,"comment_status":"closed","ping_status":"closed","template":"templates\/template-application-platform.php","meta":{"publish_to_discourse":"","publish_post_category":"","wpdc_auto_publish_overridden":"","wpdc_topic_tags":"","wpdc_pin_topic":"","wpdc_pin_until":"","discourse_post_id":"","discourse_permalink":"","wpdc_publishing_response":"","wpdc_publishing_error":"","footnotes":""},"class_list":["post-9820","page","type-page","status-publish","hentry"],"yoast_head":"<!-- This site is optimized with the Yoast SEO plugin v25.3.1 - https:\/\/yoast.com\/wordpress\/plugins\/seo\/ -->\n<title>Portefeuille Google Sites - Ajouter un widget Portefeuille \u00e0 Google Sites<\/title>\n<meta name=\"description\" content=\"Cr\u00e9ez un widget Google Sites Portfolio et ajoutez-le \u00e0 votre site Web rapidement et facilement. Vous b\u00e9n\u00e9ficierez du service client gratuit d\u2019Elfsight.\" \/>\n<meta name=\"robots\" content=\"index, follow, max-snippet:-1, max-image-preview:large, max-video-preview:-1\" \/>\n<link rel=\"canonical\" href=\"https:\/\/elfsight.com\/fr\/portfolio-widget\/google-sites\/\" \/>\n<meta property=\"og:locale\" content=\"fr_FR\" \/>\n<meta property=\"og:type\" content=\"article\" \/>\n<meta property=\"og:title\" content=\"Portefeuille Google Sites - Ajouter un widget Portefeuille \u00e0 Google Sites\" \/>\n<meta property=\"og:description\" content=\"Cr\u00e9ez un widget Google Sites Portfolio et ajoutez-le \u00e0 votre site Web rapidement et facilement. Vous b\u00e9n\u00e9ficierez du service client gratuit d\u2019Elfsight.\" \/>\n<meta property=\"og:url\" content=\"https:\/\/elfsight.com\/fr\/portfolio-widget\/google-sites\/\" \/>\n<meta property=\"og:site_name\" content=\"Elfsight FR\" \/>\n<meta property=\"article:modified_time\" content=\"2025-07-10T12:40:58+00:00\" \/>\n<meta name=\"twitter:card\" content=\"summary_large_image\" \/>\n<meta name=\"twitter:label1\" content=\"Dur\u00e9e de lecture estim\u00e9e\" \/>\n\t<meta name=\"twitter:data1\" content=\"3 minutes\" \/>\n<!-- \/ Yoast SEO plugin. -->","yoast_head_json":{"title":"Portefeuille Google Sites - Ajouter un widget Portefeuille \u00e0 Google Sites","description":"Cr\u00e9ez un widget Google Sites Portfolio et ajoutez-le \u00e0 votre site Web rapidement et facilement. Vous b\u00e9n\u00e9ficierez du service client gratuit d\u2019Elfsight.","robots":{"index":"index","follow":"follow","max-snippet":"max-snippet:-1","max-image-preview":"max-image-preview:large","max-video-preview":"max-video-preview:-1"},"canonical":"https:\/\/elfsight.com\/fr\/portfolio-widget\/google-sites\/","og_locale":"fr_FR","og_type":"article","og_title":"Portefeuille Google Sites - Ajouter un widget Portefeuille \u00e0 Google Sites","og_description":"Cr\u00e9ez un widget Google Sites Portfolio et ajoutez-le \u00e0 votre site Web rapidement et facilement. Vous b\u00e9n\u00e9ficierez du service client gratuit d\u2019Elfsight.","og_url":"https:\/\/elfsight.com\/fr\/portfolio-widget\/google-sites\/","og_site_name":"Elfsight FR","article_modified_time":"2025-07-10T12:40:58+00:00","twitter_card":"summary_large_image","twitter_misc":{"Dur\u00e9e de lecture estim\u00e9e":"3 minutes"},"schema":{"@context":"https:\/\/schema.org","@graph":[{"@type":"WebPage","@id":"https:\/\/elfsight.com\/fr\/portfolio-widget\/google-sites\/","url":"https:\/\/elfsight.com\/fr\/portfolio-widget\/google-sites\/","name":"Portefeuille Google Sites - Ajouter un widget Portefeuille \u00e0 Google Sites","isPartOf":{"@id":"https:\/\/elfsight.com\/fr\/#website"},"datePublished":"1970-01-01T00:00:00+00:00","dateModified":"2025-07-10T12:40:58+00:00","description":"Cr\u00e9ez un widget Google Sites Portfolio et ajoutez-le \u00e0 votre site Web rapidement et facilement. Vous b\u00e9n\u00e9ficierez du service client gratuit d\u2019Elfsight.","breadcrumb":{"@id":"https:\/\/elfsight.com\/fr\/portfolio-widget\/google-sites\/#breadcrumb"},"inLanguage":"fr-FR","potentialAction":[{"@type":"ReadAction","target":["https:\/\/elfsight.com\/fr\/portfolio-widget\/google-sites\/"]}]},{"@type":"BreadcrumbList","@id":"https:\/\/elfsight.com\/fr\/portfolio-widget\/google-sites\/#breadcrumb","itemListElement":[{"@type":"ListItem","position":1,"name":"Home","item":"https:\/\/elfsight.com\/fr\/"},{"@type":"ListItem","position":2,"name":"Portfolio","item":"https:\/\/elfsight.com\/fr\/portfolio-widget\/"},{"@type":"ListItem","position":3,"name":"Portfolio &#8211; Google Sites"}]},{"@type":"WebSite","@id":"https:\/\/elfsight.com\/fr\/#website","url":"https:\/\/elfsight.com\/fr\/","name":"Elfsight FR","description":"","potentialAction":[{"@type":"SearchAction","target":{"@type":"EntryPoint","urlTemplate":"https:\/\/elfsight.com\/fr\/?s={search_term_string}"},"query-input":{"@type":"PropertyValueSpecification","valueRequired":true,"valueName":"search_term_string"}}],"inLanguage":"fr-FR"}]}},"meta_box":{"industry":"","seo_heading":"","heading":"","description":"","cta_heading":"","cta_description":"","application":"2588","h1":"Widget Portefeuille Google Sites","h1_caption":"Affichez votre travail dans un portfolio personnalisable, ce qui facilite la pr\u00e9sentation de vos projets et r\u00e9alisations sur vos sites Google, sans effort.","application_category":[],"applications_title":"","applications_request_title":"","applications_request_button_text":"","hero_text":"","hero_video":"","hero_video_schema_markup":"","selling_points_title":"","selling_points_caption":"","selling_points":[],"selling_points_cta_text":"","features_title":"","features":"","ed_cta_examples_text":"","ed_cta_examples_hidden":"","ed_cta_demo_text":"","ed_cta_demo_hidden":"","why_caption":"","why_editor_title":"","why_editor_text":"","why_team_title":"","why_team_text":"","why_service_title":"","why_service_text":"","template_catalog_visible":"","template_catalog_title":"","template_catalog_text":"","template_catalog_categories_visible":"","demo_title":"Cr\u00e9ez votre widget Portefeuille","demo_caption":"Configurez votre Portfolio et ajoutez-le gratuitement \u00e0 votre site Web Google Sites\u00a0!","default_faq_hidden":"","app_template_category":[],"platform":"423","template_public_id":"","codecanyon_url":"","codecanyon_item_id":"","codecanyon_price":"","pricing_caption":"","pricing_elfsight_apps_hide_column":"","pricing_elfsight_apps_url":"","pricing_codecanyon_price_caption":"","integration_category":[],"integration_request_title":"","integration_request_cta":"","integration_platform":"","integrations":[],"platform_category":[],"video_schema_markup":"","price":"\u00e0 partir de 0$ \/ mois","trial":"","benefits":[{"text":"Service d'installation gratuit"},{"text":"Un soutien exceptionnel"},{"text":"Garantie de remboursement de 14 jours"},{"text":"D\u00e9veloppement continu"}],"button_url":"","button_target_blank":"","button_nofollow":"","attributes":[{"name":"Installations","content":"10,000 - 100,000"},{"name":"Sensible","content":"Id\u00e9al pour les mobiles"},{"name":"Navigateurs compatibles","content":"Firefox, Opera, Chrome, Safari, Edge"}],"tags":[],"tags_disable_links":"","hide_more_platforms":"","video_object":"","demo_hide_cta":"","demo_hide_cloud_options":"","pricing_title":"","pricing":[{"pricing_icon":"platform","pricing_title":"Elfsight Apps","pricing_title_caption":"Solution num\u00e9rique multiplateforme","pricing_price":"from $0 \/ month","pricing_price_caption":"commencez avec un forfait gratuit","pricing_benefits":[{"text":"Nombre illimit\u00e9 de sites Web"},{"text":"Assistance client gratuite"},{"text":"Assistance \u00e0 l'installation gratuite"},{"text":"Offre sp\u00e9ciale pour plusieurs applications"}],"pricing_button_text":"Ajouter au site Web","pricing_button_url":"#demo"}],"related_apps_title":"","related_apps_hidden":"","author":"","image":[],"title":"","job":"","social_networks":[]},"_links":{"self":[{"href":"https:\/\/elfsight.com\/fr\/wp-json\/wp\/v2\/pages\/9820","targetHints":{"allow":["GET"]}}],"collection":[{"href":"https:\/\/elfsight.com\/fr\/wp-json\/wp\/v2\/pages"}],"about":[{"href":"https:\/\/elfsight.com\/fr\/wp-json\/wp\/v2\/types\/page"}],"author":[{"embeddable":true,"href":"https:\/\/elfsight.com\/fr\/wp-json\/wp\/v2\/users\/9"}],"replies":[{"embeddable":true,"href":"https:\/\/elfsight.com\/fr\/wp-json\/wp\/v2\/comments?post=9820"}],"version-history":[{"count":1,"href":"https:\/\/elfsight.com\/fr\/wp-json\/wp\/v2\/pages\/9820\/revisions"}],"predecessor-version":[{"id":9824,"href":"https:\/\/elfsight.com\/fr\/wp-json\/wp\/v2\/pages\/9820\/revisions\/9824"}],"up":[{"embeddable":true,"href":"https:\/\/elfsight.com\/fr\/wp-json\/wp\/v2\/pages\/2589"}],"wp:attachment":[{"href":"https:\/\/elfsight.com\/fr\/wp-json\/wp\/v2\/media?parent=9820"}],"curies":[{"name":"wp","href":"https:\/\/api.w.org\/{rel}","templated":true}]}}