{"id":9819,"date":"1970-01-01T00:00:00","date_gmt":"1970-01-01T00:00:00","guid":{"rendered":"https:\/\/elfsight.com\/fr\/?page_id=9819"},"modified":"2025-07-10T12:40:52","modified_gmt":"2025-07-10T12:40:52","slug":"godaddy","status":"publish","type":"page","link":"https:\/\/elfsight.com\/fr\/portfolio-widget\/godaddy\/","title":{"rendered":"Portfolio &#8211; GoDaddy"},"content":{"rendered":"<div class=\"application-platform-content-item-description application-platform-content-item\" id=\"description\" data-nav-section=\"description\"> <h2>Int\u00e9grer Portfolio sur GoDaddy avec le widget Elfsight<\/h2> <p>Le plugin Elfsight Portfolio pour GoDaddy est cr\u00e9\u00e9 pour chaque personne qui a besoin d&rsquo;exposer son travailler activement sur le site Web et avoir plus de nouveaux clients. Gr\u00e2ce \u00e0 l&rsquo;outil Elfsight, vous pouvez r\u00e9v\u00e9ler des s\u00e9lections de prises de vue, de contenu vid\u00e9o, de peintures et d&rsquo;autres contenus de projet. Chaque dossier peut \u00eatre accompagn\u00e9 d&rsquo;une description d\u00e9taill\u00e9e et d&rsquo;une date. Vous avez la possibilit\u00e9 de lier des projets \u00e0 leurs sites Web et de diviser les projets en groupes. <\/p> <p><b>Augmentation de prospects gr\u00e2ce \u00e0 des moyens de contact en un clic et des liens vers les r\u00e9seaux sociaux\u00a0!<\/b><\/p> <\/div> <div class=\"application-platform-content-item-features application-platform-content-item\" id=\"features\" data-nav-section=\"features\"> <h2>Nous proposons fonctionnalit\u00e9s pratiques et rapides, v\u00e9rifiez-en quelques-unes\u00a0: <\/h2> <ul><li>Cr\u00e9ez votre portefeuille de projets pour afficher des \u0153uvres de n&rsquo;importe quelle sph\u00e8re<\/li><li>D\u00e9finissez des cat\u00e9gories et attribuez-leur des projets<\/li><li>\u00a0Le bouton d&rsquo;appel \u00e0 l&rsquo;action sur l&rsquo;en-t\u00eate et dans la fen\u00eatre contextuelle redirige l&rsquo;utilisateur vers n&rsquo;importe quelle adresse.<\/li><li>Ajoutez des descriptions et des dates aux \u0153uvres du projet<\/li><li>L&rsquo;en-t\u00eate du plugin affiche le nom de l&rsquo;auteur et sa photo. et texte de description<\/li><\/ul><p><a href=\"#demo\">Vous pouvez d\u00e9couvrir toutes les capacit\u00e9s du plugin dans la d\u00e9mo sur cette page<\/a><\/p> [\/application_platform_content_item ] <div class=\"application-platform-content-item-installation application-platform-content-item\" id=\"installation\" data-nav-section=\"installation\"><\/div> <h2>Comment int\u00e9grer Portfolio \u00e0 mon site Web GoDaddy\u00a0? <\/h2> <p>Suivez simplement les instructions ci-dessous pour commencer \u00e0 travailler avec le plugin. <\/p> <ol><li><b>G\u00e9rez notre configurateur gratuit et commencez \u00e0 cr\u00e9er votre instrument sur mesure. <\/b><br> D\u00e9terminez la disposition et les fonctionnalit\u00e9s pr\u00e9f\u00e9r\u00e9es de l&rsquo;outil et enregistrez les modifications. <\/li> <li><b>Copiez le code individuel qui appara\u00eet dans la fen\u00eatre sur Elfsight Apps. <\/b><br> Une fois la personnalisation de votre outil personnel termin\u00e9e, copiez le code personnel dans la fen\u00eatre contextuelle qui appara\u00eet et enregistrez-le pour une utilisation ult\u00e9rieure. <\/li> <li><b>Entrez pour utiliser l&rsquo;outil sur le site Web de GoDaddy. <\/b><br> Entrez le code que vous avez copi\u00e9 auparavant dans votre page et enregistrez les am\u00e9liorations. <\/li> <li><b>L&rsquo;installation est enti\u00e8rement termin\u00e9e. <\/b><br> Acc\u00e9dez \u00e0 votre page pour v\u00e9rifier les performances du plugin. <\/li><\/ol> <p>\u00c0 condition de vous confronter \u00e0 des questions ou de vous heurter \u00e0 certaines complications, n&rsquo;h\u00e9sitez pas \u00e0 faire appel \u00e0 notre \u00e9quipe d&rsquo;assistance. Nos consultants seront ravis de vous aider avec toutes les questions que vous pourriez vous poser avec le plugin. <\/p> <div class=\"faq\" data-component=\"FAQ\"><div class=\"faq-item\">\r\n\t\t\t\t\t<div class=\"faq-item-question\">\r\n\t\t\t\t\t\t<h3 class=\"faq-item-question-text\">De quelle mani\u00e8re est-il possible d'ajouter Portfolio \u00e0 ma page d'accueil GoDaddy sans exp\u00e9rience en codage ?<\/h3>\r\n\r\n\t\t\t\t\t\t<div class=\"faq-item-question-icon\"><\/div>\r\n\t\t\t\t\t<\/div>\r\n\r\n\t\t\t\t\t<div class=\"faq-item-answer\">\r\n\t\t\t\t\t\t<div class=\"faq-item-answer-text\"> <p>La soci\u00e9t\u00e9 Elfsight pr\u00e9sente une solution qui vous permet de cr\u00e9er vous-m\u00eame un widget Portfolio, voir le instructions simples\u00a0: acc\u00e9dez \u00e0 l&rsquo;\u00e9diteur en direct pour cr\u00e9er un plugin Portfolio que vous aimeriez voir sur le site GoDaddy. Choisissez l&rsquo;un des mod\u00e8les pr\u00e9d\u00e9finis et modifiez les param\u00e8tres du portfolio, modifiez la mise en page et les sch\u00e9mas de couleurs, y compris votre contenu, sans codage. Enregistrez les param\u00e8tres que vous avez d\u00e9finis dans Portfolio et copiez son code d&rsquo;installation, qui peut \u00eatre facilement int\u00e9gr\u00e9 gratuitement dans n&rsquo;importe quelle page d&rsquo;accueil de GoDaddy. Gr\u00e2ce au configurateur convivial, tout utilisateur Web peut cr\u00e9er un portefeuille et l&rsquo;ajouter facilement \u00e0 son site Web GoDaddy. Il n&rsquo;est pas n\u00e9cessaire de payer ou de divulguer les informations d&rsquo;identification de votre carte pour acc\u00e9der \u00e0 l&rsquo;\u00e9diteur. Si vous rencontrez des probl\u00e8mes \u00e0 un moment donn\u00e9, veuillez contacter notre service client.<\/p> <\/div>\r\n\t\t\t\t\t<\/div>\r\n\t\t\t\t<\/div> <\/div><\/div>","protected":false},"excerpt":{"rendered":"","protected":false},"author":9,"featured_media":0,"parent":2589,"menu_order":0,"comment_status":"closed","ping_status":"closed","template":"templates\/template-application-platform.php","meta":{"publish_to_discourse":"","publish_post_category":"","wpdc_auto_publish_overridden":"","wpdc_topic_tags":"","wpdc_pin_topic":"","wpdc_pin_until":"","discourse_post_id":"","discourse_permalink":"","wpdc_publishing_response":"","wpdc_publishing_error":"","footnotes":""},"class_list":["post-9819","page","type-page","status-publish","hentry"],"yoast_head":"<!-- This site is optimized with the Yoast SEO plugin v25.3.1 - https:\/\/yoast.com\/wordpress\/plugins\/seo\/ -->\n<title>Portfolio - Ajoutez le plugin Portfolio au site Web GoDaddy\u00a0!<\/title>\n<meta name=\"description\" content=\"Pr\u00e9sentez vos meilleurs travaux via un plugin Portfolio attrayant et cr\u00e9atif pour les sites Web GoDaddy ! Obtenez plus de clients en quelques clics !\" \/>\n<meta name=\"robots\" content=\"index, follow, max-snippet:-1, max-image-preview:large, max-video-preview:-1\" \/>\n<link rel=\"canonical\" href=\"https:\/\/elfsight.com\/fr\/portfolio-widget\/godaddy\/\" \/>\n<meta property=\"og:locale\" content=\"fr_FR\" \/>\n<meta property=\"og:type\" content=\"article\" \/>\n<meta property=\"og:title\" content=\"Portfolio - Ajoutez le plugin Portfolio au site Web GoDaddy\u00a0!\" \/>\n<meta property=\"og:description\" content=\"Pr\u00e9sentez vos meilleurs travaux via un plugin Portfolio attrayant et cr\u00e9atif pour les sites Web GoDaddy ! Obtenez plus de clients en quelques clics !\" \/>\n<meta property=\"og:url\" content=\"https:\/\/elfsight.com\/fr\/portfolio-widget\/godaddy\/\" \/>\n<meta property=\"og:site_name\" content=\"Elfsight FR\" \/>\n<meta property=\"article:modified_time\" content=\"2025-07-10T12:40:52+00:00\" \/>\n<meta name=\"twitter:card\" content=\"summary_large_image\" \/>\n<meta name=\"twitter:label1\" content=\"Dur\u00e9e de lecture estim\u00e9e\" \/>\n\t<meta name=\"twitter:data1\" content=\"3 minutes\" \/>\n<!-- \/ Yoast SEO plugin. -->","yoast_head_json":{"title":"Portfolio - Ajoutez le plugin Portfolio au site Web GoDaddy\u00a0!","description":"Pr\u00e9sentez vos meilleurs travaux via un plugin Portfolio attrayant et cr\u00e9atif pour les sites Web GoDaddy ! Obtenez plus de clients en quelques clics !","robots":{"index":"index","follow":"follow","max-snippet":"max-snippet:-1","max-image-preview":"max-image-preview:large","max-video-preview":"max-video-preview:-1"},"canonical":"https:\/\/elfsight.com\/fr\/portfolio-widget\/godaddy\/","og_locale":"fr_FR","og_type":"article","og_title":"Portfolio - Ajoutez le plugin Portfolio au site Web GoDaddy\u00a0!","og_description":"Pr\u00e9sentez vos meilleurs travaux via un plugin Portfolio attrayant et cr\u00e9atif pour les sites Web GoDaddy ! Obtenez plus de clients en quelques clics !","og_url":"https:\/\/elfsight.com\/fr\/portfolio-widget\/godaddy\/","og_site_name":"Elfsight FR","article_modified_time":"2025-07-10T12:40:52+00:00","twitter_card":"summary_large_image","twitter_misc":{"Dur\u00e9e de lecture estim\u00e9e":"3 minutes"},"schema":{"@context":"https:\/\/schema.org","@graph":[{"@type":"WebPage","@id":"https:\/\/elfsight.com\/fr\/portfolio-widget\/godaddy\/","url":"https:\/\/elfsight.com\/fr\/portfolio-widget\/godaddy\/","name":"Portfolio - Ajoutez le plugin Portfolio au site Web GoDaddy\u00a0!","isPartOf":{"@id":"https:\/\/elfsight.com\/fr\/#website"},"datePublished":"1970-01-01T00:00:00+00:00","dateModified":"2025-07-10T12:40:52+00:00","description":"Pr\u00e9sentez vos meilleurs travaux via un plugin Portfolio attrayant et cr\u00e9atif pour les sites Web GoDaddy ! Obtenez plus de clients en quelques clics !","breadcrumb":{"@id":"https:\/\/elfsight.com\/fr\/portfolio-widget\/godaddy\/#breadcrumb"},"inLanguage":"fr-FR","potentialAction":[{"@type":"ReadAction","target":["https:\/\/elfsight.com\/fr\/portfolio-widget\/godaddy\/"]}]},{"@type":"BreadcrumbList","@id":"https:\/\/elfsight.com\/fr\/portfolio-widget\/godaddy\/#breadcrumb","itemListElement":[{"@type":"ListItem","position":1,"name":"Home","item":"https:\/\/elfsight.com\/fr\/"},{"@type":"ListItem","position":2,"name":"Portfolio","item":"https:\/\/elfsight.com\/fr\/portfolio-widget\/"},{"@type":"ListItem","position":3,"name":"Portfolio &#8211; GoDaddy"}]},{"@type":"WebSite","@id":"https:\/\/elfsight.com\/fr\/#website","url":"https:\/\/elfsight.com\/fr\/","name":"Elfsight FR","description":"","potentialAction":[{"@type":"SearchAction","target":{"@type":"EntryPoint","urlTemplate":"https:\/\/elfsight.com\/fr\/?s={search_term_string}"},"query-input":{"@type":"PropertyValueSpecification","valueRequired":true,"valueName":"search_term_string"}}],"inLanguage":"fr-FR"}]}},"meta_box":{"industry":"","seo_heading":"","heading":"","description":"","cta_heading":"","cta_description":"","application":"2588","h1":"Plugin Portefeuille GoDaddy","h1_caption":"Affichez votre travail dans un portfolio personnalisable, ce qui facilite la pr\u00e9sentation de vos projets et r\u00e9alisations sur votre site Web GoDaddy, sans effort.","application_category":[],"applications_title":"","applications_request_title":"","applications_request_button_text":"","hero_text":"","hero_video":"","hero_video_schema_markup":"","selling_points_title":"","selling_points_caption":"","selling_points":[],"selling_points_cta_text":"","features_title":"","features":"","ed_cta_examples_text":"","ed_cta_examples_hidden":"","ed_cta_demo_text":"","ed_cta_demo_hidden":"","why_caption":"","why_editor_title":"","why_editor_text":"","why_team_title":"","why_team_text":"","why_service_title":"","why_service_text":"","template_catalog_visible":"","template_catalog_title":"","template_catalog_text":"","template_catalog_categories_visible":"","demo_title":"Cr\u00e9ez votre plugin Portfolio","demo_caption":"Configurez votre portfolio et ajoutez-le gratuitement \u00e0 votre site Web GoDaddy\u00a0!","default_faq_hidden":"","app_template_category":[],"platform":"370","template_public_id":"","codecanyon_url":"","codecanyon_item_id":"","codecanyon_price":"","pricing_caption":"","pricing_elfsight_apps_hide_column":"","pricing_elfsight_apps_url":"","pricing_codecanyon_price_caption":"","integration_category":[],"integration_request_title":"","integration_request_cta":"","integration_platform":"","integrations":[],"platform_category":[],"video_schema_markup":"","price":"\u00e0 partir de 0$ \/ mois","trial":"","benefits":[{"text":"Service d'installation gratuit"},{"text":"Service client professionnel"},{"text":"Garantie de remboursement de 14 jours"},{"text":"Mise \u00e0 jour constante"}],"button_url":"","button_target_blank":"","button_nofollow":"","attributes":[{"name":"Installations","content":"10,000 - 100,000"},{"name":"Sensible","content":"Oui"},{"name":"Navigateurs compatibles","content":"IE11, Firefox, Safari, Opera, Chrome, Edge"}],"tags":[],"tags_disable_links":"","hide_more_platforms":"","video_object":"","demo_hide_cta":"","demo_hide_cloud_options":"","pricing_title":"","pricing":[{"pricing_icon":"platform","pricing_title":"Elfsight Apps","pricing_title_caption":"Logiciel multiplateforme","pricing_price":"from $0 \/ month","pricing_price_caption":"commencez avec un forfait gratuit","pricing_benefits":[{"text":"Sites Web illimit\u00e9s"},{"text":"Assistance 24h\/24 et 7j\/7 et \u00e0 temps"},{"text":"Service d'installation gratuit"},{"text":"100% personnalisable"}],"pricing_button_text":"Ajouter au site Web","pricing_button_url":"#demo"}],"related_apps_title":"","related_apps_hidden":"","author":"","image":[],"title":"","job":"","social_networks":[]},"_links":{"self":[{"href":"https:\/\/elfsight.com\/fr\/wp-json\/wp\/v2\/pages\/9819","targetHints":{"allow":["GET"]}}],"collection":[{"href":"https:\/\/elfsight.com\/fr\/wp-json\/wp\/v2\/pages"}],"about":[{"href":"https:\/\/elfsight.com\/fr\/wp-json\/wp\/v2\/types\/page"}],"author":[{"embeddable":true,"href":"https:\/\/elfsight.com\/fr\/wp-json\/wp\/v2\/users\/9"}],"replies":[{"embeddable":true,"href":"https:\/\/elfsight.com\/fr\/wp-json\/wp\/v2\/comments?post=9819"}],"version-history":[{"count":1,"href":"https:\/\/elfsight.com\/fr\/wp-json\/wp\/v2\/pages\/9819\/revisions"}],"predecessor-version":[{"id":9823,"href":"https:\/\/elfsight.com\/fr\/wp-json\/wp\/v2\/pages\/9819\/revisions\/9823"}],"up":[{"embeddable":true,"href":"https:\/\/elfsight.com\/fr\/wp-json\/wp\/v2\/pages\/2589"}],"wp:attachment":[{"href":"https:\/\/elfsight.com\/fr\/wp-json\/wp\/v2\/media?parent=9819"}],"curies":[{"name":"wp","href":"https:\/\/api.w.org\/{rel}","templated":true}]}}