{"id":9818,"date":"1970-01-01T00:00:00","date_gmt":"1970-01-01T00:00:00","guid":{"rendered":"https:\/\/elfsight.com\/fr\/?page_id=9818"},"modified":"2025-07-10T12:41:50","modified_gmt":"2025-07-10T12:41:50","slug":"prestashop","status":"publish","type":"page","link":"https:\/\/elfsight.com\/fr\/portfolio-widget\/prestashop\/","title":{"rendered":"Portfolio &#8211; PrestaShop"},"content":{"rendered":"<div class=\"application-platform-content-item-description application-platform-content-item\" id=\"description\" data-nav-section=\"description\"> <h2>Description<\/h2> <p>Le module compl\u00e9mentaire Elfsight Portfolio est cr\u00e9\u00e9 pour aider chaque utilisateur souhaitant afficher sa collection de projets sur le site Web et obtenir clients. Avec le widget Elfsight, vous pourrez renvoyer des images, du contenu vid\u00e9o, des maquettes et d&rsquo;autres contenus de projet. Chaque fichier peut contenir un texte et une date d\u00e9taill\u00e9s. Vous avez la possibilit\u00e9 de lier des projets \u00e0 des sites et de d\u00e9finir des cat\u00e9gories de projets. Les visiteurs du site Web verront votre portfolio, saisiront un projet et regarderont son contenu directement sur le site. L&rsquo;en-t\u00eate affichera votre nom, votre photo et vos coordonn\u00e9es, qui vous permettront de vous contacter. Le bouton actif dirigera les utilisateurs vers la page de passation de commande et vous aidera \u00e0 augmenter le nombre de ventes. <\/p><p><b>Avec Portfolio, r\u00e9alisez un d\u00e9veloppement commercial durable et augmentez vos ventes <\/b><\/p> <\/div> <div class=\"application-platform-content-item-features application-platform-content-item\" id=\"features\" data-nav-section=\"features\"> <h2>Le widget offre des fonctionnalit\u00e9s utiles et simples , visualisez-en quelques-uns\u00a0: <\/h2> <ul><li>Cr\u00e9ez votre portfolio de projets pour montrer des \u0153uvres de n&rsquo;importe quelle sph\u00e8re<\/li><li>T\u00e9l\u00e9chargez des photos et des vid\u00e9os sur chaque projet<\/li><li>Cr\u00e9ez plusieurs projets avec des titres<\/li><li>D\u00e9finissez des cat\u00e9gories et attribuez-leur des projets<\/li><li>Le bouton CTA sur l&rsquo;en-t\u00eate et dans la fen\u00eatre contextuelle redirige l&rsquo;utilisateur vers n&rsquo;importe quelle adresse<\/li><li>Ajoutez des descriptions et des dates aux \u0153uvres dans le projet<\/li><\/ul><p><a href=\"#demo\">Vous pouvez d\u00e9couvrir toutes les fonctionnalit\u00e9s du widget dans la d\u00e9mo juste ici<\/a><\/p> <\/div> [ application_platform_content_item id=\u00a0\u00bbinstallation\u00a0\u00bb] <h2>Comment int\u00e9grer Portfolio sur mon site PrestaShop ? <\/h2> <p>Remplissez simplement les instructions ci-dessous pour int\u00e9grer l&rsquo;outil. <\/p> <ol><li><b>Lancez notre configurateur gratuit et commencez \u00e0 cr\u00e9er votre widget unique. <\/b><br> Recherchez la conception et les fonctionnalit\u00e9s personnalis\u00e9es de l&rsquo;outil et enregistrez les modifications. <\/li> <li><b>Obtenez votre code unique expos\u00e9 dans la bo\u00eete sur les applications Elfsight. <\/b><br> Juste apr\u00e8s la g\u00e9n\u00e9ration de votre outil personnel, copiez le code exclusif de la fen\u00eatre qui appara\u00eet et enregistrez-le pour une occasion ult\u00e9rieure. <\/li> <li><b>Commencez \u00e0 utiliser le widget sur votre site PrestaShop. <\/b><br> Ins\u00e9rez le code que vous avez copi\u00e9 auparavant dans votre site Web et appliquez les modifications. <\/li> <li><b>Fait\u00a0! L&rsquo;int\u00e9gration est r\u00e9ussie. <\/b><br> Visitez votre site Web pour v\u00e9rifier comment fonctionne le module compl\u00e9mentaire. <\/li><\/ol> <p>\u00c0 condition de r\u00e9pondre \u00e0 des questions ou de rencontrer des probl\u00e8mes, veuillez vous adresser \u00e0 notre \u00e9quipe d&rsquo;assistance. Nos sp\u00e9cialistes seront ravis de r\u00e9soudre tous les probl\u00e8mes que vous pourriez rencontrer avec l&rsquo;addon. <\/p><div class=\"faq\" data-component=\"FAQ\"><div class=\"faq-item\">\r\n\t\t\t\t\t<div class=\"faq-item-question\">\r\n\t\t\t\t\t\t<h3 class=\"faq-item-question-text\">Existe-t-il une m\u00e9thode pour int\u00e9grer un Portfolio \u00e0 mon site PrestaShop sans exp\u00e9rience en codage ?<\/h3>\r\n\r\n\t\t\t\t\t\t<div class=\"faq-item-question-icon\"><\/div>\r\n\t\t\t\t\t<\/div>\r\n\r\n\t\t\t\t\t<div class=\"faq-item-answer\">\r\n\t\t\t\t\t\t<div class=\"faq-item-answer-text\"> <p>Elfsight fournit une solution Cloud qui permet aux utilisateurs de g\u00e9n\u00e9rer vous-m\u00eame un widget Portfolio, regardez le \u00e9tapes simples\u00a0: acc\u00e9dez \u00e0 la d\u00e9mo en ligne pour g\u00e9n\u00e9rer une section Portfolio que vous souhaitez int\u00e9grer sur votre page Web PrestaShop. Cliquez sur l&rsquo;un des mod\u00e8les pr\u00e9d\u00e9finis et modifiez les param\u00e8tres du Portfolio, mettez \u00e0 jour votre contenu, transformez la mise en page et la couleur des \u00e9l\u00e9ments sans codage. Enregistrez les param\u00e8tres que vous avez d\u00e9finis dans Portfolio et obtenez le code d&rsquo;installation, que vous pouvez facilement ajouter sur n&rsquo;importe quel site PrestaShop en utilisant un plan gratuit. En travaillant dans le configurateur intuitif, chaque utilisateur Web peut cr\u00e9er une application Portfolio en ligne et la coller sans effort sur le site Web PrestaShop. Il n&rsquo;est pas n\u00e9cessaire de payer ou de soumettre les informations d&rsquo;identification de votre carte pour acc\u00e9der \u00e0 Elfsight Editor. Si vous rencontrez des obstacles de quelque nature que ce soit, n&rsquo;h\u00e9sitez pas \u00e0 parler \u00e0 notre \u00e9quipe d&rsquo;assistance technique.<\/p> <\/div>\r\n\t\t\t\t\t<\/div>\r\n\t\t\t\t<\/div> <\/div> [\/application_platform_content_item]","protected":false},"excerpt":{"rendered":"[ application_platform_content_item id=\u00a0\u00bbinstallation\u00a0\u00bb] Comment int\u00e9grer Portfolio sur mon site PrestaShop ? Remplissez simplement les instructions ci-dessous pour int\u00e9grer l&rsquo;outil. Lancez notre configurateur gratuit et commencez \u00e0 cr\u00e9er votre widget unique. Recherchez la conception et les fonctionnalit\u00e9s personnalis\u00e9es de l&rsquo;outil et enregistrez les modifications. Obtenez votre code unique expos\u00e9 dans la&#8230;","protected":false},"author":9,"featured_media":0,"parent":2589,"menu_order":0,"comment_status":"closed","ping_status":"closed","template":"templates\/template-application-platform.php","meta":{"publish_to_discourse":"","publish_post_category":"","wpdc_auto_publish_overridden":"","wpdc_topic_tags":"","wpdc_pin_topic":"","wpdc_pin_until":"","discourse_post_id":"","discourse_permalink":"","wpdc_publishing_response":"","wpdc_publishing_error":"","footnotes":""},"class_list":["post-9818","page","type-page","status-publish","hentry"],"yoast_head":"<!-- This site is optimized with the Yoast SEO plugin v25.3.1 - https:\/\/yoast.com\/wordpress\/plugins\/seo\/ -->\n<title>Addon Portfolio pour le site PrestaShop (gratuit et rapide)<\/title>\n<meta name=\"description\" content=\"Voici une opportunit\u00e9 de cr\u00e9er un module compl\u00e9mentaire PrestaShop Portfolio et de l&#039;int\u00e9grer \u00e0 votre site Web. Vous b\u00e9n\u00e9ficierez d\u2019un service client gratuit \u00e0 vie.\" \/>\n<meta name=\"robots\" content=\"index, follow, max-snippet:-1, max-image-preview:large, max-video-preview:-1\" \/>\n<link rel=\"canonical\" href=\"https:\/\/elfsight.com\/fr\/portfolio-widget\/prestashop\/\" \/>\n<meta property=\"og:locale\" content=\"fr_FR\" \/>\n<meta property=\"og:type\" content=\"article\" \/>\n<meta property=\"og:title\" content=\"Addon Portfolio pour le site PrestaShop (gratuit et rapide)\" \/>\n<meta property=\"og:description\" content=\"Voici une opportunit\u00e9 de cr\u00e9er un module compl\u00e9mentaire PrestaShop Portfolio et de l&#039;int\u00e9grer \u00e0 votre site Web. Vous b\u00e9n\u00e9ficierez d\u2019un service client gratuit \u00e0 vie.\" \/>\n<meta property=\"og:url\" content=\"https:\/\/elfsight.com\/fr\/portfolio-widget\/prestashop\/\" \/>\n<meta property=\"og:site_name\" content=\"Elfsight FR\" \/>\n<meta property=\"article:modified_time\" content=\"2025-07-10T12:41:50+00:00\" \/>\n<meta name=\"twitter:card\" content=\"summary_large_image\" \/>\n<meta name=\"twitter:label1\" content=\"Dur\u00e9e de lecture estim\u00e9e\" \/>\n\t<meta name=\"twitter:data1\" content=\"3 minutes\" \/>\n<!-- \/ Yoast SEO plugin. -->","yoast_head_json":{"title":"Addon Portfolio pour le site PrestaShop (gratuit et rapide)","description":"Voici une opportunit\u00e9 de cr\u00e9er un module compl\u00e9mentaire PrestaShop Portfolio et de l'int\u00e9grer \u00e0 votre site Web. Vous b\u00e9n\u00e9ficierez d\u2019un service client gratuit \u00e0 vie.","robots":{"index":"index","follow":"follow","max-snippet":"max-snippet:-1","max-image-preview":"max-image-preview:large","max-video-preview":"max-video-preview:-1"},"canonical":"https:\/\/elfsight.com\/fr\/portfolio-widget\/prestashop\/","og_locale":"fr_FR","og_type":"article","og_title":"Addon Portfolio pour le site PrestaShop (gratuit et rapide)","og_description":"Voici une opportunit\u00e9 de cr\u00e9er un module compl\u00e9mentaire PrestaShop Portfolio et de l'int\u00e9grer \u00e0 votre site Web. Vous b\u00e9n\u00e9ficierez d\u2019un service client gratuit \u00e0 vie.","og_url":"https:\/\/elfsight.com\/fr\/portfolio-widget\/prestashop\/","og_site_name":"Elfsight FR","article_modified_time":"2025-07-10T12:41:50+00:00","twitter_card":"summary_large_image","twitter_misc":{"Dur\u00e9e de lecture estim\u00e9e":"3 minutes"},"schema":{"@context":"https:\/\/schema.org","@graph":[{"@type":"WebPage","@id":"https:\/\/elfsight.com\/fr\/portfolio-widget\/prestashop\/","url":"https:\/\/elfsight.com\/fr\/portfolio-widget\/prestashop\/","name":"Addon Portfolio pour le site PrestaShop (gratuit et rapide)","isPartOf":{"@id":"https:\/\/elfsight.com\/fr\/#website"},"datePublished":"1970-01-01T00:00:00+00:00","dateModified":"2025-07-10T12:41:50+00:00","description":"Voici une opportunit\u00e9 de cr\u00e9er un module compl\u00e9mentaire PrestaShop Portfolio et de l'int\u00e9grer \u00e0 votre site Web. Vous b\u00e9n\u00e9ficierez d\u2019un service client gratuit \u00e0 vie.","breadcrumb":{"@id":"https:\/\/elfsight.com\/fr\/portfolio-widget\/prestashop\/#breadcrumb"},"inLanguage":"fr-FR","potentialAction":[{"@type":"ReadAction","target":["https:\/\/elfsight.com\/fr\/portfolio-widget\/prestashop\/"]}]},{"@type":"BreadcrumbList","@id":"https:\/\/elfsight.com\/fr\/portfolio-widget\/prestashop\/#breadcrumb","itemListElement":[{"@type":"ListItem","position":1,"name":"Home","item":"https:\/\/elfsight.com\/fr\/"},{"@type":"ListItem","position":2,"name":"Portfolio","item":"https:\/\/elfsight.com\/fr\/portfolio-widget\/"},{"@type":"ListItem","position":3,"name":"Portfolio &#8211; PrestaShop"}]},{"@type":"WebSite","@id":"https:\/\/elfsight.com\/fr\/#website","url":"https:\/\/elfsight.com\/fr\/","name":"Elfsight FR","description":"","potentialAction":[{"@type":"SearchAction","target":{"@type":"EntryPoint","urlTemplate":"https:\/\/elfsight.com\/fr\/?s={search_term_string}"},"query-input":{"@type":"PropertyValueSpecification","valueRequired":true,"valueName":"search_term_string"}}],"inLanguage":"fr-FR"}]}},"meta_box":{"industry":"","seo_heading":"","heading":"","description":"","cta_heading":"","cta_description":"","application":"2588","h1":"Mod\u00e8le de portefeuille PrestaShop","h1_caption":"Affichez votre travail dans un portfolio personnalisable, ce qui facilite la pr\u00e9sentation de vos projets et r\u00e9alisations sur votre site Web Prestashop sans effort.","application_category":[],"applications_title":"","applications_request_title":"","applications_request_button_text":"","hero_text":"","hero_video":"","hero_video_schema_markup":"","selling_points_title":"","selling_points_caption":"","selling_points":[],"selling_points_cta_text":"","features_title":"","features":"","ed_cta_examples_text":"","ed_cta_examples_hidden":"","ed_cta_demo_text":"","ed_cta_demo_hidden":"","why_caption":"","why_editor_title":"","why_editor_text":"","why_team_title":"","why_team_text":"","why_service_title":"","why_service_text":"","template_catalog_visible":"","template_catalog_title":"","template_catalog_text":"","template_catalog_categories_visible":"","demo_title":"Cr\u00e9ez votre module compl\u00e9mentaire Portfolio","demo_caption":"Configurez votre Portfolio et ajoutez-le \u00e0 votre site PrestaShop gratuitement !","default_faq_hidden":"","app_template_category":[],"platform":"3190","template_public_id":"","codecanyon_url":"","codecanyon_item_id":"","codecanyon_price":"","pricing_caption":"","pricing_elfsight_apps_hide_column":"","pricing_elfsight_apps_url":"","pricing_codecanyon_price_caption":"","integration_category":[],"integration_request_title":"","integration_request_cta":"","integration_platform":"","integrations":[],"platform_category":[],"video_schema_markup":"","price":"\u00e0 partir de 0$ \/ mois","trial":"","benefits":[{"text":"Aide \u00e0 l'installation gratuite"},{"text":"Support client exp\u00e9riment\u00e9"},{"text":"Garantie de remboursement de 14 jours"},{"text":"Mise \u00e0 jour constante"}],"button_url":"","button_target_blank":"","button_nofollow":"","attributes":[{"name":"Installations","content":"10,000 - 100,000"},{"name":"Sensible","content":"Oui"},{"name":"Navigateurs compatibles","content":"Firefox, Safari, Opera, Chrome, Edge"}],"tags":[],"tags_disable_links":"","hide_more_platforms":"","video_object":"","demo_hide_cta":"","demo_hide_cloud_options":"","pricing_title":"","pricing":[{"pricing_icon":"platform","pricing_title":"Elfsight Apps","pricing_title_caption":"Solution ind\u00e9pendante de la plate-forme qui s'adapte \u00e0 n'importe quel site","pricing_price":"from $0 \/ month","pricing_price_caption":"commencez avec un forfait gratuit","pricing_benefits":[{"text":"Sites Web illimit\u00e9s"},{"text":"Assistance rapide de l'entreprise"},{"text":"Aide \u00e0 l'installation gratuite"},{"text":"Conception flexible"}],"pricing_button_text":"Ajouter au site Web","pricing_button_url":"#demo"}],"related_apps_title":"","related_apps_hidden":"","author":"","image":[],"title":"","job":"","social_networks":[]},"_links":{"self":[{"href":"https:\/\/elfsight.com\/fr\/wp-json\/wp\/v2\/pages\/9818","targetHints":{"allow":["GET"]}}],"collection":[{"href":"https:\/\/elfsight.com\/fr\/wp-json\/wp\/v2\/pages"}],"about":[{"href":"https:\/\/elfsight.com\/fr\/wp-json\/wp\/v2\/types\/page"}],"author":[{"embeddable":true,"href":"https:\/\/elfsight.com\/fr\/wp-json\/wp\/v2\/users\/9"}],"replies":[{"embeddable":true,"href":"https:\/\/elfsight.com\/fr\/wp-json\/wp\/v2\/comments?post=9818"}],"version-history":[{"count":1,"href":"https:\/\/elfsight.com\/fr\/wp-json\/wp\/v2\/pages\/9818\/revisions"}],"predecessor-version":[{"id":9822,"href":"https:\/\/elfsight.com\/fr\/wp-json\/wp\/v2\/pages\/9818\/revisions\/9822"}],"up":[{"embeddable":true,"href":"https:\/\/elfsight.com\/fr\/wp-json\/wp\/v2\/pages\/2589"}],"wp:attachment":[{"href":"https:\/\/elfsight.com\/fr\/wp-json\/wp\/v2\/media?parent=9818"}],"curies":[{"name":"wp","href":"https:\/\/api.w.org\/{rel}","templated":true}]}}