{"id":981,"date":"2020-06-30T13:44:58","date_gmt":"2020-06-30T13:44:58","guid":{"rendered":"https:\/\/elfsight.com\/fr\/?page_id=981"},"modified":"2024-07-17T10:59:18","modified_gmt":"2024-07-17T10:59:18","slug":"examples","status":"publish","type":"page","link":"https:\/\/elfsight.com\/fr\/popup-widget\/examples\/","title":{"rendered":"Popup &#8211; Examples"},"content":{"rendered":"\n<div class=\"application-examples-item application-examples-item-loading\">\n                            <div class=\"col-row\">\n                                <div class=\"col-6 col-m-8 col-s-12\"><h3 class=\"application-examples-item-title\">Popup example 1: Vente de No\u00ebl<\/h3><div class=\"application-examples-item-description\">Cette fen\u00eatre contextuelle sur le th\u00e8me de No\u00ebl est un moyen id\u00e9al pour promouvoir votre vente saisonni\u00e8re. Il sert non seulement d'annonce accrocheuse, mais aide \u00e9galement les gens \u00e0 utiliser un coupon de r\u00e9duction - il suffit de cliquer dessus pour le copier. Un bouton CTA rouge est li\u00e9 \u00e0 la page de vente et m\u00e8ne les utilisateurs directement sur le site. Vous pouvez \u00e9galement choisir parmi 6 d\u00e9clencheurs de popup pour faire appara\u00eetre le popup au bon moment.<\/div><\/div>\n                <\/div>\n\n                <div class=\"application-examples-item-iframe-container browser-frame\">\n                    <div class=\"application-examples-item-iframe-wrapper\">\n                        <iframe class=\"application-examples-item-iframe application-examples-item-iframe-fixed-height\" data-src=\"https:\/\/elfsight.com\/examples?widget_id=12c17a3e-255a-4a2d-a4c7-fae77b948178&padding=28px+40px+40px\" width=\"100%\" height=\"600\" allow=\"autoplay; fullscreen\"><\/iframe>\n                    <\/div>\n\n                    <div class=\"application-examples-item-loader\"><\/div>\n                <\/div>\n            <\/div>\n\n<div class=\"application-examples-item application-examples-item-loading\">\n                            <div class=\"col-row\">\n                                <div class=\"col-6 col-m-8 col-s-12\"><h3 class=\"application-examples-item-title\">Popup example 2: Annonce<\/h3><div class=\"application-examples-item-description\">Une belle fen\u00eatre contextuelle est tout ce dont vous avez besoin pour annoncer votre nouveau produit, l'offre en vedette, l'\u00e9v\u00e9nement \u00e0 venir ou une autre information ptomo importante. Cr\u00e9ez votre popup avec une image tentante, un texte informatif et un bouton, comme dans cet exemple. Vous pouvez faire varier la couleur des \u00e9l\u00e9ments et les tailles de police. Les utilisateurs peuvent fermer la fen\u00eatre contextuelle en utilisant une croix famili\u00e8re dans le coin sup\u00e9rieur droit.<\/div><\/div>\n                <\/div>\n\n                <div class=\"application-examples-item-iframe-container browser-frame\">\n                    <div class=\"application-examples-item-iframe-wrapper\">\n                        <iframe class=\"application-examples-item-iframe application-examples-item-iframe-fixed-height\" data-src=\"https:\/\/elfsight.com\/examples?widget_id=90471ebf-6155-4d01-99cb-0880afa5bbe5&padding=28px+40px+40px\" width=\"100%\" height=\"600\" allow=\"autoplay; fullscreen\"><\/iframe>\n                    <\/div>\n\n                    <div class=\"application-examples-item-loader\"><\/div>\n                <\/div>\n            <\/div>\n\n<div class=\"application-cta-create\">\n                    <div class=\"application-cta-create-bg\">\n                        <div class=\"application-cta-create-bg-left\"><\/div>\n\n                        <div class=\"application-cta-create-bg-right\">\n                            <img decoding=\"async\" src=\"https:\/\/elfsight.com\/fr\/wp-content\/themes\/elfsight\/frontend\/assets\/img\/application-cta-create.jpg\" alt=\"Commencez par cr\u00e9er votre widget\">\n                        <\/div>\n                    <\/div>\n\n                    <div class=\"application-cta-create-content inner\">\n                        <div class=\"application-cta-create-content-inner\">\n                            <div class=\"application-cta-create-content-icon\">\n                                <svg viewBox=\"0 0 25 25\" width=\"100%\" height=\"100%\">\n                                    <use xlink:href=\"#icon-settings\"><\/use>\n                                <\/svg>\n                            <\/div>\n\n                            <div class=\"application-cta-create-content-title\">Commencez par cr\u00e9er votre widget<\/div>\n\n                            <div class=\"application-cta-create-content-text\">Vite. Facile. Pas de codage.<\/div>\n\n                            <a class=\"application-cta-create-content-button button-48 button-has-right-icon button-black button\" href=\"\">\n                                <span class=\"button-label\">Cr\u00e9er un widget<\/span>\n\n                                <svg class=\"button-icon\">\n                                    <use xlink:href=\"#icon-arrow-link\"><\/use>\n                                <\/svg>\n                            <\/a>\n                        <\/div>\n                    <\/div>\n                <\/div>\n\n<div class=\"application-examples-item application-examples-item-loading\">\n                            <div class=\"col-row\">\n                                <div class=\"col-6 col-m-8 col-s-12\"><h3 class=\"application-examples-item-title\">Popup example 3: Notification de vente<\/h3><div class=\"application-examples-item-description\">Pour cr\u00e9er une fen\u00eatre contextuelle discr\u00e8te, vous pouvez utiliser l'une de nos dispositions Side-In. Ils font appara\u00eetre votre fen\u00eatre contextuelle de taille modeste. La fen\u00eatre contextuelle ne donne que les informations les plus importantes et dispose d'un bouton CTA. Il rend la fen\u00eatre contextuelle plus douce et subtile pour enregistrer une exp\u00e9rience utilisateur positive sur votre site. Et vous pouvez \u00e9galement choisir les pages exactes o\u00f9 vous avez besoin de votre popup.<\/div><\/div>\n                <\/div>\n\n                <div class=\"application-examples-item-iframe-container browser-frame\">\n                    <div class=\"application-examples-item-iframe-wrapper\">\n                        <iframe class=\"application-examples-item-iframe application-examples-item-iframe-fixed-height\" data-src=\"https:\/\/elfsight.com\/examples?widget_id=e6375ccd-e297-4380-ad5e-2b9a52f9c27e&padding=28px+40px+40px\" width=\"100%\" height=\"600\" allow=\"autoplay; fullscreen\"><\/iframe>\n                    <\/div>\n\n                    <div class=\"application-examples-item-loader\"><\/div>\n                <\/div>\n            <\/div>\n\n<div class=\"application-examples-item application-examples-item-loading\">\n                            <div class=\"col-row\">\n                                <div class=\"col-6 col-m-8 col-s-12\"><h3 class=\"application-examples-item-title\">Popup example 4: Intention de sortie<\/h3><div class=\"application-examples-item-description\">Cette popup remplit tout l'espace de la page et ne laisse aux utilisateurs d'autre choix que d'interagir. Cela est possible gr\u00e2ce \u00e0 la taille du widget adaptatif, qui remplit tout l'espace libre si vous d\u00e9finissez la taille automatique. Une image personnalis\u00e9e est t\u00e9l\u00e9charg\u00e9e pour servir une image de fond de superposition et tous les \u00e9l\u00e9ments sont align\u00e9s au centre. Le widget appara\u00eet lorsqu'un utilisateur va quitter la page et d\u00e9place le curseur vers la fermeture. Et vous pouvez \u00e9galement choisir d'autres d\u00e9clencheurs et la cat\u00e9gorie de visiteurs qui verront le widget.<\/div><\/div>\n                <\/div>\n\n                <div class=\"application-examples-item-iframe-container browser-frame\">\n                    <div class=\"application-examples-item-iframe-wrapper\">\n                        <iframe class=\"application-examples-item-iframe application-examples-item-iframe-fixed-height\" data-src=\"https:\/\/elfsight.com\/examples?widget_id=49bbb12b-b8eb-4dbe-bdf8-5f49651f74bf&padding=28px+40px+40px\" width=\"100%\" height=\"600\" allow=\"autoplay; fullscreen\"><\/iframe>\n                    <\/div>\n\n                    <div class=\"application-examples-item-loader\"><\/div>\n                <\/div>\n            <\/div>\n","protected":false},"excerpt":{"rendered":"","protected":false},"author":9,"featured_media":0,"parent":968,"menu_order":0,"comment_status":"closed","ping_status":"closed","template":"templates\/template-application-examples.php","meta":{"publish_to_discourse":"","publish_post_category":"","wpdc_auto_publish_overridden":"","wpdc_topic_tags":"","wpdc_pin_topic":"","wpdc_pin_until":"","discourse_post_id":"","discourse_permalink":"","wpdc_publishing_response":"","wpdc_publishing_error":"","footnotes":""},"class_list":["post-981","page","type-page","status-publish","hentry"],"yoast_head":"<!-- This site is optimized with the Yoast SEO plugin v25.3.1 - https:\/\/yoast.com\/wordpress\/plugins\/seo\/ -->\n<title>Les exemples de Popup du site TOP 4 (les meilleurs en 2025)<\/title>\n<meta name=\"description\" content=\"Top 4 des exemples de widgets de pop-up de site Web: vente de No\u00ebl, annonce, notification ou plug-in pop-up Exit Intent pour votre site Web.\" \/>\n<meta name=\"robots\" content=\"index, follow, max-snippet:-1, max-image-preview:large, max-video-preview:-1\" \/>\n<link rel=\"canonical\" href=\"https:\/\/elfsight.com\/fr\/popup-widget\/examples\/\" \/>\n<meta property=\"og:locale\" content=\"fr_FR\" \/>\n<meta property=\"og:type\" content=\"article\" \/>\n<meta property=\"og:title\" content=\"Les exemples de Popup du site TOP 4 (les meilleurs en 2025)\" \/>\n<meta property=\"og:description\" content=\"Top 4 des exemples de widgets de pop-up de site Web: vente de No\u00ebl, annonce, notification ou plug-in pop-up Exit Intent pour votre site Web.\" \/>\n<meta property=\"og:url\" content=\"https:\/\/elfsight.com\/fr\/popup-widget\/examples\/\" \/>\n<meta property=\"og:site_name\" content=\"Elfsight FR\" \/>\n<meta property=\"article:modified_time\" content=\"2024-07-17T10:59:18+00:00\" \/>\n<meta name=\"twitter:card\" content=\"summary_large_image\" \/>\n<meta name=\"twitter:label1\" content=\"Dur\u00e9e de lecture estim\u00e9e\" \/>\n\t<meta name=\"twitter:data1\" content=\"2 minutes\" \/>\n<!-- \/ Yoast SEO plugin. -->","yoast_head_json":{"title":"Les exemples de Popup du site TOP 4 (les meilleurs en 2025)","description":"Top 4 des exemples de widgets de pop-up de site Web: vente de No\u00ebl, annonce, notification ou plug-in pop-up Exit Intent pour votre site Web.","robots":{"index":"index","follow":"follow","max-snippet":"max-snippet:-1","max-image-preview":"max-image-preview:large","max-video-preview":"max-video-preview:-1"},"canonical":"https:\/\/elfsight.com\/fr\/popup-widget\/examples\/","og_locale":"fr_FR","og_type":"article","og_title":"Les exemples de Popup du site TOP 4 (les meilleurs en 2025)","og_description":"Top 4 des exemples de widgets de pop-up de site Web: vente de No\u00ebl, annonce, notification ou plug-in pop-up Exit Intent pour votre site Web.","og_url":"https:\/\/elfsight.com\/fr\/popup-widget\/examples\/","og_site_name":"Elfsight FR","article_modified_time":"2024-07-17T10:59:18+00:00","twitter_card":"summary_large_image","twitter_misc":{"Dur\u00e9e de lecture estim\u00e9e":"2 minutes"},"schema":{"@context":"https:\/\/schema.org","@graph":[{"@type":"WebPage","@id":"https:\/\/elfsight.com\/fr\/popup-widget\/examples\/","url":"https:\/\/elfsight.com\/fr\/popup-widget\/examples\/","name":"Les exemples de Popup du site TOP 4 (les meilleurs en 2025)","isPartOf":{"@id":"https:\/\/elfsight.com\/fr\/#website"},"datePublished":"2020-06-30T13:44:58+00:00","dateModified":"2024-07-17T10:59:18+00:00","description":"Top 4 des exemples de widgets de pop-up de site Web: vente de No\u00ebl, annonce, notification ou plug-in pop-up Exit Intent pour votre site Web.","breadcrumb":{"@id":"https:\/\/elfsight.com\/fr\/popup-widget\/examples\/#breadcrumb"},"inLanguage":"fr-FR","potentialAction":[{"@type":"ReadAction","target":["https:\/\/elfsight.com\/fr\/popup-widget\/examples\/"]}]},{"@type":"BreadcrumbList","@id":"https:\/\/elfsight.com\/fr\/popup-widget\/examples\/#breadcrumb","itemListElement":[{"@type":"ListItem","position":1,"name":"Home","item":"https:\/\/elfsight.com\/fr\/"},{"@type":"ListItem","position":2,"name":"Popup","item":"https:\/\/elfsight.com\/fr\/popup-widget\/"},{"@type":"ListItem","position":3,"name":"Popup &#8211; Examples"}]},{"@type":"WebSite","@id":"https:\/\/elfsight.com\/fr\/#website","url":"https:\/\/elfsight.com\/fr\/","name":"Elfsight FR","description":"","potentialAction":[{"@type":"SearchAction","target":{"@type":"EntryPoint","urlTemplate":"https:\/\/elfsight.com\/fr\/?s={search_term_string}"},"query-input":{"@type":"PropertyValueSpecification","valueRequired":true,"valueName":"search_term_string"}}],"inLanguage":"fr-FR"}]}},"meta_box":{"industry":"","seo_heading":"","heading":"","description":"","cta_heading":"","cta_description":"","application":"965","h1":"","h1_caption":"Consultez les exemples contextuels pour r\u00e9v\u00e9ler tout le potentiel du widget. Assurez-vous qu'il conviendra \u00e0 tous vos objectifs.","application_category":[],"applications_title":"","applications_request_title":"","applications_request_button_text":"","hero_text":"","hero_video":"","hero_video_schema_markup":"","selling_points_title":"","selling_points_caption":"","selling_points":[],"selling_points_cta_text":"","features_title":"","features":"","ed_cta_examples_text":"","ed_cta_examples_hidden":"","ed_cta_demo_text":"","ed_cta_demo_hidden":"","why_caption":"","why_editor_title":"","why_editor_text":"","why_team_title":"","why_team_text":"","why_service_title":"","why_service_text":"","template_catalog_visible":"","template_catalog_title":"","template_catalog_text":"","template_catalog_categories_visible":"","demo_title":"","demo_caption":"","default_faq_hidden":"","app_template_category":[],"platform":"","template_public_id":"","codecanyon_url":"","codecanyon_item_id":"","codecanyon_price":"","pricing_caption":"","pricing_elfsight_apps_hide_column":"","pricing_elfsight_apps_url":"","pricing_codecanyon_price_caption":"","integration_category":[],"integration_request_title":"","integration_request_cta":"","integration_platform":"","integrations":[],"platform_category":[],"video_schema_markup":"","price":"","trial":"","benefits":[],"button_url":"","button_target_blank":"","button_nofollow":"","attributes":[],"tags":[],"tags_disable_links":"","hide_more_platforms":"","video_object":"","demo_hide_cta":"","demo_hide_cloud_options":"","pricing_title":"","pricing":[],"related_apps_title":"","related_apps_hidden":"","author":"","image":[],"title":"","job":"","social_networks":[]},"_links":{"self":[{"href":"https:\/\/elfsight.com\/fr\/wp-json\/wp\/v2\/pages\/981","targetHints":{"allow":["GET"]}}],"collection":[{"href":"https:\/\/elfsight.com\/fr\/wp-json\/wp\/v2\/pages"}],"about":[{"href":"https:\/\/elfsight.com\/fr\/wp-json\/wp\/v2\/types\/page"}],"author":[{"embeddable":true,"href":"https:\/\/elfsight.com\/fr\/wp-json\/wp\/v2\/users\/9"}],"replies":[{"embeddable":true,"href":"https:\/\/elfsight.com\/fr\/wp-json\/wp\/v2\/comments?post=981"}],"version-history":[{"count":6,"href":"https:\/\/elfsight.com\/fr\/wp-json\/wp\/v2\/pages\/981\/revisions"}],"predecessor-version":[{"id":14168,"href":"https:\/\/elfsight.com\/fr\/wp-json\/wp\/v2\/pages\/981\/revisions\/14168"}],"up":[{"embeddable":true,"href":"https:\/\/elfsight.com\/fr\/wp-json\/wp\/v2\/pages\/968"}],"wp:attachment":[{"href":"https:\/\/elfsight.com\/fr\/wp-json\/wp\/v2\/media?parent=981"}],"curies":[{"name":"wp","href":"https:\/\/api.w.org\/{rel}","templated":true}]}}