{"id":9757,"date":"1970-01-01T00:00:00","date_gmt":"1970-01-01T00:00:00","guid":{"rendered":"https:\/\/elfsight.com\/fr\/?page_id=9757"},"modified":"2025-07-10T12:26:44","modified_gmt":"2025-07-10T12:26:44","slug":"bigcommerce","status":"publish","type":"page","link":"https:\/\/elfsight.com\/fr\/podcast-player-widget\/bigcommerce\/","title":{"rendered":"Podcast Player &#8211; BigCommerce"},"content":{"rendered":"<div class=\"application-platform-content-item-description application-platform-content-item\" id=\"description\" data-nav-section=\"description\"> <h2>Description<\/h2> <p>Elfsight Podcast Player est une application simple pour BigCommerce qui vous permet de diffuser des podcasts directement sur votre site. Le widget est extr\u00eamement modifiable\u00a0: vous pouvez modifier son emplacement, l&rsquo;installer n&rsquo;importe o\u00f9 sur la page, redimensionner sa taille, repeindre l&rsquo;arri\u00e8re-plan et tous les autres \u00e9l\u00e9ments pour le combiner avec le style de votre site Web, utiliser un th\u00e8me sombre, afficher des images et afficher ou masquer. 3 composants de lecteur suppl\u00e9mentaires comme la barre de progression et bien d&rsquo;autres. Engagez votre public, activez la lecture automatique et n&rsquo;ayez aucun doute\u00a0: vos visiteurs ne quitteront pas votre page d&rsquo;accueil imm\u00e9diatement\u00a0! <\/p> <p><b>Engagez vos visiteurs en leur fournissant du mat\u00e9riel utile et int\u00e9ressant en utilisant Elfsight Podcast Player<\/b><\/p> <\/div> <div class=\"application-platform-content-item-features application-platform-content-item\" id=\"features\" data-nav-section=\"features\"> <h2>Voir le liste des caract\u00e9ristiques les plus importantes\u00a0: <\/h2> <ul><li>Diverses modifications de couleurs. <\/li><li>2 mises en page disponibles. <\/li><li>Possibilit\u00e9 d&rsquo;ajouter une image d&rsquo;arri\u00e8re-plan. <\/li><li>Ajoutez un nombre illimit\u00e9 de pistes. <\/li><li>Une option pour fa\u00e7onner votre th\u00e8me de couleurs personnalis\u00e9. <\/li><\/ul><p><a href=\"#demo\">Vous pouvez v\u00e9rifier si l&rsquo;application est faite pour vous en essayant la d\u00e9mo<\/a><\/p> <\/div> <div class=\"application-platform-content-item- installation application-platform-content-item\" id=\" installation\" data-nav-section=\" installation\"> <h2>Comment puis-je ajouter Podcast Player \u00e0 mon site Web BigCommerce\u00a0? <\/h2><div class=\"video-container\"><iframe width=\"720\" height=\"405\" src=\"https:\/\/www.youtube.com\/embed\/tS1votuuvSY\" frameborder=\"0\" allowfullscreen><\/iframe><\/div><p>Appliquez simplement les instructions ci-dessous pour commencer \u00e0 travailler avec l&rsquo;outil. <\/p> <ol><li><b>Utilisez notre d\u00e9mo gratuite et commencez \u00e0 cr\u00e9er votre widget personnalis\u00e9. <\/b><br> Sp\u00e9cifiez l&rsquo;interface personnalis\u00e9e et les options du widget et appliquez toutes les corrections. <\/li> <li><b>Obtenez le code personnel d\u00e9montr\u00e9 dans le formulaire sp\u00e9cial sur Elfsight Apps. <\/b><br> Une fois la configuration de votre widget personnel termin\u00e9e, copiez le code individuel dans la fen\u00eatre contextuelle qui appara\u00eet et enregistrez-le pour une utilisation ult\u00e9rieure. <\/li> <li><b>Initier l&rsquo;utilisation du widget sur le site BigCommerce. <\/b><br> Impl\u00e9mentez le code copi\u00e9 r\u00e9cemment dans votre site Web et enregistrez les modifications. <\/li> <li><b>L&rsquo;installation est effectu\u00e9e avec succ\u00e8s. <\/b><br> Visitez votre page Web pour inspecter les performances du widget. <\/li><\/ol><p>Si vous avez des questions ou rencontrez des probl\u00e8mes, n&rsquo;h\u00e9sitez pas \u00e0 contacter notre service client. Nos consultants sont impatients de r\u00e9soudre toutes les questions que vous pourriez avoir avec le plugin. <\/p> <\/div>","protected":false},"excerpt":{"rendered":"","protected":false},"author":9,"featured_media":0,"parent":2529,"menu_order":0,"comment_status":"closed","ping_status":"closed","template":"templates\/template-application-platform.php","meta":{"publish_to_discourse":"","publish_post_category":"","wpdc_auto_publish_overridden":"","wpdc_topic_tags":"","wpdc_pin_topic":"","wpdc_pin_until":"","discourse_post_id":"","discourse_permalink":"","wpdc_publishing_response":"","wpdc_publishing_error":"","footnotes":""},"class_list":["post-9757","page","type-page","status-publish","hentry"],"yoast_head":"<!-- This site is optimized with the Yoast SEO plugin v25.3.1 - https:\/\/yoast.com\/wordpress\/plugins\/seo\/ -->\n<title>Elfsight Podcast Player pour le site Web BigCommerce (rapide et gratuit)<\/title>\n<meta name=\"description\" content=\"Utilisez notre d\u00e9mo accessible et introduisez un lecteur de podcast r\u00e9actif sur votre page Web BigCommerce. Impl\u00e9mentez notre d\u00e9mo g\u00e9rable et cr\u00e9ez votre plugin sur mesure en 1-2-3\u00a0!\" \/>\n<meta name=\"robots\" content=\"index, follow, max-snippet:-1, max-image-preview:large, max-video-preview:-1\" \/>\n<link rel=\"canonical\" href=\"https:\/\/elfsight.com\/fr\/podcast-player-widget\/bigcommerce\/\" \/>\n<meta property=\"og:locale\" content=\"fr_FR\" \/>\n<meta property=\"og:type\" content=\"article\" \/>\n<meta property=\"og:title\" content=\"Elfsight Podcast Player pour le site Web BigCommerce (rapide et gratuit)\" \/>\n<meta property=\"og:description\" content=\"Utilisez notre d\u00e9mo accessible et introduisez un lecteur de podcast r\u00e9actif sur votre page Web BigCommerce. Impl\u00e9mentez notre d\u00e9mo g\u00e9rable et cr\u00e9ez votre plugin sur mesure en 1-2-3\u00a0!\" \/>\n<meta property=\"og:url\" content=\"https:\/\/elfsight.com\/fr\/podcast-player-widget\/bigcommerce\/\" \/>\n<meta property=\"og:site_name\" content=\"Elfsight FR\" \/>\n<meta property=\"article:modified_time\" content=\"2025-07-10T12:26:44+00:00\" \/>\n<meta name=\"twitter:card\" content=\"summary_large_image\" \/>\n<meta name=\"twitter:label1\" content=\"Dur\u00e9e de lecture estim\u00e9e\" \/>\n\t<meta name=\"twitter:data1\" content=\"2 minutes\" \/>\n<!-- \/ Yoast SEO plugin. -->","yoast_head_json":{"title":"Elfsight Podcast Player pour le site Web BigCommerce (rapide et gratuit)","description":"Utilisez notre d\u00e9mo accessible et introduisez un lecteur de podcast r\u00e9actif sur votre page Web BigCommerce. Impl\u00e9mentez notre d\u00e9mo g\u00e9rable et cr\u00e9ez votre plugin sur mesure en 1-2-3\u00a0!","robots":{"index":"index","follow":"follow","max-snippet":"max-snippet:-1","max-image-preview":"max-image-preview:large","max-video-preview":"max-video-preview:-1"},"canonical":"https:\/\/elfsight.com\/fr\/podcast-player-widget\/bigcommerce\/","og_locale":"fr_FR","og_type":"article","og_title":"Elfsight Podcast Player pour le site Web BigCommerce (rapide et gratuit)","og_description":"Utilisez notre d\u00e9mo accessible et introduisez un lecteur de podcast r\u00e9actif sur votre page Web BigCommerce. Impl\u00e9mentez notre d\u00e9mo g\u00e9rable et cr\u00e9ez votre plugin sur mesure en 1-2-3\u00a0!","og_url":"https:\/\/elfsight.com\/fr\/podcast-player-widget\/bigcommerce\/","og_site_name":"Elfsight FR","article_modified_time":"2025-07-10T12:26:44+00:00","twitter_card":"summary_large_image","twitter_misc":{"Dur\u00e9e de lecture estim\u00e9e":"2 minutes"},"schema":{"@context":"https:\/\/schema.org","@graph":[{"@type":"WebPage","@id":"https:\/\/elfsight.com\/fr\/podcast-player-widget\/bigcommerce\/","url":"https:\/\/elfsight.com\/fr\/podcast-player-widget\/bigcommerce\/","name":"Elfsight Podcast Player pour le site Web BigCommerce (rapide et gratuit)","isPartOf":{"@id":"https:\/\/elfsight.com\/fr\/#website"},"datePublished":"1970-01-01T00:00:00+00:00","dateModified":"2025-07-10T12:26:44+00:00","description":"Utilisez notre d\u00e9mo accessible et introduisez un lecteur de podcast r\u00e9actif sur votre page Web BigCommerce. Impl\u00e9mentez notre d\u00e9mo g\u00e9rable et cr\u00e9ez votre plugin sur mesure en 1-2-3\u00a0!","breadcrumb":{"@id":"https:\/\/elfsight.com\/fr\/podcast-player-widget\/bigcommerce\/#breadcrumb"},"inLanguage":"fr-FR","potentialAction":[{"@type":"ReadAction","target":["https:\/\/elfsight.com\/fr\/podcast-player-widget\/bigcommerce\/"]}]},{"@type":"BreadcrumbList","@id":"https:\/\/elfsight.com\/fr\/podcast-player-widget\/bigcommerce\/#breadcrumb","itemListElement":[{"@type":"ListItem","position":1,"name":"Home","item":"https:\/\/elfsight.com\/fr\/"},{"@type":"ListItem","position":2,"name":"Podcast Player","item":"https:\/\/elfsight.com\/fr\/podcast-player-widget\/"},{"@type":"ListItem","position":3,"name":"Podcast Player &#8211; BigCommerce"}]},{"@type":"WebSite","@id":"https:\/\/elfsight.com\/fr\/#website","url":"https:\/\/elfsight.com\/fr\/","name":"Elfsight FR","description":"","potentialAction":[{"@type":"SearchAction","target":{"@type":"EntryPoint","urlTemplate":"https:\/\/elfsight.com\/fr\/?s={search_term_string}"},"query-input":{"@type":"PropertyValueSpecification","valueRequired":true,"valueName":"search_term_string"}}],"inLanguage":"fr-FR"}]}},"meta_box":{"industry":"","seo_heading":"","heading":"","description":"","cta_heading":"","cta_description":"","application":"2528","h1":"Application Lecteur de podcast BigCommerce","h1_caption":"Int\u00e9grez un lecteur de podcast directement sur votre site Web, permettant aux utilisateurs d'\u00e9couter vos \u00e9pisodes sans quitter la page de votre site Web BigCommerce, sans effort.","application_category":[],"applications_title":"","applications_request_title":"","applications_request_button_text":"","hero_text":"","hero_video":"","hero_video_schema_markup":"","selling_points_title":"","selling_points_caption":"","selling_points":[],"selling_points_cta_text":"","features_title":"","features":"","ed_cta_examples_text":"","ed_cta_examples_hidden":"","ed_cta_demo_text":"","ed_cta_demo_hidden":"","why_caption":"","why_editor_title":"","why_editor_text":"","why_team_title":"","why_team_text":"","why_service_title":"","why_service_text":"","template_catalog_visible":"","template_catalog_title":"","template_catalog_text":"","template_catalog_categories_visible":"","demo_title":"Cr\u00e9ez votre application Podcast Player","demo_caption":"Configurez votre Podcast Player et ajoutez-le gratuitement \u00e0 votre site Web BigCommerce\u00a0!","default_faq_hidden":"","app_template_category":[],"platform":"347","template_public_id":"","codecanyon_url":"","codecanyon_item_id":"","codecanyon_price":"","pricing_caption":"","pricing_elfsight_apps_hide_column":"","pricing_elfsight_apps_url":"","pricing_codecanyon_price_caption":"","integration_category":[],"integration_request_title":"","integration_request_cta":"","integration_platform":"","integrations":[],"platform_category":[],"video_schema_markup":"","price":"\u00e0 partir de 0$ \/ mois","trial":"","benefits":[{"text":"Aide \u00e0 l'installation gratuite"},{"text":"Assistance premium"},{"text":"Garantie de remboursement de 14 jours"},{"text":"Am\u00e9liorations gratuites r\u00e9guli\u00e8res"}],"button_url":"","button_target_blank":"","button_nofollow":"","attributes":[{"name":"Installations","content":"10,000 - 100,000"},{"name":"Sensible","content":"Oui"},{"name":"Navigateurs compatibles","content":"Firefox, Safari, Opera, Chrome, Edge"}],"tags":[],"tags_disable_links":"","hide_more_platforms":"","video_object":"","demo_hide_cta":"","demo_hide_cloud_options":"","pricing_title":"","pricing":[{"pricing_icon":"platform","pricing_title":"Elfsight Apps","pricing_title_caption":"Version ind\u00e9pendante de la plate-forme qui convient \u00e0 n'importe quel site Web","pricing_price":"from $0 \/ month","pricing_price_caption":"commencez avec un forfait gratuit","pricing_benefits":[{"text":"Domaines illimit\u00e9s"},{"text":"Assistance rapide et ponctuelle et bien document\u00e9e"},{"text":"Service d'installation gratuit"},{"text":"Conception flexible"}],"pricing_button_text":"Ajouter au site Web","pricing_button_url":"#demo"}],"related_apps_title":"","related_apps_hidden":"","author":"","image":[],"title":"","job":"","social_networks":[]},"_links":{"self":[{"href":"https:\/\/elfsight.com\/fr\/wp-json\/wp\/v2\/pages\/9757","targetHints":{"allow":["GET"]}}],"collection":[{"href":"https:\/\/elfsight.com\/fr\/wp-json\/wp\/v2\/pages"}],"about":[{"href":"https:\/\/elfsight.com\/fr\/wp-json\/wp\/v2\/types\/page"}],"author":[{"embeddable":true,"href":"https:\/\/elfsight.com\/fr\/wp-json\/wp\/v2\/users\/9"}],"replies":[{"embeddable":true,"href":"https:\/\/elfsight.com\/fr\/wp-json\/wp\/v2\/comments?post=9757"}],"version-history":[{"count":2,"href":"https:\/\/elfsight.com\/fr\/wp-json\/wp\/v2\/pages\/9757\/revisions"}],"predecessor-version":[{"id":14912,"href":"https:\/\/elfsight.com\/fr\/wp-json\/wp\/v2\/pages\/9757\/revisions\/14912"}],"up":[{"embeddable":true,"href":"https:\/\/elfsight.com\/fr\/wp-json\/wp\/v2\/pages\/2529"}],"wp:attachment":[{"href":"https:\/\/elfsight.com\/fr\/wp-json\/wp\/v2\/media?parent=9757"}],"curies":[{"name":"wp","href":"https:\/\/api.w.org\/{rel}","templated":true}]}}