{"id":9755,"date":"1970-01-01T00:00:00","date_gmt":"1970-01-01T00:00:00","guid":{"rendered":"https:\/\/elfsight.com\/fr\/?page_id=9755"},"modified":"2025-07-10T12:31:52","modified_gmt":"2025-07-10T12:31:52","slug":"blogger","status":"publish","type":"page","link":"https:\/\/elfsight.com\/fr\/podcast-player-widget\/blogger\/","title":{"rendered":"Podcast Player &#8211; Blogger"},"content":{"rendered":"<div class=\"application-platform-content-item-description application-platform-content-item\" id=\"description\" data-nav-section=\"description\"> <h2>Description<\/h2> <p>Elfsight Podcast Player est un simple plugin pour les sites Web Blogger vous permettant de lire des podcasts directement sur votre page Web. Le widget est hautement personnalisable\u00a0: vous \u00eates libre de changer sa position, de l&rsquo;ins\u00e9rer n&rsquo;importe o\u00f9 sur la page, de modifier sa taille, de repeindre l&rsquo;arri\u00e8re-plan et toutes les autres parties pour le m\u00e9langer au style de votre site Web, d&rsquo;appliquer une palette de couleurs sombres, de r\u00e9v\u00e9ler des couvertures et affichez ou masquez trois autres d\u00e9tails du joueur comme la barre de progression et bien d&rsquo;autres. Engagez vos visiteurs, activez la lecture automatique et soyez-en s\u00fbr\u00a0: votre public ne quittera pas votre page d&rsquo;accueil pr\u00e9cipitamment\u00a0! <\/p> <p><b>Impliquez vos utilisateurs en leur fournissant des informations pr\u00e9cieuses et divertissantes avec Elfsight Podcast Player<\/b><\/p> <\/div> <div class=\"application-platform-content-item-features application-platform-content-item\" id=\"features\" data-nav-section=\"features\"> <h2>\u00c9tudiez les liste des caract\u00e9ristiques les plus marquantes\u00a0: <\/h2> <ul><li>De nombreuses variations de couleurs. <\/li><li>Deux mises en page applicables. <\/li><li>Possibilit\u00e9 d&rsquo;ajouter une image d&rsquo;arri\u00e8re-plan. <\/li><li>Une quantit\u00e9 illimit\u00e9e de pistes. <\/li><li>Une possibilit\u00e9 de cr\u00e9er votre th\u00e8me de couleurs personnalis\u00e9. <\/li><\/ul><p><a href=\"#demo\">Examinez toutes les fonctionnalit\u00e9s de personnalisation dans une d\u00e9mo compl\u00e8te<\/a><\/p> <\/div> <div class=\"application-platform-content-item-installation application-platform-content-item\" id=\"installation\" data-nav-section=\"installation\"> <h2>Comment puis-je ajouter Podcast Player \u00e0 mon site Web Blogger\u00a0? <\/h2><div class=\"video-container\"><iframe width=\"720\" height=\"405\" src=\"https:\/\/www.youtube.com\/embed\/apdW6VMgdxk\" frameborder=\"0\" allowfullscreen><\/iframe><\/div><p>Suivez simplement les \u00e9tapes suivantes d\u00e9crites ci-dessous pour ins\u00e9rer le plugin. <\/p> <ol><li><b>Lancez notre d\u00e9mo gratuite et commencez \u00e0 fa\u00e7onner votre plugin personnalis\u00e9. <\/b><br> Sp\u00e9cifiez la conception et les fonctionnalit\u00e9s pr\u00e9f\u00e9r\u00e9es du widget et enregistrez les modifications. <\/li> <li><b>Acqu\u00e9rez votre code individuel qui appara\u00eet dans la case sur les applications Elfsight. <\/b><br> Une fois la cr\u00e9ation de votre plugin personnel termin\u00e9e, copiez le code individuel de la fen\u00eatre qui appara\u00eet et conservez-le pour une utilisation ult\u00e9rieure. <\/li> <li><b>Lancer l&rsquo;application du widget sur le site Web Blogger. <\/b><br> Collez le code que vous avez copi\u00e9 r\u00e9cemment dans votre page et enregistrez les corrections. <\/li> <li><b>L&rsquo;installation est enti\u00e8rement effectu\u00e9e. <\/b><br> Visitez votre site pour inspecter le travail du plugin. <\/li><\/ol> <p>Si vous rencontrez des demandes de renseignements ou rencontrez des obstacles, n&rsquo;h\u00e9sitez pas \u00e0 contacter notre service client. Nos consultants ont h\u00e2te de r\u00e9soudre tous les probl\u00e8mes que vous pourriez rencontrer avec l&rsquo;outil. <\/p> <\/div>","protected":false},"excerpt":{"rendered":"","protected":false},"author":9,"featured_media":0,"parent":2529,"menu_order":0,"comment_status":"closed","ping_status":"closed","template":"templates\/template-application-platform.php","meta":{"publish_to_discourse":"","publish_post_category":"","wpdc_auto_publish_overridden":"","wpdc_topic_tags":"","wpdc_pin_topic":"","wpdc_pin_until":"","discourse_post_id":"","discourse_permalink":"","wpdc_publishing_response":"","wpdc_publishing_error":"","footnotes":""},"class_list":["post-9755","page","type-page","status-publish","hentry"],"yoast_head":"<!-- This site is optimized with the Yoast SEO plugin v25.3.1 - https:\/\/yoast.com\/wordpress\/plugins\/seo\/ -->\n<title>Site Web Elfsight Podcast Player pour Blogger (gratuit et rapide)<\/title>\n<meta name=\"description\" content=\"Utilisez notre d\u00e9mo g\u00e9rable et introduisez un lecteur de podcast Elfsight r\u00e9actif sur votre page Web Blogger. Impl\u00e9mentez notre d\u00e9mo utile et fa\u00e7onnez votre widget sur mesure en un clic !\" \/>\n<meta name=\"robots\" content=\"index, follow, max-snippet:-1, max-image-preview:large, max-video-preview:-1\" \/>\n<link rel=\"canonical\" href=\"https:\/\/elfsight.com\/fr\/podcast-player-widget\/blogger\/\" \/>\n<meta property=\"og:locale\" content=\"fr_FR\" \/>\n<meta property=\"og:type\" content=\"article\" \/>\n<meta property=\"og:title\" content=\"Site Web Elfsight Podcast Player pour Blogger (gratuit et rapide)\" \/>\n<meta property=\"og:description\" content=\"Utilisez notre d\u00e9mo g\u00e9rable et introduisez un lecteur de podcast Elfsight r\u00e9actif sur votre page Web Blogger. Impl\u00e9mentez notre d\u00e9mo utile et fa\u00e7onnez votre widget sur mesure en un clic !\" \/>\n<meta property=\"og:url\" content=\"https:\/\/elfsight.com\/fr\/podcast-player-widget\/blogger\/\" \/>\n<meta property=\"og:site_name\" content=\"Elfsight FR\" \/>\n<meta property=\"article:modified_time\" content=\"2025-07-10T12:31:52+00:00\" \/>\n<meta name=\"twitter:card\" content=\"summary_large_image\" \/>\n<meta name=\"twitter:label1\" content=\"Dur\u00e9e de lecture estim\u00e9e\" \/>\n\t<meta name=\"twitter:data1\" content=\"2 minutes\" \/>\n<!-- \/ Yoast SEO plugin. -->","yoast_head_json":{"title":"Site Web Elfsight Podcast Player pour Blogger (gratuit et rapide)","description":"Utilisez notre d\u00e9mo g\u00e9rable et introduisez un lecteur de podcast Elfsight r\u00e9actif sur votre page Web Blogger. Impl\u00e9mentez notre d\u00e9mo utile et fa\u00e7onnez votre widget sur mesure en un clic !","robots":{"index":"index","follow":"follow","max-snippet":"max-snippet:-1","max-image-preview":"max-image-preview:large","max-video-preview":"max-video-preview:-1"},"canonical":"https:\/\/elfsight.com\/fr\/podcast-player-widget\/blogger\/","og_locale":"fr_FR","og_type":"article","og_title":"Site Web Elfsight Podcast Player pour Blogger (gratuit et rapide)","og_description":"Utilisez notre d\u00e9mo g\u00e9rable et introduisez un lecteur de podcast Elfsight r\u00e9actif sur votre page Web Blogger. Impl\u00e9mentez notre d\u00e9mo utile et fa\u00e7onnez votre widget sur mesure en un clic !","og_url":"https:\/\/elfsight.com\/fr\/podcast-player-widget\/blogger\/","og_site_name":"Elfsight FR","article_modified_time":"2025-07-10T12:31:52+00:00","twitter_card":"summary_large_image","twitter_misc":{"Dur\u00e9e de lecture estim\u00e9e":"2 minutes"},"schema":{"@context":"https:\/\/schema.org","@graph":[{"@type":"WebPage","@id":"https:\/\/elfsight.com\/fr\/podcast-player-widget\/blogger\/","url":"https:\/\/elfsight.com\/fr\/podcast-player-widget\/blogger\/","name":"Site Web Elfsight Podcast Player pour Blogger (gratuit et rapide)","isPartOf":{"@id":"https:\/\/elfsight.com\/fr\/#website"},"datePublished":"1970-01-01T00:00:00+00:00","dateModified":"2025-07-10T12:31:52+00:00","description":"Utilisez notre d\u00e9mo g\u00e9rable et introduisez un lecteur de podcast Elfsight r\u00e9actif sur votre page Web Blogger. Impl\u00e9mentez notre d\u00e9mo utile et fa\u00e7onnez votre widget sur mesure en un clic !","breadcrumb":{"@id":"https:\/\/elfsight.com\/fr\/podcast-player-widget\/blogger\/#breadcrumb"},"inLanguage":"fr-FR","potentialAction":[{"@type":"ReadAction","target":["https:\/\/elfsight.com\/fr\/podcast-player-widget\/blogger\/"]}]},{"@type":"BreadcrumbList","@id":"https:\/\/elfsight.com\/fr\/podcast-player-widget\/blogger\/#breadcrumb","itemListElement":[{"@type":"ListItem","position":1,"name":"Home","item":"https:\/\/elfsight.com\/fr\/"},{"@type":"ListItem","position":2,"name":"Podcast Player","item":"https:\/\/elfsight.com\/fr\/podcast-player-widget\/"},{"@type":"ListItem","position":3,"name":"Podcast Player &#8211; Blogger"}]},{"@type":"WebSite","@id":"https:\/\/elfsight.com\/fr\/#website","url":"https:\/\/elfsight.com\/fr\/","name":"Elfsight FR","description":"","potentialAction":[{"@type":"SearchAction","target":{"@type":"EntryPoint","urlTemplate":"https:\/\/elfsight.com\/fr\/?s={search_term_string}"},"query-input":{"@type":"PropertyValueSpecification","valueRequired":true,"valueName":"search_term_string"}}],"inLanguage":"fr-FR"}]}},"meta_box":{"industry":"","seo_heading":"","heading":"","description":"","cta_heading":"","cta_description":"","application":"2528","h1":"Widget du lecteur de podcast Blogger","h1_caption":"Int\u00e9grez un lecteur de podcast directement sur votre site Web, permettant aux utilisateurs d'\u00e9couter vos \u00e9pisodes sans quitter la page de votre site Web Blogger, sans effort.","application_category":[],"applications_title":"","applications_request_title":"","applications_request_button_text":"","hero_text":"","hero_video":"","hero_video_schema_markup":"","selling_points_title":"","selling_points_caption":"","selling_points":[],"selling_points_cta_text":"","features_title":"","features":"","ed_cta_examples_text":"","ed_cta_examples_hidden":"","ed_cta_demo_text":"","ed_cta_demo_hidden":"","why_caption":"","why_editor_title":"","why_editor_text":"","why_team_title":"","why_team_text":"","why_service_title":"","why_service_text":"","template_catalog_visible":"","template_catalog_title":"","template_catalog_text":"","template_catalog_categories_visible":"","demo_title":"Cr\u00e9ez votre widget Lecteur de podcast","demo_caption":"Configurez votre Podcast Player et ajoutez-le gratuitement \u00e0 votre site Web Blogger\u00a0!","default_faq_hidden":"","app_template_category":[],"platform":"348","template_public_id":"","codecanyon_url":"","codecanyon_item_id":"","codecanyon_price":"","pricing_caption":"","pricing_elfsight_apps_hide_column":"","pricing_elfsight_apps_url":"","pricing_codecanyon_price_caption":"","integration_category":[],"integration_request_title":"","integration_request_cta":"","integration_platform":"","integrations":[],"platform_category":[],"video_schema_markup":"","price":"\u00e0 partir de 0$ \/ mois","trial":"","benefits":[{"text":"Aide \u00e0 l'installation gratuite"},{"text":"Service client efficace"},{"text":"Garantie de remboursement de 14 jours"},{"text":"D\u00e9veloppement continu"}],"button_url":"","button_target_blank":"","button_nofollow":"","attributes":[{"name":"Installations","content":"10,000 - 100,000"},{"name":"Sensible","content":"Oui"},{"name":"Navigateurs compatibles","content":"Firefox, Safari, Opera, Chrome, Edge"}],"tags":[],"tags_disable_links":"","hide_more_platforms":"","video_object":"","demo_hide_cta":"","demo_hide_cloud_options":"","pricing_title":"","pricing":[{"pricing_icon":"platform","pricing_title":"Elfsight Apps","pricing_title_caption":"Solution num\u00e9rique ind\u00e9pendante de la plateforme qui fonctionne sur n'importe quel site","pricing_price":"from $0 \/ month","pricing_price_caption":"commencez avec un forfait gratuit","pricing_benefits":[{"text":"Sites Web illimit\u00e9s"},{"text":"Support professionnel de l\u2019entreprise et bien document\u00e9"},{"text":"Aide \u00e0 l'installation gratuite"},{"text":"100% personnalisable"}],"pricing_button_text":"Ajouter au site Web","pricing_button_url":"#demo"}],"related_apps_title":"","related_apps_hidden":"","author":"","image":[],"title":"","job":"","social_networks":[]},"_links":{"self":[{"href":"https:\/\/elfsight.com\/fr\/wp-json\/wp\/v2\/pages\/9755","targetHints":{"allow":["GET"]}}],"collection":[{"href":"https:\/\/elfsight.com\/fr\/wp-json\/wp\/v2\/pages"}],"about":[{"href":"https:\/\/elfsight.com\/fr\/wp-json\/wp\/v2\/types\/page"}],"author":[{"embeddable":true,"href":"https:\/\/elfsight.com\/fr\/wp-json\/wp\/v2\/users\/9"}],"replies":[{"embeddable":true,"href":"https:\/\/elfsight.com\/fr\/wp-json\/wp\/v2\/comments?post=9755"}],"version-history":[{"count":2,"href":"https:\/\/elfsight.com\/fr\/wp-json\/wp\/v2\/pages\/9755\/revisions"}],"predecessor-version":[{"id":14911,"href":"https:\/\/elfsight.com\/fr\/wp-json\/wp\/v2\/pages\/9755\/revisions\/14911"}],"up":[{"embeddable":true,"href":"https:\/\/elfsight.com\/fr\/wp-json\/wp\/v2\/pages\/2529"}],"wp:attachment":[{"href":"https:\/\/elfsight.com\/fr\/wp-json\/wp\/v2\/media?parent=9755"}],"curies":[{"name":"wp","href":"https:\/\/api.w.org\/{rel}","templated":true}]}}