{"id":9749,"date":"1970-01-01T00:00:00","date_gmt":"1970-01-01T00:00:00","guid":{"rendered":"https:\/\/elfsight.com\/fr\/?page_id=9749"},"modified":"2025-07-10T12:27:44","modified_gmt":"2025-07-10T12:27:44","slug":"elementor","status":"publish","type":"page","link":"https:\/\/elfsight.com\/fr\/podcast-player-widget\/elementor\/","title":{"rendered":"Podcast Player &#8211; Elementor"},"content":{"rendered":"<div class=\"application-platform-content-item-description application-platform-content-item\" id=\"description\" data-nav-section=\"description\"> <h2>Int\u00e9grer Podcast Player sur Elementor avec le widget Elfsight<\/h2> <p>Elfsight Podcast Player est un simple plugin pour les sites Web Elementor qui vous permet pour lire des podcasts directement sur votre page d&rsquo;accueil. Le plugin est extr\u00eamement personnalisable\u00a0: vous pouvez modifier son emplacement, le d\u00e9finir n&rsquo;importe o\u00f9 sur la page, redimensionner sa taille, modifier l&rsquo;arri\u00e8re-plan et toutes les autres parties pour le m\u00e9langer \u00e0 la mise en page de votre site Web, utiliser un th\u00e8me sombre, afficher les couvertures et afficher ou masquer 3 d&rsquo;autres d\u00e9tails sur le joueur comme la barre de progression et autres. Engagez votre public, activez la lecture automatique et soyez-en s\u00fbr\u00a0: votre public ne quittera pas votre site Web imm\u00e9diatement\u00a0! <\/p> <p><b>Faites plaisir \u00e0 votre public en lui offrant des contenus pr\u00e9cieux et captivants avec l&rsquo;aide d&rsquo;Elfsight Podcast Player<\/b><\/p> <\/div> <div class=\"application-platform-content-item-features application-platform-content-item\" id=\"features\" data-nav-section=\"features\"> <h2> Les principales fonctionnalit\u00e9s du widget offrent<\/h2> <ul><li>Diverses variations de couleurs. <\/li><li>2 mises en page disponibles. <\/li><li>Une option pour utiliser l&rsquo;image d&rsquo;arri\u00e8re-plan. <\/li><li>Ajoutez une quantit\u00e9 infinie de pistes. <\/li><li>Une possibilit\u00e9 de fa\u00e7onner votre th\u00e8me de couleurs personnalis\u00e9. <\/li><\/ul><p><a href=\"#demo\">Vous pouvez d\u00e9couvrir toutes les fonctionnalit\u00e9s du widget dans la d\u00e9mo sur cette page<\/a><\/p> <\/div> <div class=\"application-platform-content-item-installation application-platform-content-item\" id=\"installation\" data-nav-section=\"installation\"> <h2>Comment int\u00e9grer Podcast Player \u00e0 mon site Web Elementor\u00a0? <\/h2><div class=\"video-container\"><iframe width=\"720\" height=\"405\" src=\"https:\/\/www.youtube.com\/embed\/PAInxny7X5o\" frameborder=\"0\" allowfullscreen=\"\"><\/iframe><\/div><p>Remplissez simplement les instructions ci-dessous pour ajouter l&rsquo;outil. <\/p> <ol><li><b>Utilisez notre configurateur gratuit et commencez \u00e0 cr\u00e9er votre instrument personnalis\u00e9. <\/b><br> Sp\u00e9cifiez la disposition appropri\u00e9e et les caract\u00e9ristiques fonctionnelles du plugin et enregistrez les corrections. <\/li> <li><b>Recevez le code unique expos\u00e9 dans la veuve sur Elfsight Apps. <\/b><br> D\u00e8s que la g\u00e9n\u00e9ration de votre plugin personnel est termin\u00e9e, copiez le code exclusif de la popup apparue et conservez-le pour une occasion ult\u00e9rieure. <\/li> <li><b>Commencez \u00e0 utiliser le widget sur votre site Web Elementor. <\/b><br> Ins\u00e9rez le code que vous avez enregistr\u00e9 r\u00e9cemment dans votre page et enregistrez les am\u00e9liorations. <\/li> <li><b>Fait\u00a0! L&rsquo;int\u00e9gration est termin\u00e9e avec succ\u00e8s. <\/b><br> Visitez votre page Web pour voir en action le travail du widget. <\/li><\/ol> <p>\u00c0 condition de r\u00e9pondre \u00e0 des demandes ou de rencontrer des obstacles, n&rsquo;h\u00e9sitez pas \u00e0 vous adresser \u00e0 notre service client. Nos sp\u00e9cialistes seront ravis de r\u00e9soudre toutes les questions que vous pourriez avoir avec l&rsquo;outil. <\/p> <div class=\"faq\" data-component=\"FAQ\"><div class=\"faq-item\">\r\n\t\t\t\t\t<div class=\"faq-item-question\">\r\n\t\t\t\t\t\t<h3 class=\"faq-item-question-text\">Comment puis-je int\u00e9grer une galerie vid\u00e9o YouTube dans mon site Web Squarespace sans comp\u00e9tences en codage ?<\/h3>\r\n\r\n\t\t\t\t\t\t<div class=\"faq-item-question-icon\"><\/div>\r\n\t\t\t\t\t<\/div>\r\n\r\n\t\t\t\t\t<div class=\"faq-item-answer\">\r\n\t\t\t\t\t\t<div class=\"faq-item-answer-text\"><p>Elfsight propose une solution bas\u00e9e sur le cloud qui permet aux utilisateurs de cr\u00e9er une galerie vid\u00e9o YouTube de mani\u00e8re ind\u00e9pendante. , observez \u00e0 quel point le processus est simple\u00a0:<\/p><ul><li>Entrez dans l&rsquo;\u00e9diteur en ligne pour formuler une section de galerie de vid\u00e9os YouTube que vous souhaitez int\u00e9grer \u00e0 votre site Squarespace.<\/li><li>S\u00e9lectionnez-en une. de nos mod\u00e8les pr\u00e9construits et personnalisez les param\u00e8tres de la galerie vid\u00e9o YouTube, modifiez la conception et la palette de couleurs, incorporez votre contenu sans aucune condition pr\u00e9alable de codage.<\/li><li>Conservez les pr\u00e9f\u00e9rences que vous avez d\u00e9finies pour la galerie vid\u00e9o YouTube et s\u00e9curisez le code d&rsquo;insertion du widget, qui peut \u00eatre facilement ins\u00e9r\u00e9 dans votre site Squarespace sans frais.<\/li><\/ul><p>En utilisant l&rsquo;\u00e9diteur convivial, tout utilisateur en ligne peut cr\u00e9er une section Galerie de vid\u00e9os YouTube et ajouter sur leur site Web Squarespace. Il n&rsquo;est pas n\u00e9cessaire de payer ou de partager les d\u00e9tails de votre carte pour acc\u00e9der \u00e0 l&rsquo;\u00e9diteur Elfsight. Si vous rencontrez des complications \u00e0 n&rsquo;importe quelle phase, n&rsquo;h\u00e9sitez pas \u00e0 contacter notre service client.<\/p><\/div>\r\n\t\t\t\t\t<\/div>\r\n\t\t\t\t<\/div><\/div><\/div>","protected":false},"excerpt":{"rendered":"","protected":false},"author":9,"featured_media":0,"parent":2529,"menu_order":0,"comment_status":"closed","ping_status":"closed","template":"templates\/template-application-platform.php","meta":{"publish_to_discourse":"","publish_post_category":"","wpdc_auto_publish_overridden":"","wpdc_topic_tags":"","wpdc_pin_topic":"","wpdc_pin_until":"","discourse_post_id":"","discourse_permalink":"","wpdc_publishing_response":"","wpdc_publishing_error":"","footnotes":""},"class_list":["post-9749","page","type-page","status-publish","hentry"],"yoast_head":"<!-- This site is optimized with the Yoast SEO plugin v25.3.1 - https:\/\/yoast.com\/wordpress\/plugins\/seo\/ -->\n<title>Page Web Elfsight Podcast Player pour Elementor (gratuit et rapide)<\/title>\n<meta name=\"description\" content=\"Appliquez notre d\u00e9mo accessible et int\u00e9grez un lecteur de podcast r\u00e9actif sur votre page Web Elementor. Utilisez notre d\u00e9mo pratique et fa\u00e7onnez votre widget personnalis\u00e9 sans effort\u00a0!\" \/>\n<meta name=\"robots\" content=\"index, follow, max-snippet:-1, max-image-preview:large, max-video-preview:-1\" \/>\n<link rel=\"canonical\" href=\"https:\/\/elfsight.com\/fr\/podcast-player-widget\/elementor\/\" \/>\n<meta property=\"og:locale\" content=\"fr_FR\" \/>\n<meta property=\"og:type\" content=\"article\" \/>\n<meta property=\"og:title\" content=\"Page Web Elfsight Podcast Player pour Elementor (gratuit et rapide)\" \/>\n<meta property=\"og:description\" content=\"Appliquez notre d\u00e9mo accessible et int\u00e9grez un lecteur de podcast r\u00e9actif sur votre page Web Elementor. Utilisez notre d\u00e9mo pratique et fa\u00e7onnez votre widget personnalis\u00e9 sans effort\u00a0!\" \/>\n<meta property=\"og:url\" content=\"https:\/\/elfsight.com\/fr\/podcast-player-widget\/elementor\/\" \/>\n<meta property=\"og:site_name\" content=\"Elfsight FR\" \/>\n<meta property=\"article:modified_time\" content=\"2025-07-10T12:27:44+00:00\" \/>\n<meta name=\"twitter:card\" content=\"summary_large_image\" \/>\n<meta name=\"twitter:label1\" content=\"Dur\u00e9e de lecture estim\u00e9e\" \/>\n\t<meta name=\"twitter:data1\" content=\"3 minutes\" \/>\n<!-- \/ Yoast SEO plugin. -->","yoast_head_json":{"title":"Page Web Elfsight Podcast Player pour Elementor (gratuit et rapide)","description":"Appliquez notre d\u00e9mo accessible et int\u00e9grez un lecteur de podcast r\u00e9actif sur votre page Web Elementor. Utilisez notre d\u00e9mo pratique et fa\u00e7onnez votre widget personnalis\u00e9 sans effort\u00a0!","robots":{"index":"index","follow":"follow","max-snippet":"max-snippet:-1","max-image-preview":"max-image-preview:large","max-video-preview":"max-video-preview:-1"},"canonical":"https:\/\/elfsight.com\/fr\/podcast-player-widget\/elementor\/","og_locale":"fr_FR","og_type":"article","og_title":"Page Web Elfsight Podcast Player pour Elementor (gratuit et rapide)","og_description":"Appliquez notre d\u00e9mo accessible et int\u00e9grez un lecteur de podcast r\u00e9actif sur votre page Web Elementor. Utilisez notre d\u00e9mo pratique et fa\u00e7onnez votre widget personnalis\u00e9 sans effort\u00a0!","og_url":"https:\/\/elfsight.com\/fr\/podcast-player-widget\/elementor\/","og_site_name":"Elfsight FR","article_modified_time":"2025-07-10T12:27:44+00:00","twitter_card":"summary_large_image","twitter_misc":{"Dur\u00e9e de lecture estim\u00e9e":"3 minutes"},"schema":{"@context":"https:\/\/schema.org","@graph":[{"@type":"WebPage","@id":"https:\/\/elfsight.com\/fr\/podcast-player-widget\/elementor\/","url":"https:\/\/elfsight.com\/fr\/podcast-player-widget\/elementor\/","name":"Page Web Elfsight Podcast Player pour Elementor (gratuit et rapide)","isPartOf":{"@id":"https:\/\/elfsight.com\/fr\/#website"},"datePublished":"1970-01-01T00:00:00+00:00","dateModified":"2025-07-10T12:27:44+00:00","description":"Appliquez notre d\u00e9mo accessible et int\u00e9grez un lecteur de podcast r\u00e9actif sur votre page Web Elementor. Utilisez notre d\u00e9mo pratique et fa\u00e7onnez votre widget personnalis\u00e9 sans effort\u00a0!","breadcrumb":{"@id":"https:\/\/elfsight.com\/fr\/podcast-player-widget\/elementor\/#breadcrumb"},"inLanguage":"fr-FR","potentialAction":[{"@type":"ReadAction","target":["https:\/\/elfsight.com\/fr\/podcast-player-widget\/elementor\/"]}]},{"@type":"BreadcrumbList","@id":"https:\/\/elfsight.com\/fr\/podcast-player-widget\/elementor\/#breadcrumb","itemListElement":[{"@type":"ListItem","position":1,"name":"Home","item":"https:\/\/elfsight.com\/fr\/"},{"@type":"ListItem","position":2,"name":"Podcast Player","item":"https:\/\/elfsight.com\/fr\/podcast-player-widget\/"},{"@type":"ListItem","position":3,"name":"Podcast Player &#8211; Elementor"}]},{"@type":"WebSite","@id":"https:\/\/elfsight.com\/fr\/#website","url":"https:\/\/elfsight.com\/fr\/","name":"Elfsight FR","description":"","potentialAction":[{"@type":"SearchAction","target":{"@type":"EntryPoint","urlTemplate":"https:\/\/elfsight.com\/fr\/?s={search_term_string}"},"query-input":{"@type":"PropertyValueSpecification","valueRequired":true,"valueName":"search_term_string"}}],"inLanguage":"fr-FR"}]}},"meta_box":{"industry":"","seo_heading":"","heading":"","description":"","cta_heading":"","cta_description":"","application":"2528","h1":"Plugin Elementor Podcast Player","h1_caption":"Int\u00e9grez un lecteur de podcast directement sur votre site Web, permettant aux utilisateurs d'\u00e9couter vos \u00e9pisodes sans quitter la page de votre site Web Elementor sans effort.","application_category":[],"applications_title":"","applications_request_title":"","applications_request_button_text":"","hero_text":"","hero_video":"","hero_video_schema_markup":"","selling_points_title":"","selling_points_caption":"","selling_points":[],"selling_points_cta_text":"","features_title":"","features":"","ed_cta_examples_text":"","ed_cta_examples_hidden":"","ed_cta_demo_text":"","ed_cta_demo_hidden":"","why_caption":"","why_editor_title":"","why_editor_text":"","why_team_title":"","why_team_text":"","why_service_title":"","why_service_text":"","template_catalog_visible":"","template_catalog_title":"","template_catalog_text":"","template_catalog_categories_visible":"","demo_title":"Cr\u00e9ez votre widget Lecteur de podcast","demo_caption":"Configurez votre Podcast Player et ajoutez-le gratuitement \u00e0 votre site Web Elementor\u00a0!","default_faq_hidden":"","app_template_category":[],"platform":"385","template_public_id":"","codecanyon_url":"","codecanyon_item_id":"","codecanyon_price":"","pricing_caption":"","pricing_elfsight_apps_hide_column":"","pricing_elfsight_apps_url":"","pricing_codecanyon_price_caption":"","integration_category":[],"integration_request_title":"","integration_request_cta":"","integration_platform":"","integrations":[],"platform_category":[],"video_schema_markup":"","price":"\u00e0 partir de 0$ \/ mois","trial":"","benefits":[{"text":"Assistance \u00e0 l'installation gratuite"},{"text":"Soutien exceptionnel"},{"text":"Garantie de remboursement de 14 jours"},{"text":"Mises \u00e0 jour futures"}],"button_url":"","button_target_blank":"","button_nofollow":"","attributes":[{"name":"Installations","content":"10,000 - 100,000"},{"name":"Sensible","content":"Oui"},{"name":"Navigateurs compatibles","content":"Firefox, Safari, Opera, Chrome, Edge"}],"tags":[],"tags_disable_links":"","hide_more_platforms":"","video_object":"","demo_hide_cta":"","demo_hide_cloud_options":"","pricing_title":"","pricing":[{"pricing_icon":"platform","pricing_title":"Elfsight Apps","pricing_title_caption":"Version multiplateforme qui fonctionne sur n'importe quel site Web","pricing_price":"from $0 \/ month","pricing_price_caption":"commencez avec un forfait gratuit","pricing_benefits":[{"text":"Domaines illimit\u00e9s"},{"text":"Assistance premium"},{"text":"Assistance \u00e0 l'installation gratuite"},{"text":"Offre sp\u00e9ciale pour plusieurs applications"}],"pricing_button_text":"Ajouter au site Web","pricing_button_url":"#demo"}],"related_apps_title":"","related_apps_hidden":"","author":"","image":[],"title":"","job":"","social_networks":[]},"_links":{"self":[{"href":"https:\/\/elfsight.com\/fr\/wp-json\/wp\/v2\/pages\/9749","targetHints":{"allow":["GET"]}}],"collection":[{"href":"https:\/\/elfsight.com\/fr\/wp-json\/wp\/v2\/pages"}],"about":[{"href":"https:\/\/elfsight.com\/fr\/wp-json\/wp\/v2\/types\/page"}],"author":[{"embeddable":true,"href":"https:\/\/elfsight.com\/fr\/wp-json\/wp\/v2\/users\/9"}],"replies":[{"embeddable":true,"href":"https:\/\/elfsight.com\/fr\/wp-json\/wp\/v2\/comments?post=9749"}],"version-history":[{"count":1,"href":"https:\/\/elfsight.com\/fr\/wp-json\/wp\/v2\/pages\/9749\/revisions"}],"predecessor-version":[{"id":9753,"href":"https:\/\/elfsight.com\/fr\/wp-json\/wp\/v2\/pages\/9749\/revisions\/9753"}],"up":[{"embeddable":true,"href":"https:\/\/elfsight.com\/fr\/wp-json\/wp\/v2\/pages\/2529"}],"wp:attachment":[{"href":"https:\/\/elfsight.com\/fr\/wp-json\/wp\/v2\/media?parent=9749"}],"curies":[{"name":"wp","href":"https:\/\/api.w.org\/{rel}","templated":true}]}}