{"id":9748,"date":"1970-01-01T00:00:00","date_gmt":"1970-01-01T00:00:00","guid":{"rendered":"https:\/\/elfsight.com\/fr\/?page_id=9748"},"modified":"2025-07-10T12:29:14","modified_gmt":"2025-07-10T12:29:14","slug":"joomla","status":"publish","type":"page","link":"https:\/\/elfsight.com\/fr\/podcast-player-widget\/joomla\/","title":{"rendered":"Podcast Player &#8211; Joomla"},"content":{"rendered":"<div class=\"application-platform-content-item-description application-platform-content-item\" id=\"description\" data-nav-section=\"description\"> <h2>Description<\/h2> <p>Elfsight Podcast Player est une extension simple pour les sites Web Joomla qui vous permet de diffuser des podcasts directement sur votre site Web. L&rsquo;outil est extr\u00eamement modifiable\u00a0: vous pouvez modifier sa position, l&rsquo;int\u00e9grer n&rsquo;importe o\u00f9 sur la page, redimensionner sa taille, recolorer l&rsquo;arri\u00e8re-plan et d&rsquo;autres \u00e9l\u00e9ments pour le m\u00e9langer avec le design de votre site, appliquer une palette de couleurs sombres, d\u00e9montrer des images et afficher ou masquer. 3 \u00e9l\u00e9ments de joueur suppl\u00e9mentaires, par exemple une barre de progression et autres. Faites plaisir \u00e0 votre public, activez l&rsquo;option de lecture automatique et n&rsquo;ayez aucun doute\u00a0: votre public ne quittera pas votre page d&rsquo;accueil imm\u00e9diatement\u00a0! <\/p> <p><b>Faites plaisir \u00e0 votre public en lui fournissant des informations utiles et captivantes avec Elfsight Podcast Player<\/b><\/p> <\/div> <div class=\"application-platform-content-item-features application-platform-content-item\" id=\"features\" data-nav-section=\"features\"> <h2>Trouvez ci-dessous Principales caract\u00e9ristiques de l&rsquo;extension\u00a0: <\/h2> <ul><li>De nombreuses variations de couleurs. <\/li><li>Deux mises en page disponibles. <\/li><li>Une option pour utiliser l&rsquo;image d&rsquo;arri\u00e8re-plan. <\/li><li>Une quantit\u00e9 infinie de pistes. <\/li><li>Une possibilit\u00e9 de concevoir votre propre th\u00e8me de couleurs. <\/li><\/ul><p><a href=\"#demo\">Essayez simplement cette d\u00e9mo pour voir comment elle fonctionne<\/a><\/p> <\/div> <div class=\"application-platform-content-item-installation application-platform-content-item\" id=\"installation\" data-nav-section=\"installation\"> <h2>Comment puis-je ajouter Podcast Player \u00e0 mon site Web Joomla\u00a0? <\/h2> <div class=\"video-container\"><iframe width=\"720\" height=\"405\" src=\"https:\/\/www.youtube.com\/embed\/hp5irqJ8vnk\" frameborder=\"0\" allowfullscreen><\/iframe><\/div><p>Suivez simplement les instructions ci-dessous pour commencer \u00e0 travailler avec l&rsquo;extension. <\/p> <ol><li><b>Lancez notre configurateur gratuit et commencez \u00e0 cr\u00e9er votre extension personnalis\u00e9e. <\/b><br> Choisissez la forme s\u00e9lectionn\u00e9e et les sp\u00e9cifications de l&rsquo;extension et enregistrez toutes les corrections. <\/li> <li><b>Obtenez votre code individuel affich\u00e9 dans la fen\u00eatre des applications Elfsight. <\/b><br> Une fois la g\u00e9n\u00e9ration de votre extension termin\u00e9e, copiez votre code dans la case qui appara\u00eet et conservez-le pour une utilisation future. <\/li> <li><b>Commencez \u00e0 utiliser l&rsquo;extension sur votre site Joomla. <\/b><br> Ajoutez le code copi\u00e9 pr\u00e9c\u00e9demment dans votre site web et appliquez les modifications. <\/li> <li><b>Vous avez termin\u00e9\u00a0! L&rsquo;int\u00e9gration est pleinement r\u00e9alis\u00e9e. <\/b><br> Acc\u00e9dez \u00e0 votre site Web pour voir comment fonctionne l&rsquo;extension. <\/li><\/ol><p>En cas de complications, n&rsquo;h\u00e9sitez pas \u00e0 contacter notre \u00e9quipe d&rsquo;assistance. Nos sp\u00e9cialistes se feront un plaisir de r\u00e9soudre toutes les difficult\u00e9s que vous pourriez rencontrer avec l&rsquo;outil. <\/p> <\/div>","protected":false},"excerpt":{"rendered":"","protected":false},"author":9,"featured_media":0,"parent":2529,"menu_order":0,"comment_status":"closed","ping_status":"closed","template":"templates\/template-application-platform.php","meta":{"publish_to_discourse":"","publish_post_category":"","wpdc_auto_publish_overridden":"","wpdc_topic_tags":"","wpdc_pin_topic":"","wpdc_pin_until":"","discourse_post_id":"","discourse_permalink":"","wpdc_publishing_response":"","wpdc_publishing_error":"","footnotes":""},"class_list":["post-9748","page","type-page","status-publish","hentry"],"yoast_head":"<!-- This site is optimized with the Yoast SEO plugin v25.3.1 - https:\/\/yoast.com\/wordpress\/plugins\/seo\/ -->\n<title>Elfsight Podcast Player pour le site Joomla (facile et gratuit)<\/title>\n<meta name=\"description\" content=\"Utilisez notre d\u00e9mo accessible et ajoutez un lecteur de podcast r\u00e9actif sur votre page d&#039;accueil Joomla. Utilisez notre d\u00e9mo utile et cr\u00e9ez votre plugin personnalis\u00e9 en quelques clics !\" \/>\n<meta name=\"robots\" content=\"index, follow, max-snippet:-1, max-image-preview:large, max-video-preview:-1\" \/>\n<link rel=\"canonical\" href=\"https:\/\/elfsight.com\/fr\/podcast-player-widget\/joomla\/\" \/>\n<meta property=\"og:locale\" content=\"fr_FR\" \/>\n<meta property=\"og:type\" content=\"article\" \/>\n<meta property=\"og:title\" content=\"Elfsight Podcast Player pour le site Joomla (facile et gratuit)\" \/>\n<meta property=\"og:description\" content=\"Utilisez notre d\u00e9mo accessible et ajoutez un lecteur de podcast r\u00e9actif sur votre page d&#039;accueil Joomla. Utilisez notre d\u00e9mo utile et cr\u00e9ez votre plugin personnalis\u00e9 en quelques clics !\" \/>\n<meta property=\"og:url\" content=\"https:\/\/elfsight.com\/fr\/podcast-player-widget\/joomla\/\" \/>\n<meta property=\"og:site_name\" content=\"Elfsight FR\" \/>\n<meta property=\"article:modified_time\" content=\"2025-07-10T12:29:14+00:00\" \/>\n<meta name=\"twitter:card\" content=\"summary_large_image\" \/>\n<meta name=\"twitter:label1\" content=\"Dur\u00e9e de lecture estim\u00e9e\" \/>\n\t<meta name=\"twitter:data1\" content=\"2 minutes\" \/>\n<!-- \/ Yoast SEO plugin. -->","yoast_head_json":{"title":"Elfsight Podcast Player pour le site Joomla (facile et gratuit)","description":"Utilisez notre d\u00e9mo accessible et ajoutez un lecteur de podcast r\u00e9actif sur votre page d'accueil Joomla. Utilisez notre d\u00e9mo utile et cr\u00e9ez votre plugin personnalis\u00e9 en quelques clics !","robots":{"index":"index","follow":"follow","max-snippet":"max-snippet:-1","max-image-preview":"max-image-preview:large","max-video-preview":"max-video-preview:-1"},"canonical":"https:\/\/elfsight.com\/fr\/podcast-player-widget\/joomla\/","og_locale":"fr_FR","og_type":"article","og_title":"Elfsight Podcast Player pour le site Joomla (facile et gratuit)","og_description":"Utilisez notre d\u00e9mo accessible et ajoutez un lecteur de podcast r\u00e9actif sur votre page d'accueil Joomla. Utilisez notre d\u00e9mo utile et cr\u00e9ez votre plugin personnalis\u00e9 en quelques clics !","og_url":"https:\/\/elfsight.com\/fr\/podcast-player-widget\/joomla\/","og_site_name":"Elfsight FR","article_modified_time":"2025-07-10T12:29:14+00:00","twitter_card":"summary_large_image","twitter_misc":{"Dur\u00e9e de lecture estim\u00e9e":"2 minutes"},"schema":{"@context":"https:\/\/schema.org","@graph":[{"@type":"WebPage","@id":"https:\/\/elfsight.com\/fr\/podcast-player-widget\/joomla\/","url":"https:\/\/elfsight.com\/fr\/podcast-player-widget\/joomla\/","name":"Elfsight Podcast Player pour le site Joomla (facile et gratuit)","isPartOf":{"@id":"https:\/\/elfsight.com\/fr\/#website"},"datePublished":"1970-01-01T00:00:00+00:00","dateModified":"2025-07-10T12:29:14+00:00","description":"Utilisez notre d\u00e9mo accessible et ajoutez un lecteur de podcast r\u00e9actif sur votre page d'accueil Joomla. Utilisez notre d\u00e9mo utile et cr\u00e9ez votre plugin personnalis\u00e9 en quelques clics !","breadcrumb":{"@id":"https:\/\/elfsight.com\/fr\/podcast-player-widget\/joomla\/#breadcrumb"},"inLanguage":"fr-FR","potentialAction":[{"@type":"ReadAction","target":["https:\/\/elfsight.com\/fr\/podcast-player-widget\/joomla\/"]}]},{"@type":"BreadcrumbList","@id":"https:\/\/elfsight.com\/fr\/podcast-player-widget\/joomla\/#breadcrumb","itemListElement":[{"@type":"ListItem","position":1,"name":"Home","item":"https:\/\/elfsight.com\/fr\/"},{"@type":"ListItem","position":2,"name":"Podcast Player","item":"https:\/\/elfsight.com\/fr\/podcast-player-widget\/"},{"@type":"ListItem","position":3,"name":"Podcast Player &#8211; Joomla"}]},{"@type":"WebSite","@id":"https:\/\/elfsight.com\/fr\/#website","url":"https:\/\/elfsight.com\/fr\/","name":"Elfsight FR","description":"","potentialAction":[{"@type":"SearchAction","target":{"@type":"EntryPoint","urlTemplate":"https:\/\/elfsight.com\/fr\/?s={search_term_string}"},"query-input":{"@type":"PropertyValueSpecification","valueRequired":true,"valueName":"search_term_string"}}],"inLanguage":"fr-FR"}]}},"meta_box":{"industry":"","seo_heading":"","heading":"","description":"","cta_heading":"","cta_description":"","application":"2528","h1":"Extension du lecteur de podcasts Joomla","h1_caption":"Int\u00e9grez un lecteur de podcast directement sur votre site Web, permettant aux utilisateurs d'\u00e9couter vos \u00e9pisodes sans quitter la page de votre site Web Joomla, sans effort.","application_category":[],"applications_title":"","applications_request_title":"","applications_request_button_text":"","hero_text":"","hero_video":"","hero_video_schema_markup":"","selling_points_title":"","selling_points_caption":"","selling_points":[],"selling_points_cta_text":"","features_title":"","features":"","ed_cta_examples_text":"","ed_cta_examples_hidden":"","ed_cta_demo_text":"","ed_cta_demo_hidden":"","why_caption":"","why_editor_title":"","why_editor_text":"","why_team_title":"","why_team_text":"","why_service_title":"","why_service_text":"","template_catalog_visible":"","template_catalog_title":"","template_catalog_text":"","template_catalog_categories_visible":"","demo_title":"Cr\u00e9ez votre plugin Podcast Player","demo_caption":"Configurez votre Podcast Player et ajoutez-le gratuitement \u00e0 votre site Joomla !","default_faq_hidden":"","app_template_category":[],"platform":"354","template_public_id":"","codecanyon_url":"","codecanyon_item_id":"","codecanyon_price":"","pricing_caption":"","pricing_elfsight_apps_hide_column":"","pricing_elfsight_apps_url":"","pricing_codecanyon_price_caption":"","integration_category":[],"integration_request_title":"","integration_request_cta":"","integration_platform":"","integrations":[],"platform_category":[],"video_schema_markup":"","price":"\u00e0 partir de 0$ \/ mois","trial":"","benefits":[{"text":"Service d'installation gratuit"},{"text":"Support client exp\u00e9riment\u00e9"},{"text":"Garantie de remboursement de 14 jours"},{"text":"D\u00e9veloppement continu"}],"button_url":"","button_target_blank":"","button_nofollow":"","attributes":[{"name":"Installations","content":"10,000 - 100,000"},{"name":"Sensible","content":"Oui"},{"name":"Navigateurs compatibles","content":"Firefox, Safari, Opera, Chrome, Edge"}],"tags":[],"tags_disable_links":"","hide_more_platforms":"","video_object":"","demo_hide_cta":"","demo_hide_cloud_options":"","pricing_title":"","pricing":[{"pricing_icon":"platform","pricing_title":"Elfsight Apps","pricing_title_caption":"Solution num\u00e9rique ind\u00e9pendante de la plateforme qui fonctionne sur n'importe quel site","pricing_price":"from $0 \/ month","pricing_price_caption":"commencez avec un forfait gratuit","pricing_benefits":[{"text":"Sites Web illimit\u00e9s"},{"text":"Assistance de l'entreprise 24h\/24 et 7j\/7 et bien document\u00e9e"},{"text":"Assistance \u00e0 l'installation gratuite"},{"text":"Prix \u200b\u200b\u00e0 attraper pour plusieurs applications"}],"pricing_button_text":"Ajouter au site Web","pricing_button_url":"#demo"}],"related_apps_title":"","related_apps_hidden":"","author":"","image":[],"title":"","job":"","social_networks":[]},"_links":{"self":[{"href":"https:\/\/elfsight.com\/fr\/wp-json\/wp\/v2\/pages\/9748","targetHints":{"allow":["GET"]}}],"collection":[{"href":"https:\/\/elfsight.com\/fr\/wp-json\/wp\/v2\/pages"}],"about":[{"href":"https:\/\/elfsight.com\/fr\/wp-json\/wp\/v2\/types\/page"}],"author":[{"embeddable":true,"href":"https:\/\/elfsight.com\/fr\/wp-json\/wp\/v2\/users\/9"}],"replies":[{"embeddable":true,"href":"https:\/\/elfsight.com\/fr\/wp-json\/wp\/v2\/comments?post=9748"}],"version-history":[{"count":2,"href":"https:\/\/elfsight.com\/fr\/wp-json\/wp\/v2\/pages\/9748\/revisions"}],"predecessor-version":[{"id":14908,"href":"https:\/\/elfsight.com\/fr\/wp-json\/wp\/v2\/pages\/9748\/revisions\/14908"}],"up":[{"embeddable":true,"href":"https:\/\/elfsight.com\/fr\/wp-json\/wp\/v2\/pages\/2529"}],"wp:attachment":[{"href":"https:\/\/elfsight.com\/fr\/wp-json\/wp\/v2\/media?parent=9748"}],"curies":[{"name":"wp","href":"https:\/\/api.w.org\/{rel}","templated":true}]}}