{"id":9747,"date":"1970-01-01T00:00:00","date_gmt":"1970-01-01T00:00:00","guid":{"rendered":"https:\/\/elfsight.com\/fr\/?page_id=9747"},"modified":"2025-07-10T12:29:20","modified_gmt":"2025-07-10T12:29:20","slug":"jquery","status":"publish","type":"page","link":"https:\/\/elfsight.com\/fr\/podcast-player-widget\/jquery\/","title":{"rendered":"Podcast Player &#8211; jQuery"},"content":{"rendered":"<div class=\"application-platform-content-item-description application-platform-content-item\" id=\"description\" data-nav-section=\"description\"> <h2>Description<\/h2> <p>Elfsight Podcast Player est un plugin simple pour les sites Web jQuery vous offrant la possibilit\u00e9 de diffuser des podcasts directement sur votre site Web. page. Le widget est totalement modifiable\u00a0: vous pouvez modifier son emplacement, le placer n&rsquo;importe o\u00f9 sur la page, redimensionner sa taille, repeindre l&rsquo;arri\u00e8re-plan et d&rsquo;autres \u00e9l\u00e9ments pour le m\u00e9langer avec le design de votre site, appliquer un th\u00e8me sombre, d\u00e9montrer des images et montrer ou masquer 3 joueurs suppl\u00e9mentaires. des parties comme la barre de progression et autres. Divertissez vos visiteurs, activez la lecture automatique et n&rsquo;ayez aucun doute\u00a0: vos visiteurs ne quitteront pas votre page Web imm\u00e9diatement\u00a0! <\/p> <p><b>Fascinez vos visiteurs en les \u00e9quipant de mat\u00e9riels utiles et int\u00e9ressants gr\u00e2ce \u00e0 Elfsight Podcast Player<\/b><\/p> <\/div> <div class=\"application-platform-content-item-features application-platform-content-item\" id=\"features\" data-nav-section=\"features\"> <h2> Ce ne sont l\u00e0 que quelques-unes des diff\u00e9rentes fonctionnalit\u00e9s du plugin\u00a0: <\/h2> <ul><li>Diverses variations de couleurs. <\/li><li>Deux mises en page applicables. <\/li><li>Possibilit\u00e9 d&rsquo;utiliser une image de fond. <\/li><li>Un nombre illimit\u00e9 de pistes. <\/li><li>Une option pour fa\u00e7onner votre palette de couleurs personnalis\u00e9e. <\/li><\/ul><p><a href=\"#demo\">Vous pouvez d\u00e9couvrir toutes les fonctionnalit\u00e9s du plugin dans la d\u00e9mo juste ici<\/a><\/p> <\/div> <div class=\"application-platform-content-item-installation application-platform-content-item\" id=\"installation\" data-nav-section=\"installation\"> <h2>Comment puis-je ajouter Podcast Player sur mon site Web jQuery\u00a0? <\/h2> <p>Suivez simplement les \u00e9tapes ci-dessous pour int\u00e9grer le plugin. <\/p> <ol><li><b>Utilisez notre d\u00e9mo gratuite et commencez \u00e0 cr\u00e9er votre instrument personnalis\u00e9. <\/b><br> Recherchez l&rsquo;interface et les fonctionnalit\u00e9s appropri\u00e9es du plugin et appliquez les modifications. <\/li> <li><b>Recevez votre code unique qui s&rsquo;affiche dans la fen\u00eatre des applications Elfsight. <\/b><br> D\u00e8s que la configuration de votre outil est termin\u00e9e, copiez le code exclusif de la bo\u00eete qui appara\u00eet et enregistrez-le pour une utilisation future. <\/li> <li><b>Commencez l&rsquo;utilisation du plugin sur la page d&rsquo;accueil de jQuery. <\/b><br> Entrez le code enregistr\u00e9 pr\u00e9c\u00e9demment dans votre page et enregistrez les modifications. <\/li> <li><b>Vous avez termin\u00e9\u00a0! La configuration est enti\u00e8rement r\u00e9alis\u00e9e. <\/b><br> Visitez votre site pour voir comment fonctionne l&rsquo;outil. <\/li><\/ol> <p>En cas de difficult\u00e9s, n&rsquo;h\u00e9sitez pas \u00e0 contacter notre \u00e9quipe d&rsquo;assistance. Nos consultants ont h\u00e2te de vous aider avec toutes les difficult\u00e9s que vous pourriez rencontrer avec l&rsquo;outil. <\/p> <\/div>","protected":false},"excerpt":{"rendered":"","protected":false},"author":9,"featured_media":0,"parent":2529,"menu_order":0,"comment_status":"closed","ping_status":"closed","template":"templates\/template-application-platform.php","meta":{"publish_to_discourse":"","publish_post_category":"","wpdc_auto_publish_overridden":"","wpdc_topic_tags":"","wpdc_pin_topic":"","wpdc_pin_until":"","discourse_post_id":"","discourse_permalink":"","wpdc_publishing_response":"","wpdc_publishing_error":"","footnotes":""},"class_list":["post-9747","page","type-page","status-publish","hentry"],"yoast_head":"<!-- This site is optimized with the Yoast SEO plugin v25.3.1 - https:\/\/yoast.com\/wordpress\/plugins\/seo\/ -->\n<title>Elfsight Podcast Player pour le site Web jQuery (facile et rapide)<\/title>\n<meta name=\"description\" content=\"Utilisez notre d\u00e9mo accessible et int\u00e9grez un lecteur de podcast r\u00e9actif sur votre page Web jQuery. Int\u00e9grez notre d\u00e9mo pratique et cr\u00e9ez votre widget sur mesure sans effort\u00a0!\" \/>\n<meta name=\"robots\" content=\"index, follow, max-snippet:-1, max-image-preview:large, max-video-preview:-1\" \/>\n<link rel=\"canonical\" href=\"https:\/\/elfsight.com\/fr\/podcast-player-widget\/jquery\/\" \/>\n<meta property=\"og:locale\" content=\"fr_FR\" \/>\n<meta property=\"og:type\" content=\"article\" \/>\n<meta property=\"og:title\" content=\"Elfsight Podcast Player pour le site Web jQuery (facile et rapide)\" \/>\n<meta property=\"og:description\" content=\"Utilisez notre d\u00e9mo accessible et int\u00e9grez un lecteur de podcast r\u00e9actif sur votre page Web jQuery. Int\u00e9grez notre d\u00e9mo pratique et cr\u00e9ez votre widget sur mesure sans effort\u00a0!\" \/>\n<meta property=\"og:url\" content=\"https:\/\/elfsight.com\/fr\/podcast-player-widget\/jquery\/\" \/>\n<meta property=\"og:site_name\" content=\"Elfsight FR\" \/>\n<meta property=\"article:modified_time\" content=\"2025-07-10T12:29:20+00:00\" \/>\n<meta name=\"twitter:card\" content=\"summary_large_image\" \/>\n<meta name=\"twitter:label1\" content=\"Dur\u00e9e de lecture estim\u00e9e\" \/>\n\t<meta name=\"twitter:data1\" content=\"2 minutes\" \/>\n<!-- \/ Yoast SEO plugin. -->","yoast_head_json":{"title":"Elfsight Podcast Player pour le site Web jQuery (facile et rapide)","description":"Utilisez notre d\u00e9mo accessible et int\u00e9grez un lecteur de podcast r\u00e9actif sur votre page Web jQuery. Int\u00e9grez notre d\u00e9mo pratique et cr\u00e9ez votre widget sur mesure sans effort\u00a0!","robots":{"index":"index","follow":"follow","max-snippet":"max-snippet:-1","max-image-preview":"max-image-preview:large","max-video-preview":"max-video-preview:-1"},"canonical":"https:\/\/elfsight.com\/fr\/podcast-player-widget\/jquery\/","og_locale":"fr_FR","og_type":"article","og_title":"Elfsight Podcast Player pour le site Web jQuery (facile et rapide)","og_description":"Utilisez notre d\u00e9mo accessible et int\u00e9grez un lecteur de podcast r\u00e9actif sur votre page Web jQuery. Int\u00e9grez notre d\u00e9mo pratique et cr\u00e9ez votre widget sur mesure sans effort\u00a0!","og_url":"https:\/\/elfsight.com\/fr\/podcast-player-widget\/jquery\/","og_site_name":"Elfsight FR","article_modified_time":"2025-07-10T12:29:20+00:00","twitter_card":"summary_large_image","twitter_misc":{"Dur\u00e9e de lecture estim\u00e9e":"2 minutes"},"schema":{"@context":"https:\/\/schema.org","@graph":[{"@type":"WebPage","@id":"https:\/\/elfsight.com\/fr\/podcast-player-widget\/jquery\/","url":"https:\/\/elfsight.com\/fr\/podcast-player-widget\/jquery\/","name":"Elfsight Podcast Player pour le site Web jQuery (facile et rapide)","isPartOf":{"@id":"https:\/\/elfsight.com\/fr\/#website"},"datePublished":"1970-01-01T00:00:00+00:00","dateModified":"2025-07-10T12:29:20+00:00","description":"Utilisez notre d\u00e9mo accessible et int\u00e9grez un lecteur de podcast r\u00e9actif sur votre page Web jQuery. Int\u00e9grez notre d\u00e9mo pratique et cr\u00e9ez votre widget sur mesure sans effort\u00a0!","breadcrumb":{"@id":"https:\/\/elfsight.com\/fr\/podcast-player-widget\/jquery\/#breadcrumb"},"inLanguage":"fr-FR","potentialAction":[{"@type":"ReadAction","target":["https:\/\/elfsight.com\/fr\/podcast-player-widget\/jquery\/"]}]},{"@type":"BreadcrumbList","@id":"https:\/\/elfsight.com\/fr\/podcast-player-widget\/jquery\/#breadcrumb","itemListElement":[{"@type":"ListItem","position":1,"name":"Home","item":"https:\/\/elfsight.com\/fr\/"},{"@type":"ListItem","position":2,"name":"Podcast Player","item":"https:\/\/elfsight.com\/fr\/podcast-player-widget\/"},{"@type":"ListItem","position":3,"name":"Podcast Player &#8211; jQuery"}]},{"@type":"WebSite","@id":"https:\/\/elfsight.com\/fr\/#website","url":"https:\/\/elfsight.com\/fr\/","name":"Elfsight FR","description":"","potentialAction":[{"@type":"SearchAction","target":{"@type":"EntryPoint","urlTemplate":"https:\/\/elfsight.com\/fr\/?s={search_term_string}"},"query-input":{"@type":"PropertyValueSpecification","valueRequired":true,"valueName":"search_term_string"}}],"inLanguage":"fr-FR"}]}},"meta_box":{"industry":"","seo_heading":"","heading":"","description":"","cta_heading":"","cta_description":"","application":"2528","h1":"Plugin jQuery Podcast Player","h1_caption":"Int\u00e9grez un lecteur de podcast directement sur votre site Web, permettant aux utilisateurs d'\u00e9couter vos \u00e9pisodes sans quitter la page de votre site Web jQuery sans effort.","application_category":[],"applications_title":"","applications_request_title":"","applications_request_button_text":"","hero_text":"","hero_video":"","hero_video_schema_markup":"","selling_points_title":"","selling_points_caption":"","selling_points":[],"selling_points_cta_text":"","features_title":"","features":"","ed_cta_examples_text":"","ed_cta_examples_hidden":"","ed_cta_demo_text":"","ed_cta_demo_hidden":"","why_caption":"","why_editor_title":"","why_editor_text":"","why_team_title":"","why_team_text":"","why_service_title":"","why_service_text":"","template_catalog_visible":"","template_catalog_title":"","template_catalog_text":"","template_catalog_categories_visible":"","demo_title":"Cr\u00e9ez votre plugin Podcast Player","demo_caption":"Configurez votre Podcast Player et ajoutez-le gratuitement \u00e0 votre site Web jQuery\u00a0!","default_faq_hidden":"","app_template_category":[],"platform":"355","template_public_id":"","codecanyon_url":"","codecanyon_item_id":"","codecanyon_price":"","pricing_caption":"","pricing_elfsight_apps_hide_column":"","pricing_elfsight_apps_url":"","pricing_codecanyon_price_caption":"","integration_category":[],"integration_request_title":"","integration_request_cta":"","integration_platform":"","integrations":[],"platform_category":[],"video_schema_markup":"","price":"\u00e0 partir de 0$ \/ mois","trial":"","benefits":[{"text":"Service d'installation gratuit"},{"text":"Support client exp\u00e9riment\u00e9"},{"text":"Garantie de remboursement de 14 jours"},{"text":"Futures mises \u00e0 jour gratuites"}],"button_url":"","button_target_blank":"","button_nofollow":"","attributes":[{"name":"Installations","content":"10,000 - 100,000"},{"name":"Sensible","content":"Oui"},{"name":"Navigateurs compatibles","content":"Firefox, Safari, Opera, Chrome, Edge"}],"tags":[],"tags_disable_links":"","hide_more_platforms":"","video_object":"","demo_hide_cta":"","demo_hide_cloud_options":"","pricing_title":"","pricing":[{"pricing_icon":"platform","pricing_title":"Elfsight Apps","pricing_title_caption":"Solution multiplateforme qui fonctionne sur n'importe quel site","pricing_price":"from $0 \/ month","pricing_price_caption":"commencez avec un forfait gratuit","pricing_benefits":[{"text":"Domaines illimit\u00e9s"},{"text":"Assistance professionnelle, ponctuelle et bien document\u00e9e"},{"text":"Assistance \u00e0 l'installation gratuite"},{"text":"Conception flexible"}],"pricing_button_text":"Ajouter au site Web","pricing_button_url":"#demo"}],"related_apps_title":"","related_apps_hidden":"","author":"","image":[],"title":"","job":"","social_networks":[]},"_links":{"self":[{"href":"https:\/\/elfsight.com\/fr\/wp-json\/wp\/v2\/pages\/9747","targetHints":{"allow":["GET"]}}],"collection":[{"href":"https:\/\/elfsight.com\/fr\/wp-json\/wp\/v2\/pages"}],"about":[{"href":"https:\/\/elfsight.com\/fr\/wp-json\/wp\/v2\/types\/page"}],"author":[{"embeddable":true,"href":"https:\/\/elfsight.com\/fr\/wp-json\/wp\/v2\/users\/9"}],"replies":[{"embeddable":true,"href":"https:\/\/elfsight.com\/fr\/wp-json\/wp\/v2\/comments?post=9747"}],"version-history":[{"count":1,"href":"https:\/\/elfsight.com\/fr\/wp-json\/wp\/v2\/pages\/9747\/revisions"}],"predecessor-version":[{"id":9751,"href":"https:\/\/elfsight.com\/fr\/wp-json\/wp\/v2\/pages\/9747\/revisions\/9751"}],"up":[{"embeddable":true,"href":"https:\/\/elfsight.com\/fr\/wp-json\/wp\/v2\/pages\/2529"}],"wp:attachment":[{"href":"https:\/\/elfsight.com\/fr\/wp-json\/wp\/v2\/media?parent=9747"}],"curies":[{"name":"wp","href":"https:\/\/api.w.org\/{rel}","templated":true}]}}