{"id":9738,"date":"1970-01-01T00:00:00","date_gmt":"1970-01-01T00:00:00","guid":{"rendered":"https:\/\/elfsight.com\/fr\/?page_id=9738"},"modified":"2025-07-10T12:29:45","modified_gmt":"2025-07-10T12:29:45","slug":"opencart","status":"publish","type":"page","link":"https:\/\/elfsight.com\/fr\/podcast-player-widget\/opencart\/","title":{"rendered":"Podcast Player &#8211; OpenCart"},"content":{"rendered":"<div class=\"application-platform-content-item-description application-platform-content-item\" id=\"description\" data-nav-section=\"description\"> <h2>Description<\/h2> <p>Elfsight Podcast Player est une simple extension pour OpenCart vous permettant de diffuser des podcasts directement sur les pages de votre site . Le widget est totalement modifiable\u00a0: vous pouvez modifier son emplacement, le placer n&rsquo;importe o\u00f9 sur la page, modifier sa taille, recolorer l&rsquo;arri\u00e8re-plan et toutes les autres parties pour le m\u00e9langer \u00e0 la mise en page de votre site, appliquer un th\u00e8me sombre, d\u00e9montrer les couvertures et afficher ou masquer trois autres d\u00e9tails du joueur comme la barre de progression et autres. Engagez vos utilisateurs, activez l&rsquo;option de lecture automatique et n&rsquo;h\u00e9sitez pas : vos utilisateurs ne quitteront pas votre site pr\u00e9cipitamment\u00a0! <\/p> <p><b>Int\u00e9ressez votre public en lui fournissant des contenus pr\u00e9cieux et captivants \u00e0 l&rsquo;aide d&rsquo;Elfsight Podcast Player<\/b><\/p> <\/div> <div class=\"application-platform-content-item-features application-platform-content-item\" id=\"features\" data-nav-section=\"features\"> <h2>Les offres d&rsquo;extension fonctionnalit\u00e9s pratiques et simples, en voici quelques-unes\u00a0: <\/h2> <ul><li>Diverses modifications de couleurs. <\/li><li>Deux mises en page disponibles. <\/li><li>Possibilit\u00e9 d&rsquo;ajouter une image de fond. <\/li><li>Ajoutez un nombre illimit\u00e9 de pistes. <\/li><li>Une possibilit\u00e9 de cr\u00e9er votre palette de couleurs personnalis\u00e9e. <\/li><\/ul><p><a href=\"#demo\">Vous pouvez d\u00e9couvrir toutes les fonctionnalit\u00e9s de l&rsquo;extension dans la d\u00e9mo ici<\/a><\/p> <\/div> <div class=\"application-platform-content-item-installation application-platform-content-item\" id=\"installation\" data-nav-section=\"installation\"> <h2>Comment int\u00e9grer Podcast Player sur mon site Web OpenCart\u00a0? <\/h2> <p>Suivez simplement les instructions ci-dessous pour activer l&rsquo;extension. <\/p> <ol><li><b>Ex\u00e9cutez notre \u00e9diteur gratuit et commencez \u00e0 cr\u00e9er votre extension unique. <\/b><br> D\u00e9terminez l&rsquo;interface et les sp\u00e9cifications souhait\u00e9es de l&rsquo;extension et enregistrez toutes les corrections. <\/li> <li><b>Copiez le code unique affich\u00e9 dans la fen\u00eatre sur les applications Elfsight. <\/b><br> Une fois la cr\u00e9ation de votre extension termin\u00e9e, copiez le code exclusif dans la fen\u00eatre contextuelle apparue et enregistrez-le pour une utilisation ult\u00e9rieure. <\/li> <li><b>Commencez \u00e0 utiliser l&rsquo;extension sur la page Web OpenCart. <\/b><br> Collez le code copi\u00e9 r\u00e9cemment dans votre page et enregistrez les modifications. <\/li> <li><b>L&rsquo;installation est enti\u00e8rement termin\u00e9e. <\/b><br> Acc\u00e9dez \u00e0 votre page Web pour voir comment fonctionne l&rsquo;extension. <\/li><\/ol><p>Si vous rencontrez des probl\u00e8mes, veuillez faire appel \u00e0 notre \u00e9quipe d&rsquo;assistance. Nos sp\u00e9cialistes sont impatients de r\u00e9soudre toutes les questions que vous pourriez avoir concernant l&rsquo;extension. <\/p> <\/div>","protected":false},"excerpt":{"rendered":"","protected":false},"author":9,"featured_media":0,"parent":2529,"menu_order":0,"comment_status":"closed","ping_status":"closed","template":"templates\/template-application-platform.php","meta":{"publish_to_discourse":"","publish_post_category":"","wpdc_auto_publish_overridden":"","wpdc_topic_tags":"","wpdc_pin_topic":"","wpdc_pin_until":"","discourse_post_id":"","discourse_permalink":"","wpdc_publishing_response":"","wpdc_publishing_error":"","footnotes":""},"class_list":["post-9738","page","type-page","status-publish","hentry"],"yoast_head":"<!-- This site is optimized with the Yoast SEO plugin v25.3.1 - https:\/\/yoast.com\/wordpress\/plugins\/seo\/ -->\n<title>Elfsight Podcast Player pour le site Web OpenCart (gratuit et rapide)<\/title>\n<meta name=\"description\" content=\"Utilisez notre d\u00e9mo g\u00e9rable et introduisez un lecteur de podcast r\u00e9actif sur votre page d&#039;accueil OpenCart. Int\u00e9grez notre d\u00e9mo pratique et cr\u00e9ez votre widget personnalis\u00e9 en quelques clics !\" \/>\n<meta name=\"robots\" content=\"index, follow, max-snippet:-1, max-image-preview:large, max-video-preview:-1\" \/>\n<link rel=\"canonical\" href=\"https:\/\/elfsight.com\/fr\/podcast-player-widget\/opencart\/\" \/>\n<meta property=\"og:locale\" content=\"fr_FR\" \/>\n<meta property=\"og:type\" content=\"article\" \/>\n<meta property=\"og:title\" content=\"Elfsight Podcast Player pour le site Web OpenCart (gratuit et rapide)\" \/>\n<meta property=\"og:description\" content=\"Utilisez notre d\u00e9mo g\u00e9rable et introduisez un lecteur de podcast r\u00e9actif sur votre page d&#039;accueil OpenCart. Int\u00e9grez notre d\u00e9mo pratique et cr\u00e9ez votre widget personnalis\u00e9 en quelques clics !\" \/>\n<meta property=\"og:url\" content=\"https:\/\/elfsight.com\/fr\/podcast-player-widget\/opencart\/\" \/>\n<meta property=\"og:site_name\" content=\"Elfsight FR\" \/>\n<meta property=\"article:modified_time\" content=\"2025-07-10T12:29:45+00:00\" \/>\n<meta name=\"twitter:card\" content=\"summary_large_image\" \/>\n<meta name=\"twitter:label1\" content=\"Dur\u00e9e de lecture estim\u00e9e\" \/>\n\t<meta name=\"twitter:data1\" content=\"2 minutes\" \/>\n<!-- \/ Yoast SEO plugin. -->","yoast_head_json":{"title":"Elfsight Podcast Player pour le site Web OpenCart (gratuit et rapide)","description":"Utilisez notre d\u00e9mo g\u00e9rable et introduisez un lecteur de podcast r\u00e9actif sur votre page d'accueil OpenCart. Int\u00e9grez notre d\u00e9mo pratique et cr\u00e9ez votre widget personnalis\u00e9 en quelques clics !","robots":{"index":"index","follow":"follow","max-snippet":"max-snippet:-1","max-image-preview":"max-image-preview:large","max-video-preview":"max-video-preview:-1"},"canonical":"https:\/\/elfsight.com\/fr\/podcast-player-widget\/opencart\/","og_locale":"fr_FR","og_type":"article","og_title":"Elfsight Podcast Player pour le site Web OpenCart (gratuit et rapide)","og_description":"Utilisez notre d\u00e9mo g\u00e9rable et introduisez un lecteur de podcast r\u00e9actif sur votre page d'accueil OpenCart. Int\u00e9grez notre d\u00e9mo pratique et cr\u00e9ez votre widget personnalis\u00e9 en quelques clics !","og_url":"https:\/\/elfsight.com\/fr\/podcast-player-widget\/opencart\/","og_site_name":"Elfsight FR","article_modified_time":"2025-07-10T12:29:45+00:00","twitter_card":"summary_large_image","twitter_misc":{"Dur\u00e9e de lecture estim\u00e9e":"2 minutes"},"schema":{"@context":"https:\/\/schema.org","@graph":[{"@type":"WebPage","@id":"https:\/\/elfsight.com\/fr\/podcast-player-widget\/opencart\/","url":"https:\/\/elfsight.com\/fr\/podcast-player-widget\/opencart\/","name":"Elfsight Podcast Player pour le site Web OpenCart (gratuit et rapide)","isPartOf":{"@id":"https:\/\/elfsight.com\/fr\/#website"},"datePublished":"1970-01-01T00:00:00+00:00","dateModified":"2025-07-10T12:29:45+00:00","description":"Utilisez notre d\u00e9mo g\u00e9rable et introduisez un lecteur de podcast r\u00e9actif sur votre page d'accueil OpenCart. Int\u00e9grez notre d\u00e9mo pratique et cr\u00e9ez votre widget personnalis\u00e9 en quelques clics !","breadcrumb":{"@id":"https:\/\/elfsight.com\/fr\/podcast-player-widget\/opencart\/#breadcrumb"},"inLanguage":"fr-FR","potentialAction":[{"@type":"ReadAction","target":["https:\/\/elfsight.com\/fr\/podcast-player-widget\/opencart\/"]}]},{"@type":"BreadcrumbList","@id":"https:\/\/elfsight.com\/fr\/podcast-player-widget\/opencart\/#breadcrumb","itemListElement":[{"@type":"ListItem","position":1,"name":"Home","item":"https:\/\/elfsight.com\/fr\/"},{"@type":"ListItem","position":2,"name":"Podcast Player","item":"https:\/\/elfsight.com\/fr\/podcast-player-widget\/"},{"@type":"ListItem","position":3,"name":"Podcast Player &#8211; OpenCart"}]},{"@type":"WebSite","@id":"https:\/\/elfsight.com\/fr\/#website","url":"https:\/\/elfsight.com\/fr\/","name":"Elfsight FR","description":"","potentialAction":[{"@type":"SearchAction","target":{"@type":"EntryPoint","urlTemplate":"https:\/\/elfsight.com\/fr\/?s={search_term_string}"},"query-input":{"@type":"PropertyValueSpecification","valueRequired":true,"valueName":"search_term_string"}}],"inLanguage":"fr-FR"}]}},"meta_box":{"industry":"","seo_heading":"","heading":"","description":"","cta_heading":"","cta_description":"","application":"2528","h1":"Extension du lecteur de podcast OpenCart","h1_caption":"Int\u00e9grez un lecteur de podcast directement sur votre site Web, permettant aux utilisateurs d'\u00e9couter vos \u00e9pisodes sans quitter la page de votre site Web Opencart sans effort.","application_category":[],"applications_title":"","applications_request_title":"","applications_request_button_text":"","hero_text":"","hero_video":"","hero_video_schema_markup":"","selling_points_title":"","selling_points_caption":"","selling_points":[],"selling_points_cta_text":"","features_title":"","features":"","ed_cta_examples_text":"","ed_cta_examples_hidden":"","ed_cta_demo_text":"","ed_cta_demo_hidden":"","why_caption":"","why_editor_title":"","why_editor_text":"","why_team_title":"","why_team_text":"","why_service_title":"","why_service_text":"","template_catalog_visible":"","template_catalog_title":"","template_catalog_text":"","template_catalog_categories_visible":"","demo_title":"Cr\u00e9ez votre extension Podcast Player","demo_caption":"Configurez votre Podcast Player et ajoutez-le gratuitement \u00e0 votre site Web OpenCart\u00a0!","default_faq_hidden":"","app_template_category":[],"platform":"359","template_public_id":"","codecanyon_url":"","codecanyon_item_id":"","codecanyon_price":"","pricing_caption":"","pricing_elfsight_apps_hide_column":"","pricing_elfsight_apps_url":"","pricing_codecanyon_price_caption":"","integration_category":[],"integration_request_title":"","integration_request_cta":"","integration_platform":"","integrations":[],"platform_category":[],"video_schema_markup":"","price":"\u00e0 partir de 0$ \/ mois","trial":"","benefits":[{"text":"Aide \u00e0 l'installation gratuite"},{"text":"Soutien exceptionnel"},{"text":"Garantie de remboursement de 14 jours"},{"text":"Am\u00e9liorations gratuites r\u00e9guli\u00e8res"}],"button_url":"","button_target_blank":"","button_nofollow":"","attributes":[{"name":"Installations","content":"10,000 - 100,000"},{"name":"Sensible","content":"Oui"},{"name":"Navigateurs compatibles","content":"Firefox, Safari, Chrome, Edge, Opera"}],"tags":[],"tags_disable_links":"","hide_more_platforms":"","video_object":"","demo_hide_cta":"","demo_hide_cloud_options":"","pricing_title":"","pricing":[{"pricing_icon":"platform","pricing_title":"Elfsight Apps","pricing_title_caption":"Version ind\u00e9pendante de la plate-forme qui fonctionne sur n'importe quel site Web","pricing_price":"from $0 \/ month","pricing_price_caption":"commencez avec un forfait gratuit","pricing_benefits":[{"text":"Domaines illimit\u00e9s"},{"text":"Assistance client haut de gamme"},{"text":"Assistance \u00e0 l'installation gratuite"},{"text":"Offre sp\u00e9ciale pour plusieurs applications"}],"pricing_button_text":"Ajouter au site Web","pricing_button_url":"#demo"}],"related_apps_title":"","related_apps_hidden":"","author":"","image":[],"title":"","job":"","social_networks":[]},"_links":{"self":[{"href":"https:\/\/elfsight.com\/fr\/wp-json\/wp\/v2\/pages\/9738","targetHints":{"allow":["GET"]}}],"collection":[{"href":"https:\/\/elfsight.com\/fr\/wp-json\/wp\/v2\/pages"}],"about":[{"href":"https:\/\/elfsight.com\/fr\/wp-json\/wp\/v2\/types\/page"}],"author":[{"embeddable":true,"href":"https:\/\/elfsight.com\/fr\/wp-json\/wp\/v2\/users\/9"}],"replies":[{"embeddable":true,"href":"https:\/\/elfsight.com\/fr\/wp-json\/wp\/v2\/comments?post=9738"}],"version-history":[{"count":1,"href":"https:\/\/elfsight.com\/fr\/wp-json\/wp\/v2\/pages\/9738\/revisions"}],"predecessor-version":[{"id":9742,"href":"https:\/\/elfsight.com\/fr\/wp-json\/wp\/v2\/pages\/9738\/revisions\/9742"}],"up":[{"embeddable":true,"href":"https:\/\/elfsight.com\/fr\/wp-json\/wp\/v2\/pages\/2529"}],"wp:attachment":[{"href":"https:\/\/elfsight.com\/fr\/wp-json\/wp\/v2\/media?parent=9738"}],"curies":[{"name":"wp","href":"https:\/\/api.w.org\/{rel}","templated":true}]}}