{"id":9731,"date":"1970-01-01T00:00:00","date_gmt":"1970-01-01T00:00:00","guid":{"rendered":"https:\/\/elfsight.com\/fr\/?page_id=9731"},"modified":"2025-07-10T12:30:07","modified_gmt":"2025-07-10T12:30:07","slug":"webflow","status":"publish","type":"page","link":"https:\/\/elfsight.com\/fr\/podcast-player-widget\/webflow\/","title":{"rendered":"Podcast Player &#8211; Webflow"},"content":{"rendered":"<div class=\"application-platform-content-item-description application-platform-content-item\" id=\"description\" data-nav-section=\"description\"> <h2>Int\u00e9grer Podcast Player sur Webflow avec le widget Elfsight<\/h2> <p>Elfsight Podcast Player est un outil simple pour Webflow qui vous permet de \u00e9coutez des podcasts directement sur votre page Web. Le plugin est hautement r\u00e9glable\u00a0: vous pouvez modifier sa position, l&rsquo;ins\u00e9rer n&rsquo;importe o\u00f9 sur la page, redimensionner sa taille, repeindre l&rsquo;arri\u00e8re-plan et toutes les autres parties pour le m\u00e9langer avec le design de votre site, utiliser un th\u00e8me sombre, afficher des couvertures et afficher ou masquer trois autres \u00e9l\u00e9ments. les d\u00e9tails du joueur, par exemple la barre de progression et autres. Divertissez vos utilisateurs, activez l&rsquo;option de lecture automatique et n&rsquo;h\u00e9sitez pas : vos utilisateurs ne quitteront pas votre page d&rsquo;accueil imm\u00e9diatement\u00a0! <\/p> <p><b>Engagez votre public en lui offrant du mat\u00e9riel utile et captivant gr\u00e2ce \u00e0 Elfsight Podcast Player<\/b><\/p> <\/div> <div class=\"application-platform-content-item-features application-platform-content-item\" id=\"features\" data-nav-section=\"features\"> <h2>Explorer la liste des plus grandes caract\u00e9ristiques\u00a0: <\/h2> <ul><li>Diverses modifications de couleurs. <\/li><li>2 mises en page disponibles. <\/li><li>Une opportunit\u00e9 d&rsquo;utiliser l&rsquo;image d&rsquo;arri\u00e8re-plan. <\/li><li>Adjectez un nombre illimit\u00e9 de pistes. <\/li><li>Une possibilit\u00e9 de cr\u00e9er votre propre palette de couleurs. <\/li><\/ul><p><a href=\"#demo\">Vous pouvez v\u00e9rifier le fonctionnement du widget en essayant la d\u00e9mo<\/a><\/p> <\/div> <div class=\"application-platform-content-item-installation application-platform-content-item\" id=\"installation\" data-nav-section=\"installation\"> <h2>Comment ajouter Podcast Player \u00e0 mon site Webflow\u00a0? <\/h2><div class=\"video-container\"><iframe width=\"720\" height=\"405\" src=\"https:\/\/www.youtube.com\/embed\/BTZcSyYwR8o\" frameborder=\"0\" allowfullscreen=\"\"><\/iframe><\/div><p>Suivez simplement les \u00e9tapes d\u00e9crites ci-dessous pour activer l&rsquo;outil. <\/p> <ol><li><b>Utilisez notre d\u00e9mo gratuite et commencez \u00e0 cr\u00e9er votre instrument sur mesure. <\/b><br> Recherchez l&rsquo;apparence et les fonctionnalit\u00e9s appropri\u00e9es du widget et enregistrez les modifications. <\/li> <li><b>Copiez votre code individuel apparaissant dans la case sur les applications Elfsight. <\/b><br> Juste apr\u00e8s la configuration de votre outil, copiez le code personnel dans la case qui appara\u00eet et conservez-le pour une utilisation ult\u00e9rieure. <\/li> <li><b>Commencez \u00e0 utiliser le widget sur votre page Web Webflow. <\/b><br> Int\u00e9grez le code que vous avez enregistr\u00e9 auparavant dans votre site Web et appliquez les ajustements. <\/li> <li><b>Fait\u00a0! L&rsquo;int\u00e9gration est termin\u00e9e avec succ\u00e8s. <\/b><br> Rendez-vous sur votre site pour examiner le fonctionnement de l&rsquo;outil. <\/li><\/ol> <p>Si vous \u00eates confront\u00e9 \u00e0 des questions ou rencontrez des difficult\u00e9s, n&rsquo;h\u00e9sitez pas \u00e0 contacter notre \u00e9quipe d&rsquo;assistance. Nos collaborateurs ont h\u00e2te de vous aider avec toutes les difficult\u00e9s que vous pourriez rencontrer avec le plugin. <\/p> <div class=\"faq\" data-component=\"FAQ\"><div class=\"faq-item\">\r\n\t\t\t\t\t<div class=\"faq-item-question\">\r\n\t\t\t\t\t\t<h3 class=\"faq-item-question-text\">Comment puis-je int\u00e9grer un widget Podcast Player dans mon site Webflow sans comp\u00e9tences en codage ?<\/h3>\r\n\r\n\t\t\t\t\t\t<div class=\"faq-item-question-icon\"><\/div>\r\n\t\t\t\t\t<\/div>\r\n\r\n\t\t\t\t\t<div class=\"faq-item-answer\">\r\n\t\t\t\t\t\t<div class=\"faq-item-answer-text\"><p>Elfsight fournit une solution bas\u00e9e sur le cloud qui permet aux utilisateurs de cr\u00e9er un widget Podcast Player sur leur propre, voyez \u00e0 quel point le processus est simple\u00a0:<\/p><ul><li>Acc\u00e9dez \u00e0 l&rsquo;\u00e9diteur en ligne pour g\u00e9n\u00e9rer une section de widget Podcast Player que vous souhaitez int\u00e9grer \u00e0 votre site Webflow.<\/li><li>Choisissez l&rsquo;un de nos mod\u00e8les pr\u00e9d\u00e9finis et personnalisez les param\u00e8tres du widget Podcast Player, modifiez la mise en page et la palette de couleurs, incluez votre contenu sans avoir besoin de codage.<\/li><li>Enregistrez les param\u00e8tres que vous avez configur\u00e9s pour le widget Podcast Player. et obtenez le code pour int\u00e9grer le widget, qui peut \u00eatre ajout\u00e9 sans effort et gratuitement \u00e0 votre site Webflow.<\/li><\/ul><p>En travaillant dans l&rsquo;\u00e9diteur convivial, tout internaute peut cr\u00e9er un lecteur de podcast. section widget et int\u00e9grez-la dans leur site Web Webflow. Il n&rsquo;y a aucune exigence de paiement ou de divulgation des informations de votre carte pour acc\u00e9der \u00e0 l&rsquo;\u00e9diteur Elfsight. Si vous rencontrez des difficult\u00e9s \u00e0 un moment donn\u00e9, n&rsquo;h\u00e9sitez pas \u00e0 contacter notre service client.<\/p><\/div>\r\n\t\t\t\t\t<\/div>\r\n\t\t\t\t<\/div><\/div><\/div>","protected":false},"excerpt":{"rendered":"","protected":false},"author":9,"featured_media":0,"parent":2529,"menu_order":0,"comment_status":"closed","ping_status":"closed","template":"templates\/template-application-platform.php","meta":{"publish_to_discourse":"","publish_post_category":"","wpdc_auto_publish_overridden":"","wpdc_topic_tags":"","wpdc_pin_topic":"","wpdc_pin_until":"","discourse_post_id":"","discourse_permalink":"","wpdc_publishing_response":"","wpdc_publishing_error":"","footnotes":""},"class_list":["post-9731","page","type-page","status-publish","hentry"],"yoast_head":"<!-- This site is optimized with the Yoast SEO plugin v25.3.1 - https:\/\/yoast.com\/wordpress\/plugins\/seo\/ -->\n<title>Elfsight Podcast Player pour le site Web Webflow (gratuit et rapide)<\/title>\n<meta name=\"description\" content=\"Commencez \u00e0 utiliser notre d\u00e9mo g\u00e9rable et int\u00e9grez un lecteur de podcast r\u00e9actif sur votre site Web Webflow. Int\u00e9grez notre d\u00e9mo pratique et cr\u00e9ez votre plugin personnalis\u00e9 sans effort\u00a0!\" \/>\n<meta name=\"robots\" content=\"index, follow, max-snippet:-1, max-image-preview:large, max-video-preview:-1\" \/>\n<link rel=\"canonical\" href=\"https:\/\/elfsight.com\/fr\/podcast-player-widget\/webflow\/\" \/>\n<meta property=\"og:locale\" content=\"fr_FR\" \/>\n<meta property=\"og:type\" content=\"article\" \/>\n<meta property=\"og:title\" content=\"Elfsight Podcast Player pour le site Web Webflow (gratuit et rapide)\" \/>\n<meta property=\"og:description\" content=\"Commencez \u00e0 utiliser notre d\u00e9mo g\u00e9rable et int\u00e9grez un lecteur de podcast r\u00e9actif sur votre site Web Webflow. Int\u00e9grez notre d\u00e9mo pratique et cr\u00e9ez votre plugin personnalis\u00e9 sans effort\u00a0!\" \/>\n<meta property=\"og:url\" content=\"https:\/\/elfsight.com\/fr\/podcast-player-widget\/webflow\/\" \/>\n<meta property=\"og:site_name\" content=\"Elfsight FR\" \/>\n<meta property=\"article:modified_time\" content=\"2025-07-10T12:30:07+00:00\" \/>\n<meta name=\"twitter:card\" content=\"summary_large_image\" \/>\n<meta name=\"twitter:label1\" content=\"Dur\u00e9e de lecture estim\u00e9e\" \/>\n\t<meta name=\"twitter:data1\" content=\"3 minutes\" \/>\n<!-- \/ Yoast SEO plugin. -->","yoast_head_json":{"title":"Elfsight Podcast Player pour le site Web Webflow (gratuit et rapide)","description":"Commencez \u00e0 utiliser notre d\u00e9mo g\u00e9rable et int\u00e9grez un lecteur de podcast r\u00e9actif sur votre site Web Webflow. Int\u00e9grez notre d\u00e9mo pratique et cr\u00e9ez votre plugin personnalis\u00e9 sans effort\u00a0!","robots":{"index":"index","follow":"follow","max-snippet":"max-snippet:-1","max-image-preview":"max-image-preview:large","max-video-preview":"max-video-preview:-1"},"canonical":"https:\/\/elfsight.com\/fr\/podcast-player-widget\/webflow\/","og_locale":"fr_FR","og_type":"article","og_title":"Elfsight Podcast Player pour le site Web Webflow (gratuit et rapide)","og_description":"Commencez \u00e0 utiliser notre d\u00e9mo g\u00e9rable et int\u00e9grez un lecteur de podcast r\u00e9actif sur votre site Web Webflow. Int\u00e9grez notre d\u00e9mo pratique et cr\u00e9ez votre plugin personnalis\u00e9 sans effort\u00a0!","og_url":"https:\/\/elfsight.com\/fr\/podcast-player-widget\/webflow\/","og_site_name":"Elfsight FR","article_modified_time":"2025-07-10T12:30:07+00:00","twitter_card":"summary_large_image","twitter_misc":{"Dur\u00e9e de lecture estim\u00e9e":"3 minutes"},"schema":{"@context":"https:\/\/schema.org","@graph":[{"@type":"WebPage","@id":"https:\/\/elfsight.com\/fr\/podcast-player-widget\/webflow\/","url":"https:\/\/elfsight.com\/fr\/podcast-player-widget\/webflow\/","name":"Elfsight Podcast Player pour le site Web Webflow (gratuit et rapide)","isPartOf":{"@id":"https:\/\/elfsight.com\/fr\/#website"},"datePublished":"1970-01-01T00:00:00+00:00","dateModified":"2025-07-10T12:30:07+00:00","description":"Commencez \u00e0 utiliser notre d\u00e9mo g\u00e9rable et int\u00e9grez un lecteur de podcast r\u00e9actif sur votre site Web Webflow. Int\u00e9grez notre d\u00e9mo pratique et cr\u00e9ez votre plugin personnalis\u00e9 sans effort\u00a0!","breadcrumb":{"@id":"https:\/\/elfsight.com\/fr\/podcast-player-widget\/webflow\/#breadcrumb"},"inLanguage":"fr-FR","potentialAction":[{"@type":"ReadAction","target":["https:\/\/elfsight.com\/fr\/podcast-player-widget\/webflow\/"]}]},{"@type":"BreadcrumbList","@id":"https:\/\/elfsight.com\/fr\/podcast-player-widget\/webflow\/#breadcrumb","itemListElement":[{"@type":"ListItem","position":1,"name":"Home","item":"https:\/\/elfsight.com\/fr\/"},{"@type":"ListItem","position":2,"name":"Podcast Player","item":"https:\/\/elfsight.com\/fr\/podcast-player-widget\/"},{"@type":"ListItem","position":3,"name":"Podcast Player &#8211; Webflow"}]},{"@type":"WebSite","@id":"https:\/\/elfsight.com\/fr\/#website","url":"https:\/\/elfsight.com\/fr\/","name":"Elfsight FR","description":"","potentialAction":[{"@type":"SearchAction","target":{"@type":"EntryPoint","urlTemplate":"https:\/\/elfsight.com\/fr\/?s={search_term_string}"},"query-input":{"@type":"PropertyValueSpecification","valueRequired":true,"valueName":"search_term_string"}}],"inLanguage":"fr-FR"}]}},"meta_box":{"industry":"","seo_heading":"","heading":"","description":"","cta_heading":"","cta_description":"","application":"2528","h1":"Widget du lecteur de podcast Webflow","h1_caption":"Int\u00e9grez un lecteur de podcast directement sur votre site Web, permettant aux utilisateurs d'\u00e9couter vos \u00e9pisodes sans quitter la page de votre site Web Webflow, sans effort.","application_category":[],"applications_title":"","applications_request_title":"","applications_request_button_text":"","hero_text":"","hero_video":"","hero_video_schema_markup":"","selling_points_title":"","selling_points_caption":"","selling_points":[],"selling_points_cta_text":"","features_title":"","features":"","ed_cta_examples_text":"","ed_cta_examples_hidden":"","ed_cta_demo_text":"","ed_cta_demo_hidden":"","why_caption":"","why_editor_title":"","why_editor_text":"","why_team_title":"","why_team_text":"","why_service_title":"","why_service_text":"","template_catalog_visible":"","template_catalog_title":"","template_catalog_text":"","template_catalog_categories_visible":"","demo_title":"Cr\u00e9ez votre widget Lecteur de podcast","demo_caption":"Configurez votre lecteur Podcast et ajoutez-le gratuitement \u00e0 votre site Web Web\u00a0!","default_faq_hidden":"","app_template_category":[],"platform":"362","template_public_id":"","codecanyon_url":"","codecanyon_item_id":"","codecanyon_price":"","pricing_caption":"","pricing_elfsight_apps_hide_column":"","pricing_elfsight_apps_url":"","pricing_codecanyon_price_caption":"","integration_category":[],"integration_request_title":"","integration_request_cta":"","integration_platform":"","integrations":[],"platform_category":[],"video_schema_markup":"","price":"\u00e0 partir de 0$ \/ mois","trial":"","benefits":[{"text":"Service d'installation gratuit"},{"text":"Support client exp\u00e9riment\u00e9"},{"text":"Garantie de remboursement de 14 jours"},{"text":"Futures am\u00e9liorations gratuites"}],"button_url":"","button_target_blank":"","button_nofollow":"","attributes":[{"name":"Installations","content":"10,000 - 100,000"},{"name":"Sensible","content":"Oui"},{"name":"Navigateurs compatibles","content":"Firefox, Edge, Safari, Opera, Chrome"}],"tags":[],"tags_disable_links":"","hide_more_platforms":"","video_object":"","demo_hide_cta":"","demo_hide_cloud_options":"","pricing_title":"","pricing":[{"pricing_icon":"platform","pricing_title":"Elfsight Apps","pricing_title_caption":"Un logiciel multiplateforme qui fonctionne sur chaque site","pricing_price":"from $0 \/ month","pricing_price_caption":"commencez avec un forfait gratuit","pricing_benefits":[{"text":"Nombre illimit\u00e9 de domaines"},{"text":"R\u00e9ponses d'assistance rapides"},{"text":"Service d'installation gratuit"},{"text":"Offre sp\u00e9ciale pour plusieurs applications"}],"pricing_button_text":"Ajouter au site Web","pricing_button_url":"#demo"}],"related_apps_title":"","related_apps_hidden":"","author":"","image":[],"title":"","job":"","social_networks":[]},"_links":{"self":[{"href":"https:\/\/elfsight.com\/fr\/wp-json\/wp\/v2\/pages\/9731","targetHints":{"allow":["GET"]}}],"collection":[{"href":"https:\/\/elfsight.com\/fr\/wp-json\/wp\/v2\/pages"}],"about":[{"href":"https:\/\/elfsight.com\/fr\/wp-json\/wp\/v2\/types\/page"}],"author":[{"embeddable":true,"href":"https:\/\/elfsight.com\/fr\/wp-json\/wp\/v2\/users\/9"}],"replies":[{"embeddable":true,"href":"https:\/\/elfsight.com\/fr\/wp-json\/wp\/v2\/comments?post=9731"}],"version-history":[{"count":1,"href":"https:\/\/elfsight.com\/fr\/wp-json\/wp\/v2\/pages\/9731\/revisions"}],"predecessor-version":[{"id":9735,"href":"https:\/\/elfsight.com\/fr\/wp-json\/wp\/v2\/pages\/9731\/revisions\/9735"}],"up":[{"embeddable":true,"href":"https:\/\/elfsight.com\/fr\/wp-json\/wp\/v2\/pages\/2529"}],"wp:attachment":[{"href":"https:\/\/elfsight.com\/fr\/wp-json\/wp\/v2\/media?parent=9731"}],"curies":[{"name":"wp","href":"https:\/\/api.w.org\/{rel}","templated":true}]}}