{"id":9725,"date":"1970-01-01T00:00:00","date_gmt":"1970-01-01T00:00:00","guid":{"rendered":"https:\/\/elfsight.com\/fr\/?page_id=9725"},"modified":"2025-07-10T12:30:16","modified_gmt":"2025-07-10T12:30:16","slug":"weebly","status":"publish","type":"page","link":"https:\/\/elfsight.com\/fr\/podcast-player-widget\/weebly\/","title":{"rendered":"Podcast Player &#8211; Weebly"},"content":{"rendered":"<div class=\"application-platform-content-item-description application-platform-content-item\" id=\"description\" data-nav-section=\"description\"> <h2>Description<\/h2> <p>Elfsight Podcast Player est un outil simple pour Weebly vous donnant la possibilit\u00e9 de diffuser des podcasts directement sur les pages de votre site. Le widget est hautement modifiable\u00a0: vous pouvez changer sa position, le placer n&rsquo;importe o\u00f9 sur la page, modifier sa taille, modifier l&rsquo;arri\u00e8re-plan et d&rsquo;autres parties pour le m\u00e9langer avec le design de votre site, appliquer une palette de couleurs sombres, r\u00e9v\u00e9ler des images et afficher ou cachez 3 autres parties du joueur comme la barre de progression et bien d\u2019autres. Divertissez vos utilisateurs, activez la lecture automatique et soyez-en s\u00fbr\u00a0: votre public ne quittera pas votre site pr\u00e9cipitamment\u00a0! <\/p> <p><b>Engagez vos utilisateurs en leur offrant du mat\u00e9riel pr\u00e9cieux et divertissant gr\u00e2ce \u00e0 Elfsight Podcast Player<\/b><\/p> <\/div> <div class=\"application-platform-content-item-features application-platform-content-item\" id=\"features\" data-nav-section=\"features\"> <h2> L&rsquo;application offre des fonctionnalit\u00e9s pratiques et rapides, d\u00e9couvrez-en quelques-unes\u00a0: <\/h2> <ul><li>Modifications de couleurs illimit\u00e9es. <\/li><li>Deux mises en page applicables. <\/li><li>Possibilit\u00e9 d&rsquo;ajouter une image d&rsquo;arri\u00e8re-plan. <\/li><li>Adjecter un nombre illimit\u00e9 de pistes. <\/li><li>Une option pour cr\u00e9er votre propre palette de couleurs. <\/li><\/ul><p><a href=\"#demo\">Essayez simplement cette d\u00e9mo pour voir comment elle fonctionne<\/a><\/p> <\/div> <div class=\"application-platform-content-item-installation application-platform-content-item\" id=\"installation\" data-nav-section=\"installation\"> <h2>Comment ajouter Podcast Player \u00e0 mon site Weebly\u00a0? <\/h2><div class=\"video-container\"><iframe width=\"720\" height=\"405\" src=\"https:\/\/www.youtube.com\/embed\/4KsEx3kNfiA\" frameborder=\"0\" allowfullscreen><\/iframe><\/div><p>Suivez simplement plusieurs \u00e9tapes ci-dessous pour commencer \u00e0 travailler avec l&rsquo;application. <\/p> <ol><li><b>Ouvrez notre \u00e9diteur gratuit et commencez \u00e0 fa\u00e7onner votre application personnalis\u00e9e. <\/b><br> Sp\u00e9cifiez la disposition et les param\u00e8tres personnalis\u00e9s de l&rsquo;application et appliquez toutes les modifications. <\/li> <li><b>Obtenez votre code unique qui appara\u00eet dans la case sur les applications Elfsight. <\/b><br> Une fois la cr\u00e9ation de votre application termin\u00e9e, copiez le code exclusif dans la bo\u00eete qui appara\u00eet et enregistrez-le pour une utilisation ult\u00e9rieure. <\/li> <li><b>Commencez l&rsquo;utilisation de l&rsquo;application sur votre site Web Weebly. <\/b><br> Int\u00e9grez le code que vous avez enregistr\u00e9 r\u00e9cemment dans votre site et enregistrez les corrections. <\/li> <li><b>L&rsquo;installation est enti\u00e8rement termin\u00e9e. <\/b><br> Visitez votre site Web pour inspecter les performances de l&rsquo;application. <\/li><\/ol><p>Si vous rencontrez des probl\u00e8mes, n&rsquo;h\u00e9sitez pas \u00e0 vous adresser \u00e0 notre \u00e9quipe du service client. Nos consultants seront ravis de r\u00e9soudre toutes les difficult\u00e9s que vous pourriez rencontrer avec le widget. <\/p> <\/div>","protected":false},"excerpt":{"rendered":"","protected":false},"author":9,"featured_media":0,"parent":2529,"menu_order":0,"comment_status":"closed","ping_status":"closed","template":"templates\/template-application-platform.php","meta":{"publish_to_discourse":"","publish_post_category":"","wpdc_auto_publish_overridden":"","wpdc_topic_tags":"","wpdc_pin_topic":"","wpdc_pin_until":"","discourse_post_id":"","discourse_permalink":"","wpdc_publishing_response":"","wpdc_publishing_error":"","footnotes":""},"class_list":["post-9725","page","type-page","status-publish","hentry"],"yoast_head":"<!-- This site is optimized with the Yoast SEO plugin v25.3.1 - https:\/\/yoast.com\/wordpress\/plugins\/seo\/ -->\n<title>Elfsight Podcast Player pour le site Web Weebly (facile et rapide)<\/title>\n<meta name=\"description\" content=\"Utilisez notre d\u00e9mo g\u00e9rable et int\u00e9grez un lecteur de podcast r\u00e9actif sur votre site Web Weebly. Int\u00e9grez notre d\u00e9mo accessible et cr\u00e9ez votre plugin personnalis\u00e9 sans effort\u00a0!\" \/>\n<meta name=\"robots\" content=\"index, follow, max-snippet:-1, max-image-preview:large, max-video-preview:-1\" \/>\n<link rel=\"canonical\" href=\"https:\/\/elfsight.com\/fr\/podcast-player-widget\/weebly\/\" \/>\n<meta property=\"og:locale\" content=\"fr_FR\" \/>\n<meta property=\"og:type\" content=\"article\" \/>\n<meta property=\"og:title\" content=\"Elfsight Podcast Player pour le site Web Weebly (facile et rapide)\" \/>\n<meta property=\"og:description\" content=\"Utilisez notre d\u00e9mo g\u00e9rable et int\u00e9grez un lecteur de podcast r\u00e9actif sur votre site Web Weebly. Int\u00e9grez notre d\u00e9mo accessible et cr\u00e9ez votre plugin personnalis\u00e9 sans effort\u00a0!\" \/>\n<meta property=\"og:url\" content=\"https:\/\/elfsight.com\/fr\/podcast-player-widget\/weebly\/\" \/>\n<meta property=\"og:site_name\" content=\"Elfsight FR\" \/>\n<meta property=\"article:modified_time\" content=\"2025-07-10T12:30:16+00:00\" \/>\n<meta name=\"twitter:card\" content=\"summary_large_image\" \/>\n<meta name=\"twitter:label1\" content=\"Dur\u00e9e de lecture estim\u00e9e\" \/>\n\t<meta name=\"twitter:data1\" content=\"2 minutes\" \/>\n<!-- \/ Yoast SEO plugin. -->","yoast_head_json":{"title":"Elfsight Podcast Player pour le site Web Weebly (facile et rapide)","description":"Utilisez notre d\u00e9mo g\u00e9rable et int\u00e9grez un lecteur de podcast r\u00e9actif sur votre site Web Weebly. Int\u00e9grez notre d\u00e9mo accessible et cr\u00e9ez votre plugin personnalis\u00e9 sans effort\u00a0!","robots":{"index":"index","follow":"follow","max-snippet":"max-snippet:-1","max-image-preview":"max-image-preview:large","max-video-preview":"max-video-preview:-1"},"canonical":"https:\/\/elfsight.com\/fr\/podcast-player-widget\/weebly\/","og_locale":"fr_FR","og_type":"article","og_title":"Elfsight Podcast Player pour le site Web Weebly (facile et rapide)","og_description":"Utilisez notre d\u00e9mo g\u00e9rable et int\u00e9grez un lecteur de podcast r\u00e9actif sur votre site Web Weebly. Int\u00e9grez notre d\u00e9mo accessible et cr\u00e9ez votre plugin personnalis\u00e9 sans effort\u00a0!","og_url":"https:\/\/elfsight.com\/fr\/podcast-player-widget\/weebly\/","og_site_name":"Elfsight FR","article_modified_time":"2025-07-10T12:30:16+00:00","twitter_card":"summary_large_image","twitter_misc":{"Dur\u00e9e de lecture estim\u00e9e":"2 minutes"},"schema":{"@context":"https:\/\/schema.org","@graph":[{"@type":"WebPage","@id":"https:\/\/elfsight.com\/fr\/podcast-player-widget\/weebly\/","url":"https:\/\/elfsight.com\/fr\/podcast-player-widget\/weebly\/","name":"Elfsight Podcast Player pour le site Web Weebly (facile et rapide)","isPartOf":{"@id":"https:\/\/elfsight.com\/fr\/#website"},"datePublished":"1970-01-01T00:00:00+00:00","dateModified":"2025-07-10T12:30:16+00:00","description":"Utilisez notre d\u00e9mo g\u00e9rable et int\u00e9grez un lecteur de podcast r\u00e9actif sur votre site Web Weebly. Int\u00e9grez notre d\u00e9mo accessible et cr\u00e9ez votre plugin personnalis\u00e9 sans effort\u00a0!","breadcrumb":{"@id":"https:\/\/elfsight.com\/fr\/podcast-player-widget\/weebly\/#breadcrumb"},"inLanguage":"fr-FR","potentialAction":[{"@type":"ReadAction","target":["https:\/\/elfsight.com\/fr\/podcast-player-widget\/weebly\/"]}]},{"@type":"BreadcrumbList","@id":"https:\/\/elfsight.com\/fr\/podcast-player-widget\/weebly\/#breadcrumb","itemListElement":[{"@type":"ListItem","position":1,"name":"Home","item":"https:\/\/elfsight.com\/fr\/"},{"@type":"ListItem","position":2,"name":"Podcast Player","item":"https:\/\/elfsight.com\/fr\/podcast-player-widget\/"},{"@type":"ListItem","position":3,"name":"Podcast Player &#8211; Weebly"}]},{"@type":"WebSite","@id":"https:\/\/elfsight.com\/fr\/#website","url":"https:\/\/elfsight.com\/fr\/","name":"Elfsight FR","description":"","potentialAction":[{"@type":"SearchAction","target":{"@type":"EntryPoint","urlTemplate":"https:\/\/elfsight.com\/fr\/?s={search_term_string}"},"query-input":{"@type":"PropertyValueSpecification","valueRequired":true,"valueName":"search_term_string"}}],"inLanguage":"fr-FR"}]}},"meta_box":{"industry":"","seo_heading":"","heading":"","description":"","cta_heading":"","cta_description":"","application":"2528","h1":"Application Weebly Podcast Player","h1_caption":"Int\u00e9grez un lecteur de podcast directement sur votre site Web, permettant aux utilisateurs d'\u00e9couter vos \u00e9pisodes sans quitter la page de votre site Web Weebly, sans effort.","application_category":[],"applications_title":"","applications_request_title":"","applications_request_button_text":"","hero_text":"","hero_video":"","hero_video_schema_markup":"","selling_points_title":"","selling_points_caption":"","selling_points":[],"selling_points_cta_text":"","features_title":"","features":"","ed_cta_examples_text":"","ed_cta_examples_hidden":"","ed_cta_demo_text":"","ed_cta_demo_hidden":"","why_caption":"","why_editor_title":"","why_editor_text":"","why_team_title":"","why_team_text":"","why_service_title":"","why_service_text":"","template_catalog_visible":"","template_catalog_title":"","template_catalog_text":"","template_catalog_categories_visible":"","demo_title":"Cr\u00e9ez votre application Podcast Player","demo_caption":"Configurez votre lecteur Podcast et ajoutez-le gratuitement \u00e0 votre site Web Weebly\u00a0!","default_faq_hidden":"","app_template_category":[],"platform":"363","template_public_id":"","codecanyon_url":"","codecanyon_item_id":"","codecanyon_price":"","pricing_caption":"","pricing_elfsight_apps_hide_column":"","pricing_elfsight_apps_url":"","pricing_codecanyon_price_caption":"","integration_category":[],"integration_request_title":"","integration_request_cta":"","integration_platform":"","integrations":[],"platform_category":[],"video_schema_markup":"","price":"\u00e0 partir de 0$ \/ mois","trial":"","benefits":[{"text":"Service d'installation gratuit"},{"text":"Assistance premium"},{"text":"Garantie de remboursement de 14 jours"},{"text":"Mise \u00e0 jour constante"}],"button_url":"","button_target_blank":"","button_nofollow":"","attributes":[{"name":"Installations","content":"10,000 - 100,000"},{"name":"Sensible","content":"Oui"},{"name":"Navigateurs compatibles","content":"Firefox, Safari, Opera, Chrome, Edge"}],"tags":[],"tags_disable_links":"","hide_more_platforms":"","video_object":"","demo_hide_cta":"","demo_hide_cloud_options":"","pricing_title":"","pricing":[{"pricing_icon":"platform","pricing_title":"Elfsight Apps","pricing_title_caption":"Solution multiplateforme qui fonctionne sur n'importe quel site","pricing_price":"from $0 \/ month","pricing_price_caption":"commencez avec un forfait gratuit","pricing_benefits":[{"text":"Sites Web illimit\u00e9s"},{"text":"Assistance gratuite et ponctuelle"},{"text":"Service d'installation gratuit"},{"text":"Enti\u00e8rement personnalisable"}],"pricing_button_text":"Ajouter au site Web","pricing_button_url":"#demo"}],"related_apps_title":"","related_apps_hidden":"","author":"","image":[],"title":"","job":"","social_networks":[]},"_links":{"self":[{"href":"https:\/\/elfsight.com\/fr\/wp-json\/wp\/v2\/pages\/9725","targetHints":{"allow":["GET"]}}],"collection":[{"href":"https:\/\/elfsight.com\/fr\/wp-json\/wp\/v2\/pages"}],"about":[{"href":"https:\/\/elfsight.com\/fr\/wp-json\/wp\/v2\/types\/page"}],"author":[{"embeddable":true,"href":"https:\/\/elfsight.com\/fr\/wp-json\/wp\/v2\/users\/9"}],"replies":[{"embeddable":true,"href":"https:\/\/elfsight.com\/fr\/wp-json\/wp\/v2\/comments?post=9725"}],"version-history":[{"count":2,"href":"https:\/\/elfsight.com\/fr\/wp-json\/wp\/v2\/pages\/9725\/revisions"}],"predecessor-version":[{"id":14907,"href":"https:\/\/elfsight.com\/fr\/wp-json\/wp\/v2\/pages\/9725\/revisions\/14907"}],"up":[{"embeddable":true,"href":"https:\/\/elfsight.com\/fr\/wp-json\/wp\/v2\/pages\/2529"}],"wp:attachment":[{"href":"https:\/\/elfsight.com\/fr\/wp-json\/wp\/v2\/media?parent=9725"}],"curies":[{"name":"wp","href":"https:\/\/api.w.org\/{rel}","templated":true}]}}