{"id":9724,"date":"1970-01-01T00:00:00","date_gmt":"1970-01-01T00:00:00","guid":{"rendered":"https:\/\/elfsight.com\/fr\/?page_id=9724"},"modified":"2025-07-10T12:30:25","modified_gmt":"2025-07-10T12:30:25","slug":"wix","status":"publish","type":"page","link":"https:\/\/elfsight.com\/fr\/podcast-player-widget\/wix\/","title":{"rendered":"Podcast Player &#8211; Wix"},"content":{"rendered":"<div class=\"application-platform-content-item-description application-platform-content-item\" id=\"description\" data-nav-section=\"description\"> <h2>Description<\/h2> <p>Elfsight Podcast Player est une application simple pour les sites Web Wix vous permettant de lire des podcasts directement sur votre page d&rsquo;accueil. L&rsquo;outil est extr\u00eamement r\u00e9glable\u00a0: vous \u00eates libre de modifier sa position, de le placer n&rsquo;importe o\u00f9 sur la page, de redimensionner sa taille, de recolorer l&rsquo;arri\u00e8re-plan et d&rsquo;autres parties pour le m\u00e9langer au style de votre site, d&rsquo;utiliser un th\u00e8me sombre, d&rsquo;afficher des images et d&rsquo;en afficher ou masquer trois. des d\u00e9tails suppl\u00e9mentaires sur le joueur comme la barre de progression et bien d\u2019autres. Divertissez vos visiteurs, activez la lecture automatique et n&rsquo;ayez aucun doute\u00a0: vos visiteurs ne quitteront pas votre page d&rsquo;accueil pr\u00e9cipitamment\u00a0! <\/p> <p><b>Int\u00e9ressez vos utilisateurs en les \u00e9quipant de supports pr\u00e9cieux et captivants gr\u00e2ce \u00e0 Elfsight Podcast Player<\/b><\/p> <\/div> <div class=\"application-platform-content-item-features application-platform-content-item\" id=\"features\" data-nav-section=\"features\"> <h2> Le widget a des fonctionnalit\u00e9s pratiques et simples, voyez-en quelques-unes\u00a0: <\/h2> <ul><li>Diverses variations de couleurs. <\/li><li>2 mises en page applicables. <\/li><li>Une option pour ajouter une image d&rsquo;arri\u00e8re-plan. <\/li><li>Ajoutez un nombre illimit\u00e9 de pistes. <\/li><li>Une possibilit\u00e9 de concevoir votre palette de couleurs personnalis\u00e9e. <\/li><\/ul><p><a href=\"#demo\">Essayez simplement cette d\u00e9mo pour voir comment cela fonctionne<\/a><\/p> <\/div> <div class=\"application-platform-content-item-installation application-platform-content-item\" id=\"installation\" data-nav-section=\"installation\"> <h2>Comment int\u00e9grer Podcast Player dans mon site Wix\u00a0? <\/h2><div class=\"video-container\"><iframe width=\"720\" height=\"405\" src=\"https:\/\/www.youtube.com\/embed\/JWLU7PDrAnI\" frameborder=\"0\" allowfullscreen><\/iframe><\/div><p>Suivez simplement quelques \u00e9tapes d\u00e9crites ci-dessous pour int\u00e9grer le widget. <\/p> <ol><li><b>Utilisez notre d\u00e9mo gratuite et commencez \u00e0 cr\u00e9er votre application personnalis\u00e9e. <\/b><br> Pr\u00e9cisez l&rsquo;interface et les fonctionnalit\u00e9s s\u00e9lectionn\u00e9es de l&rsquo;outil et enregistrez les modifications. <\/li> <li><b>Acqu\u00e9rez votre code individuel indiqu\u00e9 dans la case sur les applications Elfsight. <\/b><br> Une fois la g\u00e9n\u00e9ration de votre application personnelle termin\u00e9e, copiez le code individuel dans la fen\u00eatre qui appara\u00eet et conservez-le pour une occasion ult\u00e9rieure. <\/li> <li><b>Initiez l&rsquo;utilisation de l&rsquo;outil sur votre site Web Wix. <\/b><br> Collez le code copi\u00e9 auparavant dans votre page et appliquez les modifications. <\/li> <li><b>L&rsquo;installation est enti\u00e8rement effectu\u00e9e. <\/b><br> Acc\u00e9dez \u00e0 votre site pour voir comment fonctionne le plugin. <\/li><\/ol> <p>Si vous rencontrez des obstacles, n&rsquo;h\u00e9sitez pas \u00e0 contacter notre \u00e9quipe d&rsquo;assistance. Nos consultants sont impatients de vous aider avec toutes les questions que vous pourriez avoir avec le produit. <\/p> <\/div>","protected":false},"excerpt":{"rendered":"","protected":false},"author":9,"featured_media":0,"parent":2529,"menu_order":0,"comment_status":"closed","ping_status":"closed","template":"templates\/template-application-platform.php","meta":{"publish_to_discourse":"","publish_post_category":"","wpdc_auto_publish_overridden":"","wpdc_topic_tags":"","wpdc_pin_topic":"","wpdc_pin_until":"","discourse_post_id":"","discourse_permalink":"","wpdc_publishing_response":"","wpdc_publishing_error":"","footnotes":""},"class_list":["post-9724","page","type-page","status-publish","hentry"],"yoast_head":"<!-- This site is optimized with the Yoast SEO plugin v25.3.1 - https:\/\/yoast.com\/wordpress\/plugins\/seo\/ -->\n<title>Site Web Elfsight Podcast Player pour Wix (gratuit et facile)<\/title>\n<meta name=\"description\" content=\"Utilisez notre d\u00e9mo accessible et impl\u00e9mentez un lecteur de podcast r\u00e9actif sur votre page d&#039;accueil Wix. Impl\u00e9mentez notre d\u00e9mo pratique et cr\u00e9ez votre application personnalis\u00e9e sans effort\u00a0!\" \/>\n<meta name=\"robots\" content=\"index, follow, max-snippet:-1, max-image-preview:large, max-video-preview:-1\" \/>\n<link rel=\"canonical\" href=\"https:\/\/elfsight.com\/fr\/podcast-player-widget\/wix\/\" \/>\n<meta property=\"og:locale\" content=\"fr_FR\" \/>\n<meta property=\"og:type\" content=\"article\" \/>\n<meta property=\"og:title\" content=\"Site Web Elfsight Podcast Player pour Wix (gratuit et facile)\" \/>\n<meta property=\"og:description\" content=\"Utilisez notre d\u00e9mo accessible et impl\u00e9mentez un lecteur de podcast r\u00e9actif sur votre page d&#039;accueil Wix. Impl\u00e9mentez notre d\u00e9mo pratique et cr\u00e9ez votre application personnalis\u00e9e sans effort\u00a0!\" \/>\n<meta property=\"og:url\" content=\"https:\/\/elfsight.com\/fr\/podcast-player-widget\/wix\/\" \/>\n<meta property=\"og:site_name\" content=\"Elfsight FR\" \/>\n<meta property=\"article:modified_time\" content=\"2025-07-10T12:30:25+00:00\" \/>\n<meta name=\"twitter:card\" content=\"summary_large_image\" \/>\n<meta name=\"twitter:label1\" content=\"Dur\u00e9e de lecture estim\u00e9e\" \/>\n\t<meta name=\"twitter:data1\" content=\"2 minutes\" \/>\n<!-- \/ Yoast SEO plugin. -->","yoast_head_json":{"title":"Site Web Elfsight Podcast Player pour Wix (gratuit et facile)","description":"Utilisez notre d\u00e9mo accessible et impl\u00e9mentez un lecteur de podcast r\u00e9actif sur votre page d'accueil Wix. Impl\u00e9mentez notre d\u00e9mo pratique et cr\u00e9ez votre application personnalis\u00e9e sans effort\u00a0!","robots":{"index":"index","follow":"follow","max-snippet":"max-snippet:-1","max-image-preview":"max-image-preview:large","max-video-preview":"max-video-preview:-1"},"canonical":"https:\/\/elfsight.com\/fr\/podcast-player-widget\/wix\/","og_locale":"fr_FR","og_type":"article","og_title":"Site Web Elfsight Podcast Player pour Wix (gratuit et facile)","og_description":"Utilisez notre d\u00e9mo accessible et impl\u00e9mentez un lecteur de podcast r\u00e9actif sur votre page d'accueil Wix. Impl\u00e9mentez notre d\u00e9mo pratique et cr\u00e9ez votre application personnalis\u00e9e sans effort\u00a0!","og_url":"https:\/\/elfsight.com\/fr\/podcast-player-widget\/wix\/","og_site_name":"Elfsight FR","article_modified_time":"2025-07-10T12:30:25+00:00","twitter_card":"summary_large_image","twitter_misc":{"Dur\u00e9e de lecture estim\u00e9e":"2 minutes"},"schema":{"@context":"https:\/\/schema.org","@graph":[{"@type":"WebPage","@id":"https:\/\/elfsight.com\/fr\/podcast-player-widget\/wix\/","url":"https:\/\/elfsight.com\/fr\/podcast-player-widget\/wix\/","name":"Site Web Elfsight Podcast Player pour Wix (gratuit et facile)","isPartOf":{"@id":"https:\/\/elfsight.com\/fr\/#website"},"datePublished":"1970-01-01T00:00:00+00:00","dateModified":"2025-07-10T12:30:25+00:00","description":"Utilisez notre d\u00e9mo accessible et impl\u00e9mentez un lecteur de podcast r\u00e9actif sur votre page d'accueil Wix. Impl\u00e9mentez notre d\u00e9mo pratique et cr\u00e9ez votre application personnalis\u00e9e sans effort\u00a0!","breadcrumb":{"@id":"https:\/\/elfsight.com\/fr\/podcast-player-widget\/wix\/#breadcrumb"},"inLanguage":"fr-FR","potentialAction":[{"@type":"ReadAction","target":["https:\/\/elfsight.com\/fr\/podcast-player-widget\/wix\/"]}]},{"@type":"BreadcrumbList","@id":"https:\/\/elfsight.com\/fr\/podcast-player-widget\/wix\/#breadcrumb","itemListElement":[{"@type":"ListItem","position":1,"name":"Home","item":"https:\/\/elfsight.com\/fr\/"},{"@type":"ListItem","position":2,"name":"Podcast Player","item":"https:\/\/elfsight.com\/fr\/podcast-player-widget\/"},{"@type":"ListItem","position":3,"name":"Podcast Player &#8211; Wix"}]},{"@type":"WebSite","@id":"https:\/\/elfsight.com\/fr\/#website","url":"https:\/\/elfsight.com\/fr\/","name":"Elfsight FR","description":"","potentialAction":[{"@type":"SearchAction","target":{"@type":"EntryPoint","urlTemplate":"https:\/\/elfsight.com\/fr\/?s={search_term_string}"},"query-input":{"@type":"PropertyValueSpecification","valueRequired":true,"valueName":"search_term_string"}}],"inLanguage":"fr-FR"}]}},"meta_box":{"industry":"","seo_heading":"","heading":"","description":"","cta_heading":"","cta_description":"","application":"2528","h1":"Application Wix Podcast Player","h1_caption":"Int\u00e9grez un lecteur de podcast directement sur votre site Web, permettant aux utilisateurs d'\u00e9couter vos \u00e9pisodes sans quitter la page de votre site Web Wix, sans effort.","application_category":[],"applications_title":"","applications_request_title":"","applications_request_button_text":"","hero_text":"","hero_video":"","hero_video_schema_markup":"","selling_points_title":"","selling_points_caption":"","selling_points":[],"selling_points_cta_text":"","features_title":"","features":"","ed_cta_examples_text":"","ed_cta_examples_hidden":"","ed_cta_demo_text":"","ed_cta_demo_hidden":"","why_caption":"","why_editor_title":"","why_editor_text":"","why_team_title":"","why_team_text":"","why_service_title":"","why_service_text":"","template_catalog_visible":"","template_catalog_title":"","template_catalog_text":"","template_catalog_categories_visible":"","demo_title":"Cr\u00e9ez votre application Podcast Player","demo_caption":"Configurez votre lecteur Podcast et ajoutez-le \u00e0 votre site Web Wix gratuitement !","default_faq_hidden":"","app_template_category":[],"platform":"345","template_public_id":"","codecanyon_url":"","codecanyon_item_id":"","codecanyon_price":"","pricing_caption":"","pricing_elfsight_apps_hide_column":"","pricing_elfsight_apps_url":"","pricing_codecanyon_price_caption":"","integration_category":[],"integration_request_title":"","integration_request_cta":"","integration_platform":"","integrations":[],"platform_category":[],"video_schema_markup":"","price":"\u00e0 partir de 0$ \/ mois","trial":"","benefits":[{"text":"Service d'installation gratuit"},{"text":"Service client professionnel"},{"text":"Garantie de remboursement de 14 jours"},{"text":"Am\u00e9liorations continues"}],"button_url":"","button_target_blank":"","button_nofollow":"","attributes":[{"name":"Installations","content":"10,000 - 100,000"},{"name":"Sensible","content":"Oui"},{"name":"Navigateurs compatibles","content":"Firefox, Chrome, Safari, Opera, Edge"}],"tags":[],"tags_disable_links":"","hide_more_platforms":"","video_object":"","demo_hide_cta":"","demo_hide_cloud_options":"","pricing_title":"","pricing":[{"pricing_icon":"platform","pricing_title":"Elfsight Apps","pricing_title_caption":"Version multiplateforme","pricing_price":"from $0 \/ month","pricing_price_caption":"commencez avec un forfait gratuit","pricing_benefits":[{"text":"Sites Web illimit\u00e9s"},{"text":"Un support d\u00e9di\u00e9"},{"text":"Assistance \u00e0 l'installation gratuite"},{"text":"Conception flexible"}],"pricing_button_text":"Ajouter au site Web","pricing_button_url":"#demo"}],"related_apps_title":"","related_apps_hidden":"","author":"","image":[],"title":"","job":"","social_networks":[]},"_links":{"self":[{"href":"https:\/\/elfsight.com\/fr\/wp-json\/wp\/v2\/pages\/9724","targetHints":{"allow":["GET"]}}],"collection":[{"href":"https:\/\/elfsight.com\/fr\/wp-json\/wp\/v2\/pages"}],"about":[{"href":"https:\/\/elfsight.com\/fr\/wp-json\/wp\/v2\/types\/page"}],"author":[{"embeddable":true,"href":"https:\/\/elfsight.com\/fr\/wp-json\/wp\/v2\/users\/9"}],"replies":[{"embeddable":true,"href":"https:\/\/elfsight.com\/fr\/wp-json\/wp\/v2\/comments?post=9724"}],"version-history":[{"count":2,"href":"https:\/\/elfsight.com\/fr\/wp-json\/wp\/v2\/pages\/9724\/revisions"}],"predecessor-version":[{"id":14906,"href":"https:\/\/elfsight.com\/fr\/wp-json\/wp\/v2\/pages\/9724\/revisions\/14906"}],"up":[{"embeddable":true,"href":"https:\/\/elfsight.com\/fr\/wp-json\/wp\/v2\/pages\/2529"}],"wp:attachment":[{"href":"https:\/\/elfsight.com\/fr\/wp-json\/wp\/v2\/media?parent=9724"}],"curies":[{"name":"wp","href":"https:\/\/api.w.org\/{rel}","templated":true}]}}