{"id":9715,"date":"1970-01-01T00:00:00","date_gmt":"1970-01-01T00:00:00","guid":{"rendered":"https:\/\/elfsight.com\/fr\/?page_id=9715"},"modified":"2025-07-10T12:28:05","modified_gmt":"2025-07-10T12:28:05","slug":"godaddy","status":"publish","type":"page","link":"https:\/\/elfsight.com\/fr\/podcast-player-widget\/godaddy\/","title":{"rendered":"Podcast Player &#8211; GoDaddy"},"content":{"rendered":"<div class=\"application-platform-content-item-description application-platform-content-item\" id=\"description\" data-nav-section=\"description\"> <h2>Int\u00e9grer Podcast Player sur GoDaddy avec le widget Elfsight<\/h2> <p>Elfsight Podcast Player est un outil simple vous permettant de lire directement des podcasts sur votre site. Le plugin est extr\u00eamement personnalisable\u00a0: vous \u00eates libre de modifier sa position, de l&rsquo;ins\u00e9rer n&rsquo;importe o\u00f9 sur la page, de modifier sa taille, de recolorer l&rsquo;arri\u00e8re-plan et d&rsquo;autres parties pour le combiner avec le design de votre site Web, d&rsquo;appliquer un th\u00e8me sombre, de d\u00e9montrer des couvertures et d&rsquo;afficher ou masquez trois autres d\u00e9tails du joueur, par exemple la barre de progression et bien d&rsquo;autres. Divertissez vos utilisateurs, activez l&rsquo;option de lecture automatique et n&rsquo;h\u00e9sitez pas : vos visiteurs ne quitteront pas votre site imm\u00e9diatement\u00a0! <\/p> <p><b>Impulsez votre public en lui fournissant du mat\u00e9riel utile et divertissant en utilisant Elfsight Podcast Player<\/b><\/p> <\/div> <div class=\"application-platform-content-item-features application-platform-content-item\" id=\"features\" data-nav-section=\"features\"> <h2>Vous trouverez ci-dessous caract\u00e9ristiques fondamentales du plugin\u00a0: <\/h2> <ul><li>Diverses modifications de couleurs. <\/li><li>Deux mises en page disponibles. <\/li><li>Une option pour ajouter une image d&rsquo;arri\u00e8re-plan. <\/li><li>Une quantit\u00e9 infinie de pistes. <\/li><li>Une possibilit\u00e9 de fa\u00e7onner votre palette de couleurs personnalis\u00e9e. <\/li><\/ul><p><a href=\"#demo\">Explorez toutes les fonctionnalit\u00e9s de personnalisation dans une d\u00e9mo compl\u00e8te<\/a><\/p> <\/div> <div class=\"application-platform-content-item-installation application-platform-content-item\" id=\"installation\" data-nav-section=\"installation\"> <h2>Comment ajouter Podcast Player sur mon site Web GoDaddy\u00a0? <\/h2> <p>Suivez simplement les \u00e9tapes suivantes ci-dessous pour int\u00e9grer le plugin. <\/p> <ol><li><b>Utilisez notre d\u00e9mo gratuite et commencez \u00e0 cr\u00e9er votre plugin personnalis\u00e9. <\/b><br> Pr\u00e9cisez la forme pr\u00e9f\u00e9rable et les caract\u00e9ristiques fonctionnelles de l&rsquo;outil et appliquez les modifications. <\/li> <li><b>Acqu\u00e9rez votre code personnel affich\u00e9 dans la fen\u00eatre sur Elfsight Apps. <\/b><br> Une fois la configuration de votre outil termin\u00e9e, copiez le code exclusif de la fen\u00eatre qui appara\u00eet et enregistrez-le pour une occasion ult\u00e9rieure. <\/li> <li><b>Initiez l&rsquo;utilisation du plugin sur la page Web de GoDaddy. <\/b><br> Ajoutez le code que vous avez enregistr\u00e9 r\u00e9cemment dans votre page Web et appliquez les corrections. <\/li> <li><b>Vous avez termin\u00e9\u00a0! L&rsquo;int\u00e9gration est enti\u00e8rement r\u00e9alis\u00e9e. <\/b><br> Acc\u00e9dez \u00e0 votre site pour voir comment fonctionne le plugin. <\/li><\/ol> <p>\u00c0 condition de r\u00e9pondre \u00e0 des questions ou de rencontrer des obstacles, veuillez faire appel \u00e0 notre \u00e9quipe de service client. Nos collaborateurs ont h\u00e2te de vous aider avec toutes les questions que vous pourriez avoir avec l&rsquo;outil. <\/p><div class=\"faq\" data-component=\"FAQ\"><div class=\"faq-item\">\r\n\t\t\t\t\t<div class=\"faq-item-question\">\r\n\t\t\t\t\t\t<h3 class=\"faq-item-question-text\">Comment puis-je int\u00e9grer le plugin GoDaddy Podcast Player dans mon site Web sans comp\u00e9tences en codage ?<\/h3>\r\n\r\n\t\t\t\t\t\t<div class=\"faq-item-question-icon\"><\/div>\r\n\t\t\t\t\t<\/div>\r\n\r\n\t\t\t\t\t<div class=\"faq-item-answer\">\r\n\t\t\t\t\t\t<div class=\"faq-item-answer-text\"><p>Elfsight propose une solution bas\u00e9e sur le cloud qui permet aux utilisateurs de g\u00e9n\u00e9rer un plugin GoDaddy Podcast Player. par eux-m\u00eames. D\u00e9couvrez \u00e0 quel point le processus peut \u00eatre simple\u00a0:<\/p><ul><li>Acc\u00e9dez \u00e0 l&rsquo;\u00e9diteur en ligne pour cr\u00e9er une section de plug-in GoDaddy Podcast Player que vous souhaitez int\u00e9grer \u00e0 votre site Web.<\/li><li>S\u00e9lectionnez l&rsquo;une des options suivantes\u00a0: nos mod\u00e8les pr\u00e9d\u00e9finis et personnalisez les param\u00e8tres du plug-in GoDaddy Podcast Player, modifiez la mise en page et la palette de couleurs, incluez votre contenu sans avoir besoin de codage.<\/li><li>Conservez les param\u00e8tres que vous avez configur\u00e9s pour le plug-in GoDaddy Podcast Player. et obtenez le code \u00e0 int\u00e9grer, qui peut \u00eatre facilement int\u00e9gr\u00e9 gratuitement \u00e0 votre site Web.<\/li><\/ul><p>En travaillant dans l&rsquo;\u00e9diteur convivial, tout internaute peut cr\u00e9er une section de plug-in GoDaddy Podcast Player. et int\u00e9grez-le \u00e0 leur site Web. Il n&rsquo;y a aucune exigence de paiement ou de divulgation des informations de votre carte pour acc\u00e9der \u00e0 l&rsquo;\u00e9diteur Elfsight. Si vous rencontrez des difficult\u00e9s \u00e0 un moment quelconque, n&rsquo;h\u00e9sitez pas \u00e0 contacter notre service client.<\/p><\/div>\r\n\t\t\t\t\t<\/div>\r\n\t\t\t\t<\/div><\/div> <\/div>","protected":false},"excerpt":{"rendered":"","protected":false},"author":9,"featured_media":0,"parent":2529,"menu_order":0,"comment_status":"closed","ping_status":"closed","template":"templates\/template-application-platform.php","meta":{"publish_to_discourse":"","publish_post_category":"","wpdc_auto_publish_overridden":"","wpdc_topic_tags":"","wpdc_pin_topic":"","wpdc_pin_until":"","discourse_post_id":"","discourse_permalink":"","wpdc_publishing_response":"","wpdc_publishing_error":"","footnotes":""},"class_list":["post-9715","page","type-page","status-publish","hentry"],"yoast_head":"<!-- This site is optimized with the Yoast SEO plugin v25.3.1 - https:\/\/yoast.com\/wordpress\/plugins\/seo\/ -->\n<title>Plugin Podcast Player - Ajoutez le plugin Podcast Player au site Web GoDaddy\u00a0!<\/title>\n<meta name=\"description\" content=\"Appliquez notre d\u00e9mo g\u00e9rable et int\u00e9grez un plugin Podcast Player r\u00e9actif sur votre page Web GoDaddy en quelques clics\u00a0!\" \/>\n<meta name=\"robots\" content=\"index, follow, max-snippet:-1, max-image-preview:large, max-video-preview:-1\" \/>\n<link rel=\"canonical\" href=\"https:\/\/elfsight.com\/fr\/podcast-player-widget\/godaddy\/\" \/>\n<meta property=\"og:locale\" content=\"fr_FR\" \/>\n<meta property=\"og:type\" content=\"article\" \/>\n<meta property=\"og:title\" content=\"Plugin Podcast Player - Ajoutez le plugin Podcast Player au site Web GoDaddy\u00a0!\" \/>\n<meta property=\"og:description\" content=\"Appliquez notre d\u00e9mo g\u00e9rable et int\u00e9grez un plugin Podcast Player r\u00e9actif sur votre page Web GoDaddy en quelques clics\u00a0!\" \/>\n<meta property=\"og:url\" content=\"https:\/\/elfsight.com\/fr\/podcast-player-widget\/godaddy\/\" \/>\n<meta property=\"og:site_name\" content=\"Elfsight FR\" \/>\n<meta property=\"article:modified_time\" content=\"2025-07-10T12:28:05+00:00\" \/>\n<meta name=\"twitter:card\" content=\"summary_large_image\" \/>\n<meta name=\"twitter:label1\" content=\"Dur\u00e9e de lecture estim\u00e9e\" \/>\n\t<meta name=\"twitter:data1\" content=\"3 minutes\" \/>\n<!-- \/ Yoast SEO plugin. -->","yoast_head_json":{"title":"Plugin Podcast Player - Ajoutez le plugin Podcast Player au site Web GoDaddy\u00a0!","description":"Appliquez notre d\u00e9mo g\u00e9rable et int\u00e9grez un plugin Podcast Player r\u00e9actif sur votre page Web GoDaddy en quelques clics\u00a0!","robots":{"index":"index","follow":"follow","max-snippet":"max-snippet:-1","max-image-preview":"max-image-preview:large","max-video-preview":"max-video-preview:-1"},"canonical":"https:\/\/elfsight.com\/fr\/podcast-player-widget\/godaddy\/","og_locale":"fr_FR","og_type":"article","og_title":"Plugin Podcast Player - Ajoutez le plugin Podcast Player au site Web GoDaddy\u00a0!","og_description":"Appliquez notre d\u00e9mo g\u00e9rable et int\u00e9grez un plugin Podcast Player r\u00e9actif sur votre page Web GoDaddy en quelques clics\u00a0!","og_url":"https:\/\/elfsight.com\/fr\/podcast-player-widget\/godaddy\/","og_site_name":"Elfsight FR","article_modified_time":"2025-07-10T12:28:05+00:00","twitter_card":"summary_large_image","twitter_misc":{"Dur\u00e9e de lecture estim\u00e9e":"3 minutes"},"schema":{"@context":"https:\/\/schema.org","@graph":[{"@type":"WebPage","@id":"https:\/\/elfsight.com\/fr\/podcast-player-widget\/godaddy\/","url":"https:\/\/elfsight.com\/fr\/podcast-player-widget\/godaddy\/","name":"Plugin Podcast Player - Ajoutez le plugin Podcast Player au site Web GoDaddy\u00a0!","isPartOf":{"@id":"https:\/\/elfsight.com\/fr\/#website"},"datePublished":"1970-01-01T00:00:00+00:00","dateModified":"2025-07-10T12:28:05+00:00","description":"Appliquez notre d\u00e9mo g\u00e9rable et int\u00e9grez un plugin Podcast Player r\u00e9actif sur votre page Web GoDaddy en quelques clics\u00a0!","breadcrumb":{"@id":"https:\/\/elfsight.com\/fr\/podcast-player-widget\/godaddy\/#breadcrumb"},"inLanguage":"fr-FR","potentialAction":[{"@type":"ReadAction","target":["https:\/\/elfsight.com\/fr\/podcast-player-widget\/godaddy\/"]}]},{"@type":"BreadcrumbList","@id":"https:\/\/elfsight.com\/fr\/podcast-player-widget\/godaddy\/#breadcrumb","itemListElement":[{"@type":"ListItem","position":1,"name":"Home","item":"https:\/\/elfsight.com\/fr\/"},{"@type":"ListItem","position":2,"name":"Podcast Player","item":"https:\/\/elfsight.com\/fr\/podcast-player-widget\/"},{"@type":"ListItem","position":3,"name":"Podcast Player &#8211; GoDaddy"}]},{"@type":"WebSite","@id":"https:\/\/elfsight.com\/fr\/#website","url":"https:\/\/elfsight.com\/fr\/","name":"Elfsight FR","description":"","potentialAction":[{"@type":"SearchAction","target":{"@type":"EntryPoint","urlTemplate":"https:\/\/elfsight.com\/fr\/?s={search_term_string}"},"query-input":{"@type":"PropertyValueSpecification","valueRequired":true,"valueName":"search_term_string"}}],"inLanguage":"fr-FR"}]}},"meta_box":{"industry":"","seo_heading":"","heading":"","description":"","cta_heading":"","cta_description":"","application":"2528","h1":"Plugin GoDaddy Podcast Player","h1_caption":"Int\u00e9grez un lecteur de podcast directement sur votre site Web, permettant aux utilisateurs d'\u00e9couter vos \u00e9pisodes sans quitter la page de votre site Web GoDaddy, sans effort.","application_category":[],"applications_title":"","applications_request_title":"","applications_request_button_text":"","hero_text":"","hero_video":"","hero_video_schema_markup":"","selling_points_title":"","selling_points_caption":"","selling_points":[],"selling_points_cta_text":"","features_title":"","features":"","ed_cta_examples_text":"","ed_cta_examples_hidden":"","ed_cta_demo_text":"","ed_cta_demo_hidden":"","why_caption":"","why_editor_title":"","why_editor_text":"","why_team_title":"","why_team_text":"","why_service_title":"","why_service_text":"","template_catalog_visible":"","template_catalog_title":"","template_catalog_text":"","template_catalog_categories_visible":"","demo_title":"Cr\u00e9ez votre plugin Podcast Player","demo_caption":"Configurez votre lecteur Podcast et ajoutez-le gratuitement \u00e0 votre site Web GoDaddy\u00a0!","default_faq_hidden":"","app_template_category":[],"platform":"370","template_public_id":"","codecanyon_url":"","codecanyon_item_id":"","codecanyon_price":"","pricing_caption":"","pricing_elfsight_apps_hide_column":"","pricing_elfsight_apps_url":"","pricing_codecanyon_price_caption":"","integration_category":[],"integration_request_title":"","integration_request_cta":"","integration_platform":"","integrations":[],"platform_category":[],"video_schema_markup":"","price":"\u00e0 partir de 0$ \/ mois","trial":"","benefits":[{"text":"Aide \u00e0 l'installation gratuite"},{"text":"Support client exp\u00e9riment\u00e9"},{"text":"Garantie de remboursement de 14 jours"},{"text":"Mise \u00e0 jour constante"}],"button_url":"","button_target_blank":"","button_nofollow":"","attributes":[{"name":"Installations","content":"10,000 - 100,000"},{"name":"Sensible","content":"Oui"},{"name":"Navigateurs compatibles","content":"IE11, Firefox, Safari, Opera, Chrome, Edge"}],"tags":[],"tags_disable_links":"","hide_more_platforms":"","video_object":"","demo_hide_cta":"","demo_hide_cloud_options":"","pricing_title":"","pricing":[{"pricing_icon":"platform","pricing_title":"Elfsight Apps","pricing_title_caption":"Solution multiplateforme adapt\u00e9e \u00e0 tous les sites","pricing_price":"from $0 \/ month","pricing_price_caption":"commencez avec un forfait gratuit","pricing_benefits":[{"text":"Domaines illimit\u00e9s"},{"text":"Assistance gratuite"},{"text":"Assistance \u00e0 l'installation gratuite"},{"text":"100% personnalisable"}],"pricing_button_text":"Ajouter au site Web","pricing_button_url":"#demo"}],"related_apps_title":"","related_apps_hidden":"","author":"","image":[],"title":"","job":"","social_networks":[]},"_links":{"self":[{"href":"https:\/\/elfsight.com\/fr\/wp-json\/wp\/v2\/pages\/9715","targetHints":{"allow":["GET"]}}],"collection":[{"href":"https:\/\/elfsight.com\/fr\/wp-json\/wp\/v2\/pages"}],"about":[{"href":"https:\/\/elfsight.com\/fr\/wp-json\/wp\/v2\/types\/page"}],"author":[{"embeddable":true,"href":"https:\/\/elfsight.com\/fr\/wp-json\/wp\/v2\/users\/9"}],"replies":[{"embeddable":true,"href":"https:\/\/elfsight.com\/fr\/wp-json\/wp\/v2\/comments?post=9715"}],"version-history":[{"count":1,"href":"https:\/\/elfsight.com\/fr\/wp-json\/wp\/v2\/pages\/9715\/revisions"}],"predecessor-version":[{"id":9719,"href":"https:\/\/elfsight.com\/fr\/wp-json\/wp\/v2\/pages\/9715\/revisions\/9719"}],"up":[{"embeddable":true,"href":"https:\/\/elfsight.com\/fr\/wp-json\/wp\/v2\/pages\/2529"}],"wp:attachment":[{"href":"https:\/\/elfsight.com\/fr\/wp-json\/wp\/v2\/media?parent=9715"}],"curies":[{"name":"wp","href":"https:\/\/api.w.org\/{rel}","templated":true}]}}