{"id":9709,"date":"1970-01-01T00:00:00","date_gmt":"1970-01-01T00:00:00","guid":{"rendered":"https:\/\/elfsight.com\/fr\/?page_id=9709"},"modified":"2025-07-10T12:29:07","modified_gmt":"2025-07-10T12:29:07","slug":"jimdo","status":"publish","type":"page","link":"https:\/\/elfsight.com\/fr\/podcast-player-widget\/jimdo\/","title":{"rendered":"Podcast Player &#8211; Jimdo"},"content":{"rendered":"<div class=\"application-platform-content-item-description application-platform-content-item\" id=\"description\" data-nav-section=\"description\"> <h2>Description<\/h2> <p>Elfsight Podcast Player est un simple widget qui vous permet de diffuser des pistes audio sur votre page Web. L&rsquo;outil est extr\u00eamement modifiable\u00a0: vous pouvez modifier sa position, l&rsquo;int\u00e9grer n&rsquo;importe o\u00f9 sur la page, changer sa taille, recolorer l&rsquo;arri\u00e8re-plan et d&rsquo;autres \u00e9l\u00e9ments pour le m\u00e9langer avec la mise en page de votre site, appliquer une palette de couleurs sombres, afficher les couvertures et afficher ou masquer 3 autres composants du lecteur comme la barre de progression et bien d\u2019autres. T\u00e9l\u00e9chargez autant de titres que vous le souhaitez pour engager vos visiteurs, activez l&rsquo;option de lecture automatique et soyez-en s\u00fbr : vos utilisateurs ne quitteront pas votre site Web pr\u00e9cipitamment ! <\/p><p><b>Utilisez Podcast Player pour atteindre vos objectifs e-commerce plus rapidement\u00a0! <\/b><\/p> <\/div> <div class=\"application-platform-content-item-features application-platform-content-item\" id=\"features\" data-nav-section=\"features\"> <h2>Les fonctionnalit\u00e9s fondamentales du widget contiennent<\/h2> <ul><li>Deux mises en page disponibles<\/li><li>Possibilit\u00e9 de ajouter une image d&rsquo;arri\u00e8re-plan<\/li><li>Ajouter un nombre illimit\u00e9 de fichiers<\/li><li>Une opportunit\u00e9 de cr\u00e9er votre jeu de couleurs personnalis\u00e9<\/li><li>Ajouter un nombre illimit\u00e9 de stations<\/li><\/ul><p><a href=\"#demo\">Vous pouvez voir ce que propose le widget en essayant la d\u00e9mo<\/a><\/p> <\/div> <div class=\"application-platform-content-item-installation application-platform-content-item\" id=\"installation\" data-nav-section=\"installation\"> <h2>Comment ajouter Podcast Player sur mon site Jimdo ? <\/h2> <p>Suivez simplement les \u00e9tapes suivantes indiqu\u00e9es ci-dessous pour int\u00e9grer l&rsquo;outil. <\/p> <ol><li><b>Ouvrez notre d\u00e9mo gratuite et commencez \u00e0 fa\u00e7onner votre widget unique. <\/b><br> Sp\u00e9cifiez la conception pr\u00e9f\u00e9r\u00e9e et les caract\u00e9ristiques fonctionnelles du widget et appliquez les corrections. <\/li> <li><b>Recevez le code individuel qui est affich\u00e9 dans la case sur les applications Elfsight. <\/b><br> Une fois la configuration de votre widget personnel termin\u00e9e, copiez le code individuel dans la fen\u00eatre qui appara\u00eet et enregistrez-le pour une utilisation ult\u00e9rieure. <\/li> <li><b>Initiez l&rsquo;utilisation du widget sur votre page Web Jimdo. <\/b><br> Entrez le code copi\u00e9 auparavant dans votre page Web et appliquez les am\u00e9liorations. <\/li> <li><b>L&rsquo;installation est termin\u00e9e avec succ\u00e8s. <\/b><br> Visitez votre site pour voir en action comment le widget fonctionne. <\/li><\/ol> <p>\u00c0 condition d&rsquo;\u00eatre confront\u00e9 \u00e0 des questions ou de rencontrer des difficult\u00e9s, n&rsquo;h\u00e9sitez pas \u00e0 contacter notre \u00e9quipe d&rsquo;assistance. Nos sp\u00e9cialistes seront ravis de vous aider avec toutes les difficult\u00e9s que vous pourriez rencontrer avec l&rsquo;outil. <\/p> <\/div>","protected":false},"excerpt":{"rendered":"","protected":false},"author":9,"featured_media":0,"parent":2529,"menu_order":0,"comment_status":"closed","ping_status":"closed","template":"templates\/template-application-platform.php","meta":{"publish_to_discourse":"","publish_post_category":"","wpdc_auto_publish_overridden":"","wpdc_topic_tags":"","wpdc_pin_topic":"","wpdc_pin_until":"","discourse_post_id":"","discourse_permalink":"","wpdc_publishing_response":"","wpdc_publishing_error":"","footnotes":""},"class_list":["post-9709","page","type-page","status-publish","hentry"],"yoast_head":"<!-- This site is optimized with the Yoast SEO plugin v25.3.1 - https:\/\/yoast.com\/wordpress\/plugins\/seo\/ -->\n<title>Elfsight Podcast Player pour le site Jimdo (gratuit et facile)<\/title>\n<meta name=\"description\" content=\"Commencez \u00e0 utiliser notre d\u00e9mo accessible et int\u00e9grez un lecteur de podcast sur votre site Jimdo. Int\u00e9grez notre d\u00e9mo et cr\u00e9ez votre widget sans effort\u00a0!\" \/>\n<meta name=\"robots\" content=\"index, follow, max-snippet:-1, max-image-preview:large, max-video-preview:-1\" \/>\n<link rel=\"canonical\" href=\"https:\/\/elfsight.com\/fr\/podcast-player-widget\/jimdo\/\" \/>\n<meta property=\"og:locale\" content=\"fr_FR\" \/>\n<meta property=\"og:type\" content=\"article\" \/>\n<meta property=\"og:title\" content=\"Elfsight Podcast Player pour le site Jimdo (gratuit et facile)\" \/>\n<meta property=\"og:description\" content=\"Commencez \u00e0 utiliser notre d\u00e9mo accessible et int\u00e9grez un lecteur de podcast sur votre site Jimdo. Int\u00e9grez notre d\u00e9mo et cr\u00e9ez votre widget sans effort\u00a0!\" \/>\n<meta property=\"og:url\" content=\"https:\/\/elfsight.com\/fr\/podcast-player-widget\/jimdo\/\" \/>\n<meta property=\"og:site_name\" content=\"Elfsight FR\" \/>\n<meta property=\"article:modified_time\" content=\"2025-07-10T12:29:07+00:00\" \/>\n<meta name=\"twitter:card\" content=\"summary_large_image\" \/>\n<meta name=\"twitter:label1\" content=\"Dur\u00e9e de lecture estim\u00e9e\" \/>\n\t<meta name=\"twitter:data1\" content=\"2 minutes\" \/>\n<!-- \/ Yoast SEO plugin. -->","yoast_head_json":{"title":"Elfsight Podcast Player pour le site Jimdo (gratuit et facile)","description":"Commencez \u00e0 utiliser notre d\u00e9mo accessible et int\u00e9grez un lecteur de podcast sur votre site Jimdo. Int\u00e9grez notre d\u00e9mo et cr\u00e9ez votre widget sans effort\u00a0!","robots":{"index":"index","follow":"follow","max-snippet":"max-snippet:-1","max-image-preview":"max-image-preview:large","max-video-preview":"max-video-preview:-1"},"canonical":"https:\/\/elfsight.com\/fr\/podcast-player-widget\/jimdo\/","og_locale":"fr_FR","og_type":"article","og_title":"Elfsight Podcast Player pour le site Jimdo (gratuit et facile)","og_description":"Commencez \u00e0 utiliser notre d\u00e9mo accessible et int\u00e9grez un lecteur de podcast sur votre site Jimdo. Int\u00e9grez notre d\u00e9mo et cr\u00e9ez votre widget sans effort\u00a0!","og_url":"https:\/\/elfsight.com\/fr\/podcast-player-widget\/jimdo\/","og_site_name":"Elfsight FR","article_modified_time":"2025-07-10T12:29:07+00:00","twitter_card":"summary_large_image","twitter_misc":{"Dur\u00e9e de lecture estim\u00e9e":"2 minutes"},"schema":{"@context":"https:\/\/schema.org","@graph":[{"@type":"WebPage","@id":"https:\/\/elfsight.com\/fr\/podcast-player-widget\/jimdo\/","url":"https:\/\/elfsight.com\/fr\/podcast-player-widget\/jimdo\/","name":"Elfsight Podcast Player pour le site Jimdo (gratuit et facile)","isPartOf":{"@id":"https:\/\/elfsight.com\/fr\/#website"},"datePublished":"1970-01-01T00:00:00+00:00","dateModified":"2025-07-10T12:29:07+00:00","description":"Commencez \u00e0 utiliser notre d\u00e9mo accessible et int\u00e9grez un lecteur de podcast sur votre site Jimdo. Int\u00e9grez notre d\u00e9mo et cr\u00e9ez votre widget sans effort\u00a0!","breadcrumb":{"@id":"https:\/\/elfsight.com\/fr\/podcast-player-widget\/jimdo\/#breadcrumb"},"inLanguage":"fr-FR","potentialAction":[{"@type":"ReadAction","target":["https:\/\/elfsight.com\/fr\/podcast-player-widget\/jimdo\/"]}]},{"@type":"BreadcrumbList","@id":"https:\/\/elfsight.com\/fr\/podcast-player-widget\/jimdo\/#breadcrumb","itemListElement":[{"@type":"ListItem","position":1,"name":"Home","item":"https:\/\/elfsight.com\/fr\/"},{"@type":"ListItem","position":2,"name":"Podcast Player","item":"https:\/\/elfsight.com\/fr\/podcast-player-widget\/"},{"@type":"ListItem","position":3,"name":"Podcast Player &#8211; Jimdo"}]},{"@type":"WebSite","@id":"https:\/\/elfsight.com\/fr\/#website","url":"https:\/\/elfsight.com\/fr\/","name":"Elfsight FR","description":"","potentialAction":[{"@type":"SearchAction","target":{"@type":"EntryPoint","urlTemplate":"https:\/\/elfsight.com\/fr\/?s={search_term_string}"},"query-input":{"@type":"PropertyValueSpecification","valueRequired":true,"valueName":"search_term_string"}}],"inLanguage":"fr-FR"}]}},"meta_box":{"industry":"","seo_heading":"","heading":"","description":"","cta_heading":"","cta_description":"","application":"2528","h1":"Widget du lecteur de podcast Jimdo","h1_caption":"Int\u00e9grez un lecteur de podcast directement sur votre site Web, permettant aux utilisateurs d'\u00e9couter vos \u00e9pisodes sans quitter la page de votre site Web Jimdo, sans effort.","application_category":[],"applications_title":"","applications_request_title":"","applications_request_button_text":"","hero_text":"","hero_video":"","hero_video_schema_markup":"","selling_points_title":"","selling_points_caption":"","selling_points":[],"selling_points_cta_text":"","features_title":"","features":"","ed_cta_examples_text":"","ed_cta_examples_hidden":"","ed_cta_demo_text":"","ed_cta_demo_hidden":"","why_caption":"","why_editor_title":"","why_editor_text":"","why_team_title":"","why_team_text":"","why_service_title":"","why_service_text":"","template_catalog_visible":"","template_catalog_title":"","template_catalog_text":"","template_catalog_categories_visible":"","demo_title":"Cr\u00e9ez votre widget Lecteur de podcast","demo_caption":"Configurez votre Podcast Player et ajoutez-le gratuitement \u00e0 votre site Jimdo !","default_faq_hidden":"","app_template_category":[],"platform":"372","template_public_id":"","codecanyon_url":"","codecanyon_item_id":"","codecanyon_price":"","pricing_caption":"","pricing_elfsight_apps_hide_column":"","pricing_elfsight_apps_url":"","pricing_codecanyon_price_caption":"","integration_category":[],"integration_request_title":"","integration_request_cta":"","integration_platform":"","integrations":[],"platform_category":[],"video_schema_markup":"","price":"\u00e0 partir de 0$ \/ mois","trial":"","benefits":[{"text":"Service d'installation gratuit"},{"text":"Service client efficace"},{"text":"Garantie de remboursement de 14 jours"},{"text":"Mise \u00e0 jour constante"}],"button_url":"","button_target_blank":"","button_nofollow":"","attributes":[{"name":"Installations","content":"10,000 - 100,000"},{"name":"Sensible","content":"Oui"},{"name":"Navigateurs compatibles","content":"Firefox, Safari, Opera, Chrome, Edge"}],"tags":[],"tags_disable_links":"","hide_more_platforms":"","video_object":"","demo_hide_cta":"","demo_hide_cloud_options":"","pricing_title":"","pricing":[{"pricing_icon":"platform","pricing_title":"Elfsight Apps","pricing_title_caption":"Logiciel ind\u00e9pendant de la plate-forme","pricing_price":"from $0 \/ month","pricing_price_caption":"commencez avec un forfait gratuit","pricing_benefits":[{"text":"Sites Web illimit\u00e9s"},{"text":"Assistance client haut de gamme"},{"text":"Aide \u00e0 l'installation gratuite"},{"text":"100% personnalisable"}],"pricing_button_text":"Ajouter au site Web","pricing_button_url":"#demo"}],"related_apps_title":"","related_apps_hidden":"","author":"","image":[],"title":"","job":"","social_networks":[]},"_links":{"self":[{"href":"https:\/\/elfsight.com\/fr\/wp-json\/wp\/v2\/pages\/9709","targetHints":{"allow":["GET"]}}],"collection":[{"href":"https:\/\/elfsight.com\/fr\/wp-json\/wp\/v2\/pages"}],"about":[{"href":"https:\/\/elfsight.com\/fr\/wp-json\/wp\/v2\/types\/page"}],"author":[{"embeddable":true,"href":"https:\/\/elfsight.com\/fr\/wp-json\/wp\/v2\/users\/9"}],"replies":[{"embeddable":true,"href":"https:\/\/elfsight.com\/fr\/wp-json\/wp\/v2\/comments?post=9709"}],"version-history":[{"count":1,"href":"https:\/\/elfsight.com\/fr\/wp-json\/wp\/v2\/pages\/9709\/revisions"}],"predecessor-version":[{"id":9713,"href":"https:\/\/elfsight.com\/fr\/wp-json\/wp\/v2\/pages\/9709\/revisions\/9713"}],"up":[{"embeddable":true,"href":"https:\/\/elfsight.com\/fr\/wp-json\/wp\/v2\/pages\/2529"}],"wp:attachment":[{"href":"https:\/\/elfsight.com\/fr\/wp-json\/wp\/v2\/media?parent=9709"}],"curies":[{"name":"wp","href":"https:\/\/api.w.org\/{rel}","templated":true}]}}