{"id":9701,"date":"1970-01-01T00:00:00","date_gmt":"1970-01-01T00:00:00","guid":{"rendered":"https:\/\/elfsight.com\/fr\/?page_id=9701"},"modified":"2025-07-10T12:25:50","modified_gmt":"2025-07-10T12:25:50","slug":"webnode","status":"publish","type":"page","link":"https:\/\/elfsight.com\/fr\/pinterest-feed-widget\/webnode\/","title":{"rendered":"Pinterest Feed &#8211; Webnode"},"content":{"rendered":"<div class=\"application-platform-content-item-description application-platform-content-item\" id=\"description\" data-nav-section=\"description\"><h2>Description<\/h2><p>Elfsight Pinterest Feed permet d&rsquo;afficher votre compte et toutes les \u00e9pingles et tableaux de Pinterest sur votre site. Avec notre plugin, vous pouvez non seulement int\u00e9grer votre profil mais \u00e9galement collecter des \u00e9pingles et des tableaux pour pr\u00e9senter des groupes de photos pour votre site. Montrez l&rsquo;histoire de votre entreprise, incitez vos futurs clients \u00e0 explorer de nouvelles id\u00e9es ou visualisez simplement votre site. Un plugin flexible vous aidera \u00e0 \u00e9largir la port\u00e9e de votre contenu, \u00e0 augmenter l&rsquo;engagement sur le site et \u00e0 attirer plus d&rsquo;abonn\u00e9s sur Pinterest.<\/p><p><b>Affichez vos offres, services et projets sur le site Web avec des \u00e9pingles et des tableaux\u00a0!<\/b><\/p><ul><li><b>Augmentez l&rsquo;engagement des utilisateurs sur votre site<\/b><br> Des images soigneusement s\u00e9lectionn\u00e9es sur votre site Web attireront un maximum d&rsquo;attention des utilisateurs et fid\u00e9liseront les clients.<\/li> <li><b>Attirez des abonn\u00e9s sur Pinterest<\/b><br> Gr\u00e2ce au bouton Suivre disponible dans le flux, davantage de clients potentiels auront la possibilit\u00e9 de rejoindre vos abonn\u00e9s.<\/li><li><b>Augmentez le niveau de ventes gr\u00e2ce \u00e0 des visuels irr\u00e9sistibles<\/b><br> S\u00e9lectionnez les images les plus all\u00e9chantes de vos articles\u00a0; montrez les derni\u00e8res tendances et des images inspirantes pour donner envie aux utilisateurs d&rsquo;acheter.<\/li><\/ul><\/div><div class=\"application-platform-content-item-features application-platform-content-item\" id=\"features\" data-nav-section=\"features\"><h2>Fonctionnalit\u00e9s<\/h2><p>Pourquoi le plugin Elfsight est-il le le meilleur parmi les autres widgets Webnode efficaces ? D\u00e9couvrez nos principales fonctionnalit\u00e9s\u00a0:<\/p><ul><li>Ajouter des \u00e9pingles et des tableaux par URL\u00a0;<\/li><li>22 langues populaires disponibles\u00a0;<\/li><li>Afficher ou masquer l&rsquo;en-t\u00eate\u00a0;<\/li> <li>Adaptatif aux appareils mobiles, quelle que soit leur taille et leur proportion.<\/li><\/ul><p><a href=\"#demo\">V\u00e9rifiez toutes les fonctionnalit\u00e9s<\/a><\/p><\/div><div class=\"application-platform-content-item-installation application-platform-content-item\" id=\"installation\" data-nav-section=\"installation\"><h2>Comment ajouter un flux Pinterest \u00e0 un site Web Webnode<\/h2><p>Une br\u00e8ve instruction sur l&rsquo;ajout d&rsquo;un flux Pinterest sans comp\u00e9tences en programmation ou sans embaucher un d\u00e9veloppeur Web \u00e0 distance. La mise en \u0153uvre du tutoriel aura besoin d&rsquo;environ plusieurs minutes.<\/p><ol><li><b>Construisez votre flux Pinterest sur mesure<\/b><br>Gr\u00e2ce \u00e0 notre \u00e9diteur gratuit, g\u00e9n\u00e9rez un plugin avec disposition et param\u00e8tres pr\u00e9f\u00e9rables.<\/li><li><b>Obtenez un code pour installer le plugin<\/b><br> Apr\u00e8s la personnalisation du widget, obtenez un code pour le plugin Pinterest \u00e0 partir de la notification contextuelle sur les applications Elfsight. Enregistrez le code.<\/li><li><b>Affichez le plugin sur le site Webnode<\/b><br> Int\u00e9grez le plugin \u00e0 l&rsquo;endroit souhait\u00e9 de la page et publiez les r\u00e9sultats.<\/li><li><b>Vous avez termin\u00e9\u00a0!<\/b><br> Entrez sur votre site pour v\u00e9rifier votre plugin.<\/li><\/ol><p>Avez-vous du mal \u00e0 int\u00e9grer le widget\u00a0? Adressez-vous \u00e0 notre \u00e9quipe d\u2019assistance avec une explication compl\u00e8te des difficult\u00e9s. Nous ferons de notre mieux pour vous conseiller.<\/p><\/div><div class=\"faq\" data-component=\"FAQ\"><div class=\"faq-item\">\r\n\t\t\t\t\t<div class=\"faq-item-question\">\r\n\t\t\t\t\t\t<h3 class=\"faq-item-question-text\">De quelle mani\u00e8re est-il possible d'int\u00e9grer le flux Pinterest \u00e0 mon Webnode sans exp\u00e9rience en codage ? <\/h3>\r\n\r\n\t\t\t\t\t\t<div class=\"faq-item-question-icon\"><\/div>\r\n\t\t\t\t\t<\/div>\r\n\r\n\t\t\t\t\t<div class=\"faq-item-answer\">\r\n\t\t\t\t\t\t<div class=\"faq-item-answer-text\"><p>La soci\u00e9t\u00e9 Elfsight propose une solution Cloud qui permet aux utilisateurs de cr\u00e9er eux-m\u00eames un widget de flux Pinterest. Regardez \u00e0 quel point c&rsquo;est simple\u00a0: <\/p><ul><li>Acc\u00e9dez \u00e0 la d\u00e9mo en ligne pour cr\u00e9er un plugin de flux Pinterest que vous voudriez que vous souhaitez int\u00e9grer sur votre site Webnode.<\/li><li>S\u00e9lectionnez l&rsquo;un des nombreux mod\u00e8les pr\u00e9d\u00e9finis et adaptez les param\u00e8tres du flux Pinterest, mettez \u00e0 jour votre contenu, changez la disposition et la couleur des \u00e9l\u00e9ments sans aucun codage.<\/li><li>Cliquez pour enregistrer le flux Pinterest et copier le code du widget \u00e0 int\u00e9grer, que vous pouvez facilement ajouter au site Webnode dans le cadre d&rsquo;un forfait gratuit. <\/li><\/ul><p>En travaillant dans notre simple configurateur, chaque internaute peut cr\u00e9er l&rsquo;application Pinterest Feed et l&rsquo;inclure facilement sur le site Web Webnode. Il n\u2019est pas n\u00e9cessaire d\u2019obtenir un forfait payant ou de divulguer les donn\u00e9es de votre carte pour acc\u00e9der au service. Si vous rencontrez des probl\u00e8mes \u00e0 quelque \u00e9tape que ce soit, n&rsquo;h\u00e9sitez pas \u00e0 contacter notre service client.<\/p><\/div>\r\n\t\t\t\t\t<\/div>\r\n\t\t\t\t<\/div><\/div>","protected":false},"excerpt":{"rendered":"","protected":false},"author":9,"featured_media":0,"parent":2464,"menu_order":0,"comment_status":"closed","ping_status":"closed","template":"templates\/template-application-platform.php","meta":{"publish_to_discourse":"","publish_post_category":"","wpdc_auto_publish_overridden":"","wpdc_topic_tags":"","wpdc_pin_topic":"","wpdc_pin_until":"","discourse_post_id":"","discourse_permalink":"","wpdc_publishing_response":"","wpdc_publishing_error":"","footnotes":""},"class_list":["post-9701","page","type-page","status-publish","hentry"],"yoast_head":"<!-- This site is optimized with the Yoast SEO plugin v25.3.1 - https:\/\/yoast.com\/wordpress\/plugins\/seo\/ -->\n<title>Flux Pinterest - Ajouter un widget Pinterest au site Webnode<\/title>\n<meta name=\"description\" content=\"Essayez gratuitement le meilleur plugin Pinterest Feed pour Webnode. Une int\u00e9gration facile et rapide sans expertise en programmation en seulement 3 minutes.\" \/>\n<meta name=\"robots\" content=\"index, follow, max-snippet:-1, max-image-preview:large, max-video-preview:-1\" \/>\n<link rel=\"canonical\" href=\"https:\/\/elfsight.com\/fr\/pinterest-feed-widget\/webnode\/\" \/>\n<meta property=\"og:locale\" content=\"fr_FR\" \/>\n<meta property=\"og:type\" content=\"article\" \/>\n<meta property=\"og:title\" content=\"Flux Pinterest - Ajouter un widget Pinterest au site Webnode\" \/>\n<meta property=\"og:description\" content=\"Essayez gratuitement le meilleur plugin Pinterest Feed pour Webnode. Une int\u00e9gration facile et rapide sans expertise en programmation en seulement 3 minutes.\" \/>\n<meta property=\"og:url\" content=\"https:\/\/elfsight.com\/fr\/pinterest-feed-widget\/webnode\/\" \/>\n<meta property=\"og:site_name\" content=\"Elfsight FR\" \/>\n<meta property=\"article:modified_time\" content=\"2025-07-10T12:25:50+00:00\" \/>\n<meta name=\"twitter:card\" content=\"summary_large_image\" \/>\n<meta name=\"twitter:label1\" content=\"Dur\u00e9e de lecture estim\u00e9e\" \/>\n\t<meta name=\"twitter:data1\" content=\"3 minutes\" \/>\n<!-- \/ Yoast SEO plugin. -->","yoast_head_json":{"title":"Flux Pinterest - Ajouter un widget Pinterest au site Webnode","description":"Essayez gratuitement le meilleur plugin Pinterest Feed pour Webnode. Une int\u00e9gration facile et rapide sans expertise en programmation en seulement 3 minutes.","robots":{"index":"index","follow":"follow","max-snippet":"max-snippet:-1","max-image-preview":"max-image-preview:large","max-video-preview":"max-video-preview:-1"},"canonical":"https:\/\/elfsight.com\/fr\/pinterest-feed-widget\/webnode\/","og_locale":"fr_FR","og_type":"article","og_title":"Flux Pinterest - Ajouter un widget Pinterest au site Webnode","og_description":"Essayez gratuitement le meilleur plugin Pinterest Feed pour Webnode. Une int\u00e9gration facile et rapide sans expertise en programmation en seulement 3 minutes.","og_url":"https:\/\/elfsight.com\/fr\/pinterest-feed-widget\/webnode\/","og_site_name":"Elfsight FR","article_modified_time":"2025-07-10T12:25:50+00:00","twitter_card":"summary_large_image","twitter_misc":{"Dur\u00e9e de lecture estim\u00e9e":"3 minutes"},"schema":{"@context":"https:\/\/schema.org","@graph":[{"@type":"WebPage","@id":"https:\/\/elfsight.com\/fr\/pinterest-feed-widget\/webnode\/","url":"https:\/\/elfsight.com\/fr\/pinterest-feed-widget\/webnode\/","name":"Flux Pinterest - Ajouter un widget Pinterest au site Webnode","isPartOf":{"@id":"https:\/\/elfsight.com\/fr\/#website"},"datePublished":"1970-01-01T00:00:00+00:00","dateModified":"2025-07-10T12:25:50+00:00","description":"Essayez gratuitement le meilleur plugin Pinterest Feed pour Webnode. Une int\u00e9gration facile et rapide sans expertise en programmation en seulement 3 minutes.","breadcrumb":{"@id":"https:\/\/elfsight.com\/fr\/pinterest-feed-widget\/webnode\/#breadcrumb"},"inLanguage":"fr-FR","potentialAction":[{"@type":"ReadAction","target":["https:\/\/elfsight.com\/fr\/pinterest-feed-widget\/webnode\/"]}]},{"@type":"BreadcrumbList","@id":"https:\/\/elfsight.com\/fr\/pinterest-feed-widget\/webnode\/#breadcrumb","itemListElement":[{"@type":"ListItem","position":1,"name":"Home","item":"https:\/\/elfsight.com\/fr\/"},{"@type":"ListItem","position":2,"name":"Pinterest Feed","item":"https:\/\/elfsight.com\/fr\/pinterest-feed-widget\/"},{"@type":"ListItem","position":3,"name":"Pinterest Feed &#8211; Webnode"}]},{"@type":"WebSite","@id":"https:\/\/elfsight.com\/fr\/#website","url":"https:\/\/elfsight.com\/fr\/","name":"Elfsight FR","description":"","potentialAction":[{"@type":"SearchAction","target":{"@type":"EntryPoint","urlTemplate":"https:\/\/elfsight.com\/fr\/?s={search_term_string}"},"query-input":{"@type":"PropertyValueSpecification","valueRequired":true,"valueName":"search_term_string"}}],"inLanguage":"fr-FR"}]}},"meta_box":{"industry":"","seo_heading":"","heading":"","description":"","cta_heading":"","cta_description":"","application":"2463","h1":"Flux Pinterest Webnode","h1_caption":"Int\u00e9grez un flux d'\u00e9pingles de votre compte Pinterest pour afficher sans effort du contenu dynamique et visuellement attrayant sur votre site Webnode.","application_category":[],"applications_title":"","applications_request_title":"","applications_request_button_text":"","hero_text":"","hero_video":"","hero_video_schema_markup":"","selling_points_title":"","selling_points_caption":"","selling_points":[],"selling_points_cta_text":"","features_title":"","features":"","ed_cta_examples_text":"","ed_cta_examples_hidden":"","ed_cta_demo_text":"","ed_cta_demo_hidden":"","why_caption":"","why_editor_title":"","why_editor_text":"","why_team_title":"","why_team_text":"","why_service_title":"","why_service_text":"","template_catalog_visible":"","template_catalog_title":"","template_catalog_text":"","template_catalog_categories_visible":"","demo_title":"Cr\u00e9ez votre widget de flux Pinterest","demo_caption":"Configurez votre flux Pinterest et ajoutez-le gratuitement \u00e0 votre site Webnode !","default_faq_hidden":"","app_template_category":[],"platform":"364","template_public_id":"","codecanyon_url":"","codecanyon_item_id":"","codecanyon_price":"","pricing_caption":"","pricing_elfsight_apps_hide_column":"","pricing_elfsight_apps_url":"","pricing_codecanyon_price_caption":"","integration_category":[],"integration_request_title":"","integration_request_cta":"","integration_platform":"","integrations":[],"platform_category":[],"video_schema_markup":"","price":"\u00e0 partir de 0$ \/ mois","trial":"","benefits":[{"text":"Assistance \u00e0 l'installation gratuite"},{"text":"Service client professionnel"},{"text":"Garantie de remboursement de 14 jours"},{"text":"D\u00e9veloppement continu"}],"button_url":"","button_target_blank":"","button_nofollow":"","attributes":[{"name":"Installations","content":"10,000 - 100,000"},{"name":"Sensible","content":"Oui"},{"name":"Navigateurs compatibles","content":"Firefox, Safari, Opera, Chrome, Edge"}],"tags":[],"tags_disable_links":"","hide_more_platforms":"","video_object":"","demo_hide_cta":"","demo_hide_cloud_options":"","pricing_title":"","pricing":[{"pricing_icon":"platform","pricing_title":"Elfsight Apps","pricing_title_caption":"Solution num\u00e9rique multiplateforme qui fonctionne sur n'importe quel site Web","pricing_price":"from $0 \/ month","pricing_price_caption":"commencez avec un forfait gratuit","pricing_benefits":[{"text":"Sites Web illimit\u00e9s"},{"text":"Assistance premium"},{"text":"Aide \u00e0 l'installation gratuite"},{"text":"Offre sp\u00e9ciale pour plusieurs applications"}],"pricing_button_text":"Ajouter au site Web","pricing_button_url":"#demo"}],"related_apps_title":"","related_apps_hidden":"","author":"","image":[],"title":"","job":"","social_networks":[]},"_links":{"self":[{"href":"https:\/\/elfsight.com\/fr\/wp-json\/wp\/v2\/pages\/9701","targetHints":{"allow":["GET"]}}],"collection":[{"href":"https:\/\/elfsight.com\/fr\/wp-json\/wp\/v2\/pages"}],"about":[{"href":"https:\/\/elfsight.com\/fr\/wp-json\/wp\/v2\/types\/page"}],"author":[{"embeddable":true,"href":"https:\/\/elfsight.com\/fr\/wp-json\/wp\/v2\/users\/9"}],"replies":[{"embeddable":true,"href":"https:\/\/elfsight.com\/fr\/wp-json\/wp\/v2\/comments?post=9701"}],"version-history":[{"count":1,"href":"https:\/\/elfsight.com\/fr\/wp-json\/wp\/v2\/pages\/9701\/revisions"}],"predecessor-version":[{"id":9705,"href":"https:\/\/elfsight.com\/fr\/wp-json\/wp\/v2\/pages\/9701\/revisions\/9705"}],"up":[{"embeddable":true,"href":"https:\/\/elfsight.com\/fr\/wp-json\/wp\/v2\/pages\/2464"}],"wp:attachment":[{"href":"https:\/\/elfsight.com\/fr\/wp-json\/wp\/v2\/media?parent=9701"}],"curies":[{"name":"wp","href":"https:\/\/api.w.org\/{rel}","templated":true}]}}