{"id":9700,"date":"1970-01-01T00:00:00","date_gmt":"1970-01-01T00:00:00","guid":{"rendered":"https:\/\/elfsight.com\/fr\/?page_id=9700"},"modified":"2025-07-10T12:25:40","modified_gmt":"2025-07-10T12:25:40","slug":"webflow","status":"publish","type":"page","link":"https:\/\/elfsight.com\/fr\/pinterest-feed-widget\/webflow\/","title":{"rendered":"Pinterest Feed &#8211; Webflow"},"content":{"rendered":"<div class=\"application-platform-content-item-description application-platform-content-item\" id=\"description\" data-nav-section=\"description\"><h2>Int\u00e9grer le flux Pinterest sur Webflow avec le widget Elfsight<\/h2><p>Le flux Pinterest Elfsight permet d&rsquo;afficher votre profil et toutes les \u00e9pingles et tableaux de Pinterest sur un site Web. Avec l&rsquo;aide de notre widget, vous pouvez non seulement pr\u00e9senter votre compte, mais \u00e9galement s\u00e9lectionner des \u00e9pingles et des tableaux pour cr\u00e9er des cat\u00e9gories th\u00e9matiques d&rsquo;images pour votre site Web. R\u00e9v\u00e9lez vos r\u00e9alisations commerciales, incitez vos clients \u00e0 d\u00e9couvrir de nouvelles tendances ou int\u00e9grez simplement de belles images sur votre site. Un widget flexible vous aidera \u00e0 \u00e9largir la port\u00e9e de vos supports visuels, \u00e0 augmenter le niveau d&rsquo;engagement sur votre site et \u00e0 attirer davantage d&rsquo;abonn\u00e9s sur Pinterest.<\/p><p><b>Ajoutez \u00e0 votre site des visuels Pinterest sans aucun effort.<\/b><\/p><ul><li><b>Augmentez l&rsquo;engagement des utilisateurs sur votre site Web<\/b><br> Un contenu soigneusement s\u00e9lectionn\u00e9 sur votre site Web attirera un maximum d&rsquo;attention et maintiendra l&rsquo;engagement des clients.<\/li><li><b> Attirez des abonn\u00e9s sur Pinterest<\/b><br> Avec le bouton Suivre dans le flux, davantage de clients potentiels auront la possibilit\u00e9 de devenir vos abonn\u00e9s.<\/li><li><b>Contenu visuel plus attrayant sur votre site Web<\/b><br> \u00c0 l&rsquo;aide des pins et des tableaux mis \u00e0 votre disposition, n&rsquo;h\u00e9sitez pas \u00e0 choisir les meilleurs visuels pour votre site internet afin de fid\u00e9liser vos futurs clients.<\/li><\/ul><\/div><div class=\"application-platform-content-item-features  application-platform-content-item\" id=\"features \" data-nav-section=\"features \"><h2>Principales fonctionnalit\u00e9s du widget Pinterest Feed<\/h2><p>Plusieurs attributs qui font de notre widget le plugin le plus important pour chaque site Web Webflow.<\/p><ul><li>Titre du widget modifiable\u00a0; <\/li><li>22 langues populaires disponibles\u00a0;<\/li><li>\u00c9l\u00e9ments d&rsquo;\u00e9pingles commutables\u00a0: Auteur, Texte, Bouton Partager, Ic\u00f4ne.<\/li><li>Afficher ou masquer les tableaux et le nombre d&rsquo;\u00e9pingles\u00a0;<\/li><\/ul><p><a href=\"#demo\">Autres caract\u00e9ristiques du constructeur gratuit<\/a><\/p><\/div><div class=\"application-platform-content-item-installation application-platform-content-item\" id=\"installation\" data-nav-section=\"installation\"><h2>Comment ajouter un flux Pinterest vers le site Web Webflow<\/h2><div class=\"video-container\"><iframe width=\"720\" height=\"405\" src=\"https:\/\/www.youtube.com\/embed\/c7rOfI5p-yg\" frameborder=\"0\" allowfullscreen=\"\"><\/iframe><\/div><p>Voici un bref tutoriel d&rsquo;Elfsight sur la configuration et la personnalisation du widget. Aucune comp\u00e9tence en d\u00e9veloppement Web n&rsquo;est requise. La dur\u00e9e approximative de mise en \u0153uvre des instructions est inf\u00e9rieure \u00e0 3 minutes.<\/p><ol><li><b>Construisez votre widget de flux Pinterest individuel<\/b><br> \u00c0 l&rsquo;aide de notre configurateur gratuit, g\u00e9n\u00e9rez un plugin avec l&rsquo;interface de votre choix. .<\/li><li><b>Recevoir un code pour publier le plugin<\/b><br> Apr\u00e8s la g\u00e9n\u00e9ration du widget, recevez un code pour le plugin Pinterest \u00e0 partir de la notification contextuelle sur les applications Elfsight. Copiez le code.<\/li><li><b>Int\u00e9grez le plugin sur le site<\/b><br> Int\u00e9grez le plugin \u00e0 l&rsquo;endroit souhait\u00e9 de la page et appliquez les modifications.<\/li><li><b>L&rsquo;int\u00e9gration est r\u00e9ussie !<\/b><br> Visitez votre site, pour v\u00e9rifier votre Pinterest.<\/li><\/ol><p>Besoin de conseils pour param\u00e9trer ou personnaliser le plugin ? L&rsquo;\u00e9quipe Elfsight se fera un plaisir de vous conseiller et de vous proposer une solution\u00a0!<\/p><\/div><div class=\"faq\" data-component=\"FAQ\"><div class=\"faq-item\">\r\n\t\t\t\t\t<div class=\"faq-item-question\">\r\n\t\t\t\t\t\t<h3 class=\"faq-item-question-text\">Comment ajouter un flux Pinterest \u00e0 mon site Webflow sans coder ? <\/h3>\r\n\r\n\t\t\t\t\t\t<div class=\"faq-item-question-icon\"><\/div>\r\n\t\t\t\t\t<\/div>\r\n\r\n\t\t\t\t\t<div class=\"faq-item-answer\">\r\n\t\t\t\t\t\t<div class=\"faq-item-answer-text\"><p>La soci\u00e9t\u00e9 Elfsight propose une solution Cloud qui vous permet de cr\u00e9er vous-m\u00eame une application Pinterest Feed. D\u00e9couvrez les instructions simples\u00a0: <\/p><ul><li>Travailler dans l&rsquo;\u00e9diteur en ligne pour g\u00e9n\u00e9rer un widget Pinterest Feed que vous utiliseriez souhaitez appara\u00eetre sur votre site Webflow.<\/li><li>S\u00e9lectionnez l&rsquo;un des mod\u00e8les pr\u00e9d\u00e9finis et adaptez les param\u00e8tres du flux Pinterest, modifiez la mise en page et la palette de couleurs, incluez votre contenu sans aucune connaissance en codage.<\/li><li> Cliquez pour enregistrer le flux Pinterest et copier le code d&rsquo;installation, qui peut \u00eatre ajout\u00e9 au site Webflow \u00e0 l&rsquo;aide d&rsquo;un forfait gratuit. <\/li><\/ul><p>Gr\u00e2ce \u00e0 notre configurateur convivial, chaque utilisateur Web peut cr\u00e9er un widget de flux Pinterest et le coller sans effort sur n&rsquo;importe quelle page Web Webflow. Il n\u2019est pas n\u00e9cessaire de payer ou de divulguer les donn\u00e9es de votre carte pour acc\u00e9der \u00e0 notre service. Si vous rencontrez des probl\u00e8mes de quelque nature que ce soit, n&rsquo;h\u00e9sitez pas \u00e0 vous adresser \u00e0 notre \u00e9quipe d&rsquo;assistance.<\/p><\/div>\r\n\t\t\t\t\t<\/div>\r\n\t\t\t\t<\/div><\/div>","protected":false},"excerpt":{"rendered":"","protected":false},"author":9,"featured_media":0,"parent":2464,"menu_order":0,"comment_status":"closed","ping_status":"closed","template":"templates\/template-application-platform.php","meta":{"publish_to_discourse":"","publish_post_category":"","wpdc_auto_publish_overridden":"","wpdc_topic_tags":"","wpdc_pin_topic":"","wpdc_pin_until":"","discourse_post_id":"","discourse_permalink":"","wpdc_publishing_response":"","wpdc_publishing_error":"","footnotes":""},"class_list":["post-9700","page","type-page","status-publish","hentry"],"yoast_head":"<!-- This site is optimized with the Yoast SEO plugin v25.3.1 - https:\/\/yoast.com\/wordpress\/plugins\/seo\/ -->\n<title>Flux Pinterest - Ajouter un widget Pinterest au site Web Webflow (2025)<\/title>\n<meta name=\"description\" content=\"Examinez gratuitement le meilleur widget de flux Pinterest pour Webflow. Une installation simple et rapide sans comp\u00e9tences en d\u00e9veloppement en quelques minutes seulement.\" \/>\n<meta name=\"robots\" content=\"index, follow, max-snippet:-1, max-image-preview:large, max-video-preview:-1\" \/>\n<link rel=\"canonical\" href=\"https:\/\/elfsight.com\/fr\/pinterest-feed-widget\/webflow\/\" \/>\n<meta property=\"og:locale\" content=\"fr_FR\" \/>\n<meta property=\"og:type\" content=\"article\" \/>\n<meta property=\"og:title\" content=\"Flux Pinterest - Ajouter un widget Pinterest au site Web Webflow (2025)\" \/>\n<meta property=\"og:description\" content=\"Examinez gratuitement le meilleur widget de flux Pinterest pour Webflow. Une installation simple et rapide sans comp\u00e9tences en d\u00e9veloppement en quelques minutes seulement.\" \/>\n<meta property=\"og:url\" content=\"https:\/\/elfsight.com\/fr\/pinterest-feed-widget\/webflow\/\" \/>\n<meta property=\"og:site_name\" content=\"Elfsight FR\" \/>\n<meta property=\"article:modified_time\" content=\"2025-07-10T12:25:40+00:00\" \/>\n<meta name=\"twitter:card\" content=\"summary_large_image\" \/>\n<meta name=\"twitter:label1\" content=\"Dur\u00e9e de lecture estim\u00e9e\" \/>\n\t<meta name=\"twitter:data1\" content=\"3 minutes\" \/>\n<!-- \/ Yoast SEO plugin. -->","yoast_head_json":{"title":"Flux Pinterest - Ajouter un widget Pinterest au site Web Webflow (2025)","description":"Examinez gratuitement le meilleur widget de flux Pinterest pour Webflow. Une installation simple et rapide sans comp\u00e9tences en d\u00e9veloppement en quelques minutes seulement.","robots":{"index":"index","follow":"follow","max-snippet":"max-snippet:-1","max-image-preview":"max-image-preview:large","max-video-preview":"max-video-preview:-1"},"canonical":"https:\/\/elfsight.com\/fr\/pinterest-feed-widget\/webflow\/","og_locale":"fr_FR","og_type":"article","og_title":"Flux Pinterest - Ajouter un widget Pinterest au site Web Webflow (2025)","og_description":"Examinez gratuitement le meilleur widget de flux Pinterest pour Webflow. Une installation simple et rapide sans comp\u00e9tences en d\u00e9veloppement en quelques minutes seulement.","og_url":"https:\/\/elfsight.com\/fr\/pinterest-feed-widget\/webflow\/","og_site_name":"Elfsight FR","article_modified_time":"2025-07-10T12:25:40+00:00","twitter_card":"summary_large_image","twitter_misc":{"Dur\u00e9e de lecture estim\u00e9e":"3 minutes"},"schema":{"@context":"https:\/\/schema.org","@graph":[{"@type":"WebPage","@id":"https:\/\/elfsight.com\/fr\/pinterest-feed-widget\/webflow\/","url":"https:\/\/elfsight.com\/fr\/pinterest-feed-widget\/webflow\/","name":"Flux Pinterest - Ajouter un widget Pinterest au site Web Webflow (2025)","isPartOf":{"@id":"https:\/\/elfsight.com\/fr\/#website"},"datePublished":"1970-01-01T00:00:00+00:00","dateModified":"2025-07-10T12:25:40+00:00","description":"Examinez gratuitement le meilleur widget de flux Pinterest pour Webflow. Une installation simple et rapide sans comp\u00e9tences en d\u00e9veloppement en quelques minutes seulement.","breadcrumb":{"@id":"https:\/\/elfsight.com\/fr\/pinterest-feed-widget\/webflow\/#breadcrumb"},"inLanguage":"fr-FR","potentialAction":[{"@type":"ReadAction","target":["https:\/\/elfsight.com\/fr\/pinterest-feed-widget\/webflow\/"]}]},{"@type":"BreadcrumbList","@id":"https:\/\/elfsight.com\/fr\/pinterest-feed-widget\/webflow\/#breadcrumb","itemListElement":[{"@type":"ListItem","position":1,"name":"Home","item":"https:\/\/elfsight.com\/fr\/"},{"@type":"ListItem","position":2,"name":"Pinterest Feed","item":"https:\/\/elfsight.com\/fr\/pinterest-feed-widget\/"},{"@type":"ListItem","position":3,"name":"Pinterest Feed &#8211; Webflow"}]},{"@type":"WebSite","@id":"https:\/\/elfsight.com\/fr\/#website","url":"https:\/\/elfsight.com\/fr\/","name":"Elfsight FR","description":"","potentialAction":[{"@type":"SearchAction","target":{"@type":"EntryPoint","urlTemplate":"https:\/\/elfsight.com\/fr\/?s={search_term_string}"},"query-input":{"@type":"PropertyValueSpecification","valueRequired":true,"valueName":"search_term_string"}}],"inLanguage":"fr-FR"}]}},"meta_box":{"industry":"","seo_heading":"","heading":"","description":"","cta_heading":"","cta_description":"","application":"2463","h1":"Widget de flux Pinterest Webflow","h1_caption":"Int\u00e9grez un flux d'\u00e9pingles de votre compte Pinterest pour afficher sans effort un contenu dynamique et visuellement attrayant sur votre site Web Webflow.","application_category":[],"applications_title":"","applications_request_title":"","applications_request_button_text":"","hero_text":"","hero_video":"","hero_video_schema_markup":"","selling_points_title":"","selling_points_caption":"","selling_points":[],"selling_points_cta_text":"","features_title":"","features":"","ed_cta_examples_text":"","ed_cta_examples_hidden":"","ed_cta_demo_text":"","ed_cta_demo_hidden":"","why_caption":"","why_editor_title":"","why_editor_text":"","why_team_title":"","why_team_text":"","why_service_title":"","why_service_text":"","template_catalog_visible":"","template_catalog_title":"","template_catalog_text":"","template_catalog_categories_visible":"","demo_title":"Cr\u00e9ez votre widget de flux Pinterest","demo_caption":"Configurez votre flux Pinterest et ajoutez-le gratuitement \u00e0 votre site Web Webflow\u00a0!","default_faq_hidden":"","app_template_category":[],"platform":"362","template_public_id":"","codecanyon_url":"","codecanyon_item_id":"","codecanyon_price":"","pricing_caption":"","pricing_elfsight_apps_hide_column":"","pricing_elfsight_apps_url":"","pricing_codecanyon_price_caption":"","integration_category":[],"integration_request_title":"","integration_request_cta":"","integration_platform":"","integrations":[],"platform_category":[],"video_schema_markup":"","price":"\u00e0 partir de 0$ \/ mois","trial":"","benefits":[{"text":"Service d'installation gratuit"},{"text":"Service client comp\u00e9tent"},{"text":"Garantie de remboursement de 14 jours"},{"text":"Mises \u00e0 jour gratuites et continues"}],"button_url":"","button_target_blank":"","button_nofollow":"","attributes":[{"name":"Installations","content":"10,000 - 100,000"},{"name":"Sensible","content":"Oui"},{"name":"Navigateurs compatibles","content":"Edge, Opera, Chrome, Firefox, Safari"}],"tags":[],"tags_disable_links":"","hide_more_platforms":"","video_object":"","demo_hide_cta":"","demo_hide_cloud_options":"","pricing_title":"","pricing":[{"pricing_icon":"platform","pricing_title":"Elfsight Apps","pricing_title_caption":"Solution num\u00e9rique multiplateforme","pricing_price":"from $0 \/ month","pricing_price_caption":"commencez avec un forfait gratuit","pricing_benefits":[{"text":"Domaines illimit\u00e9s"},{"text":"Support client professionnel"},{"text":"Assistance \u00e0 l'installation gratuite"},{"text":"Offre sp\u00e9ciale pour plusieurs applications"}],"pricing_button_text":"Ajouter au site Web","pricing_button_url":"#demo"}],"related_apps_title":"","related_apps_hidden":"","author":"","image":[],"title":"","job":"","social_networks":[]},"_links":{"self":[{"href":"https:\/\/elfsight.com\/fr\/wp-json\/wp\/v2\/pages\/9700","targetHints":{"allow":["GET"]}}],"collection":[{"href":"https:\/\/elfsight.com\/fr\/wp-json\/wp\/v2\/pages"}],"about":[{"href":"https:\/\/elfsight.com\/fr\/wp-json\/wp\/v2\/types\/page"}],"author":[{"embeddable":true,"href":"https:\/\/elfsight.com\/fr\/wp-json\/wp\/v2\/users\/9"}],"replies":[{"embeddable":true,"href":"https:\/\/elfsight.com\/fr\/wp-json\/wp\/v2\/comments?post=9700"}],"version-history":[{"count":1,"href":"https:\/\/elfsight.com\/fr\/wp-json\/wp\/v2\/pages\/9700\/revisions"}],"predecessor-version":[{"id":9704,"href":"https:\/\/elfsight.com\/fr\/wp-json\/wp\/v2\/pages\/9700\/revisions\/9704"}],"up":[{"embeddable":true,"href":"https:\/\/elfsight.com\/fr\/wp-json\/wp\/v2\/pages\/2464"}],"wp:attachment":[{"href":"https:\/\/elfsight.com\/fr\/wp-json\/wp\/v2\/media?parent=9700"}],"curies":[{"name":"wp","href":"https:\/\/api.w.org\/{rel}","templated":true}]}}