{"id":9699,"date":"1970-01-01T00:00:00","date_gmt":"1970-01-01T00:00:00","guid":{"rendered":"https:\/\/elfsight.com\/fr\/?page_id=9699"},"modified":"2024-12-17T13:52:38","modified_gmt":"2024-12-17T13:52:38","slug":"squarespace","status":"publish","type":"page","link":"https:\/\/elfsight.com\/fr\/pinterest-feed-widget\/squarespace\/","title":{"rendered":"Pinterest Feed &#8211; Squarespace"},"content":{"rendered":"\n<div class=\"application-platform-content-item-description application-platform-content-item\" id=\"description\" data-nav-section=\"description\"><h2>Int\u00e9grer le flux Pinterest sur Squarespace avec le widget Elfsight<\/h2><p>Avec l&rsquo;aide du flux Pinterest d&rsquo;Elfsight, vous pouvez introduisez dans votre site Web des visuels \u00e9tonnants de Pinterest sans effort suppl\u00e9mentaire. Le plugin Elfsight permet d&rsquo;int\u00e9grer toutes les \u00e9pingles, tableaux et votre profil complet dans le site Web. Attirez vos clients en leur montrant des images et des tableaux th\u00e9matiques soigneusement s\u00e9lectionn\u00e9s et cr\u00e9ez vos propres galeries uniques. Augmentez la couverture de vos visuels, augmentez l&rsquo;engagement sur le site et attirez de nouveaux abonn\u00e9s pour votre compte.<\/p><p><b>Annoncez vos offres, services et r\u00e9alisations sur le site \u00e0 l&rsquo;aide d&rsquo;\u00e9pingles et de tableaux\u00a0!<\/b><\/p><ul><li><b>Attirez les ventes en affichant vos offres<\/b><br> Cr\u00e9ez vos propres s\u00e9ries de photos uniques avec vos articles en vente ou les derni\u00e8res tendances et achats incontournables pour rendre les gens d\u00e9sireux \u00e0 acheter.<\/li><li><b>Atteignez une meilleure port\u00e9e sociale de votre contenu Pinterest<\/b><br> Offrez aux utilisateurs qui ne sont pas sur Pinterest la possibilit\u00e9 de voir votre contenu soigneusement s\u00e9lectionn\u00e9, en le publiant sur le site Web. .<\/li><li><b>Augmentez le nombre de ventes gr\u00e2ce \u00e0 des images attrayantes<\/b><br> S\u00e9lectionnez les images les plus irr\u00e9sistibles de vos produits ou services\u00a0; affichez les derni\u00e8res tendances et des images convaincantes pour inciter les gens \u00e0 acheter.<\/li><\/ul><\/div><div class=\"application-platform-content-item-features application-platform-content-item\" id=\"features\" data-nav-section=\"features\"><h2>Principales fonctionnalit\u00e9s du widget de flux Pinterest<\/h2> <p>C&rsquo;est ce qui transforme notre widget en un excellent outil pour le site Squarespace\u00a0:<\/p><ul><li>Affichez des \u00e9pingles, des tableaux et int\u00e9grez votre compte Pinterest\u00a0;<\/li><li>Choisissez la couleur du th\u00e8me principal\u00a0; <\/li><li>Afficher ou masquer l&rsquo;en-t\u00eate\u00a0;<\/li><li>Adaptatif aux mobiles dans n&rsquo;importe quelle taille et proportion.<\/li><\/ul><p><a href=\"#demo\">Fonctionnalit\u00e9s suppl\u00e9mentaires dans constructeur gratuit<\/a><\/p><\/div><div class=\"application-platform-content-item-installation application-platform-content-item\" id=\"installation\" data-nav-section=\"installation\"><h2>Comment ajouter un flux Pinterest au site Web Squarespace<\/h2><\/div><p>Un manuel simple sur l&rsquo;int\u00e9gration du flux Pinterest sur une page Web sans exp\u00e9rience en programmation. Vous n&rsquo;avez besoin que de 3 minutes pour suivre cette instruction.<\/p><ol><li><b>Cr\u00e9ez votre widget de flux Pinterest individuel<\/b><br> \u00c0 l&rsquo;aide de notre \u00e9diteur gratuit, g\u00e9n\u00e9rez un plugin avec un design et des fonctions qui vous conviennent. besoin.<\/li><li><b>Obtenez un code pour int\u00e9grer le plugin<\/b><br> Apr\u00e8s le r\u00e9glage du widget, obtenez un code pour le plugin Pinterest dans la fen\u00eatre contextuelle des applications Elfsight.<\/li><li><b>Publiez le plugin sur le site Squarespace<\/b><br> Int\u00e9grez le plugin \u00e0 l&rsquo;endroit souhait\u00e9 de la page et appliquez les modifications.<\/li><li><b>Termin\u00e9\u00a0!<\/b><br> Allez sur votre site internet, pour voir votre travail.<\/li><\/ol><p>Vous rencontrez des probl\u00e8mes d&rsquo;installation ou de personnalisation du plugin sur votre site ? \u00c9crivez un message \u00e0 notre \u00e9quipe d&rsquo;aide.<\/p><\/div><div class=\"faq\" data-component=\"FAQ\"><div class=\"faq-item\">\r\n\t\t\t\t\t<div class=\"faq-item-question\">\r\n\t\t\t\t\t\t<h3 class=\"faq-item-question-text\">Comment ajouter un flux Pinterest \u00e0 mon site Web Squarespace sans codage ?<\/h3>\r\n\r\n\t\t\t\t\t\t<div class=\"faq-item-question-icon\"><\/div>\r\n\t\t\t\t\t<\/div>\r\n\r\n\t\t\t\t\t<div class=\"faq-item-answer\">\r\n\t\t\t\t\t\t<div class=\"faq-item-answer-text\"><p>La soci\u00e9t\u00e9 Elfsight propose une solution qui permet \u00e0 l&rsquo;utilisateur de cr\u00e9er vous-m\u00eame une application de flux Pinterest. D\u00e9couvrez le guide simple\u00a0: <\/p><ul><li>Commencez \u00e0 travailler directement dans la d\u00e9mo en ligne pour g\u00e9n\u00e9rer une application de flux Pinterest que vous souhaitez ajouter. sur votre site Squarespace.<\/li><li>S\u00e9lectionnez l&rsquo;un des mod\u00e8les pr\u00e9d\u00e9finis et adaptez les param\u00e8tres du flux Pinterest, mettez \u00e0 jour votre contenu, transformez la mise en page et la couleur des \u00e9l\u00e9ments sans aucune comp\u00e9tence en codage.<\/li><li>Enregistrez le flux Pinterest et obtenez le code \u00e0 int\u00e9grer, que vous pouvez simplement int\u00e9grer dans votre site Web Squarespace sans avoir besoin d&rsquo;acheter une version payante. <\/li><\/ul><p>Avec l&rsquo;aide de notre \u00e9diteur convivial, chaque internaute peut cr\u00e9er l&rsquo;application Pinterest Feed et l&rsquo;int\u00e9grer \u00e0 n&rsquo;importe quelle page d&rsquo;accueil Squarespace. Vous ne devez pas payer ni saisir les informations d\u2019identification de votre carte pour acc\u00e9der \u00e0 notre \u00e9diteur. Si vous rencontrez des probl\u00e8mes \u00e0 n&rsquo;importe quelle \u00e9tape, n&rsquo;h\u00e9sitez pas \u00e0 contacter notre service client.<\/p><\/div>\r\n\t\t\t\t\t<\/div>\r\n\t\t\t\t<\/div><\/div>\n","protected":false},"excerpt":{"rendered":"","protected":false},"author":9,"featured_media":0,"parent":2464,"menu_order":0,"comment_status":"closed","ping_status":"closed","template":"templates\/template-application-platform.php","meta":{"publish_to_discourse":"","publish_post_category":"","wpdc_auto_publish_overridden":"","wpdc_topic_tags":"","wpdc_pin_topic":"","wpdc_pin_until":"","discourse_post_id":"","discourse_permalink":"","wpdc_publishing_response":"","wpdc_publishing_error":"","footnotes":""},"class_list":["post-9699","page","type-page","status-publish","hentry"],"yoast_head":"<!-- This site is optimized with the Yoast SEO plugin v25.3.1 - https:\/\/yoast.com\/wordpress\/plugins\/seo\/ -->\n<title>Flux Pinterest \u2013 Ajouter le plugin Pinterest au site Web Squarespace (2025)<\/title>\n<meta name=\"description\" content=\"Cr\u00e9ez votre plugin Pinterest Feed pour Squarespace et int\u00e9grez-le \u00e0 votre site Web. D\u00e9mo gratuite, aide \u00e0 l&#039;int\u00e9gration et autres bonus divers d&#039;Elfsight\u00a0!\" \/>\n<meta name=\"robots\" content=\"index, follow, max-snippet:-1, max-image-preview:large, max-video-preview:-1\" \/>\n<link rel=\"canonical\" href=\"https:\/\/elfsight.com\/fr\/pinterest-feed-widget\/squarespace\/\" \/>\n<meta property=\"og:locale\" content=\"fr_FR\" \/>\n<meta property=\"og:type\" content=\"article\" \/>\n<meta property=\"og:title\" content=\"Flux Pinterest \u2013 Ajouter le plugin Pinterest au site Web Squarespace (2025)\" \/>\n<meta property=\"og:description\" content=\"Cr\u00e9ez votre plugin Pinterest Feed pour Squarespace et int\u00e9grez-le \u00e0 votre site Web. D\u00e9mo gratuite, aide \u00e0 l&#039;int\u00e9gration et autres bonus divers d&#039;Elfsight\u00a0!\" \/>\n<meta property=\"og:url\" content=\"https:\/\/elfsight.com\/fr\/pinterest-feed-widget\/squarespace\/\" \/>\n<meta property=\"og:site_name\" content=\"Elfsight FR\" \/>\n<meta property=\"article:modified_time\" content=\"2024-12-17T13:52:38+00:00\" \/>\n<meta name=\"twitter:card\" content=\"summary_large_image\" \/>\n<meta name=\"twitter:label1\" content=\"Dur\u00e9e de lecture estim\u00e9e\" \/>\n\t<meta name=\"twitter:data1\" content=\"3 minutes\" \/>\n<!-- \/ Yoast SEO plugin. -->","yoast_head_json":{"title":"Flux Pinterest \u2013 Ajouter le plugin Pinterest au site Web Squarespace (2025)","description":"Cr\u00e9ez votre plugin Pinterest Feed pour Squarespace et int\u00e9grez-le \u00e0 votre site Web. D\u00e9mo gratuite, aide \u00e0 l'int\u00e9gration et autres bonus divers d'Elfsight\u00a0!","robots":{"index":"index","follow":"follow","max-snippet":"max-snippet:-1","max-image-preview":"max-image-preview:large","max-video-preview":"max-video-preview:-1"},"canonical":"https:\/\/elfsight.com\/fr\/pinterest-feed-widget\/squarespace\/","og_locale":"fr_FR","og_type":"article","og_title":"Flux Pinterest \u2013 Ajouter le plugin Pinterest au site Web Squarespace (2025)","og_description":"Cr\u00e9ez votre plugin Pinterest Feed pour Squarespace et int\u00e9grez-le \u00e0 votre site Web. D\u00e9mo gratuite, aide \u00e0 l'int\u00e9gration et autres bonus divers d'Elfsight\u00a0!","og_url":"https:\/\/elfsight.com\/fr\/pinterest-feed-widget\/squarespace\/","og_site_name":"Elfsight FR","article_modified_time":"2024-12-17T13:52:38+00:00","twitter_card":"summary_large_image","twitter_misc":{"Dur\u00e9e de lecture estim\u00e9e":"3 minutes"},"schema":{"@context":"https:\/\/schema.org","@graph":[{"@type":"WebPage","@id":"https:\/\/elfsight.com\/fr\/pinterest-feed-widget\/squarespace\/","url":"https:\/\/elfsight.com\/fr\/pinterest-feed-widget\/squarespace\/","name":"Flux Pinterest \u2013 Ajouter le plugin Pinterest au site Web Squarespace (2025)","isPartOf":{"@id":"https:\/\/elfsight.com\/fr\/#website"},"datePublished":"1970-01-01T00:00:00+00:00","dateModified":"2024-12-17T13:52:38+00:00","description":"Cr\u00e9ez votre plugin Pinterest Feed pour Squarespace et int\u00e9grez-le \u00e0 votre site Web. D\u00e9mo gratuite, aide \u00e0 l'int\u00e9gration et autres bonus divers d'Elfsight\u00a0!","breadcrumb":{"@id":"https:\/\/elfsight.com\/fr\/pinterest-feed-widget\/squarespace\/#breadcrumb"},"inLanguage":"fr-FR","potentialAction":[{"@type":"ReadAction","target":["https:\/\/elfsight.com\/fr\/pinterest-feed-widget\/squarespace\/"]}]},{"@type":"BreadcrumbList","@id":"https:\/\/elfsight.com\/fr\/pinterest-feed-widget\/squarespace\/#breadcrumb","itemListElement":[{"@type":"ListItem","position":1,"name":"Home","item":"https:\/\/elfsight.com\/fr\/"},{"@type":"ListItem","position":2,"name":"Pinterest Feed","item":"https:\/\/elfsight.com\/fr\/pinterest-feed-widget\/"},{"@type":"ListItem","position":3,"name":"Pinterest Feed &#8211; Squarespace"}]},{"@type":"WebSite","@id":"https:\/\/elfsight.com\/fr\/#website","url":"https:\/\/elfsight.com\/fr\/","name":"Elfsight FR","description":"","potentialAction":[{"@type":"SearchAction","target":{"@type":"EntryPoint","urlTemplate":"https:\/\/elfsight.com\/fr\/?s={search_term_string}"},"query-input":{"@type":"PropertyValueSpecification","valueRequired":true,"valueName":"search_term_string"}}],"inLanguage":"fr-FR"}]}},"meta_box":{"industry":"","seo_heading":"","heading":"","description":"","cta_heading":"","cta_description":"","application":"2463","h1":"Plugin de flux Pinterest Squarespace","h1_caption":"Int\u00e9grez un flux d'\u00e9pingles de votre compte Pinterest pour afficher sans effort du contenu dynamique et visuellement attrayant sur votre site Web Squarespace.","application_category":[],"applications_title":"","applications_request_title":"","applications_request_button_text":"","hero_text":"","hero_video":"","hero_video_schema_markup":"","selling_points_title":"","selling_points_caption":"","selling_points":[],"selling_points_cta_text":"","features_title":"","features":"","ed_cta_examples_text":"","ed_cta_examples_hidden":"","ed_cta_demo_text":"","ed_cta_demo_hidden":"","why_caption":"","why_editor_title":"","why_editor_text":"","why_team_title":"","why_team_text":"","why_service_title":"","why_service_text":"","template_catalog_visible":"0","template_catalog_title":"","template_catalog_text":"","template_catalog_categories_visible":"","demo_title":"Cr\u00e9ez votre plugin de flux Pinterest","demo_caption":"Configurez votre flux Pinterest et ajoutez-le gratuitement \u00e0 votre site Web Squarespace\u00a0!","default_faq_hidden":"","app_template_category":[],"platform":"361","template_public_id":"","codecanyon_url":"","codecanyon_item_id":"","codecanyon_price":"","pricing_caption":"","pricing_elfsight_apps_hide_column":"","pricing_elfsight_apps_url":"","pricing_codecanyon_price_caption":"","integration_category":[],"integration_request_title":"","integration_request_cta":"","integration_platform":"","integrations":[],"platform_category":[],"video_schema_markup":"","price":"\u00e0 partir de 0$ \/ mois","trial":"","benefits":[{"text":"Service d'installation gratuit"},{"text":"Assistance premium"},{"text":"Garantie de remboursement de 14 jours"},{"text":"Am\u00e9liorations continues"}],"button_url":"","button_target_blank":"0","button_nofollow":"0","attributes":[{"name":"Installations","content":"10,000 - 100,000"},{"name":"Sensible","content":"Oui"},{"name":"Navigateurs compatibles","content":"Firefox, Safari, Opera, Chrome, Edge"}],"tags":[],"tags_disable_links":"0","hide_more_platforms":"","video_object":"","demo_hide_cta":"0","demo_hide_cloud_options":"0","pricing_title":"","pricing":[{"pricing_icon":"platform","pricing_title":"Elfsight Apps","pricing_title_caption":"Solution num\u00e9rique multiplateforme adapt\u00e9e \u00e0 tous les sites","pricing_price":"from $0 \/ month","pricing_price_caption":"commencez avec un forfait gratuit","pricing_benefits":[{"text":"Domaines illimit\u00e9s"},{"text":"Assistance professionnelle et ponctuelle"},{"text":"Assistance \u00e0 l'installation gratuite"},{"text":"100% personnalisable"}],"pricing_button_text":"Ajouter au site Web","pricing_button_url":"#demo"}],"related_apps_title":"","related_apps_hidden":"0","author":"","image":[],"title":"","job":"","social_networks":[]},"_links":{"self":[{"href":"https:\/\/elfsight.com\/fr\/wp-json\/wp\/v2\/pages\/9699","targetHints":{"allow":["GET"]}}],"collection":[{"href":"https:\/\/elfsight.com\/fr\/wp-json\/wp\/v2\/pages"}],"about":[{"href":"https:\/\/elfsight.com\/fr\/wp-json\/wp\/v2\/types\/page"}],"author":[{"embeddable":true,"href":"https:\/\/elfsight.com\/fr\/wp-json\/wp\/v2\/users\/9"}],"replies":[{"embeddable":true,"href":"https:\/\/elfsight.com\/fr\/wp-json\/wp\/v2\/comments?post=9699"}],"version-history":[{"count":2,"href":"https:\/\/elfsight.com\/fr\/wp-json\/wp\/v2\/pages\/9699\/revisions"}],"predecessor-version":[{"id":15873,"href":"https:\/\/elfsight.com\/fr\/wp-json\/wp\/v2\/pages\/9699\/revisions\/15873"}],"up":[{"embeddable":true,"href":"https:\/\/elfsight.com\/fr\/wp-json\/wp\/v2\/pages\/2464"}],"wp:attachment":[{"href":"https:\/\/elfsight.com\/fr\/wp-json\/wp\/v2\/media?parent=9699"}],"curies":[{"name":"wp","href":"https:\/\/api.w.org\/{rel}","templated":true}]}}