{"id":9693,"date":"1970-01-01T00:00:00","date_gmt":"1970-01-01T00:00:00","guid":{"rendered":"https:\/\/elfsight.com\/fr\/?page_id=9693"},"modified":"2025-07-10T12:25:18","modified_gmt":"2025-07-10T12:25:18","slug":"opencart","status":"publish","type":"page","link":"https:\/\/elfsight.com\/fr\/pinterest-feed-widget\/opencart\/","title":{"rendered":"Pinterest Feed &#8211; OpenCart"},"content":{"rendered":"<div class=\"application-platform-content-item-description application-platform-content-item\" id=\"description\" data-nav-section=\"description\"><h2>Description<\/h2><p>Elfsight Pinterest Feed permet d&rsquo;afficher votre profil ainsi que toutes les \u00e9pingles et tableaux Pinterest sur votre site. Avec notre extension, vous pouvez non seulement int\u00e9grer votre compte mais \u00e9galement s\u00e9lectionner des \u00e9pingles et des tableaux pour \u00e9tablir des s\u00e9lections de photos pour votre site. Exposez vos portfolios, incitez vos futurs clients \u00e0 d\u00e9couvrir de nouvelles inspirations ou ajoutez simplement du contenu visuel \u00e0 votre site. Un widget flexible vous aidera \u00e0 \u00e9tendre la couverture de votre contenu, \u00e0 augmenter l&rsquo;engagement des visiteurs du site Web et \u00e0 attirer plus d&rsquo;abonn\u00e9s sur Pinterest.<\/p><p><b>Affichez votre profil, affichez des tableaux et choisissez des \u00e9pingles pour afficher le visuel le plus attrayant. contenu sur votre site\u00a0!<\/b><\/p><ul><li><b>Obtenez de nouvelles ventes affichant vos articles<\/b><br> Cr\u00e9ez vos propres galeries de photos uniques avec vos projets, les derni\u00e8res tendances et des achats incontournables pour convaincre les gens d&rsquo;acheter.<\/li><li><b>Attirez des abonn\u00e9s sur Pinterest<\/b><br> Avec le bouton Suivre disponible dans le flux, davantage d&rsquo;utilisateurs auront la possibilit\u00e9 de rejoindre vos abonn\u00e9s. <\/li><li><b>Une plus grande quantit\u00e9 de visuels attrayants pour les utilisateurs sur votre site<\/b><br> Avec l&rsquo;aide des \u00e9pingles et des tableaux \u00e0 votre disposition, il est facile de choisir le meilleur contenu visuel pour votre site. impliquez vos clients.<\/li><\/ul><\/div><div class=\"application-platform-content-item-features application-platform-content-item\" id=\"features\" data-nav-section=\"features\"><h2>Fonctionnalit\u00e9s<\/h2><p>Pourquoi notre extension est la meilleure parmi les widgets OpenCart efficaces\u00a0? Tout est question de fonctionnalit\u00e9s\u00a0:<\/p><ul><li>Affichage du titre du compte, des abonn\u00e9s et du nombre de abonn\u00e9s.<\/li><li>Choisissez la couleur du th\u00e8me principal\u00a0;<\/li><li>Afficher ou masquer l&rsquo;en-t\u00eate\u00a0; <\/li><li>Adaptatif aux mobiles dans toutes les tailles et proportions.<\/li><\/ul><p><a href=\"#demo\">V\u00e9rifiez toutes les fonctionnalit\u00e9s dans la d\u00e9mo en direct<\/a><\/p> <\/div><div class=\"application-platform-content-item-installation application-platform-content-item\" id=\"installation\" data-nav-section=\"installation\"><h2>Comment ajouter le flux Pinterest au site Web OpenCart<\/h2><p>Suivez simplement les instructions ci-dessous pour activer l&rsquo;extension sur OpenCart.<\/p> <ol><li><b>G\u00e9rez notre configurateur gratuit et commencez \u00e0 cr\u00e9er votre propre extension. <\/b><br> Trouvez la forme souhait\u00e9e et les caract\u00e9ristiques fonctionnelles du widget et appliquez les corrections. <\/li> <li><b>Copiez votre code unique r\u00e9v\u00e9l\u00e9 dans le formulaire sp\u00e9cial sur Elfsight Apps. <\/b><br> Une fois la cr\u00e9ation de votre extension Pinterest Feed personnelle termin\u00e9e, copiez le code exclusif de la fen\u00eatre contextuelle apparue et conservez-le pour une utilisation ult\u00e9rieure. <\/li> <li><b>Commencez \u00e0 utiliser l&rsquo;outil sur votre site Web OpenCart. <\/b><br> Int\u00e9grez le code que vous avez enregistr\u00e9 auparavant dans votre page et appliquez les ajustements. <\/li> <li><b>Vous avez termin\u00e9\u00a0! L&rsquo;int\u00e9gration est enti\u00e8rement r\u00e9alis\u00e9e. <\/b><br> Acc\u00e9dez \u00e0 votre page pour examiner comment fonctionne le widget. <\/li><\/ol> <p>Vous \u00eates tomb\u00e9 sur quelque chose en appliquant le manuel\u00a0? Envoyez un message au centre d&rsquo;assistance Elfsight.<\/p><\/div><div class=\"faq\" data-component=\"FAQ\"><div class=\"faq-item\">\r\n\t\t\t\t\t<div class=\"faq-item-question\">\r\n\t\t\t\t\t\t<h3 class=\"faq-item-question-text\">Comment puis-je int\u00e9grer le flux Pinterest \u00e0 ma page Web OpenCart sans connaissances en codage ?<\/h3>\r\n\r\n\t\t\t\t\t\t<div class=\"faq-item-question-icon\"><\/div>\r\n\t\t\t\t\t<\/div>\r\n\r\n\t\t\t\t\t<div class=\"faq-item-answer\">\r\n\t\t\t\t\t\t<div class=\"faq-item-answer-text\"><p>La soci\u00e9t\u00e9 Elfsight propose une solution Cloud qui permet aux utilisateurs de cr\u00e9er eux-m\u00eames un plugin de flux Pinterest. Regardez les \u00e9tapes simples\u00a0: <\/p><ul><li>Travailler dans l&rsquo;\u00e9diteur en direct pour cr\u00e9er un plugin de flux Pinterest que vous souhaitez cr\u00e9er. int\u00e9grer sur la page Web OpenCart.<\/li><li>Choisissez l&rsquo;un de nos mod\u00e8les pr\u00e9d\u00e9finis et adaptez les param\u00e8tres du flux Pinterest, changez la mise en page et les couleurs, incluez votre contenu sans aucune exp\u00e9rience de codage.<\/li><li> Enregistrez le flux Pinterest et obtenez le code du widget \u00e0 int\u00e9grer, qui peut \u00eatre coll\u00e9 sans effort dans n&rsquo;importe quelle page d&rsquo;accueil OpenCart dans le cadre d&rsquo;un forfait gratuit. <\/li><\/ul><p>Avec l&rsquo;aide de notre \u00e9diteur intuitif, tout internaute peut cr\u00e9er un widget Pinterest Feed et l&rsquo;ajouter facilement \u00e0 n&rsquo;importe quelle page Web OpenCart. Vous ne devez pas payer ou divulguer les donn\u00e9es de votre carte pour acc\u00e9der \u00e0 Elfsight Editor. Si vous rencontrez des obstacles de quelque nature que ce soit, n&rsquo;h\u00e9sitez pas et contactez notre \u00e9quipe d&rsquo;assistance.<\/p><\/div>\r\n\t\t\t\t\t<\/div>\r\n\t\t\t\t<\/div><\/div>","protected":false},"excerpt":{"rendered":"","protected":false},"author":9,"featured_media":0,"parent":2464,"menu_order":0,"comment_status":"closed","ping_status":"closed","template":"templates\/template-application-platform.php","meta":{"publish_to_discourse":"","publish_post_category":"","wpdc_auto_publish_overridden":"","wpdc_topic_tags":"","wpdc_pin_topic":"","wpdc_pin_until":"","discourse_post_id":"","discourse_permalink":"","wpdc_publishing_response":"","wpdc_publishing_error":"","footnotes":""},"class_list":["post-9693","page","type-page","status-publish","hentry"],"yoast_head":"<!-- This site is optimized with the Yoast SEO plugin v25.3.1 - https:\/\/yoast.com\/wordpress\/plugins\/seo\/ -->\n<title>Pinterest Feed - Ajouter l&#039;extension Pinterest au site Web OpenCart (2026)<\/title>\n<meta name=\"description\" content=\"Cr\u00e9ez une extension de flux Pinterest personnalis\u00e9e pour votre site Web OpenCart. D\u00e9couvrez l&#039;\u00e9diteur le plus pratique pour la cr\u00e9ation d&#039;extensions.\" \/>\n<meta name=\"robots\" content=\"index, follow, max-snippet:-1, max-image-preview:large, max-video-preview:-1\" \/>\n<link rel=\"canonical\" href=\"https:\/\/elfsight.com\/fr\/pinterest-feed-widget\/opencart\/\" \/>\n<meta property=\"og:locale\" content=\"fr_FR\" \/>\n<meta property=\"og:type\" content=\"article\" \/>\n<meta property=\"og:title\" content=\"Pinterest Feed - Ajouter l&#039;extension Pinterest au site Web OpenCart (2026)\" \/>\n<meta property=\"og:description\" content=\"Cr\u00e9ez une extension de flux Pinterest personnalis\u00e9e pour votre site Web OpenCart. D\u00e9couvrez l&#039;\u00e9diteur le plus pratique pour la cr\u00e9ation d&#039;extensions.\" \/>\n<meta property=\"og:url\" content=\"https:\/\/elfsight.com\/fr\/pinterest-feed-widget\/opencart\/\" \/>\n<meta property=\"og:site_name\" content=\"Elfsight FR\" \/>\n<meta property=\"article:modified_time\" content=\"2025-07-10T12:25:18+00:00\" \/>\n<meta name=\"twitter:card\" content=\"summary_large_image\" \/>\n<meta name=\"twitter:label1\" content=\"Dur\u00e9e de lecture estim\u00e9e\" \/>\n\t<meta name=\"twitter:data1\" content=\"3 minutes\" \/>\n<!-- \/ Yoast SEO plugin. -->","yoast_head_json":{"title":"Pinterest Feed - Ajouter l'extension Pinterest au site Web OpenCart (2026)","description":"Cr\u00e9ez une extension de flux Pinterest personnalis\u00e9e pour votre site Web OpenCart. D\u00e9couvrez l'\u00e9diteur le plus pratique pour la cr\u00e9ation d'extensions.","robots":{"index":"index","follow":"follow","max-snippet":"max-snippet:-1","max-image-preview":"max-image-preview:large","max-video-preview":"max-video-preview:-1"},"canonical":"https:\/\/elfsight.com\/fr\/pinterest-feed-widget\/opencart\/","og_locale":"fr_FR","og_type":"article","og_title":"Pinterest Feed - Ajouter l'extension Pinterest au site Web OpenCart (2026)","og_description":"Cr\u00e9ez une extension de flux Pinterest personnalis\u00e9e pour votre site Web OpenCart. D\u00e9couvrez l'\u00e9diteur le plus pratique pour la cr\u00e9ation d'extensions.","og_url":"https:\/\/elfsight.com\/fr\/pinterest-feed-widget\/opencart\/","og_site_name":"Elfsight FR","article_modified_time":"2025-07-10T12:25:18+00:00","twitter_card":"summary_large_image","twitter_misc":{"Dur\u00e9e de lecture estim\u00e9e":"3 minutes"},"schema":{"@context":"https:\/\/schema.org","@graph":[{"@type":"WebPage","@id":"https:\/\/elfsight.com\/fr\/pinterest-feed-widget\/opencart\/","url":"https:\/\/elfsight.com\/fr\/pinterest-feed-widget\/opencart\/","name":"Pinterest Feed - Ajouter l'extension Pinterest au site Web OpenCart (2026)","isPartOf":{"@id":"https:\/\/elfsight.com\/fr\/#website"},"datePublished":"1970-01-01T00:00:00+00:00","dateModified":"2025-07-10T12:25:18+00:00","description":"Cr\u00e9ez une extension de flux Pinterest personnalis\u00e9e pour votre site Web OpenCart. D\u00e9couvrez l'\u00e9diteur le plus pratique pour la cr\u00e9ation d'extensions.","breadcrumb":{"@id":"https:\/\/elfsight.com\/fr\/pinterest-feed-widget\/opencart\/#breadcrumb"},"inLanguage":"fr-FR","potentialAction":[{"@type":"ReadAction","target":["https:\/\/elfsight.com\/fr\/pinterest-feed-widget\/opencart\/"]}]},{"@type":"BreadcrumbList","@id":"https:\/\/elfsight.com\/fr\/pinterest-feed-widget\/opencart\/#breadcrumb","itemListElement":[{"@type":"ListItem","position":1,"name":"Home","item":"https:\/\/elfsight.com\/fr\/"},{"@type":"ListItem","position":2,"name":"Pinterest Feed","item":"https:\/\/elfsight.com\/fr\/pinterest-feed-widget\/"},{"@type":"ListItem","position":3,"name":"Pinterest Feed &#8211; OpenCart"}]},{"@type":"WebSite","@id":"https:\/\/elfsight.com\/fr\/#website","url":"https:\/\/elfsight.com\/fr\/","name":"Elfsight FR","description":"","potentialAction":[{"@type":"SearchAction","target":{"@type":"EntryPoint","urlTemplate":"https:\/\/elfsight.com\/fr\/?s={search_term_string}"},"query-input":{"@type":"PropertyValueSpecification","valueRequired":true,"valueName":"search_term_string"}}],"inLanguage":"fr-FR"}]}},"meta_box":{"industry":"","seo_heading":"","heading":"","description":"","cta_heading":"","cta_description":"","application":"2463","h1":"Extension de flux Pinterest OpenCart","h1_caption":"Int\u00e9grez un flux d'\u00e9pingles de votre compte Pinterest pour afficher sans effort du contenu dynamique et visuellement attrayant sur votre site Web Opencart.","application_category":[],"applications_title":"","applications_request_title":"","applications_request_button_text":"","hero_text":"","hero_video":"","hero_video_schema_markup":"","selling_points_title":"","selling_points_caption":"","selling_points":[],"selling_points_cta_text":"","features_title":"","features":"","ed_cta_examples_text":"","ed_cta_examples_hidden":"","ed_cta_demo_text":"","ed_cta_demo_hidden":"","why_caption":"","why_editor_title":"","why_editor_text":"","why_team_title":"","why_team_text":"","why_service_title":"","why_service_text":"","template_catalog_visible":"","template_catalog_title":"","template_catalog_text":"","template_catalog_categories_visible":"","demo_title":"Cr\u00e9ez votre extension de flux Pinterest","demo_caption":"Configurez votre flux Pinterest et ajoutez-le gratuitement \u00e0 votre site Web OpenCart\u00a0!","default_faq_hidden":"","app_template_category":[],"platform":"359","template_public_id":"","codecanyon_url":"","codecanyon_item_id":"","codecanyon_price":"","pricing_caption":"","pricing_elfsight_apps_hide_column":"","pricing_elfsight_apps_url":"","pricing_codecanyon_price_caption":"","integration_category":[],"integration_request_title":"","integration_request_cta":"","integration_platform":"","integrations":[],"platform_category":[],"video_schema_markup":"","price":"\u00e0 partir de 0$ \/ mois","trial":"","benefits":[{"text":"Assistance \u00e0 l'installation gratuite"},{"text":"Service client comp\u00e9tent"},{"text":"Garantie de remboursement de 14 jours"},{"text":"Am\u00e9liorations gratuites \u00e0 vie"}],"button_url":"","button_target_blank":"","button_nofollow":"","attributes":[{"name":"Installations","content":"10,000 - 100,000"},{"name":"Sensible","content":"Oui"},{"name":"Navigateurs compatibles","content":"Edge, Firefox, Chrome, Opera, Safari"}],"tags":[],"tags_disable_links":"","hide_more_platforms":"","video_object":"","demo_hide_cta":"","demo_hide_cloud_options":"","pricing_title":"","pricing":[{"pricing_icon":"platform","pricing_title":"Elfsight Apps","pricing_title_caption":"Version ind\u00e9pendante de la plate-forme qui fonctionne sur n'importe quel site Web","pricing_price":"from $0 \/ month","pricing_price_caption":"commencez avec un forfait gratuit","pricing_benefits":[{"text":"Domaines illimit\u00e9s"},{"text":"Support client rapide"},{"text":"Aide \u00e0 l'installation gratuite"},{"text":"100% personnalisable"}],"pricing_button_text":"Ajouter au site Web","pricing_button_url":"#demo"}],"related_apps_title":"","related_apps_hidden":"","author":"","image":[],"title":"","job":"","social_networks":[]},"_links":{"self":[{"href":"https:\/\/elfsight.com\/fr\/wp-json\/wp\/v2\/pages\/9693","targetHints":{"allow":["GET"]}}],"collection":[{"href":"https:\/\/elfsight.com\/fr\/wp-json\/wp\/v2\/pages"}],"about":[{"href":"https:\/\/elfsight.com\/fr\/wp-json\/wp\/v2\/types\/page"}],"author":[{"embeddable":true,"href":"https:\/\/elfsight.com\/fr\/wp-json\/wp\/v2\/users\/9"}],"replies":[{"embeddable":true,"href":"https:\/\/elfsight.com\/fr\/wp-json\/wp\/v2\/comments?post=9693"}],"version-history":[{"count":1,"href":"https:\/\/elfsight.com\/fr\/wp-json\/wp\/v2\/pages\/9693\/revisions"}],"predecessor-version":[{"id":9697,"href":"https:\/\/elfsight.com\/fr\/wp-json\/wp\/v2\/pages\/9693\/revisions\/9697"}],"up":[{"embeddable":true,"href":"https:\/\/elfsight.com\/fr\/wp-json\/wp\/v2\/pages\/2464"}],"wp:attachment":[{"href":"https:\/\/elfsight.com\/fr\/wp-json\/wp\/v2\/media?parent=9693"}],"curies":[{"name":"wp","href":"https:\/\/api.w.org\/{rel}","templated":true}]}}