{"id":9691,"date":"1970-01-01T00:00:00","date_gmt":"1970-01-01T00:00:00","guid":{"rendered":"https:\/\/elfsight.com\/fr\/?page_id=9691"},"modified":"2025-07-10T12:24:04","modified_gmt":"2025-07-10T12:24:04","slug":"html","status":"publish","type":"page","link":"https:\/\/elfsight.com\/fr\/pinterest-feed-widget\/html\/","title":{"rendered":"Pinterest Feed &#8211; HTML"},"content":{"rendered":"<div class=\"application-platform-content-item-description application-platform-content-item\" id=\"description\" data-nav-section=\"description\"><h2>Description<\/h2><p>Avec Pinterest Feed d&rsquo;Elfsight, vous pouvez facilement ajouter \u00e0 votre site Web du contenu visuel fascinant de Pinterest. Le code Elfsight Pinterest permet d&rsquo;int\u00e9grer les \u00e9pingles, les tableaux et votre compte complet souhait\u00e9s dans le site. Attirez vos utilisateurs en utilisant des images soigneusement s\u00e9lectionn\u00e9es, des tableaux th\u00e9matiques et vos propres galeries uniques. Obtenez une meilleure couverture de vos photos, augmentez l&rsquo;engagement sur votre site Web et obtenez en m\u00eame temps de nouveaux abonn\u00e9s pour votre profil Pinterest.<\/p><p><b> Accompagnez le contenu de votre site Web avec des visuels de Pinterest. C&rsquo;est simple et rapide.<\/b><\/p><ul><li><b>G\u00e9n\u00e9rez plus de ventes en pr\u00e9sentant vos offres<\/b><br> Pr\u00e9sentez vos propres s\u00e9ries de photos au design unique avec vos articles en vente ou les plus r\u00e9cents. tendances et incontournables pour faire d\u00e9couvrir aux gens ce qu&rsquo;il faut acheter.<\/li><li><b>Atteignez une meilleure port\u00e9e sociale de vos images<\/b><br> Donnez la possibilit\u00e9 aux personnes qui ne sont pas sur Pinterest d&rsquo;avoir un examinez votre contenu soigneusement s\u00e9lectionn\u00e9 et montrez-le sur le site Web.<\/li><li><b>Augmentez le nombre de ventes avec des visuels attrayants<\/b><br> S\u00e9lectionnez les meilleures images de vos articles\u00a0; pr\u00e9sentez les derni\u00e8res tendances et des images inspirantes pour donner envie aux gens d&rsquo;acheter.<\/li><\/ul><\/div><div class=\"application-platform-content-item-features application-platform-content-item\" id=\"features\" data-nav-section=\"features\"><h2>Fonctionnalit\u00e9s<\/h2><p>Quels sont les avantages du plugin Elfsight le meilleur pour chaque site Web HTML\u00a0? D\u00e9couvrez nos caract\u00e9ristiques les plus importantes\u00a0:<\/p><ul><li>Affichage du titre du compte, des abonn\u00e9s et du nombre d&rsquo;abonn\u00e9s\u00a0;<\/li><li>22 langues populaires disponibles\u00a0;<\/li><li>Bouton Suivre dans l&rsquo;en-t\u00eate de suivi transparent de votre compte\u00a0;<\/li><li>Cliquez sur l&rsquo;image pour l&rsquo;ouvrir sur Pinterest.<\/li><\/ul><p><a href=\"#demo\">D\u00e9couvrez les fonctionnalit\u00e9s les plus importantes dans le configurateur Elfsight<\/a><\/p><\/div><div class=\"application-platform-content-item-installation application-platform-content-item\" id=\"installation\" data-nav-section=\"installation\"><h2>Comment ajouter le code de flux Pinterest au site Web HTML<\/h2><div class=\"video-container\"><iframe width=\"720\" height=\"405\" src=\"https:\/\/www.youtube.com\/embed\/mhubNke0YcQ\" frameborder=\"0\" allowfullscreen=\"\"><\/iframe><\/div><p>A La dur\u00e9e compl\u00e8te de l&rsquo;installation n&rsquo;est que de 1 minute et, de plus, elle ne n\u00e9cessite aucune connaissance en programmation.<\/p><ol><li><b>Cr\u00e9ez votre widget de flux Pinterest unique<\/b><br> Gr\u00e2ce \u00e0 notre configurateur gratuit, fa\u00e7onnez un plugin avec le mod\u00e8le et les options souhait\u00e9s.<\/li><li><b>Acqu\u00e9rir un code pour configurer le plugin<\/b><br> Apr\u00e8s le param\u00e9trage du widget, obtenez un code pour Plugin Pinterest \u00e0 partir de la notification apparaissant sur les applications Elfsight. Enregistrez-le pour une utilisation ult\u00e9rieure.<\/li><li><b>Affichez le widget sur la page HTML<\/b><br> D\u00e9marrez le code de la page dans l&rsquo;\u00e9diteur HTML et int\u00e9grez le widget \u00e0 l&rsquo;endroit dont vous avez besoin (contenu, pied de page, barre lat\u00e9rale, etc.) et appliquez les modifications.<\/li><li><b>L&rsquo;installation est termin\u00e9e<\/b><br> Acc\u00e9dez au site Web pour v\u00e9rifier votre widget.<\/li><\/ol><p>Vous rencontrez des difficult\u00e9s lors de l&rsquo;ex\u00e9cution du manuel ? Laissez un message \u00e0 notre centre d&rsquo;assistance.<\/p><\/div><div class=\"faq\" data-component=\"FAQ\"><div class=\"faq-item\">\r\n\t\t\t\t\t<div class=\"faq-item-question\">\r\n\t\t\t\t\t\t<h3 class=\"faq-item-question-text\">De quelle mani\u00e8re est-il possible d'int\u00e9grer le flux Pinterest \u00e0 mon site Web HTML sans codage ?<\/h3>\r\n\r\n\t\t\t\t\t\t<div class=\"faq-item-question-icon\"><\/div>\r\n\t\t\t\t\t<\/div>\r\n\r\n\t\t\t\t\t<div class=\"faq-item-answer\">\r\n\t\t\t\t\t\t<div class=\"faq-item-answer-text\"><p>La soci\u00e9t\u00e9 Elfsight propose une solution SaaS qui permet \u00e0 un large public de cr\u00e9er vous-m\u00eame une section de flux Pinterest. Voyez \u00e0 quel point c&rsquo;est simple\u00a0: <\/p><ul><li>Travailler directement dans l&rsquo;\u00e9diteur en direct pour cr\u00e9er un flux Pinterest. application que vous souhaitez afficher sur le site Web HTML.<\/li><li>Choisissez l&rsquo;un des mod\u00e8les pr\u00e9d\u00e9finis et modifiez les param\u00e8tres du flux Pinterest, transformez la mise en page et les couleurs, incluez votre contenu sans connaissances en codage.<\/li><li>Cliquez pour enregistrer le flux Pinterest et copier le code du widget pour l&rsquo;installation, que vous pouvez simplement ajouter gratuitement \u00e0 votre page d&rsquo;accueil HTML. <\/li><\/ul><p>Avec l&rsquo;aide de notre configurateur intuitif, tout internaute peut g\u00e9n\u00e9rer une section de flux Pinterest en ligne et l&rsquo;ajouter facilement au site HTML. Vous ne devez pas souscrire \u00e0 un abonnement payant ni divulguer les informations d\u2019identification de votre carte pour acc\u00e9der \u00e0 notre \u00e9diteur. Si vous rencontrez des obstacles \u00e0 n&rsquo;importe quelle \u00e9tape, n&rsquo;h\u00e9sitez pas \u00e0 contacter notre \u00e9quipe d&rsquo;assistance.<\/p><\/div>\r\n\t\t\t\t\t<\/div>\r\n\t\t\t\t<\/div><\/div>","protected":false},"excerpt":{"rendered":"","protected":false},"author":9,"featured_media":0,"parent":2464,"menu_order":0,"comment_status":"closed","ping_status":"closed","template":"templates\/template-application-platform.php","meta":{"publish_to_discourse":"","publish_post_category":"","wpdc_auto_publish_overridden":"","wpdc_topic_tags":"","wpdc_pin_topic":"","wpdc_pin_until":"","discourse_post_id":"","discourse_permalink":"","wpdc_publishing_response":"","wpdc_publishing_error":"","footnotes":""},"class_list":["post-9691","page","type-page","status-publish","hentry"],"yoast_head":"<!-- This site is optimized with the Yoast SEO plugin v25.3.1 - https:\/\/yoast.com\/wordpress\/plugins\/seo\/ -->\n<title>Widget HTML Pinterest Feed - Ajouter du code Pinterest au site Web HTML<\/title>\n<meta name=\"description\" content=\"Int\u00e9grez le code du widget Pinterest Feed sur HTML seulement en 1 minute. Essayez toutes les fonctionnalit\u00e9s principales du meilleur plugin Pinterest dans un configurateur gratuit.\" \/>\n<meta name=\"robots\" content=\"index, follow, max-snippet:-1, max-image-preview:large, max-video-preview:-1\" \/>\n<link rel=\"canonical\" href=\"https:\/\/elfsight.com\/fr\/pinterest-feed-widget\/html\/\" \/>\n<meta property=\"og:locale\" content=\"fr_FR\" \/>\n<meta property=\"og:type\" content=\"article\" \/>\n<meta property=\"og:title\" content=\"Widget HTML Pinterest Feed - Ajouter du code Pinterest au site Web HTML\" \/>\n<meta property=\"og:description\" content=\"Int\u00e9grez le code du widget Pinterest Feed sur HTML seulement en 1 minute. Essayez toutes les fonctionnalit\u00e9s principales du meilleur plugin Pinterest dans un configurateur gratuit.\" \/>\n<meta property=\"og:url\" content=\"https:\/\/elfsight.com\/fr\/pinterest-feed-widget\/html\/\" \/>\n<meta property=\"og:site_name\" content=\"Elfsight FR\" \/>\n<meta property=\"article:modified_time\" content=\"2025-07-10T12:24:04+00:00\" \/>\n<meta name=\"twitter:card\" content=\"summary_large_image\" \/>\n<meta name=\"twitter:label1\" content=\"Dur\u00e9e de lecture estim\u00e9e\" \/>\n\t<meta name=\"twitter:data1\" content=\"3 minutes\" \/>\n<!-- \/ Yoast SEO plugin. -->","yoast_head_json":{"title":"Widget HTML Pinterest Feed - Ajouter du code Pinterest au site Web HTML","description":"Int\u00e9grez le code du widget Pinterest Feed sur HTML seulement en 1 minute. Essayez toutes les fonctionnalit\u00e9s principales du meilleur plugin Pinterest dans un configurateur gratuit.","robots":{"index":"index","follow":"follow","max-snippet":"max-snippet:-1","max-image-preview":"max-image-preview:large","max-video-preview":"max-video-preview:-1"},"canonical":"https:\/\/elfsight.com\/fr\/pinterest-feed-widget\/html\/","og_locale":"fr_FR","og_type":"article","og_title":"Widget HTML Pinterest Feed - Ajouter du code Pinterest au site Web HTML","og_description":"Int\u00e9grez le code du widget Pinterest Feed sur HTML seulement en 1 minute. Essayez toutes les fonctionnalit\u00e9s principales du meilleur plugin Pinterest dans un configurateur gratuit.","og_url":"https:\/\/elfsight.com\/fr\/pinterest-feed-widget\/html\/","og_site_name":"Elfsight FR","article_modified_time":"2025-07-10T12:24:04+00:00","twitter_card":"summary_large_image","twitter_misc":{"Dur\u00e9e de lecture estim\u00e9e":"3 minutes"},"schema":{"@context":"https:\/\/schema.org","@graph":[{"@type":"WebPage","@id":"https:\/\/elfsight.com\/fr\/pinterest-feed-widget\/html\/","url":"https:\/\/elfsight.com\/fr\/pinterest-feed-widget\/html\/","name":"Widget HTML Pinterest Feed - Ajouter du code Pinterest au site Web HTML","isPartOf":{"@id":"https:\/\/elfsight.com\/fr\/#website"},"datePublished":"1970-01-01T00:00:00+00:00","dateModified":"2025-07-10T12:24:04+00:00","description":"Int\u00e9grez le code du widget Pinterest Feed sur HTML seulement en 1 minute. Essayez toutes les fonctionnalit\u00e9s principales du meilleur plugin Pinterest dans un configurateur gratuit.","breadcrumb":{"@id":"https:\/\/elfsight.com\/fr\/pinterest-feed-widget\/html\/#breadcrumb"},"inLanguage":"fr-FR","potentialAction":[{"@type":"ReadAction","target":["https:\/\/elfsight.com\/fr\/pinterest-feed-widget\/html\/"]}]},{"@type":"BreadcrumbList","@id":"https:\/\/elfsight.com\/fr\/pinterest-feed-widget\/html\/#breadcrumb","itemListElement":[{"@type":"ListItem","position":1,"name":"Home","item":"https:\/\/elfsight.com\/fr\/"},{"@type":"ListItem","position":2,"name":"Pinterest Feed","item":"https:\/\/elfsight.com\/fr\/pinterest-feed-widget\/"},{"@type":"ListItem","position":3,"name":"Pinterest Feed &#8211; HTML"}]},{"@type":"WebSite","@id":"https:\/\/elfsight.com\/fr\/#website","url":"https:\/\/elfsight.com\/fr\/","name":"Elfsight FR","description":"","potentialAction":[{"@type":"SearchAction","target":{"@type":"EntryPoint","urlTemplate":"https:\/\/elfsight.com\/fr\/?s={search_term_string}"},"query-input":{"@type":"PropertyValueSpecification","valueRequired":true,"valueName":"search_term_string"}}],"inLanguage":"fr-FR"}]}},"meta_box":{"industry":"","seo_heading":"","heading":"","description":"","cta_heading":"","cta_description":"","application":"2463","h1":"Widget de flux HTML Pinterest","h1_caption":"Int\u00e9grez un flux d'\u00e9pingles de votre compte Pinterest pour afficher sans effort un contenu dynamique et visuellement attrayant sur votre site Web HTML.","application_category":[],"applications_title":"","applications_request_title":"","applications_request_button_text":"","hero_text":"","hero_video":"","hero_video_schema_markup":"","selling_points_title":"","selling_points_caption":"","selling_points":[],"selling_points_cta_text":"","features_title":"","features":"","ed_cta_examples_text":"","ed_cta_examples_hidden":"","ed_cta_demo_text":"","ed_cta_demo_hidden":"","why_caption":"","why_editor_title":"","why_editor_text":"","why_team_title":"","why_team_text":"","why_service_title":"","why_service_text":"","template_catalog_visible":"","template_catalog_title":"","template_catalog_text":"","template_catalog_categories_visible":"","demo_title":"Cr\u00e9ez votre widget de flux Pinterest","demo_caption":"Configurez votre flux Pinterest et ajoutez-le \u00e0 votre site Web HTML gratuitement\u00a0!","default_faq_hidden":"","app_template_category":[],"platform":"352","template_public_id":"","codecanyon_url":"","codecanyon_item_id":"","codecanyon_price":"","pricing_caption":"","pricing_elfsight_apps_hide_column":"","pricing_elfsight_apps_url":"","pricing_codecanyon_price_caption":"","integration_category":[],"integration_request_title":"","integration_request_cta":"","integration_platform":"","integrations":[],"platform_category":[],"video_schema_markup":"","price":"\u00e0 partir de 0$ \/ mois","trial":"","benefits":[{"text":"Assistance \u00e0 l'installation gratuite"},{"text":"Soutien exceptionnel"},{"text":"Garantie de remboursement de 14 jours"},{"text":"Mises \u00e0 jour r\u00e9guli\u00e8res"}],"button_url":"","button_target_blank":"","button_nofollow":"","attributes":[{"name":"Installations","content":"10,000 - 100,000"},{"name":"Sensible","content":"Oui"},{"name":"Navigateurs compatibles","content":"Firefox, Safari, Opera, Chrome, Edge"}],"tags":[],"tags_disable_links":"","hide_more_platforms":"","video_object":"","demo_hide_cta":"","demo_hide_cloud_options":"","pricing_title":"","pricing":[{"pricing_icon":"platform","pricing_title":"Elfsight Apps","pricing_title_caption":"Logiciel multiplateforme adapt\u00e9 \u00e0 n'importe quel site","pricing_price":"from $0 \/ month","pricing_price_caption":"commencez avec un forfait gratuit","pricing_benefits":[{"text":"Sites Web illimit\u00e9s"},{"text":"Assistance premium et ponctuelle"},{"text":"Assistance \u00e0 l'installation gratuite"},{"text":"Offre sp\u00e9ciale pour plusieurs applications"}],"pricing_button_text":"Ajouter au site Web","pricing_button_url":"#demo"}],"related_apps_title":"","related_apps_hidden":"","author":"","image":[],"title":"","job":"","social_networks":[]},"_links":{"self":[{"href":"https:\/\/elfsight.com\/fr\/wp-json\/wp\/v2\/pages\/9691","targetHints":{"allow":["GET"]}}],"collection":[{"href":"https:\/\/elfsight.com\/fr\/wp-json\/wp\/v2\/pages"}],"about":[{"href":"https:\/\/elfsight.com\/fr\/wp-json\/wp\/v2\/types\/page"}],"author":[{"embeddable":true,"href":"https:\/\/elfsight.com\/fr\/wp-json\/wp\/v2\/users\/9"}],"replies":[{"embeddable":true,"href":"https:\/\/elfsight.com\/fr\/wp-json\/wp\/v2\/comments?post=9691"}],"version-history":[{"count":1,"href":"https:\/\/elfsight.com\/fr\/wp-json\/wp\/v2\/pages\/9691\/revisions"}],"predecessor-version":[{"id":9695,"href":"https:\/\/elfsight.com\/fr\/wp-json\/wp\/v2\/pages\/9691\/revisions\/9695"}],"up":[{"embeddable":true,"href":"https:\/\/elfsight.com\/fr\/wp-json\/wp\/v2\/pages\/2464"}],"wp:attachment":[{"href":"https:\/\/elfsight.com\/fr\/wp-json\/wp\/v2\/media?parent=9691"}],"curies":[{"name":"wp","href":"https:\/\/api.w.org\/{rel}","templated":true}]}}