{"id":9690,"date":"1970-01-01T00:00:00","date_gmt":"1970-01-01T00:00:00","guid":{"rendered":"https:\/\/elfsight.com\/fr\/?page_id=9690"},"modified":"2025-07-10T12:25:05","modified_gmt":"2025-07-10T12:25:05","slug":"magento","status":"publish","type":"page","link":"https:\/\/elfsight.com\/fr\/pinterest-feed-widget\/magento\/","title":{"rendered":"Pinterest Feed &#8211; Magento"},"content":{"rendered":"<div class=\"application-platform-content-item-description application-platform-content-item\" id=\"description\" data-nav-section=\"description\"><h2>Description<\/h2><p>L&rsquo;extension Elfsight Pinterest permet d&rsquo;afficher votre compte, ainsi que toutes les \u00e9pingles et tableaux de Pinterest sur votre site Web. Avec notre outil, vous pouvez non seulement int\u00e9grer votre profil, mais \u00e9galement trier les \u00e9pingles et les tableaux pour pr\u00e9senter des collections de visuels pour votre site. Exposez vos offres, incitez vos futurs clients \u00e0 d\u00e9couvrir de nouvelles choses ou choisissez simplement de superbes images pour votre site. Un widget flexible vous aidera \u00e0 \u00e9largir la couverture de vos supports visuels, \u00e0 augmenter l&rsquo;engagement sur votre site et \u00e0 attirer plus d&rsquo;abonn\u00e9s sur Pinterest.<\/p><p><b> Ajoutez \u00e0 votre site du contenu visuel de Pinterest rapidement et sans effort.<\/b><\/p><ul><li><b>Attirez des ventes en d\u00e9montrant vos articles<\/b><br> Cr\u00e9ez vos propres galeries de photos originales avec vos \u0153uvres ou les derni\u00e8res tendances et incontournables pour inciter les gens \u00e0 acheter. <\/li><li><b>\u00c9largissez la couverture sociale de votre contenu<\/b><br> Donnez la possibilit\u00e9 aux utilisateurs qui ne sont pas sur Pinterest de jeter un \u0153il \u00e0 votre contenu fascinant, en le r\u00e9v\u00e9lant sur le site Web.<\/li><li><b>Renforcez le nombre de ventes \u00e0 l&rsquo;aide d&rsquo;images g\u00e9n\u00e9ratrices de ventes<\/b><br> Choisissez les images les plus all\u00e9chantes de vos offres\u00a0; affichez les derni\u00e8res tendances et des images inspirantes pour donner envie aux utilisateurs d&rsquo;acheter.<\/li><\/ul><\/div><div class=\"application-platform-content-item-features application-platform-content-item\" id=\"features\" data-nav-section=\"features\"><h2>Fonctionnalit\u00e9s<\/h2><p>Voici les fonctions qui faites de notre extension la meilleure pour chaque site Web Magento\u00a0:<\/p><ul><li>Affichez les \u00e9pingles, les tableaux et int\u00e9grez votre compte Pinterest\u00a0;<\/li><li>Choisissez la largeur et la hauteur du widget\u00a0;<\/li><li>Afficher ou masquer l&rsquo;en-t\u00eate\u00a0;<\/li><li>Afficher ou masquer le nombre de tableaux et de broches\u00a0;<\/li><\/ul><p><a href=\"#demo\">Voir toutes les fonctionnalit\u00e9s<\/a> <\/p><\/div><div class=\"application-platform-content-item-installation application-platform-content-item\" id=\"installation\" data-nav-section=\"installation\"><h2>Comment ajouter un flux Pinterest au site Web Magento<\/h2><p>Suivez simplement quelques \u00e9tapes ci-dessous pour int\u00e9grer le widget sur Magento.<\/p> <ol><li><b>Lancez notre d\u00e9mo gratuite et commencez \u00e0 cr\u00e9er votre instrument sur mesure. <\/b><br> Sp\u00e9cifiez l&rsquo;interface et les aspects pr\u00e9f\u00e9rables du widget et appliquez les modifications. <\/li> <li><b>Recevez votre code unique affich\u00e9 dans le formulaire sp\u00e9cial sur Elfsight Apps. <\/b><br> Une fois la personnalisation de votre extension Pinterest Feed personnelle termin\u00e9e, copiez le code individuel de la bo\u00eete qui appara\u00eet et conservez-le pour une occasion ult\u00e9rieure. <\/li> <li><b>Commencez \u00e0 utiliser l&rsquo;extension sur le site Web de Magento. <\/b><br> Ajoutez le code copi\u00e9 pr\u00e9c\u00e9demment dans votre page web et appliquez les modifications. <\/li> <li><b>L&rsquo;installation est effectu\u00e9e avec succ\u00e8s. <\/b><br> Allez sur votre page web pour voir le fonctionnement du widget. <\/li><\/ol><p>Vous ne parvenez pas \u00e0 cr\u00e9er ou afficher l&rsquo;extension sur un site\u00a0? Adressez-vous \u00e0 notre centre d&rsquo;aide.<\/p><\/div><div class=\"faq\" data-component=\"FAQ\"><div class=\"faq-item\">\r\n\t\t\t\t\t<div class=\"faq-item-question\">\r\n\t\t\t\t\t\t<h3 class=\"faq-item-question-text\">De quelle mani\u00e8re puis-je ajouter un flux Pinterest \u00e0 mon Magento sans codage ?<\/h3>\r\n\r\n\t\t\t\t\t\t<div class=\"faq-item-question-icon\"><\/div>\r\n\t\t\t\t\t<\/div>\r\n\r\n\t\t\t\t\t<div class=\"faq-item-answer\">\r\n\t\t\t\t\t\t<div class=\"faq-item-answer-text\"><p>La soci\u00e9t\u00e9 Elfsight propose une solution qui permet aux utilisateurs de cr\u00e9er vous-m\u00eame une application Pinterest Feed. Consultez le guide simple\u00a0: <\/p><ul><li>Travailler dans la d\u00e9mo en ligne pour cr\u00e9er une application Pinterest Feed que vous souhaitez int\u00e9grer sur le site Magento. .<\/li><li>Choisissez l&rsquo;un des mod\u00e8les pr\u00e9d\u00e9finis et modifiez les param\u00e8tres du flux Pinterest, ajoutez votre contenu, modifiez la mise en page et les couleurs sans comp\u00e9tences en codage.<\/li><li>Cliquez pour enregistrer le flux Pinterest et obtenir le plugin. code \u00e0 int\u00e9grer, que vous pouvez facilement ajouter dans n&rsquo;importe quelle page d&rsquo;accueil Magento en utilisant un plan gratuit. <\/li><\/ul><p>En travaillant dans l&rsquo;\u00e9diteur intuitif, tout utilisateur Web peut cr\u00e9er le plugin Pinterest Feed en ligne et l&rsquo;inclure sans effort sur n&rsquo;importe quel site Web Magento. Il n\u2019est pas n\u00e9cessaire d\u2019obtenir un forfait payant ou de divulguer les donn\u00e9es de votre carte pour acc\u00e9der \u00e0 notre \u00e9diteur. Si vous rencontrez des probl\u00e8mes de quelque nature que ce soit, n&rsquo;h\u00e9sitez pas \u00e0 en parler \u00e0 notre \u00e9quipe d&rsquo;assistance.<\/p><\/div>\r\n\t\t\t\t\t<\/div>\r\n\t\t\t\t<\/div><\/div>","protected":false},"excerpt":{"rendered":"","protected":false},"author":9,"featured_media":0,"parent":2464,"menu_order":0,"comment_status":"closed","ping_status":"closed","template":"templates\/template-application-platform.php","meta":{"publish_to_discourse":"","publish_post_category":"","wpdc_auto_publish_overridden":"","wpdc_topic_tags":"","wpdc_pin_topic":"","wpdc_pin_until":"","discourse_post_id":"","discourse_permalink":"","wpdc_publishing_response":"","wpdc_publishing_error":"","footnotes":""},"class_list":["post-9690","page","type-page","status-publish","hentry"],"yoast_head":"<!-- This site is optimized with the Yoast SEO plugin v25.3.1 - https:\/\/yoast.com\/wordpress\/plugins\/seo\/ -->\n<title>Flux Pinterest - Ajouter l&#039;extension Pinterest au site Web Magento (2025)<\/title>\n<meta name=\"description\" content=\"Affichez une extension Pinterest Feed sur votre site Web Magento sans comp\u00e9tences en d\u00e9veloppement Web. Utilisez le constructeur pratique Elfsight et cr\u00e9ez votre widget personnel.\" \/>\n<meta name=\"robots\" content=\"index, follow, max-snippet:-1, max-image-preview:large, max-video-preview:-1\" \/>\n<link rel=\"canonical\" href=\"https:\/\/elfsight.com\/fr\/pinterest-feed-widget\/magento\/\" \/>\n<meta property=\"og:locale\" content=\"fr_FR\" \/>\n<meta property=\"og:type\" content=\"article\" \/>\n<meta property=\"og:title\" content=\"Flux Pinterest - Ajouter l&#039;extension Pinterest au site Web Magento (2025)\" \/>\n<meta property=\"og:description\" content=\"Affichez une extension Pinterest Feed sur votre site Web Magento sans comp\u00e9tences en d\u00e9veloppement Web. Utilisez le constructeur pratique Elfsight et cr\u00e9ez votre widget personnel.\" \/>\n<meta property=\"og:url\" content=\"https:\/\/elfsight.com\/fr\/pinterest-feed-widget\/magento\/\" \/>\n<meta property=\"og:site_name\" content=\"Elfsight FR\" \/>\n<meta property=\"article:modified_time\" content=\"2025-07-10T12:25:05+00:00\" \/>\n<meta name=\"twitter:card\" content=\"summary_large_image\" \/>\n<meta name=\"twitter:label1\" content=\"Dur\u00e9e de lecture estim\u00e9e\" \/>\n\t<meta name=\"twitter:data1\" content=\"3 minutes\" \/>\n<!-- \/ Yoast SEO plugin. -->","yoast_head_json":{"title":"Flux Pinterest - Ajouter l'extension Pinterest au site Web Magento (2025)","description":"Affichez une extension Pinterest Feed sur votre site Web Magento sans comp\u00e9tences en d\u00e9veloppement Web. Utilisez le constructeur pratique Elfsight et cr\u00e9ez votre widget personnel.","robots":{"index":"index","follow":"follow","max-snippet":"max-snippet:-1","max-image-preview":"max-image-preview:large","max-video-preview":"max-video-preview:-1"},"canonical":"https:\/\/elfsight.com\/fr\/pinterest-feed-widget\/magento\/","og_locale":"fr_FR","og_type":"article","og_title":"Flux Pinterest - Ajouter l'extension Pinterest au site Web Magento (2025)","og_description":"Affichez une extension Pinterest Feed sur votre site Web Magento sans comp\u00e9tences en d\u00e9veloppement Web. Utilisez le constructeur pratique Elfsight et cr\u00e9ez votre widget personnel.","og_url":"https:\/\/elfsight.com\/fr\/pinterest-feed-widget\/magento\/","og_site_name":"Elfsight FR","article_modified_time":"2025-07-10T12:25:05+00:00","twitter_card":"summary_large_image","twitter_misc":{"Dur\u00e9e de lecture estim\u00e9e":"3 minutes"},"schema":{"@context":"https:\/\/schema.org","@graph":[{"@type":"WebPage","@id":"https:\/\/elfsight.com\/fr\/pinterest-feed-widget\/magento\/","url":"https:\/\/elfsight.com\/fr\/pinterest-feed-widget\/magento\/","name":"Flux Pinterest - Ajouter l'extension Pinterest au site Web Magento (2025)","isPartOf":{"@id":"https:\/\/elfsight.com\/fr\/#website"},"datePublished":"1970-01-01T00:00:00+00:00","dateModified":"2025-07-10T12:25:05+00:00","description":"Affichez une extension Pinterest Feed sur votre site Web Magento sans comp\u00e9tences en d\u00e9veloppement Web. Utilisez le constructeur pratique Elfsight et cr\u00e9ez votre widget personnel.","breadcrumb":{"@id":"https:\/\/elfsight.com\/fr\/pinterest-feed-widget\/magento\/#breadcrumb"},"inLanguage":"fr-FR","potentialAction":[{"@type":"ReadAction","target":["https:\/\/elfsight.com\/fr\/pinterest-feed-widget\/magento\/"]}]},{"@type":"BreadcrumbList","@id":"https:\/\/elfsight.com\/fr\/pinterest-feed-widget\/magento\/#breadcrumb","itemListElement":[{"@type":"ListItem","position":1,"name":"Home","item":"https:\/\/elfsight.com\/fr\/"},{"@type":"ListItem","position":2,"name":"Pinterest Feed","item":"https:\/\/elfsight.com\/fr\/pinterest-feed-widget\/"},{"@type":"ListItem","position":3,"name":"Pinterest Feed &#8211; Magento"}]},{"@type":"WebSite","@id":"https:\/\/elfsight.com\/fr\/#website","url":"https:\/\/elfsight.com\/fr\/","name":"Elfsight FR","description":"","potentialAction":[{"@type":"SearchAction","target":{"@type":"EntryPoint","urlTemplate":"https:\/\/elfsight.com\/fr\/?s={search_term_string}"},"query-input":{"@type":"PropertyValueSpecification","valueRequired":true,"valueName":"search_term_string"}}],"inLanguage":"fr-FR"}]}},"meta_box":{"industry":"","seo_heading":"","heading":"","description":"","cta_heading":"","cta_description":"","application":"2463","h1":"Extension de flux Pinterest Magento","h1_caption":"Int\u00e9grez un flux d'\u00e9pingles de votre compte Pinterest pour afficher sans effort du contenu dynamique et visuellement attrayant sur votre site Web Magento.","application_category":[],"applications_title":"","applications_request_title":"","applications_request_button_text":"","hero_text":"","hero_video":"","hero_video_schema_markup":"","selling_points_title":"","selling_points_caption":"","selling_points":[],"selling_points_cta_text":"","features_title":"","features":"","ed_cta_examples_text":"","ed_cta_examples_hidden":"","ed_cta_demo_text":"","ed_cta_demo_hidden":"","why_caption":"","why_editor_title":"","why_editor_text":"","why_team_title":"","why_team_text":"","why_service_title":"","why_service_text":"","template_catalog_visible":"","template_catalog_title":"","template_catalog_text":"","template_catalog_categories_visible":"","demo_title":"Cr\u00e9ez votre extension de flux Pinterest","demo_caption":"Configurez votre flux Pinterest et ajoutez-le gratuitement \u00e0 votre site Web Magento\u00a0!","default_faq_hidden":"","app_template_category":[],"platform":"357","template_public_id":"","codecanyon_url":"","codecanyon_item_id":"","codecanyon_price":"","pricing_caption":"","pricing_elfsight_apps_hide_column":"","pricing_elfsight_apps_url":"","pricing_codecanyon_price_caption":"","integration_category":[],"integration_request_title":"","integration_request_cta":"","integration_platform":"","integrations":[],"platform_category":[],"video_schema_markup":"","price":"\u00e0 partir de 0$ \/ mois","trial":"","benefits":[{"text":"Assistance \u00e0 l'installation gratuite"},{"text":"Service client comp\u00e9tent"},{"text":"Garantie de remboursement de 14 jours"},{"text":"Mises \u00e0 jour gratuites r\u00e9guli\u00e8res"}],"button_url":"","button_target_blank":"","button_nofollow":"","attributes":[{"name":"Installations","content":"10,000 - 100,000"},{"name":"Sensible","content":"Oui"},{"name":"Navigateurs compatibles","content":"Firefox, Safari, Opera, Chrome, Edge"}],"tags":[],"tags_disable_links":"","hide_more_platforms":"","video_object":"","demo_hide_cta":"","demo_hide_cloud_options":"","pricing_title":"","pricing":[{"pricing_icon":"platform","pricing_title":"Elfsight Apps","pricing_title_caption":"Logiciel ind\u00e9pendant de la plate-forme","pricing_price":"from $0 \/ month","pricing_price_caption":"commencez avec un forfait gratuit","pricing_benefits":[{"text":"Domaines illimit\u00e9s"},{"text":"Assistance d\u00e9di\u00e9e, ponctuelle et bien document\u00e9e"},{"text":"Assistance \u00e0 l'installation gratuite"},{"text":"Enti\u00e8rement personnalisable"}],"pricing_button_text":"Ajouter au site Web","pricing_button_url":"#demo"}],"related_apps_title":"","related_apps_hidden":"","author":"","image":[],"title":"","job":"","social_networks":[]},"_links":{"self":[{"href":"https:\/\/elfsight.com\/fr\/wp-json\/wp\/v2\/pages\/9690","targetHints":{"allow":["GET"]}}],"collection":[{"href":"https:\/\/elfsight.com\/fr\/wp-json\/wp\/v2\/pages"}],"about":[{"href":"https:\/\/elfsight.com\/fr\/wp-json\/wp\/v2\/types\/page"}],"author":[{"embeddable":true,"href":"https:\/\/elfsight.com\/fr\/wp-json\/wp\/v2\/users\/9"}],"replies":[{"embeddable":true,"href":"https:\/\/elfsight.com\/fr\/wp-json\/wp\/v2\/comments?post=9690"}],"version-history":[{"count":1,"href":"https:\/\/elfsight.com\/fr\/wp-json\/wp\/v2\/pages\/9690\/revisions"}],"predecessor-version":[{"id":9694,"href":"https:\/\/elfsight.com\/fr\/wp-json\/wp\/v2\/pages\/9690\/revisions\/9694"}],"up":[{"embeddable":true,"href":"https:\/\/elfsight.com\/fr\/wp-json\/wp\/v2\/pages\/2464"}],"wp:attachment":[{"href":"https:\/\/elfsight.com\/fr\/wp-json\/wp\/v2\/media?parent=9690"}],"curies":[{"name":"wp","href":"https:\/\/api.w.org\/{rel}","templated":true}]}}