{"id":9685,"date":"1970-01-01T00:00:00","date_gmt":"1970-01-01T00:00:00","guid":{"rendered":"https:\/\/elfsight.com\/fr\/?page_id=9685"},"modified":"2025-07-10T12:24:46","modified_gmt":"2025-07-10T12:24:46","slug":"jquery","status":"publish","type":"page","link":"https:\/\/elfsight.com\/fr\/pinterest-feed-widget\/jquery\/","title":{"rendered":"Pinterest Feed &#8211; jQuery"},"content":{"rendered":"<div class=\"application-platform-content-item-description application-platform-content-item\" id=\"description\" data-nav-section=\"description\"><h2>Description<\/h2><p>En utilisant Pinterest Feed d&rsquo;Elfsight, vous pouvez int\u00e9grer sur votre site de splendides images de Pinterest en un rien de temps. . Le widget Elfsight permet d&rsquo;int\u00e9grer des \u00e9pingles particuli\u00e8res, des tableaux et l&rsquo;ensemble de votre profil dans votre site Web. Attirez vos futurs clients avec des photos soigneusement choisies, des tableaux th\u00e9matiques et cr\u00e9ez vos propres galeries au design unique. \u00c9largissez la diffusion de vos visuels, augmentez l&rsquo;engagement sur votre site et attirez simultan\u00e9ment de nouveaux abonn\u00e9s pour votre profil Pinterest.<\/p><p><b>D\u00e9montrez vos offres, services et projets sur le site \u00e0 l&rsquo;aide d&rsquo;\u00e9pingles et de tableaux\u00a0!<\/b><\/p><ul><li><b>Augmentez l&rsquo;engagement des utilisateurs sur votre site<\/b><br> Des images soigneusement choisies sur votre site attireront un maximum d&rsquo;attention et maintiendront l&rsquo;engagement des utilisateurs.<\/li><li><b>Obtenir de nouveaux abonn\u00e9s sur Pinterest<\/b><br> Gr\u00e2ce au bouton Suivre disponible dans le flux, davantage de clients potentiels auront l&rsquo;opportunit\u00e9 de rejoindre vos abonn\u00e9s.<\/li><li><b>Ayez plus d&rsquo;abonn\u00e9s attrayants. contenu visuel sur votre site<\/b><br> Gr\u00e2ce aux \u00e9pingles et aux tableaux Pinterest disponibles, vous pouvez choisir les meilleurs visuels pour votre site Web afin d&rsquo;impliquer vos clients potentiels.<\/li><\/ul><\/div><div class=\"application-platform-content-item-features application-platform-content-item\" id=\"features\" data-nav-section=\"features\"><h2>Fonctionnalit\u00e9s<\/h2><p>Plusieurs avantages, qui font de notre widget Pinterest un plugin incontournable pour chaque site jQuery.<\/p><ul><li>Ajoutez des \u00e9pingles et des tableaux en URL\u00a0;<\/li><li>Choisissez la couleur du th\u00e8me principal\u00a0;<\/li><li>\u00c9l\u00e9ments d&rsquo;\u00e9pingles commutables\u00a0: Auteur, Texte, Bouton Partager, Ic\u00f4ne.<\/li><li>Cliquez sur la galerie de widgets ou sur l&rsquo;image de la grille. l&rsquo;ouvrira sur Pinterest\u00a0;<\/li><\/ul><p><a href=\"#demo\">V\u00e9rifiez tous les avantages dans la d\u00e9mo en direct<\/a><\/p><\/div><div class=\"application-platform-content-item-installation application-platform-content-item\" id=\"installation\" data-nav-section=\"installation\"><h2>Comment ajouter Pinterest Feed au site Web jQuery<\/h2><p>Un court tutoriel sur la configuration et la personnalisation du widget sans connaissances en programmation. La r\u00e9alisation du tutoriel prendra moins de quelques minutes.<\/p><ol><li><b>G\u00e9n\u00e9rez votre flux Pinterest individuel<\/b><br>Avec notre configurateur gratuit, cr\u00e9ez un plugin avec le design souhait\u00e9 (galerie , grille, tableau ou \u00e9pingles) et options.<\/li><li><b>Obtenir un code pour int\u00e9grer le plugin<\/b><br>Apr\u00e8s le r\u00e9glage fin du widget, obtenez un code pour le plugin Pinterest dans la fen\u00eatre qui appara\u00eet sur les applications Elfsight.<\/li><li><b>Affichez le widget sur le site jQuery<\/b><br>Ouvrez le code de la page dans l&rsquo;\u00e9diteur HTML, ajoutez le widget \u00e0 l&rsquo;endroit souhait\u00e9 (contenu, pied de page, barre lat\u00e9rale etc.) et enregistrez les modifications.<\/li><li><b>Termin\u00e9\u00a0!<\/b><br>Entrez sur le site pour v\u00e9rifier votre travail.<\/li><\/ol><p>Ressenti des requ\u00eates pendant appliquer le manuel ? Contactez l&rsquo;\u00e9quipe d&rsquo;assistance d&rsquo;Elfsight.<\/p><\/div><div class=\"faq\" data-component=\"FAQ\"><div class=\"faq-item\">\r\n\t\t\t\t\t<div class=\"faq-item-question\">\r\n\t\t\t\t\t\t<h3 class=\"faq-item-question-text\">De quelle mani\u00e8re puis-je int\u00e9grer un flux Pinterest au site Web jQuery ?<\/h3>\r\n\r\n\t\t\t\t\t\t<div class=\"faq-item-question-icon\"><\/div>\r\n\t\t\t\t\t<\/div>\r\n\r\n\t\t\t\t\t<div class=\"faq-item-answer\">\r\n\t\t\t\t\t\t<div class=\"faq-item-answer-text\"><p>La r\u00e9alisation du widget s&rsquo;effectue sur les pages Elfsight et il n&rsquo;y a pas besoin de coder. Utilisez notre d\u00e9mo en ligne pour personnaliser votre propre plugin, acqu\u00e9rir le code et l&rsquo;ins\u00e9rer dans votre site. <\/p><\/div>\r\n\t\t\t\t\t<\/div>\r\n\t\t\t\t<\/div><div class=\"faq-item\">\r\n\t\t\t\t\t<div class=\"faq-item-question\">\r\n\t\t\t\t\t\t<h3 class=\"faq-item-question-text\">Puis-je obtenir une galerie de tableaux Pinterest ou un widget de barre lat\u00e9rale en utilisant vos plugins ?<\/h3>\r\n\r\n\t\t\t\t\t\t<div class=\"faq-item-question-icon\"><\/div>\r\n\t\t\t\t\t<\/div>\r\n\r\n\t\t\t\t\t<div class=\"faq-item-answer\">\r\n\t\t\t\t\t\t<div class=\"faq-item-answer-text\"><p>Une pl\u00e9thore de mod\u00e8les est disponible\u00a0: grille, flux, galerie, liste , ma\u00e7onnerie et bien plus encore, ainsi que des options de disposition mall\u00e9ables pour r\u00e9pondre \u00e0 vos conditions pr\u00e9alables. Vous \u00eates invit\u00e9s \u00e0 cr\u00e9er presque tous les outils dont vous avez besoin. <\/p><\/div>\r\n\t\t\t\t\t<\/div>\r\n\t\t\t\t<\/div><div class=\"faq-item\">\r\n\t\t\t\t\t<div class=\"faq-item-question\">\r\n\t\t\t\t\t\t<h3 class=\"faq-item-question-text\">Mon plugin jQuery Pinterest ne fonctionne pas \/ ne se met pas \u00e0 jour<\/h3>\r\n\r\n\t\t\t\t\t\t<div class=\"faq-item-question-icon\"><\/div>\r\n\t\t\t\t\t<\/div>\r\n\r\n\t\t\t\t\t<div class=\"faq-item-answer\">\r\n\t\t\t\t\t\t<div class=\"faq-item-answer-text\"><p>Si vous rencontrez des difficult\u00e9s avec les widgets Pinterest, contactez le support client personnel. Le support est absolument gratuit pour toute la client\u00e8le Elfsight. <\/p><\/div>\r\n\t\t\t\t\t<\/div>\r\n\t\t\t\t<\/div><\/div>","protected":false},"excerpt":{"rendered":"","protected":false},"author":9,"featured_media":0,"parent":2464,"menu_order":0,"comment_status":"closed","ping_status":"closed","template":"templates\/template-application-platform.php","meta":{"publish_to_discourse":"","publish_post_category":"","wpdc_auto_publish_overridden":"","wpdc_topic_tags":"","wpdc_pin_topic":"","wpdc_pin_until":"","discourse_post_id":"","discourse_permalink":"","wpdc_publishing_response":"","wpdc_publishing_error":"","footnotes":""},"class_list":["post-9685","page","type-page","status-publish","hentry"],"yoast_head":"<!-- This site is optimized with the Yoast SEO plugin v25.3.1 - https:\/\/yoast.com\/wordpress\/plugins\/seo\/ -->\n<title>Flux Pinterest - Ajouter une galerie ou une grille Pinterest au site Web jQuery<\/title>\n<meta name=\"description\" content=\"Concevez votre flux Pinterest unique (galerie ou grille) pour JQuery en seulement 3 minutes. Consultez gratuitement le panneau le plus simple pour cr\u00e9er des widgets par Elfsight.\" \/>\n<meta name=\"robots\" content=\"index, follow, max-snippet:-1, max-image-preview:large, max-video-preview:-1\" \/>\n<link rel=\"canonical\" href=\"https:\/\/elfsight.com\/fr\/pinterest-feed-widget\/jquery\/\" \/>\n<meta property=\"og:locale\" content=\"fr_FR\" \/>\n<meta property=\"og:type\" content=\"article\" \/>\n<meta property=\"og:title\" content=\"Flux Pinterest - Ajouter une galerie ou une grille Pinterest au site Web jQuery\" \/>\n<meta property=\"og:description\" content=\"Concevez votre flux Pinterest unique (galerie ou grille) pour JQuery en seulement 3 minutes. Consultez gratuitement le panneau le plus simple pour cr\u00e9er des widgets par Elfsight.\" \/>\n<meta property=\"og:url\" content=\"https:\/\/elfsight.com\/fr\/pinterest-feed-widget\/jquery\/\" \/>\n<meta property=\"og:site_name\" content=\"Elfsight FR\" \/>\n<meta property=\"article:modified_time\" content=\"2025-07-10T12:24:46+00:00\" \/>\n<meta name=\"twitter:card\" content=\"summary_large_image\" \/>\n<meta name=\"twitter:label1\" content=\"Dur\u00e9e de lecture estim\u00e9e\" \/>\n\t<meta name=\"twitter:data1\" content=\"3 minutes\" \/>\n<!-- \/ Yoast SEO plugin. -->","yoast_head_json":{"title":"Flux Pinterest - Ajouter une galerie ou une grille Pinterest au site Web jQuery","description":"Concevez votre flux Pinterest unique (galerie ou grille) pour JQuery en seulement 3 minutes. Consultez gratuitement le panneau le plus simple pour cr\u00e9er des widgets par Elfsight.","robots":{"index":"index","follow":"follow","max-snippet":"max-snippet:-1","max-image-preview":"max-image-preview:large","max-video-preview":"max-video-preview:-1"},"canonical":"https:\/\/elfsight.com\/fr\/pinterest-feed-widget\/jquery\/","og_locale":"fr_FR","og_type":"article","og_title":"Flux Pinterest - Ajouter une galerie ou une grille Pinterest au site Web jQuery","og_description":"Concevez votre flux Pinterest unique (galerie ou grille) pour JQuery en seulement 3 minutes. Consultez gratuitement le panneau le plus simple pour cr\u00e9er des widgets par Elfsight.","og_url":"https:\/\/elfsight.com\/fr\/pinterest-feed-widget\/jquery\/","og_site_name":"Elfsight FR","article_modified_time":"2025-07-10T12:24:46+00:00","twitter_card":"summary_large_image","twitter_misc":{"Dur\u00e9e de lecture estim\u00e9e":"3 minutes"},"schema":{"@context":"https:\/\/schema.org","@graph":[{"@type":"WebPage","@id":"https:\/\/elfsight.com\/fr\/pinterest-feed-widget\/jquery\/","url":"https:\/\/elfsight.com\/fr\/pinterest-feed-widget\/jquery\/","name":"Flux Pinterest - Ajouter une galerie ou une grille Pinterest au site Web jQuery","isPartOf":{"@id":"https:\/\/elfsight.com\/fr\/#website"},"datePublished":"1970-01-01T00:00:00+00:00","dateModified":"2025-07-10T12:24:46+00:00","description":"Concevez votre flux Pinterest unique (galerie ou grille) pour JQuery en seulement 3 minutes. Consultez gratuitement le panneau le plus simple pour cr\u00e9er des widgets par Elfsight.","breadcrumb":{"@id":"https:\/\/elfsight.com\/fr\/pinterest-feed-widget\/jquery\/#breadcrumb"},"inLanguage":"fr-FR","potentialAction":[{"@type":"ReadAction","target":["https:\/\/elfsight.com\/fr\/pinterest-feed-widget\/jquery\/"]}]},{"@type":"BreadcrumbList","@id":"https:\/\/elfsight.com\/fr\/pinterest-feed-widget\/jquery\/#breadcrumb","itemListElement":[{"@type":"ListItem","position":1,"name":"Home","item":"https:\/\/elfsight.com\/fr\/"},{"@type":"ListItem","position":2,"name":"Pinterest Feed","item":"https:\/\/elfsight.com\/fr\/pinterest-feed-widget\/"},{"@type":"ListItem","position":3,"name":"Pinterest Feed &#8211; jQuery"}]},{"@type":"WebSite","@id":"https:\/\/elfsight.com\/fr\/#website","url":"https:\/\/elfsight.com\/fr\/","name":"Elfsight FR","description":"","potentialAction":[{"@type":"SearchAction","target":{"@type":"EntryPoint","urlTemplate":"https:\/\/elfsight.com\/fr\/?s={search_term_string}"},"query-input":{"@type":"PropertyValueSpecification","valueRequired":true,"valueName":"search_term_string"}}],"inLanguage":"fr-FR"}]}},"meta_box":{"industry":"","seo_heading":"","heading":"","description":"","cta_heading":"","cta_description":"","application":"2463","h1":"Plugin de flux Pinterest jQuery","h1_caption":"Int\u00e9grez un flux d'\u00e9pingles de votre compte Pinterest pour afficher sans effort un contenu dynamique et visuellement attrayant sur votre site Web jQuery.","application_category":[],"applications_title":"","applications_request_title":"","applications_request_button_text":"","hero_text":"","hero_video":"","hero_video_schema_markup":"","selling_points_title":"","selling_points_caption":"","selling_points":[],"selling_points_cta_text":"","features_title":"","features":"","ed_cta_examples_text":"","ed_cta_examples_hidden":"","ed_cta_demo_text":"","ed_cta_demo_hidden":"","why_caption":"","why_editor_title":"","why_editor_text":"","why_team_title":"","why_team_text":"","why_service_title":"","why_service_text":"","template_catalog_visible":"","template_catalog_title":"","template_catalog_text":"","template_catalog_categories_visible":"","demo_title":"Cr\u00e9ez votre plugin de flux Pinterest","demo_caption":"Configurez votre flux Pinterest et ajoutez-le gratuitement \u00e0 votre site Web jQuery\u00a0!","default_faq_hidden":"","app_template_category":[],"platform":"355","template_public_id":"","codecanyon_url":"","codecanyon_item_id":"","codecanyon_price":"","pricing_caption":"","pricing_elfsight_apps_hide_column":"","pricing_elfsight_apps_url":"","pricing_codecanyon_price_caption":"","integration_category":[],"integration_request_title":"","integration_request_cta":"","integration_platform":"","integrations":[],"platform_category":[],"video_schema_markup":"","price":"\u00e0 partir de 0$ \/ mois","trial":"","benefits":[{"text":"Service d'installation gratuit"},{"text":"Support client exp\u00e9riment\u00e9"},{"text":"Garantie de remboursement de 14 jours"},{"text":"D\u00e9veloppement continu"}],"button_url":"","button_target_blank":"","button_nofollow":"","attributes":[{"name":"Installations","content":"10,000 - 100,000"},{"name":"Sensible","content":"Oui"},{"name":"Navigateurs compatibles","content":"Firefox, Safari, Opera, Chrome, Edge"}],"tags":[],"tags_disable_links":"","hide_more_platforms":"","video_object":"","demo_hide_cta":"","demo_hide_cloud_options":"","pricing_title":"","pricing":[{"pricing_icon":"platform","pricing_title":"Elfsight Apps","pricing_title_caption":"Solution ind\u00e9pendante de la plateforme","pricing_price":"from $0 \/ month","pricing_price_caption":"commencez avec un forfait gratuit","pricing_benefits":[{"text":"Domaines illimit\u00e9s"},{"text":"Assistance de l'entreprise 24h\/24 et 7j\/7 et bien document\u00e9e"},{"text":"Assistance \u00e0 l'installation gratuite"},{"text":"Conception flexible"}],"pricing_button_text":"Ajouter au site Web","pricing_button_url":"#demo"}],"related_apps_title":"","related_apps_hidden":"","author":"","image":[],"title":"","job":"","social_networks":[]},"_links":{"self":[{"href":"https:\/\/elfsight.com\/fr\/wp-json\/wp\/v2\/pages\/9685","targetHints":{"allow":["GET"]}}],"collection":[{"href":"https:\/\/elfsight.com\/fr\/wp-json\/wp\/v2\/pages"}],"about":[{"href":"https:\/\/elfsight.com\/fr\/wp-json\/wp\/v2\/types\/page"}],"author":[{"embeddable":true,"href":"https:\/\/elfsight.com\/fr\/wp-json\/wp\/v2\/users\/9"}],"replies":[{"embeddable":true,"href":"https:\/\/elfsight.com\/fr\/wp-json\/wp\/v2\/comments?post=9685"}],"version-history":[{"count":1,"href":"https:\/\/elfsight.com\/fr\/wp-json\/wp\/v2\/pages\/9685\/revisions"}],"predecessor-version":[{"id":9689,"href":"https:\/\/elfsight.com\/fr\/wp-json\/wp\/v2\/pages\/9685\/revisions\/9689"}],"up":[{"embeddable":true,"href":"https:\/\/elfsight.com\/fr\/wp-json\/wp\/v2\/pages\/2464"}],"wp:attachment":[{"href":"https:\/\/elfsight.com\/fr\/wp-json\/wp\/v2\/media?parent=9685"}],"curies":[{"name":"wp","href":"https:\/\/api.w.org\/{rel}","templated":true}]}}