{"id":9684,"date":"1970-01-01T00:00:00","date_gmt":"1970-01-01T00:00:00","guid":{"rendered":"https:\/\/elfsight.com\/fr\/?page_id=9684"},"modified":"2025-07-10T12:24:28","modified_gmt":"2025-07-10T12:24:28","slug":"joomla","status":"publish","type":"page","link":"https:\/\/elfsight.com\/fr\/pinterest-feed-widget\/joomla\/","title":{"rendered":"Pinterest Feed &#8211; Joomla"},"content":{"rendered":"<div class=\"application-platform-content-item-description application-platform-content-item\" id=\"description\" data-nav-section=\"description\"><h2>Description<\/h2><p>Avec Pinterest Feed d&rsquo;Elfsight, vous \u00eates libre d&rsquo;introduire facilement des photos fascinantes de Pinterest sur votre site Web. Le flux Pinterest d&rsquo;Elfsight permet de pr\u00e9senter les \u00e9pingles, les tableaux et votre compte Pinterest complet sur le site. Attirez vos utilisateurs en utilisant des images soigneusement s\u00e9lectionn\u00e9es, des tableaux th\u00e9matiques et pr\u00e9sentez vos propres ensembles au design unique. Augmentez la port\u00e9e de votre contenu Pinterest, augmentez l&rsquo;engagement sur le site Web et trouvez plus d&rsquo;abonn\u00e9s pour votre compte Pinterest en m\u00eame temps.<\/p><p><b>Vos articles, services et r\u00e9alisations sur le site Web avec l&rsquo;aide de Pinterest \u00e9pingles et tableaux\u00a0!<\/b><\/p><ul><li><b>Augmentez l&rsquo;engagement des visiteurs de votre site Web<\/b><br> Un contenu s\u00e9lectionn\u00e9 avec pr\u00e9cision sur votre site Web attirera un maximum d&rsquo;attention et maintiendra l&rsquo;engagement des utilisateurs. .<\/li><li><b>Augmentez le nombre d&rsquo;abonn\u00e9s sur Pinterest<\/b><br> Gr\u00e2ce au bouton Suivre affich\u00e9 dans le flux, davantage de clients auront la chance de devenir vos abonn\u00e9s.<\/li><li><b>Augmentez le niveau des ventes gr\u00e2ce \u00e0 des visuels attrayants<\/b><br> Choisissez les meilleures images de vos offres\u00a0; montrez les derni\u00e8res tendances et des photos inspirantes pour que les clients ne puissent s&#8217;emp\u00eacher d&rsquo;acheter.<\/li><\/ul><\/div><div class=\"application-platform-content-item-features application-platform-content-item\" id=\"features\" data-nav-section=\"features\"><h2>Caract\u00e9ristiques<\/h2><p>Attributs importants de Widget Elfsight, qui en fait une extension parfaitement pratique pour l&rsquo;affichage de Pinterest sur Joomla\u00a0:<\/p><ul><li>Titre du widget modifiable\u00a0;<\/li><li>Le coloriseur intelligent choisira automatiquement les couleurs les plus appropri\u00e9es du interface.<\/li><li>\u00c9l\u00e9ments d&rsquo;\u00e9pingle commutables\u00a0: Auteur, Texte, Bouton Partager, Ic\u00f4ne Pinterest.<\/li><li>R\u00e9actif aux mobiles dans n&rsquo;importe quelle taille et proportion.<\/li><\/ul><p><a href=\"#demo\">\u00c9tudiez l&rsquo;ensemble des avantages du panneau\u00a0!<\/a><\/p><\/div><div class=\"application-platform-content-item-installation application-platform-content-item\" id=\"installation\" data-nav-section=\"installation\"><h2>Comment ajouter le flux Pinterest au site Web Joomla<\/h2><div class=\"video-container\"><iframe width=\"720\" height=\"405\" src=\"https:\/\/www.youtube.com\/embed\/hPc3SN-ItmU\" frameborder=\"0\" allowfullscreen=\"\"><\/iframe><\/div><p>Suivez simplement quelques \u00e9tapes pr\u00e9sent\u00e9es ci-dessous pour commencer \u00e0 travailler avec le plugin sur Joomla.<\/p> <ol><li><b>Effectuez notre d\u00e9mo gratuite et d\u00e9marrez cr\u00e9er votre extension de flux Pinterest sur mesure. <\/b><br> Sp\u00e9cifiez l&rsquo;interface personnalis\u00e9e et les aspects de l&rsquo;extension et appliquez les modifications. <\/li> <li><b>Obtenez le code unique qui appara\u00eet dans la fen\u00eatre des applications Elfsight. <\/b><br> Une fois la configuration de votre outil termin\u00e9e, copiez le code individuel de la bo\u00eete qui appara\u00eet et enregistrez-le pour une occasion ult\u00e9rieure. <\/li> <li><b>Commencez \u00e0 utiliser l&rsquo;extension sur le site Web Joomla. <\/b><br> Collez le code copi\u00e9 auparavant dans votre page et enregistrez les am\u00e9liorations. <\/li> <li><b>Fait\u00a0! L&rsquo;int\u00e9gration est r\u00e9ussie. <\/b><br> Acc\u00e9dez \u00e0 votre site pour voir les performances du widget. <\/li><\/ol><p>Vous rencontrez des probl\u00e8mes lors de la cr\u00e9ation ou de la d\u00e9monstration de l&rsquo;extension sur un site Web\u00a0? Contactez notre centre d&rsquo;assistance.<\/p><\/div><div class=\"faq\" data-component=\"FAQ\"><div class=\"faq-item\">\r\n\t\t\t\t\t<div class=\"faq-item-question\">\r\n\t\t\t\t\t\t<h3 class=\"faq-item-question-text\">Existe-t-il une m\u00e9thode pour ajouter un flux Pinterest \u00e0 ma page Web Joomla sans coder ? <\/h3>\r\n\r\n\t\t\t\t\t\t<div class=\"faq-item-question-icon\"><\/div>\r\n\t\t\t\t\t<\/div>\r\n\r\n\t\t\t\t\t<div class=\"faq-item-answer\">\r\n\t\t\t\t\t\t<div class=\"faq-item-answer-text\"><p>La soci\u00e9t\u00e9 Elfsight propose une solution Cloud qui permet aux utilisateurs de cr\u00e9er eux-m\u00eames une application de flux Pinterest. Consultez les instructions simples\u00a0: <\/p><ul><li>Commencez \u00e0 travailler directement dans la d\u00e9mo en direct pour cr\u00e9er une section de flux Pinterest que vous que vous souhaitez inclure sur votre site Joomla.<\/li><li>Choisissez l&rsquo;un de nos mod\u00e8les pr\u00e9d\u00e9finis et modifiez les param\u00e8tres du flux Pinterest, changez la disposition et la couleur des \u00e9l\u00e9ments, mettez \u00e0 jour votre contenu sans coder.<\/li><li> Enregistrez les param\u00e8tres que vous avez d\u00e9finis sur Pinterest Feed et obtenez le code d&rsquo;installation du plugin, que vous pouvez int\u00e9grer sans effort et gratuitement dans la page Web Joomla. <\/li><\/ul><p>Gr\u00e2ce \u00e0 l&rsquo;\u00e9diteur convivial, chaque utilisateur Web peut g\u00e9n\u00e9rer l&rsquo;application Pinterest Feed en ligne et l&rsquo;inclure simplement sur le site Web Joomla. Il n&rsquo;est pas n\u00e9cessaire de payer ou de divulguer les donn\u00e9es de votre carte pour acc\u00e9der \u00e0 l&rsquo;\u00e9diteur. Si vous rencontrez des probl\u00e8mes de quelque nature que ce soit, n&rsquo;h\u00e9sitez pas \u00e0 contacter notre \u00e9quipe d&rsquo;assistance.<\/p><\/div>\r\n\t\t\t\t\t<\/div>\r\n\t\t\t\t<\/div><\/div>","protected":false},"excerpt":{"rendered":"","protected":false},"author":9,"featured_media":0,"parent":2464,"menu_order":0,"comment_status":"closed","ping_status":"closed","template":"templates\/template-application-platform.php","meta":{"publish_to_discourse":"","publish_post_category":"","wpdc_auto_publish_overridden":"","wpdc_topic_tags":"","wpdc_pin_topic":"","wpdc_pin_until":"","discourse_post_id":"","discourse_permalink":"","wpdc_publishing_response":"","wpdc_publishing_error":"","footnotes":""},"class_list":["post-9684","page","type-page","status-publish","hentry"],"yoast_head":"<!-- This site is optimized with the Yoast SEO plugin v25.3.1 - https:\/\/yoast.com\/wordpress\/plugins\/seo\/ -->\n<title>Pinterest Feed - Ajouter l&#039;extension Pinterest au site Web Joomla (2025)<\/title>\n<meta name=\"description\" content=\"D\u00e9couvrez d\u00e8s maintenant l&#039;extension Pinterest pour Joomla. G\u00e9n\u00e9rez un module de flux Pinterest unique pour votre site Web en quelques minutes seulement\u00a0!\" \/>\n<meta name=\"robots\" content=\"index, follow, max-snippet:-1, max-image-preview:large, max-video-preview:-1\" \/>\n<link rel=\"canonical\" href=\"https:\/\/elfsight.com\/fr\/pinterest-feed-widget\/joomla\/\" \/>\n<meta property=\"og:locale\" content=\"fr_FR\" \/>\n<meta property=\"og:type\" content=\"article\" \/>\n<meta property=\"og:title\" content=\"Pinterest Feed - Ajouter l&#039;extension Pinterest au site Web Joomla (2025)\" \/>\n<meta property=\"og:description\" content=\"D\u00e9couvrez d\u00e8s maintenant l&#039;extension Pinterest pour Joomla. G\u00e9n\u00e9rez un module de flux Pinterest unique pour votre site Web en quelques minutes seulement\u00a0!\" \/>\n<meta property=\"og:url\" content=\"https:\/\/elfsight.com\/fr\/pinterest-feed-widget\/joomla\/\" \/>\n<meta property=\"og:site_name\" content=\"Elfsight FR\" \/>\n<meta property=\"article:modified_time\" content=\"2025-07-10T12:24:28+00:00\" \/>\n<meta name=\"twitter:card\" content=\"summary_large_image\" \/>\n<meta name=\"twitter:label1\" content=\"Dur\u00e9e de lecture estim\u00e9e\" \/>\n\t<meta name=\"twitter:data1\" content=\"3 minutes\" \/>\n<!-- \/ Yoast SEO plugin. -->","yoast_head_json":{"title":"Pinterest Feed - Ajouter l'extension Pinterest au site Web Joomla (2025)","description":"D\u00e9couvrez d\u00e8s maintenant l'extension Pinterest pour Joomla. G\u00e9n\u00e9rez un module de flux Pinterest unique pour votre site Web en quelques minutes seulement\u00a0!","robots":{"index":"index","follow":"follow","max-snippet":"max-snippet:-1","max-image-preview":"max-image-preview:large","max-video-preview":"max-video-preview:-1"},"canonical":"https:\/\/elfsight.com\/fr\/pinterest-feed-widget\/joomla\/","og_locale":"fr_FR","og_type":"article","og_title":"Pinterest Feed - Ajouter l'extension Pinterest au site Web Joomla (2025)","og_description":"D\u00e9couvrez d\u00e8s maintenant l'extension Pinterest pour Joomla. G\u00e9n\u00e9rez un module de flux Pinterest unique pour votre site Web en quelques minutes seulement\u00a0!","og_url":"https:\/\/elfsight.com\/fr\/pinterest-feed-widget\/joomla\/","og_site_name":"Elfsight FR","article_modified_time":"2025-07-10T12:24:28+00:00","twitter_card":"summary_large_image","twitter_misc":{"Dur\u00e9e de lecture estim\u00e9e":"3 minutes"},"schema":{"@context":"https:\/\/schema.org","@graph":[{"@type":"WebPage","@id":"https:\/\/elfsight.com\/fr\/pinterest-feed-widget\/joomla\/","url":"https:\/\/elfsight.com\/fr\/pinterest-feed-widget\/joomla\/","name":"Pinterest Feed - Ajouter l'extension Pinterest au site Web Joomla (2025)","isPartOf":{"@id":"https:\/\/elfsight.com\/fr\/#website"},"datePublished":"1970-01-01T00:00:00+00:00","dateModified":"2025-07-10T12:24:28+00:00","description":"D\u00e9couvrez d\u00e8s maintenant l'extension Pinterest pour Joomla. G\u00e9n\u00e9rez un module de flux Pinterest unique pour votre site Web en quelques minutes seulement\u00a0!","breadcrumb":{"@id":"https:\/\/elfsight.com\/fr\/pinterest-feed-widget\/joomla\/#breadcrumb"},"inLanguage":"fr-FR","potentialAction":[{"@type":"ReadAction","target":["https:\/\/elfsight.com\/fr\/pinterest-feed-widget\/joomla\/"]}]},{"@type":"BreadcrumbList","@id":"https:\/\/elfsight.com\/fr\/pinterest-feed-widget\/joomla\/#breadcrumb","itemListElement":[{"@type":"ListItem","position":1,"name":"Home","item":"https:\/\/elfsight.com\/fr\/"},{"@type":"ListItem","position":2,"name":"Pinterest Feed","item":"https:\/\/elfsight.com\/fr\/pinterest-feed-widget\/"},{"@type":"ListItem","position":3,"name":"Pinterest Feed &#8211; Joomla"}]},{"@type":"WebSite","@id":"https:\/\/elfsight.com\/fr\/#website","url":"https:\/\/elfsight.com\/fr\/","name":"Elfsight FR","description":"","potentialAction":[{"@type":"SearchAction","target":{"@type":"EntryPoint","urlTemplate":"https:\/\/elfsight.com\/fr\/?s={search_term_string}"},"query-input":{"@type":"PropertyValueSpecification","valueRequired":true,"valueName":"search_term_string"}}],"inLanguage":"fr-FR"}]}},"meta_box":{"industry":"","seo_heading":"","heading":"","description":"","cta_heading":"","cta_description":"","application":"2463","h1":"Extension de flux Pinterest Joomla","h1_caption":"Int\u00e9grez un flux d'\u00e9pingles de votre compte Pinterest pour afficher sans effort un contenu dynamique et visuellement attrayant sur votre site Web Joomla.","application_category":[],"applications_title":"","applications_request_title":"","applications_request_button_text":"","hero_text":"","hero_video":"","hero_video_schema_markup":"","selling_points_title":"","selling_points_caption":"","selling_points":[],"selling_points_cta_text":"","features_title":"","features":"","ed_cta_examples_text":"","ed_cta_examples_hidden":"","ed_cta_demo_text":"","ed_cta_demo_hidden":"","why_caption":"","why_editor_title":"","why_editor_text":"","why_team_title":"","why_team_text":"","why_service_title":"","why_service_text":"","template_catalog_visible":"","template_catalog_title":"","template_catalog_text":"","template_catalog_categories_visible":"","demo_title":"Cr\u00e9ez votre plugin de flux Pinterest","demo_caption":"Configurez votre flux Pinterest et ajoutez-le gratuitement \u00e0 votre site Web Joomla\u00a0!","default_faq_hidden":"","app_template_category":[],"platform":"354","template_public_id":"","codecanyon_url":"","codecanyon_item_id":"","codecanyon_price":"","pricing_caption":"","pricing_elfsight_apps_hide_column":"","pricing_elfsight_apps_url":"","pricing_codecanyon_price_caption":"","integration_category":[],"integration_request_title":"","integration_request_cta":"","integration_platform":"","integrations":[],"platform_category":[],"video_schema_markup":"","price":"\u00e0 partir de 0$ \/ mois","trial":"","benefits":[{"text":"Aide \u00e0 l'installation gratuite"},{"text":"Service client efficace"},{"text":"Garantie de remboursement de 14 jours"},{"text":"Futures mises \u00e0 jour gratuites"}],"button_url":"","button_target_blank":"","button_nofollow":"","attributes":[{"name":"Installations","content":"10,000 - 100,000"},{"name":"Sensible","content":"Oui"},{"name":"Navigateurs compatibles","content":"Firefox, Safari, Opera, Chrome, Edge"}],"tags":[],"tags_disable_links":"","hide_more_platforms":"","video_object":"","demo_hide_cta":"","demo_hide_cloud_options":"","pricing_title":"","pricing":[{"pricing_icon":"cloud","pricing_title":"Elfsight Apps","pricing_title_caption":"Solution num\u00e9rique multiplateforme qui fonctionne sur n'importe quel site Web","pricing_price":"from $0 \/ month","pricing_price_caption":"commencez avec un forfait gratuit","pricing_benefits":[{"text":"Sites Web illimit\u00e9s"},{"text":"Support d\u2019entreprise d\u00e9di\u00e9 et bien document\u00e9"},{"text":"Assistance \u00e0 l'installation gratuite"},{"text":"Offre sp\u00e9ciale pour plusieurs applications"}],"pricing_button_text":"Ajouter au site Web","pricing_button_url":"#demo"}],"related_apps_title":"","related_apps_hidden":"","author":"","image":[],"title":"","job":"","social_networks":[]},"_links":{"self":[{"href":"https:\/\/elfsight.com\/fr\/wp-json\/wp\/v2\/pages\/9684","targetHints":{"allow":["GET"]}}],"collection":[{"href":"https:\/\/elfsight.com\/fr\/wp-json\/wp\/v2\/pages"}],"about":[{"href":"https:\/\/elfsight.com\/fr\/wp-json\/wp\/v2\/types\/page"}],"author":[{"embeddable":true,"href":"https:\/\/elfsight.com\/fr\/wp-json\/wp\/v2\/users\/9"}],"replies":[{"embeddable":true,"href":"https:\/\/elfsight.com\/fr\/wp-json\/wp\/v2\/comments?post=9684"}],"version-history":[{"count":1,"href":"https:\/\/elfsight.com\/fr\/wp-json\/wp\/v2\/pages\/9684\/revisions"}],"predecessor-version":[{"id":9688,"href":"https:\/\/elfsight.com\/fr\/wp-json\/wp\/v2\/pages\/9684\/revisions\/9688"}],"up":[{"embeddable":true,"href":"https:\/\/elfsight.com\/fr\/wp-json\/wp\/v2\/pages\/2464"}],"wp:attachment":[{"href":"https:\/\/elfsight.com\/fr\/wp-json\/wp\/v2\/media?parent=9684"}],"curies":[{"name":"wp","href":"https:\/\/api.w.org\/{rel}","templated":true}]}}