{"id":9682,"date":"1970-01-01T00:00:00","date_gmt":"1970-01-01T00:00:00","guid":{"rendered":"https:\/\/elfsight.com\/fr\/?page_id=9682"},"modified":"2025-07-10T12:23:29","modified_gmt":"2025-07-10T12:23:29","slug":"blogger","status":"publish","type":"page","link":"https:\/\/elfsight.com\/fr\/pinterest-feed-widget\/blogger\/","title":{"rendered":"Pinterest Feed &#8211; Blogger"},"content":{"rendered":"<div class=\"application-platform-content-item-description application-platform-content-item\" id=\"description\" data-nav-section=\"description\"><h2>Description<\/h2><p>Avec l&rsquo;aide du widget Pinterest d&rsquo;Elfsight, vous pouvez ajouter \u00e0 votre site Web de superbes visuels de Pinterest. Le widget Elfsight permet d&rsquo;afficher les \u00e9pingles, les tableaux et votre compte complet choisis sur votre site Web. S\u00e9duisez vos clients \u00e0 l\u2019aide de visuels soigneusement s\u00e9lectionn\u00e9s, de tableaux th\u00e9matiques et concevez vos propres collections uniques. Obtenez une meilleure couverture de vos photos, renforcez l&rsquo;engagement sur votre site et attirez plus de followers pour votre profil Pinterest.<\/p><p><b>Pr\u00e9sentez vos produits, services et projets sur le site avec des \u00e9pingles et des tableaux\u00a0!<\/b><\/p><ul><li><b>Augmentez l&rsquo;engagement des utilisateurs sur votre site Web<\/b><br>Des photos soigneusement s\u00e9lectionn\u00e9es sur votre site Web attireront un maximum d&rsquo;attention des utilisateurs et fid\u00e9liseront les futurs clients.<\/li><li><b>Meilleure diffusion sociale de votre profil Pinterest<\/b><br>Donnez une chance aux personnes qui ne sont pas sur Pinterest d&rsquo;admirer votre contenu soigneusement s\u00e9lectionn\u00e9, en l&rsquo;affichant sur le site Web.<\/li> <li><b> Apportez du contenu plus attractif \u00e0 votre site<\/b><br>Gr\u00e2ce aux \u00e9pingles et tableaux Pinterest \u00e0 votre disposition, vous \u00eates libre de choisir les meilleurs visuels pour votre site Web afin d&rsquo;engager vos collaborateurs.<\/li><\/ul><\/div><div class=\"application-platform-content-item-features application-platform-content-item\" id=\"features\" data-nav-section=\"features\"><h2>Fonctionnalit\u00e9s<\/h2><p>Plusieurs avantages qui font de notre gadget Pinterest une solution incomparable pour le site Web Blogger\u00a0:<\/p><ul><li>Affichage du titre du compte, des abonn\u00e9s et du nombre de abonn\u00e9s.<\/li><li>Choisissez la couleur du th\u00e8me principal\u00a0;<\/li><li>\u00c9l\u00e9ments d&rsquo;\u00e9pingles commutables\u00a0: auteur, texte, bouton Partager, ic\u00f4ne Pinterest.<\/li><li>Afficher ou masquer le nombre de tableaux et de broches\u00a0;<\/li><\/ul><p><a href=\"#demo\">V\u00e9rifier toutes les fonctionnalit\u00e9s<\/a><\/p><\/div><div class=\"application-platform-content-item-installation application-platform-content-item\" id=\"installation\" data-nav-section=\"installation\"><h2>Comment ajouter un widget Pinterest au site Web Blogger<\/h2><div class=\"video-container\"><iframe width=\"720\" height=\"405\" src=\"https:\/\/www.youtube.com\/embed\/JYeG5sgqmGg\" frameborder=\"0\" allowfullscreen=\"\"><\/iframe><\/div><p>Une petite instruction sur la g\u00e9n\u00e9ration du widget sans comp\u00e9tence en d\u00e9veloppement Web ou sans embaucher temporairement un programmeur. Quelques minutes suffisent pour mettre en \u0153uvre le guide.<\/p><ol><li><b>Construisez votre flux Pinterest personnalis\u00e9<\/b><br> Avec notre d\u00e9mo gratuite, g\u00e9n\u00e9rez un widget avec l&rsquo;apparence et les capacit\u00e9s qui sont pour votre cas d&rsquo;utilisation.<\/li><li><b>Recevez un code pour int\u00e9grer le widget<\/b><br> Apr\u00e8s le r\u00e9glage fin du widget, copiez un code pour le widget Pinterest \u00e0 partir de la notification qui appara\u00eet sur les applications Elfsight. <\/li><li><b>Placez le widget sur le site Blogger<\/b><br> Ajoutez le widget \u00e0 l&rsquo;\u00e9l\u00e9ment souhait\u00e9 de la page et enregistrez les r\u00e9sultats.<\/li><li><b>L&rsquo;int\u00e9gration est r\u00e9ussi\u00a0!<\/b><br> Visitez votre site Web pour voir votre travail.<\/li><\/ol><p>Vous rencontrez des probl\u00e8mes lors de l&rsquo;utilisation des instructions\u00a0? Adressez-vous au service d&rsquo;assistance d&rsquo;Elfsight.<\/p><\/div><div class=\"faq\" data-component=\"FAQ\"><div class=\"faq-item\">\r\n\t\t\t\t\t<div class=\"faq-item-question\">\r\n\t\t\t\t\t\t<h3 class=\"faq-item-question-text\">Existe-t-il une m\u00e9thode pour ajouter un flux Pinterest \u00e0 mon site Web Blogger sans comp\u00e9tences en codage ?<\/h3>\r\n\r\n\t\t\t\t\t\t<div class=\"faq-item-question-icon\"><\/div>\r\n\t\t\t\t\t<\/div>\r\n\r\n\t\t\t\t\t<div class=\"faq-item-answer\">\r\n\t\t\t\t\t\t<div class=\"faq-item-answer-text\"><p>La soci\u00e9t\u00e9 Elfsight propose une solution Cloud qui permet aux propri\u00e9taires de sites de cr\u00e9er vous-m\u00eame un plugin de flux Pinterest. Consultez les \u00e9tapes simples\u00a0: <\/p><ul><li>Travailler directement dans l&rsquo;\u00e9diteur en ligne pour cr\u00e9er une section de flux Pinterest que vous souhaitez int\u00e9grez-le sur le site Blogger.<\/li><li>Choisissez l&rsquo;un de nos mod\u00e8les pr\u00e9d\u00e9finis et modifiez les param\u00e8tres du flux Pinterest, changez la mise en page et les couleurs, incluez votre contenu sans codage.<\/li><li>Enregistrez le Pinterest Alimentez et copiez le code d&rsquo;installation, qui peut \u00eatre facilement ajout\u00e9 gratuitement \u00e0 la page d&rsquo;accueil de Blogger. <\/li><\/ul><p>Avec l&rsquo;aide du configurateur intuitif, tout utilisateur Web peut cr\u00e9er un plugin Pinterest Feed en ligne et l&rsquo;int\u00e9grer \u00e0 sa page d&rsquo;accueil Blogger. Il n&rsquo;est pas n\u00e9cessaire d&rsquo;obtenir un forfait payant ou de soumettre les donn\u00e9es de votre carte pour acc\u00e9der au service Elfsight. Si vous rencontrez des probl\u00e8mes \u00e0 n&rsquo;importe quelle \u00e9tape, n&rsquo;h\u00e9sitez pas \u00e0 en parler \u00e0 notre \u00e9quipe d&rsquo;assistance.<\/p><\/div>\r\n\t\t\t\t\t<\/div>\r\n\t\t\t\t<\/div><\/div>","protected":false},"excerpt":{"rendered":"","protected":false},"author":9,"featured_media":0,"parent":2464,"menu_order":0,"comment_status":"closed","ping_status":"closed","template":"templates\/template-application-platform.php","meta":{"publish_to_discourse":"","publish_post_category":"","wpdc_auto_publish_overridden":"","wpdc_topic_tags":"","wpdc_pin_topic":"","wpdc_pin_until":"","discourse_post_id":"","discourse_permalink":"","wpdc_publishing_response":"","wpdc_publishing_error":"","footnotes":""},"class_list":["post-9682","page","type-page","status-publish","hentry"],"yoast_head":"<!-- This site is optimized with the Yoast SEO plugin v25.3.1 - https:\/\/yoast.com\/wordpress\/plugins\/seo\/ -->\n<title>Flux Pinterest - Ajoutez un widget Pinterest au site Web Blogger (gratuit et facile\u00a0!)<\/title>\n<meta name=\"description\" content=\"G\u00e9n\u00e9rez votre widget de flux Pinterest unique pour Blogger en seulement 1 minute. Testez un \u00e9diteur rapide pour concevoir des widgets par Elfsight tout \u00e0 fait gratuitement.\" \/>\n<meta name=\"robots\" content=\"index, follow, max-snippet:-1, max-image-preview:large, max-video-preview:-1\" \/>\n<link rel=\"canonical\" href=\"https:\/\/elfsight.com\/fr\/pinterest-feed-widget\/blogger\/\" \/>\n<meta property=\"og:locale\" content=\"fr_FR\" \/>\n<meta property=\"og:type\" content=\"article\" \/>\n<meta property=\"og:title\" content=\"Flux Pinterest - Ajoutez un widget Pinterest au site Web Blogger (gratuit et facile\u00a0!)\" \/>\n<meta property=\"og:description\" content=\"G\u00e9n\u00e9rez votre widget de flux Pinterest unique pour Blogger en seulement 1 minute. Testez un \u00e9diteur rapide pour concevoir des widgets par Elfsight tout \u00e0 fait gratuitement.\" \/>\n<meta property=\"og:url\" content=\"https:\/\/elfsight.com\/fr\/pinterest-feed-widget\/blogger\/\" \/>\n<meta property=\"og:site_name\" content=\"Elfsight FR\" \/>\n<meta property=\"article:modified_time\" content=\"2025-07-10T12:23:29+00:00\" \/>\n<meta name=\"twitter:card\" content=\"summary_large_image\" \/>\n<meta name=\"twitter:label1\" content=\"Dur\u00e9e de lecture estim\u00e9e\" \/>\n\t<meta name=\"twitter:data1\" content=\"3 minutes\" \/>\n<!-- \/ Yoast SEO plugin. -->","yoast_head_json":{"title":"Flux Pinterest - Ajoutez un widget Pinterest au site Web Blogger (gratuit et facile\u00a0!)","description":"G\u00e9n\u00e9rez votre widget de flux Pinterest unique pour Blogger en seulement 1 minute. Testez un \u00e9diteur rapide pour concevoir des widgets par Elfsight tout \u00e0 fait gratuitement.","robots":{"index":"index","follow":"follow","max-snippet":"max-snippet:-1","max-image-preview":"max-image-preview:large","max-video-preview":"max-video-preview:-1"},"canonical":"https:\/\/elfsight.com\/fr\/pinterest-feed-widget\/blogger\/","og_locale":"fr_FR","og_type":"article","og_title":"Flux Pinterest - Ajoutez un widget Pinterest au site Web Blogger (gratuit et facile\u00a0!)","og_description":"G\u00e9n\u00e9rez votre widget de flux Pinterest unique pour Blogger en seulement 1 minute. Testez un \u00e9diteur rapide pour concevoir des widgets par Elfsight tout \u00e0 fait gratuitement.","og_url":"https:\/\/elfsight.com\/fr\/pinterest-feed-widget\/blogger\/","og_site_name":"Elfsight FR","article_modified_time":"2025-07-10T12:23:29+00:00","twitter_card":"summary_large_image","twitter_misc":{"Dur\u00e9e de lecture estim\u00e9e":"3 minutes"},"schema":{"@context":"https:\/\/schema.org","@graph":[{"@type":"WebPage","@id":"https:\/\/elfsight.com\/fr\/pinterest-feed-widget\/blogger\/","url":"https:\/\/elfsight.com\/fr\/pinterest-feed-widget\/blogger\/","name":"Flux Pinterest - Ajoutez un widget Pinterest au site Web Blogger (gratuit et facile\u00a0!)","isPartOf":{"@id":"https:\/\/elfsight.com\/fr\/#website"},"datePublished":"1970-01-01T00:00:00+00:00","dateModified":"2025-07-10T12:23:29+00:00","description":"G\u00e9n\u00e9rez votre widget de flux Pinterest unique pour Blogger en seulement 1 minute. Testez un \u00e9diteur rapide pour concevoir des widgets par Elfsight tout \u00e0 fait gratuitement.","breadcrumb":{"@id":"https:\/\/elfsight.com\/fr\/pinterest-feed-widget\/blogger\/#breadcrumb"},"inLanguage":"fr-FR","potentialAction":[{"@type":"ReadAction","target":["https:\/\/elfsight.com\/fr\/pinterest-feed-widget\/blogger\/"]}]},{"@type":"BreadcrumbList","@id":"https:\/\/elfsight.com\/fr\/pinterest-feed-widget\/blogger\/#breadcrumb","itemListElement":[{"@type":"ListItem","position":1,"name":"Home","item":"https:\/\/elfsight.com\/fr\/"},{"@type":"ListItem","position":2,"name":"Pinterest Feed","item":"https:\/\/elfsight.com\/fr\/pinterest-feed-widget\/"},{"@type":"ListItem","position":3,"name":"Pinterest Feed &#8211; Blogger"}]},{"@type":"WebSite","@id":"https:\/\/elfsight.com\/fr\/#website","url":"https:\/\/elfsight.com\/fr\/","name":"Elfsight FR","description":"","potentialAction":[{"@type":"SearchAction","target":{"@type":"EntryPoint","urlTemplate":"https:\/\/elfsight.com\/fr\/?s={search_term_string}"},"query-input":{"@type":"PropertyValueSpecification","valueRequired":true,"valueName":"search_term_string"}}],"inLanguage":"fr-FR"}]}},"meta_box":{"industry":"","seo_heading":"","heading":"","description":"","cta_heading":"","cta_description":"","application":"2463","h1":"Widget de flux Pinterest Blogger","h1_caption":"Int\u00e9grez un flux d'\u00e9pingles de votre compte Pinterest pour afficher sans effort un contenu dynamique et visuellement attrayant sur votre site Web Blogger.","application_category":[],"applications_title":"","applications_request_title":"","applications_request_button_text":"","hero_text":"","hero_video":"","hero_video_schema_markup":"","selling_points_title":"","selling_points_caption":"","selling_points":[],"selling_points_cta_text":"","features_title":"","features":"","ed_cta_examples_text":"","ed_cta_examples_hidden":"","ed_cta_demo_text":"","ed_cta_demo_hidden":"","why_caption":"","why_editor_title":"","why_editor_text":"","why_team_title":"","why_team_text":"","why_service_title":"","why_service_text":"","template_catalog_visible":"","template_catalog_title":"","template_catalog_text":"","template_catalog_categories_visible":"","demo_title":"Cr\u00e9ez votre widget de flux Pinterest","demo_caption":"Configurez votre flux Pinterest et ajoutez-le gratuitement \u00e0 votre site Web Blogger\u00a0!","default_faq_hidden":"","app_template_category":[],"platform":"348","template_public_id":"","codecanyon_url":"","codecanyon_item_id":"","codecanyon_price":"","pricing_caption":"","pricing_elfsight_apps_hide_column":"","pricing_elfsight_apps_url":"","pricing_codecanyon_price_caption":"","integration_category":[],"integration_request_title":"","integration_request_cta":"","integration_platform":"","integrations":[],"platform_category":[],"video_schema_markup":"","price":"\u00e0 partir de 0$ \/ mois","trial":"","benefits":[{"text":"Service d'installation gratuit"},{"text":"Support client exp\u00e9riment\u00e9"},{"text":"Garantie de remboursement de 14 jours"},{"text":"Am\u00e9liorations continues"}],"button_url":"","button_target_blank":"","button_nofollow":"","attributes":[{"name":"Installations","content":"10,000 - 100,000"},{"name":"Sensible","content":"Oui"},{"name":"Navigateurs compatibles","content":"Firefox, Safari, Opera, Chrome, Edge"}],"tags":[],"tags_disable_links":"","hide_more_platforms":"","video_object":"","demo_hide_cta":"","demo_hide_cloud_options":"","pricing_title":"","pricing":[{"pricing_icon":"platform","pricing_title":"Elfsight Apps","pricing_title_caption":"Solution num\u00e9rique multiplateforme adapt\u00e9e \u00e0 tous les sites","pricing_price":"from $0 \/ month","pricing_price_caption":"commencez avec un forfait gratuit","pricing_benefits":[{"text":"Domaines illimit\u00e9s"},{"text":"Assistance 24h\/24 et 7j\/7 et \u00e0 temps"},{"text":"Service d'installation gratuit"},{"text":"100% personnalisable"}],"pricing_button_text":"Ajouter au site Web","pricing_button_url":"#demo"}],"related_apps_title":"","related_apps_hidden":"","author":"","image":[],"title":"","job":"","social_networks":[]},"_links":{"self":[{"href":"https:\/\/elfsight.com\/fr\/wp-json\/wp\/v2\/pages\/9682","targetHints":{"allow":["GET"]}}],"collection":[{"href":"https:\/\/elfsight.com\/fr\/wp-json\/wp\/v2\/pages"}],"about":[{"href":"https:\/\/elfsight.com\/fr\/wp-json\/wp\/v2\/types\/page"}],"author":[{"embeddable":true,"href":"https:\/\/elfsight.com\/fr\/wp-json\/wp\/v2\/users\/9"}],"replies":[{"embeddable":true,"href":"https:\/\/elfsight.com\/fr\/wp-json\/wp\/v2\/comments?post=9682"}],"version-history":[{"count":2,"href":"https:\/\/elfsight.com\/fr\/wp-json\/wp\/v2\/pages\/9682\/revisions"}],"predecessor-version":[{"id":14931,"href":"https:\/\/elfsight.com\/fr\/wp-json\/wp\/v2\/pages\/9682\/revisions\/14931"}],"up":[{"embeddable":true,"href":"https:\/\/elfsight.com\/fr\/wp-json\/wp\/v2\/pages\/2464"}],"wp:attachment":[{"href":"https:\/\/elfsight.com\/fr\/wp-json\/wp\/v2\/media?parent=9682"}],"curies":[{"name":"wp","href":"https:\/\/api.w.org\/{rel}","templated":true}]}}