{"id":9677,"date":"1970-01-01T00:00:00","date_gmt":"1970-01-01T00:00:00","guid":{"rendered":"https:\/\/elfsight.com\/fr\/?page_id=9677"},"modified":"2025-07-10T12:23:20","modified_gmt":"2025-07-10T12:23:20","slug":"bigcommerce","status":"publish","type":"page","link":"https:\/\/elfsight.com\/fr\/pinterest-feed-widget\/bigcommerce\/","title":{"rendered":"Pinterest Feed &#8211; BigCommerce"},"content":{"rendered":"<div class=\"application-platform-content-item-description application-platform-content-item\" id=\"description\" data-nav-section=\"description\"><h2>Description<\/h2><p>En utilisant Pinterest Feed d&rsquo;Elfsight, vous pouvez ins\u00e9rer sur votre site des images \u00e9tonnantes de Pinterest en un rien de temps. . L&rsquo;outil Elfsight vous permet d&rsquo;ajouter des \u00e9pingles, des tableaux et l&rsquo;ensemble de votre profil sur le site. Attirez vos clients avec des images soigneusement choisies, des tableaux th\u00e9matiques et cr\u00e9ez vos propres galeries originales. \u00c9largissez l&rsquo;\u00e9tendue de vos images, augmentez l&rsquo;engagement sur le site Web et gagnez de nouveaux abonn\u00e9s pour votre compte Pinterest en attendant.<\/p><p><b>Affichez votre profil, ajoutez des tableaux et s\u00e9lectionnez des \u00e9pingles pour d\u00e9montrer le visuel le plus engageant. mat\u00e9riels sur votre site\u00a0!<\/b><\/p><ul><li><b>Obtenez de nouvelles ventes d\u00e9montrant vos offres<\/b><br>Fa\u00e7onnez vos propres collections de photos au design unique avec vos projets ou les derni\u00e8res tendances et des achats incontournables pour donner envie aux gens de faire du shopping.<\/li><li><b>Obtenir plus d&rsquo;abonn\u00e9s sur Pinterest<\/b><br>Avec le bouton Suivre disponible dans le flux, davantage de clients auront la chance de rejoindre vos abonn\u00e9s .<\/li><li><b>Augmentez le niveau des ventes \u00e0 l&rsquo;aide d&rsquo;images convaincantes<\/b><br>Choisissez les images les plus attrayantes de vos articles\u00a0; pr\u00e9sentez les derni\u00e8res tendances et des images convaincantes pour inciter les clients \u00e0 acheter.<\/li><\/ul><\/div><div class=\"application-platform-content-item-features application-platform-content-item\" id=\"features\" data-nav-section=\"features\"><h2>Fonctionnalit\u00e9s<\/h2><p>Quels sont les avantages de l&rsquo;application Elfsight le meilleur pour votre site Web BigCommerce ? Consultez la liste\u00a0:<\/p><ul><li>Ajouter des \u00e9pingles et des tableaux par URL\u00a0;<\/li><li>22 langues populaires disponibles\u00a0;<\/li><li>Afficher ou masquer l&rsquo;en-t\u00eate\u00a0;<\/li> <li>Adaptatif aux mobiles dans toutes les tailles et proportions.<\/li><\/ul><p><a href=\"#demo\">Voir tous les d\u00e9tails<\/a><\/p><\/div><div class=\"application-platform-content-item-installation application-platform-content-item\" id=\"installation\" data-nav-section=\"installation\"><h2>Comment ajouter Pinterest au site Web BigCommerce<\/h2><div class=\"video-container\"><iframe width=\"720\" height=\"405\" src=\"https:\/\/www.youtube.com\/embed\/TENs6QSMPBs\" frameborder=\"0\" allowfullscreen=\"\"><\/iframe><\/div><p>Suivez simplement les \u00e9tapes d\u00e9crites ci-dessous pour ins\u00e9rer l&rsquo;application sur BigCommerce.<\/p> <ol><li><b>G\u00e9rez notre d\u00e9mo gratuite et commencez \u00e0 cr\u00e9er votre widget unique. <\/b><br> Recherchez l&rsquo;apparence et les fonctionnalit\u00e9s personnalis\u00e9es du plugin et appliquez les modifications. <\/li> <li><b>Acqu\u00e9rez votre code individuel indiqu\u00e9 dans le formulaire sp\u00e9cial sur Elfsight Apps. <\/b><br> Une fois la personnalisation de votre widget Pinterest Feed termin\u00e9e, copiez le code personnel de la fen\u00eatre contextuelle qui appara\u00eet et conservez-le pour d&rsquo;autres besoins. <\/li> <li><b>Commencez \u00e0 utiliser l&rsquo;outil sur votre site BigCommerce. <\/b><br> Impl\u00e9mentez le code que vous avez enregistr\u00e9 r\u00e9cemment dans votre page et appliquez les corrections. <\/li> <li><b>Vous avez termin\u00e9\u00a0! L&rsquo;int\u00e9gration est enti\u00e8rement r\u00e9alis\u00e9e. <\/b><br> Acc\u00e9dez \u00e0 votre site pour jeter un \u0153il aux performances du plugin. <\/li><\/ol><p>Vous avez rencontr\u00e9 des probl\u00e8mes lors de la conception ou de la personnalisation de votre widget\u00a0? Contactez notre \u00e9quipe d&rsquo;assistance.<\/p><\/div><div class=\"faq\" data-component=\"FAQ\"><div class=\"faq-item\">\r\n\t\t\t\t\t<div class=\"faq-item-question\">\r\n\t\t\t\t\t\t<h3 class=\"faq-item-question-text\">De quelle mani\u00e8re puis-je ajouter Pinterest Feed \u00e0 ma page Web BigCommerce sans exp\u00e9rience en codage ?<\/h3>\r\n\r\n\t\t\t\t\t\t<div class=\"faq-item-question-icon\"><\/div>\r\n\t\t\t\t\t<\/div>\r\n\r\n\t\t\t\t\t<div class=\"faq-item-answer\">\r\n\t\t\t\t\t\t<div class=\"faq-item-answer-text\"><p>La soci\u00e9t\u00e9 Elfsight propose une solution Cloud qui vous permet de g\u00e9n\u00e9rer vous-m\u00eame un widget de flux Pinterest. Consultez les instructions simples\u00a0: <\/p><ul><li>Travailler directement dans l&rsquo;\u00e9diteur en ligne pour cr\u00e9er le widget de flux Pinterest que vous souhaitez \u00e0 int\u00e9grer sur la page d&rsquo;accueil de BigCommerce.<\/li><li>Cliquez sur l&rsquo;un des mod\u00e8les pr\u00e9d\u00e9finis et modifiez les param\u00e8tres du flux Pinterest, mettez \u00e0 jour votre contenu, changez la mise en page et les couleurs sans codage.<\/li><li>Enregistrez le Pinterest Alimentez et obtenez le code du widget pour l&rsquo;installation, que vous pouvez facilement coller sur votre site BigCommerce sans acheter de forfait payant. <\/li><\/ul><p>Gr\u00e2ce \u00e0 notre \u00e9diteur facile \u00e0 utiliser, chaque internaute peut cr\u00e9er un widget Pinterest Feed en ligne et l&rsquo;ajouter simplement \u00e0 sa page Web BigCommerce. Vous ne devez pas payer ni saisir les informations d&rsquo;identification de votre carte pour acc\u00e9der \u00e0 Elfsight Editor. Si vous rencontrez des obstacles \u00e0 un moment donn\u00e9, n&rsquo;h\u00e9sitez pas \u00e0 contacter notre \u00e9quipe d&rsquo;assistance.<\/p><\/div>\r\n\t\t\t\t\t<\/div>\r\n\t\t\t\t<\/div><\/div>","protected":false},"excerpt":{"rendered":"","protected":false},"author":9,"featured_media":0,"parent":2464,"menu_order":0,"comment_status":"closed","ping_status":"closed","template":"templates\/template-application-platform.php","meta":{"publish_to_discourse":"","publish_post_category":"","wpdc_auto_publish_overridden":"","wpdc_topic_tags":"","wpdc_pin_topic":"","wpdc_pin_until":"","discourse_post_id":"","discourse_permalink":"","wpdc_publishing_response":"","wpdc_publishing_error":"","footnotes":""},"class_list":["post-9677","page","type-page","status-publish","hentry"],"yoast_head":"<!-- This site is optimized with the Yoast SEO plugin v25.3.1 - https:\/\/yoast.com\/wordpress\/plugins\/seo\/ -->\n<title>Flux Pinterest \u2013 Ajouter l&#039;application Pinterest au site Web BigCommerce (2025)<\/title>\n<meta name=\"description\" content=\"Ajoutez l&#039;application Pinterest Feed sur BigCommerce seulement en 2 minutes. V\u00e9rifiez toutes les principales caract\u00e9ristiques de la meilleure application Pinterest dans un \u00e9diteur gratuit.\" \/>\n<meta name=\"robots\" content=\"index, follow, max-snippet:-1, max-image-preview:large, max-video-preview:-1\" \/>\n<link rel=\"canonical\" href=\"https:\/\/elfsight.com\/fr\/pinterest-feed-widget\/bigcommerce\/\" \/>\n<meta property=\"og:locale\" content=\"fr_FR\" \/>\n<meta property=\"og:type\" content=\"article\" \/>\n<meta property=\"og:title\" content=\"Flux Pinterest \u2013 Ajouter l&#039;application Pinterest au site Web BigCommerce (2025)\" \/>\n<meta property=\"og:description\" content=\"Ajoutez l&#039;application Pinterest Feed sur BigCommerce seulement en 2 minutes. V\u00e9rifiez toutes les principales caract\u00e9ristiques de la meilleure application Pinterest dans un \u00e9diteur gratuit.\" \/>\n<meta property=\"og:url\" content=\"https:\/\/elfsight.com\/fr\/pinterest-feed-widget\/bigcommerce\/\" \/>\n<meta property=\"og:site_name\" content=\"Elfsight FR\" \/>\n<meta property=\"article:modified_time\" content=\"2025-07-10T12:23:20+00:00\" \/>\n<meta name=\"twitter:card\" content=\"summary_large_image\" \/>\n<meta name=\"twitter:label1\" content=\"Dur\u00e9e de lecture estim\u00e9e\" \/>\n\t<meta name=\"twitter:data1\" content=\"3 minutes\" \/>\n<!-- \/ Yoast SEO plugin. -->","yoast_head_json":{"title":"Flux Pinterest \u2013 Ajouter l'application Pinterest au site Web BigCommerce (2025)","description":"Ajoutez l'application Pinterest Feed sur BigCommerce seulement en 2 minutes. V\u00e9rifiez toutes les principales caract\u00e9ristiques de la meilleure application Pinterest dans un \u00e9diteur gratuit.","robots":{"index":"index","follow":"follow","max-snippet":"max-snippet:-1","max-image-preview":"max-image-preview:large","max-video-preview":"max-video-preview:-1"},"canonical":"https:\/\/elfsight.com\/fr\/pinterest-feed-widget\/bigcommerce\/","og_locale":"fr_FR","og_type":"article","og_title":"Flux Pinterest \u2013 Ajouter l'application Pinterest au site Web BigCommerce (2025)","og_description":"Ajoutez l'application Pinterest Feed sur BigCommerce seulement en 2 minutes. V\u00e9rifiez toutes les principales caract\u00e9ristiques de la meilleure application Pinterest dans un \u00e9diteur gratuit.","og_url":"https:\/\/elfsight.com\/fr\/pinterest-feed-widget\/bigcommerce\/","og_site_name":"Elfsight FR","article_modified_time":"2025-07-10T12:23:20+00:00","twitter_card":"summary_large_image","twitter_misc":{"Dur\u00e9e de lecture estim\u00e9e":"3 minutes"},"schema":{"@context":"https:\/\/schema.org","@graph":[{"@type":"WebPage","@id":"https:\/\/elfsight.com\/fr\/pinterest-feed-widget\/bigcommerce\/","url":"https:\/\/elfsight.com\/fr\/pinterest-feed-widget\/bigcommerce\/","name":"Flux Pinterest \u2013 Ajouter l'application Pinterest au site Web BigCommerce (2025)","isPartOf":{"@id":"https:\/\/elfsight.com\/fr\/#website"},"datePublished":"1970-01-01T00:00:00+00:00","dateModified":"2025-07-10T12:23:20+00:00","description":"Ajoutez l'application Pinterest Feed sur BigCommerce seulement en 2 minutes. V\u00e9rifiez toutes les principales caract\u00e9ristiques de la meilleure application Pinterest dans un \u00e9diteur gratuit.","breadcrumb":{"@id":"https:\/\/elfsight.com\/fr\/pinterest-feed-widget\/bigcommerce\/#breadcrumb"},"inLanguage":"fr-FR","potentialAction":[{"@type":"ReadAction","target":["https:\/\/elfsight.com\/fr\/pinterest-feed-widget\/bigcommerce\/"]}]},{"@type":"BreadcrumbList","@id":"https:\/\/elfsight.com\/fr\/pinterest-feed-widget\/bigcommerce\/#breadcrumb","itemListElement":[{"@type":"ListItem","position":1,"name":"Home","item":"https:\/\/elfsight.com\/fr\/"},{"@type":"ListItem","position":2,"name":"Pinterest Feed","item":"https:\/\/elfsight.com\/fr\/pinterest-feed-widget\/"},{"@type":"ListItem","position":3,"name":"Pinterest Feed &#8211; BigCommerce"}]},{"@type":"WebSite","@id":"https:\/\/elfsight.com\/fr\/#website","url":"https:\/\/elfsight.com\/fr\/","name":"Elfsight FR","description":"","potentialAction":[{"@type":"SearchAction","target":{"@type":"EntryPoint","urlTemplate":"https:\/\/elfsight.com\/fr\/?s={search_term_string}"},"query-input":{"@type":"PropertyValueSpecification","valueRequired":true,"valueName":"search_term_string"}}],"inLanguage":"fr-FR"}]}},"meta_box":{"industry":"","seo_heading":"","heading":"","description":"","cta_heading":"","cta_description":"","application":"2463","h1":"Application de flux Pinterest BigCommerce","h1_caption":"Int\u00e9grez un flux d'\u00e9pingles de votre compte Pinterest pour afficher sans effort un contenu dynamique et visuellement attrayant sur votre site Web BigCommerce.","application_category":[],"applications_title":"","applications_request_title":"","applications_request_button_text":"","hero_text":"","hero_video":"","hero_video_schema_markup":"","selling_points_title":"","selling_points_caption":"","selling_points":[],"selling_points_cta_text":"","features_title":"","features":"","ed_cta_examples_text":"","ed_cta_examples_hidden":"","ed_cta_demo_text":"","ed_cta_demo_hidden":"","why_caption":"","why_editor_title":"","why_editor_text":"","why_team_title":"","why_team_text":"","why_service_title":"","why_service_text":"","template_catalog_visible":"","template_catalog_title":"","template_catalog_text":"","template_catalog_categories_visible":"","demo_title":"Cr\u00e9ez votre application Pinterest Feed","demo_caption":"Configurez votre flux Pinterest et ajoutez-le gratuitement \u00e0 votre site Web BigCommerce\u00a0!","default_faq_hidden":"","app_template_category":[],"platform":"347","template_public_id":"","codecanyon_url":"","codecanyon_item_id":"","codecanyon_price":"","pricing_caption":"","pricing_elfsight_apps_hide_column":"","pricing_elfsight_apps_url":"","pricing_codecanyon_price_caption":"","integration_category":[],"integration_request_title":"","integration_request_cta":"","integration_platform":"","integrations":[],"platform_category":[],"video_schema_markup":"","price":"\u00e0 partir de 0$ \/ mois","trial":"","benefits":[{"text":"Assistance \u00e0 l'installation gratuite"},{"text":"Service client efficace"},{"text":"Garantie de remboursement de 14 jours"},{"text":"Am\u00e9liorations futures"}],"button_url":"","button_target_blank":"","button_nofollow":"","attributes":[{"name":"Installations","content":"10,000 - 100,000"},{"name":"Sensible","content":"Oui"},{"name":"Navigateurs compatibles","content":"Firefox, Safari, Opera, Chrome, Edge"}],"tags":[],"tags_disable_links":"","hide_more_platforms":"","video_object":"","demo_hide_cta":"","demo_hide_cloud_options":"","pricing_title":"","pricing":[{"pricing_icon":"platform","pricing_title":"Elfsight Apps","pricing_title_caption":"Solution num\u00e9rique multiplateforme","pricing_price":"from $0 \/ month","pricing_price_caption":"commencez avec un forfait gratuit","pricing_benefits":[{"text":"Sites Web illimit\u00e9s"},{"text":"Support d'entreprise gratuit et bien document\u00e9"},{"text":"Assistance \u00e0 l'installation gratuite"},{"text":"Enti\u00e8rement personnalisable"}],"pricing_button_text":"Ajouter au site Web","pricing_button_url":"#demo"}],"related_apps_title":"","related_apps_hidden":"","author":"","image":[],"title":"","job":"","social_networks":[]},"_links":{"self":[{"href":"https:\/\/elfsight.com\/fr\/wp-json\/wp\/v2\/pages\/9677","targetHints":{"allow":["GET"]}}],"collection":[{"href":"https:\/\/elfsight.com\/fr\/wp-json\/wp\/v2\/pages"}],"about":[{"href":"https:\/\/elfsight.com\/fr\/wp-json\/wp\/v2\/types\/page"}],"author":[{"embeddable":true,"href":"https:\/\/elfsight.com\/fr\/wp-json\/wp\/v2\/users\/9"}],"replies":[{"embeddable":true,"href":"https:\/\/elfsight.com\/fr\/wp-json\/wp\/v2\/comments?post=9677"}],"version-history":[{"count":2,"href":"https:\/\/elfsight.com\/fr\/wp-json\/wp\/v2\/pages\/9677\/revisions"}],"predecessor-version":[{"id":14932,"href":"https:\/\/elfsight.com\/fr\/wp-json\/wp\/v2\/pages\/9677\/revisions\/14932"}],"up":[{"embeddable":true,"href":"https:\/\/elfsight.com\/fr\/wp-json\/wp\/v2\/pages\/2464"}],"wp:attachment":[{"href":"https:\/\/elfsight.com\/fr\/wp-json\/wp\/v2\/media?parent=9677"}],"curies":[{"name":"wp","href":"https:\/\/api.w.org\/{rel}","templated":true}]}}