{"id":9669,"date":"1970-01-01T00:00:00","date_gmt":"1970-01-01T00:00:00","guid":{"rendered":"https:\/\/elfsight.com\/fr\/?page_id=9669"},"modified":"2025-07-10T12:23:41","modified_gmt":"2025-07-10T12:23:41","slug":"facebook","status":"publish","type":"page","link":"https:\/\/elfsight.com\/fr\/pinterest-feed-widget\/facebook\/","title":{"rendered":"Pinterest Feed &#8211; Facebook Page"},"content":{"rendered":"<div class=\"application-platform-content-item-description application-platform-content-item\" id=\"description\" data-nav-section=\"description\"><h2>Description<\/h2><p>En utilisant l&rsquo;application Pinterest d&rsquo;Elfsight, vous pourrez ajouter rapidement des photos fascinantes \u00e0 votre page. L&rsquo;outil Elfsight permet de d\u00e9montrer des \u00e9pingles, des tableaux et votre compte Pinterest complet sur votre page d&rsquo;entreprise. Attirez vos clients avec du contenu soigneusement choisi, des tableaux th\u00e9matiques et cr\u00e9ez vos propres collections originales. \u00c9largissez la couverture du contenu de votre profil, augmentez l&rsquo;engagement sur la page et trouvez de nouveaux abonn\u00e9s pour votre compte en m\u00eame temps.<\/p><p><b>Affichez votre compte, ajoutez des tableaux et choisissez des \u00e9pingles pour pr\u00e9senter les meilleurs supports visuels. sur votre page Facebook\u00a0!<\/b><\/p><\/div><div class=\"application-platform-content-item-features application-platform-content-item\" id=\"features\" data-nav-section=\"features\"><h2>Fonctionnalit\u00e9s<\/h2><p>Voici une liste de toutes les fonctions du produit. Vous pouvez les d\u00e9finir directement dans l&rsquo;\u00e9diteur et ils vous aideront \u00e0 cr\u00e9er le widget adapt\u00e9 \u00e0 vos besoins.<\/p><ul><li>Titre du widget modifiable\u00a0;<\/li><li>Choisissez la largeur et la hauteur du widget\u00a0;<\/li><li>\u00c9l\u00e9ments d&rsquo;\u00e9pingle commutables\u00a0: auteur, texte, bouton Partager, ic\u00f4ne Pinterest.<\/li><li>Cliquez sur l&rsquo;image pour l&rsquo;ouvrir dans Pinterest\u00a0;<\/li><\/ul><p><a href=\"#demo\">Essayez toutes les autres fonctions de la d\u00e9mo<\/a><\/p><\/div> <div class=\"application-platform-content-item-installation application-platform-content-item\" id=\"installation\" data-nav-section=\"installation\"><h2>Comment ajouter l&rsquo;onglet Pinterest \u00e0 la page d&rsquo;entreprise Facebook<\/h2><p>Pour int\u00e9grer le widget, suivez les instructions ci-dessous<\/p><ul><li><b>Cr\u00e9ez votre application Pinterest personnalis\u00e9e<\/b><br>Obtenez un plugin avec une interface et des fonctionnalit\u00e9s s\u00e9lectionn\u00e9es dans notre \u00e9diteur gratuit. <\/li><li><b>Copiez le code individuel pour int\u00e9grer le plugin<\/b><br>Apr\u00e8s avoir configur\u00e9 votre widget, vous obtiendrez le code individuel dans la fen\u00eatre contextuelle des applications Elfsight. Copiez ce code. <\/li><li><b>Ajoutez le widget \u00e0 la page Facebook<\/b><br> Cr\u00e9ez votre onglet Facebook personnalis\u00e9. Ins\u00e9rez le code que vous avez re\u00e7u sur les applications elfsight dans l&rsquo;onglet. Si vous rencontrez des probl\u00e8mes, consultez simplement notre guide sur <a href=\"https:\/\/elfsight.com\/blog\/how-to-add-custom-tab-to-facebook-page\/\" target=\"_blank\" rel=\"noopener noreferrer\">cr\u00e9ation d&rsquo;un onglet Facebook personnalis\u00e9<\/a><\/li><li><b>L&rsquo;installation est termin\u00e9e<\/b><br>Visitez la page pour v\u00e9rifier votre travail. <\/li><\/ul><p>N&rsquo;h\u00e9sitez pas \u00e0 contacter le service d&rsquo;assistance d&rsquo;Elfsight si vous avez besoin d&rsquo;aide ou si vous avez quelque chose \u00e0 demander. Nous serons heureux de r\u00e9pondre \u00e0 chaque demande. <\/p><\/div>","protected":false},"excerpt":{"rendered":"","protected":false},"author":9,"featured_media":0,"parent":2464,"menu_order":0,"comment_status":"closed","ping_status":"closed","template":"templates\/template-application-platform.php","meta":{"publish_to_discourse":"","publish_post_category":"","wpdc_auto_publish_overridden":"","wpdc_topic_tags":"","wpdc_pin_topic":"","wpdc_pin_until":"","discourse_post_id":"","discourse_permalink":"","wpdc_publishing_response":"","wpdc_publishing_error":"","footnotes":""},"class_list":["post-9669","page","type-page","status-publish","hentry"],"yoast_head":"<!-- This site is optimized with the Yoast SEO plugin v25.3.1 - https:\/\/yoast.com\/wordpress\/plugins\/seo\/ -->\n<title>Ajouter l&#039;onglet Pinterest \u00e0 la page d&#039;entreprise Facebook (2025)<\/title>\n<meta name=\"description\" content=\"Voici une chance de cr\u00e9er un onglet Pinterest et de l&#039;ajouter \u00e0 votre page d&#039;entreprise Facebook. B\u00e9n\u00e9ficiez d\u2019une assistance client gratuite et d\u2019autres avantages d\u2019Elfsight.\" \/>\n<meta name=\"robots\" content=\"index, follow, max-snippet:-1, max-image-preview:large, max-video-preview:-1\" \/>\n<link rel=\"canonical\" href=\"https:\/\/elfsight.com\/fr\/pinterest-feed-widget\/facebook\/\" \/>\n<meta property=\"og:locale\" content=\"fr_FR\" \/>\n<meta property=\"og:type\" content=\"article\" \/>\n<meta property=\"og:title\" content=\"Ajouter l&#039;onglet Pinterest \u00e0 la page d&#039;entreprise Facebook (2025)\" \/>\n<meta property=\"og:description\" content=\"Voici une chance de cr\u00e9er un onglet Pinterest et de l&#039;ajouter \u00e0 votre page d&#039;entreprise Facebook. B\u00e9n\u00e9ficiez d\u2019une assistance client gratuite et d\u2019autres avantages d\u2019Elfsight.\" \/>\n<meta property=\"og:url\" content=\"https:\/\/elfsight.com\/fr\/pinterest-feed-widget\/facebook\/\" \/>\n<meta property=\"og:site_name\" content=\"Elfsight FR\" \/>\n<meta property=\"article:modified_time\" content=\"2025-07-10T12:23:41+00:00\" \/>\n<meta name=\"twitter:card\" content=\"summary_large_image\" \/>\n<meta name=\"twitter:label1\" content=\"Dur\u00e9e de lecture estim\u00e9e\" \/>\n\t<meta name=\"twitter:data1\" content=\"2 minutes\" \/>\n<!-- \/ Yoast SEO plugin. -->","yoast_head_json":{"title":"Ajouter l'onglet Pinterest \u00e0 la page d'entreprise Facebook (2025)","description":"Voici une chance de cr\u00e9er un onglet Pinterest et de l'ajouter \u00e0 votre page d'entreprise Facebook. B\u00e9n\u00e9ficiez d\u2019une assistance client gratuite et d\u2019autres avantages d\u2019Elfsight.","robots":{"index":"index","follow":"follow","max-snippet":"max-snippet:-1","max-image-preview":"max-image-preview:large","max-video-preview":"max-video-preview:-1"},"canonical":"https:\/\/elfsight.com\/fr\/pinterest-feed-widget\/facebook\/","og_locale":"fr_FR","og_type":"article","og_title":"Ajouter l'onglet Pinterest \u00e0 la page d'entreprise Facebook (2025)","og_description":"Voici une chance de cr\u00e9er un onglet Pinterest et de l'ajouter \u00e0 votre page d'entreprise Facebook. B\u00e9n\u00e9ficiez d\u2019une assistance client gratuite et d\u2019autres avantages d\u2019Elfsight.","og_url":"https:\/\/elfsight.com\/fr\/pinterest-feed-widget\/facebook\/","og_site_name":"Elfsight FR","article_modified_time":"2025-07-10T12:23:41+00:00","twitter_card":"summary_large_image","twitter_misc":{"Dur\u00e9e de lecture estim\u00e9e":"2 minutes"},"schema":{"@context":"https:\/\/schema.org","@graph":[{"@type":"WebPage","@id":"https:\/\/elfsight.com\/fr\/pinterest-feed-widget\/facebook\/","url":"https:\/\/elfsight.com\/fr\/pinterest-feed-widget\/facebook\/","name":"Ajouter l'onglet Pinterest \u00e0 la page d'entreprise Facebook (2025)","isPartOf":{"@id":"https:\/\/elfsight.com\/fr\/#website"},"datePublished":"1970-01-01T00:00:00+00:00","dateModified":"2025-07-10T12:23:41+00:00","description":"Voici une chance de cr\u00e9er un onglet Pinterest et de l'ajouter \u00e0 votre page d'entreprise Facebook. B\u00e9n\u00e9ficiez d\u2019une assistance client gratuite et d\u2019autres avantages d\u2019Elfsight.","breadcrumb":{"@id":"https:\/\/elfsight.com\/fr\/pinterest-feed-widget\/facebook\/#breadcrumb"},"inLanguage":"fr-FR","potentialAction":[{"@type":"ReadAction","target":["https:\/\/elfsight.com\/fr\/pinterest-feed-widget\/facebook\/"]}]},{"@type":"BreadcrumbList","@id":"https:\/\/elfsight.com\/fr\/pinterest-feed-widget\/facebook\/#breadcrumb","itemListElement":[{"@type":"ListItem","position":1,"name":"Home","item":"https:\/\/elfsight.com\/fr\/"},{"@type":"ListItem","position":2,"name":"Pinterest Feed","item":"https:\/\/elfsight.com\/fr\/pinterest-feed-widget\/"},{"@type":"ListItem","position":3,"name":"Pinterest Feed &#8211; Facebook Page"}]},{"@type":"WebSite","@id":"https:\/\/elfsight.com\/fr\/#website","url":"https:\/\/elfsight.com\/fr\/","name":"Elfsight FR","description":"","potentialAction":[{"@type":"SearchAction","target":{"@type":"EntryPoint","urlTemplate":"https:\/\/elfsight.com\/fr\/?s={search_term_string}"},"query-input":{"@type":"PropertyValueSpecification","valueRequired":true,"valueName":"search_term_string"}}],"inLanguage":"fr-FR"}]}},"meta_box":{"industry":"","seo_heading":"","heading":"","description":"","cta_heading":"","cta_description":"","application":"2463","h1":"Onglet Pinterest pour la page professionnelle Facebook","h1_caption":"Int\u00e9grez un flux d'\u00e9pingles de votre compte Pinterest pour afficher sans effort un contenu dynamique et visuellement attrayant sur votre site Web de page Facebook.","application_category":[],"applications_title":"","applications_request_title":"","applications_request_button_text":"","hero_text":"","hero_video":"","hero_video_schema_markup":"","selling_points_title":"","selling_points_caption":"","selling_points":[],"selling_points_cta_text":"","features_title":"","features":"","ed_cta_examples_text":"","ed_cta_examples_hidden":"","ed_cta_demo_text":"","ed_cta_demo_hidden":"","why_caption":"","why_editor_title":"","why_editor_text":"","why_team_title":"","why_team_text":"","why_service_title":"","why_service_text":"","template_catalog_visible":"","template_catalog_title":"","template_catalog_text":"","template_catalog_categories_visible":"","demo_title":"Cr\u00e9ez votre widget de flux Pinterest","demo_caption":"Configurez votre flux Pinterest et ajoutez-le gratuitement \u00e0 votre page Facebook\u00a0!","default_faq_hidden":"","app_template_category":[],"platform":"394","template_public_id":"","codecanyon_url":"","codecanyon_item_id":"","codecanyon_price":"","pricing_caption":"","pricing_elfsight_apps_hide_column":"","pricing_elfsight_apps_url":"","pricing_codecanyon_price_caption":"","integration_category":[],"integration_request_title":"","integration_request_cta":"","integration_platform":"","integrations":[],"platform_category":[],"video_schema_markup":"","price":"\u00e0 partir de 0$ \/ mois","trial":"","benefits":[{"text":"Aide \u00e0 l'installation gratuite"},{"text":"Un soutien exceptionnel"},{"text":"Garantie de remboursement de 14 jours"},{"text":"Am\u00e9liorations futures"}],"button_url":"","button_target_blank":"","button_nofollow":"","attributes":[{"name":"Installations","content":"10,000 - 100,000"},{"name":"Sensible","content":"Oui"},{"name":"Navigateurs compatibles","content":"Opera, Safari, Edge, Chrome, Firefox"}],"tags":[],"tags_disable_links":"","hide_more_platforms":"","video_object":"","demo_hide_cta":"","demo_hide_cloud_options":"","pricing_title":"","pricing":[{"pricing_icon":"platform","pricing_title":"Elfsight Apps","pricing_title_caption":"Logiciel multiplateforme","pricing_price":"from $0 \/ month","pricing_price_caption":"commencez avec un forfait gratuit","pricing_benefits":[{"text":"Domaines illimit\u00e9s"},{"text":"Accompagnement professionnel de l'entreprise"},{"text":"100% personnalisable"},{"text":"Offre sp\u00e9ciale pour plusieurs applications"}],"pricing_button_text":"Ajouter au site Web","pricing_button_url":"#demo"}],"related_apps_title":"","related_apps_hidden":"","author":"","image":[],"title":"","job":"","social_networks":[]},"_links":{"self":[{"href":"https:\/\/elfsight.com\/fr\/wp-json\/wp\/v2\/pages\/9669","targetHints":{"allow":["GET"]}}],"collection":[{"href":"https:\/\/elfsight.com\/fr\/wp-json\/wp\/v2\/pages"}],"about":[{"href":"https:\/\/elfsight.com\/fr\/wp-json\/wp\/v2\/types\/page"}],"author":[{"embeddable":true,"href":"https:\/\/elfsight.com\/fr\/wp-json\/wp\/v2\/users\/9"}],"replies":[{"embeddable":true,"href":"https:\/\/elfsight.com\/fr\/wp-json\/wp\/v2\/comments?post=9669"}],"version-history":[{"count":1,"href":"https:\/\/elfsight.com\/fr\/wp-json\/wp\/v2\/pages\/9669\/revisions"}],"predecessor-version":[{"id":9673,"href":"https:\/\/elfsight.com\/fr\/wp-json\/wp\/v2\/pages\/9669\/revisions\/9673"}],"up":[{"embeddable":true,"href":"https:\/\/elfsight.com\/fr\/wp-json\/wp\/v2\/pages\/2464"}],"wp:attachment":[{"href":"https:\/\/elfsight.com\/fr\/wp-json\/wp\/v2\/media?parent=9669"}],"curies":[{"name":"wp","href":"https:\/\/api.w.org\/{rel}","templated":true}]}}