{"id":9668,"date":"1970-01-01T00:00:00","date_gmt":"1970-01-01T00:00:00","guid":{"rendered":"https:\/\/elfsight.com\/fr\/?page_id=9668"},"modified":"2025-07-10T12:26:17","modified_gmt":"2025-07-10T12:26:17","slug":"woocommerce","status":"publish","type":"page","link":"https:\/\/elfsight.com\/fr\/pinterest-feed-widget\/woocommerce\/","title":{"rendered":"Pinterest Feed &#8211; WooCommerce"},"content":{"rendered":"<div class=\"application-platform-content-item-description application-platform-content-item\" id=\"description\" data-nav-section=\"description\"><h2>Description<\/h2><p>Avec le plugin Pinterest Feed d&rsquo;Elfsight, vous pouvez ins\u00e9rer rapidement des visuels \u00e9tonnants de Pinterest sur votre site Web. Elfsight Pinterest Feed permet d&rsquo;int\u00e9grer des \u00e9pingles, des tableaux et votre profil complet dans votre site Web. Attirez vos futurs clients gr\u00e2ce \u00e0 des images soigneusement choisies, des planches th\u00e9matiques et cr\u00e9ez vos propres galeries originales. \u00c9largissez la port\u00e9e des visuels de votre compte, augmentez l&rsquo;engagement sur votre site et attirez simultan\u00e9ment plus d&rsquo;abonn\u00e9s pour votre profil.<\/p><p><b>Accompagnez les images de votre site Web de Pinterest imm\u00e9diatement et facilement.<\/b><\/p> <\/div> <div class=\"application-platform-content-item-features application-platform-content-item\" id=\"features\" data-nav-section=\"features\"><h2>Les fonctionnalit\u00e9s les plus importantes du widget contiennent<\/h2><ul><li>Titre du widget modifiable\u00a0;<\/li><li>Choisissez la largeur et la hauteur du widget\u00a0;<\/li><li>Afficher ou masquer l&rsquo;en-t\u00eate\u00a0;<\/li><li>Afficher ou masquer le nombre de tableaux et de broches.<\/li><\/ul><p><a href=\"#demo\">Vous pouvez sentir si le le widget est fait pour vous \u00e0 l&rsquo;aide de la d\u00e9mo<\/a><\/p><\/div><div class=\"application-platform-content-item-installation application-platform-content-item\" id=\"installation\" data-nav-section=\"installation\"><h2>Comment ajouter un flux Pinterest sur mon site WooCommerce\u00a0?<\/h2><p>Suivez simplement les instructions ci-dessous pour commencer \u00e0 utiliser le widget.<\/p><ol><li><b>G\u00e9rez notre d\u00e9mo gratuite et commencez \u00e0 cr\u00e9er votre plugin personnalis\u00e9.<\/b><br>Sp\u00e9cifiez le formulaire appropri\u00e9 et caract\u00e9ristiques fonctionnelles du plugin et appliquez les modifications.<\/li><li><b>Acqu\u00e9rez votre code unique affich\u00e9 dans la case sur les applications Elfsight.<\/b><br>Lorsque la g\u00e9n\u00e9ration de votre outil personnel est termin\u00e9e, copiez le code exclusif dans la fen\u00eatre contextuelle apparue et conservez-le pour vos besoins futurs.<\/li><li><b>Entrez pour utiliser l&rsquo;outil sur le site Web WooCommerce.<\/b><br>Int\u00e9grez le code que vous avez copi\u00e9 auparavant dans votre page d&rsquo;accueil et enregistrez les modifications.<\/li><li><b>Termin\u00e9\u00a0! L&rsquo;int\u00e9gration est enti\u00e8rement effectu\u00e9e.<\/b><br>Allez sur votre page pour voir les performances de l&rsquo;outil.<\/li><\/ol><p>\u00c0 condition d&rsquo;avoir des questions ou de rencontrer des complications, n&rsquo;h\u00e9sitez pas pour entrer en contact avec notre service client. Nos sp\u00e9cialistes ont h\u00e2te de r\u00e9soudre toutes les difficult\u00e9s que vous pourriez rencontrer avec le produit.<\/p><\/div><div class=\"faq\" data-component=\"FAQ\"><div class=\"faq-item\">\r\n\t\t\t\t\t<div class=\"faq-item-question\">\r\n\t\t\t\t\t\t<h3 class=\"faq-item-question-text\">De quelle mani\u00e8re puis-je int\u00e9grer le flux Pinterest sur mon site WooCommerce sans codage ?<\/h3>\r\n\r\n\t\t\t\t\t\t<div class=\"faq-item-question-icon\"><\/div>\r\n\t\t\t\t\t<\/div>\r\n\r\n\t\t\t\t\t<div class=\"faq-item-answer\">\r\n\t\t\t\t\t\t<div class=\"faq-item-answer-text\"><p>La soci\u00e9t\u00e9 Elfsight pr\u00e9sente une solution Cloud qui permet \u00e0 l&rsquo;utilisateur de g\u00e9n\u00e9rer vous-m\u00eame un widget de flux Pinterest. V\u00e9rifiez les \u00e9tapes simples\u00a0: <\/p><ul><li>Acc\u00e9dez \u00e0 l&rsquo;\u00e9diteur en ligne pour g\u00e9n\u00e9rer une section de flux Pinterest que vous souhaitez ajouter sur la page d&rsquo;accueil de WooCommerce.<\/li><li> Choisissez l&rsquo;un des nombreux mod\u00e8les pr\u00e9d\u00e9finis et modifiez les param\u00e8tres du flux Pinterest, incluez votre contenu, modifiez la mise en page et les couleurs sans aucune comp\u00e9tence en codage.<\/li><li>Enregistrez le flux Pinterest et copiez le code d&rsquo;installation du widget, qui peut \u00eatre ajout\u00e9 sans effort \u00e0 votre site WooCommerce dans le cadre d&rsquo;un forfait gratuit. <\/li><\/ul><p>Gr\u00e2ce \u00e0 notre \u00e9diteur facile \u00e0 utiliser, tout utilisateur Web peut cr\u00e9er l&rsquo;application Pinterest Feed et l&rsquo;ajouter facilement \u00e0 la page d&rsquo;accueil de WooCommerce. Vous ne devez pas souscrire \u00e0 un forfait payant ni divulguer les donn\u00e9es de votre carte pour acc\u00e9der au service Elfsight. Si vous rencontrez des probl\u00e8mes de quelque nature que ce soit, n&rsquo;h\u00e9sitez pas \u00e0 vous adresser \u00e0 notre \u00e9quipe d&rsquo;assistance.<\/p><\/div>\r\n\t\t\t\t\t<\/div>\r\n\t\t\t\t<\/div><\/div>","protected":false},"excerpt":{"rendered":"","protected":false},"author":9,"featured_media":0,"parent":2464,"menu_order":0,"comment_status":"closed","ping_status":"closed","template":"templates\/template-application-platform.php","meta":{"publish_to_discourse":"","publish_post_category":"","wpdc_auto_publish_overridden":"","wpdc_topic_tags":"","wpdc_pin_topic":"","wpdc_pin_until":"","discourse_post_id":"","discourse_permalink":"","wpdc_publishing_response":"","wpdc_publishing_error":"","footnotes":""},"class_list":["post-9668","page","type-page","status-publish","hentry"],"yoast_head":"<!-- This site is optimized with the Yoast SEO plugin v25.3.1 - https:\/\/yoast.com\/wordpress\/plugins\/seo\/ -->\n<title>Plugin WooCommerce Pinterest Feed pour votre site Web (2025)<\/title>\n<meta name=\"description\" content=\"Vous pouvez personnaliser le plugin Pinterest Feed en quelques clics et l&#039;int\u00e9grer \u00e0 votre site Web WooCommerce directement via la d\u00e9mo.\" \/>\n<meta name=\"robots\" content=\"index, follow, max-snippet:-1, max-image-preview:large, max-video-preview:-1\" \/>\n<link rel=\"canonical\" href=\"https:\/\/elfsight.com\/fr\/pinterest-feed-widget\/woocommerce\/\" \/>\n<meta property=\"og:locale\" content=\"fr_FR\" \/>\n<meta property=\"og:type\" content=\"article\" \/>\n<meta property=\"og:title\" content=\"Plugin WooCommerce Pinterest Feed pour votre site Web (2025)\" \/>\n<meta property=\"og:description\" content=\"Vous pouvez personnaliser le plugin Pinterest Feed en quelques clics et l&#039;int\u00e9grer \u00e0 votre site Web WooCommerce directement via la d\u00e9mo.\" \/>\n<meta property=\"og:url\" content=\"https:\/\/elfsight.com\/fr\/pinterest-feed-widget\/woocommerce\/\" \/>\n<meta property=\"og:site_name\" content=\"Elfsight FR\" \/>\n<meta property=\"article:modified_time\" content=\"2025-07-10T12:26:17+00:00\" \/>\n<meta name=\"twitter:card\" content=\"summary_large_image\" \/>\n<meta name=\"twitter:label1\" content=\"Dur\u00e9e de lecture estim\u00e9e\" \/>\n\t<meta name=\"twitter:data1\" content=\"3 minutes\" \/>\n<!-- \/ Yoast SEO plugin. -->","yoast_head_json":{"title":"Plugin WooCommerce Pinterest Feed pour votre site Web (2025)","description":"Vous pouvez personnaliser le plugin Pinterest Feed en quelques clics et l'int\u00e9grer \u00e0 votre site Web WooCommerce directement via la d\u00e9mo.","robots":{"index":"index","follow":"follow","max-snippet":"max-snippet:-1","max-image-preview":"max-image-preview:large","max-video-preview":"max-video-preview:-1"},"canonical":"https:\/\/elfsight.com\/fr\/pinterest-feed-widget\/woocommerce\/","og_locale":"fr_FR","og_type":"article","og_title":"Plugin WooCommerce Pinterest Feed pour votre site Web (2025)","og_description":"Vous pouvez personnaliser le plugin Pinterest Feed en quelques clics et l'int\u00e9grer \u00e0 votre site Web WooCommerce directement via la d\u00e9mo.","og_url":"https:\/\/elfsight.com\/fr\/pinterest-feed-widget\/woocommerce\/","og_site_name":"Elfsight FR","article_modified_time":"2025-07-10T12:26:17+00:00","twitter_card":"summary_large_image","twitter_misc":{"Dur\u00e9e de lecture estim\u00e9e":"3 minutes"},"schema":{"@context":"https:\/\/schema.org","@graph":[{"@type":"WebPage","@id":"https:\/\/elfsight.com\/fr\/pinterest-feed-widget\/woocommerce\/","url":"https:\/\/elfsight.com\/fr\/pinterest-feed-widget\/woocommerce\/","name":"Plugin WooCommerce Pinterest Feed pour votre site Web (2025)","isPartOf":{"@id":"https:\/\/elfsight.com\/fr\/#website"},"datePublished":"1970-01-01T00:00:00+00:00","dateModified":"2025-07-10T12:26:17+00:00","description":"Vous pouvez personnaliser le plugin Pinterest Feed en quelques clics et l'int\u00e9grer \u00e0 votre site Web WooCommerce directement via la d\u00e9mo.","breadcrumb":{"@id":"https:\/\/elfsight.com\/fr\/pinterest-feed-widget\/woocommerce\/#breadcrumb"},"inLanguage":"fr-FR","potentialAction":[{"@type":"ReadAction","target":["https:\/\/elfsight.com\/fr\/pinterest-feed-widget\/woocommerce\/"]}]},{"@type":"BreadcrumbList","@id":"https:\/\/elfsight.com\/fr\/pinterest-feed-widget\/woocommerce\/#breadcrumb","itemListElement":[{"@type":"ListItem","position":1,"name":"Home","item":"https:\/\/elfsight.com\/fr\/"},{"@type":"ListItem","position":2,"name":"Pinterest Feed","item":"https:\/\/elfsight.com\/fr\/pinterest-feed-widget\/"},{"@type":"ListItem","position":3,"name":"Pinterest Feed &#8211; WooCommerce"}]},{"@type":"WebSite","@id":"https:\/\/elfsight.com\/fr\/#website","url":"https:\/\/elfsight.com\/fr\/","name":"Elfsight FR","description":"","potentialAction":[{"@type":"SearchAction","target":{"@type":"EntryPoint","urlTemplate":"https:\/\/elfsight.com\/fr\/?s={search_term_string}"},"query-input":{"@type":"PropertyValueSpecification","valueRequired":true,"valueName":"search_term_string"}}],"inLanguage":"fr-FR"}]}},"meta_box":{"industry":"","seo_heading":"","heading":"","description":"","cta_heading":"","cta_description":"","application":"2463","h1":"Plugin de flux Pinterest WooCommerce","h1_caption":"Int\u00e9grez un flux d'\u00e9pingles de votre compte Pinterest pour afficher sans effort un contenu dynamique et visuellement attrayant sur votre site Web WooCommerce.","application_category":[],"applications_title":"","applications_request_title":"","applications_request_button_text":"","hero_text":"","hero_video":"","hero_video_schema_markup":"","selling_points_title":"","selling_points_caption":"","selling_points":[],"selling_points_cta_text":"","features_title":"","features":"","ed_cta_examples_text":"","ed_cta_examples_hidden":"","ed_cta_demo_text":"","ed_cta_demo_hidden":"","why_caption":"","why_editor_title":"","why_editor_text":"","why_team_title":"","why_team_text":"","why_service_title":"","why_service_text":"","template_catalog_visible":"","template_catalog_title":"","template_catalog_text":"","template_catalog_categories_visible":"","demo_title":"Cr\u00e9ez votre application Pinterest Feed","demo_caption":"Configurez votre flux Pinterest et ajoutez-le \u00e0 votre site Web WooCommerce gratuitement !","default_faq_hidden":"","app_template_category":[],"platform":"397","template_public_id":"","codecanyon_url":"","codecanyon_item_id":"","codecanyon_price":"","pricing_caption":"","pricing_elfsight_apps_hide_column":"","pricing_elfsight_apps_url":"","pricing_codecanyon_price_caption":"","integration_category":[],"integration_request_title":"","integration_request_cta":"","integration_platform":"","integrations":[],"platform_category":[],"video_schema_markup":"","price":"\u00e0 partir de 0$ \/ mois","trial":"","benefits":[{"text":"Assistance \u00e0 l'installation gratuite"},{"text":"Support client exp\u00e9riment\u00e9"},{"text":"Garantie de remboursement de 14 jours"},{"text":"Mise \u00e0 jour constante"}],"button_url":"","button_target_blank":"","button_nofollow":"","attributes":[{"name":"Installations","content":"10,000 - 100,000"},{"name":"Sensible","content":"Oui"},{"name":"Navigateurs compatibles","content":"Firefox, Safari, Opera, Chrome, Edge"}],"tags":[],"tags_disable_links":"","hide_more_platforms":"","video_object":"","demo_hide_cta":"","demo_hide_cloud_options":"","pricing_title":"","pricing":[{"pricing_icon":"platform","pricing_title":"Elfsight Apps","pricing_title_caption":"Version ind\u00e9pendante de la plate-forme qui fonctionne sur n'importe quel site","pricing_price":"from $0 \/ month","pricing_price_caption":"commencez avec un forfait gratuit","pricing_benefits":[{"text":"Domaines illimit\u00e9s"},{"text":"Support professionnel de l\u2019entreprise et bien document\u00e9"},{"text":"Aide \u00e0 l'installation gratuite"},{"text":"Conception flexible"}],"pricing_button_text":"Ajouter au site Web","pricing_button_url":"#demo"}],"related_apps_title":"","related_apps_hidden":"","author":"","image":[],"title":"","job":"","social_networks":[]},"_links":{"self":[{"href":"https:\/\/elfsight.com\/fr\/wp-json\/wp\/v2\/pages\/9668","targetHints":{"allow":["GET"]}}],"collection":[{"href":"https:\/\/elfsight.com\/fr\/wp-json\/wp\/v2\/pages"}],"about":[{"href":"https:\/\/elfsight.com\/fr\/wp-json\/wp\/v2\/types\/page"}],"author":[{"embeddable":true,"href":"https:\/\/elfsight.com\/fr\/wp-json\/wp\/v2\/users\/9"}],"replies":[{"embeddable":true,"href":"https:\/\/elfsight.com\/fr\/wp-json\/wp\/v2\/comments?post=9668"}],"version-history":[{"count":1,"href":"https:\/\/elfsight.com\/fr\/wp-json\/wp\/v2\/pages\/9668\/revisions"}],"predecessor-version":[{"id":9672,"href":"https:\/\/elfsight.com\/fr\/wp-json\/wp\/v2\/pages\/9668\/revisions\/9672"}],"up":[{"embeddable":true,"href":"https:\/\/elfsight.com\/fr\/wp-json\/wp\/v2\/pages\/2464"}],"wp:attachment":[{"href":"https:\/\/elfsight.com\/fr\/wp-json\/wp\/v2\/media?parent=9668"}],"curies":[{"name":"wp","href":"https:\/\/api.w.org\/{rel}","templated":true}]}}