{"id":9661,"date":"1970-01-01T00:00:00","date_gmt":"1970-01-01T00:00:00","guid":{"rendered":"https:\/\/elfsight.com\/fr\/?page_id=9661"},"modified":"2025-07-10T12:23:10","modified_gmt":"2025-07-10T12:23:10","slug":"godaddy","status":"publish","type":"page","link":"https:\/\/elfsight.com\/fr\/pinterest-feed-widget\/godaddy\/","title":{"rendered":"Pinterest Feed  &#8211; GoDaddy"},"content":{"rendered":"<div class=\"application-platform-content-item-description application-platform-content-item\" id=\"description\" data-nav-section=\"description\"> <h2>Int\u00e9grer le flux Pinterest sur GoDaddy avec le widget Elfsight<\/h2> <p>Le flux Pinterest Elfsight permet d&rsquo;afficher votre profil ainsi que les \u00e9pingles et les tableaux. de Pinterest sur votre site. En utilisant notre plugin, vous pouvez non seulement introduire votre compte Pinterest mais \u00e9galement trier les \u00e9pingles et les tableaux pour avoir des collections de photos pour votre site Web. Exposez vos offres, motivez vos clients \u00e0 d\u00e9couvrir de nouvelles inspirations ou visualisez simplement votre site internet. Un flux Pinterest flexible vous aidera \u00e0 augmenter la couverture de vos supports visuels, \u00e0 augmenter le niveau d&rsquo;engagement sur votre site Web et \u00e0 augmenter le nombre d&rsquo;abonn\u00e9s sur Pinterest.<\/p> <p><b> Ajoutez imm\u00e9diatement et facilement des images de Pinterest \u00e0 votre site Web.<\/b><\/p> <\/div> <div class=\"application-platform-content-item-features application-platform-content-item\" id=\"features\" data-nav-section=\"features\"> <h2>Nous proposons des fonctionnalit\u00e9s utiles et simples, en voici quelques-unes\u00a0: <\/h2> <ul><li>Ajouter des \u00e9pingles et des tableaux par URL\u00a0; <\/li><li>Choisissez la couleur du th\u00e8me principal\u00a0;<\/li><li>Afficher ou masquer l&rsquo;en-t\u00eate\u00a0;<\/li><li>Cliquez sur l&rsquo;image pour l&rsquo;ouvrir sur Pinterest\u00a0;<\/li><\/ul> <p><a href=\"#demo\">Vous pouvez d\u00e9couvrir toutes les fonctionnalit\u00e9s du plugin dans la d\u00e9mo ici<\/a><\/p> <\/div> <div class=\"application-platform-content-item-installation application-platform-content-item\" id=\"installation\" data-nav-section=\"installation\"> <h2> Comment ajouter un flux Pinterest sur mon site Web GoDaddy\u00a0? <\/h2> <p>Remplissez simplement les instructions ci-dessous pour commencer \u00e0 utiliser le plugin. <\/p> <ol><li><b>Lancez notre \u00e9diteur gratuit et commencez \u00e0 cr\u00e9er votre plugin sur mesure. <\/b><br> Recherchez l&rsquo;apparence et les sp\u00e9cifications pr\u00e9f\u00e9rables du plugin et appliquez les modifications. <\/li> <li><b>Acqu\u00e9rez votre code personnel apparaissant dans la fen\u00eatre sur Elfsight Apps. <\/b><br> Une fois la cr\u00e9ation de votre plugin personnel termin\u00e9e, copiez le code individuel de la bo\u00eete qui appara\u00eet et conservez-le pour une prochaine occasion. <\/li> <li><b>Commencez \u00e0 utiliser le plugin sur votre page Web GoDaddy. <\/b><br> Ajoutez le code enregistr\u00e9 r\u00e9cemment dans votre page Web et enregistrez les corrections. <\/li> <li><b>Fait\u00a0! L&rsquo;installation est termin\u00e9e avec succ\u00e8s. <\/b><br> Acc\u00e9dez \u00e0 votre page Web pour examiner le fonctionnement du plugin. <\/li><\/ol> <p>En cas de complications, n&rsquo;h\u00e9sitez pas \u00e0 faire appel \u00e0 notre \u00e9quipe d&rsquo;assistance. Nos sp\u00e9cialistes souhaitent r\u00e9soudre toutes les difficult\u00e9s que vous pourriez rencontrer avec le produit. <\/p> <\/div><div class=\"faq\" data-component=\"FAQ\"><div class=\"faq-item\">\r\n\t\t\t\t\t<div class=\"faq-item-question\">\r\n\t\t\t\t\t\t<h3 class=\"faq-item-question-text\">Comment puis-je int\u00e9grer le flux Pinterest \u00e0 ma page d'accueil GoDaddy sans coder ?<\/h3>\r\n\r\n\t\t\t\t\t\t<div class=\"faq-item-question-icon\"><\/div>\r\n\t\t\t\t\t<\/div>\r\n\r\n\t\t\t\t\t<div class=\"faq-item-answer\">\r\n\t\t\t\t\t\t<div class=\"faq-item-answer-text\"><p>La soci\u00e9t\u00e9 Elfsight propose une solution qui vous permet de cr\u00e9er vous-m\u00eame un plugin Pinterest Feed, voyez \u00e0 quel point c&rsquo;est simple\u00a0: <\/p><ul><li>Acc\u00e9dez \u00e0 la d\u00e9mo en direct pour g\u00e9n\u00e9rer un widget Pinterest Feed que vous souhaitez ajouter sur la page d&rsquo;accueil de GoDaddy.<\/li><li>Choisissez l&rsquo;un de nos mod\u00e8les pr\u00e9d\u00e9finis et adaptez les param\u00e8tres du flux Pinterest, modifiez la disposition et la couleur des \u00e9l\u00e9ments, mettez \u00e0 jour votre contenu sans exp\u00e9rience de codage.<\/li><li>Enregistrez les param\u00e8tres que vous avez d\u00e9finis dans le flux Pinterest et obtenez le code du plugin pour l&rsquo;installation, qui peut \u00eatre simplement int\u00e9gr\u00e9 dans n&rsquo;importe quelle page d&rsquo;accueil de GoDaddy sans avoir besoin d&rsquo;acheter un abonnement payant. <\/li><\/ul><p>Gr\u00e2ce \u00e0 notre \u00e9diteur intuitif, tout internaute peut cr\u00e9er un flux Pinterest en ligne et le coller simplement sur la page Web GoDaddy. Il n&rsquo;est pas n\u00e9cessaire d&rsquo;obtenir un abonnement payant ou de soumettre les informations d&rsquo;identification de votre carte pour acc\u00e9der \u00e0 Elfsight Editor. Si vous rencontrez des obstacles de quelque nature que ce soit, n&rsquo;h\u00e9sitez pas \u00e0 vous adresser \u00e0 notre \u00e9quipe d&rsquo;assistance technique.<\/p><\/div>\r\n\t\t\t\t\t<\/div>\r\n\t\t\t\t<\/div><\/div>","protected":false},"excerpt":{"rendered":"","protected":false},"author":9,"featured_media":0,"parent":2464,"menu_order":0,"comment_status":"closed","ping_status":"closed","template":"templates\/template-application-platform.php","meta":{"publish_to_discourse":"","publish_post_category":"","wpdc_auto_publish_overridden":"","wpdc_topic_tags":"","wpdc_pin_topic":"","wpdc_pin_until":"","discourse_post_id":"","discourse_permalink":"","wpdc_publishing_response":"","wpdc_publishing_error":"","footnotes":""},"class_list":["post-9661","page","type-page","status-publish","hentry"],"yoast_head":"<!-- This site is optimized with the Yoast SEO plugin v25.3.1 - https:\/\/yoast.com\/wordpress\/plugins\/seo\/ -->\n<title>Plugin de flux Pinterest \u2013 Ajoutez le plugin de flux Pinterest au site Web GoDaddy\u00a0!<\/title>\n<meta name=\"description\" content=\"Ajoutez un plugin de flux Pinterest r\u00e9actif \u00e0 votre site Web GoDaddy en quelques \u00e9tapes simples ! Formez votre superbe mur social avec Elfsight\u00a0!\" \/>\n<meta name=\"robots\" content=\"index, follow, max-snippet:-1, max-image-preview:large, max-video-preview:-1\" \/>\n<link rel=\"canonical\" href=\"https:\/\/elfsight.com\/fr\/pinterest-feed-widget\/godaddy\/\" \/>\n<meta property=\"og:locale\" content=\"fr_FR\" \/>\n<meta property=\"og:type\" content=\"article\" \/>\n<meta property=\"og:title\" content=\"Plugin de flux Pinterest \u2013 Ajoutez le plugin de flux Pinterest au site Web GoDaddy\u00a0!\" \/>\n<meta property=\"og:description\" content=\"Ajoutez un plugin de flux Pinterest r\u00e9actif \u00e0 votre site Web GoDaddy en quelques \u00e9tapes simples ! Formez votre superbe mur social avec Elfsight\u00a0!\" \/>\n<meta property=\"og:url\" content=\"https:\/\/elfsight.com\/fr\/pinterest-feed-widget\/godaddy\/\" \/>\n<meta property=\"og:site_name\" content=\"Elfsight FR\" \/>\n<meta property=\"article:modified_time\" content=\"2025-07-10T12:23:10+00:00\" \/>\n<meta name=\"twitter:card\" content=\"summary_large_image\" \/>\n<meta name=\"twitter:label1\" content=\"Dur\u00e9e de lecture estim\u00e9e\" \/>\n\t<meta name=\"twitter:data1\" content=\"3 minutes\" \/>\n<!-- \/ Yoast SEO plugin. -->","yoast_head_json":{"title":"Plugin de flux Pinterest \u2013 Ajoutez le plugin de flux Pinterest au site Web GoDaddy\u00a0!","description":"Ajoutez un plugin de flux Pinterest r\u00e9actif \u00e0 votre site Web GoDaddy en quelques \u00e9tapes simples ! Formez votre superbe mur social avec Elfsight\u00a0!","robots":{"index":"index","follow":"follow","max-snippet":"max-snippet:-1","max-image-preview":"max-image-preview:large","max-video-preview":"max-video-preview:-1"},"canonical":"https:\/\/elfsight.com\/fr\/pinterest-feed-widget\/godaddy\/","og_locale":"fr_FR","og_type":"article","og_title":"Plugin de flux Pinterest \u2013 Ajoutez le plugin de flux Pinterest au site Web GoDaddy\u00a0!","og_description":"Ajoutez un plugin de flux Pinterest r\u00e9actif \u00e0 votre site Web GoDaddy en quelques \u00e9tapes simples ! Formez votre superbe mur social avec Elfsight\u00a0!","og_url":"https:\/\/elfsight.com\/fr\/pinterest-feed-widget\/godaddy\/","og_site_name":"Elfsight FR","article_modified_time":"2025-07-10T12:23:10+00:00","twitter_card":"summary_large_image","twitter_misc":{"Dur\u00e9e de lecture estim\u00e9e":"3 minutes"},"schema":{"@context":"https:\/\/schema.org","@graph":[{"@type":"WebPage","@id":"https:\/\/elfsight.com\/fr\/pinterest-feed-widget\/godaddy\/","url":"https:\/\/elfsight.com\/fr\/pinterest-feed-widget\/godaddy\/","name":"Plugin de flux Pinterest \u2013 Ajoutez le plugin de flux Pinterest au site Web GoDaddy\u00a0!","isPartOf":{"@id":"https:\/\/elfsight.com\/fr\/#website"},"datePublished":"1970-01-01T00:00:00+00:00","dateModified":"2025-07-10T12:23:10+00:00","description":"Ajoutez un plugin de flux Pinterest r\u00e9actif \u00e0 votre site Web GoDaddy en quelques \u00e9tapes simples ! Formez votre superbe mur social avec Elfsight\u00a0!","breadcrumb":{"@id":"https:\/\/elfsight.com\/fr\/pinterest-feed-widget\/godaddy\/#breadcrumb"},"inLanguage":"fr-FR","potentialAction":[{"@type":"ReadAction","target":["https:\/\/elfsight.com\/fr\/pinterest-feed-widget\/godaddy\/"]}]},{"@type":"BreadcrumbList","@id":"https:\/\/elfsight.com\/fr\/pinterest-feed-widget\/godaddy\/#breadcrumb","itemListElement":[{"@type":"ListItem","position":1,"name":"Home","item":"https:\/\/elfsight.com\/fr\/"},{"@type":"ListItem","position":2,"name":"Pinterest Feed","item":"https:\/\/elfsight.com\/fr\/pinterest-feed-widget\/"},{"@type":"ListItem","position":3,"name":"Pinterest Feed &#8211; GoDaddy"}]},{"@type":"WebSite","@id":"https:\/\/elfsight.com\/fr\/#website","url":"https:\/\/elfsight.com\/fr\/","name":"Elfsight FR","description":"","potentialAction":[{"@type":"SearchAction","target":{"@type":"EntryPoint","urlTemplate":"https:\/\/elfsight.com\/fr\/?s={search_term_string}"},"query-input":{"@type":"PropertyValueSpecification","valueRequired":true,"valueName":"search_term_string"}}],"inLanguage":"fr-FR"}]}},"meta_box":{"industry":"","seo_heading":"","heading":"","description":"","cta_heading":"","cta_description":"","application":"2463","h1":"Plugin de flux Pinterest GoDaddy","h1_caption":"Convertissez les visiteurs de votre site en abonn\u00e9s Pinterest","application_category":[],"applications_title":"","applications_request_title":"","applications_request_button_text":"","hero_text":"","hero_video":"","hero_video_schema_markup":"","selling_points_title":"","selling_points_caption":"","selling_points":[],"selling_points_cta_text":"","features_title":"","features":"","ed_cta_examples_text":"","ed_cta_examples_hidden":"","ed_cta_demo_text":"","ed_cta_demo_hidden":"","why_caption":"","why_editor_title":"","why_editor_text":"","why_team_title":"","why_team_text":"","why_service_title":"","why_service_text":"","template_catalog_visible":"","template_catalog_title":"","template_catalog_text":"","template_catalog_categories_visible":"","demo_title":"N'h\u00e9sitez pas \u00e0 cr\u00e9er votre propre flux Pinterest GoDaddy","demo_caption":"Adaptez-le et ajoutez l'outil sur votre page d'accueil en utilisant la d\u00e9mo active.","default_faq_hidden":"","app_template_category":[],"platform":"370","template_public_id":"","codecanyon_url":"","codecanyon_item_id":"","codecanyon_price":"","pricing_caption":"","pricing_elfsight_apps_hide_column":"","pricing_elfsight_apps_url":"","pricing_codecanyon_price_caption":"","integration_category":[],"integration_request_title":"","integration_request_cta":"","integration_platform":"","integrations":[],"platform_category":[],"video_schema_markup":"","price":"\u00e0 partir de 0$ \/ mois","trial":"","benefits":[{"text":"Aide \u00e0 l'installation gratuite"},{"text":"Support client exp\u00e9riment\u00e9"},{"text":"Garantie de remboursement de 14 jours"},{"text":"Mises \u00e0 jour gratuites \u00e0 vie"}],"button_url":"","button_target_blank":"","button_nofollow":"","attributes":[{"name":"Installations","content":"10,000 - 100,000"},{"name":"Sensible","content":"Oui"},{"name":"Navigateurs compatibles","content":"IE11, Firefox, Safari, Opera, Chrome, Edge"}],"tags":[],"tags_disable_links":"","hide_more_platforms":"","video_object":"","demo_hide_cta":"","demo_hide_cloud_options":"","pricing_title":"","pricing":[{"pricing_icon":"platform","pricing_title":"Elfsight Apps","pricing_title_caption":"Solution ind\u00e9pendante de la plateforme","pricing_price":"from $0 \/ month","pricing_price_caption":"commencez avec un forfait gratuit","pricing_benefits":[{"text":"Domaines illimit\u00e9s"},{"text":"Support client rapide et bien document\u00e9"},{"text":"Assistance \u00e0 l'installation gratuite"},{"text":"100% personnalisable"}],"pricing_button_text":"Ajouter au site Web","pricing_button_url":"#demo"}],"related_apps_title":"","related_apps_hidden":"","author":"","image":[],"title":"","job":"","social_networks":[]},"_links":{"self":[{"href":"https:\/\/elfsight.com\/fr\/wp-json\/wp\/v2\/pages\/9661","targetHints":{"allow":["GET"]}}],"collection":[{"href":"https:\/\/elfsight.com\/fr\/wp-json\/wp\/v2\/pages"}],"about":[{"href":"https:\/\/elfsight.com\/fr\/wp-json\/wp\/v2\/types\/page"}],"author":[{"embeddable":true,"href":"https:\/\/elfsight.com\/fr\/wp-json\/wp\/v2\/users\/9"}],"replies":[{"embeddable":true,"href":"https:\/\/elfsight.com\/fr\/wp-json\/wp\/v2\/comments?post=9661"}],"version-history":[{"count":1,"href":"https:\/\/elfsight.com\/fr\/wp-json\/wp\/v2\/pages\/9661\/revisions"}],"predecessor-version":[{"id":9665,"href":"https:\/\/elfsight.com\/fr\/wp-json\/wp\/v2\/pages\/9661\/revisions\/9665"}],"up":[{"embeddable":true,"href":"https:\/\/elfsight.com\/fr\/wp-json\/wp\/v2\/pages\/2464"}],"wp:attachment":[{"href":"https:\/\/elfsight.com\/fr\/wp-json\/wp\/v2\/media?parent=9661"}],"curies":[{"name":"wp","href":"https:\/\/api.w.org\/{rel}","templated":true}]}}