{"id":9660,"date":"1970-01-01T00:00:00","date_gmt":"1970-01-01T00:00:00","guid":{"rendered":"https:\/\/elfsight.com\/fr\/?page_id=9660"},"modified":"2025-07-10T12:25:23","modified_gmt":"2025-07-10T12:25:23","slug":"prestashop","status":"publish","type":"page","link":"https:\/\/elfsight.com\/fr\/pinterest-feed-widget\/prestashop\/","title":{"rendered":"Pinterest Feed &#8211; PrestaShop"},"content":{"rendered":"<div class=\"application-platform-content-item-description application-platform-content-item\" id=\"description\" data-nav-section=\"description\"> <h2>Description<\/h2> <p>Elfsight Pinterest Feed pour Prestashop est un module visant \u00e0 vous accompagner pour tous vos besoins actuels en mati\u00e8re de collecte d&rsquo;impressions et de demandes des utilisateurs de votre site. Pr\u00e9sentez les \u00e9l\u00e9ments n\u00e9cessaires \u00e0 remplir, s\u00e9lectionnez le mod\u00e8le pr\u00e9f\u00e9r\u00e9 et personnalisez l&rsquo;interface pour inciter encore plus vos clients \u00e0 laisser des demandes pour les services de votre entreprise. Notre flux Pinterest est con\u00e7u pour r\u00e9pondre \u00e0 toutes vos demandes de collecte de commentaires et d&rsquo;\u00eatre en contact avec vos clients. <\/p><p><b>Avec Pinterest Feed, ayez un d\u00e9veloppement commercial actif et des ventes plus \u00e9lev\u00e9es <\/b><\/p> <\/div> <div class=\"application-platform-content-item-features application-platform-content-item\" id=\"features\" data-nav-section=\"features\"> <h2>Consultez la liste des plus fonctionnalit\u00e9s utiles\u00a0: <\/h2> <ul><li>Int\u00e9grez votre compte Pinterest \u00e0 votre site Web<\/li><li>Ajoutez vos propres \u00e9pingles ou tableaux ou ceux d&rsquo;autres utilisateurs par URL<\/li><li>Affichage du compte suivant les d\u00e9comptes , abonn\u00e9s et nom<\/li><li>Bouton Suivre sur l&rsquo;en-t\u00eate pour un suivi transparent de votre compte<\/li><li>Afficher ou masquer le nombre d&rsquo;\u00e9pingles et de tableaux<\/li><li>Afficher les tableaux par un ou unir toutes les \u00e9pingles d&rsquo;eux dans une seule grille<\/li><li>\u00c9l\u00e9ments d&rsquo;\u00e9pingles commutables\u00a0: ic\u00f4ne Pinterest, texte, bouton Partager, auteur<\/li><li>Cliquez sur l&rsquo;image et elle s&rsquo;ouvrira sur Pinterest<\/li><\/ul><p><a href=\"#demo\">Testez toutes les fonctionnalit\u00e9s de personnalisation dans une d\u00e9mo compl\u00e8te<\/a><\/p> <\/div> <div class=\"application-platform-content-item-installation application-platform-content-item\" id=\"installation\" data-nav-section=\"installation\"> <h2>Comment ajouter Pinterest Flux vers ma page Web PrestaShop ? <\/h2> <p>Suivez simplement les instructions ci-dessous pour ins\u00e9rer l&rsquo;addon. <\/p> <ol><li><b>Lancez notre \u00e9diteur gratuit et commencez \u00e0 cr\u00e9er votre propre instrument. <\/b><br> D\u00e9terminez la conception et les options s\u00e9lectionn\u00e9es de l&rsquo;outil et enregistrez les corrections. <\/li> <li><b>Obtenez votre code personnel qui est affich\u00e9 dans la case sur les applications Elfsight. <\/b><br> Une fois la configuration de votre widget personnel termin\u00e9e, copiez le code individuel dans la fen\u00eatre qui appara\u00eet et conservez-le pour une utilisation ult\u00e9rieure. <\/li> <li><b>Commencez \u00e0 utiliser le widget sur votre page Web PrestaShop. <\/b><br> Saisissez le code que vous avez enregistr\u00e9 r\u00e9cemment sur votre site Web et enregistrez les modifications. <\/li> <li><b>Vous avez termin\u00e9\u00a0! L&rsquo;int\u00e9gration est enti\u00e8rement termin\u00e9e. <\/b><br> Acc\u00e9dez \u00e0 votre site Web pour voir comment fonctionne le module compl\u00e9mentaire. <\/li><\/ol> <p>Si vous rencontrez des obstacles, veuillez contacter notre service client. Nos collaborateurs seront ravis de r\u00e9soudre toutes les questions que vous pourriez avoir avec l&rsquo;addon. <\/p> <\/div><div class=\"faq\" data-component=\"FAQ\"><div class=\"faq-item\">\r\n\t\t\t\t\t<div class=\"faq-item-question\">\r\n\t\t\t\t\t\t<h3 class=\"faq-item-question-text\">Comment puis-je ajouter Pinterest Feed \u00e0 mon site PrestaShop sans coder ?<\/h3>\r\n\r\n\t\t\t\t\t\t<div class=\"faq-item-question-icon\"><\/div>\r\n\t\t\t\t\t<\/div>\r\n\r\n\t\t\t\t\t<div class=\"faq-item-answer\">\r\n\t\t\t\t\t\t<div class=\"faq-item-answer-text\"><p>La soci\u00e9t\u00e9 Elfsight pr\u00e9sente une solution Cloud qui permet \u00e0 l&rsquo;utilisateur de cr\u00e9er vous-m\u00eame un plugin Pinterest Feed, regardez les instructions simples\u00a0: <\/p><ul><li>Commencez \u00e0 travailler dans l&rsquo;\u00e9diteur en ligne pour cr\u00e9er un plugin Pinterest Feed que vous aimeriez voir sur votre site PrestaShop.<\/li><li>S\u00e9lectionnez l&rsquo;un des mod\u00e8les pr\u00eats \u00e0 l&#8217;emploi et adaptez les param\u00e8tres du flux Pinterest, mettez \u00e0 jour votre contenu, modifiez la mise en page et les couleurs sans exp\u00e9rience de codage.<\/li><li>Cliquez pour enregistrer le flux Pinterest et copiez le code du plugin pour int\u00e9gration, qui peut \u00eatre facilement int\u00e9gr\u00e9e gratuitement au site PrestaShop. <\/li><\/ul><p>En travaillant dans notre \u00e9diteur intuitif, chaque internaute peut cr\u00e9er un flux Pinterest en ligne et l&rsquo;int\u00e9grer facilement \u00e0 sa page d&rsquo;accueil PrestaShop. Il n&rsquo;est pas n\u00e9cessaire de payer ou de divulguer les informations d&rsquo;identification de votre carte pour acc\u00e9der \u00e0 notre \u00e9diteur. Si vous rencontrez des probl\u00e8mes de quelque nature que ce soit, n&rsquo;h\u00e9sitez pas \u00e0 parler \u00e0 notre support technique client.<\/p><\/div>\r\n\t\t\t\t\t<\/div>\r\n\t\t\t\t<\/div><\/div>","protected":false},"excerpt":{"rendered":"","protected":false},"author":9,"featured_media":0,"parent":2464,"menu_order":0,"comment_status":"closed","ping_status":"closed","template":"templates\/template-application-platform.php","meta":{"publish_to_discourse":"","publish_post_category":"","wpdc_auto_publish_overridden":"","wpdc_topic_tags":"","wpdc_pin_topic":"","wpdc_pin_until":"","discourse_post_id":"","discourse_permalink":"","wpdc_publishing_response":"","wpdc_publishing_error":"","footnotes":""},"class_list":["post-9660","page","type-page","status-publish","hentry"],"yoast_head":"<!-- This site is optimized with the Yoast SEO plugin v25.3.1 - https:\/\/yoast.com\/wordpress\/plugins\/seo\/ -->\n<title>Pinterest Feed - Ajouter le module compl\u00e9mentaire Pinterest au site PrestaShop (2025)<\/title>\n<meta name=\"description\" content=\"Fa\u00e7onnez votre plugin Pinterest Feed pour PrestaShop et int\u00e9grez-le sur votre site Web. D\u00e9mo gratuite, aide \u00e0 l&#039;int\u00e9gration et plus de bonus d&#039;Elfsight\u00a0!\" \/>\n<meta name=\"robots\" content=\"index, follow, max-snippet:-1, max-image-preview:large, max-video-preview:-1\" \/>\n<link rel=\"canonical\" href=\"https:\/\/elfsight.com\/fr\/pinterest-feed-widget\/prestashop\/\" \/>\n<meta property=\"og:locale\" content=\"fr_FR\" \/>\n<meta property=\"og:type\" content=\"article\" \/>\n<meta property=\"og:title\" content=\"Pinterest Feed - Ajouter le module compl\u00e9mentaire Pinterest au site PrestaShop (2025)\" \/>\n<meta property=\"og:description\" content=\"Fa\u00e7onnez votre plugin Pinterest Feed pour PrestaShop et int\u00e9grez-le sur votre site Web. D\u00e9mo gratuite, aide \u00e0 l&#039;int\u00e9gration et plus de bonus d&#039;Elfsight\u00a0!\" \/>\n<meta property=\"og:url\" content=\"https:\/\/elfsight.com\/fr\/pinterest-feed-widget\/prestashop\/\" \/>\n<meta property=\"og:site_name\" content=\"Elfsight FR\" \/>\n<meta property=\"article:modified_time\" content=\"2025-07-10T12:25:23+00:00\" \/>\n<meta name=\"twitter:card\" content=\"summary_large_image\" \/>\n<meta name=\"twitter:label1\" content=\"Dur\u00e9e de lecture estim\u00e9e\" \/>\n\t<meta name=\"twitter:data1\" content=\"3 minutes\" \/>\n<!-- \/ Yoast SEO plugin. -->","yoast_head_json":{"title":"Pinterest Feed - Ajouter le module compl\u00e9mentaire Pinterest au site PrestaShop (2025)","description":"Fa\u00e7onnez votre plugin Pinterest Feed pour PrestaShop et int\u00e9grez-le sur votre site Web. D\u00e9mo gratuite, aide \u00e0 l'int\u00e9gration et plus de bonus d'Elfsight\u00a0!","robots":{"index":"index","follow":"follow","max-snippet":"max-snippet:-1","max-image-preview":"max-image-preview:large","max-video-preview":"max-video-preview:-1"},"canonical":"https:\/\/elfsight.com\/fr\/pinterest-feed-widget\/prestashop\/","og_locale":"fr_FR","og_type":"article","og_title":"Pinterest Feed - Ajouter le module compl\u00e9mentaire Pinterest au site PrestaShop (2025)","og_description":"Fa\u00e7onnez votre plugin Pinterest Feed pour PrestaShop et int\u00e9grez-le sur votre site Web. D\u00e9mo gratuite, aide \u00e0 l'int\u00e9gration et plus de bonus d'Elfsight\u00a0!","og_url":"https:\/\/elfsight.com\/fr\/pinterest-feed-widget\/prestashop\/","og_site_name":"Elfsight FR","article_modified_time":"2025-07-10T12:25:23+00:00","twitter_card":"summary_large_image","twitter_misc":{"Dur\u00e9e de lecture estim\u00e9e":"3 minutes"},"schema":{"@context":"https:\/\/schema.org","@graph":[{"@type":"WebPage","@id":"https:\/\/elfsight.com\/fr\/pinterest-feed-widget\/prestashop\/","url":"https:\/\/elfsight.com\/fr\/pinterest-feed-widget\/prestashop\/","name":"Pinterest Feed - Ajouter le module compl\u00e9mentaire Pinterest au site PrestaShop (2025)","isPartOf":{"@id":"https:\/\/elfsight.com\/fr\/#website"},"datePublished":"1970-01-01T00:00:00+00:00","dateModified":"2025-07-10T12:25:23+00:00","description":"Fa\u00e7onnez votre plugin Pinterest Feed pour PrestaShop et int\u00e9grez-le sur votre site Web. D\u00e9mo gratuite, aide \u00e0 l'int\u00e9gration et plus de bonus d'Elfsight\u00a0!","breadcrumb":{"@id":"https:\/\/elfsight.com\/fr\/pinterest-feed-widget\/prestashop\/#breadcrumb"},"inLanguage":"fr-FR","potentialAction":[{"@type":"ReadAction","target":["https:\/\/elfsight.com\/fr\/pinterest-feed-widget\/prestashop\/"]}]},{"@type":"BreadcrumbList","@id":"https:\/\/elfsight.com\/fr\/pinterest-feed-widget\/prestashop\/#breadcrumb","itemListElement":[{"@type":"ListItem","position":1,"name":"Home","item":"https:\/\/elfsight.com\/fr\/"},{"@type":"ListItem","position":2,"name":"Pinterest Feed","item":"https:\/\/elfsight.com\/fr\/pinterest-feed-widget\/"},{"@type":"ListItem","position":3,"name":"Pinterest Feed &#8211; PrestaShop"}]},{"@type":"WebSite","@id":"https:\/\/elfsight.com\/fr\/#website","url":"https:\/\/elfsight.com\/fr\/","name":"Elfsight FR","description":"","potentialAction":[{"@type":"SearchAction","target":{"@type":"EntryPoint","urlTemplate":"https:\/\/elfsight.com\/fr\/?s={search_term_string}"},"query-input":{"@type":"PropertyValueSpecification","valueRequired":true,"valueName":"search_term_string"}}],"inLanguage":"fr-FR"}]}},"meta_box":{"industry":"","seo_heading":"","heading":"","description":"","cta_heading":"","cta_description":"","application":"2463","h1":"Module compl\u00e9mentaire de flux Pinterest PrestaShop","h1_caption":"Int\u00e9grez un flux d'\u00e9pingles de votre compte Pinterest pour afficher sans effort du contenu dynamique et visuellement attrayant sur votre site Web Prestashop.","application_category":[],"applications_title":"","applications_request_title":"","applications_request_button_text":"","hero_text":"","hero_video":"","hero_video_schema_markup":"","selling_points_title":"","selling_points_caption":"","selling_points":[],"selling_points_cta_text":"","features_title":"","features":"","ed_cta_examples_text":"","ed_cta_examples_hidden":"","ed_cta_demo_text":"","ed_cta_demo_hidden":"","why_caption":"","why_editor_title":"","why_editor_text":"","why_team_title":"","why_team_text":"","why_service_title":"","why_service_text":"","template_catalog_visible":"","template_catalog_title":"","template_catalog_text":"","template_catalog_categories_visible":"","demo_title":"Cr\u00e9ez votre module compl\u00e9mentaire de flux Pinterest","demo_caption":"Configurez votre flux Pinterest et ajoutez-le gratuitement \u00e0 votre site PrestaShop !","default_faq_hidden":"","app_template_category":[],"platform":"3190","template_public_id":"","codecanyon_url":"","codecanyon_item_id":"","codecanyon_price":"","pricing_caption":"","pricing_elfsight_apps_hide_column":"","pricing_elfsight_apps_url":"","pricing_codecanyon_price_caption":"","integration_category":[],"integration_request_title":"","integration_request_cta":"","integration_platform":"","integrations":[],"platform_category":[],"video_schema_markup":"","price":"\u00e0 partir de 0$ \/ mois","trial":"","benefits":[{"text":"Service d'installation gratuit"},{"text":"Service client efficace"},{"text":"Garantie de remboursement de 14 jours"},{"text":"Mises \u00e0 jour continues"}],"button_url":"","button_target_blank":"","button_nofollow":"","attributes":[{"name":"Installations","content":"10,000 - 100,000"},{"name":"Sensible","content":"Oui"},{"name":"Navigateurs compatibles","content":"Firefox, Safari, Opera, Chrome, Edge"}],"tags":[],"tags_disable_links":"","hide_more_platforms":"","video_object":"","demo_hide_cta":"","demo_hide_cloud_options":"","pricing_title":"","pricing":[{"pricing_icon":"platform","pricing_title":"Elfsight Apps","pricing_title_caption":"Solution ind\u00e9pendante de la plate-forme qui fonctionne sur n'importe quel site Web","pricing_price":"from $0 \/ month","pricing_price_caption":"commencez avec un forfait gratuit","pricing_benefits":[{"text":"Domaines illimit\u00e9s"},{"text":"Support client rapide"},{"text":"Assistance \u00e0 l'installation gratuite"},{"text":"Conception flexible"}],"pricing_button_text":"Ajouter au site Web","pricing_button_url":"#demo"}],"related_apps_title":"","related_apps_hidden":"","author":"","image":[],"title":"","job":"","social_networks":[]},"_links":{"self":[{"href":"https:\/\/elfsight.com\/fr\/wp-json\/wp\/v2\/pages\/9660","targetHints":{"allow":["GET"]}}],"collection":[{"href":"https:\/\/elfsight.com\/fr\/wp-json\/wp\/v2\/pages"}],"about":[{"href":"https:\/\/elfsight.com\/fr\/wp-json\/wp\/v2\/types\/page"}],"author":[{"embeddable":true,"href":"https:\/\/elfsight.com\/fr\/wp-json\/wp\/v2\/users\/9"}],"replies":[{"embeddable":true,"href":"https:\/\/elfsight.com\/fr\/wp-json\/wp\/v2\/comments?post=9660"}],"version-history":[{"count":1,"href":"https:\/\/elfsight.com\/fr\/wp-json\/wp\/v2\/pages\/9660\/revisions"}],"predecessor-version":[{"id":9664,"href":"https:\/\/elfsight.com\/fr\/wp-json\/wp\/v2\/pages\/9660\/revisions\/9664"}],"up":[{"embeddable":true,"href":"https:\/\/elfsight.com\/fr\/wp-json\/wp\/v2\/pages\/2464"}],"wp:attachment":[{"href":"https:\/\/elfsight.com\/fr\/wp-json\/wp\/v2\/media?parent=9660"}],"curies":[{"name":"wp","href":"https:\/\/api.w.org\/{rel}","templated":true}]}}