{"id":9659,"date":"1970-01-01T00:00:00","date_gmt":"1970-01-01T00:00:00","guid":{"rendered":"https:\/\/elfsight.com\/fr\/?page_id=9659"},"modified":"2025-07-10T12:24:23","modified_gmt":"2025-07-10T12:24:23","slug":"jimdo","status":"publish","type":"page","link":"https:\/\/elfsight.com\/fr\/pinterest-feed-widget\/jimdo\/","title":{"rendered":"Pinterest Feed &#8211; Jimdo"},"content":{"rendered":"<div class=\"application-platform-content-item-description application-platform-content-item\" id=\"description\" data-nav-section=\"description\"><h2>Description<\/h2> <p>Elfsight Pinterest Feed pour Jimdo est un module dont le but est de vous aider avec toutes les demandes en cours de collecte d&rsquo;impressions. et les demandes des visiteurs de votre site. Affichez les \u00e9l\u00e9ments cruciaux \u00e0 remplir, choisissez votre mod\u00e8le appropri\u00e9 et personnalisez l&rsquo;interface pour motiver vos utilisateurs \u00e0 laisser des requ\u00eates sur les services de votre entreprise. Le flux Pinterest est con\u00e7u pour r\u00e9pondre \u00e0 tous vos besoins de collecte de commentaires et de rester toujours en lien avec votre audience. <\/p><p><b>Rendez votre site plus efficace pour atteindre vos objectifs de commerce \u00e9lectronique avec Pinterest Feed.<\/b><\/p> <\/div> <div class=\"application-platform-content-item-features application-platform-content-item\" id=\"features\" data-nav-section=\"features\"> <h2>Ce ne sont que plusieurs des nombreuses fonctionnalit\u00e9s des widgets\u00a0: <\/h2> <ul><li>Int\u00e9grez votre compte Pinterest \u00e0 votre site Web<\/li><li>Ajoutez vos propres \u00e9pingles ou tableaux ou ceux d&rsquo;autres utilisateurs par URL<\/li><li>Affichage du nombre de comptes, du nom et des abonn\u00e9s<\/li><li>Bouton Suivre sur l&rsquo;en-t\u00eate pour un suivi transparent de votre compte<\/li><li>Afficher ou masquer le nombre de tableaux et d&rsquo;\u00e9pingles<\/li><li>Afficher les tableaux par une ou unissez toutes les \u00e9pingles dans une seule grille<\/li><li>\u00c9l\u00e9ments d&rsquo;\u00e9pingles commutables\u00a0: ic\u00f4ne Pinterest, texte, bouton Partager, auteur<\/li><li>Cliquez sur l&rsquo;image pour l&rsquo;ouvrir sur Pinterest<\/li><ul><p><a href=\"#demo\">Vous pouvez tester toutes les fonctionnalit\u00e9s du widget dans la d\u00e9mo ici<\/a><\/p> <\/div> <div class=\"application-platform-content-item-installation application-platform-content-item\" id=\"installation\" data-nav-section=\"installation\"> <h2>Comment int\u00e9grer Pinterest Feed sur mon site Jimdo ? <\/h2> <p>Suivez simplement les instructions ci-dessous pour ins\u00e9rer l&rsquo;outil. <\/p> <ol><li><b>Ouvrez notre \u00e9diteur gratuit et commencez \u00e0 cr\u00e9er votre propre widget. <\/b><br> D\u00e9terminez la conception et les caract\u00e9ristiques appropri\u00e9es du widget et enregistrez les modifications. <\/li> <li><b>Acqu\u00e9rir le code unique qui appara\u00eet dans la case sur Elfsight Apps. <\/b><br> Une fois la cr\u00e9ation de votre outil termin\u00e9e, copiez le code individuel de la bo\u00eete qui appara\u00eet et enregistrez-le pour une utilisation ult\u00e9rieure. <\/li> <li><b>Commencez l&rsquo;application du widget sur votre site Jimdo. <\/b><br> Ajoutez le code que vous avez enregistr\u00e9 r\u00e9cemment dans votre page Web et enregistrez les modifications. <\/li> <li><b>Vous avez termin\u00e9\u00a0! L&rsquo;int\u00e9gration est pleinement r\u00e9alis\u00e9e. <\/b><br> Visitez votre page Web pour v\u00e9rifier le fonctionnement du widget. <\/li><\/ol> <p>\u00c0 condition d&rsquo;avoir des questions ou de rencontrer des difficult\u00e9s, n&rsquo;h\u00e9sitez pas \u00e0 \u00e9crire \u00e0 notre service client. Nos collaborateurs ont h\u00e2te de vous aider avec toutes les questions que vous pourriez avoir avec le widget. <\/p> <\/div>","protected":false},"excerpt":{"rendered":"","protected":false},"author":9,"featured_media":0,"parent":2464,"menu_order":0,"comment_status":"closed","ping_status":"closed","template":"templates\/template-application-platform.php","meta":{"publish_to_discourse":"","publish_post_category":"","wpdc_auto_publish_overridden":"","wpdc_topic_tags":"","wpdc_pin_topic":"","wpdc_pin_until":"","discourse_post_id":"","discourse_permalink":"","wpdc_publishing_response":"","wpdc_publishing_error":"","footnotes":""},"class_list":["post-9659","page","type-page","status-publish","hentry"],"yoast_head":"<!-- This site is optimized with the Yoast SEO plugin v25.3.1 - https:\/\/yoast.com\/wordpress\/plugins\/seo\/ -->\n<title>Flux Pinterest - Ajouter un widget Pinterest au site Jimdo (2025)<\/title>\n<meta name=\"description\" content=\"Cr\u00e9ez votre widget Pinterest Feed pour Jimdo et int\u00e9grez-le \u00e0 votre site Web. D\u00e9mo gratuite, aide \u00e0 l&#039;int\u00e9gration et plus de bonus d&#039;Elfsight\u00a0!\" \/>\n<meta name=\"robots\" content=\"index, follow, max-snippet:-1, max-image-preview:large, max-video-preview:-1\" \/>\n<link rel=\"canonical\" href=\"https:\/\/elfsight.com\/fr\/pinterest-feed-widget\/jimdo\/\" \/>\n<meta property=\"og:locale\" content=\"fr_FR\" \/>\n<meta property=\"og:type\" content=\"article\" \/>\n<meta property=\"og:title\" content=\"Flux Pinterest - Ajouter un widget Pinterest au site Jimdo (2025)\" \/>\n<meta property=\"og:description\" content=\"Cr\u00e9ez votre widget Pinterest Feed pour Jimdo et int\u00e9grez-le \u00e0 votre site Web. D\u00e9mo gratuite, aide \u00e0 l&#039;int\u00e9gration et plus de bonus d&#039;Elfsight\u00a0!\" \/>\n<meta property=\"og:url\" content=\"https:\/\/elfsight.com\/fr\/pinterest-feed-widget\/jimdo\/\" \/>\n<meta property=\"og:site_name\" content=\"Elfsight FR\" \/>\n<meta property=\"article:modified_time\" content=\"2025-07-10T12:24:23+00:00\" \/>\n<meta name=\"twitter:card\" content=\"summary_large_image\" \/>\n<meta name=\"twitter:label1\" content=\"Dur\u00e9e de lecture estim\u00e9e\" \/>\n\t<meta name=\"twitter:data1\" content=\"2 minutes\" \/>\n<!-- \/ Yoast SEO plugin. -->","yoast_head_json":{"title":"Flux Pinterest - Ajouter un widget Pinterest au site Jimdo (2025)","description":"Cr\u00e9ez votre widget Pinterest Feed pour Jimdo et int\u00e9grez-le \u00e0 votre site Web. D\u00e9mo gratuite, aide \u00e0 l'int\u00e9gration et plus de bonus d'Elfsight\u00a0!","robots":{"index":"index","follow":"follow","max-snippet":"max-snippet:-1","max-image-preview":"max-image-preview:large","max-video-preview":"max-video-preview:-1"},"canonical":"https:\/\/elfsight.com\/fr\/pinterest-feed-widget\/jimdo\/","og_locale":"fr_FR","og_type":"article","og_title":"Flux Pinterest - Ajouter un widget Pinterest au site Jimdo (2025)","og_description":"Cr\u00e9ez votre widget Pinterest Feed pour Jimdo et int\u00e9grez-le \u00e0 votre site Web. D\u00e9mo gratuite, aide \u00e0 l'int\u00e9gration et plus de bonus d'Elfsight\u00a0!","og_url":"https:\/\/elfsight.com\/fr\/pinterest-feed-widget\/jimdo\/","og_site_name":"Elfsight FR","article_modified_time":"2025-07-10T12:24:23+00:00","twitter_card":"summary_large_image","twitter_misc":{"Dur\u00e9e de lecture estim\u00e9e":"2 minutes"},"schema":{"@context":"https:\/\/schema.org","@graph":[{"@type":"WebPage","@id":"https:\/\/elfsight.com\/fr\/pinterest-feed-widget\/jimdo\/","url":"https:\/\/elfsight.com\/fr\/pinterest-feed-widget\/jimdo\/","name":"Flux Pinterest - Ajouter un widget Pinterest au site Jimdo (2025)","isPartOf":{"@id":"https:\/\/elfsight.com\/fr\/#website"},"datePublished":"1970-01-01T00:00:00+00:00","dateModified":"2025-07-10T12:24:23+00:00","description":"Cr\u00e9ez votre widget Pinterest Feed pour Jimdo et int\u00e9grez-le \u00e0 votre site Web. D\u00e9mo gratuite, aide \u00e0 l'int\u00e9gration et plus de bonus d'Elfsight\u00a0!","breadcrumb":{"@id":"https:\/\/elfsight.com\/fr\/pinterest-feed-widget\/jimdo\/#breadcrumb"},"inLanguage":"fr-FR","potentialAction":[{"@type":"ReadAction","target":["https:\/\/elfsight.com\/fr\/pinterest-feed-widget\/jimdo\/"]}]},{"@type":"BreadcrumbList","@id":"https:\/\/elfsight.com\/fr\/pinterest-feed-widget\/jimdo\/#breadcrumb","itemListElement":[{"@type":"ListItem","position":1,"name":"Home","item":"https:\/\/elfsight.com\/fr\/"},{"@type":"ListItem","position":2,"name":"Pinterest Feed","item":"https:\/\/elfsight.com\/fr\/pinterest-feed-widget\/"},{"@type":"ListItem","position":3,"name":"Pinterest Feed &#8211; Jimdo"}]},{"@type":"WebSite","@id":"https:\/\/elfsight.com\/fr\/#website","url":"https:\/\/elfsight.com\/fr\/","name":"Elfsight FR","description":"","potentialAction":[{"@type":"SearchAction","target":{"@type":"EntryPoint","urlTemplate":"https:\/\/elfsight.com\/fr\/?s={search_term_string}"},"query-input":{"@type":"PropertyValueSpecification","valueRequired":true,"valueName":"search_term_string"}}],"inLanguage":"fr-FR"}]}},"meta_box":{"industry":"","seo_heading":"","heading":"","description":"","cta_heading":"","cta_description":"","application":"2463","h1":"Widget de flux Pinterest Jimdo","h1_caption":"Int\u00e9grez un flux d'\u00e9pingles de votre compte Pinterest pour afficher sans effort du contenu dynamique et visuellement attrayant sur votre site Web Jimdo.","application_category":[],"applications_title":"","applications_request_title":"","applications_request_button_text":"","hero_text":"","hero_video":"","hero_video_schema_markup":"","selling_points_title":"","selling_points_caption":"","selling_points":[],"selling_points_cta_text":"","features_title":"","features":"","ed_cta_examples_text":"","ed_cta_examples_hidden":"","ed_cta_demo_text":"","ed_cta_demo_hidden":"","why_caption":"","why_editor_title":"","why_editor_text":"","why_team_title":"","why_team_text":"","why_service_title":"","why_service_text":"","template_catalog_visible":"","template_catalog_title":"","template_catalog_text":"","template_catalog_categories_visible":"","demo_title":"Cr\u00e9ez votre widget de flux Pinterest","demo_caption":"Configurez votre flux Pinterest et ajoutez-le gratuitement \u00e0 votre site Jimdo !","default_faq_hidden":"","app_template_category":[],"platform":"372","template_public_id":"","codecanyon_url":"","codecanyon_item_id":"","codecanyon_price":"","pricing_caption":"","pricing_elfsight_apps_hide_column":"","pricing_elfsight_apps_url":"","pricing_codecanyon_price_caption":"","integration_category":[],"integration_request_title":"","integration_request_cta":"","integration_platform":"","integrations":[],"platform_category":[],"video_schema_markup":"","price":"\u00e0 partir de 0$ \/ mois","trial":"","benefits":[{"text":"Aide \u00e0 l'installation gratuite"},{"text":"Service client professionnel"},{"text":"Garantie de remboursement de 14 jours"},{"text":"Am\u00e9liorations gratuites et continues"}],"button_url":"","button_target_blank":"","button_nofollow":"","attributes":[{"name":"Installations","content":"10,000 - 100,000"},{"name":"Sensible","content":"Oui"},{"name":"Navigateurs compatibles","content":"Firefox, Safari, Opera, Chrome, Edge"}],"tags":[],"tags_disable_links":"","hide_more_platforms":"","video_object":"","demo_hide_cta":"","demo_hide_cloud_options":"","pricing_title":"","pricing":[{"pricing_icon":"platform","pricing_title":"Elfsight Apps","pricing_title_caption":"Solution num\u00e9rique multiplateforme adapt\u00e9e \u00e0 tous les sites","pricing_price":"from $0 \/ month","pricing_price_caption":"commencez avec un forfait gratuit","pricing_benefits":[{"text":"Nombre illimit\u00e9 de sites Web"},{"text":"Support client professionnel"},{"text":"Assistance \u00e0 l'installation gratuite"},{"text":"Conception flexible"}],"pricing_button_text":"Ajouter au site Web","pricing_button_url":"#demo"}],"related_apps_title":"","related_apps_hidden":"","author":"","image":[],"title":"","job":"","social_networks":[]},"_links":{"self":[{"href":"https:\/\/elfsight.com\/fr\/wp-json\/wp\/v2\/pages\/9659","targetHints":{"allow":["GET"]}}],"collection":[{"href":"https:\/\/elfsight.com\/fr\/wp-json\/wp\/v2\/pages"}],"about":[{"href":"https:\/\/elfsight.com\/fr\/wp-json\/wp\/v2\/types\/page"}],"author":[{"embeddable":true,"href":"https:\/\/elfsight.com\/fr\/wp-json\/wp\/v2\/users\/9"}],"replies":[{"embeddable":true,"href":"https:\/\/elfsight.com\/fr\/wp-json\/wp\/v2\/comments?post=9659"}],"version-history":[{"count":1,"href":"https:\/\/elfsight.com\/fr\/wp-json\/wp\/v2\/pages\/9659\/revisions"}],"predecessor-version":[{"id":9663,"href":"https:\/\/elfsight.com\/fr\/wp-json\/wp\/v2\/pages\/9659\/revisions\/9663"}],"up":[{"embeddable":true,"href":"https:\/\/elfsight.com\/fr\/wp-json\/wp\/v2\/pages\/2464"}],"wp:attachment":[{"href":"https:\/\/elfsight.com\/fr\/wp-json\/wp\/v2\/media?parent=9659"}],"curies":[{"name":"wp","href":"https:\/\/api.w.org\/{rel}","templated":true}]}}