{"id":9597,"date":"1970-01-01T00:00:00","date_gmt":"1970-01-01T00:00:00","guid":{"rendered":"https:\/\/elfsight.com\/fr\/?page_id=9597"},"modified":"2025-07-10T08:29:35","modified_gmt":"2025-07-10T08:29:35","slug":"webflow","status":"publish","type":"page","link":"https:\/\/elfsight.com\/fr\/pdf-embed-widget\/webflow\/","title":{"rendered":"PDF Embed &#8211; Webflow"},"content":{"rendered":"<div class=\"application-platform-content-item-description application-platform-content-item\" id=\"description\" data-nav-section=\"description\"> <h2>Int\u00e9grer le PDF Int\u00e9grer sur Webflow avec le widget Elfsight<\/h2> <p>Gr\u00e2ce au widget Elfsight PDF, b\u00e9n\u00e9ficiez de l&rsquo;int\u00e9gration la plus pratique et la plus rapide de vos documents PDF dans les pages de votre site internet. Pour faciliter l&rsquo;utilisation, les documents peuvent \u00eatre ajout\u00e9s simplement en les t\u00e9l\u00e9chargeant, en saisissant les URL ou en les s\u00e9lectionnant parmi les derniers t\u00e9l\u00e9charg\u00e9s. Vous pouvez donner un nom \u00e0 chaque document, t\u00e9l\u00e9charger une ic\u00f4ne personnalis\u00e9e ou pr\u00e9visualiser une image, choisir une mise en page, etc. Vos visiteurs peuvent visualiser les documents directement sur la page, les ouvrir dans un nouvel onglet et les t\u00e9l\u00e9charger.<\/p> <div class=\"faq\" data-component=\"FAQ\"> <div class=\"faq-item\">\r\n\t\t\t\t\t<div class=\"faq-item-question\">\r\n\t\t\t\t\t\t<h3 class=\"faq-item-question-text\">O\u00f9 puis-je ins\u00e9rer le PDF Embed<\/h3>\r\n\r\n\t\t\t\t\t\t<div class=\"faq-item-question-icon\"><\/div>\r\n\t\t\t\t\t<\/div>\r\n\r\n\t\t\t\t\t<div class=\"faq-item-answer\">\r\n\t\t\t\t\t\t<div class=\"faq-item-answer-text\"> <p>Il est facile d&rsquo;afficher le widget File Embed sur toutes les pages de votre site Web. Par exemple, avec lui, vous pouvez int\u00e9grer les documents ou sp\u00e9cifications de votre produit sur les pages produits correspondantes, ou d\u00e9montrer vos dipl\u00f4mes et qualifications sur la page \u00c0 propos de nous.<\/p> <\/div>\r\n\t\t\t\t\t<\/div>\r\n\t\t\t\t<\/div> <div class=\"faq-item\">\r\n\t\t\t\t\t<div class=\"faq-item-question\">\r\n\t\t\t\t\t\t<h3 class=\"faq-item-question-text\">Quels avantages cela m'apportera-t-il ?<\/h3>\r\n\r\n\t\t\t\t\t\t<div class=\"faq-item-question-icon\"><\/div>\r\n\t\t\t\t\t<\/div>\r\n\r\n\t\t\t\t\t<div class=\"faq-item-answer\">\r\n\t\t\t\t\t\t<div class=\"faq-item-answer-text\"> <p>Le widget d&rsquo;Elfsight peut vous faire gagner beaucoup de temps, car gr\u00e2ce \u00e0 lui, l&rsquo;int\u00e9gration des mat\u00e9riaux dans votre site se fait en quelques secondes seulement. De plus, il vous aide \u00e0 fournir de nombreuses informations pr\u00e9cieuses sur vos offres et services et \u00e0 sensibiliser les clients \u00e0 vos articles.<\/p> <\/div>\r\n\t\t\t\t\t<\/div>\r\n\t\t\t\t<\/div> <div class=\"faq-item\">\r\n\t\t\t\t\t<div class=\"faq-item-question\">\r\n\t\t\t\t\t\t<h3 class=\"faq-item-question-text\">De quoi ai-je besoin pour ajouter un PDF Embed \u00e0 mon Webflow website?<\/h3>\r\n\r\n\t\t\t\t\t\t<div class=\"faq-item-question-icon\"><\/div>\r\n\t\t\t\t\t<\/div>\r\n\r\n\t\t\t\t\t<div class=\"faq-item-answer\">\r\n\t\t\t\t\t\t<div class=\"faq-item-answer-text\"> <p>L&rsquo;activation du widget ne prend qu&rsquo;une minute de votre temps. Le processus d&rsquo;int\u00e9gration est vraiment rapide, gratuit et sans codage. <\/p> <p>Vous pouvez introduire le widget sur le site Web via notre service. Suivez simplement le guide ci-dessous sur cette page.<\/p> <\/div>\r\n\t\t\t\t\t<\/div>\r\n\t\t\t\t<\/div> <\/div> <\/div> <div class=\"application-platform-content-item-features application-platform-content-item\" id=\"features\" data-nav-section=\"features\"> <h2>Principales fonctionnalit\u00e9s du widget PDF Embed<\/h2> <p> Pour avoir une meilleure id\u00e9e de PDF Embed, vous pouvez consulter la liste de ses fonctionnalit\u00e9s essentielles. Ils rendent ce widget vraiment efficace pour vous\u00a0: <\/p> <ul><li>Ajoutez un nombre illimit\u00e9 de fichiers\u00a0;<\/li> <li>Variante de pr\u00e9sentation de la visionneuse de fichiers pour visualiser des documents sur le site Web\u00a0;<\/li> <li>T\u00e9l\u00e9charger des images pour les ic\u00f4nes de fichiers et les aper\u00e7us\u00a0;<\/li> <li>Afficher ou d\u00e9sactiver l&rsquo;\u00e9tiquette de t\u00e9l\u00e9chargement du fichier\u00a0;<\/li> <li>Six \u00e9l\u00e9ments pouvant \u00eatre peints de l&rsquo;interface du widget\u00a0;<\/li> <\/ul><p><a href=\"#demo\">Notre d\u00e9mo vous d\u00e9voilera toutes les fonctionnalit\u00e9s<\/a><\/p> <\/div> <div class=\"application-platform-content-item-installation application-platform-content-item\" id=\"installation\" data-nav-section=\"installation\"> <h2>D\u00e9couvrez comment introduire la visionneuse PDF sur votre site Webflow<\/h2> <div class=\"video-container\"><iframe width=\"720\" height=\"405\" src=\"https:\/\/www.youtube.com\/embed\/9Xdf6c5M5DE\" frameborder=\"0\" allowfullscreen=\"\"><\/iframe><\/div><p>Les \u00e9tapes suivantes sont la seule chose que vous devez faire pour que le widget soit op\u00e9rationnel. <\/p> <ol><li><b>Cr\u00e9ez votre widget PDF personnalis\u00e9<\/b><br> Dans notre \u00e9diteur gratuit, cr\u00e9ez votre propre plugin, en choisissant les options de conception et de fonctionnalit\u00e9.<\/li><li><b>Recevez le code individuel pour installer le plugin<\/b><br> Apr\u00e8s avoir configur\u00e9 votre widget, vous obtiendrez votre code d&rsquo;installation dans la fen\u00eatre apparue sur Elfsight Apps. Copiez le code pour une utilisation ult\u00e9rieure.<\/li> <li><b> Le plugin sur votre site Webflow<\/b><br> Choisissez la zone dans laquelle vous pr\u00e9voyez d&rsquo;ajouter le plugin et collez-y le code enregistr\u00e9. Appliquez les r\u00e9sultats.<\/li> <li><b>Vous avez termin\u00e9\u00a0!<\/b><br> Rendez-vous dans votre magasin pour jeter un \u0153il \u00e0 votre travail.<\/li> <\/ol><p> Vous n&rsquo;arrivez toujours pas \u00e0 vous d\u00e9cider ? Ou avez-vous des questions \u00e0 poser ? Envoyez simplement une demande \u00e0 notre service client et il r\u00e9glera tout probl\u00e8me. <\/p> <\/div>","protected":false},"excerpt":{"rendered":"","protected":false},"author":9,"featured_media":0,"parent":2374,"menu_order":0,"comment_status":"closed","ping_status":"closed","template":"templates\/template-application-platform.php","meta":{"publish_to_discourse":"","publish_post_category":"","wpdc_auto_publish_overridden":"","wpdc_topic_tags":"","wpdc_pin_topic":"","wpdc_pin_until":"","discourse_post_id":"","discourse_permalink":"","wpdc_publishing_response":"","wpdc_publishing_error":"","footnotes":""},"class_list":["post-9597","page","type-page","status-publish","hentry"],"yoast_head":"<!-- This site is optimized with the Yoast SEO plugin v25.3.1 - https:\/\/yoast.com\/wordpress\/plugins\/seo\/ -->\n<title>PDF Viewer - Int\u00e9grer un widget PDF sur le site Web Webflow (gratuit et rapide)<\/title>\n<meta name=\"description\" content=\"Voici une opportunit\u00e9 de cr\u00e9er un widget PDF Viewer personnalis\u00e9 et de l&#039;int\u00e9grer \u00e0 votre site Web Webflow. B\u00e9n\u00e9ficiez d&#039;un support client gratuit et d&#039;autres bonus d&#039;Elfsight.\" \/>\n<meta name=\"robots\" content=\"index, follow, max-snippet:-1, max-image-preview:large, max-video-preview:-1\" \/>\n<link rel=\"canonical\" href=\"https:\/\/elfsight.com\/fr\/pdf-embed-widget\/webflow\/\" \/>\n<meta property=\"og:locale\" content=\"fr_FR\" \/>\n<meta property=\"og:type\" content=\"article\" \/>\n<meta property=\"og:title\" content=\"PDF Viewer - Int\u00e9grer un widget PDF sur le site Web Webflow (gratuit et rapide)\" \/>\n<meta property=\"og:description\" content=\"Voici une opportunit\u00e9 de cr\u00e9er un widget PDF Viewer personnalis\u00e9 et de l&#039;int\u00e9grer \u00e0 votre site Web Webflow. B\u00e9n\u00e9ficiez d&#039;un support client gratuit et d&#039;autres bonus d&#039;Elfsight.\" \/>\n<meta property=\"og:url\" content=\"https:\/\/elfsight.com\/fr\/pdf-embed-widget\/webflow\/\" \/>\n<meta property=\"og:site_name\" content=\"Elfsight FR\" \/>\n<meta property=\"article:modified_time\" content=\"2025-07-10T08:29:35+00:00\" \/>\n<meta name=\"twitter:card\" content=\"summary_large_image\" \/>\n<meta name=\"twitter:label1\" content=\"Dur\u00e9e de lecture estim\u00e9e\" \/>\n\t<meta name=\"twitter:data1\" content=\"3 minutes\" \/>\n<!-- \/ Yoast SEO plugin. -->","yoast_head_json":{"title":"PDF Viewer - Int\u00e9grer un widget PDF sur le site Web Webflow (gratuit et rapide)","description":"Voici une opportunit\u00e9 de cr\u00e9er un widget PDF Viewer personnalis\u00e9 et de l'int\u00e9grer \u00e0 votre site Web Webflow. B\u00e9n\u00e9ficiez d'un support client gratuit et d'autres bonus d'Elfsight.","robots":{"index":"index","follow":"follow","max-snippet":"max-snippet:-1","max-image-preview":"max-image-preview:large","max-video-preview":"max-video-preview:-1"},"canonical":"https:\/\/elfsight.com\/fr\/pdf-embed-widget\/webflow\/","og_locale":"fr_FR","og_type":"article","og_title":"PDF Viewer - Int\u00e9grer un widget PDF sur le site Web Webflow (gratuit et rapide)","og_description":"Voici une opportunit\u00e9 de cr\u00e9er un widget PDF Viewer personnalis\u00e9 et de l'int\u00e9grer \u00e0 votre site Web Webflow. B\u00e9n\u00e9ficiez d'un support client gratuit et d'autres bonus d'Elfsight.","og_url":"https:\/\/elfsight.com\/fr\/pdf-embed-widget\/webflow\/","og_site_name":"Elfsight FR","article_modified_time":"2025-07-10T08:29:35+00:00","twitter_card":"summary_large_image","twitter_misc":{"Dur\u00e9e de lecture estim\u00e9e":"3 minutes"},"schema":{"@context":"https:\/\/schema.org","@graph":[{"@type":"WebPage","@id":"https:\/\/elfsight.com\/fr\/pdf-embed-widget\/webflow\/","url":"https:\/\/elfsight.com\/fr\/pdf-embed-widget\/webflow\/","name":"PDF Viewer - Int\u00e9grer un widget PDF sur le site Web Webflow (gratuit et rapide)","isPartOf":{"@id":"https:\/\/elfsight.com\/fr\/#website"},"datePublished":"1970-01-01T00:00:00+00:00","dateModified":"2025-07-10T08:29:35+00:00","description":"Voici une opportunit\u00e9 de cr\u00e9er un widget PDF Viewer personnalis\u00e9 et de l'int\u00e9grer \u00e0 votre site Web Webflow. B\u00e9n\u00e9ficiez d'un support client gratuit et d'autres bonus d'Elfsight.","breadcrumb":{"@id":"https:\/\/elfsight.com\/fr\/pdf-embed-widget\/webflow\/#breadcrumb"},"inLanguage":"fr-FR","potentialAction":[{"@type":"ReadAction","target":["https:\/\/elfsight.com\/fr\/pdf-embed-widget\/webflow\/"]}]},{"@type":"BreadcrumbList","@id":"https:\/\/elfsight.com\/fr\/pdf-embed-widget\/webflow\/#breadcrumb","itemListElement":[{"@type":"ListItem","position":1,"name":"Home","item":"https:\/\/elfsight.com\/fr\/"},{"@type":"ListItem","position":2,"name":"PDF Embed","item":"https:\/\/elfsight.com\/fr\/pdf-embed-widget\/"},{"@type":"ListItem","position":3,"name":"PDF Embed &#8211; Webflow"}]},{"@type":"WebSite","@id":"https:\/\/elfsight.com\/fr\/#website","url":"https:\/\/elfsight.com\/fr\/","name":"Elfsight FR","description":"","potentialAction":[{"@type":"SearchAction","target":{"@type":"EntryPoint","urlTemplate":"https:\/\/elfsight.com\/fr\/?s={search_term_string}"},"query-input":{"@type":"PropertyValueSpecification","valueRequired":true,"valueName":"search_term_string"}}],"inLanguage":"fr-FR"}]}},"meta_box":{"industry":"","seo_heading":"","heading":"","description":"","cta_heading":"","cta_description":"","application":"2373","h1":"Widget d'int\u00e9gration Webflow PDF","h1_caption":"Int\u00e9grez des documents PDF sur votre site Web pour une visualisation et un t\u00e9l\u00e9chargement faciles sans rediriger les visiteurs vers votre site Web Webflow sans effort.","application_category":[],"applications_title":"","applications_request_title":"","applications_request_button_text":"","hero_text":"","hero_video":"","hero_video_schema_markup":"","selling_points_title":"","selling_points_caption":"","selling_points":[],"selling_points_cta_text":"","features_title":"","features":"","ed_cta_examples_text":"","ed_cta_examples_hidden":"","ed_cta_demo_text":"","ed_cta_demo_hidden":"","why_caption":"","why_editor_title":"","why_editor_text":"","why_team_title":"","why_team_text":"","why_service_title":"","why_service_text":"","template_catalog_visible":"","template_catalog_title":"","template_catalog_text":"","template_catalog_categories_visible":"","demo_title":"Cr\u00e9ez votre widget d'int\u00e9gration PDF","demo_caption":"Configurez votre PDF Embed et ajoutez-le \u00e0 votre site Web Webflow gratuitement\u00a0!","default_faq_hidden":"","app_template_category":[],"platform":"362","template_public_id":"","codecanyon_url":"","codecanyon_item_id":"","codecanyon_price":"","pricing_caption":"","pricing_elfsight_apps_hide_column":"","pricing_elfsight_apps_url":"","pricing_codecanyon_price_caption":"","integration_category":[],"integration_request_title":"","integration_request_cta":"","integration_platform":"","integrations":[],"platform_category":[],"video_schema_markup":"","price":"\u00e0 partir de 0$ \/ mois","trial":"","benefits":[{"text":"Aide \u00e0 l'installation gratuite"},{"text":"\u00c9quipe d'assistance exp\u00e9riment\u00e9e"},{"text":"Garantie de remboursement de 14 jours"},{"text":"D\u00e9veloppement continu"}],"button_url":"","button_target_blank":"","button_nofollow":"","attributes":[{"name":"Installations","content":"10,000 - 100,000"},{"name":"Sensible","content":"Oui"},{"name":"Navigateurs compatibles","content":"Opera, Chrome, Safari, Edge, Firefox"}],"tags":[],"tags_disable_links":"","hide_more_platforms":"","video_object":"","demo_hide_cta":"","demo_hide_cloud_options":"","pricing_title":"","pricing":[{"pricing_icon":"platform","pricing_title":"Elfsight Apps","pricing_title_caption":"Version multiplateforme adapt\u00e9e \u00e0 n'importe quel site Web","pricing_price":"from $0 \/ month","pricing_price_caption":"commencez avec un forfait gratuit","pricing_benefits":[{"text":"Sites Web illimit\u00e9s"},{"text":"Support client d\u00e9di\u00e9"},{"text":"Service d'installation gratuit"},{"text":"Prix \u200b\u200bsp\u00e9cial pour plusieurs applications"}],"pricing_button_text":"Ajouter au site Web","pricing_button_url":"#demo"}],"related_apps_title":"","related_apps_hidden":"","author":"","image":[],"title":"","job":"","social_networks":[]},"_links":{"self":[{"href":"https:\/\/elfsight.com\/fr\/wp-json\/wp\/v2\/pages\/9597","targetHints":{"allow":["GET"]}}],"collection":[{"href":"https:\/\/elfsight.com\/fr\/wp-json\/wp\/v2\/pages"}],"about":[{"href":"https:\/\/elfsight.com\/fr\/wp-json\/wp\/v2\/types\/page"}],"author":[{"embeddable":true,"href":"https:\/\/elfsight.com\/fr\/wp-json\/wp\/v2\/users\/9"}],"replies":[{"embeddable":true,"href":"https:\/\/elfsight.com\/fr\/wp-json\/wp\/v2\/comments?post=9597"}],"version-history":[{"count":1,"href":"https:\/\/elfsight.com\/fr\/wp-json\/wp\/v2\/pages\/9597\/revisions"}],"predecessor-version":[{"id":9601,"href":"https:\/\/elfsight.com\/fr\/wp-json\/wp\/v2\/pages\/9597\/revisions\/9601"}],"up":[{"embeddable":true,"href":"https:\/\/elfsight.com\/fr\/wp-json\/wp\/v2\/pages\/2374"}],"wp:attachment":[{"href":"https:\/\/elfsight.com\/fr\/wp-json\/wp\/v2\/media?parent=9597"}],"curies":[{"name":"wp","href":"https:\/\/api.w.org\/{rel}","templated":true}]}}