{"id":9596,"date":"1970-01-01T00:00:00","date_gmt":"1970-01-01T00:00:00","guid":{"rendered":"https:\/\/elfsight.com\/fr\/?page_id=9596"},"modified":"2025-12-19T12:00:43","modified_gmt":"2025-12-19T12:00:43","slug":"squarespace","status":"publish","type":"page","link":"https:\/\/elfsight.com\/fr\/pdf-embed-widget\/squarespace\/","title":{"rendered":"PDF Embed &#8211; Squarespace"},"content":{"rendered":"<div class=\"application-platform-content-item-description application-platform-content-item\" id=\"description\" data-nav-section=\"description\"> <h2>Int\u00e9grer le PDF Int\u00e9grer sur Squarespace avec le widget Elfsight<\/h2> <p>Avec le plugin Elfsight PDF, d\u00e9couvrez l&rsquo;int\u00e9gration la plus pratique et la plus rapide de tous Fichiers PDF sur votre site Web. Pour la commodit\u00e9 de l&rsquo;utilisateur, les fichiers peuvent \u00eatre coll\u00e9s par t\u00e9l\u00e9chargement direct, en ajoutant les URL ou en les s\u00e9lectionnant dans la liste des derniers t\u00e9l\u00e9charg\u00e9s. Vous pouvez donner un titre \u00e0 chaque fichier, t\u00e9l\u00e9charger une ic\u00f4ne ou une image, choisir une option de mise en page des fichiers et bien plus encore. Les visiteurs du site Web peuvent \u00e9tudier les documents directement sur votre site, les visualiser dans un nouvel onglet et les t\u00e9l\u00e9charger.<\/p> <div class=\"faq\" data-component=\"FAQ\"> <div class=\"faq-item\">\r\n\t\t\t\t\t<div class=\"faq-item-question\">\r\n\t\t\t\t\t\t<h3 class=\"faq-item-question-text\">Quels autres outils exactement pour Squarespace proposez-vous ? <\/h3>\r\n\r\n\t\t\t\t\t\t<div class=\"faq-item-question-icon\"><\/div>\r\n\t\t\t\t\t<\/div>\r\n\r\n\t\t\t\t\t<div class=\"faq-item-answer\">\r\n\t\t\t\t\t\t<div class=\"faq-item-answer-text\"> <p>Vous sont invit\u00e9s \u00e0 utiliser de nombreux plugins pour tous les objectifs de votre site, quelle que soit votre activit\u00e9. Consultez-en quelques-uns\u00a0: <a href=\"https:\/\/elfsight.com\/qr-code-widget\/squarespace\/\">QR Code<\/a>, <a href=\"https:\/\/elfsight.com\/google- reviews-widget\/squarespace\/\">Avis Google<\/a>, <a href=\"https:\/\/elfsight.com\/whatsapp-chat-widget\/squarespace\/\">Chat WhatsApp<\/a>, <a href=\"https:\/\/elfsight.com\/event-calendar-widget\/squarespace\/\">Calendrier des \u00e9v\u00e9nements<\/a>, <a href=\"https:\/\/elfsight.com\/countdown-timer-widget\/squarespace\/\">Compte \u00e0 rebours <\/a>.<\/p> <\/div>\r\n\t\t\t\t\t<\/div>\r\n\t\t\t\t<\/div> <div class=\"faq-item\">\r\n\t\t\t\t\t<div class=\"faq-item-question\">\r\n\t\t\t\t\t\t<h3 class=\"faq-item-question-text\">De quelle mani\u00e8re puis-je ajouter le plugin Embed PDF \u00e0 mon site Web Squarespace ? <\/h3>\r\n\r\n\t\t\t\t\t\t<div class=\"faq-item-question-icon\"><\/div>\r\n\t\t\t\t\t<\/div>\r\n\r\n\t\t\t\t\t<div class=\"faq-item-answer\">\r\n\t\t\t\t\t\t<div class=\"faq-item-answer-text\"> <p>Vous pouvez int\u00e9grer le plugin Embed PDF \u00e0 votre site Web Squarespace pour permettre vos utilisateurs t\u00e9l\u00e9chargent et t\u00e9l\u00e9versent des fichiers PDF. Acc\u00e9dez simplement au panneau d&rsquo;administrateur et effectuez les actions suivantes\u00a0: <\/p><ol><li>Acc\u00e9dez aux param\u00e8tres du th\u00e8me. <\/li><li>Choisissez le bloc de votre site Squarespace sur lequel vous souhaitez int\u00e9grer la visionneuse en ligne de PDF. <\/li><li>Ajoutez le code du service Elfsight Apps et enregistrez vos modifications. <\/li><li>Fait. <\/li><\/ol><p><a href=\"https:\/\/elfsight.com\/tutorials\/how-to-embed-pdf-on-website\/#how-to-add-pdf-to-squarespace \">Ici<\/a> vous trouverez un guide complet sur l&rsquo;installation du plugin sur toutes les plateformes populaires.<\/p><\/div>\r\n\t\t\t\t\t<\/div>\r\n\t\t\t\t<\/div> <div class=\"faq-item\">\r\n\t\t\t\t\t<div class=\"faq-item-question\">\r\n\t\t\t\t\t\t<h3 class=\"faq-item-question-text\">Puis-je tester votre widget du plugin Embed PDF lorsqu'il est utilis\u00e9 <\/h3>\r\n\r\n\t\t\t\t\t\t<div class=\"faq-item-question-icon\"><\/div>\r\n\t\t\t\t\t<\/div>\r\n\r\n\t\t\t\t\t<div class=\"faq-item-answer\">\r\n\t\t\t\t\t\t<div class=\"faq-item-answer-text\"> Absolument\u00a0! Pour ce faire, et \u00e9galement pour ajouter le plugin \u00e0 votre site Web Squarespace, utilisez notre <a href=\"https:\/\/elfsight.com\/pdf-embed-widget\/#demo\">d\u00e9mo<\/a> active gratuite.<\/p><\/div>\r\n\t\t\t\t\t<\/div>\r\n\t\t\t\t<\/div> <\/div><\/div> <div class=\"application-platform-content-item-features application-platform-content-item\" id=\"features\" data-nav-section=\"features\"> <h2>Principales fonctionnalit\u00e9s du widget PDF Embed<\/h2> <p>Pour avoir une id\u00e9e compl\u00e8te de PDF Embed, consultez le liste des fonctionnalit\u00e9s essentielles. Ils rendent le widget vraiment efficace pour votre site Web\u00a0: <\/p> <ul><li>Ajoutez une quantit\u00e9 illimit\u00e9e de documents\u00a0; <\/li> <li>Variante de pr\u00e9sentation de la visionneuse de fichiers pour lire les documents sur le site\u00a0Web\u00a0; <\/li> <li>La possibilit\u00e9 de t\u00e9l\u00e9charger des images pour les ic\u00f4nes et les aper\u00e7us des fichiers\u00a0; <\/li> <li>L&rsquo;option permettant d&rsquo;afficher ou de masquer l&rsquo;\u00e9tiquette du fichier de t\u00e9l\u00e9chargement\u00a0; <\/li> <li> L&rsquo;option de peindre six d\u00e9tails d&rsquo;interface\u00a0; <\/li> <\/ul><p><a href=\"#demo\">Pour d\u00e9couvrir toutes les fonctionnalit\u00e9s, voir la d\u00e9mo<\/a><\/p> <\/div> <div class=\"application-platform-content-item-installation application-platform-content-item\" id=\"installation\" data-nav-section=\"installation\"> <h2> V\u00e9rifiez comment t\u00e9l\u00e9charger le fichier PDF sur votre site Web Squarespace<\/h2> <div class=\"video-container\"><iframe allowfullscreen=\"\" frameborder=\"0\" height=\"405\" src=\"https:\/\/www.youtube.com\/embed\/PS62sYR8soA?si=RJYAKd1jk85wcnVm\" width=\"720\"><\/iframe><\/div><p> Quelques actions simples sont la seule chose que vous devez d\u00e9montrer.<\/p> <ol><li><b>G\u00e9n\u00e9rez votre plugin PDF personnalis\u00e9<\/b><br> Gr\u00e2ce \u00e0 notre \u00e9diteur gratuit, obtenez un plugin avec une mise en page et des fonctions personnalis\u00e9es. <\/li><li><b>Acqu\u00e9rir le code personnel pour installer le plugin<\/b><br> Apr\u00e8s avoir personnalis\u00e9 votre widget, vous obtiendrez votre code d&rsquo;installation \u00e0 partir de la notification contextuelle sur Elfsight Apps. Copiez le code. <\/li> <li><b>Ajoutez le plugin sur votre site Web Squarespace<\/b><br> Choisissez l&rsquo;endroit o\u00f9 vous souhaitez placer le plugin et t\u00e9l\u00e9chargez-y le code enregistr\u00e9. Publiez les modifications. <\/li> <li><b>Fait\u00a0! <\/b><br> Visitez votre site pour v\u00e9rifier votre PDF.<\/li> <\/ol><p>Vous n&rsquo;arrivez toujours pas \u00e0 vous d\u00e9cider\u00a0? Ou rencontrez des probl\u00e8mes ? Il suffit d&rsquo;envoyer une demande \u00e0 notre service client pour r\u00e9gler chaque probl\u00e8me.<\/p> <\/div>","protected":false},"excerpt":{"rendered":"","protected":false},"author":9,"featured_media":0,"parent":2374,"menu_order":0,"comment_status":"closed","ping_status":"closed","template":"templates\/template-application-platform.php","meta":{"publish_to_discourse":"","publish_post_category":"","wpdc_auto_publish_overridden":"","wpdc_topic_tags":"","wpdc_pin_topic":"","wpdc_pin_until":"","discourse_post_id":"","discourse_permalink":"","wpdc_publishing_response":"","wpdc_publishing_error":"","footnotes":""},"class_list":["post-9596","page","type-page","status-publish","hentry"],"yoast_head":"<!-- This site is optimized with the Yoast SEO plugin v25.3.1 - https:\/\/yoast.com\/wordpress\/plugins\/seo\/ -->\n<title>PDF Viewer - Int\u00e9grer le plugin PDF sur le site Web Squarespace (en 2 minutes)<\/title>\n<meta name=\"description\" content=\"Avec Elfsight, fa\u00e7onnez votre plugin PDF Viewer et int\u00e9grez-le sur votre site Squarespace rapidement et facilement. Nous offrons un support client gratuit et plus de bonus.\" \/>\n<meta name=\"robots\" content=\"index, follow, max-snippet:-1, max-image-preview:large, max-video-preview:-1\" \/>\n<link rel=\"canonical\" href=\"https:\/\/elfsight.com\/fr\/pdf-embed-widget\/squarespace\/\" \/>\n<meta property=\"og:locale\" content=\"fr_FR\" \/>\n<meta property=\"og:type\" content=\"article\" \/>\n<meta property=\"og:title\" content=\"PDF Viewer - Int\u00e9grer le plugin PDF sur le site Web Squarespace (en 2 minutes)\" \/>\n<meta property=\"og:description\" content=\"Avec Elfsight, fa\u00e7onnez votre plugin PDF Viewer et int\u00e9grez-le sur votre site Squarespace rapidement et facilement. Nous offrons un support client gratuit et plus de bonus.\" \/>\n<meta property=\"og:url\" content=\"https:\/\/elfsight.com\/fr\/pdf-embed-widget\/squarespace\/\" \/>\n<meta property=\"og:site_name\" content=\"Elfsight FR\" \/>\n<meta property=\"article:modified_time\" content=\"2025-12-19T12:00:43+00:00\" \/>\n<meta name=\"twitter:card\" content=\"summary_large_image\" \/>\n<meta name=\"twitter:label1\" content=\"Dur\u00e9e de lecture estim\u00e9e\" \/>\n\t<meta name=\"twitter:data1\" content=\"3 minutes\" \/>\n<!-- \/ Yoast SEO plugin. -->","yoast_head_json":{"title":"PDF Viewer - Int\u00e9grer le plugin PDF sur le site Web Squarespace (en 2 minutes)","description":"Avec Elfsight, fa\u00e7onnez votre plugin PDF Viewer et int\u00e9grez-le sur votre site Squarespace rapidement et facilement. Nous offrons un support client gratuit et plus de bonus.","robots":{"index":"index","follow":"follow","max-snippet":"max-snippet:-1","max-image-preview":"max-image-preview:large","max-video-preview":"max-video-preview:-1"},"canonical":"https:\/\/elfsight.com\/fr\/pdf-embed-widget\/squarespace\/","og_locale":"fr_FR","og_type":"article","og_title":"PDF Viewer - Int\u00e9grer le plugin PDF sur le site Web Squarespace (en 2 minutes)","og_description":"Avec Elfsight, fa\u00e7onnez votre plugin PDF Viewer et int\u00e9grez-le sur votre site Squarespace rapidement et facilement. Nous offrons un support client gratuit et plus de bonus.","og_url":"https:\/\/elfsight.com\/fr\/pdf-embed-widget\/squarespace\/","og_site_name":"Elfsight FR","article_modified_time":"2025-12-19T12:00:43+00:00","twitter_card":"summary_large_image","twitter_misc":{"Dur\u00e9e de lecture estim\u00e9e":"3 minutes"},"schema":{"@context":"https:\/\/schema.org","@graph":[{"@type":"WebPage","@id":"https:\/\/elfsight.com\/fr\/pdf-embed-widget\/squarespace\/","url":"https:\/\/elfsight.com\/fr\/pdf-embed-widget\/squarespace\/","name":"PDF Viewer - Int\u00e9grer le plugin PDF sur le site Web Squarespace (en 2 minutes)","isPartOf":{"@id":"https:\/\/elfsight.com\/fr\/#website"},"datePublished":"1970-01-01T00:00:00+00:00","dateModified":"2025-12-19T12:00:43+00:00","description":"Avec Elfsight, fa\u00e7onnez votre plugin PDF Viewer et int\u00e9grez-le sur votre site Squarespace rapidement et facilement. Nous offrons un support client gratuit et plus de bonus.","breadcrumb":{"@id":"https:\/\/elfsight.com\/fr\/pdf-embed-widget\/squarespace\/#breadcrumb"},"inLanguage":"fr-FR","potentialAction":[{"@type":"ReadAction","target":["https:\/\/elfsight.com\/fr\/pdf-embed-widget\/squarespace\/"]}]},{"@type":"BreadcrumbList","@id":"https:\/\/elfsight.com\/fr\/pdf-embed-widget\/squarespace\/#breadcrumb","itemListElement":[{"@type":"ListItem","position":1,"name":"Home","item":"https:\/\/elfsight.com\/fr\/"},{"@type":"ListItem","position":2,"name":"PDF Embed","item":"https:\/\/elfsight.com\/fr\/pdf-embed-widget\/"},{"@type":"ListItem","position":3,"name":"PDF Embed &#8211; Squarespace"}]},{"@type":"WebSite","@id":"https:\/\/elfsight.com\/fr\/#website","url":"https:\/\/elfsight.com\/fr\/","name":"Elfsight FR","description":"","potentialAction":[{"@type":"SearchAction","target":{"@type":"EntryPoint","urlTemplate":"https:\/\/elfsight.com\/fr\/?s={search_term_string}"},"query-input":{"@type":"PropertyValueSpecification","valueRequired":true,"valueName":"search_term_string"}}],"inLanguage":"fr-FR"}]}},"meta_box":{"industry":"","seo_heading":"","heading":"","description":"","cta_heading":"","cta_description":"","application":"2373","h1":"Plugin d'int\u00e9gration de PDF Squarespace","h1_caption":"Int\u00e9grez des documents PDF sur votre site Web pour une visualisation et un t\u00e9l\u00e9chargement faciles sans rediriger les visiteurs vers votre site Web Squarespace sans effort.","application_category":[],"applications_title":"","applications_request_title":"","applications_request_button_text":"","hero_text":"","hero_video":"","hero_video_schema_markup":"","selling_points_title":"","selling_points_caption":"","selling_points":[],"selling_points_cta_text":"","features_title":"","features":"","ed_cta_examples_text":"","ed_cta_examples_hidden":"","ed_cta_demo_text":"","ed_cta_demo_hidden":"","why_caption":"","why_editor_title":"","why_editor_text":"","why_team_title":"","why_team_text":"","why_service_title":"","why_service_text":"","template_catalog_visible":"0","template_catalog_title":"","template_catalog_text":"","template_catalog_categories_visible":"","demo_title":"Cr\u00e9ez votre plugin PDF Embed","demo_caption":"Configurez votre PDF Embed et ajoutez-le \u00e0 votre site Web Squarespace gratuitement\u00a0!","default_faq_hidden":"","app_template_category":[],"platform":"361","template_public_id":"","codecanyon_url":"","codecanyon_item_id":"","codecanyon_price":"","pricing_caption":"","pricing_elfsight_apps_hide_column":"","pricing_elfsight_apps_url":"","pricing_codecanyon_price_caption":"","integration_category":[],"integration_request_title":"","integration_request_cta":"","integration_platform":"","integrations":[],"platform_category":[],"video_schema_markup":"","price":"\u00e0 partir de 0$ \/ mois","trial":"","benefits":[{"text":"Aide \u00e0 l'installation gratuite"},{"text":"Assistance premium"},{"text":"Garantie de remboursement de 14 jours"},{"text":"Mises \u00e0 jour gratuites et continues"}],"button_url":"","button_target_blank":"0","button_nofollow":"0","attributes":[{"name":"Installations","content":"10,000 - 100,000"},{"name":"Sensible","content":"Oui"},{"name":"Navigateurs compatibles","content":"Firefox, Safari, Opera, Chrome, Edge"}],"tags":[],"tags_disable_links":"0","hide_more_platforms":"0","video_object":"","demo_hide_cta":"0","demo_hide_cloud_options":"0","pricing_title":"","pricing":[{"pricing_icon":"platform","pricing_title":"Elfsight Apps","pricing_title_caption":"Solution num\u00e9rique ind\u00e9pendante de la plateforme","pricing_price":"from $0 \/ month","pricing_price_caption":"commencez avec un forfait gratuit","pricing_benefits":[{"text":"Sites Web illimit\u00e9s"},{"text":"Assistance gratuite pour l'entreprise"},{"text":"Assistance \u00e0 l'installation gratuite"},{"text":"100% personnalisable"}],"pricing_button_text":"Ajouter au site Web","pricing_button_url":"#demo"}],"related_apps_title":"","related_apps_hidden":"0","author":"","image":[],"title":"","job":"","social_networks":[]},"_links":{"self":[{"href":"https:\/\/elfsight.com\/fr\/wp-json\/wp\/v2\/pages\/9596","targetHints":{"allow":["GET"]}}],"collection":[{"href":"https:\/\/elfsight.com\/fr\/wp-json\/wp\/v2\/pages"}],"about":[{"href":"https:\/\/elfsight.com\/fr\/wp-json\/wp\/v2\/types\/page"}],"author":[{"embeddable":true,"href":"https:\/\/elfsight.com\/fr\/wp-json\/wp\/v2\/users\/9"}],"replies":[{"embeddable":true,"href":"https:\/\/elfsight.com\/fr\/wp-json\/wp\/v2\/comments?post=9596"}],"version-history":[{"count":3,"href":"https:\/\/elfsight.com\/fr\/wp-json\/wp\/v2\/pages\/9596\/revisions"}],"predecessor-version":[{"id":16769,"href":"https:\/\/elfsight.com\/fr\/wp-json\/wp\/v2\/pages\/9596\/revisions\/16769"}],"up":[{"embeddable":true,"href":"https:\/\/elfsight.com\/fr\/wp-json\/wp\/v2\/pages\/2374"}],"wp:attachment":[{"href":"https:\/\/elfsight.com\/fr\/wp-json\/wp\/v2\/media?parent=9596"}],"curies":[{"name":"wp","href":"https:\/\/api.w.org\/{rel}","templated":true}]}}