{"id":9595,"date":"1970-01-01T00:00:00","date_gmt":"1970-01-01T00:00:00","guid":{"rendered":"https:\/\/elfsight.com\/fr\/?page_id=9595"},"modified":"2025-07-10T08:29:16","modified_gmt":"2025-07-10T08:29:16","slug":"shopify","status":"publish","type":"page","link":"https:\/\/elfsight.com\/fr\/pdf-embed-widget\/shopify\/","title":{"rendered":"PDF Embed &#8211; Shopify"},"content":{"rendered":"<div class=\"application-platform-content-item-description application-platform-content-item\" id=\"description\" data-nav-section=\"description\"> <h2>Int\u00e9grer le PDF Int\u00e9grer sur Shopify avec le widget Elfsight<\/h2> <p>Gr\u00e2ce \u00e0 l&rsquo;application Elfsight PDF, obtenez l&rsquo;ajout le plus simple et le plus rapide de vos documents PDF sur votre site. Pour la commodit\u00e9 de l&rsquo;utilisateur, les documents peuvent \u00eatre ajout\u00e9s en les t\u00e9l\u00e9chargeant, en ajoutant les URL ou en choisissant parmi les derniers t\u00e9l\u00e9charg\u00e9s. Vous \u00eates libre de donner \u00e0 chaque document votre propre titre, de t\u00e9l\u00e9charger votre propre ic\u00f4ne ou image, de choisir une variante de mise en page et bien plus encore. Votre public peut consulter les fichiers directement sur le site, les visualiser dans un nouvel onglet et les t\u00e9l\u00e9charger. <\/p> <div class=\"faq\" data-component=\"FAQ\"> <div class=\"faq-item\">\r\n\t\t\t\t\t<div class=\"faq-item-question\">\r\n\t\t\t\t\t\t<h3 class=\"faq-item-question-text\">O\u00f9 puis-je int\u00e9grer ce plugin<\/h3>\r\n\r\n\t\t\t\t\t\t<div class=\"faq-item-question-icon\"><\/div>\r\n\t\t\t\t\t<\/div>\r\n\r\n\t\t\t\t\t<div class=\"faq-item-answer\">\r\n\t\t\t\t\t\t<div class=\"faq-item-answer-text\"> <p>Il est facile d&rsquo;utiliser File Embed sur n&rsquo;importe quelle ou toutes les pages du site Web. Par exemple, cela vous aidera \u00e0 ajouter vos documents ou sp\u00e9cifications technologiques sur les pages produits correspondantes, et \u00e0 ajouter vos dipl\u00f4mes et certificats sur la page \u00c0 propos de nous. <\/p> <\/div>\r\n\t\t\t\t\t<\/div>\r\n\t\t\t\t<\/div> <div class=\"faq-item\">\r\n\t\t\t\t\t<div class=\"faq-item-question\">\r\n\t\t\t\t\t\t<h3 class=\"faq-item-question-text\">Comment puis-je en b\u00e9n\u00e9ficier ?<\/h3>\r\n\r\n\t\t\t\t\t\t<div class=\"faq-item-question-icon\"><\/div>\r\n\t\t\t\t\t<\/div>\r\n\r\n\t\t\t\t\t<div class=\"faq-item-answer\">\r\n\t\t\t\t\t\t<div class=\"faq-item-answer-text\"> <p>Notre widget vous fera gagner beaucoup de temps, car avec lui, l&rsquo;ajout de documents \u00e0 votre site ne prendra que quelques secondes. De plus, vous serez en mesure de publier de nombreuses informations pr\u00e9cieuses sur vos produits ou services et de mieux comprendre vos offres par les clients. <\/p> <\/div>\r\n\t\t\t\t\t<\/div>\r\n\t\t\t\t<\/div> <div class=\"faq-item\">\r\n\t\t\t\t\t<div class=\"faq-item-question\">\r\n\t\t\t\t\t\t<h3 class=\"faq-item-question-text\">Comment puis-je int\u00e9grer un PDF sur mon site Web Shopify ?<\/h3>\r\n\r\n\t\t\t\t\t\t<div class=\"faq-item-question-icon\"><\/div>\r\n\t\t\t\t\t<\/div>\r\n\r\n\t\t\t\t\t<div class=\"faq-item-answer\">\r\n\t\t\t\t\t\t<div class=\"faq-item-answer-text\"> <p>L&rsquo;int\u00e9gration du widget prendra trois minutes de votre temps. L&rsquo;int\u00e9gration est extr\u00eamement rapide, gratuite et sans codage.<\/p> <p>Elfsight PDF Embed peut \u00eatre install\u00e9 via notre service ou via la place de march\u00e9. Ici, vous pouvez voir les avantages de ces options et s\u00e9lectionner la v\u00f4tre. <\/p> <\/div>\r\n\t\t\t\t\t<\/div>\r\n\t\t\t\t<\/div> <\/div> <\/div><div class=\"application-platform-content-item-features application-platform-content-item\" id=\"features\" data-nav-section=\"features\"> <h2>Principales fonctionnalit\u00e9s du widget PDF Embed<\/h2> <p>Pour avoir une perception plus claire de PDF Embed, examinez la liste des traits essentiels. Ils rendent le widget extr\u00eamement b\u00e9n\u00e9fique pour votre entreprise\u00a0: <\/p> <ul><li>Collez un nombre illimit\u00e9 de documents\u00a0;<\/li> <li>Variante de pr\u00e9sentation de la visionneuse de fichiers pour lire des documents sur la page\u00a0;<\/li> <li>T\u00e9l\u00e9chargement images pour les ic\u00f4nes et les aper\u00e7us des fichiers\u00a0;<\/li> <li>Afficher ou masquer l&rsquo;\u00e9tiquette du fichier de t\u00e9l\u00e9chargement\u00a0;<\/li> <li>Six d\u00e9tails pouvant \u00eatre peints de l&rsquo;interface\u00a0;<\/li> <\/ul><p><a href=\"#demo\">D\u00e9couvrez plus de fonctionnalit\u00e9s dans la d\u00e9mo<\/a><\/p> <\/div> <div class=\"application-platform-content-item-installation application-platform-content-item\" id=\"installation\" data-nav-section=\"installation\"> <h2>Voyons comment int\u00e9grer la visionneuse PDF dans votre boutique Shopify<\/h2><div class=\"video-container\"><iframe width=\"720\" height=\"405\" src=\"https:\/\/www.youtube.com\/embed\/imqpdyPW2MY\" frameborder=\"0\" allowfullscreen=\"\"><\/iframe><\/div><p>Ces plusieurs actions sont la seule chose que vous devez faire pour int\u00e9grer le widget. <\/p> <ol><li><b>Utilisez notre configurateur gratuit et commencez \u00e0 cr\u00e9er votre application personnalis\u00e9e. <\/b><br> Sp\u00e9cifiez l&rsquo;interface et les options pr\u00e9f\u00e9rables de l&rsquo;application et enregistrez toutes les modifications. <\/li> <li><b>Recevez le code individuel apparaissant dans le formulaire sp\u00e9cial sur les applications Elfsight. <\/b><br> Une fois la configuration de votre application termin\u00e9e, copiez votre code dans la fen\u00eatre contextuelle qui appara\u00eet et conservez-le pour d&rsquo;autres besoins. <\/li> <li><b>Commencez \u00e0 utiliser l&rsquo;application sur le site Shopify. <\/b><br> Collez le code que vous avez enregistr\u00e9 r\u00e9cemment dans votre page et enregistrez les modifications. <\/li> <li><b>Fait\u00a0! L&rsquo;int\u00e9gration est enti\u00e8rement termin\u00e9e. <\/b><br> Ouvrez votre site pour voir les performances de l&rsquo;application. <\/li><\/ol><p>Toujours pas encore d\u00e9cid\u00e9\u00a0? Ou vous avez des questions ? Envoyez simplement votre demande \u00e0 notre \u00e9quipe d&rsquo;assistance pour r\u00e9soudre tout probl\u00e8me. <\/p> <\/div>","protected":false},"excerpt":{"rendered":"","protected":false},"author":9,"featured_media":0,"parent":2374,"menu_order":0,"comment_status":"closed","ping_status":"closed","template":"templates\/template-application-platform.php","meta":{"publish_to_discourse":"","publish_post_category":"","wpdc_auto_publish_overridden":"","wpdc_topic_tags":"","wpdc_pin_topic":"","wpdc_pin_until":"","discourse_post_id":"","discourse_permalink":"","wpdc_publishing_response":"","wpdc_publishing_error":"","footnotes":""},"class_list":["post-9595","page","type-page","status-publish","hentry"],"yoast_head":"<!-- This site is optimized with the Yoast SEO plugin v25.3.1 - https:\/\/yoast.com\/wordpress\/plugins\/seo\/ -->\n<title>PDF Viewer - Int\u00e9grer l&#039;application PDF sur le site Web Shopify (2025)<\/title>\n<meta name=\"description\" content=\"Il est tr\u00e8s simple de fa\u00e7onner votre application PDF Viewer et de l&#039;int\u00e9grer dans votre boutique Shopify. Le support client Elfsight est gratuit et rapide.\" \/>\n<meta name=\"robots\" content=\"index, follow, max-snippet:-1, max-image-preview:large, max-video-preview:-1\" \/>\n<link rel=\"canonical\" href=\"https:\/\/elfsight.com\/fr\/pdf-embed-widget\/shopify\/\" \/>\n<meta property=\"og:locale\" content=\"fr_FR\" \/>\n<meta property=\"og:type\" content=\"article\" \/>\n<meta property=\"og:title\" content=\"PDF Viewer - Int\u00e9grer l&#039;application PDF sur le site Web Shopify (2025)\" \/>\n<meta property=\"og:description\" content=\"Il est tr\u00e8s simple de fa\u00e7onner votre application PDF Viewer et de l&#039;int\u00e9grer dans votre boutique Shopify. Le support client Elfsight est gratuit et rapide.\" \/>\n<meta property=\"og:url\" content=\"https:\/\/elfsight.com\/fr\/pdf-embed-widget\/shopify\/\" \/>\n<meta property=\"og:site_name\" content=\"Elfsight FR\" \/>\n<meta property=\"article:modified_time\" content=\"2025-07-10T08:29:16+00:00\" \/>\n<meta name=\"twitter:card\" content=\"summary_large_image\" \/>\n<meta name=\"twitter:label1\" content=\"Dur\u00e9e de lecture estim\u00e9e\" \/>\n\t<meta name=\"twitter:data1\" content=\"3 minutes\" \/>\n<!-- \/ Yoast SEO plugin. -->","yoast_head_json":{"title":"PDF Viewer - Int\u00e9grer l'application PDF sur le site Web Shopify (2025)","description":"Il est tr\u00e8s simple de fa\u00e7onner votre application PDF Viewer et de l'int\u00e9grer dans votre boutique Shopify. Le support client Elfsight est gratuit et rapide.","robots":{"index":"index","follow":"follow","max-snippet":"max-snippet:-1","max-image-preview":"max-image-preview:large","max-video-preview":"max-video-preview:-1"},"canonical":"https:\/\/elfsight.com\/fr\/pdf-embed-widget\/shopify\/","og_locale":"fr_FR","og_type":"article","og_title":"PDF Viewer - Int\u00e9grer l'application PDF sur le site Web Shopify (2025)","og_description":"Il est tr\u00e8s simple de fa\u00e7onner votre application PDF Viewer et de l'int\u00e9grer dans votre boutique Shopify. Le support client Elfsight est gratuit et rapide.","og_url":"https:\/\/elfsight.com\/fr\/pdf-embed-widget\/shopify\/","og_site_name":"Elfsight FR","article_modified_time":"2025-07-10T08:29:16+00:00","twitter_card":"summary_large_image","twitter_misc":{"Dur\u00e9e de lecture estim\u00e9e":"3 minutes"},"schema":{"@context":"https:\/\/schema.org","@graph":[{"@type":"WebPage","@id":"https:\/\/elfsight.com\/fr\/pdf-embed-widget\/shopify\/","url":"https:\/\/elfsight.com\/fr\/pdf-embed-widget\/shopify\/","name":"PDF Viewer - Int\u00e9grer l'application PDF sur le site Web Shopify (2025)","isPartOf":{"@id":"https:\/\/elfsight.com\/fr\/#website"},"datePublished":"1970-01-01T00:00:00+00:00","dateModified":"2025-07-10T08:29:16+00:00","description":"Il est tr\u00e8s simple de fa\u00e7onner votre application PDF Viewer et de l'int\u00e9grer dans votre boutique Shopify. Le support client Elfsight est gratuit et rapide.","breadcrumb":{"@id":"https:\/\/elfsight.com\/fr\/pdf-embed-widget\/shopify\/#breadcrumb"},"inLanguage":"fr-FR","potentialAction":[{"@type":"ReadAction","target":["https:\/\/elfsight.com\/fr\/pdf-embed-widget\/shopify\/"]}]},{"@type":"BreadcrumbList","@id":"https:\/\/elfsight.com\/fr\/pdf-embed-widget\/shopify\/#breadcrumb","itemListElement":[{"@type":"ListItem","position":1,"name":"Home","item":"https:\/\/elfsight.com\/fr\/"},{"@type":"ListItem","position":2,"name":"PDF Embed","item":"https:\/\/elfsight.com\/fr\/pdf-embed-widget\/"},{"@type":"ListItem","position":3,"name":"PDF Embed &#8211; Shopify"}]},{"@type":"WebSite","@id":"https:\/\/elfsight.com\/fr\/#website","url":"https:\/\/elfsight.com\/fr\/","name":"Elfsight FR","description":"","potentialAction":[{"@type":"SearchAction","target":{"@type":"EntryPoint","urlTemplate":"https:\/\/elfsight.com\/fr\/?s={search_term_string}"},"query-input":{"@type":"PropertyValueSpecification","valueRequired":true,"valueName":"search_term_string"}}],"inLanguage":"fr-FR"}]}},"meta_box":{"industry":"","seo_heading":"","heading":"","description":"","cta_heading":"","cta_description":"","application":"2373","h1":"Application Shopify PDF Int\u00e9gration","h1_caption":"Int\u00e9grez des documents PDF sur votre site Web pour une visualisation et un t\u00e9l\u00e9chargement faciles sans rediriger les visiteurs vers votre site Web Shopify sans effort.","application_category":[],"applications_title":"","applications_request_title":"","applications_request_button_text":"","hero_text":"","hero_video":"","hero_video_schema_markup":"","selling_points_title":"","selling_points_caption":"","selling_points":[],"selling_points_cta_text":"","features_title":"","features":"","ed_cta_examples_text":"","ed_cta_examples_hidden":"","ed_cta_demo_text":"","ed_cta_demo_hidden":"","why_caption":"","why_editor_title":"","why_editor_text":"","why_team_title":"","why_team_text":"","why_service_title":"","why_service_text":"","template_catalog_visible":"","template_catalog_title":"","template_catalog_text":"","template_catalog_categories_visible":"","demo_title":"Cr\u00e9ez votre application PDF Embed","demo_caption":"Configurez votre PDF Embed et ajoutez-le \u00e0 votre site Web Shopify gratuitement\u00a0!","default_faq_hidden":"","app_template_category":[],"platform":"360","template_public_id":"","codecanyon_url":"","codecanyon_item_id":"","codecanyon_price":"","pricing_caption":"","pricing_elfsight_apps_hide_column":"","pricing_elfsight_apps_url":"","pricing_codecanyon_price_caption":"","integration_category":[],"integration_request_title":"","integration_request_cta":"","integration_platform":"","integrations":[],"platform_category":[],"video_schema_markup":"","price":"\u00e0 partir de 0$ \/ mois","trial":"","benefits":[{"text":"Service d'installation gratuit"},{"text":"Assistance premium"},{"text":"Garantie de remboursement de 14 jours"},{"text":"Mises \u00e0 jour gratuites et continues"}],"button_url":"","button_target_blank":"","button_nofollow":"","attributes":[{"name":"Installations","content":"10,000 - 100,000"},{"name":"Sensible","content":"Oui"},{"name":"Navigateurs compatibles","content":"Firefox, Safari, Opera, Chrome, Edge"}],"tags":[],"tags_disable_links":"","hide_more_platforms":"","video_object":"","demo_hide_cta":"","demo_hide_cloud_options":"","pricing_title":"","pricing":[{"pricing_icon":"cloud","pricing_title":"Elfsight Apps","pricing_title_caption":"Version multiplateforme qui fonctionne sur n'importe quel site Web","pricing_price":"from $0 \/ month","pricing_price_caption":"commencez avec un forfait gratuit","pricing_benefits":[{"text":"Sites Web illimit\u00e9s"},{"text":"Assistance premium"},{"text":"Service d'installation gratuit"},{"text":"Offre sp\u00e9ciale pour plusieurs applications"}],"pricing_button_text":"Ajouter au site Web","pricing_button_url":"#demo"}],"related_apps_title":"","related_apps_hidden":"","author":"","image":[],"title":"","job":"","social_networks":[]},"_links":{"self":[{"href":"https:\/\/elfsight.com\/fr\/wp-json\/wp\/v2\/pages\/9595","targetHints":{"allow":["GET"]}}],"collection":[{"href":"https:\/\/elfsight.com\/fr\/wp-json\/wp\/v2\/pages"}],"about":[{"href":"https:\/\/elfsight.com\/fr\/wp-json\/wp\/v2\/types\/page"}],"author":[{"embeddable":true,"href":"https:\/\/elfsight.com\/fr\/wp-json\/wp\/v2\/users\/9"}],"replies":[{"embeddable":true,"href":"https:\/\/elfsight.com\/fr\/wp-json\/wp\/v2\/comments?post=9595"}],"version-history":[{"count":1,"href":"https:\/\/elfsight.com\/fr\/wp-json\/wp\/v2\/pages\/9595\/revisions"}],"predecessor-version":[{"id":9599,"href":"https:\/\/elfsight.com\/fr\/wp-json\/wp\/v2\/pages\/9595\/revisions\/9599"}],"up":[{"embeddable":true,"href":"https:\/\/elfsight.com\/fr\/wp-json\/wp\/v2\/pages\/2374"}],"wp:attachment":[{"href":"https:\/\/elfsight.com\/fr\/wp-json\/wp\/v2\/media?parent=9595"}],"curies":[{"name":"wp","href":"https:\/\/api.w.org\/{rel}","templated":true}]}}