{"id":9588,"date":"1970-01-01T00:00:00","date_gmt":"1970-01-01T00:00:00","guid":{"rendered":"https:\/\/elfsight.com\/fr\/?page_id=9588"},"modified":"2025-07-10T08:28:01","modified_gmt":"2025-07-10T08:28:01","slug":"html","status":"publish","type":"page","link":"https:\/\/elfsight.com\/fr\/pdf-embed-widget\/html\/","title":{"rendered":"PDF Embed &#8211; HTML"},"content":{"rendered":"<div class=\"application-platform-content-item-description application-platform-content-item\" id=\"description\" data-nav-section=\"description\"> <h2>Description<\/h2> <p>Gr\u00e2ce au plugin Elfsight PDF, essayez l&rsquo;int\u00e9gration la plus simple et la plus rapide de nombreux documents PDF dans le site Web. Pour une plus grande facilit\u00e9 d&rsquo;utilisation, les documents peuvent \u00eatre ins\u00e9r\u00e9s en les t\u00e9l\u00e9chargeant, en saisissant les URL ou en les choisissant dans la liste des derniers t\u00e9l\u00e9charg\u00e9s. Les fonctionnalit\u00e9s vous permettent de donner un titre \u00e0 chaque document, de t\u00e9l\u00e9charger une ic\u00f4ne ou une image, de choisir la disposition des fichiers et bien plus encore. Votre public peut lire les fichiers directement sur votre site, les ouvrir dans un nouvel onglet de navigateur et les t\u00e9l\u00e9charger.<\/p><div class=\"faq\" data-component=\"FAQ\"> <div class=\"faq-item\">\r\n\t\t\t\t\t<div class=\"faq-item-question\">\r\n\t\t\t\t\t\t<h3 class=\"faq-item-question-text\">O\u00f9 sur mon site puis-je publier ce plugin<\/h3>\r\n\r\n\t\t\t\t\t\t<div class=\"faq-item-question-icon\"><\/div>\r\n\t\t\t\t\t<\/div>\r\n\r\n\t\t\t\t\t<div class=\"faq-item-answer\">\r\n\t\t\t\t\t\t<div class=\"faq-item-answer-text\"> <p>Vous pouvez ajouter Fichier PDF sur une ou toutes les pages HTML du site. Par exemple, vous pouvez t\u00e9l\u00e9charger la documentation ou les sp\u00e9cifications de votre produit sur les pages produits correspondantes, ou publier vos dipl\u00f4mes et qualifications sur la page \u00c0 propos de nous.<\/p> <\/div>\r\n\t\t\t\t\t<\/div>\r\n\t\t\t\t<\/div> <div class=\"faq-item\">\r\n\t\t\t\t\t<div class=\"faq-item-question\">\r\n\t\t\t\t\t\t<h3 class=\"faq-item-question-text\">Comment puis-je b\u00e9n\u00e9ficier de PDF Reader ?<\/h3>\r\n\r\n\t\t\t\t\t\t<div class=\"faq-item-question-icon\"><\/div>\r\n\t\t\t\t\t<\/div>\r\n\r\n\t\t\t\t\t<div class=\"faq-item-answer\">\r\n\t\t\t\t\t\t<div class=\"faq-item-answer-text\"> <p>Ce widget peut vous faire gagner beaucoup de temps, car gr\u00e2ce \u00e0 son aide, le collage de documents sur votre site Web ne prendra que quelques secondes. En outre, vous pouvez fournir de nombreuses informations pr\u00e9cieuses sur vos articles et services et am\u00e9liorer les connaissances des clients sur vos articles.<\/p><\/div>\r\n\t\t\t\t\t<\/div>\r\n\t\t\t\t<\/div> <div class=\"faq-item\">\r\n\t\t\t\t\t<div class=\"faq-item-question\">\r\n\t\t\t\t\t\t<h3 class=\"faq-item-question-text\">Comment int\u00e9grer le code de la visionneuse PDF \u00e0 mon site Web HTML ?<\/h3>\r\n\r\n\t\t\t\t\t\t<div class=\"faq-item-question-icon\"><\/div>\r\n\t\t\t\t\t<\/div>\r\n\r\n\t\t\t\t\t<div class=\"faq-item-answer\">\r\n\t\t\t\t\t\t<div class=\"faq-item-answer-text\"> <p>La configuration du widget ne prend que deux minutes. C&rsquo;est ultra rapide, gratuit et sans codage.<\/p> <p>Vous pouvez introduire PDF Embed sur votre site Web via notre service. Pour cela, consultez le guide ci-dessous sur cette page.<\/p> <\/div>\r\n\t\t\t\t\t<\/div>\r\n\t\t\t\t<\/div> <\/div> <\/div><div class=\"application-platform-content-item-features application-platform-content-item\" id=\"features\" data-nav-section=\"features\"> <h2>Fonctionnalit\u00e9s<\/h2> <p>Afin de fa\u00e7onner une connaissance plus claire du widget, voir la liste de ses traits essentiels. Ils rendent le widget plus efficace pour votre entreprise\u00a0:<\/p> <ul><li>Collez n&rsquo;importe quelle quantit\u00e9 de documents\u00a0;<\/li> <li>Option de mise en page de la visionneuse de fichiers pour afficher les fichiers sur la page\u00a0;<\/li> <li>T\u00e9l\u00e9charger des images pour les ic\u00f4nes de fichiers et les aper\u00e7us\u00a0;<\/li> <li>Afficher ou masquer l&rsquo;\u00e9tiquette de t\u00e9l\u00e9chargement du fichier\u00a0;<\/li> <li> Peindre 6 \u00e9l\u00e9ments d&rsquo;interface\u00a0;<\/li> <\/ul><p><a href=\"#demo\">Voir toutes les fonctionnalit\u00e9s dans la d\u00e9mo en direct<\/a><\/p> <\/div><div class=\"application-platform-content-item-installation application-platform-content-item\" id=\"installation\" data-nav-section=\"installation\"> <h2>Comment int\u00e9grer le plugin PDF Viewer \u00e0 votre site Web HTML<\/h2> <div class=\"video-container\"><iframe width=\"720\" height=\"405\" src=\"https:\/\/www.youtube.com\/embed\/LBZSDc5t8LA\" frameborder=\"0\" allowfullscreen=\"\"><\/iframe><\/div><p>Quelques \u00e9tapes rapides d\u00e9crites ci-dessous et l&rsquo;identifiant du widget sur votre site.<\/p> <ol><li><b>Construisez votre plugin PDF personnalis\u00e9<\/b><br> Gr\u00e2ce \u00e0 notre <a href=\"#demo\">d\u00e9mo gratuite<\/a>, cr\u00e9ez un widget avec une interface personnalis\u00e9e et param\u00e9trez les fonctionnalit\u00e9s.<\/li><li><b>Recevez le code personnel pour afficher le plugin <\/b><br> Apr\u00e8s avoir cr\u00e9\u00e9 votre widget, vous obtiendrez votre code personnel dans la fen\u00eatre contextuelle d&rsquo;Elfsight Apps. Copiez-le pour une utilisation ult\u00e9rieure.<\/li> <li><b>Ajoutez le plugin PDF File sur votre site Web HTML<\/b><br> Choisissez la zone \u00e0 laquelle vous souhaitez ajouter le widget et ins\u00e9rez-y le code copi\u00e9. Publiez les r\u00e9sultats.<\/li> <li><b>L&rsquo;int\u00e9gration est r\u00e9ussie\u00a0!<\/b><br> Entrez sur le site pour voir votre travail.<\/li> <\/ol><p>Vous n&rsquo;\u00eates toujours pas s\u00fbr\u00a0? Ou vous avez des probl\u00e8mes ? Une seule demande \u00e0 notre service client r\u00e9glera chaque probl\u00e8me.<\/p> <\/div>","protected":false},"excerpt":{"rendered":"","protected":false},"author":9,"featured_media":0,"parent":2374,"menu_order":0,"comment_status":"closed","ping_status":"closed","template":"templates\/template-application-platform.php","meta":{"publish_to_discourse":"","publish_post_category":"","wpdc_auto_publish_overridden":"","wpdc_topic_tags":"","wpdc_pin_topic":"","wpdc_pin_until":"","discourse_post_id":"","discourse_permalink":"","wpdc_publishing_response":"","wpdc_publishing_error":"","footnotes":""},"class_list":["post-9588","page","type-page","status-publish","hentry"],"yoast_head":"<!-- This site is optimized with the Yoast SEO plugin v25.3.1 - https:\/\/yoast.com\/wordpress\/plugins\/seo\/ -->\n<title>PDF Viewer - Int\u00e9grer le code du plugin PDF sur le site Web HTML (2025)<\/title>\n<meta name=\"description\" content=\"Il est facile de concevoir votre plugin PDF Viewer r\u00e9actif et d\u2019int\u00e9grer son code sur votre site Web HTML. Le support client Elfsight est gratuit et rapide.\" \/>\n<meta name=\"robots\" content=\"index, follow, max-snippet:-1, max-image-preview:large, max-video-preview:-1\" \/>\n<link rel=\"canonical\" href=\"https:\/\/elfsight.com\/fr\/pdf-embed-widget\/html\/\" \/>\n<meta property=\"og:locale\" content=\"fr_FR\" \/>\n<meta property=\"og:type\" content=\"article\" \/>\n<meta property=\"og:title\" content=\"PDF Viewer - Int\u00e9grer le code du plugin PDF sur le site Web HTML (2025)\" \/>\n<meta property=\"og:description\" content=\"Il est facile de concevoir votre plugin PDF Viewer r\u00e9actif et d\u2019int\u00e9grer son code sur votre site Web HTML. Le support client Elfsight est gratuit et rapide.\" \/>\n<meta property=\"og:url\" content=\"https:\/\/elfsight.com\/fr\/pdf-embed-widget\/html\/\" \/>\n<meta property=\"og:site_name\" content=\"Elfsight FR\" \/>\n<meta property=\"article:modified_time\" content=\"2025-07-10T08:28:01+00:00\" \/>\n<meta name=\"twitter:card\" content=\"summary_large_image\" \/>\n<meta name=\"twitter:label1\" content=\"Dur\u00e9e de lecture estim\u00e9e\" \/>\n\t<meta name=\"twitter:data1\" content=\"3 minutes\" \/>\n<!-- \/ Yoast SEO plugin. -->","yoast_head_json":{"title":"PDF Viewer - Int\u00e9grer le code du plugin PDF sur le site Web HTML (2025)","description":"Il est facile de concevoir votre plugin PDF Viewer r\u00e9actif et d\u2019int\u00e9grer son code sur votre site Web HTML. Le support client Elfsight est gratuit et rapide.","robots":{"index":"index","follow":"follow","max-snippet":"max-snippet:-1","max-image-preview":"max-image-preview:large","max-video-preview":"max-video-preview:-1"},"canonical":"https:\/\/elfsight.com\/fr\/pdf-embed-widget\/html\/","og_locale":"fr_FR","og_type":"article","og_title":"PDF Viewer - Int\u00e9grer le code du plugin PDF sur le site Web HTML (2025)","og_description":"Il est facile de concevoir votre plugin PDF Viewer r\u00e9actif et d\u2019int\u00e9grer son code sur votre site Web HTML. Le support client Elfsight est gratuit et rapide.","og_url":"https:\/\/elfsight.com\/fr\/pdf-embed-widget\/html\/","og_site_name":"Elfsight FR","article_modified_time":"2025-07-10T08:28:01+00:00","twitter_card":"summary_large_image","twitter_misc":{"Dur\u00e9e de lecture estim\u00e9e":"3 minutes"},"schema":{"@context":"https:\/\/schema.org","@graph":[{"@type":"WebPage","@id":"https:\/\/elfsight.com\/fr\/pdf-embed-widget\/html\/","url":"https:\/\/elfsight.com\/fr\/pdf-embed-widget\/html\/","name":"PDF Viewer - Int\u00e9grer le code du plugin PDF sur le site Web HTML (2025)","isPartOf":{"@id":"https:\/\/elfsight.com\/fr\/#website"},"datePublished":"1970-01-01T00:00:00+00:00","dateModified":"2025-07-10T08:28:01+00:00","description":"Il est facile de concevoir votre plugin PDF Viewer r\u00e9actif et d\u2019int\u00e9grer son code sur votre site Web HTML. Le support client Elfsight est gratuit et rapide.","breadcrumb":{"@id":"https:\/\/elfsight.com\/fr\/pdf-embed-widget\/html\/#breadcrumb"},"inLanguage":"fr-FR","potentialAction":[{"@type":"ReadAction","target":["https:\/\/elfsight.com\/fr\/pdf-embed-widget\/html\/"]}]},{"@type":"BreadcrumbList","@id":"https:\/\/elfsight.com\/fr\/pdf-embed-widget\/html\/#breadcrumb","itemListElement":[{"@type":"ListItem","position":1,"name":"Home","item":"https:\/\/elfsight.com\/fr\/"},{"@type":"ListItem","position":2,"name":"PDF Embed","item":"https:\/\/elfsight.com\/fr\/pdf-embed-widget\/"},{"@type":"ListItem","position":3,"name":"PDF Embed &#8211; HTML"}]},{"@type":"WebSite","@id":"https:\/\/elfsight.com\/fr\/#website","url":"https:\/\/elfsight.com\/fr\/","name":"Elfsight FR","description":"","potentialAction":[{"@type":"SearchAction","target":{"@type":"EntryPoint","urlTemplate":"https:\/\/elfsight.com\/fr\/?s={search_term_string}"},"query-input":{"@type":"PropertyValueSpecification","valueRequired":true,"valueName":"search_term_string"}}],"inLanguage":"fr-FR"}]}},"meta_box":{"industry":"","seo_heading":"","heading":"","description":"","cta_heading":"","cta_description":"","application":"2373","h1":"Plugin de visualisation HTML PDF","h1_caption":"Int\u00e9grez des documents PDF sur votre site Web pour une visualisation et un t\u00e9l\u00e9chargement faciles sans rediriger les visiteurs vers votre site Web HTML sans effort.","application_category":[],"applications_title":"","applications_request_title":"","applications_request_button_text":"","hero_text":"","hero_video":"","hero_video_schema_markup":"","selling_points_title":"","selling_points_caption":"","selling_points":[],"selling_points_cta_text":"","features_title":"","features":"","ed_cta_examples_text":"","ed_cta_examples_hidden":"","ed_cta_demo_text":"","ed_cta_demo_hidden":"","why_caption":"","why_editor_title":"","why_editor_text":"","why_team_title":"","why_team_text":"","why_service_title":"","why_service_text":"","template_catalog_visible":"","template_catalog_title":"","template_catalog_text":"","template_catalog_categories_visible":"","demo_title":"Cr\u00e9ez votre widget d'int\u00e9gration PDF","demo_caption":"Configurez votre PDF Embed et ajoutez-le \u00e0 votre site Web HTML gratuitement\u00a0!","default_faq_hidden":"","app_template_category":[],"platform":"352","template_public_id":"","codecanyon_url":"","codecanyon_item_id":"","codecanyon_price":"","pricing_caption":"","pricing_elfsight_apps_hide_column":"","pricing_elfsight_apps_url":"","pricing_codecanyon_price_caption":"","integration_category":[],"integration_request_title":"","integration_request_cta":"","integration_platform":"","integrations":[],"platform_category":[],"video_schema_markup":"","price":"\u00e0 partir de 0$ \/ mois","trial":"","benefits":[{"text":"Assistance \u00e0 l'installation gratuite"},{"text":"Support client exp\u00e9riment\u00e9"},{"text":"Garantie de remboursement de 14 jours"},{"text":"Am\u00e9liorations continues"}],"button_url":"","button_target_blank":"","button_nofollow":"","attributes":[{"name":"Installations","content":"10,000 - 100,000"},{"name":"Sensible","content":"Oui"},{"name":"Navigateurs compatibles","content":"Firefox, Safari, Opera, Chrome, Edge"}],"tags":[],"tags_disable_links":"","hide_more_platforms":"","video_object":"","demo_hide_cta":"","demo_hide_cloud_options":"","pricing_title":"","pricing":[{"pricing_icon":"platform","pricing_title":"Elfsight Apps","pricing_title_caption":"Version ind\u00e9pendante de la plate-forme qui fonctionne sur n'importe quel site Web","pricing_price":"from $0 \/ month","pricing_price_caption":"commencez avec un forfait gratuit","pricing_benefits":[{"text":"Sites Web illimit\u00e9s"},{"text":"Accompagnement professionnel"},{"text":"Service d'installation gratuit"},{"text":"Prix \u200b\u200bsp\u00e9cial pour plusieurs applications"}],"pricing_button_text":"Ajouter au site Web","pricing_button_url":"#demo"}],"related_apps_title":"","related_apps_hidden":"","author":"","image":[],"title":"","job":"","social_networks":[]},"_links":{"self":[{"href":"https:\/\/elfsight.com\/fr\/wp-json\/wp\/v2\/pages\/9588","targetHints":{"allow":["GET"]}}],"collection":[{"href":"https:\/\/elfsight.com\/fr\/wp-json\/wp\/v2\/pages"}],"about":[{"href":"https:\/\/elfsight.com\/fr\/wp-json\/wp\/v2\/types\/page"}],"author":[{"embeddable":true,"href":"https:\/\/elfsight.com\/fr\/wp-json\/wp\/v2\/users\/9"}],"replies":[{"embeddable":true,"href":"https:\/\/elfsight.com\/fr\/wp-json\/wp\/v2\/comments?post=9588"}],"version-history":[{"count":1,"href":"https:\/\/elfsight.com\/fr\/wp-json\/wp\/v2\/pages\/9588\/revisions"}],"predecessor-version":[{"id":9592,"href":"https:\/\/elfsight.com\/fr\/wp-json\/wp\/v2\/pages\/9588\/revisions\/9592"}],"up":[{"embeddable":true,"href":"https:\/\/elfsight.com\/fr\/wp-json\/wp\/v2\/pages\/2374"}],"wp:attachment":[{"href":"https:\/\/elfsight.com\/fr\/wp-json\/wp\/v2\/media?parent=9588"}],"curies":[{"name":"wp","href":"https:\/\/api.w.org\/{rel}","templated":true}]}}